{"id":9983,"date":"2025-05-28T18:05:25","date_gmt":"2025-05-28T15:05:25","guid":{"rendered":"https:\/\/inspiratio.ro\/?post_type=product&#038;p=9983"},"modified":"2025-05-28T18:59:09","modified_gmt":"2025-05-28T15:59:09","slug":"kns-cercei-inima-neagra","status":"publish","type":"product","link":"https:\/\/inspiratio.ro\/en\/produs\/kns-cercei-inima-neagra\/","title":{"rendered":"Cercei Inim\u0103 Neagr\u0103"},"content":{"rendered":"<div dir=\"auto\">\n<p>Materiale: stejar negru premium, stainless steel auriu<br \/>\nDimensiuni: 2\u00d72 cm<\/p>\n<p>Me\u0219teri\u021bi cu pasiune prin upcycling, din buc\u0103\u021bi r\u0103mase de la produsele Kenosis.<\/p>\n<div class=\"woocommerce-product-details__short-description\">\n<p><em>Povestea lemnului negru este extrem de special\u0103 \u0219i valoroas\u0103. Acum cel pu\u021bin 1000 de ani, poate \u0219i mai mult, \u00een urma alunec\u0103rilor de teren, c\u00e2\u021biva copaci au fost \u00eenghi\u021bi\u021bi de p\u0103m\u00e2nt. Dup\u0103 mult timp, la balastier\u0103 au fost g\u0103site, \u00eentre pietre \u015fi p\u0103m\u00e2nt, c\u00e2teva trunchiuri zdrobite. To\u021bi factorii ace\u0219tia au f\u0103cut ca acest lemn de stejar, care \u00een mod normal este alb\/g\u0103lbui, s\u0103 capete aceasta culoare intens\u0103 \u015fi \u00eenchis\u0103.<\/em><\/p>\n<\/div>\n<\/div>\n<hr \/>\n<blockquote><p>Cuv\u00e2ntul \u201eKenosis\u201d \u00eenseamn\u0103, \u00eentr-un fel, a renun\u021ba la haina ta, pentru a putea s\u0103-l acoperi pe cel mai putin privilegiat. Am \u00eenceput aceast\u0103 afacere, inspira\u021bi de imperfec\u021biunile dintr-o bucat\u0103 de lemn care, dac\u0103 prime\u0219te pu\u021bin\u0103 aten\u021bie \u0219i \u0219lefuire, poate deveni o bijuterie unic\u0103, cu poveste \u0219i caracter. Ne dorim s\u0103 ascult\u0103m tot mai mult aceste pove\u0219ti spuse, fie a buc\u0103\u021bilor de lemn, fie a oamenilor cu care lucr\u0103m.<\/p><\/blockquote>\n","protected":false},"excerpt":{"rendered":"<p>Materiale: stejar negru premium, stainless steel auriu Dimensiuni: 2\u00d72 cm Me\u0219teri\u021bi cu pasiune prin upcycling, din buc\u0103\u021bi r\u0103mase de la produsele Kenosis. Povestea lemnului negru este extrem de special\u0103 \u0219i valoroas\u0103. Acum cel pu\u021bin 1000 de ani, poate \u0219i mai mult, \u00een urma alunec\u0103rilor de teren, c\u00e2\u021biva copaci au fost \u00eenghi\u021bi\u021bi de p\u0103m\u00e2nt. Dup\u0103 mult [&hellip;]<\/p>\n","protected":false},"featured_media":9988,"comment_status":"closed","ping_status":"closed","template":"","meta":[],"pwb-brand":[234],"product_brand":[],"product_cat":[87,18],"product_tag":[],"class_list":{"0":"post-9983","1":"product","2":"type-product","3":"status-publish","4":"has-post-thumbnail","6":"pwb-brand-kenosis","7":"product_cat-to-wear","8":"product_cat-bijuterie-contemporana","10":"first","11":"instock","12":"taxable","13":"shipping-taxable","14":"purchasable","15":"product-type-simple"},"yoast_head":"<!-- This site is optimized with the Yoast SEO plugin v26.9 - https:\/\/yoast.com\/product\/yoast-seo-wordpress\/ -->\n<title>KNS Cercei Inim\u0103 Neagr\u0103 - Inspiratio<\/title>\n<meta name=\"description\" content=\"KNS Cercei Inim\u0103 Neagr\u0103\" \/>\n<meta name=\"robots\" content=\"index, follow, max-snippet:-1, max-image-preview:large, max-video-preview:-1\" \/>\n<link rel=\"canonical\" href=\"https:\/\/inspiratio.ro\/produs\/kns-cercei-inima-neagra\/\" \/>\n<meta property=\"og:locale\" content=\"en_US\" \/>\n<meta property=\"og:type\" content=\"article\" \/>\n<meta property=\"og:title\" content=\"KNS Cercei Inim\u0103 Neagr\u0103 - Inspiratio\" \/>\n<meta property=\"og:description\" content=\"KNS Cercei Inim\u0103 Neagr\u0103\" \/>\n<meta property=\"og:url\" content=\"https:\/\/inspiratio.ro\/produs\/kns-cercei-inima-neagra\/\" \/>\n<meta property=\"og:site_name\" content=\"Inspiratio\" \/>\n<meta property=\"article:publisher\" content=\"https:\/\/www.facebook.com\/inspiratiogiftstudio\/\" \/>\n<meta property=\"article:modified_time\" content=\"2025-05-28T15:59:09+00:00\" \/>\n<meta property=\"og:image\" content=\"https:\/\/inspiratio.ro\/wp-content\/uploads\/2025\/05\/inlocuire-inimi.jpeg\" \/>\n\t<meta property=\"og:image:width\" content=\"1079\" \/>\n\t<meta property=\"og:image:height\" content=\"1078\" \/>\n\t<meta property=\"og:image:type\" content=\"image\/jpeg\" \/>\n<meta name=\"twitter:card\" content=\"summary_large_image\" \/>\n<meta name=\"twitter:label1\" content=\"Est. reading time\" \/>\n\t<meta name=\"twitter:data1\" content=\"2 minutes\" \/>\n<script type=\"application\/ld+json\" class=\"yoast-schema-graph\">{\"@context\":\"https:\/\/schema.org\",\"@graph\":[{\"@type\":\"WebPage\",\"@id\":\"https:\/\/inspiratio.ro\/produs\/kns-cercei-inima-neagra\/\",\"url\":\"https:\/\/inspiratio.ro\/produs\/kns-cercei-inima-neagra\/\",\"name\":\"KNS Cercei Inim\u0103 Neagr\u0103 - Inspiratio\",\"isPartOf\":{\"@id\":\"https:\/\/inspiratio.ro\/#website\"},\"primaryImageOfPage\":{\"@id\":\"https:\/\/inspiratio.ro\/produs\/kns-cercei-inima-neagra\/#primaryimage\"},\"image\":{\"@id\":\"https:\/\/inspiratio.ro\/produs\/kns-cercei-inima-neagra\/#primaryimage\"},\"thumbnailUrl\":\"https:\/\/inspiratio.ro\/wp-content\/uploads\/2025\/05\/inlocuire-inimi.jpeg\",\"datePublished\":\"2025-05-28T15:05:25+00:00\",\"dateModified\":\"2025-05-28T15:59:09+00:00\",\"description\":\"KNS Cercei Inim\u0103 Neagr\u0103\",\"breadcrumb\":{\"@id\":\"https:\/\/inspiratio.ro\/produs\/kns-cercei-inima-neagra\/#breadcrumb\"},\"inLanguage\":\"en-US\",\"potentialAction\":[{\"@type\":\"ReadAction\",\"target\":[\"https:\/\/inspiratio.ro\/produs\/kns-cercei-inima-neagra\/\"]}]},{\"@type\":\"ImageObject\",\"inLanguage\":\"en-US\",\"@id\":\"https:\/\/inspiratio.ro\/produs\/kns-cercei-inima-neagra\/#primaryimage\",\"url\":\"https:\/\/inspiratio.ro\/wp-content\/uploads\/2025\/05\/inlocuire-inimi.jpeg\",\"contentUrl\":\"https:\/\/inspiratio.ro\/wp-content\/uploads\/2025\/05\/inlocuire-inimi.jpeg\",\"width\":1079,\"height\":1078},{\"@type\":\"BreadcrumbList\",\"@id\":\"https:\/\/inspiratio.ro\/produs\/kns-cercei-inima-neagra\/#breadcrumb\",\"itemListElement\":[{\"@type\":\"ListItem\",\"position\":1,\"name\":\"Shop\",\"item\":\"https:\/\/inspiratio.ro\/magazin-cadouri\/\"},{\"@type\":\"ListItem\",\"position\":2,\"name\":\"KNS Cercei Inim\u0103 Neagr\u0103\"}]},{\"@type\":\"WebSite\",\"@id\":\"https:\/\/inspiratio.ro\/#website\",\"url\":\"https:\/\/inspiratio.ro\/\",\"name\":\"Inspiratio\",\"description\":\"Las\u0103-te purtat de inspira\u021bie\",\"publisher\":{\"@id\":\"https:\/\/inspiratio.ro\/#organization\"},\"potentialAction\":[{\"@type\":\"SearchAction\",\"target\":{\"@type\":\"EntryPoint\",\"urlTemplate\":\"https:\/\/inspiratio.ro\/?s={search_term_string}\"},\"query-input\":{\"@type\":\"PropertyValueSpecification\",\"valueRequired\":true,\"valueName\":\"search_term_string\"}}],\"inLanguage\":\"en-US\"},{\"@type\":\"Organization\",\"@id\":\"https:\/\/inspiratio.ro\/#organization\",\"name\":\"Inspiratio\",\"url\":\"https:\/\/inspiratio.ro\/\",\"logo\":{\"@type\":\"ImageObject\",\"inLanguage\":\"en-US\",\"@id\":\"https:\/\/inspiratio.ro\/#\/schema\/logo\/image\/\",\"url\":\"https:\/\/inspiratio.ro\/wp-content\/uploads\/2020\/06\/logo-inspiratio.png\",\"contentUrl\":\"https:\/\/inspiratio.ro\/wp-content\/uploads\/2020\/06\/logo-inspiratio.png\",\"width\":232,\"height\":209,\"caption\":\"Inspiratio\"},\"image\":{\"@id\":\"https:\/\/inspiratio.ro\/#\/schema\/logo\/image\/\"},\"sameAs\":[\"https:\/\/www.facebook.com\/inspiratiogiftstudio\/\",\"https:\/\/www.instagram.com\/inspiratio_giftstudio\/\"]}]}<\/script>\n<!-- \/ Yoast SEO plugin. -->","yoast_head_json":{"title":"KNS Cercei Inim\u0103 Neagr\u0103 - Inspiratio","description":"KNS Cercei Inim\u0103 Neagr\u0103","robots":{"index":"index","follow":"follow","max-snippet":"max-snippet:-1","max-image-preview":"max-image-preview:large","max-video-preview":"max-video-preview:-1"},"canonical":"https:\/\/inspiratio.ro\/produs\/kns-cercei-inima-neagra\/","og_locale":"en_US","og_type":"article","og_title":"KNS Cercei Inim\u0103 Neagr\u0103 - Inspiratio","og_description":"KNS Cercei Inim\u0103 Neagr\u0103","og_url":"https:\/\/inspiratio.ro\/produs\/kns-cercei-inima-neagra\/","og_site_name":"Inspiratio","article_publisher":"https:\/\/www.facebook.com\/inspiratiogiftstudio\/","article_modified_time":"2025-05-28T15:59:09+00:00","og_image":[{"width":1079,"height":1078,"url":"https:\/\/inspiratio.ro\/wp-content\/uploads\/2025\/05\/inlocuire-inimi.jpeg","type":"image\/jpeg"}],"twitter_card":"summary_large_image","twitter_misc":{"Est. reading time":"2 minutes"},"schema":{"@context":"https:\/\/schema.org","@graph":[{"@type":"WebPage","@id":"https:\/\/inspiratio.ro\/produs\/kns-cercei-inima-neagra\/","url":"https:\/\/inspiratio.ro\/produs\/kns-cercei-inima-neagra\/","name":"KNS Cercei Inim\u0103 Neagr\u0103 - Inspiratio","isPartOf":{"@id":"https:\/\/inspiratio.ro\/#website"},"primaryImageOfPage":{"@id":"https:\/\/inspiratio.ro\/produs\/kns-cercei-inima-neagra\/#primaryimage"},"image":{"@id":"https:\/\/inspiratio.ro\/produs\/kns-cercei-inima-neagra\/#primaryimage"},"thumbnailUrl":"https:\/\/inspiratio.ro\/wp-content\/uploads\/2025\/05\/inlocuire-inimi.jpeg","datePublished":"2025-05-28T15:05:25+00:00","dateModified":"2025-05-28T15:59:09+00:00","description":"KNS Cercei Inim\u0103 Neagr\u0103","breadcrumb":{"@id":"https:\/\/inspiratio.ro\/produs\/kns-cercei-inima-neagra\/#breadcrumb"},"inLanguage":"en-US","potentialAction":[{"@type":"ReadAction","target":["https:\/\/inspiratio.ro\/produs\/kns-cercei-inima-neagra\/"]}]},{"@type":"ImageObject","inLanguage":"en-US","@id":"https:\/\/inspiratio.ro\/produs\/kns-cercei-inima-neagra\/#primaryimage","url":"https:\/\/inspiratio.ro\/wp-content\/uploads\/2025\/05\/inlocuire-inimi.jpeg","contentUrl":"https:\/\/inspiratio.ro\/wp-content\/uploads\/2025\/05\/inlocuire-inimi.jpeg","width":1079,"height":1078},{"@type":"BreadcrumbList","@id":"https:\/\/inspiratio.ro\/produs\/kns-cercei-inima-neagra\/#breadcrumb","itemListElement":[{"@type":"ListItem","position":1,"name":"Shop","item":"https:\/\/inspiratio.ro\/magazin-cadouri\/"},{"@type":"ListItem","position":2,"name":"KNS Cercei Inim\u0103 Neagr\u0103"}]},{"@type":"WebSite","@id":"https:\/\/inspiratio.ro\/#website","url":"https:\/\/inspiratio.ro\/","name":"Inspiratio","description":"Las\u0103-te purtat de inspira\u021bie","publisher":{"@id":"https:\/\/inspiratio.ro\/#organization"},"potentialAction":[{"@type":"SearchAction","target":{"@type":"EntryPoint","urlTemplate":"https:\/\/inspiratio.ro\/?s={search_term_string}"},"query-input":{"@type":"PropertyValueSpecification","valueRequired":true,"valueName":"search_term_string"}}],"inLanguage":"en-US"},{"@type":"Organization","@id":"https:\/\/inspiratio.ro\/#organization","name":"Inspiratio","url":"https:\/\/inspiratio.ro\/","logo":{"@type":"ImageObject","inLanguage":"en-US","@id":"https:\/\/inspiratio.ro\/#\/schema\/logo\/image\/","url":"https:\/\/inspiratio.ro\/wp-content\/uploads\/2020\/06\/logo-inspiratio.png","contentUrl":"https:\/\/inspiratio.ro\/wp-content\/uploads\/2020\/06\/logo-inspiratio.png","width":232,"height":209,"caption":"Inspiratio"},"image":{"@id":"https:\/\/inspiratio.ro\/#\/schema\/logo\/image\/"},"sameAs":["https:\/\/www.facebook.com\/inspiratiogiftstudio\/","https:\/\/www.instagram.com\/inspiratio_giftstudio\/"]}]}},"brands":[{"id":234,"name":"Kenosis","slug":"kenosis"}],"_links":{"self":[{"href":"https:\/\/inspiratio.ro\/en\/wp-json\/wp\/v2\/product\/9983","targetHints":{"allow":["GET"]}}],"collection":[{"href":"https:\/\/inspiratio.ro\/en\/wp-json\/wp\/v2\/product"}],"about":[{"href":"https:\/\/inspiratio.ro\/en\/wp-json\/wp\/v2\/types\/product"}],"replies":[{"embeddable":true,"href":"https:\/\/inspiratio.ro\/en\/wp-json\/wp\/v2\/comments?post=9983"}],"wp:featuredmedia":[{"embeddable":true,"href":"https:\/\/inspiratio.ro\/en\/wp-json\/wp\/v2\/media\/9988"}],"wp:attachment":[{"href":"https:\/\/inspiratio.ro\/en\/wp-json\/wp\/v2\/media?parent=9983"}],"wp:term":[{"taxonomy":"pwb-brand","embeddable":true,"href":"https:\/\/inspiratio.ro\/en\/wp-json\/wp\/v2\/pwb-brand?post=9983"},{"taxonomy":"product_brand","embeddable":true,"href":"https:\/\/inspiratio.ro\/en\/wp-json\/wp\/v2\/product_brand?post=9983"},{"taxonomy":"product_cat","embeddable":true,"href":"https:\/\/inspiratio.ro\/en\/wp-json\/wp\/v2\/product_cat?post=9983"},{"taxonomy":"product_tag","embeddable":true,"href":"https:\/\/inspiratio.ro\/en\/wp-json\/wp\/v2\/product_tag?post=9983"}],"curies":[{"name":"wp","href":"https:\/\/api.w.org\/{rel}","templated":true}]}}