{"id":9892,"date":"2025-05-28T16:57:50","date_gmt":"2025-05-28T13:57:50","guid":{"rendered":"https:\/\/inspiratio.ro\/?post_type=product&#038;p=9892"},"modified":"2025-05-28T19:06:07","modified_gmt":"2025-05-28T16:06:07","slug":"kns-geanta-dama-echo-piele-naturala-de-vitel-maro","status":"publish","type":"product","link":"https:\/\/inspiratio.ro\/en\/produs\/kns-geanta-dama-echo-piele-naturala-de-vitel-maro\/","title":{"rendered":"Geant\u0103 dam\u0103 Echo piele natural\u0103 de vi\u021bel maro"},"content":{"rendered":"<div class=\"wpb-content-wrapper\"><div dir=\"auto\">Geant\u0103 din piele FULL GRAIN, cusut\u0103 manual, cu 2 compartimente.<\/div>\n<div dir=\"auto\">Dimensiune standard: 15.5\u00d716 cm<\/div>\n<div dir=\"auto\">Culori: maro sau negru<\/div>\n<div dir=\"auto\"><\/div>\n<div dir=\"auto\">\n<div dir=\"auto\"><em><strong>*Nuan\u021ba pielii de culoare maro poate varia \u00een func\u021bie de materialul aflat pe stoc \u00een momentul comenzii (nuan\u021b\u0103 portocalie sau ro\u0219iatic\u0103)<\/strong><\/em><\/div>\n<\/div>\n<div dir=\"auto\"><\/div>\n<hr \/>\n<blockquote><p>Cuv\u00e2ntul \u201eKenosis\u201d \u00eenseamn\u0103, \u00eentr-un fel, a renun\u021ba la haina ta, pentru a putea s\u0103-l acoperi pe cel mai putin privilegiat. Am \u00eenceput aceast\u0103 afacere, inspira\u021bi de imperfec\u021biunile dintr-o bucat\u0103 de lemn care, dac\u0103 prime\u0219te pu\u021bin\u0103 aten\u021bie \u0219i \u0219lefuire, poate deveni o bijuterie unic\u0103, cu poveste \u0219i caracter. Ne dorim s\u0103 ascult\u0103m tot mai mult aceste pove\u0219ti spuse, fie a buc\u0103\u021bilor de lemn, fie a oamenilor cu care lucr\u0103m.<\/p><\/blockquote>\n<div class=\"vc_row wpb_row vc_row-fluid\">\n<div class=\"wpb_column vc_column_container vc_col-sm-6\">\n<div class=\"vc_column-inner\">\n<div class=\"wpb_wrapper\">\n<div class=\"wpb_text_column wpb_content_element\">\n<div class=\"wpb_wrapper\"><\/div>\n<\/div>\n<\/div>\n<\/div>\n<\/div>\n<\/div>\n<\/div>","protected":false},"excerpt":{"rendered":"<p>Geant\u0103 din piele FULL GRAIN, cusut\u0103 manual, cu 2 compartimente. Dimensiune standard: 15.5\u00d716 cm Culori: maro sau negru *Nuan\u021ba pielii de culoare maro poate varia \u00een func\u021bie de materialul aflat pe stoc \u00een momentul comenzii (nuan\u021b\u0103 portocalie sau ro\u0219iatic\u0103) Cuv\u00e2ntul \u201eKenosis\u201d \u00eenseamn\u0103, \u00eentr-un fel, a renun\u021ba la haina ta, pentru a putea s\u0103-l acoperi pe [&hellip;]<\/p>\n","protected":false},"featured_media":9899,"comment_status":"closed","ping_status":"closed","template":"","meta":[],"pwb-brand":[234],"product_brand":[],"product_cat":[87,17],"product_tag":[],"class_list":{"0":"post-9892","1":"product","2":"type-product","3":"status-publish","4":"has-post-thumbnail","6":"pwb-brand-kenosis","7":"product_cat-to-wear","8":"product_cat-haine-si-accesorii","10":"first","11":"instock","12":"taxable","13":"shipping-taxable","14":"purchasable","15":"product-type-simple"},"yoast_head":"<!-- This site is optimized with the Yoast SEO plugin v26.9 - https:\/\/yoast.com\/product\/yoast-seo-wordpress\/ -->\n<title>KNS Geant\u0103 dam\u0103 Echo piele natural\u0103 de vi\u021bel maro - Inspiratio<\/title>\n<meta name=\"description\" content=\"KNS Geant\u0103 dam\u0103 Echo piele natural\u0103 de vi\u021bel maro\" \/>\n<meta name=\"robots\" content=\"index, follow, max-snippet:-1, max-image-preview:large, max-video-preview:-1\" \/>\n<link rel=\"canonical\" href=\"https:\/\/inspiratio.ro\/produs\/kns-geanta-dama-echo-piele-naturala-de-vitel-maro\/\" \/>\n<meta property=\"og:locale\" content=\"en_US\" \/>\n<meta property=\"og:type\" content=\"article\" \/>\n<meta property=\"og:title\" content=\"KNS Geant\u0103 dam\u0103 Echo piele natural\u0103 de vi\u021bel maro - Inspiratio\" \/>\n<meta property=\"og:description\" content=\"KNS Geant\u0103 dam\u0103 Echo piele natural\u0103 de vi\u021bel maro\" \/>\n<meta property=\"og:url\" content=\"https:\/\/inspiratio.ro\/produs\/kns-geanta-dama-echo-piele-naturala-de-vitel-maro\/\" \/>\n<meta property=\"og:site_name\" content=\"Inspiratio\" \/>\n<meta property=\"article:publisher\" content=\"https:\/\/www.facebook.com\/inspiratiogiftstudio\/\" \/>\n<meta property=\"article:modified_time\" content=\"2025-05-28T16:06:07+00:00\" \/>\n<meta property=\"og:image\" content=\"https:\/\/inspiratio.ro\/wp-content\/uploads\/2025\/05\/Geanta-Echo-1.jpeg\" \/>\n\t<meta property=\"og:image:width\" content=\"1600\" \/>\n\t<meta property=\"og:image:height\" content=\"1600\" \/>\n\t<meta property=\"og:image:type\" content=\"image\/jpeg\" \/>\n<meta name=\"twitter:card\" content=\"summary_large_image\" \/>\n<meta name=\"twitter:label1\" content=\"Est. reading time\" \/>\n\t<meta name=\"twitter:data1\" content=\"1 minute\" \/>\n<script type=\"application\/ld+json\" class=\"yoast-schema-graph\">{\"@context\":\"https:\/\/schema.org\",\"@graph\":[{\"@type\":\"WebPage\",\"@id\":\"https:\/\/inspiratio.ro\/produs\/kns-geanta-dama-echo-piele-naturala-de-vitel-maro\/\",\"url\":\"https:\/\/inspiratio.ro\/produs\/kns-geanta-dama-echo-piele-naturala-de-vitel-maro\/\",\"name\":\"KNS Geant\u0103 dam\u0103 Echo piele natural\u0103 de vi\u021bel maro - Inspiratio\",\"isPartOf\":{\"@id\":\"https:\/\/inspiratio.ro\/#website\"},\"primaryImageOfPage\":{\"@id\":\"https:\/\/inspiratio.ro\/produs\/kns-geanta-dama-echo-piele-naturala-de-vitel-maro\/#primaryimage\"},\"image\":{\"@id\":\"https:\/\/inspiratio.ro\/produs\/kns-geanta-dama-echo-piele-naturala-de-vitel-maro\/#primaryimage\"},\"thumbnailUrl\":\"https:\/\/inspiratio.ro\/wp-content\/uploads\/2025\/05\/Geanta-Echo-1.jpeg\",\"datePublished\":\"2025-05-28T13:57:50+00:00\",\"dateModified\":\"2025-05-28T16:06:07+00:00\",\"description\":\"KNS Geant\u0103 dam\u0103 Echo piele natural\u0103 de vi\u021bel maro\",\"breadcrumb\":{\"@id\":\"https:\/\/inspiratio.ro\/produs\/kns-geanta-dama-echo-piele-naturala-de-vitel-maro\/#breadcrumb\"},\"inLanguage\":\"en-US\",\"potentialAction\":[{\"@type\":\"ReadAction\",\"target\":[\"https:\/\/inspiratio.ro\/produs\/kns-geanta-dama-echo-piele-naturala-de-vitel-maro\/\"]}]},{\"@type\":\"ImageObject\",\"inLanguage\":\"en-US\",\"@id\":\"https:\/\/inspiratio.ro\/produs\/kns-geanta-dama-echo-piele-naturala-de-vitel-maro\/#primaryimage\",\"url\":\"https:\/\/inspiratio.ro\/wp-content\/uploads\/2025\/05\/Geanta-Echo-1.jpeg\",\"contentUrl\":\"https:\/\/inspiratio.ro\/wp-content\/uploads\/2025\/05\/Geanta-Echo-1.jpeg\",\"width\":1600,\"height\":1600},{\"@type\":\"BreadcrumbList\",\"@id\":\"https:\/\/inspiratio.ro\/produs\/kns-geanta-dama-echo-piele-naturala-de-vitel-maro\/#breadcrumb\",\"itemListElement\":[{\"@type\":\"ListItem\",\"position\":1,\"name\":\"Shop\",\"item\":\"https:\/\/inspiratio.ro\/magazin-cadouri\/\"},{\"@type\":\"ListItem\",\"position\":2,\"name\":\"KNS Geant\u0103 dam\u0103 Echo piele natural\u0103 de vi\u021bel maro\"}]},{\"@type\":\"WebSite\",\"@id\":\"https:\/\/inspiratio.ro\/#website\",\"url\":\"https:\/\/inspiratio.ro\/\",\"name\":\"Inspiratio\",\"description\":\"Las\u0103-te purtat de inspira\u021bie\",\"publisher\":{\"@id\":\"https:\/\/inspiratio.ro\/#organization\"},\"potentialAction\":[{\"@type\":\"SearchAction\",\"target\":{\"@type\":\"EntryPoint\",\"urlTemplate\":\"https:\/\/inspiratio.ro\/?s={search_term_string}\"},\"query-input\":{\"@type\":\"PropertyValueSpecification\",\"valueRequired\":true,\"valueName\":\"search_term_string\"}}],\"inLanguage\":\"en-US\"},{\"@type\":\"Organization\",\"@id\":\"https:\/\/inspiratio.ro\/#organization\",\"name\":\"Inspiratio\",\"url\":\"https:\/\/inspiratio.ro\/\",\"logo\":{\"@type\":\"ImageObject\",\"inLanguage\":\"en-US\",\"@id\":\"https:\/\/inspiratio.ro\/#\/schema\/logo\/image\/\",\"url\":\"https:\/\/inspiratio.ro\/wp-content\/uploads\/2020\/06\/logo-inspiratio.png\",\"contentUrl\":\"https:\/\/inspiratio.ro\/wp-content\/uploads\/2020\/06\/logo-inspiratio.png\",\"width\":232,\"height\":209,\"caption\":\"Inspiratio\"},\"image\":{\"@id\":\"https:\/\/inspiratio.ro\/#\/schema\/logo\/image\/\"},\"sameAs\":[\"https:\/\/www.facebook.com\/inspiratiogiftstudio\/\",\"https:\/\/www.instagram.com\/inspiratio_giftstudio\/\"]}]}<\/script>\n<!-- \/ Yoast SEO plugin. -->","yoast_head_json":{"title":"KNS Geant\u0103 dam\u0103 Echo piele natural\u0103 de vi\u021bel maro - Inspiratio","description":"KNS Geant\u0103 dam\u0103 Echo piele natural\u0103 de vi\u021bel maro","robots":{"index":"index","follow":"follow","max-snippet":"max-snippet:-1","max-image-preview":"max-image-preview:large","max-video-preview":"max-video-preview:-1"},"canonical":"https:\/\/inspiratio.ro\/produs\/kns-geanta-dama-echo-piele-naturala-de-vitel-maro\/","og_locale":"en_US","og_type":"article","og_title":"KNS Geant\u0103 dam\u0103 Echo piele natural\u0103 de vi\u021bel maro - Inspiratio","og_description":"KNS Geant\u0103 dam\u0103 Echo piele natural\u0103 de vi\u021bel maro","og_url":"https:\/\/inspiratio.ro\/produs\/kns-geanta-dama-echo-piele-naturala-de-vitel-maro\/","og_site_name":"Inspiratio","article_publisher":"https:\/\/www.facebook.com\/inspiratiogiftstudio\/","article_modified_time":"2025-05-28T16:06:07+00:00","og_image":[{"width":1600,"height":1600,"url":"https:\/\/inspiratio.ro\/wp-content\/uploads\/2025\/05\/Geanta-Echo-1.jpeg","type":"image\/jpeg"}],"twitter_card":"summary_large_image","twitter_misc":{"Est. reading time":"1 minute"},"schema":{"@context":"https:\/\/schema.org","@graph":[{"@type":"WebPage","@id":"https:\/\/inspiratio.ro\/produs\/kns-geanta-dama-echo-piele-naturala-de-vitel-maro\/","url":"https:\/\/inspiratio.ro\/produs\/kns-geanta-dama-echo-piele-naturala-de-vitel-maro\/","name":"KNS Geant\u0103 dam\u0103 Echo piele natural\u0103 de vi\u021bel maro - Inspiratio","isPartOf":{"@id":"https:\/\/inspiratio.ro\/#website"},"primaryImageOfPage":{"@id":"https:\/\/inspiratio.ro\/produs\/kns-geanta-dama-echo-piele-naturala-de-vitel-maro\/#primaryimage"},"image":{"@id":"https:\/\/inspiratio.ro\/produs\/kns-geanta-dama-echo-piele-naturala-de-vitel-maro\/#primaryimage"},"thumbnailUrl":"https:\/\/inspiratio.ro\/wp-content\/uploads\/2025\/05\/Geanta-Echo-1.jpeg","datePublished":"2025-05-28T13:57:50+00:00","dateModified":"2025-05-28T16:06:07+00:00","description":"KNS Geant\u0103 dam\u0103 Echo piele natural\u0103 de vi\u021bel maro","breadcrumb":{"@id":"https:\/\/inspiratio.ro\/produs\/kns-geanta-dama-echo-piele-naturala-de-vitel-maro\/#breadcrumb"},"inLanguage":"en-US","potentialAction":[{"@type":"ReadAction","target":["https:\/\/inspiratio.ro\/produs\/kns-geanta-dama-echo-piele-naturala-de-vitel-maro\/"]}]},{"@type":"ImageObject","inLanguage":"en-US","@id":"https:\/\/inspiratio.ro\/produs\/kns-geanta-dama-echo-piele-naturala-de-vitel-maro\/#primaryimage","url":"https:\/\/inspiratio.ro\/wp-content\/uploads\/2025\/05\/Geanta-Echo-1.jpeg","contentUrl":"https:\/\/inspiratio.ro\/wp-content\/uploads\/2025\/05\/Geanta-Echo-1.jpeg","width":1600,"height":1600},{"@type":"BreadcrumbList","@id":"https:\/\/inspiratio.ro\/produs\/kns-geanta-dama-echo-piele-naturala-de-vitel-maro\/#breadcrumb","itemListElement":[{"@type":"ListItem","position":1,"name":"Shop","item":"https:\/\/inspiratio.ro\/magazin-cadouri\/"},{"@type":"ListItem","position":2,"name":"KNS Geant\u0103 dam\u0103 Echo piele natural\u0103 de vi\u021bel maro"}]},{"@type":"WebSite","@id":"https:\/\/inspiratio.ro\/#website","url":"https:\/\/inspiratio.ro\/","name":"Inspiratio","description":"Las\u0103-te purtat de inspira\u021bie","publisher":{"@id":"https:\/\/inspiratio.ro\/#organization"},"potentialAction":[{"@type":"SearchAction","target":{"@type":"EntryPoint","urlTemplate":"https:\/\/inspiratio.ro\/?s={search_term_string}"},"query-input":{"@type":"PropertyValueSpecification","valueRequired":true,"valueName":"search_term_string"}}],"inLanguage":"en-US"},{"@type":"Organization","@id":"https:\/\/inspiratio.ro\/#organization","name":"Inspiratio","url":"https:\/\/inspiratio.ro\/","logo":{"@type":"ImageObject","inLanguage":"en-US","@id":"https:\/\/inspiratio.ro\/#\/schema\/logo\/image\/","url":"https:\/\/inspiratio.ro\/wp-content\/uploads\/2020\/06\/logo-inspiratio.png","contentUrl":"https:\/\/inspiratio.ro\/wp-content\/uploads\/2020\/06\/logo-inspiratio.png","width":232,"height":209,"caption":"Inspiratio"},"image":{"@id":"https:\/\/inspiratio.ro\/#\/schema\/logo\/image\/"},"sameAs":["https:\/\/www.facebook.com\/inspiratiogiftstudio\/","https:\/\/www.instagram.com\/inspiratio_giftstudio\/"]}]}},"brands":[{"id":234,"name":"Kenosis","slug":"kenosis"}],"_links":{"self":[{"href":"https:\/\/inspiratio.ro\/en\/wp-json\/wp\/v2\/product\/9892","targetHints":{"allow":["GET"]}}],"collection":[{"href":"https:\/\/inspiratio.ro\/en\/wp-json\/wp\/v2\/product"}],"about":[{"href":"https:\/\/inspiratio.ro\/en\/wp-json\/wp\/v2\/types\/product"}],"replies":[{"embeddable":true,"href":"https:\/\/inspiratio.ro\/en\/wp-json\/wp\/v2\/comments?post=9892"}],"wp:featuredmedia":[{"embeddable":true,"href":"https:\/\/inspiratio.ro\/en\/wp-json\/wp\/v2\/media\/9899"}],"wp:attachment":[{"href":"https:\/\/inspiratio.ro\/en\/wp-json\/wp\/v2\/media?parent=9892"}],"wp:term":[{"taxonomy":"pwb-brand","embeddable":true,"href":"https:\/\/inspiratio.ro\/en\/wp-json\/wp\/v2\/pwb-brand?post=9892"},{"taxonomy":"product_brand","embeddable":true,"href":"https:\/\/inspiratio.ro\/en\/wp-json\/wp\/v2\/product_brand?post=9892"},{"taxonomy":"product_cat","embeddable":true,"href":"https:\/\/inspiratio.ro\/en\/wp-json\/wp\/v2\/product_cat?post=9892"},{"taxonomy":"product_tag","embeddable":true,"href":"https:\/\/inspiratio.ro\/en\/wp-json\/wp\/v2\/product_tag?post=9892"}],"curies":[{"name":"wp","href":"https:\/\/api.w.org\/{rel}","templated":true}]}}