{"id":9777,"date":"2025-03-26T17:33:35","date_gmt":"2025-03-26T15:33:35","guid":{"rendered":"https:\/\/inspiratio.ro\/?post_type=product&#038;p=9777"},"modified":"2025-07-30T16:00:22","modified_gmt":"2025-07-30T13:00:22","slug":"aga-carte-10x5-intalniri-in-levant","status":"publish","type":"product","link":"https:\/\/inspiratio.ro\/en\/produs\/aga-carte-10x5-intalniri-in-levant\/","title":{"rendered":"Carte &#8220;10&#215;5 intalniri in Levant&#8221;"},"content":{"rendered":"<p>Sorin Ilfoveanu al\u0103turi de Gabriela Adame\u0219teanu, Mircea C\u0103rt\u0103rescu, Filip Florian, Dan Lungu, Ioana Nicolae, Ioana P\u00e2rvulescu, Marta Petreu, Lucian Dan Teodorovici, Tatiana \u021a\u00eebuleac, Matei Vi\u0219niec<\/p>\n<blockquote><p>,,Volumul reprezint\u0103 \u00eent\u00e2lnirea dintre un maestru al artelor vizuale \u0219i o serie de scriitori extraordinari, o parte dintre numele cele mai importante ale literaturii contemporane din Rom\u00e2nia.\u201c (Lucian Dan Teodorovici)<\/p><\/blockquote>\n<p>Galeria Artep, Ia\u0219i, 2022<br \/>\nTip\u0103rit \u0219i legat la Fabrik, Bucure\u0219ti<br \/>\nEditat de Graphomat Design Studio<br \/>\n284 pagini, Hardcover, h\u00e2rtie Pergraphica Natural Rough 100g<\/p>\n<hr \/>\n<p><img loading=\"lazy\" decoding=\"async\" class=\"alignleft\" src=\"https:\/\/www.artep.ro\/wp-content\/uploads\/2023\/03\/ilfoveanu.jpg\" width=\"438\" height=\"246\" \/><\/p>\n<p>P\u00e2nzele lui Sorin Ilfoveanu sunt dominate de reprezent\u0103ri care iau \u00een considerare atrac\u021bia uman\u0103 pentru schimbarea aparen\u021belor. Desenele artistului arat\u0103 preocuparea pentru eul profund, eliberat de prejudec\u0103\u021bi \u0219i a\u0219az\u0103 mai presus de timpuri \u0219i spa\u021bii. Simplitatea stilistic\u0103 este un mod de a fi al artistului. Admirabila gramatic\u0103 a formelor, arta desenelor maestrului Sorin Ilfoveanu anim\u0103 un univers f\u0103r\u0103 de \u00eenceput \u0219i f\u0103r\u0103 de sf\u00e2r\u0219it.<\/p>\n<p>text preluat de pe @galeriaartep<\/p>\n","protected":false},"excerpt":{"rendered":"<p>Sorin Ilfoveanu al\u0103turi de Gabriela Adame\u0219teanu, Mircea C\u0103rt\u0103rescu, Filip Florian, Dan Lungu, Ioana Nicolae, Ioana P\u00e2rvulescu, Marta Petreu, Lucian Dan Teodorovici, Tatiana \u021a\u00eebuleac, Matei Vi\u0219niec ,,Volumul reprezint\u0103 \u00eent\u00e2lnirea dintre un maestru al artelor vizuale \u0219i o serie de scriitori extraordinari, o parte dintre numele cele mai importante ale literaturii contemporane din Rom\u00e2nia.\u201c (Lucian Dan Teodorovici) [&hellip;]<\/p>\n","protected":false},"featured_media":9778,"comment_status":"closed","ping_status":"closed","template":"","meta":[],"pwb-brand":[238],"product_brand":[248],"product_cat":[86],"product_tag":[241,239,240],"class_list":{"0":"post-9777","1":"product","2":"type-product","3":"status-publish","4":"has-post-thumbnail","6":"pwb-brand-galeria-artep","7":"product_brand-galeria-artep","8":"product_cat-arta","9":"product_tag-artep","10":"product_tag-serigrafie","11":"product_tag-sorin-ilfoveanu","13":"first","14":"instock","15":"taxable","16":"shipping-taxable","17":"purchasable","18":"product-type-simple"},"yoast_head":"<!-- This site is optimized with the Yoast SEO plugin v26.9 - https:\/\/yoast.com\/product\/yoast-seo-wordpress\/ -->\n<title>AGA Carte &quot;10x5 intalniri in Levant&quot; - Inspiratio<\/title>\n<meta name=\"description\" content=\"AGA Carte &quot;10x5 \u00eentalniri \u00een Levant&quot;\" \/>\n<meta name=\"robots\" content=\"index, follow, max-snippet:-1, max-image-preview:large, max-video-preview:-1\" \/>\n<link rel=\"canonical\" href=\"https:\/\/inspiratio.ro\/produs\/aga-carte-10x5-intalniri-in-levant\/\" \/>\n<meta property=\"og:locale\" content=\"en_US\" \/>\n<meta property=\"og:type\" content=\"article\" \/>\n<meta property=\"og:title\" content=\"AGA Carte &quot;10x5 intalniri in Levant&quot; - Inspiratio\" \/>\n<meta property=\"og:description\" content=\"AGA Carte &quot;10x5 \u00eentalniri \u00een Levant&quot;\" \/>\n<meta property=\"og:url\" content=\"https:\/\/inspiratio.ro\/produs\/aga-carte-10x5-intalniri-in-levant\/\" \/>\n<meta property=\"og:site_name\" content=\"Inspiratio\" \/>\n<meta property=\"article:publisher\" content=\"https:\/\/www.facebook.com\/inspiratiogiftstudio\/\" \/>\n<meta property=\"article:modified_time\" content=\"2025-07-30T13:00:22+00:00\" \/>\n<meta property=\"og:image\" content=\"https:\/\/inspiratio.ro\/wp-content\/uploads\/2025\/03\/poza_1.jpg\" \/>\n\t<meta property=\"og:image:width\" content=\"1500\" \/>\n\t<meta property=\"og:image:height\" content=\"1500\" \/>\n\t<meta property=\"og:image:type\" content=\"image\/jpeg\" \/>\n<meta name=\"twitter:card\" content=\"summary_large_image\" \/>\n<meta name=\"twitter:label1\" content=\"Est. reading time\" \/>\n\t<meta name=\"twitter:data1\" content=\"2 minutes\" \/>\n<script type=\"application\/ld+json\" class=\"yoast-schema-graph\">{\"@context\":\"https:\/\/schema.org\",\"@graph\":[{\"@type\":\"WebPage\",\"@id\":\"https:\/\/inspiratio.ro\/produs\/aga-carte-10x5-intalniri-in-levant\/\",\"url\":\"https:\/\/inspiratio.ro\/produs\/aga-carte-10x5-intalniri-in-levant\/\",\"name\":\"AGA Carte \\\"10x5 intalniri in Levant\\\" - Inspiratio\",\"isPartOf\":{\"@id\":\"https:\/\/inspiratio.ro\/#website\"},\"primaryImageOfPage\":{\"@id\":\"https:\/\/inspiratio.ro\/produs\/aga-carte-10x5-intalniri-in-levant\/#primaryimage\"},\"image\":{\"@id\":\"https:\/\/inspiratio.ro\/produs\/aga-carte-10x5-intalniri-in-levant\/#primaryimage\"},\"thumbnailUrl\":\"https:\/\/inspiratio.ro\/wp-content\/uploads\/2025\/03\/poza_1.jpg\",\"datePublished\":\"2025-03-26T15:33:35+00:00\",\"dateModified\":\"2025-07-30T13:00:22+00:00\",\"description\":\"AGA Carte \\\"10x5 \u00eentalniri \u00een Levant\\\"\",\"breadcrumb\":{\"@id\":\"https:\/\/inspiratio.ro\/produs\/aga-carte-10x5-intalniri-in-levant\/#breadcrumb\"},\"inLanguage\":\"en-US\",\"potentialAction\":[{\"@type\":\"ReadAction\",\"target\":[\"https:\/\/inspiratio.ro\/produs\/aga-carte-10x5-intalniri-in-levant\/\"]}]},{\"@type\":\"ImageObject\",\"inLanguage\":\"en-US\",\"@id\":\"https:\/\/inspiratio.ro\/produs\/aga-carte-10x5-intalniri-in-levant\/#primaryimage\",\"url\":\"https:\/\/inspiratio.ro\/wp-content\/uploads\/2025\/03\/poza_1.jpg\",\"contentUrl\":\"https:\/\/inspiratio.ro\/wp-content\/uploads\/2025\/03\/poza_1.jpg\",\"width\":1500,\"height\":1500},{\"@type\":\"BreadcrumbList\",\"@id\":\"https:\/\/inspiratio.ro\/produs\/aga-carte-10x5-intalniri-in-levant\/#breadcrumb\",\"itemListElement\":[{\"@type\":\"ListItem\",\"position\":1,\"name\":\"Shop\",\"item\":\"https:\/\/inspiratio.ro\/magazin-cadouri\/\"},{\"@type\":\"ListItem\",\"position\":2,\"name\":\"AGA Carte &#8222;10&#215;5 intalniri in Levant&#8221;\"}]},{\"@type\":\"WebSite\",\"@id\":\"https:\/\/inspiratio.ro\/#website\",\"url\":\"https:\/\/inspiratio.ro\/\",\"name\":\"Inspiratio\",\"description\":\"Las\u0103-te purtat de inspira\u021bie\",\"publisher\":{\"@id\":\"https:\/\/inspiratio.ro\/#organization\"},\"potentialAction\":[{\"@type\":\"SearchAction\",\"target\":{\"@type\":\"EntryPoint\",\"urlTemplate\":\"https:\/\/inspiratio.ro\/?s={search_term_string}\"},\"query-input\":{\"@type\":\"PropertyValueSpecification\",\"valueRequired\":true,\"valueName\":\"search_term_string\"}}],\"inLanguage\":\"en-US\"},{\"@type\":\"Organization\",\"@id\":\"https:\/\/inspiratio.ro\/#organization\",\"name\":\"Inspiratio\",\"url\":\"https:\/\/inspiratio.ro\/\",\"logo\":{\"@type\":\"ImageObject\",\"inLanguage\":\"en-US\",\"@id\":\"https:\/\/inspiratio.ro\/#\/schema\/logo\/image\/\",\"url\":\"https:\/\/inspiratio.ro\/wp-content\/uploads\/2020\/06\/logo-inspiratio.png\",\"contentUrl\":\"https:\/\/inspiratio.ro\/wp-content\/uploads\/2020\/06\/logo-inspiratio.png\",\"width\":232,\"height\":209,\"caption\":\"Inspiratio\"},\"image\":{\"@id\":\"https:\/\/inspiratio.ro\/#\/schema\/logo\/image\/\"},\"sameAs\":[\"https:\/\/www.facebook.com\/inspiratiogiftstudio\/\",\"https:\/\/www.instagram.com\/inspiratio_giftstudio\/\"]}]}<\/script>\n<!-- \/ Yoast SEO plugin. -->","yoast_head_json":{"title":"AGA Carte \"10x5 intalniri in Levant\" - Inspiratio","description":"AGA Carte \"10x5 \u00eentalniri \u00een Levant\"","robots":{"index":"index","follow":"follow","max-snippet":"max-snippet:-1","max-image-preview":"max-image-preview:large","max-video-preview":"max-video-preview:-1"},"canonical":"https:\/\/inspiratio.ro\/produs\/aga-carte-10x5-intalniri-in-levant\/","og_locale":"en_US","og_type":"article","og_title":"AGA Carte \"10x5 intalniri in Levant\" - Inspiratio","og_description":"AGA Carte \"10x5 \u00eentalniri \u00een Levant\"","og_url":"https:\/\/inspiratio.ro\/produs\/aga-carte-10x5-intalniri-in-levant\/","og_site_name":"Inspiratio","article_publisher":"https:\/\/www.facebook.com\/inspiratiogiftstudio\/","article_modified_time":"2025-07-30T13:00:22+00:00","og_image":[{"width":1500,"height":1500,"url":"https:\/\/inspiratio.ro\/wp-content\/uploads\/2025\/03\/poza_1.jpg","type":"image\/jpeg"}],"twitter_card":"summary_large_image","twitter_misc":{"Est. reading time":"2 minutes"},"schema":{"@context":"https:\/\/schema.org","@graph":[{"@type":"WebPage","@id":"https:\/\/inspiratio.ro\/produs\/aga-carte-10x5-intalniri-in-levant\/","url":"https:\/\/inspiratio.ro\/produs\/aga-carte-10x5-intalniri-in-levant\/","name":"AGA Carte \"10x5 intalniri in Levant\" - Inspiratio","isPartOf":{"@id":"https:\/\/inspiratio.ro\/#website"},"primaryImageOfPage":{"@id":"https:\/\/inspiratio.ro\/produs\/aga-carte-10x5-intalniri-in-levant\/#primaryimage"},"image":{"@id":"https:\/\/inspiratio.ro\/produs\/aga-carte-10x5-intalniri-in-levant\/#primaryimage"},"thumbnailUrl":"https:\/\/inspiratio.ro\/wp-content\/uploads\/2025\/03\/poza_1.jpg","datePublished":"2025-03-26T15:33:35+00:00","dateModified":"2025-07-30T13:00:22+00:00","description":"AGA Carte \"10x5 \u00eentalniri \u00een Levant\"","breadcrumb":{"@id":"https:\/\/inspiratio.ro\/produs\/aga-carte-10x5-intalniri-in-levant\/#breadcrumb"},"inLanguage":"en-US","potentialAction":[{"@type":"ReadAction","target":["https:\/\/inspiratio.ro\/produs\/aga-carte-10x5-intalniri-in-levant\/"]}]},{"@type":"ImageObject","inLanguage":"en-US","@id":"https:\/\/inspiratio.ro\/produs\/aga-carte-10x5-intalniri-in-levant\/#primaryimage","url":"https:\/\/inspiratio.ro\/wp-content\/uploads\/2025\/03\/poza_1.jpg","contentUrl":"https:\/\/inspiratio.ro\/wp-content\/uploads\/2025\/03\/poza_1.jpg","width":1500,"height":1500},{"@type":"BreadcrumbList","@id":"https:\/\/inspiratio.ro\/produs\/aga-carte-10x5-intalniri-in-levant\/#breadcrumb","itemListElement":[{"@type":"ListItem","position":1,"name":"Shop","item":"https:\/\/inspiratio.ro\/magazin-cadouri\/"},{"@type":"ListItem","position":2,"name":"AGA Carte &#8222;10&#215;5 intalniri in Levant&#8221;"}]},{"@type":"WebSite","@id":"https:\/\/inspiratio.ro\/#website","url":"https:\/\/inspiratio.ro\/","name":"Inspiratio","description":"Las\u0103-te purtat de inspira\u021bie","publisher":{"@id":"https:\/\/inspiratio.ro\/#organization"},"potentialAction":[{"@type":"SearchAction","target":{"@type":"EntryPoint","urlTemplate":"https:\/\/inspiratio.ro\/?s={search_term_string}"},"query-input":{"@type":"PropertyValueSpecification","valueRequired":true,"valueName":"search_term_string"}}],"inLanguage":"en-US"},{"@type":"Organization","@id":"https:\/\/inspiratio.ro\/#organization","name":"Inspiratio","url":"https:\/\/inspiratio.ro\/","logo":{"@type":"ImageObject","inLanguage":"en-US","@id":"https:\/\/inspiratio.ro\/#\/schema\/logo\/image\/","url":"https:\/\/inspiratio.ro\/wp-content\/uploads\/2020\/06\/logo-inspiratio.png","contentUrl":"https:\/\/inspiratio.ro\/wp-content\/uploads\/2020\/06\/logo-inspiratio.png","width":232,"height":209,"caption":"Inspiratio"},"image":{"@id":"https:\/\/inspiratio.ro\/#\/schema\/logo\/image\/"},"sameAs":["https:\/\/www.facebook.com\/inspiratiogiftstudio\/","https:\/\/www.instagram.com\/inspiratio_giftstudio\/"]}]}},"brands":[{"id":238,"name":"Galeria ARTEP","slug":"galeria-artep"}],"_links":{"self":[{"href":"https:\/\/inspiratio.ro\/en\/wp-json\/wp\/v2\/product\/9777","targetHints":{"allow":["GET"]}}],"collection":[{"href":"https:\/\/inspiratio.ro\/en\/wp-json\/wp\/v2\/product"}],"about":[{"href":"https:\/\/inspiratio.ro\/en\/wp-json\/wp\/v2\/types\/product"}],"replies":[{"embeddable":true,"href":"https:\/\/inspiratio.ro\/en\/wp-json\/wp\/v2\/comments?post=9777"}],"wp:featuredmedia":[{"embeddable":true,"href":"https:\/\/inspiratio.ro\/en\/wp-json\/wp\/v2\/media\/9778"}],"wp:attachment":[{"href":"https:\/\/inspiratio.ro\/en\/wp-json\/wp\/v2\/media?parent=9777"}],"wp:term":[{"taxonomy":"pwb-brand","embeddable":true,"href":"https:\/\/inspiratio.ro\/en\/wp-json\/wp\/v2\/pwb-brand?post=9777"},{"taxonomy":"product_brand","embeddable":true,"href":"https:\/\/inspiratio.ro\/en\/wp-json\/wp\/v2\/product_brand?post=9777"},{"taxonomy":"product_cat","embeddable":true,"href":"https:\/\/inspiratio.ro\/en\/wp-json\/wp\/v2\/product_cat?post=9777"},{"taxonomy":"product_tag","embeddable":true,"href":"https:\/\/inspiratio.ro\/en\/wp-json\/wp\/v2\/product_tag?post=9777"}],"curies":[{"name":"wp","href":"https:\/\/api.w.org\/{rel}","templated":true}]}}