{"id":9732,"date":"2025-03-26T17:00:54","date_gmt":"2025-03-26T15:00:54","guid":{"rendered":"https:\/\/inspiratio.ro\/?post_type=product&#038;p=9732"},"modified":"2025-05-28T20:06:20","modified_gmt":"2025-05-28T17:06:20","slug":"atf-levant-11","status":"publish","type":"product","link":"https:\/\/inspiratio.ro\/en\/produs\/atf-levant-11\/","title":{"rendered":"Levant 11"},"content":{"rendered":"<h4>Levant 11<\/h4>\n<p>serigrafie<br \/>\ndimensiuni: 35 x 25 cm<br \/>\nh\u00e2rtie canson<\/p>\n<p>Prin linii simple \u0219i culori pu\u021bine \u2013 negru \u0219i arareori ro\u0219u \u2013 po\u021bi tr\u0103i emo\u021bii pe care le por\u021bi \u00een tine, \u00een noi, \u00een trecutul nostru ca omenire. Simbolurile sunt \u00eenf\u0103\u021bi\u0219ate prin animale, expresii \u0219i gesturi ale personajelor \u0219i contribuie la realizarea unor substraturi a nara\u021biunii scenelor. Astfel, povestea din spatele fiec\u0103rei serigrafii nu se relev\u0103 cu totul, ci te invit\u0103 s\u0103 o descoperi.<\/p>\n<p>Fiecare serigrafie este semnat\u0103 de artistul Sorin Ilfoveanu \u0219i este \u00eenseriat\u0103. Edi\u021bie limitat\u0103.<\/p>\n<hr \/>\n<p><img loading=\"lazy\" decoding=\"async\" class=\"alignleft\" src=\"https:\/\/www.artep.ro\/wp-content\/uploads\/2023\/03\/ilfoveanu.jpg\" width=\"438\" height=\"246\" \/><\/p>\n<p>P\u00e2nzele lui Sorin Ilfoveanu sunt dominate de reprezent\u0103ri care iau \u00een considerare atrac\u021bia uman\u0103 pentru schimbarea aparen\u021belor. Desenele artistului arat\u0103 preocuparea pentru eul profund, eliberat de prejudec\u0103\u021bi \u0219i a\u0219az\u0103 mai presus de timpuri \u0219i spa\u021bii. Simplitatea stilistic\u0103 este un mod de a fi al artistului. Admirabila gramatic\u0103 a formelor, arta desenelor maestrului Sorin Ilfoveanu anim\u0103 un univers f\u0103r\u0103 de \u00eenceput \u0219i f\u0103r\u0103 de sf\u00e2r\u0219it.<\/p>\n<p>text preluat de pe @galeriaartep<\/p>\n","protected":false},"excerpt":{"rendered":"<p>Levant 11 serigrafie dimensiuni: 35 x 25 cm h\u00e2rtie canson Prin linii simple \u0219i culori pu\u021bine \u2013 negru \u0219i arareori ro\u0219u \u2013 po\u021bi tr\u0103i emo\u021bii pe care le por\u021bi \u00een tine, \u00een noi, \u00een trecutul nostru ca omenire. Simbolurile sunt \u00eenf\u0103\u021bi\u0219ate prin animale, expresii \u0219i gesturi ale personajelor \u0219i contribuie la realizarea unor substraturi a [&hellip;]<\/p>\n","protected":false},"featured_media":9739,"comment_status":"closed","ping_status":"closed","template":"","meta":[],"pwb-brand":[238],"product_brand":[248],"product_cat":[116,86],"product_tag":[241,239,240],"class_list":{"0":"post-9732","1":"product","2":"type-product","3":"status-publish","4":"has-post-thumbnail","6":"pwb-brand-galeria-artep","7":"product_brand-galeria-artep","8":"product_cat-seturi-cadou","9":"product_cat-arta","10":"product_tag-artep","11":"product_tag-serigrafie","12":"product_tag-sorin-ilfoveanu","14":"first","15":"instock","16":"taxable","17":"shipping-taxable","18":"purchasable","19":"product-type-simple"},"yoast_head":"<!-- This site is optimized with the Yoast SEO plugin v26.9 - https:\/\/yoast.com\/product\/yoast-seo-wordpress\/ -->\n<title>ATF Levant 11 - Inspiratio<\/title>\n<meta name=\"description\" content=\"ATF Levant 11\" \/>\n<meta name=\"robots\" content=\"index, follow, max-snippet:-1, max-image-preview:large, max-video-preview:-1\" \/>\n<link rel=\"canonical\" href=\"https:\/\/inspiratio.ro\/produs\/atf-levant-11\/\" \/>\n<meta property=\"og:locale\" content=\"en_US\" \/>\n<meta property=\"og:type\" content=\"article\" \/>\n<meta property=\"og:title\" content=\"ATF Levant 11 - Inspiratio\" \/>\n<meta property=\"og:description\" content=\"ATF Levant 11\" \/>\n<meta property=\"og:url\" content=\"https:\/\/inspiratio.ro\/produs\/atf-levant-11\/\" \/>\n<meta property=\"og:site_name\" content=\"Inspiratio\" \/>\n<meta property=\"article:publisher\" content=\"https:\/\/www.facebook.com\/inspiratiogiftstudio\/\" \/>\n<meta property=\"article:modified_time\" content=\"2025-05-28T17:06:20+00:00\" \/>\n<meta property=\"og:image\" content=\"https:\/\/inspiratio.ro\/wp-content\/uploads\/2025\/03\/Serigrafie-11.jpg\" \/>\n\t<meta property=\"og:image:width\" content=\"1500\" \/>\n\t<meta property=\"og:image:height\" content=\"1500\" \/>\n\t<meta property=\"og:image:type\" content=\"image\/jpeg\" \/>\n<meta name=\"twitter:card\" content=\"summary_large_image\" \/>\n<meta name=\"twitter:label1\" content=\"Est. reading time\" \/>\n\t<meta name=\"twitter:data1\" content=\"2 minutes\" \/>\n<script type=\"application\/ld+json\" class=\"yoast-schema-graph\">{\"@context\":\"https:\/\/schema.org\",\"@graph\":[{\"@type\":\"WebPage\",\"@id\":\"https:\/\/inspiratio.ro\/produs\/atf-levant-11\/\",\"url\":\"https:\/\/inspiratio.ro\/produs\/atf-levant-11\/\",\"name\":\"ATF Levant 11 - Inspiratio\",\"isPartOf\":{\"@id\":\"https:\/\/inspiratio.ro\/#website\"},\"primaryImageOfPage\":{\"@id\":\"https:\/\/inspiratio.ro\/produs\/atf-levant-11\/#primaryimage\"},\"image\":{\"@id\":\"https:\/\/inspiratio.ro\/produs\/atf-levant-11\/#primaryimage\"},\"thumbnailUrl\":\"https:\/\/inspiratio.ro\/wp-content\/uploads\/2025\/03\/Serigrafie-11.jpg\",\"datePublished\":\"2025-03-26T15:00:54+00:00\",\"dateModified\":\"2025-05-28T17:06:20+00:00\",\"description\":\"ATF Levant 11\",\"breadcrumb\":{\"@id\":\"https:\/\/inspiratio.ro\/produs\/atf-levant-11\/#breadcrumb\"},\"inLanguage\":\"en-US\",\"potentialAction\":[{\"@type\":\"ReadAction\",\"target\":[\"https:\/\/inspiratio.ro\/produs\/atf-levant-11\/\"]}]},{\"@type\":\"ImageObject\",\"inLanguage\":\"en-US\",\"@id\":\"https:\/\/inspiratio.ro\/produs\/atf-levant-11\/#primaryimage\",\"url\":\"https:\/\/inspiratio.ro\/wp-content\/uploads\/2025\/03\/Serigrafie-11.jpg\",\"contentUrl\":\"https:\/\/inspiratio.ro\/wp-content\/uploads\/2025\/03\/Serigrafie-11.jpg\",\"width\":1500,\"height\":1500},{\"@type\":\"BreadcrumbList\",\"@id\":\"https:\/\/inspiratio.ro\/produs\/atf-levant-11\/#breadcrumb\",\"itemListElement\":[{\"@type\":\"ListItem\",\"position\":1,\"name\":\"Shop\",\"item\":\"https:\/\/inspiratio.ro\/magazin-cadouri\/\"},{\"@type\":\"ListItem\",\"position\":2,\"name\":\"ATF Levant 11\"}]},{\"@type\":\"WebSite\",\"@id\":\"https:\/\/inspiratio.ro\/#website\",\"url\":\"https:\/\/inspiratio.ro\/\",\"name\":\"Inspiratio\",\"description\":\"Las\u0103-te purtat de inspira\u021bie\",\"publisher\":{\"@id\":\"https:\/\/inspiratio.ro\/#organization\"},\"potentialAction\":[{\"@type\":\"SearchAction\",\"target\":{\"@type\":\"EntryPoint\",\"urlTemplate\":\"https:\/\/inspiratio.ro\/?s={search_term_string}\"},\"query-input\":{\"@type\":\"PropertyValueSpecification\",\"valueRequired\":true,\"valueName\":\"search_term_string\"}}],\"inLanguage\":\"en-US\"},{\"@type\":\"Organization\",\"@id\":\"https:\/\/inspiratio.ro\/#organization\",\"name\":\"Inspiratio\",\"url\":\"https:\/\/inspiratio.ro\/\",\"logo\":{\"@type\":\"ImageObject\",\"inLanguage\":\"en-US\",\"@id\":\"https:\/\/inspiratio.ro\/#\/schema\/logo\/image\/\",\"url\":\"https:\/\/inspiratio.ro\/wp-content\/uploads\/2020\/06\/logo-inspiratio.png\",\"contentUrl\":\"https:\/\/inspiratio.ro\/wp-content\/uploads\/2020\/06\/logo-inspiratio.png\",\"width\":232,\"height\":209,\"caption\":\"Inspiratio\"},\"image\":{\"@id\":\"https:\/\/inspiratio.ro\/#\/schema\/logo\/image\/\"},\"sameAs\":[\"https:\/\/www.facebook.com\/inspiratiogiftstudio\/\",\"https:\/\/www.instagram.com\/inspiratio_giftstudio\/\"]}]}<\/script>\n<!-- \/ Yoast SEO plugin. -->","yoast_head_json":{"title":"ATF Levant 11 - Inspiratio","description":"ATF Levant 11","robots":{"index":"index","follow":"follow","max-snippet":"max-snippet:-1","max-image-preview":"max-image-preview:large","max-video-preview":"max-video-preview:-1"},"canonical":"https:\/\/inspiratio.ro\/produs\/atf-levant-11\/","og_locale":"en_US","og_type":"article","og_title":"ATF Levant 11 - Inspiratio","og_description":"ATF Levant 11","og_url":"https:\/\/inspiratio.ro\/produs\/atf-levant-11\/","og_site_name":"Inspiratio","article_publisher":"https:\/\/www.facebook.com\/inspiratiogiftstudio\/","article_modified_time":"2025-05-28T17:06:20+00:00","og_image":[{"width":1500,"height":1500,"url":"https:\/\/inspiratio.ro\/wp-content\/uploads\/2025\/03\/Serigrafie-11.jpg","type":"image\/jpeg"}],"twitter_card":"summary_large_image","twitter_misc":{"Est. reading time":"2 minutes"},"schema":{"@context":"https:\/\/schema.org","@graph":[{"@type":"WebPage","@id":"https:\/\/inspiratio.ro\/produs\/atf-levant-11\/","url":"https:\/\/inspiratio.ro\/produs\/atf-levant-11\/","name":"ATF Levant 11 - Inspiratio","isPartOf":{"@id":"https:\/\/inspiratio.ro\/#website"},"primaryImageOfPage":{"@id":"https:\/\/inspiratio.ro\/produs\/atf-levant-11\/#primaryimage"},"image":{"@id":"https:\/\/inspiratio.ro\/produs\/atf-levant-11\/#primaryimage"},"thumbnailUrl":"https:\/\/inspiratio.ro\/wp-content\/uploads\/2025\/03\/Serigrafie-11.jpg","datePublished":"2025-03-26T15:00:54+00:00","dateModified":"2025-05-28T17:06:20+00:00","description":"ATF Levant 11","breadcrumb":{"@id":"https:\/\/inspiratio.ro\/produs\/atf-levant-11\/#breadcrumb"},"inLanguage":"en-US","potentialAction":[{"@type":"ReadAction","target":["https:\/\/inspiratio.ro\/produs\/atf-levant-11\/"]}]},{"@type":"ImageObject","inLanguage":"en-US","@id":"https:\/\/inspiratio.ro\/produs\/atf-levant-11\/#primaryimage","url":"https:\/\/inspiratio.ro\/wp-content\/uploads\/2025\/03\/Serigrafie-11.jpg","contentUrl":"https:\/\/inspiratio.ro\/wp-content\/uploads\/2025\/03\/Serigrafie-11.jpg","width":1500,"height":1500},{"@type":"BreadcrumbList","@id":"https:\/\/inspiratio.ro\/produs\/atf-levant-11\/#breadcrumb","itemListElement":[{"@type":"ListItem","position":1,"name":"Shop","item":"https:\/\/inspiratio.ro\/magazin-cadouri\/"},{"@type":"ListItem","position":2,"name":"ATF Levant 11"}]},{"@type":"WebSite","@id":"https:\/\/inspiratio.ro\/#website","url":"https:\/\/inspiratio.ro\/","name":"Inspiratio","description":"Las\u0103-te purtat de inspira\u021bie","publisher":{"@id":"https:\/\/inspiratio.ro\/#organization"},"potentialAction":[{"@type":"SearchAction","target":{"@type":"EntryPoint","urlTemplate":"https:\/\/inspiratio.ro\/?s={search_term_string}"},"query-input":{"@type":"PropertyValueSpecification","valueRequired":true,"valueName":"search_term_string"}}],"inLanguage":"en-US"},{"@type":"Organization","@id":"https:\/\/inspiratio.ro\/#organization","name":"Inspiratio","url":"https:\/\/inspiratio.ro\/","logo":{"@type":"ImageObject","inLanguage":"en-US","@id":"https:\/\/inspiratio.ro\/#\/schema\/logo\/image\/","url":"https:\/\/inspiratio.ro\/wp-content\/uploads\/2020\/06\/logo-inspiratio.png","contentUrl":"https:\/\/inspiratio.ro\/wp-content\/uploads\/2020\/06\/logo-inspiratio.png","width":232,"height":209,"caption":"Inspiratio"},"image":{"@id":"https:\/\/inspiratio.ro\/#\/schema\/logo\/image\/"},"sameAs":["https:\/\/www.facebook.com\/inspiratiogiftstudio\/","https:\/\/www.instagram.com\/inspiratio_giftstudio\/"]}]}},"brands":[{"id":238,"name":"Galeria ARTEP","slug":"galeria-artep"}],"_links":{"self":[{"href":"https:\/\/inspiratio.ro\/en\/wp-json\/wp\/v2\/product\/9732","targetHints":{"allow":["GET"]}}],"collection":[{"href":"https:\/\/inspiratio.ro\/en\/wp-json\/wp\/v2\/product"}],"about":[{"href":"https:\/\/inspiratio.ro\/en\/wp-json\/wp\/v2\/types\/product"}],"replies":[{"embeddable":true,"href":"https:\/\/inspiratio.ro\/en\/wp-json\/wp\/v2\/comments?post=9732"}],"wp:featuredmedia":[{"embeddable":true,"href":"https:\/\/inspiratio.ro\/en\/wp-json\/wp\/v2\/media\/9739"}],"wp:attachment":[{"href":"https:\/\/inspiratio.ro\/en\/wp-json\/wp\/v2\/media?parent=9732"}],"wp:term":[{"taxonomy":"pwb-brand","embeddable":true,"href":"https:\/\/inspiratio.ro\/en\/wp-json\/wp\/v2\/pwb-brand?post=9732"},{"taxonomy":"product_brand","embeddable":true,"href":"https:\/\/inspiratio.ro\/en\/wp-json\/wp\/v2\/product_brand?post=9732"},{"taxonomy":"product_cat","embeddable":true,"href":"https:\/\/inspiratio.ro\/en\/wp-json\/wp\/v2\/product_cat?post=9732"},{"taxonomy":"product_tag","embeddable":true,"href":"https:\/\/inspiratio.ro\/en\/wp-json\/wp\/v2\/product_tag?post=9732"}],"curies":[{"name":"wp","href":"https:\/\/api.w.org\/{rel}","templated":true}]}}