{"id":9697,"date":"2025-03-05T17:07:07","date_gmt":"2025-03-05T15:07:07","guid":{"rendered":"https:\/\/inspiratio.ro\/?post_type=product&#038;p=9697"},"modified":"2025-03-05T17:36:48","modified_gmt":"2025-03-05T15:36:48","slug":"wag-heart-pendant-necklace-spring-is-in-the-air","status":"publish","type":"product","link":"https:\/\/inspiratio.ro\/en\/produs\/wag-heart-pendant-necklace-spring-is-in-the-air\/","title":{"rendered":"Colier pandantiv inim\u0103 &#8220;Spring is in the Air&#8221;"},"content":{"rendered":"<h3 style=\"text-align: center;\">SPRING IS IN THE AIR<\/h3>\n<p align=\"center\">Temele preferate ale Casei Wagner precum prim\u0103vara, gr\u0103dinile \u0219i peisajul fantastic scot piesa de por\u021belan din conven\u021bional \u0219i o transform\u0103 \u00eentr-un ornament care \u00ee\u021bi d\u0103 senza\u021bia c\u0103 \u00een el exist\u0103 un \u00eentreg univers (cel al artistului \u0219i al publicului), pe care ai vrea s\u0103-l la\u0219i urma\u0219ilor t\u0103i.<\/p>\n<p align=\"left\"><img loading=\"lazy\" decoding=\"async\" class=\" wp-image-9686 aligncenter\" src=\"https:\/\/inspiratio.ro\/wp-content\/uploads\/2025\/03\/lucrat-manual-300x212.png\" alt=\"\" width=\"192\" height=\"135\" \/><\/p>\n<h3 align=\"left\">Descriere<\/h3>\n<p>Colier cu pandantiv din por\u021belan pictat manual cu aur pur \u0219i perl\u0103 de cultur\u0103, cu lan\u021b \u0219i \u00eenchiz\u0103toare din Ag aurit.<\/p>\n<ul>\n<li><strong>Lungime pandantiv (inclusiv perla):<\/strong>\u00a02 cm<\/li>\n<li><strong>L\u0103\u021bime pandantiv:<\/strong>\u00a01,5 cm<\/li>\n<li><strong>Lungime lan\u021b:<\/strong>\u00a040 cm<\/li>\n<\/ul>\n<p>Pentru a preveni oxidarea care survine \u00een mod natural, se recomand\u0103 ca obiectele de argint \u0219i cele din argint aurit s\u0103 fie \u0219terse regulat cu o lavet\u0103 special\u0103 pentru bijuterii. Solu\u021bia cu care e impregnat\u0103 aceast\u0103 lavet\u0103 din bumbac 100% cur\u0103\u021b\u0103 argintul \u0219i \u00eei red\u0103 luciul ini\u021bial.<\/p>\n<hr \/>\n<p>La INSPIRATIO stocurile sunt mereu reduse pentru c\u0103 lucr\u0103m cu artizani \u0219i designeri care manufactureaz\u0103 fiecare produs \u00een parte.<\/p>\n<p>Av\u00e2nd \u00een vedere diversitatea modelelor \u0219i culorilor disponibile \u00een magazin, v\u0103 rug\u0103m s\u0103 ne contacta\u021bi telefonic\/Whatsapp pentru a v\u0103 putea sprijini \u00een alegerea produsului dorit.<\/p>\n","protected":false},"excerpt":{"rendered":"<p>WAG Heart Pendant Necklace &#8220;Spring is in the Air&#8221;<\/p>\n","protected":false},"featured_media":9699,"comment_status":"closed","ping_status":"closed","template":"","meta":[],"pwb-brand":[42],"product_brand":[],"product_cat":[87,18],"product_tag":[],"class_list":{"0":"post-9697","1":"product","2":"type-product","3":"status-publish","4":"has-post-thumbnail","6":"pwb-brand-wagner-arte","7":"product_cat-to-wear","8":"product_cat-bijuterie-contemporana","10":"first","11":"instock","12":"taxable","13":"shipping-taxable","14":"purchasable","15":"product-type-simple"},"yoast_head":"<!-- This site is optimized with the Yoast SEO plugin v26.9 - https:\/\/yoast.com\/product\/yoast-seo-wordpress\/ -->\n<title>WAG Colier pandantiv inim\u0103 &quot;Spring is in the Air&quot; - Inspiratio<\/title>\n<meta name=\"description\" content=\"WAG Heart Pendant Necklace &quot;Spring is in the Air&quot;\" \/>\n<meta name=\"robots\" content=\"index, follow, max-snippet:-1, max-image-preview:large, max-video-preview:-1\" \/>\n<link rel=\"canonical\" href=\"https:\/\/inspiratio.ro\/produs\/wag-heart-pendant-necklace-spring-is-in-the-air\/\" \/>\n<meta property=\"og:locale\" content=\"en_US\" \/>\n<meta property=\"og:type\" content=\"article\" \/>\n<meta property=\"og:title\" content=\"WAG Colier pandantiv inim\u0103 &quot;Spring is in the Air&quot; - Inspiratio\" \/>\n<meta property=\"og:description\" content=\"WAG Heart Pendant Necklace &quot;Spring is in the Air&quot;\" \/>\n<meta property=\"og:url\" content=\"https:\/\/inspiratio.ro\/produs\/wag-heart-pendant-necklace-spring-is-in-the-air\/\" \/>\n<meta property=\"og:site_name\" content=\"Inspiratio\" \/>\n<meta property=\"article:publisher\" content=\"https:\/\/www.facebook.com\/inspiratiogiftstudio\/\" \/>\n<meta property=\"article:modified_time\" content=\"2025-03-05T15:36:48+00:00\" \/>\n<meta property=\"og:image\" content=\"https:\/\/inspiratio.ro\/wp-content\/uploads\/2025\/03\/20230822_120001__2__1_.jpg\" \/>\n\t<meta property=\"og:image:width\" content=\"1000\" \/>\n\t<meta property=\"og:image:height\" content=\"1000\" \/>\n\t<meta property=\"og:image:type\" content=\"image\/jpeg\" \/>\n<meta name=\"twitter:card\" content=\"summary_large_image\" \/>\n<meta name=\"twitter:label1\" content=\"Est. reading time\" \/>\n\t<meta name=\"twitter:data1\" content=\"2 minutes\" \/>\n<script type=\"application\/ld+json\" class=\"yoast-schema-graph\">{\"@context\":\"https:\/\/schema.org\",\"@graph\":[{\"@type\":\"WebPage\",\"@id\":\"https:\/\/inspiratio.ro\/produs\/wag-heart-pendant-necklace-spring-is-in-the-air\/\",\"url\":\"https:\/\/inspiratio.ro\/produs\/wag-heart-pendant-necklace-spring-is-in-the-air\/\",\"name\":\"WAG Colier pandantiv inim\u0103 \\\"Spring is in the Air\\\" - Inspiratio\",\"isPartOf\":{\"@id\":\"https:\/\/inspiratio.ro\/#website\"},\"primaryImageOfPage\":{\"@id\":\"https:\/\/inspiratio.ro\/produs\/wag-heart-pendant-necklace-spring-is-in-the-air\/#primaryimage\"},\"image\":{\"@id\":\"https:\/\/inspiratio.ro\/produs\/wag-heart-pendant-necklace-spring-is-in-the-air\/#primaryimage\"},\"thumbnailUrl\":\"https:\/\/inspiratio.ro\/wp-content\/uploads\/2025\/03\/20230822_120001__2__1_.jpg\",\"datePublished\":\"2025-03-05T15:07:07+00:00\",\"dateModified\":\"2025-03-05T15:36:48+00:00\",\"description\":\"WAG Heart Pendant Necklace \\\"Spring is in the Air\\\"\",\"breadcrumb\":{\"@id\":\"https:\/\/inspiratio.ro\/produs\/wag-heart-pendant-necklace-spring-is-in-the-air\/#breadcrumb\"},\"inLanguage\":\"en-US\",\"potentialAction\":[{\"@type\":\"ReadAction\",\"target\":[\"https:\/\/inspiratio.ro\/produs\/wag-heart-pendant-necklace-spring-is-in-the-air\/\"]}]},{\"@type\":\"ImageObject\",\"inLanguage\":\"en-US\",\"@id\":\"https:\/\/inspiratio.ro\/produs\/wag-heart-pendant-necklace-spring-is-in-the-air\/#primaryimage\",\"url\":\"https:\/\/inspiratio.ro\/wp-content\/uploads\/2025\/03\/20230822_120001__2__1_.jpg\",\"contentUrl\":\"https:\/\/inspiratio.ro\/wp-content\/uploads\/2025\/03\/20230822_120001__2__1_.jpg\",\"width\":1000,\"height\":1000},{\"@type\":\"BreadcrumbList\",\"@id\":\"https:\/\/inspiratio.ro\/produs\/wag-heart-pendant-necklace-spring-is-in-the-air\/#breadcrumb\",\"itemListElement\":[{\"@type\":\"ListItem\",\"position\":1,\"name\":\"Shop\",\"item\":\"https:\/\/inspiratio.ro\/magazin-cadouri\/\"},{\"@type\":\"ListItem\",\"position\":2,\"name\":\"WAG Colier pandantiv inim\u0103 &#8222;Spring is in the Air&#8221;\"}]},{\"@type\":\"WebSite\",\"@id\":\"https:\/\/inspiratio.ro\/#website\",\"url\":\"https:\/\/inspiratio.ro\/\",\"name\":\"Inspiratio\",\"description\":\"Las\u0103-te purtat de inspira\u021bie\",\"publisher\":{\"@id\":\"https:\/\/inspiratio.ro\/#organization\"},\"potentialAction\":[{\"@type\":\"SearchAction\",\"target\":{\"@type\":\"EntryPoint\",\"urlTemplate\":\"https:\/\/inspiratio.ro\/?s={search_term_string}\"},\"query-input\":{\"@type\":\"PropertyValueSpecification\",\"valueRequired\":true,\"valueName\":\"search_term_string\"}}],\"inLanguage\":\"en-US\"},{\"@type\":\"Organization\",\"@id\":\"https:\/\/inspiratio.ro\/#organization\",\"name\":\"Inspiratio\",\"url\":\"https:\/\/inspiratio.ro\/\",\"logo\":{\"@type\":\"ImageObject\",\"inLanguage\":\"en-US\",\"@id\":\"https:\/\/inspiratio.ro\/#\/schema\/logo\/image\/\",\"url\":\"https:\/\/inspiratio.ro\/wp-content\/uploads\/2020\/06\/logo-inspiratio.png\",\"contentUrl\":\"https:\/\/inspiratio.ro\/wp-content\/uploads\/2020\/06\/logo-inspiratio.png\",\"width\":232,\"height\":209,\"caption\":\"Inspiratio\"},\"image\":{\"@id\":\"https:\/\/inspiratio.ro\/#\/schema\/logo\/image\/\"},\"sameAs\":[\"https:\/\/www.facebook.com\/inspiratiogiftstudio\/\",\"https:\/\/www.instagram.com\/inspiratio_giftstudio\/\"]}]}<\/script>\n<!-- \/ Yoast SEO plugin. -->","yoast_head_json":{"title":"WAG Colier pandantiv inim\u0103 \"Spring is in the Air\" - Inspiratio","description":"WAG Heart Pendant Necklace \"Spring is in the Air\"","robots":{"index":"index","follow":"follow","max-snippet":"max-snippet:-1","max-image-preview":"max-image-preview:large","max-video-preview":"max-video-preview:-1"},"canonical":"https:\/\/inspiratio.ro\/produs\/wag-heart-pendant-necklace-spring-is-in-the-air\/","og_locale":"en_US","og_type":"article","og_title":"WAG Colier pandantiv inim\u0103 \"Spring is in the Air\" - Inspiratio","og_description":"WAG Heart Pendant Necklace \"Spring is in the Air\"","og_url":"https:\/\/inspiratio.ro\/produs\/wag-heart-pendant-necklace-spring-is-in-the-air\/","og_site_name":"Inspiratio","article_publisher":"https:\/\/www.facebook.com\/inspiratiogiftstudio\/","article_modified_time":"2025-03-05T15:36:48+00:00","og_image":[{"width":1000,"height":1000,"url":"https:\/\/inspiratio.ro\/wp-content\/uploads\/2025\/03\/20230822_120001__2__1_.jpg","type":"image\/jpeg"}],"twitter_card":"summary_large_image","twitter_misc":{"Est. reading time":"2 minutes"},"schema":{"@context":"https:\/\/schema.org","@graph":[{"@type":"WebPage","@id":"https:\/\/inspiratio.ro\/produs\/wag-heart-pendant-necklace-spring-is-in-the-air\/","url":"https:\/\/inspiratio.ro\/produs\/wag-heart-pendant-necklace-spring-is-in-the-air\/","name":"WAG Colier pandantiv inim\u0103 \"Spring is in the Air\" - Inspiratio","isPartOf":{"@id":"https:\/\/inspiratio.ro\/#website"},"primaryImageOfPage":{"@id":"https:\/\/inspiratio.ro\/produs\/wag-heart-pendant-necklace-spring-is-in-the-air\/#primaryimage"},"image":{"@id":"https:\/\/inspiratio.ro\/produs\/wag-heart-pendant-necklace-spring-is-in-the-air\/#primaryimage"},"thumbnailUrl":"https:\/\/inspiratio.ro\/wp-content\/uploads\/2025\/03\/20230822_120001__2__1_.jpg","datePublished":"2025-03-05T15:07:07+00:00","dateModified":"2025-03-05T15:36:48+00:00","description":"WAG Heart Pendant Necklace \"Spring is in the Air\"","breadcrumb":{"@id":"https:\/\/inspiratio.ro\/produs\/wag-heart-pendant-necklace-spring-is-in-the-air\/#breadcrumb"},"inLanguage":"en-US","potentialAction":[{"@type":"ReadAction","target":["https:\/\/inspiratio.ro\/produs\/wag-heart-pendant-necklace-spring-is-in-the-air\/"]}]},{"@type":"ImageObject","inLanguage":"en-US","@id":"https:\/\/inspiratio.ro\/produs\/wag-heart-pendant-necklace-spring-is-in-the-air\/#primaryimage","url":"https:\/\/inspiratio.ro\/wp-content\/uploads\/2025\/03\/20230822_120001__2__1_.jpg","contentUrl":"https:\/\/inspiratio.ro\/wp-content\/uploads\/2025\/03\/20230822_120001__2__1_.jpg","width":1000,"height":1000},{"@type":"BreadcrumbList","@id":"https:\/\/inspiratio.ro\/produs\/wag-heart-pendant-necklace-spring-is-in-the-air\/#breadcrumb","itemListElement":[{"@type":"ListItem","position":1,"name":"Shop","item":"https:\/\/inspiratio.ro\/magazin-cadouri\/"},{"@type":"ListItem","position":2,"name":"WAG Colier pandantiv inim\u0103 &#8222;Spring is in the Air&#8221;"}]},{"@type":"WebSite","@id":"https:\/\/inspiratio.ro\/#website","url":"https:\/\/inspiratio.ro\/","name":"Inspiratio","description":"Las\u0103-te purtat de inspira\u021bie","publisher":{"@id":"https:\/\/inspiratio.ro\/#organization"},"potentialAction":[{"@type":"SearchAction","target":{"@type":"EntryPoint","urlTemplate":"https:\/\/inspiratio.ro\/?s={search_term_string}"},"query-input":{"@type":"PropertyValueSpecification","valueRequired":true,"valueName":"search_term_string"}}],"inLanguage":"en-US"},{"@type":"Organization","@id":"https:\/\/inspiratio.ro\/#organization","name":"Inspiratio","url":"https:\/\/inspiratio.ro\/","logo":{"@type":"ImageObject","inLanguage":"en-US","@id":"https:\/\/inspiratio.ro\/#\/schema\/logo\/image\/","url":"https:\/\/inspiratio.ro\/wp-content\/uploads\/2020\/06\/logo-inspiratio.png","contentUrl":"https:\/\/inspiratio.ro\/wp-content\/uploads\/2020\/06\/logo-inspiratio.png","width":232,"height":209,"caption":"Inspiratio"},"image":{"@id":"https:\/\/inspiratio.ro\/#\/schema\/logo\/image\/"},"sameAs":["https:\/\/www.facebook.com\/inspiratiogiftstudio\/","https:\/\/www.instagram.com\/inspiratio_giftstudio\/"]}]}},"brands":[{"id":42,"name":"Wagner Arte","slug":"wagner-arte"}],"_links":{"self":[{"href":"https:\/\/inspiratio.ro\/en\/wp-json\/wp\/v2\/product\/9697","targetHints":{"allow":["GET"]}}],"collection":[{"href":"https:\/\/inspiratio.ro\/en\/wp-json\/wp\/v2\/product"}],"about":[{"href":"https:\/\/inspiratio.ro\/en\/wp-json\/wp\/v2\/types\/product"}],"replies":[{"embeddable":true,"href":"https:\/\/inspiratio.ro\/en\/wp-json\/wp\/v2\/comments?post=9697"}],"wp:featuredmedia":[{"embeddable":true,"href":"https:\/\/inspiratio.ro\/en\/wp-json\/wp\/v2\/media\/9699"}],"wp:attachment":[{"href":"https:\/\/inspiratio.ro\/en\/wp-json\/wp\/v2\/media?parent=9697"}],"wp:term":[{"taxonomy":"pwb-brand","embeddable":true,"href":"https:\/\/inspiratio.ro\/en\/wp-json\/wp\/v2\/pwb-brand?post=9697"},{"taxonomy":"product_brand","embeddable":true,"href":"https:\/\/inspiratio.ro\/en\/wp-json\/wp\/v2\/product_brand?post=9697"},{"taxonomy":"product_cat","embeddable":true,"href":"https:\/\/inspiratio.ro\/en\/wp-json\/wp\/v2\/product_cat?post=9697"},{"taxonomy":"product_tag","embeddable":true,"href":"https:\/\/inspiratio.ro\/en\/wp-json\/wp\/v2\/product_tag?post=9697"}],"curies":[{"name":"wp","href":"https:\/\/api.w.org\/{rel}","templated":true}]}}