{"id":9690,"date":"2025-03-05T16:47:13","date_gmt":"2025-03-05T14:47:13","guid":{"rendered":"https:\/\/inspiratio.ro\/?post_type=product&#038;p=9690"},"modified":"2025-03-05T17:37:33","modified_gmt":"2025-03-05T15:37:33","slug":"wag-green-duo-house-necklace-with-pearl-charm-byzantium","status":"publish","type":"product","link":"https:\/\/inspiratio.ro\/en\/produs\/wag-green-duo-house-necklace-with-pearl-charm-byzantium\/","title":{"rendered":"Colier cas\u0103 duo \u0219i charm cu perl\u0103 &#8220;Byzantium&#8221; albastru\/verde"},"content":{"rendered":"<h3 style=\"text-align: center;\">BYZANTIUM<\/h3>\n<p class=\"p\" align=\"center\"><i>Spectacolul rafinamentului \u0219i redescoperirea marilor valori de l\u00e2ng\u0103 noi<\/i><\/p>\n<p class=\"p\" align=\"justify\">Sursa de inspira\u021bie a Anei a fost arhitectura neorom\u00e2neasc\u0103 cu influen\u021be bizantine a multor cl\u0103diri din Cotroceni, minunatul cartier unde se g\u0103se\u0219te atelierul nostru. Piesele din por\u021belan au forma crucii bizantine, pe care artista a redescoperit-o \u00een detalii splendide \u0219i ascunse ale arhitecturii Cotrocenilor. Forma inedit\u0103 a por\u021belanului, corespondentele lui calme cu metalele \u0219i pietrele semipre\u021bioase, regalul culorilor \u0219i al miniaturii, designul ingenios fac din &#8220;Byzantium&#8221; colec\u021bia-colec\u021biilor. Bijuteria ca art\u0103 n\u0103scut\u0103 acum, din redescoperirea marilor valori din vecin\u0103tatea \u0219i patrimoniul nostru cultural.<\/p>\n<p align=\"left\"><img loading=\"lazy\" decoding=\"async\" class=\" wp-image-9686 aligncenter\" src=\"https:\/\/inspiratio.ro\/wp-content\/uploads\/2025\/03\/lucrat-manual-300x212.png\" alt=\"\" width=\"192\" height=\"135\" \/><\/p>\n<h3>Descriere<\/h3>\n<p>Dou\u0103 coliere \u00eentr-unul. Pandantiv din por\u021belan \u00een form\u0103 de cas\u0103 pictat\u0103 manual fa\u021b\u0103-verso cu aur pur \u0219i charm cu perl\u0103 de cultur\u0103. Pe spate c\u0103su\u021ba \u00eencadreaz\u0103 o inimioar\u0103 de por\u021belan aurit\u0103.<\/p>\n<ul>\n<li><strong>Casa:<\/strong>\u00a021 mm x 28 mm<\/li>\n<li><strong>C\u0103su\u021ba:<\/strong>\u00a011 mm x 14 mm<\/li>\n<li><strong>Lan\u021b colier din argint aurit:<\/strong>\u00a060 cm<\/li>\n<li><strong>Lan\u021b charm din argint aurit:<\/strong>\u00a020 cm<\/li>\n<\/ul>\n<p>Pentru a preveni oxidarea care survine \u00een mod natural, se recomand\u0103 ca obiectele de argint \u0219i cele din argint aurit s\u0103 fie \u0219terse regulat cu o lavet\u0103 special\u0103 pentru bijuterii. Solu\u021bia cu care e impregnat\u0103 aceast\u0103 lavet\u0103 din bumbac 100% cur\u0103\u021b\u0103 argintul \u0219i \u00eei red\u0103 luciul ini\u021bial.<\/p>\n<hr \/>\n<p>La INSPIRATIO stocurile sunt mereu reduse pentru c\u0103 lucr\u0103m cu artizani \u0219i designeri care manufactureaz\u0103 fiecare produs \u00een parte.<\/p>\n<p>Av\u00e2nd \u00een vedere diversitatea modelelor \u0219i culorilor disponibile \u00een magazin, v\u0103 rug\u0103m s\u0103 ne contacta\u021bi telefonic\/Whatsapp pentru a v\u0103 putea sprijini \u00een alegerea produsului dorit.<\/p>\n","protected":false},"excerpt":{"rendered":"<p>Colier<\/p>\n","protected":false},"featured_media":9691,"comment_status":"closed","ping_status":"closed","template":"","meta":[],"pwb-brand":[42],"product_brand":[],"product_cat":[87,18],"product_tag":[],"class_list":{"0":"post-9690","1":"product","2":"type-product","3":"status-publish","4":"has-post-thumbnail","6":"pwb-brand-wagner-arte","7":"product_cat-to-wear","8":"product_cat-bijuterie-contemporana","10":"first","11":"instock","12":"taxable","13":"shipping-taxable","14":"purchasable","15":"product-type-simple"},"yoast_head":"<!-- This site is optimized with the Yoast SEO plugin v26.9 - https:\/\/yoast.com\/product\/yoast-seo-wordpress\/ -->\n<title>WAG Colier cas\u0103 duo \u0219i charm cu perl\u0103 &quot;Byzantium&quot; albastru\/verde - Inspiratio<\/title>\n<meta name=\"description\" content=\"WAG Green Duo House Necklace with Pearl Charm &quot;Byzantium&quot;\" \/>\n<meta name=\"robots\" content=\"index, follow, max-snippet:-1, max-image-preview:large, max-video-preview:-1\" \/>\n<link rel=\"canonical\" href=\"https:\/\/inspiratio.ro\/produs\/wag-green-duo-house-necklace-with-pearl-charm-byzantium\/\" \/>\n<meta property=\"og:locale\" content=\"en_US\" \/>\n<meta property=\"og:type\" content=\"article\" \/>\n<meta property=\"og:title\" content=\"WAG Colier cas\u0103 duo \u0219i charm cu perl\u0103 &quot;Byzantium&quot; albastru\/verde - Inspiratio\" \/>\n<meta property=\"og:description\" content=\"WAG Green Duo House Necklace with Pearl Charm &quot;Byzantium&quot;\" \/>\n<meta property=\"og:url\" content=\"https:\/\/inspiratio.ro\/produs\/wag-green-duo-house-necklace-with-pearl-charm-byzantium\/\" \/>\n<meta property=\"og:site_name\" content=\"Inspiratio\" \/>\n<meta property=\"article:publisher\" content=\"https:\/\/www.facebook.com\/inspiratiogiftstudio\/\" \/>\n<meta property=\"article:modified_time\" content=\"2025-03-05T15:37:33+00:00\" \/>\n<meta property=\"og:image\" content=\"https:\/\/inspiratio.ro\/wp-content\/uploads\/2025\/03\/colier_albastru_casa_fata.jpg\" \/>\n\t<meta property=\"og:image:width\" content=\"1000\" \/>\n\t<meta property=\"og:image:height\" content=\"1000\" \/>\n\t<meta property=\"og:image:type\" content=\"image\/jpeg\" \/>\n<meta name=\"twitter:card\" content=\"summary_large_image\" \/>\n<meta name=\"twitter:label1\" content=\"Est. reading time\" \/>\n\t<meta name=\"twitter:data1\" content=\"2 minutes\" \/>\n<script type=\"application\/ld+json\" class=\"yoast-schema-graph\">{\"@context\":\"https:\/\/schema.org\",\"@graph\":[{\"@type\":\"WebPage\",\"@id\":\"https:\/\/inspiratio.ro\/produs\/wag-green-duo-house-necklace-with-pearl-charm-byzantium\/\",\"url\":\"https:\/\/inspiratio.ro\/produs\/wag-green-duo-house-necklace-with-pearl-charm-byzantium\/\",\"name\":\"WAG Colier cas\u0103 duo \u0219i charm cu perl\u0103 \\\"Byzantium\\\" albastru\/verde - Inspiratio\",\"isPartOf\":{\"@id\":\"https:\/\/inspiratio.ro\/#website\"},\"primaryImageOfPage\":{\"@id\":\"https:\/\/inspiratio.ro\/produs\/wag-green-duo-house-necklace-with-pearl-charm-byzantium\/#primaryimage\"},\"image\":{\"@id\":\"https:\/\/inspiratio.ro\/produs\/wag-green-duo-house-necklace-with-pearl-charm-byzantium\/#primaryimage\"},\"thumbnailUrl\":\"https:\/\/inspiratio.ro\/wp-content\/uploads\/2025\/03\/colier_albastru_casa_fata.jpg\",\"datePublished\":\"2025-03-05T14:47:13+00:00\",\"dateModified\":\"2025-03-05T15:37:33+00:00\",\"description\":\"WAG Green Duo House Necklace with Pearl Charm \\\"Byzantium\\\"\",\"breadcrumb\":{\"@id\":\"https:\/\/inspiratio.ro\/produs\/wag-green-duo-house-necklace-with-pearl-charm-byzantium\/#breadcrumb\"},\"inLanguage\":\"en-US\",\"potentialAction\":[{\"@type\":\"ReadAction\",\"target\":[\"https:\/\/inspiratio.ro\/produs\/wag-green-duo-house-necklace-with-pearl-charm-byzantium\/\"]}]},{\"@type\":\"ImageObject\",\"inLanguage\":\"en-US\",\"@id\":\"https:\/\/inspiratio.ro\/produs\/wag-green-duo-house-necklace-with-pearl-charm-byzantium\/#primaryimage\",\"url\":\"https:\/\/inspiratio.ro\/wp-content\/uploads\/2025\/03\/colier_albastru_casa_fata.jpg\",\"contentUrl\":\"https:\/\/inspiratio.ro\/wp-content\/uploads\/2025\/03\/colier_albastru_casa_fata.jpg\",\"width\":1000,\"height\":1000},{\"@type\":\"BreadcrumbList\",\"@id\":\"https:\/\/inspiratio.ro\/produs\/wag-green-duo-house-necklace-with-pearl-charm-byzantium\/#breadcrumb\",\"itemListElement\":[{\"@type\":\"ListItem\",\"position\":1,\"name\":\"Shop\",\"item\":\"https:\/\/inspiratio.ro\/magazin-cadouri\/\"},{\"@type\":\"ListItem\",\"position\":2,\"name\":\"WAG Colier cas\u0103 duo \u0219i charm cu perl\u0103 &#8222;Byzantium&#8221; albastru\/verde\"}]},{\"@type\":\"WebSite\",\"@id\":\"https:\/\/inspiratio.ro\/#website\",\"url\":\"https:\/\/inspiratio.ro\/\",\"name\":\"Inspiratio\",\"description\":\"Las\u0103-te purtat de inspira\u021bie\",\"publisher\":{\"@id\":\"https:\/\/inspiratio.ro\/#organization\"},\"potentialAction\":[{\"@type\":\"SearchAction\",\"target\":{\"@type\":\"EntryPoint\",\"urlTemplate\":\"https:\/\/inspiratio.ro\/?s={search_term_string}\"},\"query-input\":{\"@type\":\"PropertyValueSpecification\",\"valueRequired\":true,\"valueName\":\"search_term_string\"}}],\"inLanguage\":\"en-US\"},{\"@type\":\"Organization\",\"@id\":\"https:\/\/inspiratio.ro\/#organization\",\"name\":\"Inspiratio\",\"url\":\"https:\/\/inspiratio.ro\/\",\"logo\":{\"@type\":\"ImageObject\",\"inLanguage\":\"en-US\",\"@id\":\"https:\/\/inspiratio.ro\/#\/schema\/logo\/image\/\",\"url\":\"https:\/\/inspiratio.ro\/wp-content\/uploads\/2020\/06\/logo-inspiratio.png\",\"contentUrl\":\"https:\/\/inspiratio.ro\/wp-content\/uploads\/2020\/06\/logo-inspiratio.png\",\"width\":232,\"height\":209,\"caption\":\"Inspiratio\"},\"image\":{\"@id\":\"https:\/\/inspiratio.ro\/#\/schema\/logo\/image\/\"},\"sameAs\":[\"https:\/\/www.facebook.com\/inspiratiogiftstudio\/\",\"https:\/\/www.instagram.com\/inspiratio_giftstudio\/\"]}]}<\/script>\n<!-- \/ Yoast SEO plugin. -->","yoast_head_json":{"title":"WAG Colier cas\u0103 duo \u0219i charm cu perl\u0103 \"Byzantium\" albastru\/verde - Inspiratio","description":"WAG Green Duo House Necklace with Pearl Charm \"Byzantium\"","robots":{"index":"index","follow":"follow","max-snippet":"max-snippet:-1","max-image-preview":"max-image-preview:large","max-video-preview":"max-video-preview:-1"},"canonical":"https:\/\/inspiratio.ro\/produs\/wag-green-duo-house-necklace-with-pearl-charm-byzantium\/","og_locale":"en_US","og_type":"article","og_title":"WAG Colier cas\u0103 duo \u0219i charm cu perl\u0103 \"Byzantium\" albastru\/verde - Inspiratio","og_description":"WAG Green Duo House Necklace with Pearl Charm \"Byzantium\"","og_url":"https:\/\/inspiratio.ro\/produs\/wag-green-duo-house-necklace-with-pearl-charm-byzantium\/","og_site_name":"Inspiratio","article_publisher":"https:\/\/www.facebook.com\/inspiratiogiftstudio\/","article_modified_time":"2025-03-05T15:37:33+00:00","og_image":[{"width":1000,"height":1000,"url":"https:\/\/inspiratio.ro\/wp-content\/uploads\/2025\/03\/colier_albastru_casa_fata.jpg","type":"image\/jpeg"}],"twitter_card":"summary_large_image","twitter_misc":{"Est. reading time":"2 minutes"},"schema":{"@context":"https:\/\/schema.org","@graph":[{"@type":"WebPage","@id":"https:\/\/inspiratio.ro\/produs\/wag-green-duo-house-necklace-with-pearl-charm-byzantium\/","url":"https:\/\/inspiratio.ro\/produs\/wag-green-duo-house-necklace-with-pearl-charm-byzantium\/","name":"WAG Colier cas\u0103 duo \u0219i charm cu perl\u0103 \"Byzantium\" albastru\/verde - Inspiratio","isPartOf":{"@id":"https:\/\/inspiratio.ro\/#website"},"primaryImageOfPage":{"@id":"https:\/\/inspiratio.ro\/produs\/wag-green-duo-house-necklace-with-pearl-charm-byzantium\/#primaryimage"},"image":{"@id":"https:\/\/inspiratio.ro\/produs\/wag-green-duo-house-necklace-with-pearl-charm-byzantium\/#primaryimage"},"thumbnailUrl":"https:\/\/inspiratio.ro\/wp-content\/uploads\/2025\/03\/colier_albastru_casa_fata.jpg","datePublished":"2025-03-05T14:47:13+00:00","dateModified":"2025-03-05T15:37:33+00:00","description":"WAG Green Duo House Necklace with Pearl Charm \"Byzantium\"","breadcrumb":{"@id":"https:\/\/inspiratio.ro\/produs\/wag-green-duo-house-necklace-with-pearl-charm-byzantium\/#breadcrumb"},"inLanguage":"en-US","potentialAction":[{"@type":"ReadAction","target":["https:\/\/inspiratio.ro\/produs\/wag-green-duo-house-necklace-with-pearl-charm-byzantium\/"]}]},{"@type":"ImageObject","inLanguage":"en-US","@id":"https:\/\/inspiratio.ro\/produs\/wag-green-duo-house-necklace-with-pearl-charm-byzantium\/#primaryimage","url":"https:\/\/inspiratio.ro\/wp-content\/uploads\/2025\/03\/colier_albastru_casa_fata.jpg","contentUrl":"https:\/\/inspiratio.ro\/wp-content\/uploads\/2025\/03\/colier_albastru_casa_fata.jpg","width":1000,"height":1000},{"@type":"BreadcrumbList","@id":"https:\/\/inspiratio.ro\/produs\/wag-green-duo-house-necklace-with-pearl-charm-byzantium\/#breadcrumb","itemListElement":[{"@type":"ListItem","position":1,"name":"Shop","item":"https:\/\/inspiratio.ro\/magazin-cadouri\/"},{"@type":"ListItem","position":2,"name":"WAG Colier cas\u0103 duo \u0219i charm cu perl\u0103 &#8222;Byzantium&#8221; albastru\/verde"}]},{"@type":"WebSite","@id":"https:\/\/inspiratio.ro\/#website","url":"https:\/\/inspiratio.ro\/","name":"Inspiratio","description":"Las\u0103-te purtat de inspira\u021bie","publisher":{"@id":"https:\/\/inspiratio.ro\/#organization"},"potentialAction":[{"@type":"SearchAction","target":{"@type":"EntryPoint","urlTemplate":"https:\/\/inspiratio.ro\/?s={search_term_string}"},"query-input":{"@type":"PropertyValueSpecification","valueRequired":true,"valueName":"search_term_string"}}],"inLanguage":"en-US"},{"@type":"Organization","@id":"https:\/\/inspiratio.ro\/#organization","name":"Inspiratio","url":"https:\/\/inspiratio.ro\/","logo":{"@type":"ImageObject","inLanguage":"en-US","@id":"https:\/\/inspiratio.ro\/#\/schema\/logo\/image\/","url":"https:\/\/inspiratio.ro\/wp-content\/uploads\/2020\/06\/logo-inspiratio.png","contentUrl":"https:\/\/inspiratio.ro\/wp-content\/uploads\/2020\/06\/logo-inspiratio.png","width":232,"height":209,"caption":"Inspiratio"},"image":{"@id":"https:\/\/inspiratio.ro\/#\/schema\/logo\/image\/"},"sameAs":["https:\/\/www.facebook.com\/inspiratiogiftstudio\/","https:\/\/www.instagram.com\/inspiratio_giftstudio\/"]}]}},"brands":[{"id":42,"name":"Wagner Arte","slug":"wagner-arte"}],"_links":{"self":[{"href":"https:\/\/inspiratio.ro\/en\/wp-json\/wp\/v2\/product\/9690","targetHints":{"allow":["GET"]}}],"collection":[{"href":"https:\/\/inspiratio.ro\/en\/wp-json\/wp\/v2\/product"}],"about":[{"href":"https:\/\/inspiratio.ro\/en\/wp-json\/wp\/v2\/types\/product"}],"replies":[{"embeddable":true,"href":"https:\/\/inspiratio.ro\/en\/wp-json\/wp\/v2\/comments?post=9690"}],"wp:featuredmedia":[{"embeddable":true,"href":"https:\/\/inspiratio.ro\/en\/wp-json\/wp\/v2\/media\/9691"}],"wp:attachment":[{"href":"https:\/\/inspiratio.ro\/en\/wp-json\/wp\/v2\/media?parent=9690"}],"wp:term":[{"taxonomy":"pwb-brand","embeddable":true,"href":"https:\/\/inspiratio.ro\/en\/wp-json\/wp\/v2\/pwb-brand?post=9690"},{"taxonomy":"product_brand","embeddable":true,"href":"https:\/\/inspiratio.ro\/en\/wp-json\/wp\/v2\/product_brand?post=9690"},{"taxonomy":"product_cat","embeddable":true,"href":"https:\/\/inspiratio.ro\/en\/wp-json\/wp\/v2\/product_cat?post=9690"},{"taxonomy":"product_tag","embeddable":true,"href":"https:\/\/inspiratio.ro\/en\/wp-json\/wp\/v2\/product_tag?post=9690"}],"curies":[{"name":"wp","href":"https:\/\/api.w.org\/{rel}","templated":true}]}}