{"id":9659,"date":"2025-03-04T16:33:51","date_gmt":"2025-03-04T14:33:51","guid":{"rendered":"https:\/\/inspiratio.ro\/?post_type=product&#038;p=9659"},"modified":"2025-03-04T16:43:11","modified_gmt":"2025-03-04T14:43:11","slug":"goj-ser-de-fata-hydra-sense-night-potion","status":"publish","type":"product","link":"https:\/\/inspiratio.ro\/en\/produs\/goj-ser-de-fata-hydra-sense-night-potion\/","title":{"rendered":"Ser de fa\u021b\u0103 HYDRA SENSE Night Potion"},"content":{"rendered":"<h2 class=\"product-single__title\">Ser de fa\u021b\u0103 cu goji intens hidratant HYDRA SENSE Night Potion 30ml<\/h2>\n<p>HYDRA SENSE Night Potion este un ser de fa\u021b\u0103 natural \u0219i revolu\u021bionar, pe baz\u0103 de extract de goji rom\u00e2nesc care ajut\u0103 la men\u021binerea unui ten s\u0103n\u0103tos \u0219i ferm!<\/p>\n<p>Datorit\u0103 abunden\u021bei de\u00a0<b>Vitamina C<\/b>\u00a0\u0219i al\u021bi nutrien\u021bi esen\u021biali, acesta are multiple beneficii asupra pielii precum:<\/p>\n<p><b>\u2714\ufe0e hidratare, calmare \u0219i regenerare<br \/>\n\u2714\ufe0e red\u0103 luminozitate \u0219i uniformizeaz\u0103 culoarea tenului<br \/>\n\u2714\ufe0e estompeaz\u0103 petele pigmentare<br \/>\n\u2714\ufe0e diminueaz\u0103 semnificativ liniile fine \u0219i ridurile<br \/>\n\u2714\ufe0e potrivit pentru toate tipurile de ten<br \/>\n\u2714\ufe0e reduce \u0219i simplific\u0103 rutina de \u00eengrijire<br \/>\n\u2714\ufe0e un singur produs = efecte multiple<br \/>\n\u2714\ufe0e rezultate vizibile de la prima aplicare<\/b><\/p>\n<p>Al\u0103tur\u0103-te miilor de persoane \u0219i \u00eencearc\u0103-l \u0219i tu dac\u0103 vrei s\u0103 te bucuri de un ten s\u0103n\u0103tos \u0219i radiant, a\u0219a cum mereu ai visat!<\/p>\n<h3><strong>HYDRA SENSE Night Potion &#8211;\u00a0<em>Secretul unui ten revitalizat \u0219i str\u0103lucitor, \u00eentr-un ser de fa\u021b\u0103 revolu\u021bionar cu extract de goji<\/em>.<\/strong><\/h3>\n<div style=\"text-align: center;\"><img loading=\"lazy\" decoding=\"async\" class=\"\" style=\"float: none;\" src=\"https:\/\/cdn.shopify.com\/s\/files\/1\/0615\/4171\/2086\/files\/1.png?v=1680853244\" alt=\"Beneficii goji in skincare\" width=\"555\" height=\"312\" \/><\/div>\n<p>Descoper\u0103 puterea extraordinar\u0103 a extractului de goji rom\u00e2nesc, ce transform\u0103 pielea \u0219i \u00eei confer\u0103 un aspect s\u0103n\u0103tos \u0219i radiant. Beneficiile multiple \u0219i inegalabile ale acestui ser te vor cuceri:<\/p>\n<h3><strong>\u2714\ufe0f Hidratare Intens\u0103<\/strong><\/h3>\n<p>Formula bogat\u0103 \u00een nutrien\u021bi \u0219i vitamine asigur\u0103 o hidratare profund\u0103, l\u0103s\u00e2nd pielea catifelat\u0103 \u0219i elastic\u0103.<\/p>\n<h3><strong>\u2714\ufe0f Calmare<\/strong><\/h3>\n<p>Ingredientele naturale atent selec\u021bionate alin\u0103 irita\u021biile \u0219i ro\u0219ea\u021ba, conferind pielii hr\u0103nirea de care are nevoie zilnic.<\/p>\n<h3><strong>\u2714\ufe0f Regenerare<\/strong><\/h3>\n<p>Ac\u021bioneaz\u0103 eficient \u00een timpul somnului, revitaliz\u00e2nd \u0219i regener\u00e2nd pielea pentru un aspect odihnit \u0219i proasp\u0103t diminea\u021ba.<\/p>\n<h3><strong>\u2714\ufe0f Luminozitate \u0219i Uniformizare<\/strong><\/h3>\n<p>Red\u0103 str\u0103lucirea tenului \u0219i uniformizeaz\u0103 culoarea pielii, estomp\u00e2nd petele pigmentare \u0219i red\u00e2nd luminozitatea natural\u0103.<\/p>\n<h3><strong>\u2714\ufe0f Anti-Aging<\/strong><\/h3>\n<p>Ingredientele active din compozi\u021bie diminueaz\u0103 semnificativ liniile fine \u0219i ridurile, oferind un aspect \u00eentinerit \u0219i tonifiat.<\/p>\n<p>&nbsp;<\/p>\n<div><\/div>\n<hr \/>\n<p style=\"padding-left: 60px;\"><strong><em>\u00cencearc\u0103 \u0219i tu serul\u00a0HYDRA SENSE Night Potion \u0219i bucur\u0103-te de rezultate spectaculoase! Alege produsul care \u00eembin\u0103 tradi\u021bia \u0219i inova\u021bia \u00eentr-un ser de fa\u021b\u0103 luxuriant, creat special pentru a \u00eenc\u00e2nta \u0219i a satisface cele mai exigente nevoi ale pielii tale.<\/em><\/strong><\/p>\n<hr \/>\n<div style=\"text-align: center;\"><img loading=\"lazy\" decoding=\"async\" class=\"\" src=\"https:\/\/cdn.shopify.com\/s\/files\/1\/0615\/4171\/2086\/files\/LEOEXTRACTINSTAfeed_1080x1340px_BlogBanner_3_3342d814-1d16-4507-9047-03eb6a2c5853.png?v=1681678777\" width=\"569\" height=\"296\" \/><\/div>\n<h3>Ingrediente De Origine Natural\u0103 \u0218i Nenum\u0103rate Beneficii Pentru Tenul T\u0103u<\/h3>\n<p>HYDRA SENSE Night Potion este un ser puternic hidratant, care \u00ee\u021bi hr\u0103ne\u0219te tenul cu fiecare aplicare. Acesta las\u0103 o senza\u021bie pl\u0103cut\u0103 la atingere, fiind absorbit rapid \u00een piele. Din formula sa face parte extractul natural de fructe de goji din Transilvania, bogat \u00een antioxidan\u021bi benefici pentru s\u0103n\u0103tatea \u0219i frumuse\u021bea tenului.<\/p>\n<p><span style=\"font-weight: 400;\"><strong>Extract de goji organic rom\u00e2nesc<\/strong>\u00a0\u2013 serul HYDRA SENSE Night Potion este \u00eembog\u0103\u021bit natural cu\u00a0<em>Vitamina C<\/em>, un antioxidant prezent din abunden\u021b\u0103 \u00een fructele de goji, care stimuleaz\u0103 produc\u021bia de colagen \u0219i reduce hiperpigmentarea. Rezultatul? Un ten mai s\u0103n\u0103tos, luminos \u0219i plin de vitalitate. Mai mult, testele amanun\u021bite realizate pe acest extract arat\u0103 prezen\u021ba unei cantit\u0103\u021bi bogate de polizaharide, carotenoizi, zinc \u0219i vitamina B1 care ajut\u0103 la \u00eembun\u0103t\u0103\u021birea aspectului tenului, reduc inflama\u021bia \u0219i previn \u00eemb\u0103tr\u00e2nirea tenului prin combaterea efectelor stresului oxidativ.<\/span><\/p>\n<div><img loading=\"lazy\" decoding=\"async\" class=\"\" src=\"https:\/\/cdn.shopify.com\/s\/files\/1\/0615\/4171\/2086\/files\/GOJIREWEBPRODUCTPAGE_1080x1340px.png?v=1681836195\" alt=\"Extract de goji organic romanesc - GOJI REPUBLIC\" width=\"653\" height=\"368\" \/><\/div>\n<p><span style=\"font-weight: 400;\"><strong>Ulei de Migdale Dulci<\/strong>\u00a0\u2013 din formula HYDRA SENSE Night Potion face parte \u0219i uleiul de migdale dulci, care are un con\u021binut ridicat de\u00a0<em>acid oleic Omega-9<\/em>, cu efect ultra-hidratant \u0219i emolient. Astfel, dup\u0103 aplicarea serului, tenul t\u0103u va fi hidratat instant \u0219i \u00eel vei sim\u021bi extrem de fin la atingere.<\/span><\/p>\n<p><span style=\"font-weight: 400;\"><strong>Ulei din S\u00e2mburi de Struguri<\/strong>\u00a0\u2013 este emolient, antioxidant, nutritiv, hidratant. Este printre singurele uleiuri care se pot folosi \u0219i pentru pielea gras\u0103 \u0219i mixt\u0103, fiind un ulei lejer ce are o bun\u0103 afinitate cu pielea. Emolient prin prezen\u021ba acizilor gra\u0219i \u00een cantitate mare (linoleic \u0219i oleic). Este un ulei bogat \u00een\u00a0<em>polifenoli<\/em>\u00a0&#8211; alia\u021bi importan\u021bi \u00eempotriva procesului de \u00eemb\u0103tr\u00e2nire, iar al\u0103turi de\u00a0<em>vitamina E<\/em>\u00a0con\u021binut\u0103,\u00a0 m\u0103resc efectul antioxidant \u0219i protector asupra pielii.\u00a0<\/span><\/p>\n<p><span style=\"font-weight: 400;\">Alte ingrediente naturale din formula HYDRA SENSE Night Potion, care contribuie la s\u0103n\u0103tatea \u0219i frumuse\u021bea tenului t\u0103u, sunt: ulei din semin\u021be de morcov, extract de g\u0103lbenele, extract de flori de mu\u0219e\u021bel, ulei esen\u021bial de lavand\u0103 \u0219i extract de floare de iasomie de sambac.<\/span><\/p>\n<h3><b>Cum folose\u0219ti HYDRA SENSE Night Potion?<\/b><\/h3>\n<p>R\u0103sfa\u021b\u0103-\u021bi tenul cu serul hidratant HYDRA SENSE Night Potion \u0219i \u00eenv\u0103luie-\u021bi sim\u021burile \u00een mirosul s\u0103u pl\u0103cut de iasomie \u0219i lavand\u0103!<\/p>\n<p>HYDRA SENSE Night Potion este un produs versatil, potrivit tuturor tipurilor de ten, care poate fi integrat \u00een rutina de sear\u0103 de \u00eengrijire a tenului, ca penultim pas, \u00eenainte de aplicarea cremei hidratante. HYDRA SENSE Night Potion se poate aplica \u0219i diminea\u021ba, \u00eenainte de crema cu factor de protec\u021bie solar\u0103. De asemenea, consisten\u021ba sa lejer\u0103 \u0219i nelipicioas\u0103, precum \u0219i efectul instant de hidratare, fac din HYDRA SENSE Night Potion o baz\u0103 excelent\u0103 pentru machiaj.<\/p>\n<p>Mod de folosire: Aplic\u0103 o cantitate suficient\u0103 de HYDRA SENSE Night Potion (2-3 pic\u0103turi) pe tenul curat, prin mi\u0219c\u0103ri circulare, p\u00e2n\u0103 c\u00e2nd produsul este absorbit complet \u00een piele. Evit\u0103 contactul cu ochii.<\/p>\n<p>&nbsp;<\/p>\n","protected":false},"excerpt":{"rendered":"<p>Ser de fa\u021b\u0103 cu goji intens hidratant HYDRA SENSE Night Potion 30ml HYDRA SENSE Night Potion este un ser de fa\u021b\u0103 natural \u0219i revolu\u021bionar, pe baz\u0103 de extract de goji rom\u00e2nesc care ajut\u0103 la men\u021binerea unui ten s\u0103n\u0103tos \u0219i ferm! Datorit\u0103 abunden\u021bei de\u00a0Vitamina C\u00a0\u0219i al\u021bi nutrien\u021bi esen\u021biali, acesta are multiple beneficii asupra pielii precum: \u2714\ufe0e [&hellip;]<\/p>\n","protected":false},"featured_media":9672,"comment_status":"closed","ping_status":"closed","template":"","meta":[],"pwb-brand":[235],"product_brand":[],"product_cat":[77],"product_tag":[236],"class_list":{"0":"post-9659","1":"product","2":"type-product","3":"status-publish","4":"has-post-thumbnail","6":"pwb-brand-gojire","7":"product_cat-cosmetice-naturale","8":"product_tag-gojire","10":"first","11":"instock","12":"taxable","13":"shipping-taxable","14":"purchasable","15":"product-type-simple"},"yoast_head":"<!-- This site is optimized with the Yoast SEO plugin v26.9 - https:\/\/yoast.com\/product\/yoast-seo-wordpress\/ -->\n<title>GOJ Ser de fa\u021b\u0103 HYDRA SENSE Night Potion - Inspiratio<\/title>\n<meta name=\"description\" content=\"GOJ Ser de fa\u021b\u0103 HYDRA SENSE Night Potion\" \/>\n<meta name=\"robots\" content=\"index, follow, max-snippet:-1, max-image-preview:large, max-video-preview:-1\" \/>\n<link rel=\"canonical\" href=\"https:\/\/inspiratio.ro\/produs\/goj-ser-de-fata-hydra-sense-night-potion\/\" \/>\n<meta property=\"og:locale\" content=\"en_US\" \/>\n<meta property=\"og:type\" content=\"article\" \/>\n<meta property=\"og:title\" content=\"GOJ Ser de fa\u021b\u0103 HYDRA SENSE Night Potion - Inspiratio\" \/>\n<meta property=\"og:description\" content=\"GOJ Ser de fa\u021b\u0103 HYDRA SENSE Night Potion\" \/>\n<meta property=\"og:url\" content=\"https:\/\/inspiratio.ro\/produs\/goj-ser-de-fata-hydra-sense-night-potion\/\" \/>\n<meta property=\"og:site_name\" content=\"Inspiratio\" \/>\n<meta property=\"article:publisher\" content=\"https:\/\/www.facebook.com\/inspiratiogiftstudio\/\" \/>\n<meta property=\"article:modified_time\" content=\"2025-03-04T14:43:11+00:00\" \/>\n<meta property=\"og:image\" content=\"https:\/\/inspiratio.ro\/wp-content\/uploads\/2025\/03\/Yourparagraphtext_1200x.webp\" \/>\n\t<meta property=\"og:image:width\" content=\"1200\" \/>\n\t<meta property=\"og:image:height\" content=\"1470\" \/>\n\t<meta property=\"og:image:type\" content=\"image\/webp\" \/>\n<meta name=\"twitter:card\" content=\"summary_large_image\" \/>\n<meta name=\"twitter:label1\" content=\"Est. reading time\" \/>\n\t<meta name=\"twitter:data1\" content=\"5 minutes\" \/>\n<script type=\"application\/ld+json\" class=\"yoast-schema-graph\">{\"@context\":\"https:\/\/schema.org\",\"@graph\":[{\"@type\":\"WebPage\",\"@id\":\"https:\/\/inspiratio.ro\/produs\/goj-ser-de-fata-hydra-sense-night-potion\/\",\"url\":\"https:\/\/inspiratio.ro\/produs\/goj-ser-de-fata-hydra-sense-night-potion\/\",\"name\":\"GOJ Ser de fa\u021b\u0103 HYDRA SENSE Night Potion - Inspiratio\",\"isPartOf\":{\"@id\":\"https:\/\/inspiratio.ro\/#website\"},\"primaryImageOfPage\":{\"@id\":\"https:\/\/inspiratio.ro\/produs\/goj-ser-de-fata-hydra-sense-night-potion\/#primaryimage\"},\"image\":{\"@id\":\"https:\/\/inspiratio.ro\/produs\/goj-ser-de-fata-hydra-sense-night-potion\/#primaryimage\"},\"thumbnailUrl\":\"https:\/\/inspiratio.ro\/wp-content\/uploads\/2025\/03\/Yourparagraphtext_1200x.webp\",\"datePublished\":\"2025-03-04T14:33:51+00:00\",\"dateModified\":\"2025-03-04T14:43:11+00:00\",\"description\":\"GOJ Ser de fa\u021b\u0103 HYDRA SENSE Night Potion\",\"breadcrumb\":{\"@id\":\"https:\/\/inspiratio.ro\/produs\/goj-ser-de-fata-hydra-sense-night-potion\/#breadcrumb\"},\"inLanguage\":\"en-US\",\"potentialAction\":[{\"@type\":\"ReadAction\",\"target\":[\"https:\/\/inspiratio.ro\/produs\/goj-ser-de-fata-hydra-sense-night-potion\/\"]}]},{\"@type\":\"ImageObject\",\"inLanguage\":\"en-US\",\"@id\":\"https:\/\/inspiratio.ro\/produs\/goj-ser-de-fata-hydra-sense-night-potion\/#primaryimage\",\"url\":\"https:\/\/inspiratio.ro\/wp-content\/uploads\/2025\/03\/Yourparagraphtext_1200x.webp\",\"contentUrl\":\"https:\/\/inspiratio.ro\/wp-content\/uploads\/2025\/03\/Yourparagraphtext_1200x.webp\",\"width\":1200,\"height\":1470},{\"@type\":\"BreadcrumbList\",\"@id\":\"https:\/\/inspiratio.ro\/produs\/goj-ser-de-fata-hydra-sense-night-potion\/#breadcrumb\",\"itemListElement\":[{\"@type\":\"ListItem\",\"position\":1,\"name\":\"Shop\",\"item\":\"https:\/\/inspiratio.ro\/magazin-cadouri\/\"},{\"@type\":\"ListItem\",\"position\":2,\"name\":\"GOJ Ser de fa\u021b\u0103 HYDRA SENSE Night Potion\"}]},{\"@type\":\"WebSite\",\"@id\":\"https:\/\/inspiratio.ro\/#website\",\"url\":\"https:\/\/inspiratio.ro\/\",\"name\":\"Inspiratio\",\"description\":\"Las\u0103-te purtat de inspira\u021bie\",\"publisher\":{\"@id\":\"https:\/\/inspiratio.ro\/#organization\"},\"potentialAction\":[{\"@type\":\"SearchAction\",\"target\":{\"@type\":\"EntryPoint\",\"urlTemplate\":\"https:\/\/inspiratio.ro\/?s={search_term_string}\"},\"query-input\":{\"@type\":\"PropertyValueSpecification\",\"valueRequired\":true,\"valueName\":\"search_term_string\"}}],\"inLanguage\":\"en-US\"},{\"@type\":\"Organization\",\"@id\":\"https:\/\/inspiratio.ro\/#organization\",\"name\":\"Inspiratio\",\"url\":\"https:\/\/inspiratio.ro\/\",\"logo\":{\"@type\":\"ImageObject\",\"inLanguage\":\"en-US\",\"@id\":\"https:\/\/inspiratio.ro\/#\/schema\/logo\/image\/\",\"url\":\"https:\/\/inspiratio.ro\/wp-content\/uploads\/2020\/06\/logo-inspiratio.png\",\"contentUrl\":\"https:\/\/inspiratio.ro\/wp-content\/uploads\/2020\/06\/logo-inspiratio.png\",\"width\":232,\"height\":209,\"caption\":\"Inspiratio\"},\"image\":{\"@id\":\"https:\/\/inspiratio.ro\/#\/schema\/logo\/image\/\"},\"sameAs\":[\"https:\/\/www.facebook.com\/inspiratiogiftstudio\/\",\"https:\/\/www.instagram.com\/inspiratio_giftstudio\/\"]}]}<\/script>\n<!-- \/ Yoast SEO plugin. -->","yoast_head_json":{"title":"GOJ Ser de fa\u021b\u0103 HYDRA SENSE Night Potion - Inspiratio","description":"GOJ Ser de fa\u021b\u0103 HYDRA SENSE Night Potion","robots":{"index":"index","follow":"follow","max-snippet":"max-snippet:-1","max-image-preview":"max-image-preview:large","max-video-preview":"max-video-preview:-1"},"canonical":"https:\/\/inspiratio.ro\/produs\/goj-ser-de-fata-hydra-sense-night-potion\/","og_locale":"en_US","og_type":"article","og_title":"GOJ Ser de fa\u021b\u0103 HYDRA SENSE Night Potion - Inspiratio","og_description":"GOJ Ser de fa\u021b\u0103 HYDRA SENSE Night Potion","og_url":"https:\/\/inspiratio.ro\/produs\/goj-ser-de-fata-hydra-sense-night-potion\/","og_site_name":"Inspiratio","article_publisher":"https:\/\/www.facebook.com\/inspiratiogiftstudio\/","article_modified_time":"2025-03-04T14:43:11+00:00","og_image":[{"width":1200,"height":1470,"url":"https:\/\/inspiratio.ro\/wp-content\/uploads\/2025\/03\/Yourparagraphtext_1200x.webp","type":"image\/webp"}],"twitter_card":"summary_large_image","twitter_misc":{"Est. reading time":"5 minutes"},"schema":{"@context":"https:\/\/schema.org","@graph":[{"@type":"WebPage","@id":"https:\/\/inspiratio.ro\/produs\/goj-ser-de-fata-hydra-sense-night-potion\/","url":"https:\/\/inspiratio.ro\/produs\/goj-ser-de-fata-hydra-sense-night-potion\/","name":"GOJ Ser de fa\u021b\u0103 HYDRA SENSE Night Potion - Inspiratio","isPartOf":{"@id":"https:\/\/inspiratio.ro\/#website"},"primaryImageOfPage":{"@id":"https:\/\/inspiratio.ro\/produs\/goj-ser-de-fata-hydra-sense-night-potion\/#primaryimage"},"image":{"@id":"https:\/\/inspiratio.ro\/produs\/goj-ser-de-fata-hydra-sense-night-potion\/#primaryimage"},"thumbnailUrl":"https:\/\/inspiratio.ro\/wp-content\/uploads\/2025\/03\/Yourparagraphtext_1200x.webp","datePublished":"2025-03-04T14:33:51+00:00","dateModified":"2025-03-04T14:43:11+00:00","description":"GOJ Ser de fa\u021b\u0103 HYDRA SENSE Night Potion","breadcrumb":{"@id":"https:\/\/inspiratio.ro\/produs\/goj-ser-de-fata-hydra-sense-night-potion\/#breadcrumb"},"inLanguage":"en-US","potentialAction":[{"@type":"ReadAction","target":["https:\/\/inspiratio.ro\/produs\/goj-ser-de-fata-hydra-sense-night-potion\/"]}]},{"@type":"ImageObject","inLanguage":"en-US","@id":"https:\/\/inspiratio.ro\/produs\/goj-ser-de-fata-hydra-sense-night-potion\/#primaryimage","url":"https:\/\/inspiratio.ro\/wp-content\/uploads\/2025\/03\/Yourparagraphtext_1200x.webp","contentUrl":"https:\/\/inspiratio.ro\/wp-content\/uploads\/2025\/03\/Yourparagraphtext_1200x.webp","width":1200,"height":1470},{"@type":"BreadcrumbList","@id":"https:\/\/inspiratio.ro\/produs\/goj-ser-de-fata-hydra-sense-night-potion\/#breadcrumb","itemListElement":[{"@type":"ListItem","position":1,"name":"Shop","item":"https:\/\/inspiratio.ro\/magazin-cadouri\/"},{"@type":"ListItem","position":2,"name":"GOJ Ser de fa\u021b\u0103 HYDRA SENSE Night Potion"}]},{"@type":"WebSite","@id":"https:\/\/inspiratio.ro\/#website","url":"https:\/\/inspiratio.ro\/","name":"Inspiratio","description":"Las\u0103-te purtat de inspira\u021bie","publisher":{"@id":"https:\/\/inspiratio.ro\/#organization"},"potentialAction":[{"@type":"SearchAction","target":{"@type":"EntryPoint","urlTemplate":"https:\/\/inspiratio.ro\/?s={search_term_string}"},"query-input":{"@type":"PropertyValueSpecification","valueRequired":true,"valueName":"search_term_string"}}],"inLanguage":"en-US"},{"@type":"Organization","@id":"https:\/\/inspiratio.ro\/#organization","name":"Inspiratio","url":"https:\/\/inspiratio.ro\/","logo":{"@type":"ImageObject","inLanguage":"en-US","@id":"https:\/\/inspiratio.ro\/#\/schema\/logo\/image\/","url":"https:\/\/inspiratio.ro\/wp-content\/uploads\/2020\/06\/logo-inspiratio.png","contentUrl":"https:\/\/inspiratio.ro\/wp-content\/uploads\/2020\/06\/logo-inspiratio.png","width":232,"height":209,"caption":"Inspiratio"},"image":{"@id":"https:\/\/inspiratio.ro\/#\/schema\/logo\/image\/"},"sameAs":["https:\/\/www.facebook.com\/inspiratiogiftstudio\/","https:\/\/www.instagram.com\/inspiratio_giftstudio\/"]}]}},"brands":[{"id":235,"name":"GOJI:RE","slug":"gojire"}],"_links":{"self":[{"href":"https:\/\/inspiratio.ro\/en\/wp-json\/wp\/v2\/product\/9659","targetHints":{"allow":["GET"]}}],"collection":[{"href":"https:\/\/inspiratio.ro\/en\/wp-json\/wp\/v2\/product"}],"about":[{"href":"https:\/\/inspiratio.ro\/en\/wp-json\/wp\/v2\/types\/product"}],"replies":[{"embeddable":true,"href":"https:\/\/inspiratio.ro\/en\/wp-json\/wp\/v2\/comments?post=9659"}],"wp:featuredmedia":[{"embeddable":true,"href":"https:\/\/inspiratio.ro\/en\/wp-json\/wp\/v2\/media\/9672"}],"wp:attachment":[{"href":"https:\/\/inspiratio.ro\/en\/wp-json\/wp\/v2\/media?parent=9659"}],"wp:term":[{"taxonomy":"pwb-brand","embeddable":true,"href":"https:\/\/inspiratio.ro\/en\/wp-json\/wp\/v2\/pwb-brand?post=9659"},{"taxonomy":"product_brand","embeddable":true,"href":"https:\/\/inspiratio.ro\/en\/wp-json\/wp\/v2\/product_brand?post=9659"},{"taxonomy":"product_cat","embeddable":true,"href":"https:\/\/inspiratio.ro\/en\/wp-json\/wp\/v2\/product_cat?post=9659"},{"taxonomy":"product_tag","embeddable":true,"href":"https:\/\/inspiratio.ro\/en\/wp-json\/wp\/v2\/product_tag?post=9659"}],"curies":[{"name":"wp","href":"https:\/\/api.w.org\/{rel}","templated":true}]}}