{"id":9650,"date":"2025-03-04T16:24:25","date_gmt":"2025-03-04T14:24:25","guid":{"rendered":"https:\/\/inspiratio.ro\/?post_type=product&#038;p=9650"},"modified":"2025-10-14T16:35:48","modified_gmt":"2025-10-14T13:35:48","slug":"goj-crema-de-maini-hydra-sense-skin-loving-mousse-50-ml","status":"publish","type":"product","link":"https:\/\/inspiratio.ro\/en\/produs\/goj-crema-de-maini-hydra-sense-skin-loving-mousse-50-ml\/","title":{"rendered":"Crem\u0103 de m\u00e2ini HYDRA SENSE Skin Loving Mousse 50 ml"},"content":{"rendered":"<h2 class=\"product-single__title\">Crem\u0103 de m\u00e2ini cu goji intens hidratant\u0103 HYDRA SENSE Skin Loving Mousse 50ml<\/h2>\n<p>HYDRA SENSE Skin Loving Mousse este un produs cosmetic 100% natural ob\u021binut manual. Av\u00e2nd o textur\u0103 unic\u0103 de mousse ce se absoarbe rapid, aceast\u0103 crem\u0103 de m\u00e2ini con\u021bine extract de goji rom\u00e2nesc \u0219i are propriet\u0103\u021bi de hidratare intens\u0103 \u0219i imediat\u0103 a pielii.<\/p>\n<p>HYDRA SENSE Skin Loving Mousse este o crem\u0103 de m\u00e2ini puternic hidratant\u0103, care \u00ee\u021bi protejeaz\u0103 pielea cu fiecare aplicare, \u00eembun\u0103t\u0103\u021bindu-i \u00een acela\u0219i timp aspectul. Are o textur\u0103 ultra lejer\u0103, fiind absorbit\u0103 rapid \u00een piele.<\/p>\n<h3><strong>Ingrediente de origine natural\u0103 \u0219i nenum\u0103rate beneficii pentru pielea ta<\/strong><\/h3>\n<p><strong>Vitamina C<\/strong>\u00a0\u2013 crema de m\u00e2ini HYDRA SENSE Skin Loving Mousse este \u00eembog\u0103\u021bit\u0103 natural cu Vitamina C, un antioxidant care se g\u0103se\u0219te abundent \u00een fructele de goji. Acest ingredient contribuie activ la refacerea pielii de pe m\u00e2ini, expus\u0103 zilnic la factori d\u0103un\u0103tori. \u00cen plus, dac\u0103 te confrun\u021bi cu pete pigmentare pe m\u00e2ini, acestea vor fi estompate datorit\u0103 ac\u021biunii pe care o are Vitamina C. Rezultatul? O piele s\u0103n\u0103toas\u0103 a m\u00e2inilor, cu aspect uniform \u0219i plin\u0103 de vitalitate!<\/p>\n<p><strong>Vitamina E<\/strong>\u00a0\u2013 cu o formul\u0103 din care face parte \u0219i uleiul de migdale dulci, HYDRA SENSE Skin Loving Mousse este \u00eembog\u0103\u021bit\u0103 natural cu Vitamina E. Aceasta are propriet\u0103\u021bi hidratante \u0219i emoliente, aduc\u00e2nd beneficii nu doar pielii de pe m\u00e2ini, ci \u0219i unghiilor cu tendin\u021b\u0103 de exfoliere.<\/p>\n<p><strong>Aloe Vera<\/strong>\u00a0&#8211; un alt ingredient natural con\u021binut \u00een HYDRA SENSE Skin Loving Mousse, are un con\u021binut ridicat de polizaharide, cunoscute pentru efectul puternic antiinflamator. \u00cen plus, uleiul de Aloe Vera, bogat \u00een minerale aduce numeroase alte beneficii pielii m\u00e2inilor: hidratare intens\u0103, efect antibacterian, gr\u0103be\u0219te vindecarea leziunilor \u0219i regenereaz\u0103 pielea.<\/p>\n<p>Alte ingrediente naturale din formula HYDRA SENSE Skin Loving Mousse, care contribuie la men\u021binerea unui aspect t\u00e2n\u0103r \u0219i s\u0103n\u0103tos al pielii m\u00e2inilor, sunt: ap\u0103 de Trandafiri de Damasc, glicerin\u0103, ulei esen\u021bial de lavand\u0103 \u0219i extract de floare de iasomie.<\/p>\n<h3><b>Cum folose\u0219ti HYDRA SENSE Skin Loving Mousse?<\/b><\/h3>\n<p>Protejeaz\u0103-\u021bi pielea m\u00e2inilor cu HYDRA SENSE Skin Loving Mousse \u0219i ofer\u0103-le hidratarea zilnic\u0103 de care au nevoie!<\/p>\n<p><strong>Mod de folosire:<\/strong> Aplic\u0103 o cantitate suficient\u0103 de HYDRA SENSE Skin Loving Mousse pe m\u00e2inile curate, prin mi\u0219c\u0103ri circulare, p\u00e2n\u0103 c\u00e2nd produsul este absorbit complet \u00een piele. Bucur\u0103-te de mirosul discret de lavand\u0103 \u0219i iasomie \u00een care \u00ee\u021bi vor fi \u00eenv\u0103luite m\u00e2inile \u00een urma aplic\u0103rii cremei!<\/p>\n","protected":false},"excerpt":{"rendered":"<p>Crem\u0103 de m\u00e2ini cu goji intens hidratant\u0103 HYDRA SENSE Skin Loving Mousse 50ml HYDRA SENSE Skin Loving Mousse este un produs cosmetic 100% natural ob\u021binut manual. Av\u00e2nd o textur\u0103 unic\u0103 de mousse ce se absoarbe rapid, aceast\u0103 crem\u0103 de m\u00e2ini con\u021bine extract de goji rom\u00e2nesc \u0219i are propriet\u0103\u021bi de hidratare intens\u0103 \u0219i imediat\u0103 a pielii. [&hellip;]<\/p>\n","protected":false},"featured_media":9657,"comment_status":"closed","ping_status":"closed","template":"","meta":[],"pwb-brand":[235],"product_brand":[],"product_cat":[77],"product_tag":[236],"class_list":{"0":"post-9650","1":"product","2":"type-product","3":"status-publish","4":"has-post-thumbnail","6":"pwb-brand-gojire","7":"product_cat-cosmetice-naturale","8":"product_tag-gojire","10":"first","11":"instock","12":"taxable","13":"shipping-taxable","14":"purchasable","15":"product-type-simple"},"yoast_head":"<!-- This site is optimized with the Yoast SEO plugin v26.9 - https:\/\/yoast.com\/product\/yoast-seo-wordpress\/ -->\n<title>GOJ Crem\u0103 de m\u00e2ini HYDRA SENSE Skin Loving Mousse 50 ml - Inspiratio<\/title>\n<meta name=\"description\" content=\"GOJ Crem\u0103 de m\u00e2ini HYDRA SENSE Skin Loving Mousse 50 ml\" \/>\n<meta name=\"robots\" content=\"index, follow, max-snippet:-1, max-image-preview:large, max-video-preview:-1\" \/>\n<link rel=\"canonical\" href=\"https:\/\/inspiratio.ro\/produs\/goj-crema-de-maini-hydra-sense-skin-loving-mousse-50-ml\/\" \/>\n<meta property=\"og:locale\" content=\"en_US\" \/>\n<meta property=\"og:type\" content=\"article\" \/>\n<meta property=\"og:title\" content=\"GOJ Crem\u0103 de m\u00e2ini HYDRA SENSE Skin Loving Mousse 50 ml - Inspiratio\" \/>\n<meta property=\"og:description\" content=\"GOJ Crem\u0103 de m\u00e2ini HYDRA SENSE Skin Loving Mousse 50 ml\" \/>\n<meta property=\"og:url\" content=\"https:\/\/inspiratio.ro\/produs\/goj-crema-de-maini-hydra-sense-skin-loving-mousse-50-ml\/\" \/>\n<meta property=\"og:site_name\" content=\"Inspiratio\" \/>\n<meta property=\"article:publisher\" content=\"https:\/\/www.facebook.com\/inspiratiogiftstudio\/\" \/>\n<meta property=\"article:modified_time\" content=\"2025-10-14T13:35:48+00:00\" \/>\n<meta property=\"og:image\" content=\"https:\/\/inspiratio.ro\/wp-content\/uploads\/2025\/03\/SKINLOVINGMOUSSE_1200x.webp\" \/>\n\t<meta property=\"og:image:width\" content=\"1200\" \/>\n\t<meta property=\"og:image:height\" content=\"1470\" \/>\n\t<meta property=\"og:image:type\" content=\"image\/webp\" \/>\n<meta name=\"twitter:card\" content=\"summary_large_image\" \/>\n<meta name=\"twitter:label1\" content=\"Est. reading time\" \/>\n\t<meta name=\"twitter:data1\" content=\"3 minutes\" \/>\n<script type=\"application\/ld+json\" class=\"yoast-schema-graph\">{\"@context\":\"https:\/\/schema.org\",\"@graph\":[{\"@type\":\"WebPage\",\"@id\":\"https:\/\/inspiratio.ro\/produs\/goj-crema-de-maini-hydra-sense-skin-loving-mousse-50-ml\/\",\"url\":\"https:\/\/inspiratio.ro\/produs\/goj-crema-de-maini-hydra-sense-skin-loving-mousse-50-ml\/\",\"name\":\"GOJ Crem\u0103 de m\u00e2ini HYDRA SENSE Skin Loving Mousse 50 ml - Inspiratio\",\"isPartOf\":{\"@id\":\"https:\/\/inspiratio.ro\/#website\"},\"primaryImageOfPage\":{\"@id\":\"https:\/\/inspiratio.ro\/produs\/goj-crema-de-maini-hydra-sense-skin-loving-mousse-50-ml\/#primaryimage\"},\"image\":{\"@id\":\"https:\/\/inspiratio.ro\/produs\/goj-crema-de-maini-hydra-sense-skin-loving-mousse-50-ml\/#primaryimage\"},\"thumbnailUrl\":\"https:\/\/inspiratio.ro\/wp-content\/uploads\/2025\/03\/SKINLOVINGMOUSSE_1200x.webp\",\"datePublished\":\"2025-03-04T14:24:25+00:00\",\"dateModified\":\"2025-10-14T13:35:48+00:00\",\"description\":\"GOJ Crem\u0103 de m\u00e2ini HYDRA SENSE Skin Loving Mousse 50 ml\",\"breadcrumb\":{\"@id\":\"https:\/\/inspiratio.ro\/produs\/goj-crema-de-maini-hydra-sense-skin-loving-mousse-50-ml\/#breadcrumb\"},\"inLanguage\":\"en-US\",\"potentialAction\":[{\"@type\":\"ReadAction\",\"target\":[\"https:\/\/inspiratio.ro\/produs\/goj-crema-de-maini-hydra-sense-skin-loving-mousse-50-ml\/\"]}]},{\"@type\":\"ImageObject\",\"inLanguage\":\"en-US\",\"@id\":\"https:\/\/inspiratio.ro\/produs\/goj-crema-de-maini-hydra-sense-skin-loving-mousse-50-ml\/#primaryimage\",\"url\":\"https:\/\/inspiratio.ro\/wp-content\/uploads\/2025\/03\/SKINLOVINGMOUSSE_1200x.webp\",\"contentUrl\":\"https:\/\/inspiratio.ro\/wp-content\/uploads\/2025\/03\/SKINLOVINGMOUSSE_1200x.webp\",\"width\":1200,\"height\":1470},{\"@type\":\"BreadcrumbList\",\"@id\":\"https:\/\/inspiratio.ro\/produs\/goj-crema-de-maini-hydra-sense-skin-loving-mousse-50-ml\/#breadcrumb\",\"itemListElement\":[{\"@type\":\"ListItem\",\"position\":1,\"name\":\"Shop\",\"item\":\"https:\/\/inspiratio.ro\/magazin-cadouri\/\"},{\"@type\":\"ListItem\",\"position\":2,\"name\":\"GOJ Crem\u0103 de m\u00e2ini HYDRA SENSE Skin Loving Mousse 50 ml\"}]},{\"@type\":\"WebSite\",\"@id\":\"https:\/\/inspiratio.ro\/#website\",\"url\":\"https:\/\/inspiratio.ro\/\",\"name\":\"Inspiratio\",\"description\":\"Las\u0103-te purtat de inspira\u021bie\",\"publisher\":{\"@id\":\"https:\/\/inspiratio.ro\/#organization\"},\"potentialAction\":[{\"@type\":\"SearchAction\",\"target\":{\"@type\":\"EntryPoint\",\"urlTemplate\":\"https:\/\/inspiratio.ro\/?s={search_term_string}\"},\"query-input\":{\"@type\":\"PropertyValueSpecification\",\"valueRequired\":true,\"valueName\":\"search_term_string\"}}],\"inLanguage\":\"en-US\"},{\"@type\":\"Organization\",\"@id\":\"https:\/\/inspiratio.ro\/#organization\",\"name\":\"Inspiratio\",\"url\":\"https:\/\/inspiratio.ro\/\",\"logo\":{\"@type\":\"ImageObject\",\"inLanguage\":\"en-US\",\"@id\":\"https:\/\/inspiratio.ro\/#\/schema\/logo\/image\/\",\"url\":\"https:\/\/inspiratio.ro\/wp-content\/uploads\/2020\/06\/logo-inspiratio.png\",\"contentUrl\":\"https:\/\/inspiratio.ro\/wp-content\/uploads\/2020\/06\/logo-inspiratio.png\",\"width\":232,\"height\":209,\"caption\":\"Inspiratio\"},\"image\":{\"@id\":\"https:\/\/inspiratio.ro\/#\/schema\/logo\/image\/\"},\"sameAs\":[\"https:\/\/www.facebook.com\/inspiratiogiftstudio\/\",\"https:\/\/www.instagram.com\/inspiratio_giftstudio\/\"]}]}<\/script>\n<!-- \/ Yoast SEO plugin. -->","yoast_head_json":{"title":"GOJ Crem\u0103 de m\u00e2ini HYDRA SENSE Skin Loving Mousse 50 ml - Inspiratio","description":"GOJ Crem\u0103 de m\u00e2ini HYDRA SENSE Skin Loving Mousse 50 ml","robots":{"index":"index","follow":"follow","max-snippet":"max-snippet:-1","max-image-preview":"max-image-preview:large","max-video-preview":"max-video-preview:-1"},"canonical":"https:\/\/inspiratio.ro\/produs\/goj-crema-de-maini-hydra-sense-skin-loving-mousse-50-ml\/","og_locale":"en_US","og_type":"article","og_title":"GOJ Crem\u0103 de m\u00e2ini HYDRA SENSE Skin Loving Mousse 50 ml - Inspiratio","og_description":"GOJ Crem\u0103 de m\u00e2ini HYDRA SENSE Skin Loving Mousse 50 ml","og_url":"https:\/\/inspiratio.ro\/produs\/goj-crema-de-maini-hydra-sense-skin-loving-mousse-50-ml\/","og_site_name":"Inspiratio","article_publisher":"https:\/\/www.facebook.com\/inspiratiogiftstudio\/","article_modified_time":"2025-10-14T13:35:48+00:00","og_image":[{"width":1200,"height":1470,"url":"https:\/\/inspiratio.ro\/wp-content\/uploads\/2025\/03\/SKINLOVINGMOUSSE_1200x.webp","type":"image\/webp"}],"twitter_card":"summary_large_image","twitter_misc":{"Est. reading time":"3 minutes"},"schema":{"@context":"https:\/\/schema.org","@graph":[{"@type":"WebPage","@id":"https:\/\/inspiratio.ro\/produs\/goj-crema-de-maini-hydra-sense-skin-loving-mousse-50-ml\/","url":"https:\/\/inspiratio.ro\/produs\/goj-crema-de-maini-hydra-sense-skin-loving-mousse-50-ml\/","name":"GOJ Crem\u0103 de m\u00e2ini HYDRA SENSE Skin Loving Mousse 50 ml - Inspiratio","isPartOf":{"@id":"https:\/\/inspiratio.ro\/#website"},"primaryImageOfPage":{"@id":"https:\/\/inspiratio.ro\/produs\/goj-crema-de-maini-hydra-sense-skin-loving-mousse-50-ml\/#primaryimage"},"image":{"@id":"https:\/\/inspiratio.ro\/produs\/goj-crema-de-maini-hydra-sense-skin-loving-mousse-50-ml\/#primaryimage"},"thumbnailUrl":"https:\/\/inspiratio.ro\/wp-content\/uploads\/2025\/03\/SKINLOVINGMOUSSE_1200x.webp","datePublished":"2025-03-04T14:24:25+00:00","dateModified":"2025-10-14T13:35:48+00:00","description":"GOJ Crem\u0103 de m\u00e2ini HYDRA SENSE Skin Loving Mousse 50 ml","breadcrumb":{"@id":"https:\/\/inspiratio.ro\/produs\/goj-crema-de-maini-hydra-sense-skin-loving-mousse-50-ml\/#breadcrumb"},"inLanguage":"en-US","potentialAction":[{"@type":"ReadAction","target":["https:\/\/inspiratio.ro\/produs\/goj-crema-de-maini-hydra-sense-skin-loving-mousse-50-ml\/"]}]},{"@type":"ImageObject","inLanguage":"en-US","@id":"https:\/\/inspiratio.ro\/produs\/goj-crema-de-maini-hydra-sense-skin-loving-mousse-50-ml\/#primaryimage","url":"https:\/\/inspiratio.ro\/wp-content\/uploads\/2025\/03\/SKINLOVINGMOUSSE_1200x.webp","contentUrl":"https:\/\/inspiratio.ro\/wp-content\/uploads\/2025\/03\/SKINLOVINGMOUSSE_1200x.webp","width":1200,"height":1470},{"@type":"BreadcrumbList","@id":"https:\/\/inspiratio.ro\/produs\/goj-crema-de-maini-hydra-sense-skin-loving-mousse-50-ml\/#breadcrumb","itemListElement":[{"@type":"ListItem","position":1,"name":"Shop","item":"https:\/\/inspiratio.ro\/magazin-cadouri\/"},{"@type":"ListItem","position":2,"name":"GOJ Crem\u0103 de m\u00e2ini HYDRA SENSE Skin Loving Mousse 50 ml"}]},{"@type":"WebSite","@id":"https:\/\/inspiratio.ro\/#website","url":"https:\/\/inspiratio.ro\/","name":"Inspiratio","description":"Las\u0103-te purtat de inspira\u021bie","publisher":{"@id":"https:\/\/inspiratio.ro\/#organization"},"potentialAction":[{"@type":"SearchAction","target":{"@type":"EntryPoint","urlTemplate":"https:\/\/inspiratio.ro\/?s={search_term_string}"},"query-input":{"@type":"PropertyValueSpecification","valueRequired":true,"valueName":"search_term_string"}}],"inLanguage":"en-US"},{"@type":"Organization","@id":"https:\/\/inspiratio.ro\/#organization","name":"Inspiratio","url":"https:\/\/inspiratio.ro\/","logo":{"@type":"ImageObject","inLanguage":"en-US","@id":"https:\/\/inspiratio.ro\/#\/schema\/logo\/image\/","url":"https:\/\/inspiratio.ro\/wp-content\/uploads\/2020\/06\/logo-inspiratio.png","contentUrl":"https:\/\/inspiratio.ro\/wp-content\/uploads\/2020\/06\/logo-inspiratio.png","width":232,"height":209,"caption":"Inspiratio"},"image":{"@id":"https:\/\/inspiratio.ro\/#\/schema\/logo\/image\/"},"sameAs":["https:\/\/www.facebook.com\/inspiratiogiftstudio\/","https:\/\/www.instagram.com\/inspiratio_giftstudio\/"]}]}},"brands":[{"id":235,"name":"GOJI:RE","slug":"gojire"}],"_links":{"self":[{"href":"https:\/\/inspiratio.ro\/en\/wp-json\/wp\/v2\/product\/9650","targetHints":{"allow":["GET"]}}],"collection":[{"href":"https:\/\/inspiratio.ro\/en\/wp-json\/wp\/v2\/product"}],"about":[{"href":"https:\/\/inspiratio.ro\/en\/wp-json\/wp\/v2\/types\/product"}],"replies":[{"embeddable":true,"href":"https:\/\/inspiratio.ro\/en\/wp-json\/wp\/v2\/comments?post=9650"}],"wp:featuredmedia":[{"embeddable":true,"href":"https:\/\/inspiratio.ro\/en\/wp-json\/wp\/v2\/media\/9657"}],"wp:attachment":[{"href":"https:\/\/inspiratio.ro\/en\/wp-json\/wp\/v2\/media?parent=9650"}],"wp:term":[{"taxonomy":"pwb-brand","embeddable":true,"href":"https:\/\/inspiratio.ro\/en\/wp-json\/wp\/v2\/pwb-brand?post=9650"},{"taxonomy":"product_brand","embeddable":true,"href":"https:\/\/inspiratio.ro\/en\/wp-json\/wp\/v2\/product_brand?post=9650"},{"taxonomy":"product_cat","embeddable":true,"href":"https:\/\/inspiratio.ro\/en\/wp-json\/wp\/v2\/product_cat?post=9650"},{"taxonomy":"product_tag","embeddable":true,"href":"https:\/\/inspiratio.ro\/en\/wp-json\/wp\/v2\/product_tag?post=9650"}],"curies":[{"name":"wp","href":"https:\/\/api.w.org\/{rel}","templated":true}]}}