{"id":9635,"date":"2025-03-04T16:16:58","date_gmt":"2025-03-04T14:16:58","guid":{"rendered":"https:\/\/inspiratio.ro\/?post_type=product&#038;p=9635"},"modified":"2025-10-14T16:36:52","modified_gmt":"2025-10-14T13:36:52","slug":"goj-crema-de-corp-hydra-sense-body-loving-mousse-100-ml","status":"publish","type":"product","link":"https:\/\/inspiratio.ro\/en\/produs\/goj-crema-de-corp-hydra-sense-body-loving-mousse-100-ml\/","title":{"rendered":"Crema de corp HYDRA SENSE Body Loving Mousse 100 ml"},"content":{"rendered":"<h2 class=\"product-single__title\">Crem\u0103 de corp cu goji intens hidratant\u0103 HYDRA SENSE Body Loving Mousse 100ml<\/h2>\n<div class=\" pb-2 rte product-single__description\">HYDRA SENSE Body Loving Mousse este un produs cosmetic 100% natural ob\u021binut manual. Av\u00e2nd o textur\u0103 unic\u0103 de mousse ce se absoarbe rapid, aceast\u0103 crem\u0103 de corp are propriet\u0103\u021bi de hidratare intens\u0103 \u0219i imediat\u0103 a pielii datorit\u0103 combina\u021biei unice de plante naturale cu extractul de goji.<\/div>\n<div>\n<p>HYDRA SENSE Body Loving Mousse este o crem\u0103 de corp ultra-hr\u0103nitoare, cu textur\u0103 lejer\u0103, care se absoarbe rapid \u00een piele \u0219i o men\u021bine hidratat\u0103 un timp \u00eendelungat. Combina\u021bia unic\u0103 de ingrediente naturale \u2013 extract de fructe de goji, ulei de migdale dulci \u0219i ulei de Aloe Vera \u2013 contribuie la ob\u021binerea unei pieli fine pe \u00eentregul corp, iar mireasma subtil\u0103 de iasomie \u0219i lavand\u0103 \u00ee\u021bi va relaxa toate sim\u021burile.<\/p>\n<h3><strong>Ingrediente de origine natural\u0103 \u0219i nenum\u0103rate beneficii pentru pielea corpului t\u0103u<\/strong><\/h3>\n<p><strong>Vitamina C<\/strong>\u00a0\u2013 crema de corp HYDRA SENSE Body Loving Mousse este \u00eembog\u0103\u021bit\u0103 natural cu Vitamina C, datorit\u0103 extractului de fructe de goji din Transilvania. Acest ingredient antioxidant contribuie activ la men\u021binerea s\u0103n\u0103t\u0103\u021bii \u0219i frumuse\u021bii pielii corpului, contracar\u00e2nd efectele radicalilor liberi.<\/p>\n<p><strong>Vitamina E \u0219i Acizi Gra\u0219i<\/strong>\u00a0\u2013 uleiul de migdale dulci \u00eembog\u0103\u021be\u0219te natural HYDRA SENSE Body Loving Mousse cu Vitamina E, acid oleic \u0219i acid linoleic. Aceste ingrediente au propriet\u0103\u021bi ultra-hidratante \u0219i emoliente. Astfel, \u00een urma aplic\u0103rii HYDRA SENSE Body Loving Mousse, pielea corpului t\u0103u va r\u0103m\u00e2ne fin\u0103 la atingere \u0219i va fi hr\u0103nit\u0103 \u00een profunzime.<\/p>\n<p><strong>Steroli Vegetali<\/strong>\u00a0\u2013 HYDRA SENSE Body Loving Mousse con\u021bine ulei de Aloe Vera, o plant\u0103 bogat\u0103 \u00een steroli vegetali. Ace\u0219tia sunt extrem de eficien\u021bi \u00een vindecarea leziunilor cutanate, datorit\u0103 capacit\u0103\u021bii de a cre\u0219te biosinteza colagenului. De asemenea, au ac\u021biune benefic\u0103 asupra pielii cu aspect \u00eemb\u0103tr\u00e2nit \u0219i pielii afectat\u0103 de descuamare.<\/p>\n<p>Alte ingrediente naturale din formula HYDRA SENSE Body Loving Mousse, care contribuie la men\u021binerea unui aspect t\u00e2n\u0103r \u0219i s\u0103n\u0103tos al pielii m\u00e2inilor, sunt: ap\u0103 de Trandafiri de Damasc, glicerin\u0103, ulei de lavand\u0103 \u0219i extract de floare de iasomie.<\/p>\n<\/div>\n","protected":false},"excerpt":{"rendered":"<p>Crem\u0103 de corp cu goji intens hidratant\u0103 HYDRA SENSE Body Loving Mousse 100ml HYDRA SENSE Body Loving Mousse este un produs cosmetic 100% natural ob\u021binut manual. Av\u00e2nd o textur\u0103 unic\u0103 de mousse ce se absoarbe rapid, aceast\u0103 crem\u0103 de corp are propriet\u0103\u021bi de hidratare intens\u0103 \u0219i imediat\u0103 a pielii datorit\u0103 combina\u021biei unice de plante naturale [&hellip;]<\/p>\n","protected":false},"featured_media":9636,"comment_status":"closed","ping_status":"closed","template":"","meta":[],"pwb-brand":[235],"product_brand":[],"product_cat":[77],"product_tag":[236],"class_list":{"0":"post-9635","1":"product","2":"type-product","3":"status-publish","4":"has-post-thumbnail","6":"pwb-brand-gojire","7":"product_cat-cosmetice-naturale","8":"product_tag-gojire","10":"first","11":"instock","12":"taxable","13":"shipping-taxable","14":"purchasable","15":"product-type-simple"},"yoast_head":"<!-- This site is optimized with the Yoast SEO plugin v26.9 - https:\/\/yoast.com\/product\/yoast-seo-wordpress\/ -->\n<title>GOJ Crema de corp HYDRA SENSE Body Loving Mousse 100 ml - Inspiratio<\/title>\n<meta name=\"description\" content=\"GOJ Crema de corp HYDRA SENSE Body Loving Mousse 100 ml\" \/>\n<meta name=\"robots\" content=\"index, follow, max-snippet:-1, max-image-preview:large, max-video-preview:-1\" \/>\n<link rel=\"canonical\" href=\"https:\/\/inspiratio.ro\/produs\/goj-crema-de-corp-hydra-sense-body-loving-mousse-100-ml\/\" \/>\n<meta property=\"og:locale\" content=\"en_US\" \/>\n<meta property=\"og:type\" content=\"article\" \/>\n<meta property=\"og:title\" content=\"GOJ Crema de corp HYDRA SENSE Body Loving Mousse 100 ml - Inspiratio\" \/>\n<meta property=\"og:description\" content=\"GOJ Crema de corp HYDRA SENSE Body Loving Mousse 100 ml\" \/>\n<meta property=\"og:url\" content=\"https:\/\/inspiratio.ro\/produs\/goj-crema-de-corp-hydra-sense-body-loving-mousse-100-ml\/\" \/>\n<meta property=\"og:site_name\" content=\"Inspiratio\" \/>\n<meta property=\"article:publisher\" content=\"https:\/\/www.facebook.com\/inspiratiogiftstudio\/\" \/>\n<meta property=\"article:modified_time\" content=\"2025-10-14T13:36:52+00:00\" \/>\n<meta property=\"og:image\" content=\"https:\/\/inspiratio.ro\/wp-content\/uploads\/2025\/03\/BODYLOVINGMOUSSE_1200x.webp\" \/>\n\t<meta property=\"og:image:width\" content=\"1200\" \/>\n\t<meta property=\"og:image:height\" content=\"1470\" \/>\n\t<meta property=\"og:image:type\" content=\"image\/webp\" \/>\n<meta name=\"twitter:card\" content=\"summary_large_image\" \/>\n<meta name=\"twitter:label1\" content=\"Est. reading time\" \/>\n\t<meta name=\"twitter:data1\" content=\"2 minutes\" \/>\n<script type=\"application\/ld+json\" class=\"yoast-schema-graph\">{\"@context\":\"https:\/\/schema.org\",\"@graph\":[{\"@type\":\"WebPage\",\"@id\":\"https:\/\/inspiratio.ro\/produs\/goj-crema-de-corp-hydra-sense-body-loving-mousse-100-ml\/\",\"url\":\"https:\/\/inspiratio.ro\/produs\/goj-crema-de-corp-hydra-sense-body-loving-mousse-100-ml\/\",\"name\":\"GOJ Crema de corp HYDRA SENSE Body Loving Mousse 100 ml - Inspiratio\",\"isPartOf\":{\"@id\":\"https:\/\/inspiratio.ro\/#website\"},\"primaryImageOfPage\":{\"@id\":\"https:\/\/inspiratio.ro\/produs\/goj-crema-de-corp-hydra-sense-body-loving-mousse-100-ml\/#primaryimage\"},\"image\":{\"@id\":\"https:\/\/inspiratio.ro\/produs\/goj-crema-de-corp-hydra-sense-body-loving-mousse-100-ml\/#primaryimage\"},\"thumbnailUrl\":\"https:\/\/inspiratio.ro\/wp-content\/uploads\/2025\/03\/BODYLOVINGMOUSSE_1200x.webp\",\"datePublished\":\"2025-03-04T14:16:58+00:00\",\"dateModified\":\"2025-10-14T13:36:52+00:00\",\"description\":\"GOJ Crema de corp HYDRA SENSE Body Loving Mousse 100 ml\",\"breadcrumb\":{\"@id\":\"https:\/\/inspiratio.ro\/produs\/goj-crema-de-corp-hydra-sense-body-loving-mousse-100-ml\/#breadcrumb\"},\"inLanguage\":\"en-US\",\"potentialAction\":[{\"@type\":\"ReadAction\",\"target\":[\"https:\/\/inspiratio.ro\/produs\/goj-crema-de-corp-hydra-sense-body-loving-mousse-100-ml\/\"]}]},{\"@type\":\"ImageObject\",\"inLanguage\":\"en-US\",\"@id\":\"https:\/\/inspiratio.ro\/produs\/goj-crema-de-corp-hydra-sense-body-loving-mousse-100-ml\/#primaryimage\",\"url\":\"https:\/\/inspiratio.ro\/wp-content\/uploads\/2025\/03\/BODYLOVINGMOUSSE_1200x.webp\",\"contentUrl\":\"https:\/\/inspiratio.ro\/wp-content\/uploads\/2025\/03\/BODYLOVINGMOUSSE_1200x.webp\",\"width\":1200,\"height\":1470},{\"@type\":\"BreadcrumbList\",\"@id\":\"https:\/\/inspiratio.ro\/produs\/goj-crema-de-corp-hydra-sense-body-loving-mousse-100-ml\/#breadcrumb\",\"itemListElement\":[{\"@type\":\"ListItem\",\"position\":1,\"name\":\"Shop\",\"item\":\"https:\/\/inspiratio.ro\/magazin-cadouri\/\"},{\"@type\":\"ListItem\",\"position\":2,\"name\":\"GOJ Crema de corp HYDRA SENSE Body Loving Mousse 100 ml\"}]},{\"@type\":\"WebSite\",\"@id\":\"https:\/\/inspiratio.ro\/#website\",\"url\":\"https:\/\/inspiratio.ro\/\",\"name\":\"Inspiratio\",\"description\":\"Las\u0103-te purtat de inspira\u021bie\",\"publisher\":{\"@id\":\"https:\/\/inspiratio.ro\/#organization\"},\"potentialAction\":[{\"@type\":\"SearchAction\",\"target\":{\"@type\":\"EntryPoint\",\"urlTemplate\":\"https:\/\/inspiratio.ro\/?s={search_term_string}\"},\"query-input\":{\"@type\":\"PropertyValueSpecification\",\"valueRequired\":true,\"valueName\":\"search_term_string\"}}],\"inLanguage\":\"en-US\"},{\"@type\":\"Organization\",\"@id\":\"https:\/\/inspiratio.ro\/#organization\",\"name\":\"Inspiratio\",\"url\":\"https:\/\/inspiratio.ro\/\",\"logo\":{\"@type\":\"ImageObject\",\"inLanguage\":\"en-US\",\"@id\":\"https:\/\/inspiratio.ro\/#\/schema\/logo\/image\/\",\"url\":\"https:\/\/inspiratio.ro\/wp-content\/uploads\/2020\/06\/logo-inspiratio.png\",\"contentUrl\":\"https:\/\/inspiratio.ro\/wp-content\/uploads\/2020\/06\/logo-inspiratio.png\",\"width\":232,\"height\":209,\"caption\":\"Inspiratio\"},\"image\":{\"@id\":\"https:\/\/inspiratio.ro\/#\/schema\/logo\/image\/\"},\"sameAs\":[\"https:\/\/www.facebook.com\/inspiratiogiftstudio\/\",\"https:\/\/www.instagram.com\/inspiratio_giftstudio\/\"]}]}<\/script>\n<!-- \/ Yoast SEO plugin. -->","yoast_head_json":{"title":"GOJ Crema de corp HYDRA SENSE Body Loving Mousse 100 ml - Inspiratio","description":"GOJ Crema de corp HYDRA SENSE Body Loving Mousse 100 ml","robots":{"index":"index","follow":"follow","max-snippet":"max-snippet:-1","max-image-preview":"max-image-preview:large","max-video-preview":"max-video-preview:-1"},"canonical":"https:\/\/inspiratio.ro\/produs\/goj-crema-de-corp-hydra-sense-body-loving-mousse-100-ml\/","og_locale":"en_US","og_type":"article","og_title":"GOJ Crema de corp HYDRA SENSE Body Loving Mousse 100 ml - Inspiratio","og_description":"GOJ Crema de corp HYDRA SENSE Body Loving Mousse 100 ml","og_url":"https:\/\/inspiratio.ro\/produs\/goj-crema-de-corp-hydra-sense-body-loving-mousse-100-ml\/","og_site_name":"Inspiratio","article_publisher":"https:\/\/www.facebook.com\/inspiratiogiftstudio\/","article_modified_time":"2025-10-14T13:36:52+00:00","og_image":[{"width":1200,"height":1470,"url":"https:\/\/inspiratio.ro\/wp-content\/uploads\/2025\/03\/BODYLOVINGMOUSSE_1200x.webp","type":"image\/webp"}],"twitter_card":"summary_large_image","twitter_misc":{"Est. reading time":"2 minutes"},"schema":{"@context":"https:\/\/schema.org","@graph":[{"@type":"WebPage","@id":"https:\/\/inspiratio.ro\/produs\/goj-crema-de-corp-hydra-sense-body-loving-mousse-100-ml\/","url":"https:\/\/inspiratio.ro\/produs\/goj-crema-de-corp-hydra-sense-body-loving-mousse-100-ml\/","name":"GOJ Crema de corp HYDRA SENSE Body Loving Mousse 100 ml - Inspiratio","isPartOf":{"@id":"https:\/\/inspiratio.ro\/#website"},"primaryImageOfPage":{"@id":"https:\/\/inspiratio.ro\/produs\/goj-crema-de-corp-hydra-sense-body-loving-mousse-100-ml\/#primaryimage"},"image":{"@id":"https:\/\/inspiratio.ro\/produs\/goj-crema-de-corp-hydra-sense-body-loving-mousse-100-ml\/#primaryimage"},"thumbnailUrl":"https:\/\/inspiratio.ro\/wp-content\/uploads\/2025\/03\/BODYLOVINGMOUSSE_1200x.webp","datePublished":"2025-03-04T14:16:58+00:00","dateModified":"2025-10-14T13:36:52+00:00","description":"GOJ Crema de corp HYDRA SENSE Body Loving Mousse 100 ml","breadcrumb":{"@id":"https:\/\/inspiratio.ro\/produs\/goj-crema-de-corp-hydra-sense-body-loving-mousse-100-ml\/#breadcrumb"},"inLanguage":"en-US","potentialAction":[{"@type":"ReadAction","target":["https:\/\/inspiratio.ro\/produs\/goj-crema-de-corp-hydra-sense-body-loving-mousse-100-ml\/"]}]},{"@type":"ImageObject","inLanguage":"en-US","@id":"https:\/\/inspiratio.ro\/produs\/goj-crema-de-corp-hydra-sense-body-loving-mousse-100-ml\/#primaryimage","url":"https:\/\/inspiratio.ro\/wp-content\/uploads\/2025\/03\/BODYLOVINGMOUSSE_1200x.webp","contentUrl":"https:\/\/inspiratio.ro\/wp-content\/uploads\/2025\/03\/BODYLOVINGMOUSSE_1200x.webp","width":1200,"height":1470},{"@type":"BreadcrumbList","@id":"https:\/\/inspiratio.ro\/produs\/goj-crema-de-corp-hydra-sense-body-loving-mousse-100-ml\/#breadcrumb","itemListElement":[{"@type":"ListItem","position":1,"name":"Shop","item":"https:\/\/inspiratio.ro\/magazin-cadouri\/"},{"@type":"ListItem","position":2,"name":"GOJ Crema de corp HYDRA SENSE Body Loving Mousse 100 ml"}]},{"@type":"WebSite","@id":"https:\/\/inspiratio.ro\/#website","url":"https:\/\/inspiratio.ro\/","name":"Inspiratio","description":"Las\u0103-te purtat de inspira\u021bie","publisher":{"@id":"https:\/\/inspiratio.ro\/#organization"},"potentialAction":[{"@type":"SearchAction","target":{"@type":"EntryPoint","urlTemplate":"https:\/\/inspiratio.ro\/?s={search_term_string}"},"query-input":{"@type":"PropertyValueSpecification","valueRequired":true,"valueName":"search_term_string"}}],"inLanguage":"en-US"},{"@type":"Organization","@id":"https:\/\/inspiratio.ro\/#organization","name":"Inspiratio","url":"https:\/\/inspiratio.ro\/","logo":{"@type":"ImageObject","inLanguage":"en-US","@id":"https:\/\/inspiratio.ro\/#\/schema\/logo\/image\/","url":"https:\/\/inspiratio.ro\/wp-content\/uploads\/2020\/06\/logo-inspiratio.png","contentUrl":"https:\/\/inspiratio.ro\/wp-content\/uploads\/2020\/06\/logo-inspiratio.png","width":232,"height":209,"caption":"Inspiratio"},"image":{"@id":"https:\/\/inspiratio.ro\/#\/schema\/logo\/image\/"},"sameAs":["https:\/\/www.facebook.com\/inspiratiogiftstudio\/","https:\/\/www.instagram.com\/inspiratio_giftstudio\/"]}]}},"brands":[{"id":235,"name":"GOJI:RE","slug":"gojire"}],"_links":{"self":[{"href":"https:\/\/inspiratio.ro\/en\/wp-json\/wp\/v2\/product\/9635","targetHints":{"allow":["GET"]}}],"collection":[{"href":"https:\/\/inspiratio.ro\/en\/wp-json\/wp\/v2\/product"}],"about":[{"href":"https:\/\/inspiratio.ro\/en\/wp-json\/wp\/v2\/types\/product"}],"replies":[{"embeddable":true,"href":"https:\/\/inspiratio.ro\/en\/wp-json\/wp\/v2\/comments?post=9635"}],"wp:featuredmedia":[{"embeddable":true,"href":"https:\/\/inspiratio.ro\/en\/wp-json\/wp\/v2\/media\/9636"}],"wp:attachment":[{"href":"https:\/\/inspiratio.ro\/en\/wp-json\/wp\/v2\/media?parent=9635"}],"wp:term":[{"taxonomy":"pwb-brand","embeddable":true,"href":"https:\/\/inspiratio.ro\/en\/wp-json\/wp\/v2\/pwb-brand?post=9635"},{"taxonomy":"product_brand","embeddable":true,"href":"https:\/\/inspiratio.ro\/en\/wp-json\/wp\/v2\/product_brand?post=9635"},{"taxonomy":"product_cat","embeddable":true,"href":"https:\/\/inspiratio.ro\/en\/wp-json\/wp\/v2\/product_cat?post=9635"},{"taxonomy":"product_tag","embeddable":true,"href":"https:\/\/inspiratio.ro\/en\/wp-json\/wp\/v2\/product_tag?post=9635"}],"curies":[{"name":"wp","href":"https:\/\/api.w.org\/{rel}","templated":true}]}}