{"id":9616,"date":"2025-03-04T15:35:45","date_gmt":"2025-03-04T13:35:45","guid":{"rendered":"https:\/\/inspiratio.ro\/?post_type=product&#038;p=9616"},"modified":"2025-03-04T16:16:28","modified_gmt":"2025-03-04T14:16:28","slug":"goj-crema-de-zi-nutritiva-cu-goji-ten-sensibil-sensiderm-50ml","status":"publish","type":"product","link":"https:\/\/inspiratio.ro\/en\/produs\/goj-crema-de-zi-nutritiva-cu-goji-ten-sensibil-sensiderm-50ml\/","title":{"rendered":"Crema de zi nutritiva cu goji \u2013 Ten sensibil SENSIDERM 50ml"},"content":{"rendered":"<h3 class=\"product-single__title\">Crem\u0103 de zi nutritiv\u0103 cu goji, 2% centella asiatica, bisabolol, ectoin\u0103 \u0219i glicerin\u0103 &#8211; Ten sensibil, f\u0103r\u0103 parfum SENSIDERM Skin Nourishing Glow, 50ml<\/h3>\n<div class=\" pb-2 rte product-single__description\">\n<p>FFormula perfect\u0103 pentru tenul sensibil cu propriet\u0103\u021bi remarcabile de refacere \u0219i hidratare a pielii. Crema combin\u0103 beneficiile extractului de goji organic rom\u00e2nesc, cu 2% centella asiatica, bisabolol, ectoin\u0103 \u0219i glicerin\u0103 pentru a revitaliza \u0219i hr\u0103ni tenul, dar \u0219i pentru a calma irita\u021biile. Vei ob\u021bine un ten s\u0103n\u0103tos \u0219i radiant \u00een fiecare zi.<\/p>\n<p><b>Nu con\u021bine: uleiuri minerale, parfum, alergeni, parabeni sau coloran\u021bi artificiali<\/b><\/p>\n<h3>SENSIDERM Skin Nourishing Glow &#8211; Un elixir de hidratare \u0219i confort, formulat meticulos pentru a r\u0103sf\u0103\u021ba pielea sensibil\u0103 cu ingrediente naturale de excep\u021bie.<\/h3>\n<div style=\"text-align: center;\"><img loading=\"lazy\" decoding=\"async\" class=\"\" src=\"https:\/\/cdn.shopify.com\/s\/files\/1\/0615\/4171\/2086\/files\/GOJIREWEBPRODUCTPAGE_1080x1340px_2.png?v=1699019252\" alt=\"\" width=\"681\" height=\"383\" \/><\/div>\n<p>Aceast\u0103\u00a0formul\u0103 delicat\u0103 incorporeaz\u0103 eficacitatea antioxidan\u021bilor din extractul de goji organic rom\u00e2nesc \u0219i propriet\u0103\u021bile reparatoare ale extractului de centella asiatica, \u00eembog\u0103\u021bit\u0103 cu ectoina pentru \u00eent\u0103rirea barierei de protec\u021bie a pielii \u0219i bisabol pentru efecte calmante. Formula este completat\u0103 de glicerin\u0103, oferind hidratare profund\u0103 \u0219i confort imediat, pentru o piele vizibil mai luminoas\u0103 \u0219i revitalizat\u0103.<\/p>\n<p>Testat\u0103 dermatologic, crema este ideal\u0103 pentru \u00eembun\u0103t\u0103\u021birea aspectului pielii sensibile, contribuind la atenuarea ro\u0219e\u021bii \u0219i irita\u021biei. Redescoper\u0103 armonia \u0219i str\u0103lucirea natural\u0103 a tenului t\u0103u.<\/p>\n<h3>\u2714\ufe0e Nutri\u021bie\u00a0Profund\u0103 \u0219i Str\u0103lucire<\/h3>\n<p>SENSIDERM Skin Nourishing Glow \u00eembr\u0103\u021bi\u0219eaz\u0103 \u0219i revitalizeaz\u0103 pielea sensibil\u0103 cu ingrediente hranitoare de \u00eenalt\u0103 calitate pentru o senza\u021bie de confort \u0219i o str\u0103lucire s\u0103n\u0103toas\u0103.<\/p>\n<h3>\u2714\ufe0e Calmarea Pielii Delicate<\/h3>\n<p>Cu beneficiile calmante, formula noastr\u0103 reduce semnificativ ro\u0219ea\u021ba \u0219i sensibilitatea, l\u0103s\u00e2nd pielea uniform\u0103 \u0219i neted\u0103.<\/p>\n<h3>\u2714\ufe0e Barier\u0103\u00a0de Protec\u021bie \u00cent\u0103rit\u0103<\/h3>\n<p>Ectoina func\u021bioneaz\u0103 ca un scut celular, protej\u00e2nd pielea \u00eempotriva stresului\u00a0oxidativ\u00a0\u0219i schimb\u0103rilor de temperatur\u0103, asigur\u00e2nd o hidratare optim\u0103 \u0219i reducerea semnelor de \u00eemb\u0103tr\u00e2nire.<\/p>\n<h3>\u2714\ufe0e Protec\u021bie Antioxidant\u0103<\/h3>\n<p>Unicul\u00a0extract de goji\u00a0organic rom\u00e2nesc\u00a0prin abundent\u021ba de Vitamina C pe care o prezint\u0103 ajut\u0103 la protejarea pielii \u00eempotriva stresului oxidativ \u0219i a factorilor de mediu.<\/p>\n<h3>\u2714\ufe0e Luminozitate \u0219i Uniformizare<\/h3>\n<p>Nuan\u021bele pielii sunt uniformizate, iar tenul cap\u0103t\u0103 o str\u0103lucire s\u0103n\u0103toas\u0103 \u0219i o luminozitate revigorat\u0103.<\/p>\n<div style=\"text-align: center;\"><img loading=\"lazy\" decoding=\"async\" class=\"\" src=\"https:\/\/cdn.shopify.com\/s\/files\/1\/0615\/4171\/2086\/files\/PhotoRoom_20231103_161709.png?v=1699021087\" alt=\"\" width=\"689\" height=\"388\" \/><\/div>\n<hr \/>\n<p style=\"padding-left: 60px;\"><em><strong>SENSIDERM Skin Nourishing Glow este o invita\u021bie c\u0103tre armonie \u0219i echilibru, oferind pielii sensibile cea mai rafinat\u0103 \u00eengrijire \u0219i un aspect s\u0103n\u0103tos \u0219i radiant.<\/strong><\/em><\/p>\n<hr \/>\n<div style=\"text-align: center;\"><\/div>\n<h3>Ingrediente De Origine Natural\u0103 \u0218i Nenum\u0103rate Beneficii Pentru Tenul T\u0103u<\/h3>\n<p>Adopt\u0103 un ritual zilnic de \u00eengrijire ce \u00eembr\u0103\u021bi\u0219eaz\u0103 nevoile pielii sensibile, cu o formul\u0103 avansat\u0103 ce valorific\u0103 ingrediente pure \u0219i efective.<\/p>\n<p><span style=\"font-weight: 400;\"><strong>EXTRACT DE GOJI ORGANIC ROM\u00c2NESC<\/strong>\u00a0\u2013 crema\u00a0SENSIDERM Skin Nourishing Glow\u00a0este \u00eembog\u0103\u021bit\u0103 \u00een mod natural cu\u00a0<em>Vitamina C<\/em>, un antioxidant prezent din abunden\u021b\u0103 \u00een fructele de goji, care stimuleaz\u0103 produc\u021bia de colagen \u0219i reduce hiperpigmentarea. Rezultatul? Un ten mai s\u0103n\u0103tos, luminos \u0219i plin de vitalitate. Mai mult, testele amanun\u021bite realizate pe acest extract arat\u0103 prezen\u021ba unei cantit\u0103\u021bi bogate de polizaharide, carotenoizi, zinc \u0219i vitamina B1 care ajut\u0103 la \u00eembun\u0103t\u0103\u021birea aspectului tenului, reduc inflama\u021bia \u0219i previn \u00eemb\u0103tr\u00e2nirea tenului prin combaterea efectelor stresului oxidativ.<\/span><\/p>\n<div><img loading=\"lazy\" decoding=\"async\" class=\"aligncenter\" src=\"https:\/\/cdn.shopify.com\/s\/files\/1\/0615\/4171\/2086\/files\/GOJIREWEBPRODUCTPAGE_1080x1340px.png?v=1681836195\" alt=\"Extract de goji organic romanesc - GOJI REPUBLIC\" width=\"778\" height=\"438\" \/><\/div>\n<p><strong>2% CENTELLA ASIATICA:<\/strong>\u00a0Cunoscut\u0103 \u0219i sub numele de &#8220;Tiger Grass&#8221;, Centella Asiatica este o plant\u0103 venerat\u0103 \u00een medicina tradi\u021bional\u0103 asiatic\u0103, cu abilit\u0103\u021bi extraordinare \u00een calmarea \u0219i repararea pielii sensibile. Pentru tenul sensibil,\u00a0acest extract botanic este un balsam natural, stimul\u00e2nd produc\u021bia de colagen \u0219i fortific\u00e2nd bariera cutanat\u0103. Bogat\u0103 \u00een saponine numite asiaticoside, madecassoside, \u0219i acid asiatic \u0219i madecassic, Centella Asiatica ajut\u0103 la diminuarea inflama\u021biei \u0219i promoveaz\u0103 vindecarea micilor leziuni sau cr\u0103p\u0103turi, oferind o piele neted\u0103 \u0219i o ameliorare considerabil\u0103 a disconfortului.<\/p>\n<p><strong>BISABOLOL:<\/strong>\u00a0Acest component activ, extrag\u00e2ndu-se din uleiul de mu\u0219e\u021bel, este un agent de calmare de top pentru pielea sensibil\u0103, renumit pentru propriet\u0103\u021bile sale antiinflamatoare \u0219i capacit\u0103\u021bile de vindecare. Bisabololul lucreaz\u0103 delicat pe suprafa\u021ba pielii, alin\u00e2nd irita\u021biile \u0219i ro\u0219ea\u021ba, \u0219i totodat\u0103 accelereaz\u0103 procesul de reparare al epidermei. Acesta este de asemenea recunoscut pentru a spori absorb\u021bia altor ingrediente benefice prin straturile pielii, maximiz\u00e2nd eficacitatea \u00eentregii formule de \u00eengrijire. \u00cen plus, prezint\u0103 un u\u0219or efect antimicrobian care poate contribui la men\u021binerea echilibrului \u0219i s\u0103n\u0103t\u0103\u021bii tenului sensibil.<\/p>\n<p><strong>ECTOINA:<\/strong>\u00a0O molecul\u0103 miraculoas\u0103 \u00een lumea \u00eengrijirii pielii sensibile, ectoina este un extremolit produs de microorganisme pentru a supravie\u021bui \u00een condi\u021bii dure. C\u00e2nd este aplicat\u0103 pe piele, ectoina ac\u021bioneaz\u0103 ca un scut protectiv, diminu\u00e2nd efectele d\u0103un\u0103toare ale stresorilor ambientali cum ar fi poluan\u021bii \u0219i radia\u021biile UV. Aceasta stabilizeaz\u0103 membranele celulare \u0219i previne pierderea apei transepidermale, men\u021bin\u00e2nd astfel hidratarea \u0219i \u00eempiedic\u00e2nd uscarea \u0219i irita\u021bia. Prin \u00eembun\u0103t\u0103\u021birea capacit\u0103\u021bii pielii de a re\u021bine umiditatea, ectoina contribuie la un aspect vizibil mai s\u0103n\u0103tos \u0219i mai rezistent al pielii sensibile.<\/p>\n<p><strong>GLICERINA:<\/strong>\u00a0Un umectant de \u00eencredere, glicerina este o alegere excelent\u0103 pentru hidratarea tenurilor sensibile. Acest compus simplu, dar puternic, atrage apa c\u0103tre straturile superioare ale epidermei, asigur\u00e2nd o hidratare continu\u0103 \u0219i profund\u0103. Datorit\u0103 capacit\u0103\u021bii sale de a forma o barier\u0103 sub\u021bire la suprafa\u021ba pielii, glicerina previne pierderea apei \u0219i protejeaz\u0103 \u00eempotriva agresiunilor externe. Pielea sensibil\u0103 beneficiaz\u0103 \u00een mod special de pe urma acestei protec\u021bii \u0219i hidrat\u0103ri, cu glicerina l\u0103s\u00e2nd tenul mai moale, mai neted \u0219i mai elastic, diminu\u00e2nd simultan senza\u021bia de str\u00e2ngere \u0219i disconfort.<\/p>\n<h3>Nu con\u021bine: uleiuri esen\u021biale \u0219i minerale, parfum natural sau sintetic, alcooli d\u0103un\u0103tori, alergeni, parabeni sau coloran\u021bi artificiali.<\/h3>\n<p>Bucur\u0103-te de transformarea pe care SENSIDERM Skin Nourishing Glow o aduce pielii tale &#8211; o hidratare profund\u0103, o calmare vizibil\u0103 \u0219i o str\u0103lucire s\u0103n\u0103toas\u0103, zi de zi.<\/p>\n<\/div>\n","protected":false},"excerpt":{"rendered":"<p>Crem\u0103 de zi nutritiv\u0103 cu goji, 2% centella asiatica, bisabolol, ectoin\u0103 \u0219i glicerin\u0103 &#8211; Ten sensibil, f\u0103r\u0103 parfum SENSIDERM Skin Nourishing Glow, 50ml FFormula perfect\u0103 pentru tenul sensibil cu propriet\u0103\u021bi remarcabile de refacere \u0219i hidratare a pielii. Crema combin\u0103 beneficiile extractului de goji organic rom\u00e2nesc, cu 2% centella asiatica, bisabolol, ectoin\u0103 \u0219i glicerin\u0103 pentru a [&hellip;]<\/p>\n","protected":false},"featured_media":9623,"comment_status":"closed","ping_status":"closed","template":"","meta":[],"pwb-brand":[235],"product_brand":[],"product_cat":[77],"product_tag":[236],"class_list":{"0":"post-9616","1":"product","2":"type-product","3":"status-publish","4":"has-post-thumbnail","6":"pwb-brand-gojire","7":"product_cat-cosmetice-naturale","8":"product_tag-gojire","10":"first","11":"instock","12":"taxable","13":"shipping-taxable","14":"purchasable","15":"product-type-simple"},"yoast_head":"<!-- This site is optimized with the Yoast SEO plugin v26.9 - https:\/\/yoast.com\/product\/yoast-seo-wordpress\/ -->\n<title>GOJ Crema de zi nutritiva cu goji \u2013 Ten sensibil SENSIDERM 50ml - Inspiratio<\/title>\n<meta name=\"description\" content=\"GOJ Crema de zi nutritiva cu goji \u2013 Ten sensibil SENSIDERM 50ml\" \/>\n<meta name=\"robots\" content=\"index, follow, max-snippet:-1, max-image-preview:large, max-video-preview:-1\" \/>\n<link rel=\"canonical\" href=\"https:\/\/inspiratio.ro\/produs\/goj-crema-de-zi-nutritiva-cu-goji-ten-sensibil-sensiderm-50ml\/\" \/>\n<meta property=\"og:locale\" content=\"en_US\" \/>\n<meta property=\"og:type\" content=\"article\" \/>\n<meta property=\"og:title\" content=\"GOJ Crema de zi nutritiva cu goji \u2013 Ten sensibil SENSIDERM 50ml - Inspiratio\" \/>\n<meta property=\"og:description\" content=\"GOJ Crema de zi nutritiva cu goji \u2013 Ten sensibil SENSIDERM 50ml\" \/>\n<meta property=\"og:url\" content=\"https:\/\/inspiratio.ro\/produs\/goj-crema-de-zi-nutritiva-cu-goji-ten-sensibil-sensiderm-50ml\/\" \/>\n<meta property=\"og:site_name\" content=\"Inspiratio\" \/>\n<meta property=\"article:publisher\" content=\"https:\/\/www.facebook.com\/inspiratiogiftstudio\/\" \/>\n<meta property=\"article:modified_time\" content=\"2025-03-04T14:16:28+00:00\" \/>\n<meta property=\"og:image\" content=\"https:\/\/inspiratio.ro\/wp-content\/uploads\/2025\/03\/Skinnourishingglow1_1200x.webp\" \/>\n\t<meta property=\"og:image:width\" content=\"1200\" \/>\n\t<meta property=\"og:image:height\" content=\"1470\" \/>\n\t<meta property=\"og:image:type\" content=\"image\/webp\" \/>\n<meta name=\"twitter:card\" content=\"summary_large_image\" \/>\n<meta name=\"twitter:label1\" content=\"Est. reading time\" \/>\n\t<meta name=\"twitter:data1\" content=\"6 minutes\" \/>\n<script type=\"application\/ld+json\" class=\"yoast-schema-graph\">{\"@context\":\"https:\/\/schema.org\",\"@graph\":[{\"@type\":\"WebPage\",\"@id\":\"https:\/\/inspiratio.ro\/produs\/goj-crema-de-zi-nutritiva-cu-goji-ten-sensibil-sensiderm-50ml\/\",\"url\":\"https:\/\/inspiratio.ro\/produs\/goj-crema-de-zi-nutritiva-cu-goji-ten-sensibil-sensiderm-50ml\/\",\"name\":\"GOJ Crema de zi nutritiva cu goji \u2013 Ten sensibil SENSIDERM 50ml - Inspiratio\",\"isPartOf\":{\"@id\":\"https:\/\/inspiratio.ro\/#website\"},\"primaryImageOfPage\":{\"@id\":\"https:\/\/inspiratio.ro\/produs\/goj-crema-de-zi-nutritiva-cu-goji-ten-sensibil-sensiderm-50ml\/#primaryimage\"},\"image\":{\"@id\":\"https:\/\/inspiratio.ro\/produs\/goj-crema-de-zi-nutritiva-cu-goji-ten-sensibil-sensiderm-50ml\/#primaryimage\"},\"thumbnailUrl\":\"https:\/\/inspiratio.ro\/wp-content\/uploads\/2025\/03\/Skinnourishingglow1_1200x.webp\",\"datePublished\":\"2025-03-04T13:35:45+00:00\",\"dateModified\":\"2025-03-04T14:16:28+00:00\",\"description\":\"GOJ Crema de zi nutritiva cu goji \u2013 Ten sensibil SENSIDERM 50ml\",\"breadcrumb\":{\"@id\":\"https:\/\/inspiratio.ro\/produs\/goj-crema-de-zi-nutritiva-cu-goji-ten-sensibil-sensiderm-50ml\/#breadcrumb\"},\"inLanguage\":\"en-US\",\"potentialAction\":[{\"@type\":\"ReadAction\",\"target\":[\"https:\/\/inspiratio.ro\/produs\/goj-crema-de-zi-nutritiva-cu-goji-ten-sensibil-sensiderm-50ml\/\"]}]},{\"@type\":\"ImageObject\",\"inLanguage\":\"en-US\",\"@id\":\"https:\/\/inspiratio.ro\/produs\/goj-crema-de-zi-nutritiva-cu-goji-ten-sensibil-sensiderm-50ml\/#primaryimage\",\"url\":\"https:\/\/inspiratio.ro\/wp-content\/uploads\/2025\/03\/Skinnourishingglow1_1200x.webp\",\"contentUrl\":\"https:\/\/inspiratio.ro\/wp-content\/uploads\/2025\/03\/Skinnourishingglow1_1200x.webp\",\"width\":1200,\"height\":1470},{\"@type\":\"BreadcrumbList\",\"@id\":\"https:\/\/inspiratio.ro\/produs\/goj-crema-de-zi-nutritiva-cu-goji-ten-sensibil-sensiderm-50ml\/#breadcrumb\",\"itemListElement\":[{\"@type\":\"ListItem\",\"position\":1,\"name\":\"Shop\",\"item\":\"https:\/\/inspiratio.ro\/magazin-cadouri\/\"},{\"@type\":\"ListItem\",\"position\":2,\"name\":\"GOJ Crema de zi nutritiva cu goji \u2013 Ten sensibil SENSIDERM 50ml\"}]},{\"@type\":\"WebSite\",\"@id\":\"https:\/\/inspiratio.ro\/#website\",\"url\":\"https:\/\/inspiratio.ro\/\",\"name\":\"Inspiratio\",\"description\":\"Las\u0103-te purtat de inspira\u021bie\",\"publisher\":{\"@id\":\"https:\/\/inspiratio.ro\/#organization\"},\"potentialAction\":[{\"@type\":\"SearchAction\",\"target\":{\"@type\":\"EntryPoint\",\"urlTemplate\":\"https:\/\/inspiratio.ro\/?s={search_term_string}\"},\"query-input\":{\"@type\":\"PropertyValueSpecification\",\"valueRequired\":true,\"valueName\":\"search_term_string\"}}],\"inLanguage\":\"en-US\"},{\"@type\":\"Organization\",\"@id\":\"https:\/\/inspiratio.ro\/#organization\",\"name\":\"Inspiratio\",\"url\":\"https:\/\/inspiratio.ro\/\",\"logo\":{\"@type\":\"ImageObject\",\"inLanguage\":\"en-US\",\"@id\":\"https:\/\/inspiratio.ro\/#\/schema\/logo\/image\/\",\"url\":\"https:\/\/inspiratio.ro\/wp-content\/uploads\/2020\/06\/logo-inspiratio.png\",\"contentUrl\":\"https:\/\/inspiratio.ro\/wp-content\/uploads\/2020\/06\/logo-inspiratio.png\",\"width\":232,\"height\":209,\"caption\":\"Inspiratio\"},\"image\":{\"@id\":\"https:\/\/inspiratio.ro\/#\/schema\/logo\/image\/\"},\"sameAs\":[\"https:\/\/www.facebook.com\/inspiratiogiftstudio\/\",\"https:\/\/www.instagram.com\/inspiratio_giftstudio\/\"]}]}<\/script>\n<!-- \/ Yoast SEO plugin. -->","yoast_head_json":{"title":"GOJ Crema de zi nutritiva cu goji \u2013 Ten sensibil SENSIDERM 50ml - Inspiratio","description":"GOJ Crema de zi nutritiva cu goji \u2013 Ten sensibil SENSIDERM 50ml","robots":{"index":"index","follow":"follow","max-snippet":"max-snippet:-1","max-image-preview":"max-image-preview:large","max-video-preview":"max-video-preview:-1"},"canonical":"https:\/\/inspiratio.ro\/produs\/goj-crema-de-zi-nutritiva-cu-goji-ten-sensibil-sensiderm-50ml\/","og_locale":"en_US","og_type":"article","og_title":"GOJ Crema de zi nutritiva cu goji \u2013 Ten sensibil SENSIDERM 50ml - Inspiratio","og_description":"GOJ Crema de zi nutritiva cu goji \u2013 Ten sensibil SENSIDERM 50ml","og_url":"https:\/\/inspiratio.ro\/produs\/goj-crema-de-zi-nutritiva-cu-goji-ten-sensibil-sensiderm-50ml\/","og_site_name":"Inspiratio","article_publisher":"https:\/\/www.facebook.com\/inspiratiogiftstudio\/","article_modified_time":"2025-03-04T14:16:28+00:00","og_image":[{"width":1200,"height":1470,"url":"https:\/\/inspiratio.ro\/wp-content\/uploads\/2025\/03\/Skinnourishingglow1_1200x.webp","type":"image\/webp"}],"twitter_card":"summary_large_image","twitter_misc":{"Est. reading time":"6 minutes"},"schema":{"@context":"https:\/\/schema.org","@graph":[{"@type":"WebPage","@id":"https:\/\/inspiratio.ro\/produs\/goj-crema-de-zi-nutritiva-cu-goji-ten-sensibil-sensiderm-50ml\/","url":"https:\/\/inspiratio.ro\/produs\/goj-crema-de-zi-nutritiva-cu-goji-ten-sensibil-sensiderm-50ml\/","name":"GOJ Crema de zi nutritiva cu goji \u2013 Ten sensibil SENSIDERM 50ml - Inspiratio","isPartOf":{"@id":"https:\/\/inspiratio.ro\/#website"},"primaryImageOfPage":{"@id":"https:\/\/inspiratio.ro\/produs\/goj-crema-de-zi-nutritiva-cu-goji-ten-sensibil-sensiderm-50ml\/#primaryimage"},"image":{"@id":"https:\/\/inspiratio.ro\/produs\/goj-crema-de-zi-nutritiva-cu-goji-ten-sensibil-sensiderm-50ml\/#primaryimage"},"thumbnailUrl":"https:\/\/inspiratio.ro\/wp-content\/uploads\/2025\/03\/Skinnourishingglow1_1200x.webp","datePublished":"2025-03-04T13:35:45+00:00","dateModified":"2025-03-04T14:16:28+00:00","description":"GOJ Crema de zi nutritiva cu goji \u2013 Ten sensibil SENSIDERM 50ml","breadcrumb":{"@id":"https:\/\/inspiratio.ro\/produs\/goj-crema-de-zi-nutritiva-cu-goji-ten-sensibil-sensiderm-50ml\/#breadcrumb"},"inLanguage":"en-US","potentialAction":[{"@type":"ReadAction","target":["https:\/\/inspiratio.ro\/produs\/goj-crema-de-zi-nutritiva-cu-goji-ten-sensibil-sensiderm-50ml\/"]}]},{"@type":"ImageObject","inLanguage":"en-US","@id":"https:\/\/inspiratio.ro\/produs\/goj-crema-de-zi-nutritiva-cu-goji-ten-sensibil-sensiderm-50ml\/#primaryimage","url":"https:\/\/inspiratio.ro\/wp-content\/uploads\/2025\/03\/Skinnourishingglow1_1200x.webp","contentUrl":"https:\/\/inspiratio.ro\/wp-content\/uploads\/2025\/03\/Skinnourishingglow1_1200x.webp","width":1200,"height":1470},{"@type":"BreadcrumbList","@id":"https:\/\/inspiratio.ro\/produs\/goj-crema-de-zi-nutritiva-cu-goji-ten-sensibil-sensiderm-50ml\/#breadcrumb","itemListElement":[{"@type":"ListItem","position":1,"name":"Shop","item":"https:\/\/inspiratio.ro\/magazin-cadouri\/"},{"@type":"ListItem","position":2,"name":"GOJ Crema de zi nutritiva cu goji \u2013 Ten sensibil SENSIDERM 50ml"}]},{"@type":"WebSite","@id":"https:\/\/inspiratio.ro\/#website","url":"https:\/\/inspiratio.ro\/","name":"Inspiratio","description":"Las\u0103-te purtat de inspira\u021bie","publisher":{"@id":"https:\/\/inspiratio.ro\/#organization"},"potentialAction":[{"@type":"SearchAction","target":{"@type":"EntryPoint","urlTemplate":"https:\/\/inspiratio.ro\/?s={search_term_string}"},"query-input":{"@type":"PropertyValueSpecification","valueRequired":true,"valueName":"search_term_string"}}],"inLanguage":"en-US"},{"@type":"Organization","@id":"https:\/\/inspiratio.ro\/#organization","name":"Inspiratio","url":"https:\/\/inspiratio.ro\/","logo":{"@type":"ImageObject","inLanguage":"en-US","@id":"https:\/\/inspiratio.ro\/#\/schema\/logo\/image\/","url":"https:\/\/inspiratio.ro\/wp-content\/uploads\/2020\/06\/logo-inspiratio.png","contentUrl":"https:\/\/inspiratio.ro\/wp-content\/uploads\/2020\/06\/logo-inspiratio.png","width":232,"height":209,"caption":"Inspiratio"},"image":{"@id":"https:\/\/inspiratio.ro\/#\/schema\/logo\/image\/"},"sameAs":["https:\/\/www.facebook.com\/inspiratiogiftstudio\/","https:\/\/www.instagram.com\/inspiratio_giftstudio\/"]}]}},"brands":[{"id":235,"name":"GOJI:RE","slug":"gojire"}],"_links":{"self":[{"href":"https:\/\/inspiratio.ro\/en\/wp-json\/wp\/v2\/product\/9616","targetHints":{"allow":["GET"]}}],"collection":[{"href":"https:\/\/inspiratio.ro\/en\/wp-json\/wp\/v2\/product"}],"about":[{"href":"https:\/\/inspiratio.ro\/en\/wp-json\/wp\/v2\/types\/product"}],"replies":[{"embeddable":true,"href":"https:\/\/inspiratio.ro\/en\/wp-json\/wp\/v2\/comments?post=9616"}],"wp:featuredmedia":[{"embeddable":true,"href":"https:\/\/inspiratio.ro\/en\/wp-json\/wp\/v2\/media\/9623"}],"wp:attachment":[{"href":"https:\/\/inspiratio.ro\/en\/wp-json\/wp\/v2\/media?parent=9616"}],"wp:term":[{"taxonomy":"pwb-brand","embeddable":true,"href":"https:\/\/inspiratio.ro\/en\/wp-json\/wp\/v2\/pwb-brand?post=9616"},{"taxonomy":"product_brand","embeddable":true,"href":"https:\/\/inspiratio.ro\/en\/wp-json\/wp\/v2\/product_brand?post=9616"},{"taxonomy":"product_cat","embeddable":true,"href":"https:\/\/inspiratio.ro\/en\/wp-json\/wp\/v2\/product_cat?post=9616"},{"taxonomy":"product_tag","embeddable":true,"href":"https:\/\/inspiratio.ro\/en\/wp-json\/wp\/v2\/product_tag?post=9616"}],"curies":[{"name":"wp","href":"https:\/\/api.w.org\/{rel}","templated":true}]}}