{"id":9585,"date":"2025-02-27T12:13:03","date_gmt":"2025-02-27T10:13:03","guid":{"rendered":"https:\/\/inspiratio.ro\/?post_type=product&#038;p=9585"},"modified":"2025-09-09T15:14:03","modified_gmt":"2025-09-09T12:14:03","slug":"buh-ahnenland-oder-die-suche-nach-kalnoky-schiller","status":"publish","type":"product","link":"https:\/\/inspiratio.ro\/en\/produs\/buh-ahnenland-oder-die-suche-nach-kalnoky-schiller\/","title":{"rendered":"Ahnenland oder die suche nach Kalnoky Schiller"},"content":{"rendered":"<p>Boris K\u00e1lnoky wurde 1961 in M\u00fcnchen geboren, als Sohn eines Siebenb\u00fcrger (Sz\u00e9kler) Vaters und einer deutschen (schlesischen) Mutter. Seine Kindheit verbrachte er in Deutschland, den USA, Holland und Frankreich, bevor er in Hamburg Politik und Geschichte studierte. Ab 1987 arbeitete er als Journalist bei der Zeitung \u201eDie Welt\u201d, wo er 1993 Auslandskorrespondent wurde, mit Sitz zun\u00e4chst in Budapest, dann Istanbul, dann wieder Budapest. Ab 2015 schrieb er neben der \u201eWelt\u201d auch f\u00fcr die \u201eWeltwoche\u201d sowie \u201eDie Presse\u201d und andere deutschsprachige Publikationen.\u00a0 2020 \u00fcbernahm er die Leitung der Medienschule am Mathias Corvinus Collegium in Budapest. Seit 2025 ist er zugleich stellvertretender Chefredakteur des ungarischen Politik-Magazins \u201eMandiner\u201d.<\/p>\n<p>Sein siebenb\u00fcrgisches Familienepos \u201eAhnenland\u201d, 2011 bei Droemer erschienen, war rasch vergriffen, ebenso die 2023 erschienene ungarische \u00dcbersetzung \u201e\u0150seim F\u00f6ldje\u201d. Ende 2024 erschien in der Bearbeitung des siebenb\u00fcrgischen Schiller Verlages eine neue deutsche Ausgabe dieses Werkes.<\/p>\n<hr \/>\n<p>Boris K\u00e1lnoky s-a n\u0103scut la M\u00fcnchen \u00een 1961, fiind fiul unui tat\u0103 transilv\u0103nean (secui) \u0219i al unei mame germane (din Silezia). \u0218i-a petrecut copil\u0103ria \u00een Germania, SUA, Olanda \u0219i Fran\u021ba, \u00eenainte de a studia politica \u0219i istoria la Hamburg. Din 1987, a lucrat ca jurnalist pentru ziarul \u201eDie Welt\u201d, unde a devenit corespondent str\u0103in \u00een 1993, mai \u00eent\u00e2i la Budapesta, apoi la Istanbul, apoi din nou la Budapesta. Din 2015, a scris pentru \u201eDie Welt\u201d, precum \u0219i pentru \u201eWeltwoche\u201d, \u201eDie Presse\u201d \u0219i alte publica\u021bii de limb\u0103 german\u0103.\u00a0 \u00cen 2020, a preluat conducerea \u0219colii de media \u201eMathias Corvinus Collegium\u201d din Budapesta. Din 2025, este, de asemenea, redactor-\u0219ef adjunct al revistei politice maghiare \u201eMandiner\u201d.<\/p>\n<p>Epopeea sa de familie transilv\u0103nean\u0103 \u201eAhnenland\u201d, publicat\u0103 de editura Droemer \u00een 2011, a fost rapid epuizat\u0103, la fel ca \u0219i traducerea maghiar\u0103 \u201e\u0150seim F\u00f6ldje\u201d, publicat\u0103 \u00een 2023. La sf\u00e2r\u0219itul anului 2024, o nou\u0103 edi\u021bie german\u0103 a acestei opere a fost publicat\u0103 de editura transilv\u0103nean\u0103 Schiller Verlag.<\/p>\n","protected":false},"excerpt":{"rendered":"<p>Boris K\u00e1lnoky wurde 1961 in M\u00fcnchen geboren, als Sohn eines Siebenb\u00fcrger (Sz\u00e9kler) Vaters und einer deutschen (schlesischen) Mutter. Seine Kindheit verbrachte er in Deutschland, den USA, Holland und Frankreich, bevor er in Hamburg Politik und Geschichte studierte. Ab 1987 arbeitete er als Journalist bei der Zeitung \u201eDie Welt\u201d, wo er 1993 Auslandskorrespondent wurde, mit Sitz [&hellip;]<\/p>\n","protected":false},"featured_media":9590,"comment_status":"closed","ping_status":"closed","template":"","meta":[],"pwb-brand":[],"product_brand":[],"product_cat":[88,71],"product_tag":[],"class_list":{"0":"post-9585","1":"product","2":"type-product","3":"status-publish","4":"has-post-thumbnail","6":"product_cat-categorie-carte","7":"product_cat-carte","9":"first","10":"instock","11":"taxable","12":"shipping-taxable","13":"purchasable","14":"product-type-simple"},"yoast_head":"<!-- This site is optimized with the Yoast SEO plugin v26.9 - https:\/\/yoast.com\/product\/yoast-seo-wordpress\/ -->\n<title>BUH Ahnenland oder die suche nach Kalnoky Schiller - Inspiratio<\/title>\n<meta name=\"description\" content=\"BUH Ahnenland oder die suche nach Kalnoky Schiller\" \/>\n<meta name=\"robots\" content=\"index, follow, max-snippet:-1, max-image-preview:large, max-video-preview:-1\" \/>\n<link rel=\"canonical\" href=\"https:\/\/inspiratio.ro\/produs\/buh-ahnenland-oder-die-suche-nach-kalnoky-schiller\/\" \/>\n<meta property=\"og:locale\" content=\"en_US\" \/>\n<meta property=\"og:type\" content=\"article\" \/>\n<meta property=\"og:title\" content=\"BUH Ahnenland oder die suche nach Kalnoky Schiller - Inspiratio\" \/>\n<meta property=\"og:description\" content=\"BUH Ahnenland oder die suche nach Kalnoky Schiller\" \/>\n<meta property=\"og:url\" content=\"https:\/\/inspiratio.ro\/produs\/buh-ahnenland-oder-die-suche-nach-kalnoky-schiller\/\" \/>\n<meta property=\"og:site_name\" content=\"Inspiratio\" \/>\n<meta property=\"article:publisher\" content=\"https:\/\/www.facebook.com\/inspiratiogiftstudio\/\" \/>\n<meta property=\"article:modified_time\" content=\"2025-09-09T12:14:03+00:00\" \/>\n<meta property=\"og:image\" content=\"https:\/\/inspiratio.ro\/wp-content\/uploads\/2025\/02\/coperta_fata.png\" \/>\n\t<meta property=\"og:image:width\" content=\"899\" \/>\n\t<meta property=\"og:image:height\" content=\"1369\" \/>\n\t<meta property=\"og:image:type\" content=\"image\/png\" \/>\n<meta name=\"twitter:card\" content=\"summary_large_image\" \/>\n<meta name=\"twitter:label1\" content=\"Est. reading time\" \/>\n\t<meta name=\"twitter:data1\" content=\"2 minutes\" \/>\n<script type=\"application\/ld+json\" class=\"yoast-schema-graph\">{\"@context\":\"https:\/\/schema.org\",\"@graph\":[{\"@type\":\"WebPage\",\"@id\":\"https:\/\/inspiratio.ro\/produs\/buh-ahnenland-oder-die-suche-nach-kalnoky-schiller\/\",\"url\":\"https:\/\/inspiratio.ro\/produs\/buh-ahnenland-oder-die-suche-nach-kalnoky-schiller\/\",\"name\":\"BUH Ahnenland oder die suche nach Kalnoky Schiller - Inspiratio\",\"isPartOf\":{\"@id\":\"https:\/\/inspiratio.ro\/#website\"},\"primaryImageOfPage\":{\"@id\":\"https:\/\/inspiratio.ro\/produs\/buh-ahnenland-oder-die-suche-nach-kalnoky-schiller\/#primaryimage\"},\"image\":{\"@id\":\"https:\/\/inspiratio.ro\/produs\/buh-ahnenland-oder-die-suche-nach-kalnoky-schiller\/#primaryimage\"},\"thumbnailUrl\":\"https:\/\/inspiratio.ro\/wp-content\/uploads\/2025\/02\/coperta_fata.png\",\"datePublished\":\"2025-02-27T10:13:03+00:00\",\"dateModified\":\"2025-09-09T12:14:03+00:00\",\"description\":\"BUH Ahnenland oder die suche nach Kalnoky Schiller\",\"breadcrumb\":{\"@id\":\"https:\/\/inspiratio.ro\/produs\/buh-ahnenland-oder-die-suche-nach-kalnoky-schiller\/#breadcrumb\"},\"inLanguage\":\"en-US\",\"potentialAction\":[{\"@type\":\"ReadAction\",\"target\":[\"https:\/\/inspiratio.ro\/produs\/buh-ahnenland-oder-die-suche-nach-kalnoky-schiller\/\"]}]},{\"@type\":\"ImageObject\",\"inLanguage\":\"en-US\",\"@id\":\"https:\/\/inspiratio.ro\/produs\/buh-ahnenland-oder-die-suche-nach-kalnoky-schiller\/#primaryimage\",\"url\":\"https:\/\/inspiratio.ro\/wp-content\/uploads\/2025\/02\/coperta_fata.png\",\"contentUrl\":\"https:\/\/inspiratio.ro\/wp-content\/uploads\/2025\/02\/coperta_fata.png\",\"width\":899,\"height\":1369},{\"@type\":\"BreadcrumbList\",\"@id\":\"https:\/\/inspiratio.ro\/produs\/buh-ahnenland-oder-die-suche-nach-kalnoky-schiller\/#breadcrumb\",\"itemListElement\":[{\"@type\":\"ListItem\",\"position\":1,\"name\":\"Shop\",\"item\":\"https:\/\/inspiratio.ro\/magazin-cadouri\/\"},{\"@type\":\"ListItem\",\"position\":2,\"name\":\"BUH Ahnenland oder die suche nach Kalnoky Schiller\"}]},{\"@type\":\"WebSite\",\"@id\":\"https:\/\/inspiratio.ro\/#website\",\"url\":\"https:\/\/inspiratio.ro\/\",\"name\":\"Inspiratio\",\"description\":\"Las\u0103-te purtat de inspira\u021bie\",\"publisher\":{\"@id\":\"https:\/\/inspiratio.ro\/#organization\"},\"potentialAction\":[{\"@type\":\"SearchAction\",\"target\":{\"@type\":\"EntryPoint\",\"urlTemplate\":\"https:\/\/inspiratio.ro\/?s={search_term_string}\"},\"query-input\":{\"@type\":\"PropertyValueSpecification\",\"valueRequired\":true,\"valueName\":\"search_term_string\"}}],\"inLanguage\":\"en-US\"},{\"@type\":\"Organization\",\"@id\":\"https:\/\/inspiratio.ro\/#organization\",\"name\":\"Inspiratio\",\"url\":\"https:\/\/inspiratio.ro\/\",\"logo\":{\"@type\":\"ImageObject\",\"inLanguage\":\"en-US\",\"@id\":\"https:\/\/inspiratio.ro\/#\/schema\/logo\/image\/\",\"url\":\"https:\/\/inspiratio.ro\/wp-content\/uploads\/2020\/06\/logo-inspiratio.png\",\"contentUrl\":\"https:\/\/inspiratio.ro\/wp-content\/uploads\/2020\/06\/logo-inspiratio.png\",\"width\":232,\"height\":209,\"caption\":\"Inspiratio\"},\"image\":{\"@id\":\"https:\/\/inspiratio.ro\/#\/schema\/logo\/image\/\"},\"sameAs\":[\"https:\/\/www.facebook.com\/inspiratiogiftstudio\/\",\"https:\/\/www.instagram.com\/inspiratio_giftstudio\/\"]}]}<\/script>\n<!-- \/ Yoast SEO plugin. -->","yoast_head_json":{"title":"BUH Ahnenland oder die suche nach Kalnoky Schiller - Inspiratio","description":"BUH Ahnenland oder die suche nach Kalnoky Schiller","robots":{"index":"index","follow":"follow","max-snippet":"max-snippet:-1","max-image-preview":"max-image-preview:large","max-video-preview":"max-video-preview:-1"},"canonical":"https:\/\/inspiratio.ro\/produs\/buh-ahnenland-oder-die-suche-nach-kalnoky-schiller\/","og_locale":"en_US","og_type":"article","og_title":"BUH Ahnenland oder die suche nach Kalnoky Schiller - Inspiratio","og_description":"BUH Ahnenland oder die suche nach Kalnoky Schiller","og_url":"https:\/\/inspiratio.ro\/produs\/buh-ahnenland-oder-die-suche-nach-kalnoky-schiller\/","og_site_name":"Inspiratio","article_publisher":"https:\/\/www.facebook.com\/inspiratiogiftstudio\/","article_modified_time":"2025-09-09T12:14:03+00:00","og_image":[{"width":899,"height":1369,"url":"https:\/\/inspiratio.ro\/wp-content\/uploads\/2025\/02\/coperta_fata.png","type":"image\/png"}],"twitter_card":"summary_large_image","twitter_misc":{"Est. reading time":"2 minutes"},"schema":{"@context":"https:\/\/schema.org","@graph":[{"@type":"WebPage","@id":"https:\/\/inspiratio.ro\/produs\/buh-ahnenland-oder-die-suche-nach-kalnoky-schiller\/","url":"https:\/\/inspiratio.ro\/produs\/buh-ahnenland-oder-die-suche-nach-kalnoky-schiller\/","name":"BUH Ahnenland oder die suche nach Kalnoky Schiller - Inspiratio","isPartOf":{"@id":"https:\/\/inspiratio.ro\/#website"},"primaryImageOfPage":{"@id":"https:\/\/inspiratio.ro\/produs\/buh-ahnenland-oder-die-suche-nach-kalnoky-schiller\/#primaryimage"},"image":{"@id":"https:\/\/inspiratio.ro\/produs\/buh-ahnenland-oder-die-suche-nach-kalnoky-schiller\/#primaryimage"},"thumbnailUrl":"https:\/\/inspiratio.ro\/wp-content\/uploads\/2025\/02\/coperta_fata.png","datePublished":"2025-02-27T10:13:03+00:00","dateModified":"2025-09-09T12:14:03+00:00","description":"BUH Ahnenland oder die suche nach Kalnoky Schiller","breadcrumb":{"@id":"https:\/\/inspiratio.ro\/produs\/buh-ahnenland-oder-die-suche-nach-kalnoky-schiller\/#breadcrumb"},"inLanguage":"en-US","potentialAction":[{"@type":"ReadAction","target":["https:\/\/inspiratio.ro\/produs\/buh-ahnenland-oder-die-suche-nach-kalnoky-schiller\/"]}]},{"@type":"ImageObject","inLanguage":"en-US","@id":"https:\/\/inspiratio.ro\/produs\/buh-ahnenland-oder-die-suche-nach-kalnoky-schiller\/#primaryimage","url":"https:\/\/inspiratio.ro\/wp-content\/uploads\/2025\/02\/coperta_fata.png","contentUrl":"https:\/\/inspiratio.ro\/wp-content\/uploads\/2025\/02\/coperta_fata.png","width":899,"height":1369},{"@type":"BreadcrumbList","@id":"https:\/\/inspiratio.ro\/produs\/buh-ahnenland-oder-die-suche-nach-kalnoky-schiller\/#breadcrumb","itemListElement":[{"@type":"ListItem","position":1,"name":"Shop","item":"https:\/\/inspiratio.ro\/magazin-cadouri\/"},{"@type":"ListItem","position":2,"name":"BUH Ahnenland oder die suche nach Kalnoky Schiller"}]},{"@type":"WebSite","@id":"https:\/\/inspiratio.ro\/#website","url":"https:\/\/inspiratio.ro\/","name":"Inspiratio","description":"Las\u0103-te purtat de inspira\u021bie","publisher":{"@id":"https:\/\/inspiratio.ro\/#organization"},"potentialAction":[{"@type":"SearchAction","target":{"@type":"EntryPoint","urlTemplate":"https:\/\/inspiratio.ro\/?s={search_term_string}"},"query-input":{"@type":"PropertyValueSpecification","valueRequired":true,"valueName":"search_term_string"}}],"inLanguage":"en-US"},{"@type":"Organization","@id":"https:\/\/inspiratio.ro\/#organization","name":"Inspiratio","url":"https:\/\/inspiratio.ro\/","logo":{"@type":"ImageObject","inLanguage":"en-US","@id":"https:\/\/inspiratio.ro\/#\/schema\/logo\/image\/","url":"https:\/\/inspiratio.ro\/wp-content\/uploads\/2020\/06\/logo-inspiratio.png","contentUrl":"https:\/\/inspiratio.ro\/wp-content\/uploads\/2020\/06\/logo-inspiratio.png","width":232,"height":209,"caption":"Inspiratio"},"image":{"@id":"https:\/\/inspiratio.ro\/#\/schema\/logo\/image\/"},"sameAs":["https:\/\/www.facebook.com\/inspiratiogiftstudio\/","https:\/\/www.instagram.com\/inspiratio_giftstudio\/"]}]}},"brands":[],"_links":{"self":[{"href":"https:\/\/inspiratio.ro\/en\/wp-json\/wp\/v2\/product\/9585","targetHints":{"allow":["GET"]}}],"collection":[{"href":"https:\/\/inspiratio.ro\/en\/wp-json\/wp\/v2\/product"}],"about":[{"href":"https:\/\/inspiratio.ro\/en\/wp-json\/wp\/v2\/types\/product"}],"replies":[{"embeddable":true,"href":"https:\/\/inspiratio.ro\/en\/wp-json\/wp\/v2\/comments?post=9585"}],"wp:featuredmedia":[{"embeddable":true,"href":"https:\/\/inspiratio.ro\/en\/wp-json\/wp\/v2\/media\/9590"}],"wp:attachment":[{"href":"https:\/\/inspiratio.ro\/en\/wp-json\/wp\/v2\/media?parent=9585"}],"wp:term":[{"taxonomy":"pwb-brand","embeddable":true,"href":"https:\/\/inspiratio.ro\/en\/wp-json\/wp\/v2\/pwb-brand?post=9585"},{"taxonomy":"product_brand","embeddable":true,"href":"https:\/\/inspiratio.ro\/en\/wp-json\/wp\/v2\/product_brand?post=9585"},{"taxonomy":"product_cat","embeddable":true,"href":"https:\/\/inspiratio.ro\/en\/wp-json\/wp\/v2\/product_cat?post=9585"},{"taxonomy":"product_tag","embeddable":true,"href":"https:\/\/inspiratio.ro\/en\/wp-json\/wp\/v2\/product_tag?post=9585"}],"curies":[{"name":"wp","href":"https:\/\/api.w.org\/{rel}","templated":true}]}}