{"id":9517,"date":"2025-02-25T17:39:20","date_gmt":"2025-02-25T15:39:20","guid":{"rendered":"https:\/\/inspiratio.ro\/?post_type=product&#038;p=9517"},"modified":"2025-10-14T16:38:18","modified_gmt":"2025-10-14T13:38:18","slug":"goj-crema-de-zi-nutritiva","status":"publish","type":"product","link":"https:\/\/inspiratio.ro\/en\/produs\/goj-crema-de-zi-nutritiva\/","title":{"rendered":"Crem\u0103 de zi nutritiv\u0103 cu goji NATUREVOLUTION Nutrafine Cream 50ml"},"content":{"rendered":"<h3 class=\"product-single__title\">Crem\u0103 de zi nutritiv\u0103 cu goji, centella asiatica \u0219i ectoin\u0103 NATUREVOLUTION Nutrafine Cream, 50ml<sup><span id=\"ProductSaleTag-template--19438080000326__main\" class=\"\">\u00a0<\/span><\/sup><\/h3>\n<div class=\" pb-2 rte product-single__description\">Un amestec unic de goji organic rom\u00e2nesc, centella asiatica \u0219i ectoin\u0103, conceput pentru a hr\u0103ni, calma \u0219i intensifica str\u0103lucirea natural\u0103 a pielii tale. Formul\u0103 infuzat\u0103 cu extracte naturale ce ofer\u0103 o hidratare intens\u0103 \u0219i un ten radiant, fiind aliatul perfect pentru \u00eengrijirea zilnic\u0103 a pielii.<\/div>\n<div><\/div>\n<div>\n<h3>NATUREVOLUTION Nutrafine Cream &#8211; O\u00a0formul\u0103 inovatoare\u00a0\u00een\u00a0nutri\u021bia \u0219i calmarea pielii, conceput\u0103 meticulos pentru a se \u00eembina armonios cu nevoile complexe ale tenului.<\/h3>\n<div style=\"text-align: center;\"><img loading=\"lazy\" decoding=\"async\" class=\"aligncenter\" src=\"https:\/\/cdn.shopify.com\/s\/files\/1\/0615\/4171\/2086\/files\/LEO_EXTRACT_INSTA_feed_1080_x_1340_px_Blog_Banner_1.png?v=1680789558\" alt=\"\" width=\"639\" height=\"360\" \/><\/div>\n<p>Aceast\u0103 crem\u0103 de zi combin\u0103\u00a0puterea revitalizant\u0103 a extractului nostru de goji organic rom\u00e2nesc, propriet\u0103\u021bile curative ale centellei asiatica \u0219i protec\u021bia ectoinei, pentru a crea o experien\u021b\u0103 de \u00eengrijire a pielii ce promite hidratare de lung\u0103 durat\u0103 \u0219i beneficii nutritive \u0219i calmante. Aceast\u0103 formul\u0103 unic\u0103 asigur\u0103 o piele s\u0103n\u0103toas\u0103, catifelat\u0103 \u0219i\u00a0hidratat\u0103\u00a0\u00een fiecare zi.<\/p>\n<p>Testat\u0103 dermatologic, NATUREVOLUTION Nutrafine Cream este ideal\u0103 pentru \u00eembun\u0103t\u0103\u021birea vitalit\u0103\u021bii pielii, diminu\u00e2nd ro\u0219ea\u021ba \u0219i inflama\u021bia. Aceast\u0103 crem\u0103 transform\u0103 complet aspectul \u0219i senza\u021bia pielii.<\/p>\n<h3>\u2714\ufe0e Nutri\u021bie Intens\u0103 \u0219i Hidratare<\/h3>\n<p>NATUREVOLUTION Nutrafine Cream hr\u0103ne\u0219te \u0219i revitalizeaz\u0103 pielea cu un mix bogat de ingrediente, oferind hidratare profund\u0103 \u0219i durabil\u0103 pentru un confort maxim.<\/p>\n<h3>\u2714\ufe0e Calmarea \u0219i Repararea Pielii<\/h3>\n<p>Cu puterea sa unic\u0103 de a reduce ro\u0219ea\u021ba \u0219i inflama\u021bia, formula\u00a0cremei aduce un efect calmant semnificativ, pentru o piele mai uniform\u0103 \u0219i neted\u0103.<\/p>\n<h3>\u2714\ufe0e Barier\u0103\u00a0de Protec\u021bie \u00cent\u0103rit\u0103<\/h3>\n<p>Ectoina func\u021bioneaz\u0103 ca un scut celular, protej\u00e2nd pielea \u00eempotriva stresului\u00a0oxidativ\u00a0\u0219i schimb\u0103rilor de temperatur\u0103, asigur\u00e2nd o hidratare optim\u0103 \u0219i reducerea semnelor de \u00eemb\u0103tr\u00e2nire.<\/p>\n<h3>\u2714\ufe0e Protec\u021bie Antioxidant\u0103<\/h3>\n<p>Unicul\u00a0extract de goji\u00a0organic rom\u00e2nesc\u00a0prin abundent\u021ba de Vitamina C pe care o prezint\u0103 ajut\u0103 la protejarea pielii \u00eempotriva stresului oxidativ \u0219i a factorilor de mediu.<\/p>\n<h3>\u2714\ufe0e Luminozitate \u0219i Uniformizare<\/h3>\n<p>Nuan\u021bele pielii sunt uniformizate, iar tenul cap\u0103t\u0103 o str\u0103lucire s\u0103n\u0103toas\u0103 \u0219i o luminozitate revigorat\u0103.<\/p>\n<hr \/>\n<p style=\"padding-left: 60px;\"><em><strong>NATUREVOLUTION Nutrafine Cream este o declara\u021bie de rafinament \u0219i eficien\u021b\u0103, aduc\u00e2nd \u00een prim-plan cele mai inovatoare ingrediente pentru a\u00a0pune \u00een eviden\u021b\u0103 frumuse\u021bea tenului t\u0103u.<\/strong><\/em><\/p>\n<hr \/>\n<div style=\"text-align: center;\"><\/div>\n<h3>Ingrediente De Origine Natural\u0103 \u0218i Nenum\u0103rate Beneficii Pentru Tenul T\u0103u<\/h3>\n<p>Crearea\u00a0unei formule echilibrate \u0219i eficiente este reprezentat\u0103 de NATUREVOLUTION Nutrafine Cream, care transform\u0103 \u00eengrijirea pielii \u00eentr-o experien\u021b\u0103 senzorial\u0103 \u0219i de\u00a0hr\u0103nire\u00a0a tenului. Utilizat\u0103 constant, aceast\u0103 crem\u0103 se poate dovedi a fi solu\u021bia pentru un ten mai s\u0103n\u0103tos \u0219i mai\u00a0radiant.<\/p>\n<p><span style=\"font-weight: 400;\"><strong>EXTRACT DE GOJI ORGANIC ROM\u00c2NESC<\/strong>\u00a0\u2013 crema\u00a0NATUREVOLUTION Nutrafine Cream\u00a0este \u00eembog\u0103\u021bit\u0103 \u00een mod natural cu\u00a0<em>Vitamina C<\/em>, un antioxidant prezent din abunden\u021b\u0103 \u00een fructele de goji, care stimuleaz\u0103 produc\u021bia de colagen \u0219i reduce hiperpigmentarea. Rezultatul? Un ten mai s\u0103n\u0103tos, luminos \u0219i plin de vitalitate. Mai mult, testele amanun\u021bite realizate pe acest extract arat\u0103 prezen\u021ba unei cantit\u0103\u021bi bogate de polizaharide, carotenoizi, zinc \u0219i vitamina B1 care ajut\u0103 la \u00eembun\u0103t\u0103\u021birea aspectului tenului, reduc inflama\u021bia \u0219i previn \u00eemb\u0103tr\u00e2nirea tenului prin combaterea efectelor stresului oxidativ.<\/span><\/p>\n<div><img loading=\"lazy\" decoding=\"async\" class=\"aligncenter\" src=\"https:\/\/cdn.shopify.com\/s\/files\/1\/0615\/4171\/2086\/files\/GOJIREWEBPRODUCTPAGE_1080x1340px.png?v=1681836195\" alt=\"Extract de goji organic romanesc - GOJI REPUBLIC\" width=\"671\" height=\"378\" \/><\/div>\n<p><strong>CENTELLA ASIATICA:<\/strong>\u00a0Supranumit\u0103 \u0219i &#8220;iarba tigrului&#8221; pentru propriet\u0103\u021bile sale terapeutice, aceast\u0103 plant\u0103 minune este un adev\u0103rat elixir pentru piele. Cu beneficii de neegalat \u00een calmarea \u0219i reducerea ro\u0219e\u021bii \u0219i inflama\u021biei, compozi\u021bia sa unic\u0103 sus\u021bine sinteza de colagen, asigur\u00e2nd o piele mai ferm\u0103 \u0219i mai rezistent\u0103 \u0219i diminu\u00e2nd apari\u021bia cicatricilor \u0219i a imperfec\u021biunilor.<\/p>\n<p><strong>ECTOINA:<\/strong>\u00a0O molecul\u0103 miraculoas\u0103 \u00een pentru \u00eengrijirea pielii, ectoina este un extremolit produs de microorganisme pentru a supravie\u021bui \u00een condi\u021bii dure. C\u00e2nd este aplicat\u0103 pe piele, ectoina ac\u021bioneaz\u0103 ca un scut protectiv, diminu\u00e2nd efectele d\u0103un\u0103toare ale stresorilor ambientali cum ar fi poluan\u021bii \u0219i radia\u021biile UV. Aceasta stabilizeaz\u0103 membranele celulare \u0219i previne pierderea apei transepidermale, men\u021bin\u00e2nd astfel hidratarea \u0219i \u00eempiedic\u00e2nd uscarea \u0219i irita\u021bia. Prin \u00eembun\u0103t\u0103\u021birea capacit\u0103\u021bii pielii de a re\u021bine umiditatea, ectoina contribuie la un aspect vizibil mai s\u0103n\u0103tos \u0219i mai rezistent al pielii.<\/p>\n<p><img loading=\"lazy\" decoding=\"async\" class=\"aligncenter\" src=\"https:\/\/cdn.shopify.com\/s\/files\/1\/0615\/4171\/2086\/files\/PhotoRoom_20231103_163405.png?v=1699023421\" alt=\"\" width=\"613\" height=\"345\" \/><\/p>\n<p>NATUREVOLUTION Nutrafine Cream \u00eembin\u0103 \u00eentr-un mod\u00a0unic\u00a0puterea naturii, \u0219tiin\u021ba \u0219i inova\u021bia, transform\u00e2nd ritualul de \u00eengrijire a pielii \u00eentr-o experien\u021b\u0103 pur\u0103, \u00eembog\u0103\u021bit\u0103 de natur\u0103 \u0219i de cercetarea avansat\u0103 \u00een cosmetologie pentru a aduce \u00een prim-plan o piele revitalizat\u0103 \u0219i radiant\u0103.<\/p>\n<\/div>\n","protected":false},"excerpt":{"rendered":"<p>Crem\u0103 de zi nutritiv\u0103 cu goji, centella asiatica \u0219i ectoin\u0103 NATUREVOLUTION Nutrafine Cream, 50ml\u00a0 Un amestec unic de goji organic rom\u00e2nesc, centella asiatica \u0219i ectoin\u0103, conceput pentru a hr\u0103ni, calma \u0219i intensifica str\u0103lucirea natural\u0103 a pielii tale. Formul\u0103 infuzat\u0103 cu extracte naturale ce ofer\u0103 o hidratare intens\u0103 \u0219i un ten radiant, fiind aliatul perfect pentru [&hellip;]<\/p>\n","protected":false},"featured_media":9524,"comment_status":"closed","ping_status":"closed","template":"","meta":[],"pwb-brand":[235],"product_brand":[],"product_cat":[77],"product_tag":[236],"class_list":{"0":"post-9517","1":"product","2":"type-product","3":"status-publish","4":"has-post-thumbnail","6":"pwb-brand-gojire","7":"product_cat-cosmetice-naturale","8":"product_tag-gojire","10":"first","11":"instock","12":"taxable","13":"shipping-taxable","14":"purchasable","15":"product-type-simple"},"yoast_head":"<!-- This site is optimized with the Yoast SEO plugin v26.9 - https:\/\/yoast.com\/product\/yoast-seo-wordpress\/ -->\n<title>GOJ Crem\u0103 de zi nutritiv\u0103 cu goji NATUREVOLUTION Nutrafine Cream 50ml - Inspiratio<\/title>\n<meta name=\"description\" content=\"GOJ Crem\u0103 de zi nutritiv\u0103 cu goji NATUREVOLUTION Nutrafine Cream 50ml\" \/>\n<meta name=\"robots\" content=\"index, follow, max-snippet:-1, max-image-preview:large, max-video-preview:-1\" \/>\n<link rel=\"canonical\" href=\"https:\/\/inspiratio.ro\/produs\/goj-crema-de-zi-nutritiva\/\" \/>\n<meta property=\"og:locale\" content=\"en_US\" \/>\n<meta property=\"og:type\" content=\"article\" \/>\n<meta property=\"og:title\" content=\"GOJ Crem\u0103 de zi nutritiv\u0103 cu goji NATUREVOLUTION Nutrafine Cream 50ml - Inspiratio\" \/>\n<meta property=\"og:description\" content=\"GOJ Crem\u0103 de zi nutritiv\u0103 cu goji NATUREVOLUTION Nutrafine Cream 50ml\" \/>\n<meta property=\"og:url\" content=\"https:\/\/inspiratio.ro\/produs\/goj-crema-de-zi-nutritiva\/\" \/>\n<meta property=\"og:site_name\" content=\"Inspiratio\" \/>\n<meta property=\"article:publisher\" content=\"https:\/\/www.facebook.com\/inspiratiogiftstudio\/\" \/>\n<meta property=\"article:modified_time\" content=\"2025-10-14T13:38:18+00:00\" \/>\n<meta property=\"og:image\" content=\"https:\/\/inspiratio.ro\/wp-content\/uploads\/2025\/02\/Nutrafine1_ce69ce0e-c5c6-4487-8499-766a77c813fb_1200x.webp\" \/>\n\t<meta property=\"og:image:width\" content=\"1200\" \/>\n\t<meta property=\"og:image:height\" content=\"1470\" \/>\n\t<meta property=\"og:image:type\" content=\"image\/webp\" \/>\n<meta name=\"twitter:card\" content=\"summary_large_image\" \/>\n<meta name=\"twitter:label1\" content=\"Est. reading time\" \/>\n\t<meta name=\"twitter:data1\" content=\"5 minutes\" \/>\n<script type=\"application\/ld+json\" class=\"yoast-schema-graph\">{\"@context\":\"https:\/\/schema.org\",\"@graph\":[{\"@type\":\"WebPage\",\"@id\":\"https:\/\/inspiratio.ro\/produs\/goj-crema-de-zi-nutritiva\/\",\"url\":\"https:\/\/inspiratio.ro\/produs\/goj-crema-de-zi-nutritiva\/\",\"name\":\"GOJ Crem\u0103 de zi nutritiv\u0103 cu goji NATUREVOLUTION Nutrafine Cream 50ml - Inspiratio\",\"isPartOf\":{\"@id\":\"https:\/\/inspiratio.ro\/#website\"},\"primaryImageOfPage\":{\"@id\":\"https:\/\/inspiratio.ro\/produs\/goj-crema-de-zi-nutritiva\/#primaryimage\"},\"image\":{\"@id\":\"https:\/\/inspiratio.ro\/produs\/goj-crema-de-zi-nutritiva\/#primaryimage\"},\"thumbnailUrl\":\"https:\/\/inspiratio.ro\/wp-content\/uploads\/2025\/02\/Nutrafine1_ce69ce0e-c5c6-4487-8499-766a77c813fb_1200x.webp\",\"datePublished\":\"2025-02-25T15:39:20+00:00\",\"dateModified\":\"2025-10-14T13:38:18+00:00\",\"description\":\"GOJ Crem\u0103 de zi nutritiv\u0103 cu goji NATUREVOLUTION Nutrafine Cream 50ml\",\"breadcrumb\":{\"@id\":\"https:\/\/inspiratio.ro\/produs\/goj-crema-de-zi-nutritiva\/#breadcrumb\"},\"inLanguage\":\"en-US\",\"potentialAction\":[{\"@type\":\"ReadAction\",\"target\":[\"https:\/\/inspiratio.ro\/produs\/goj-crema-de-zi-nutritiva\/\"]}]},{\"@type\":\"ImageObject\",\"inLanguage\":\"en-US\",\"@id\":\"https:\/\/inspiratio.ro\/produs\/goj-crema-de-zi-nutritiva\/#primaryimage\",\"url\":\"https:\/\/inspiratio.ro\/wp-content\/uploads\/2025\/02\/Nutrafine1_ce69ce0e-c5c6-4487-8499-766a77c813fb_1200x.webp\",\"contentUrl\":\"https:\/\/inspiratio.ro\/wp-content\/uploads\/2025\/02\/Nutrafine1_ce69ce0e-c5c6-4487-8499-766a77c813fb_1200x.webp\",\"width\":1200,\"height\":1470},{\"@type\":\"BreadcrumbList\",\"@id\":\"https:\/\/inspiratio.ro\/produs\/goj-crema-de-zi-nutritiva\/#breadcrumb\",\"itemListElement\":[{\"@type\":\"ListItem\",\"position\":1,\"name\":\"Shop\",\"item\":\"https:\/\/inspiratio.ro\/magazin-cadouri\/\"},{\"@type\":\"ListItem\",\"position\":2,\"name\":\"GOJ Crem\u0103 de zi nutritiv\u0103 cu goji NATUREVOLUTION Nutrafine Cream 50ml\"}]},{\"@type\":\"WebSite\",\"@id\":\"https:\/\/inspiratio.ro\/#website\",\"url\":\"https:\/\/inspiratio.ro\/\",\"name\":\"Inspiratio\",\"description\":\"Las\u0103-te purtat de inspira\u021bie\",\"publisher\":{\"@id\":\"https:\/\/inspiratio.ro\/#organization\"},\"potentialAction\":[{\"@type\":\"SearchAction\",\"target\":{\"@type\":\"EntryPoint\",\"urlTemplate\":\"https:\/\/inspiratio.ro\/?s={search_term_string}\"},\"query-input\":{\"@type\":\"PropertyValueSpecification\",\"valueRequired\":true,\"valueName\":\"search_term_string\"}}],\"inLanguage\":\"en-US\"},{\"@type\":\"Organization\",\"@id\":\"https:\/\/inspiratio.ro\/#organization\",\"name\":\"Inspiratio\",\"url\":\"https:\/\/inspiratio.ro\/\",\"logo\":{\"@type\":\"ImageObject\",\"inLanguage\":\"en-US\",\"@id\":\"https:\/\/inspiratio.ro\/#\/schema\/logo\/image\/\",\"url\":\"https:\/\/inspiratio.ro\/wp-content\/uploads\/2020\/06\/logo-inspiratio.png\",\"contentUrl\":\"https:\/\/inspiratio.ro\/wp-content\/uploads\/2020\/06\/logo-inspiratio.png\",\"width\":232,\"height\":209,\"caption\":\"Inspiratio\"},\"image\":{\"@id\":\"https:\/\/inspiratio.ro\/#\/schema\/logo\/image\/\"},\"sameAs\":[\"https:\/\/www.facebook.com\/inspiratiogiftstudio\/\",\"https:\/\/www.instagram.com\/inspiratio_giftstudio\/\"]}]}<\/script>\n<!-- \/ Yoast SEO plugin. -->","yoast_head_json":{"title":"GOJ Crem\u0103 de zi nutritiv\u0103 cu goji NATUREVOLUTION Nutrafine Cream 50ml - Inspiratio","description":"GOJ Crem\u0103 de zi nutritiv\u0103 cu goji NATUREVOLUTION Nutrafine Cream 50ml","robots":{"index":"index","follow":"follow","max-snippet":"max-snippet:-1","max-image-preview":"max-image-preview:large","max-video-preview":"max-video-preview:-1"},"canonical":"https:\/\/inspiratio.ro\/produs\/goj-crema-de-zi-nutritiva\/","og_locale":"en_US","og_type":"article","og_title":"GOJ Crem\u0103 de zi nutritiv\u0103 cu goji NATUREVOLUTION Nutrafine Cream 50ml - Inspiratio","og_description":"GOJ Crem\u0103 de zi nutritiv\u0103 cu goji NATUREVOLUTION Nutrafine Cream 50ml","og_url":"https:\/\/inspiratio.ro\/produs\/goj-crema-de-zi-nutritiva\/","og_site_name":"Inspiratio","article_publisher":"https:\/\/www.facebook.com\/inspiratiogiftstudio\/","article_modified_time":"2025-10-14T13:38:18+00:00","og_image":[{"width":1200,"height":1470,"url":"https:\/\/inspiratio.ro\/wp-content\/uploads\/2025\/02\/Nutrafine1_ce69ce0e-c5c6-4487-8499-766a77c813fb_1200x.webp","type":"image\/webp"}],"twitter_card":"summary_large_image","twitter_misc":{"Est. reading time":"5 minutes"},"schema":{"@context":"https:\/\/schema.org","@graph":[{"@type":"WebPage","@id":"https:\/\/inspiratio.ro\/produs\/goj-crema-de-zi-nutritiva\/","url":"https:\/\/inspiratio.ro\/produs\/goj-crema-de-zi-nutritiva\/","name":"GOJ Crem\u0103 de zi nutritiv\u0103 cu goji NATUREVOLUTION Nutrafine Cream 50ml - Inspiratio","isPartOf":{"@id":"https:\/\/inspiratio.ro\/#website"},"primaryImageOfPage":{"@id":"https:\/\/inspiratio.ro\/produs\/goj-crema-de-zi-nutritiva\/#primaryimage"},"image":{"@id":"https:\/\/inspiratio.ro\/produs\/goj-crema-de-zi-nutritiva\/#primaryimage"},"thumbnailUrl":"https:\/\/inspiratio.ro\/wp-content\/uploads\/2025\/02\/Nutrafine1_ce69ce0e-c5c6-4487-8499-766a77c813fb_1200x.webp","datePublished":"2025-02-25T15:39:20+00:00","dateModified":"2025-10-14T13:38:18+00:00","description":"GOJ Crem\u0103 de zi nutritiv\u0103 cu goji NATUREVOLUTION Nutrafine Cream 50ml","breadcrumb":{"@id":"https:\/\/inspiratio.ro\/produs\/goj-crema-de-zi-nutritiva\/#breadcrumb"},"inLanguage":"en-US","potentialAction":[{"@type":"ReadAction","target":["https:\/\/inspiratio.ro\/produs\/goj-crema-de-zi-nutritiva\/"]}]},{"@type":"ImageObject","inLanguage":"en-US","@id":"https:\/\/inspiratio.ro\/produs\/goj-crema-de-zi-nutritiva\/#primaryimage","url":"https:\/\/inspiratio.ro\/wp-content\/uploads\/2025\/02\/Nutrafine1_ce69ce0e-c5c6-4487-8499-766a77c813fb_1200x.webp","contentUrl":"https:\/\/inspiratio.ro\/wp-content\/uploads\/2025\/02\/Nutrafine1_ce69ce0e-c5c6-4487-8499-766a77c813fb_1200x.webp","width":1200,"height":1470},{"@type":"BreadcrumbList","@id":"https:\/\/inspiratio.ro\/produs\/goj-crema-de-zi-nutritiva\/#breadcrumb","itemListElement":[{"@type":"ListItem","position":1,"name":"Shop","item":"https:\/\/inspiratio.ro\/magazin-cadouri\/"},{"@type":"ListItem","position":2,"name":"GOJ Crem\u0103 de zi nutritiv\u0103 cu goji NATUREVOLUTION Nutrafine Cream 50ml"}]},{"@type":"WebSite","@id":"https:\/\/inspiratio.ro\/#website","url":"https:\/\/inspiratio.ro\/","name":"Inspiratio","description":"Las\u0103-te purtat de inspira\u021bie","publisher":{"@id":"https:\/\/inspiratio.ro\/#organization"},"potentialAction":[{"@type":"SearchAction","target":{"@type":"EntryPoint","urlTemplate":"https:\/\/inspiratio.ro\/?s={search_term_string}"},"query-input":{"@type":"PropertyValueSpecification","valueRequired":true,"valueName":"search_term_string"}}],"inLanguage":"en-US"},{"@type":"Organization","@id":"https:\/\/inspiratio.ro\/#organization","name":"Inspiratio","url":"https:\/\/inspiratio.ro\/","logo":{"@type":"ImageObject","inLanguage":"en-US","@id":"https:\/\/inspiratio.ro\/#\/schema\/logo\/image\/","url":"https:\/\/inspiratio.ro\/wp-content\/uploads\/2020\/06\/logo-inspiratio.png","contentUrl":"https:\/\/inspiratio.ro\/wp-content\/uploads\/2020\/06\/logo-inspiratio.png","width":232,"height":209,"caption":"Inspiratio"},"image":{"@id":"https:\/\/inspiratio.ro\/#\/schema\/logo\/image\/"},"sameAs":["https:\/\/www.facebook.com\/inspiratiogiftstudio\/","https:\/\/www.instagram.com\/inspiratio_giftstudio\/"]}]}},"brands":[{"id":235,"name":"GOJI:RE","slug":"gojire"}],"_links":{"self":[{"href":"https:\/\/inspiratio.ro\/en\/wp-json\/wp\/v2\/product\/9517","targetHints":{"allow":["GET"]}}],"collection":[{"href":"https:\/\/inspiratio.ro\/en\/wp-json\/wp\/v2\/product"}],"about":[{"href":"https:\/\/inspiratio.ro\/en\/wp-json\/wp\/v2\/types\/product"}],"replies":[{"embeddable":true,"href":"https:\/\/inspiratio.ro\/en\/wp-json\/wp\/v2\/comments?post=9517"}],"wp:featuredmedia":[{"embeddable":true,"href":"https:\/\/inspiratio.ro\/en\/wp-json\/wp\/v2\/media\/9524"}],"wp:attachment":[{"href":"https:\/\/inspiratio.ro\/en\/wp-json\/wp\/v2\/media?parent=9517"}],"wp:term":[{"taxonomy":"pwb-brand","embeddable":true,"href":"https:\/\/inspiratio.ro\/en\/wp-json\/wp\/v2\/pwb-brand?post=9517"},{"taxonomy":"product_brand","embeddable":true,"href":"https:\/\/inspiratio.ro\/en\/wp-json\/wp\/v2\/product_brand?post=9517"},{"taxonomy":"product_cat","embeddable":true,"href":"https:\/\/inspiratio.ro\/en\/wp-json\/wp\/v2\/product_cat?post=9517"},{"taxonomy":"product_tag","embeddable":true,"href":"https:\/\/inspiratio.ro\/en\/wp-json\/wp\/v2\/product_tag?post=9517"}],"curies":[{"name":"wp","href":"https:\/\/api.w.org\/{rel}","templated":true}]}}