{"id":9491,"date":"2025-02-13T17:12:51","date_gmt":"2025-02-13T15:12:51","guid":{"rendered":"https:\/\/inspiratio.ro\/?post_type=product&#038;p=9491"},"modified":"2025-02-13T17:36:59","modified_gmt":"2025-02-13T15:36:59","slug":"goj-crema-anti-aging-de-noapte-cu-goji-ten-sensibil-sensiderm-50ml","status":"publish","type":"product","link":"https:\/\/inspiratio.ro\/en\/produs\/goj-crema-anti-aging-de-noapte-cu-goji-ten-sensibil-sensiderm-50ml\/","title":{"rendered":"Crem\u0103 anti-aging de noapte cu goji \u2013 Ten sensibil, SENSIDERM 50ml"},"content":{"rendered":"<h3 class=\"product-single__title\">Crem\u0103 anti-aging de noapte cu goji, bakuchiol, ceramide\u00b3, rodie \u0219i baobab &#8211; Ten sensibil, f\u0103r\u0103 parfum SENSIDERM Cell Regeneration Boost, 50ml<\/h3>\n<div class=\" pb-2 rte product-single__description\">Formul\u0103 inovativ\u0103 creat\u0103 special pentru tenul sensibil, \u00eembin\u0103 extractul de goji organic rom\u00e2nesc, bakuchiol, ceramide\u00b3, cu extractele de rodie \u0219i baobab. Rezultate vizibile dovedite! Estompeaz\u0103 liniile fine \u0219i ridurile, \u00eent\u0103re\u0219te bariera de protec\u021bie a pielii, \u0219i confer\u0103 luminozitate tenului.<\/p>\n<p><b>Nu con\u021bine: uleiuri minerale, parfum, alergeni, parabeni sau coloran\u021bi artificiali.<\/b><\/p>\n<p>Testele clinice arat\u0103 o estompare a ridurilor \u0219i a liniilor fine cu p\u00e2n\u0103 la 20% \u00een doar 29 de zile.<\/p><\/div>\n<div><\/div>\n<h3><b>Cum folose\u0219ti SENSIDERM Cell Regeneration Boost?<\/b><\/h3>\n<p>Aplica\u021bi o cantitate suficient\u0103 pe tenul curat \u0219i masa\u021bi p\u00e2n\u0103 se absoarbe. Recomandat\u0103 pentru rutina de sear\u0103 pentru rezultate optime. Pentru toate tipurile de ten, inclusiv tenul sensibil. Testat dermatologic. Evita\u021bi contactul cu ochii. P\u0103stra\u021bi \u00eentr-un loc r\u0103coros, uscat, ferit de razele soarelui, la temperaturi cuprinse \u00eentre 5-25\u00b0C. Contraindicat persoanelor cu sensibilitate la unul din ingredientele produsului.<\/p>\n<h3 style=\"text-align: center;\">SENSIDERM Cell Regeneration Boost &#8211; O sinergie remarcabil\u0103 \u00eentre inova\u021bia cosmetic\u0103 \u0219i puterea ingredientelor naturale, conceput\u0103 special pentru a stimula regenerarea celular\u0103 a pielii sensibile.<\/h3>\n<p><img loading=\"lazy\" decoding=\"async\" class=\"aligncenter\" src=\"https:\/\/cdn.shopify.com\/s\/files\/1\/0615\/4171\/2086\/files\/GOJIREWEBPRODUCTPAGE_1080x1340px_2.png?v=1699019252\" width=\"600\" height=\"338\" \/><\/p>\n<div style=\"text-align: center;\"><\/div>\n<p>Aceast\u0103 formul\u0103 concentrat\u0103 anti-\u00eemb\u0103tr\u00e2nire combin\u0103 propriet\u0103\u021bile antioxidante puternice ale\u00a0extractului de goji organic rom\u00e2nesc\u00a0cu Bakuchiol, alternativa natural\u0103 a retinolului, \u00eentr-o compozi\u021bie meticuloas\u0103 ce include un complex de ceramide, ulei de rodie \u0219i ulei de baobab pentru o nutri\u021bie profund\u0103 \u0219i o barier\u0103 cutanat\u0103 \u00eent\u0103rit\u0103.<\/p>\n<p>Testat\u0103 clinic, crema se m\u00e2ndre\u0219te cu rezultate impresionante, not\u00e2nd o reducere a ridurilor cu 20% dup\u0103 doar 29 de zile. Redefine\u0219te-\u021bi regimul de \u00eengrijire a pielii \u0219i dezv\u0103luie un ten mai t\u00e2n\u0103r \u0219i revitalizat.<\/p>\n<h3 style=\"text-align: center;\">\u2714\ufe0e Formula Anti-Aging Concentrat\u0103<\/h3>\n<p style=\"text-align: center;\">SENSIDERM Cell Regeneration Boost folose\u0219te ingrediente de v\u00e2rf pentru a reduce semnele de \u00eemb\u0103tr\u00e2nire, cu studii clinice care atest\u0103 o\u00a0<strong>diminuare a ridurilor cu p\u00e2n\u0103 la 20% \u00een doar 29 de zile<\/strong>.<\/p>\n<h3 style=\"text-align: center;\">\u2714\ufe0e Regenerare Celular\u0103 Avansat\u0103<\/h3>\n<p style=\"text-align: center;\">Profita\u021bi de efectele regenerative ale ingredientelor noastre de calitate care \u00eencurajeaz\u0103 \u00eennoirea celular\u0103, oferind un aspect vizibil mai t\u00e2n\u0103r \u0219i mai s\u0103n\u0103tos.<\/p>\n<h3 style=\"text-align: center;\">\u2714\ufe0e Hidratare Profund\u0103 \u0219i Durabil\u0103<\/h3>\n<p style=\"text-align: center;\">Uleiul de baobab, \u00eempreun\u0103 cu complexul de ceramide, asigur\u0103 o hidratare de lung\u0103 durat\u0103, men\u021bin\u00e2nd pielea moale \u0219i supl\u0103.<\/p>\n<h3 style=\"text-align: center;\">\u2714\ufe0e Elasticitate \u00cembun\u0103t\u0103\u021bit\u0103<\/h3>\n<p style=\"text-align: center;\">Componentele active, precum extractul de goji, bakuchiol \u0219i uleiul de rodie, sporesc produc\u021bia de colagen \u0219i elastin\u0103, oferind fermitate \u0219i elasticitate tenului.<\/p>\n<h3 style=\"text-align: center;\">\u2714\ufe0e Protec\u021bie Antioxidant\u0103<\/h3>\n<p style=\"text-align: center;\">Unicul\u00a0extract de goji\u00a0organic rom\u00e2nesc\u00a0prin abundent\u021ba de Vitamina C pe care o prezint\u0103 ajut\u0103 la protejarea pielii \u00eempotriva stresului oxidativ \u0219i a factorilor de mediu.<\/p>\n<h3 style=\"text-align: center;\">\u2714\ufe0e Luminozitate \u0219i Uniformizare<\/h3>\n<p style=\"text-align: center;\">Nuan\u021bele pielii sunt uniformizate, iar tenul cap\u0103t\u0103 o str\u0103lucire s\u0103n\u0103toas\u0103 \u0219i o luminozitate revigorat\u0103.<\/p>\n<div style=\"text-align: center;\"><img loading=\"lazy\" decoding=\"async\" class=\"aligncenter\" src=\"https:\/\/cdn.shopify.com\/s\/files\/1\/0615\/4171\/2086\/files\/PhotoRoom_20231103_152321.png?v=1699018562\" alt=\"crema anti-aging de noapte cu goji bakuchiol ceramide rodie baobab goji republic\" width=\"599\" height=\"337\" \/><\/div>\n<hr \/>\n<p style=\"padding-left: 60px;\"><em><strong>SENSIDERM Cell Regeneration Boost este o od\u0103 adus\u0103 resurselor naturii \u0219i \u0219tiin\u021bei moderne, cre\u00e2nd o simbioz\u0103 perfect\u0103 pentru o piele care radiaz\u0103 de s\u0103n\u0103tate \u0219i fermitate.<\/strong><\/em><\/p>\n<hr \/>\n<div style=\"text-align: center;\"><\/div>\n<h3>Ingrediente De Origine Natural\u0103 \u0218i Nenum\u0103rate Beneficii Pentru Tenul T\u0103u<\/h3>\n<p>Redescoper\u0103 fermitatea \u0219i vitalitatea tenului cu o formul\u0103 inovatoare ce \u00eembin\u0103\u00a0puterea naturii cu precizia \u0219tiin\u021bei. Crema concentrat\u0103 de de noapte\u00a0SENSIDERM Cell Regeneration Boost \u00ee\u021bi ofer\u0103 o \u00eengrijire anti-\u00eemb\u0103tr\u00e2nire profund\u0103, folosind ingrediente minu\u021bios selectate pentru cele mai sensibile tipuri de piele.<\/p>\n<p><span style=\"font-weight: 400;\"><strong>EXTRACT DE GOJI ORGANIC ROM\u00c2NESC<\/strong>\u00a0\u2013 crema\u00a0SENSIDERM Cell Regeneration Boost\u00a0este \u00eembog\u0103\u021bit\u0103 \u00een mod natural cu\u00a0<em>Vitamina C<\/em>, un antioxidant prezent din abunden\u021b\u0103 \u00een fructele de goji, care stimuleaz\u0103 produc\u021bia de colagen \u0219i reduce hiperpigmentarea. Rezultatul? Un ten mai s\u0103n\u0103tos, luminos \u0219i plin de vitalitate. Mai mult, testele amanun\u021bite realizate pe acest extract arat\u0103 prezen\u021ba unei cantit\u0103\u021bi bogate de polizaharide, carotenoizi, zinc \u0219i vitamina B1 care ajut\u0103 la \u00eembun\u0103t\u0103\u021birea aspectului tenului, reduc inflama\u021bia \u0219i previn \u00eemb\u0103tr\u00e2nirea tenului prin combaterea efectelor stresului oxidativ.<\/span><\/p>\n<div><img decoding=\"async\" src=\"https:\/\/cdn.shopify.com\/s\/files\/1\/0615\/4171\/2086\/files\/GOJIREWEBPRODUCTPAGE_1080x1340px.png?v=1681836195\" alt=\"Extract de goji organic romanesc - GOJI REPUBLIC\" \/><\/div>\n<p><span style=\"font-weight: 400;\"><strong>BAKUCHIOL<\/strong>\u00a0\u2013\u00a0Extras din semin\u021bele plantei Babchi, Bakuchiolul este r\u0103spunsul naturii la retinol, f\u0103r\u0103 efectele asociate de sensibilitate. Studiile clinice au demonstrat c\u0103 Bakuchiolul stimuleaz\u0103 produc\u021bia de colagen, reduce apari\u021bia liniilor fine \u0219i a ridurilor \u0219i \u00eembun\u0103t\u0103\u021be\u0219te elasticitatea pielii. Propriet\u0103\u021bile sale antiinflamatorii \u0219i antibacteriene sunt un avantaj pentru tipurile de piele sensibile sau reactiv\u0103, abord\u00e2nd problemele de \u00eemb\u0103tr\u00e2nire f\u0103r\u0103 a provoca irita\u021bii.<\/span><\/p>\n<p><span style=\"font-weight: 400;\"><strong>COMPLEX DE CERAMIDE\u00b3<\/strong>\u00a0\u2013\u00a0Ceramidele sunt molecule lipidice g\u0103site \u00een mod natural \u00een stratul exterior al pielii, esen\u021biale pentru men\u021binerea barierei sale \u0219i reten\u021bia de umiditate. Pe m\u0103sur\u0103 ce \u00eemb\u0103tr\u00e2nim, nivelurile naturale de ceramide se epuizeaz\u0103, conduc\u00e2nd la usc\u0103ciune, irita\u021bie \u0219i o vulnerabilitate crescut\u0103 la agresorii externi. Complexul de ceramide din aceast\u0103 crem\u0103 reface stratul lipidic al pielii, fortific\u00e2ndu-i bariera \u00eempotriva stresorilor ambientali. Acest lucru este deosebit de benefic pentru pielea sensibil\u0103, o barier\u0103 puternic\u0103 ajut\u00e2nd la reducerea irita\u021biilor, \u00eenro\u0219irii \u0219i altor sensibilit\u0103\u021bi.<\/span><\/p>\n<p><strong>ULEIUL DE\u00a0RODIE:\u00a0<\/strong>Rodia, cu profilul s\u0103u bogat \u00een antioxidan\u021bi, este recunoscut\u0103 pentru con\u021binutul ridicat de acid elagic \u0219i punicalagine. Aceste componente ajut\u0103 la protejarea pielii \u00eempotriva daunelor UV \u0219i a poluan\u021bilor ambientali, reduc\u00e2nd semnele de foto\u00eemb\u0103tr\u00e2nire. Uleiul din semin\u021bele de rodie promoveaz\u0103 regenerarea celular\u0103, stimuleaz\u0103 produc\u021bia de colagen \u0219i \u00eembun\u0103t\u0103\u021be\u0219te elasticitatea pielii. \u00cen plus, propriet\u0103\u021bile sale antiinflamatorii pot ajuta la calmarea \u0219i lini\u0219tirea pielii sensibile, reduc\u00e2nd ro\u0219ea\u021ba \u0219i irita\u021bia.<\/p>\n<p><strong>BAOBAB:<\/strong>\u00a0Extras din semin\u021bele copacului african Baobab, acest ulei este un rezervor de vitamine, antioxidan\u021bi \u0219i acizi gra\u0219i omega. Este un hidratant excep\u021bional \u0219i ofer\u0103 rejuvenare natural\u0103 pielii. Vitaminele A, D, E \u0219i F contribuie la re\u00eennoirea celulelor pielii \u0219i la repararea barierei lipidice. Uleiul de baobab \u00eembun\u0103t\u0103\u021be\u0219te suple\u021bea \u0219i elasticitatea pielii, reduce apari\u021bia ridurilor \u0219i sprijin\u0103 s\u0103n\u0103tatea general\u0103 a pielii.<\/p>\n<h3>Nu con\u021bine: uleiuri esen\u021biale \u0219i minerale, parfum natural sau sintetic, alcooli d\u0103un\u0103tori, alergeni, parabeni sau coloran\u021bi artificiali.<\/h3>\n<p><strong>Descoper\u0103 efectul transformativ al\u00a0SENSIDERM Cell Regeneration Boost: cu utilizare regulat\u0103, studiile clinice arat\u0103 o reducere de p\u00e2n\u0103 la 20% a ridurilor \u0219i liniilor fine \u00een doar 29 de zile.<\/strong><\/p>\n<p>SENSIDERM Cell Regeneration Boost &#8211; O revolu\u021bie pentru tenul sensibil, ce \u00eembin\u0103 darurile naturii cu precizia \u0219tiin\u021bific\u0103 pentru un aspect \u00eentinerit \u0219i o piele vizibil revitalizat\u0103.<\/p>\n","protected":false},"excerpt":{"rendered":"<p>Crem\u0103 anti-aging de noapte cu goji, bakuchiol, ceramide\u00b3, rodie \u0219i baobab &#8211; Ten sensibil, f\u0103r\u0103 parfum SENSIDERM Cell Regeneration Boost, 50ml Formul\u0103 inovativ\u0103 creat\u0103 special pentru tenul sensibil, \u00eembin\u0103 extractul de goji organic rom\u00e2nesc, bakuchiol, ceramide\u00b3, cu extractele de rodie \u0219i baobab. Rezultate vizibile dovedite! Estompeaz\u0103 liniile fine \u0219i ridurile, \u00eent\u0103re\u0219te bariera de protec\u021bie a [&hellip;]<\/p>\n","protected":false},"featured_media":9498,"comment_status":"closed","ping_status":"closed","template":"","meta":[],"pwb-brand":[235],"product_brand":[],"product_cat":[77],"product_tag":[236],"class_list":{"0":"post-9491","1":"product","2":"type-product","3":"status-publish","4":"has-post-thumbnail","6":"pwb-brand-gojire","7":"product_cat-cosmetice-naturale","8":"product_tag-gojire","10":"first","11":"instock","12":"taxable","13":"shipping-taxable","14":"purchasable","15":"product-type-simple"},"yoast_head":"<!-- This site is optimized with the Yoast SEO plugin v26.9 - https:\/\/yoast.com\/product\/yoast-seo-wordpress\/ -->\n<title>GOJ Crem\u0103 anti-aging de noapte cu goji \u2013 Ten sensibil, SENSIDERM 50ml - Inspiratio<\/title>\n<meta name=\"description\" content=\"GOJ Crem\u0103 anti-aging de noapte cu goji \u2013 Ten sensibil, SENSIDERM 50ml\" \/>\n<meta name=\"robots\" content=\"index, follow, max-snippet:-1, max-image-preview:large, max-video-preview:-1\" \/>\n<link rel=\"canonical\" href=\"https:\/\/inspiratio.ro\/produs\/goj-crema-anti-aging-de-noapte-cu-goji-ten-sensibil-sensiderm-50ml\/\" \/>\n<meta property=\"og:locale\" content=\"en_US\" \/>\n<meta property=\"og:type\" content=\"article\" \/>\n<meta property=\"og:title\" content=\"GOJ Crem\u0103 anti-aging de noapte cu goji \u2013 Ten sensibil, SENSIDERM 50ml - Inspiratio\" \/>\n<meta property=\"og:description\" content=\"GOJ Crem\u0103 anti-aging de noapte cu goji \u2013 Ten sensibil, SENSIDERM 50ml\" \/>\n<meta property=\"og:url\" content=\"https:\/\/inspiratio.ro\/produs\/goj-crema-anti-aging-de-noapte-cu-goji-ten-sensibil-sensiderm-50ml\/\" \/>\n<meta property=\"og:site_name\" content=\"Inspiratio\" \/>\n<meta property=\"article:publisher\" content=\"https:\/\/www.facebook.com\/inspiratiogiftstudio\/\" \/>\n<meta property=\"article:modified_time\" content=\"2025-02-13T15:36:59+00:00\" \/>\n<meta property=\"og:image\" content=\"https:\/\/inspiratio.ro\/wp-content\/uploads\/2025\/02\/Cellregenerationboost1_1200x.webp\" \/>\n\t<meta property=\"og:image:width\" content=\"1200\" \/>\n\t<meta property=\"og:image:height\" content=\"1470\" \/>\n\t<meta property=\"og:image:type\" content=\"image\/webp\" \/>\n<meta name=\"twitter:card\" content=\"summary_large_image\" \/>\n<meta name=\"twitter:label1\" content=\"Est. reading time\" \/>\n\t<meta name=\"twitter:data1\" content=\"6 minutes\" \/>\n<script type=\"application\/ld+json\" class=\"yoast-schema-graph\">{\"@context\":\"https:\/\/schema.org\",\"@graph\":[{\"@type\":\"WebPage\",\"@id\":\"https:\/\/inspiratio.ro\/produs\/goj-crema-anti-aging-de-noapte-cu-goji-ten-sensibil-sensiderm-50ml\/\",\"url\":\"https:\/\/inspiratio.ro\/produs\/goj-crema-anti-aging-de-noapte-cu-goji-ten-sensibil-sensiderm-50ml\/\",\"name\":\"GOJ Crem\u0103 anti-aging de noapte cu goji \u2013 Ten sensibil, SENSIDERM 50ml - Inspiratio\",\"isPartOf\":{\"@id\":\"https:\/\/inspiratio.ro\/#website\"},\"primaryImageOfPage\":{\"@id\":\"https:\/\/inspiratio.ro\/produs\/goj-crema-anti-aging-de-noapte-cu-goji-ten-sensibil-sensiderm-50ml\/#primaryimage\"},\"image\":{\"@id\":\"https:\/\/inspiratio.ro\/produs\/goj-crema-anti-aging-de-noapte-cu-goji-ten-sensibil-sensiderm-50ml\/#primaryimage\"},\"thumbnailUrl\":\"https:\/\/inspiratio.ro\/wp-content\/uploads\/2025\/02\/Cellregenerationboost1_1200x.webp\",\"datePublished\":\"2025-02-13T15:12:51+00:00\",\"dateModified\":\"2025-02-13T15:36:59+00:00\",\"description\":\"GOJ Crem\u0103 anti-aging de noapte cu goji \u2013 Ten sensibil, SENSIDERM 50ml\",\"breadcrumb\":{\"@id\":\"https:\/\/inspiratio.ro\/produs\/goj-crema-anti-aging-de-noapte-cu-goji-ten-sensibil-sensiderm-50ml\/#breadcrumb\"},\"inLanguage\":\"en-US\",\"potentialAction\":[{\"@type\":\"ReadAction\",\"target\":[\"https:\/\/inspiratio.ro\/produs\/goj-crema-anti-aging-de-noapte-cu-goji-ten-sensibil-sensiderm-50ml\/\"]}]},{\"@type\":\"ImageObject\",\"inLanguage\":\"en-US\",\"@id\":\"https:\/\/inspiratio.ro\/produs\/goj-crema-anti-aging-de-noapte-cu-goji-ten-sensibil-sensiderm-50ml\/#primaryimage\",\"url\":\"https:\/\/inspiratio.ro\/wp-content\/uploads\/2025\/02\/Cellregenerationboost1_1200x.webp\",\"contentUrl\":\"https:\/\/inspiratio.ro\/wp-content\/uploads\/2025\/02\/Cellregenerationboost1_1200x.webp\",\"width\":1200,\"height\":1470},{\"@type\":\"BreadcrumbList\",\"@id\":\"https:\/\/inspiratio.ro\/produs\/goj-crema-anti-aging-de-noapte-cu-goji-ten-sensibil-sensiderm-50ml\/#breadcrumb\",\"itemListElement\":[{\"@type\":\"ListItem\",\"position\":1,\"name\":\"Shop\",\"item\":\"https:\/\/inspiratio.ro\/magazin-cadouri\/\"},{\"@type\":\"ListItem\",\"position\":2,\"name\":\"GOJ Crem\u0103 anti-aging de noapte cu goji \u2013 Ten sensibil, SENSIDERM 50ml\"}]},{\"@type\":\"WebSite\",\"@id\":\"https:\/\/inspiratio.ro\/#website\",\"url\":\"https:\/\/inspiratio.ro\/\",\"name\":\"Inspiratio\",\"description\":\"Las\u0103-te purtat de inspira\u021bie\",\"publisher\":{\"@id\":\"https:\/\/inspiratio.ro\/#organization\"},\"potentialAction\":[{\"@type\":\"SearchAction\",\"target\":{\"@type\":\"EntryPoint\",\"urlTemplate\":\"https:\/\/inspiratio.ro\/?s={search_term_string}\"},\"query-input\":{\"@type\":\"PropertyValueSpecification\",\"valueRequired\":true,\"valueName\":\"search_term_string\"}}],\"inLanguage\":\"en-US\"},{\"@type\":\"Organization\",\"@id\":\"https:\/\/inspiratio.ro\/#organization\",\"name\":\"Inspiratio\",\"url\":\"https:\/\/inspiratio.ro\/\",\"logo\":{\"@type\":\"ImageObject\",\"inLanguage\":\"en-US\",\"@id\":\"https:\/\/inspiratio.ro\/#\/schema\/logo\/image\/\",\"url\":\"https:\/\/inspiratio.ro\/wp-content\/uploads\/2020\/06\/logo-inspiratio.png\",\"contentUrl\":\"https:\/\/inspiratio.ro\/wp-content\/uploads\/2020\/06\/logo-inspiratio.png\",\"width\":232,\"height\":209,\"caption\":\"Inspiratio\"},\"image\":{\"@id\":\"https:\/\/inspiratio.ro\/#\/schema\/logo\/image\/\"},\"sameAs\":[\"https:\/\/www.facebook.com\/inspiratiogiftstudio\/\",\"https:\/\/www.instagram.com\/inspiratio_giftstudio\/\"]}]}<\/script>\n<!-- \/ Yoast SEO plugin. -->","yoast_head_json":{"title":"GOJ Crem\u0103 anti-aging de noapte cu goji \u2013 Ten sensibil, SENSIDERM 50ml - Inspiratio","description":"GOJ Crem\u0103 anti-aging de noapte cu goji \u2013 Ten sensibil, SENSIDERM 50ml","robots":{"index":"index","follow":"follow","max-snippet":"max-snippet:-1","max-image-preview":"max-image-preview:large","max-video-preview":"max-video-preview:-1"},"canonical":"https:\/\/inspiratio.ro\/produs\/goj-crema-anti-aging-de-noapte-cu-goji-ten-sensibil-sensiderm-50ml\/","og_locale":"en_US","og_type":"article","og_title":"GOJ Crem\u0103 anti-aging de noapte cu goji \u2013 Ten sensibil, SENSIDERM 50ml - Inspiratio","og_description":"GOJ Crem\u0103 anti-aging de noapte cu goji \u2013 Ten sensibil, SENSIDERM 50ml","og_url":"https:\/\/inspiratio.ro\/produs\/goj-crema-anti-aging-de-noapte-cu-goji-ten-sensibil-sensiderm-50ml\/","og_site_name":"Inspiratio","article_publisher":"https:\/\/www.facebook.com\/inspiratiogiftstudio\/","article_modified_time":"2025-02-13T15:36:59+00:00","og_image":[{"width":1200,"height":1470,"url":"https:\/\/inspiratio.ro\/wp-content\/uploads\/2025\/02\/Cellregenerationboost1_1200x.webp","type":"image\/webp"}],"twitter_card":"summary_large_image","twitter_misc":{"Est. reading time":"6 minutes"},"schema":{"@context":"https:\/\/schema.org","@graph":[{"@type":"WebPage","@id":"https:\/\/inspiratio.ro\/produs\/goj-crema-anti-aging-de-noapte-cu-goji-ten-sensibil-sensiderm-50ml\/","url":"https:\/\/inspiratio.ro\/produs\/goj-crema-anti-aging-de-noapte-cu-goji-ten-sensibil-sensiderm-50ml\/","name":"GOJ Crem\u0103 anti-aging de noapte cu goji \u2013 Ten sensibil, SENSIDERM 50ml - Inspiratio","isPartOf":{"@id":"https:\/\/inspiratio.ro\/#website"},"primaryImageOfPage":{"@id":"https:\/\/inspiratio.ro\/produs\/goj-crema-anti-aging-de-noapte-cu-goji-ten-sensibil-sensiderm-50ml\/#primaryimage"},"image":{"@id":"https:\/\/inspiratio.ro\/produs\/goj-crema-anti-aging-de-noapte-cu-goji-ten-sensibil-sensiderm-50ml\/#primaryimage"},"thumbnailUrl":"https:\/\/inspiratio.ro\/wp-content\/uploads\/2025\/02\/Cellregenerationboost1_1200x.webp","datePublished":"2025-02-13T15:12:51+00:00","dateModified":"2025-02-13T15:36:59+00:00","description":"GOJ Crem\u0103 anti-aging de noapte cu goji \u2013 Ten sensibil, SENSIDERM 50ml","breadcrumb":{"@id":"https:\/\/inspiratio.ro\/produs\/goj-crema-anti-aging-de-noapte-cu-goji-ten-sensibil-sensiderm-50ml\/#breadcrumb"},"inLanguage":"en-US","potentialAction":[{"@type":"ReadAction","target":["https:\/\/inspiratio.ro\/produs\/goj-crema-anti-aging-de-noapte-cu-goji-ten-sensibil-sensiderm-50ml\/"]}]},{"@type":"ImageObject","inLanguage":"en-US","@id":"https:\/\/inspiratio.ro\/produs\/goj-crema-anti-aging-de-noapte-cu-goji-ten-sensibil-sensiderm-50ml\/#primaryimage","url":"https:\/\/inspiratio.ro\/wp-content\/uploads\/2025\/02\/Cellregenerationboost1_1200x.webp","contentUrl":"https:\/\/inspiratio.ro\/wp-content\/uploads\/2025\/02\/Cellregenerationboost1_1200x.webp","width":1200,"height":1470},{"@type":"BreadcrumbList","@id":"https:\/\/inspiratio.ro\/produs\/goj-crema-anti-aging-de-noapte-cu-goji-ten-sensibil-sensiderm-50ml\/#breadcrumb","itemListElement":[{"@type":"ListItem","position":1,"name":"Shop","item":"https:\/\/inspiratio.ro\/magazin-cadouri\/"},{"@type":"ListItem","position":2,"name":"GOJ Crem\u0103 anti-aging de noapte cu goji \u2013 Ten sensibil, SENSIDERM 50ml"}]},{"@type":"WebSite","@id":"https:\/\/inspiratio.ro\/#website","url":"https:\/\/inspiratio.ro\/","name":"Inspiratio","description":"Las\u0103-te purtat de inspira\u021bie","publisher":{"@id":"https:\/\/inspiratio.ro\/#organization"},"potentialAction":[{"@type":"SearchAction","target":{"@type":"EntryPoint","urlTemplate":"https:\/\/inspiratio.ro\/?s={search_term_string}"},"query-input":{"@type":"PropertyValueSpecification","valueRequired":true,"valueName":"search_term_string"}}],"inLanguage":"en-US"},{"@type":"Organization","@id":"https:\/\/inspiratio.ro\/#organization","name":"Inspiratio","url":"https:\/\/inspiratio.ro\/","logo":{"@type":"ImageObject","inLanguage":"en-US","@id":"https:\/\/inspiratio.ro\/#\/schema\/logo\/image\/","url":"https:\/\/inspiratio.ro\/wp-content\/uploads\/2020\/06\/logo-inspiratio.png","contentUrl":"https:\/\/inspiratio.ro\/wp-content\/uploads\/2020\/06\/logo-inspiratio.png","width":232,"height":209,"caption":"Inspiratio"},"image":{"@id":"https:\/\/inspiratio.ro\/#\/schema\/logo\/image\/"},"sameAs":["https:\/\/www.facebook.com\/inspiratiogiftstudio\/","https:\/\/www.instagram.com\/inspiratio_giftstudio\/"]}]}},"brands":[{"id":235,"name":"GOJI:RE","slug":"gojire"}],"_links":{"self":[{"href":"https:\/\/inspiratio.ro\/en\/wp-json\/wp\/v2\/product\/9491","targetHints":{"allow":["GET"]}}],"collection":[{"href":"https:\/\/inspiratio.ro\/en\/wp-json\/wp\/v2\/product"}],"about":[{"href":"https:\/\/inspiratio.ro\/en\/wp-json\/wp\/v2\/types\/product"}],"replies":[{"embeddable":true,"href":"https:\/\/inspiratio.ro\/en\/wp-json\/wp\/v2\/comments?post=9491"}],"wp:featuredmedia":[{"embeddable":true,"href":"https:\/\/inspiratio.ro\/en\/wp-json\/wp\/v2\/media\/9498"}],"wp:attachment":[{"href":"https:\/\/inspiratio.ro\/en\/wp-json\/wp\/v2\/media?parent=9491"}],"wp:term":[{"taxonomy":"pwb-brand","embeddable":true,"href":"https:\/\/inspiratio.ro\/en\/wp-json\/wp\/v2\/pwb-brand?post=9491"},{"taxonomy":"product_brand","embeddable":true,"href":"https:\/\/inspiratio.ro\/en\/wp-json\/wp\/v2\/product_brand?post=9491"},{"taxonomy":"product_cat","embeddable":true,"href":"https:\/\/inspiratio.ro\/en\/wp-json\/wp\/v2\/product_cat?post=9491"},{"taxonomy":"product_tag","embeddable":true,"href":"https:\/\/inspiratio.ro\/en\/wp-json\/wp\/v2\/product_tag?post=9491"}],"curies":[{"name":"wp","href":"https:\/\/api.w.org\/{rel}","templated":true}]}}