{"id":9476,"date":"2025-02-13T17:12:32","date_gmt":"2025-02-13T15:12:32","guid":{"rendered":"https:\/\/inspiratio.ro\/?post_type=product&#038;p=9476"},"modified":"2025-02-13T17:12:33","modified_gmt":"2025-02-13T15:12:33","slug":"goj-crema-anti-aging-de-noapte-cu-goji-naturevolution-regenesis-cream","status":"publish","type":"product","link":"https:\/\/inspiratio.ro\/en\/produs\/goj-crema-anti-aging-de-noapte-cu-goji-naturevolution-regenesis-cream\/","title":{"rendered":"Crem\u0103 anti-aging de noapte cu goji NATUREVOLUTION Regenesis Cream, 50ml"},"content":{"rendered":"<h4><strong>Crem\u0103 anti-aging de noapte cu goji, bakuchiol \u0219i ceramide NATUREVOLUTION Regenesis Cream, 50ml<\/strong><\/h4>\n<p>O combina\u021bie unic\u0103 dintre extractul de goji organic, bakuchiol \u0219i ceramide. Formul\u0103 creat\u0103 pentru a oferi rezultate vizibile, estompeaz\u0103 liniile fine \u0219i ridurile, \u00eent\u0103re\u0219te bariera de protec\u021bie, \u0219i confer\u0103 luminozitate tenului. O inova\u021bie \u00een \u00eengrijirea natural\u0103 anti-\u00eemb\u0103tr\u00e2nire.<\/p>\n<p>Testele clinice arat\u0103 o estompare a ridurilor \u0219i a liniilor fine cu p\u00e2n\u0103 la 20% \u00een doar 29 de zile.<\/p>\n<h4><b>Cum folose\u0219ti NATUREVOLUTION Regenesis Cream?<\/b><\/h4>\n<p>Aplica\u021bi o cantitate suficient\u0103 pe tenul curat \u0219i masa\u021bi p\u00e2n\u0103 se absoarbe. Recomandat\u0103 pentru rutina de sear\u0103 pentru rezultate optime. Pentru toate tipurile de ten. Testat dermatologic. Evita\u021bi contactul cu ochii. P\u0103stra\u021bi \u00eentr-un loc r\u0103coros, uscat, ferit de razele soarelui, la temperaturi cuprinse \u00eentre 5-25\u00b0C. Contraindicat persoanelor cu sensibilitate la unul din ingredientele produsului.<\/p>\n<h4 style=\"text-align: center;\"><strong>NATUREVOLUTION Regenesis Cream\u00a0&#8211;<em>\u00a0Fuziunea dintre natur\u0103 \u0219i \u0219tiin\u021b\u0103 pentru\u00a0regenerarea pielii<\/em><\/strong><em><strong>\u00a0\u00eentr-o crem\u0103 de noapte inovativ\u0103\u00a0cu extract de goji, bakuchiol \u0219i ceramide<\/strong><\/em><\/h4>\n<div style=\"text-align: center;\"><img loading=\"lazy\" decoding=\"async\" class=\"aligncenter\" style=\"margin-bottom: 16px; float: none;\" src=\"https:\/\/cdn.shopify.com\/s\/files\/1\/0615\/4171\/2086\/files\/1.png?v=1680853244\" alt=\"Beneficii goji in skincare\" width=\"548\" height=\"308\" \/><\/div>\n<p>Descoper\u0103 puterea extraordinar\u0103 a extractului de goji organic rom\u00e2nesc combinat cu extractul regenerator de bakuchiol \u0219i puterea reparatoare a ceramidelor, ce transform\u0103 pielea \u0219i \u00eei confer\u0103 un aspect s\u0103n\u0103tos \u0219i radiant. Beneficiile multiple \u0219i inegalabile ale acestei creme de noapte te vor cuceri:<\/p>\n<h4 style=\"text-align: center;\"><strong>\u2714\ufe0e\u00a0Complex Anti-Aging\u00a0Inovativ<\/strong><\/h4>\n<p style=\"text-align: center;\">Combina\u021bia unic\u0103 de goji organic \u0219i\u00a0bakuchiol\u00a0reduce vizibil semnele de \u00eemb\u0103tr\u00e2nire.\u00a0<strong>Testele clinice confirm\u0103:\u00a0<\/strong>utilizarea regulat\u0103 a cremei NATUREVOLUTION Regenesis Cream<strong>\u00a0reduce ridurile \u0219i liniile fine cu p\u00e2n\u0103 la 20% \u00een numai 29 de zile.<\/strong><\/p>\n<h4 style=\"text-align: center;\"><strong>\u2714\ufe0e Rejuvenare Profund\u0103<\/strong><\/h4>\n<p style=\"text-align: center;\">Capteaz\u0103 secretul unui ten \u00eentinerit cu ingredientele naturale \u0219i performante care lucreaz\u0103 \u00eempreun\u0103 pentru a stimula regenerarea celular\u0103.<\/p>\n<h4 style=\"text-align: center;\"><strong>\u2714\ufe0e Hidratare\u00a0Intens\u0103<\/strong><\/h4>\n<p style=\"text-align: center;\">Ingredientele atent alese\u00a0ajut\u0103 la\u00a0hidratarea intens\u0103 a pielii pe tot parcursul nop\u021bii.<\/p>\n<h4 style=\"text-align: center;\"><strong>\u2714\ufe0e Elasticitate\u00a0\u0219i Fermitate<\/strong><\/h4>\n<p style=\"text-align: center;\">Formula avansat\u0103 contribuie la refacerea fermit\u0103\u021bii \u0219i elasticit\u0103\u021bii pielii, oferind un aspect vizibil \u00eentinerit.<\/p>\n<h4 style=\"text-align: center;\"><strong>\u2714\ufe0e Protec\u021bie Antioxidant\u0103<\/strong><\/h4>\n<p style=\"text-align: center;\">Unicul extract de goji organic rom\u00e2nesc prin abunden\u021ba de Vitamina C pe care o prezint\u0103 ajut\u0103 la protejarea pielii \u00eempotriva stresului oxidativ \u0219i a factorilor de mediu.<\/p>\n<h4 style=\"text-align: center;\"><strong>\u2714\ufe0e Luminozitate \u0219i Uniformizare<\/strong><\/h4>\n<p style=\"text-align: center;\">Nuan\u021bele pielii sunt uniformizate, iar tenul cap\u0103t\u0103 o str\u0103lucire s\u0103n\u0103toas\u0103 \u0219i o luminozitate revigorat\u0103.<\/p>\n<hr \/>\n<p style=\"padding-left: 60px;\"><strong><em>NATUREVOLUTION Regenesis Cream &#8211; inova\u021bia \u00een \u00eengrijirea natural\u0103 anti-\u00eemb\u0103tr\u00e2nire. Bucur\u0103-te\u00a0de un ten vizibil \u00eentinerit, folosind puterea remarcabil\u0103 a naturii.<\/em><\/strong><\/p>\n<hr \/>\n<div style=\"text-align: center;\"><\/div>\n<h3>Ingrediente De Origine Natural\u0103 \u0218i Nenum\u0103rate Beneficii Pentru Tenul T\u0103u<\/h3>\n<p>NATUREVOLUTION Regenesis Cream este o crem\u0103 de fa\u021b\u0103 remarcabil\u0103, care hr\u0103ne\u0219te \u0219i re\u00eennoie\u0219te pielea cu fiecare aplicare. Senza\u021bia de confort \u0219i catifelare este imediat\u0103, datorit\u0103 absorb\u021biei rapide. Formula avansat\u0103 include extractul de goji organic rom\u00e2nesc, imbog\u0103\u021bit cu un amestec unic de bakuchiol \u0219i ceramide, cre\u00e2nd un elixir de tinere\u021be eficient pentru tenul t\u0103u.<\/p>\n<p><span style=\"font-weight: 400;\"><strong>Extract de goji organic rom\u00e2nesc<\/strong>\u00a0\u2013 crema\u00a0\u00a0NATUREVOLUTION Regenesis Cream\u00a0este \u00eembog\u0103\u021bit\u0103 \u00een mod natural cu\u00a0<em>Vitamina C<\/em>, un antioxidant prezent din abunden\u021b\u0103 \u00een fructele de goji, care stimuleaz\u0103 produc\u021bia de colagen \u0219i reduce hiperpigmentarea. Rezultatul? Un ten mai s\u0103n\u0103tos, luminos \u0219i plin de vitalitate. Mai mult, testele amanun\u021bite realizate pe acest extract arat\u0103 prezen\u021ba unei cantit\u0103\u021bi bogate de polizaharide, carotenoizi, zinc \u0219i vitamina B1 care ajut\u0103 la \u00eembun\u0103t\u0103\u021birea aspectului tenului, reduc inflama\u021bia \u0219i previn \u00eemb\u0103tr\u00e2nirea tenului prin combaterea efectelor stresului oxidativ.<\/span><\/p>\n<div><img loading=\"lazy\" decoding=\"async\" class=\"aligncenter\" src=\"https:\/\/cdn.shopify.com\/s\/files\/1\/0615\/4171\/2086\/files\/GOJIREWEBPRODUCTPAGE_1080x1340px.png?v=1681836195\" alt=\"Extract de goji organic romanesc - GOJI REPUBLIC\" width=\"707\" height=\"398\" \/><\/div>\n<p><span style=\"font-weight: 400;\"><strong>Bakuchiol<\/strong>\u00a0\u2013\u00a0Cunoscut ca alternativa natural\u0103 la retinol, exctactul de Bakuchiolul ofer\u0103 toate beneficiile\u00a0anti-\u00eemb\u0103tr\u00e2nire f\u0103r\u0103 efecte secundare. Acesta accelereaz\u0103 delicat regenerarea celular\u0103, diminueaz\u0103 aspectul liniilor fine \u0219i al ridurilor \u0219i rafineaz\u0103 textura pielii, fiind totodat\u0103 bl\u00e2nd cu pielea.<\/span><\/p>\n<p><span style=\"font-weight: 400;\"><strong>Ceramide<\/strong>\u00a0\u2013\u00a0Lipide esen\u021biale care fortific\u0103 bariera cutanat\u0103, ceramidele\u00a0sigileaz\u0103 hidratarea \u00een piele \u0219i protejeaz\u0103 \u00eempotriva factorilor externi. Prin completarea nivelurilor naturale de ceramide, pielea reu\u0219e\u0219te s\u0103 re\u021bin\u0103 hidratarea, s\u0103 \u00ee\u0219i men\u021bin\u0103 rezilien\u021ba,\u00a0oferind un aspect plin de vitalitate.<\/span><\/p>\n<p>Alte\u00a0ingrediente naturale, cum ar fi uleiul de jojoba, uleiul de s\u00e2mbure de kiwi, uleiul de baobab \u0219i rodie, \u00eembog\u0103\u021besc formula cu propriet\u0103\u021bi hidratante, nutritive \u0219i calmante.<\/p>\n<p><strong><img loading=\"lazy\" decoding=\"async\" class=\"aligncenter\" src=\"https:\/\/cdn.shopify.com\/s\/files\/1\/0615\/4171\/2086\/files\/REGENESIS.png?v=1699013241\" alt=\"Crema de noapte cu goji bakuchiol ceramide goji republic\" width=\"645\" height=\"363\" \/><\/strong><\/p>\n<p><strong>Descoper\u0103 efectul transformativ al NATUREVOLUTION Regenesis Cream: cu utilizare regulat\u0103, studiile clinice arat\u0103 o reducere de p\u00e2n\u0103 la 20% a ridurilor \u0219i liniilor fine \u00een doar 29 de zile.<\/strong><\/p>\n<p>NATUREVOLUTION Regenesis Cream &#8211; O revela\u021bie pentru tenul t\u0103u, care \u00eembin\u0103 inova\u021bia cu natura pentru un efect anti-\u00eemb\u0103tr\u00e2nire f\u0103r\u0103 precedent.<\/p>\n","protected":false},"excerpt":{"rendered":"<p>Crem\u0103 anti-aging de noapte cu goji, bakuchiol \u0219i ceramide NATUREVOLUTION Regenesis Cream, 50ml O combina\u021bie unic\u0103 dintre extractul de goji organic, bakuchiol \u0219i ceramide. Formul\u0103 creat\u0103 pentru a oferi rezultate vizibile, estompeaz\u0103 liniile fine \u0219i ridurile, \u00eent\u0103re\u0219te bariera de protec\u021bie, \u0219i confer\u0103 luminozitate tenului. O inova\u021bie \u00een \u00eengrijirea natural\u0103 anti-\u00eemb\u0103tr\u00e2nire. Testele clinice arat\u0103 o estompare [&hellip;]<\/p>\n","protected":false},"featured_media":9477,"comment_status":"closed","ping_status":"closed","template":"","meta":[],"pwb-brand":[235],"product_brand":[],"product_cat":[77],"product_tag":[236],"class_list":{"0":"post-9476","1":"product","2":"type-product","3":"status-publish","4":"has-post-thumbnail","6":"pwb-brand-gojire","7":"product_cat-cosmetice-naturale","8":"product_tag-gojire","10":"first","11":"instock","12":"taxable","13":"shipping-taxable","14":"purchasable","15":"product-type-simple"},"yoast_head":"<!-- This site is optimized with the Yoast SEO plugin v26.9 - https:\/\/yoast.com\/product\/yoast-seo-wordpress\/ -->\n<title>GOJ Crem\u0103 anti-aging de noapte cu goji NATUREVOLUTION Regenesis Cream, 50ml - Inspiratio<\/title>\n<meta name=\"description\" content=\"GOJ Crem\u0103 anti-aging de noapte cu goji NATUREVOLUTION Regenesis Cream, 50ml\" \/>\n<meta name=\"robots\" content=\"index, follow, max-snippet:-1, max-image-preview:large, max-video-preview:-1\" \/>\n<link rel=\"canonical\" href=\"https:\/\/inspiratio.ro\/produs\/goj-crema-anti-aging-de-noapte-cu-goji-naturevolution-regenesis-cream\/\" \/>\n<meta property=\"og:locale\" content=\"en_US\" \/>\n<meta property=\"og:type\" content=\"article\" \/>\n<meta property=\"og:title\" content=\"GOJ Crem\u0103 anti-aging de noapte cu goji NATUREVOLUTION Regenesis Cream, 50ml - Inspiratio\" \/>\n<meta property=\"og:description\" content=\"GOJ Crem\u0103 anti-aging de noapte cu goji NATUREVOLUTION Regenesis Cream, 50ml\" \/>\n<meta property=\"og:url\" content=\"https:\/\/inspiratio.ro\/produs\/goj-crema-anti-aging-de-noapte-cu-goji-naturevolution-regenesis-cream\/\" \/>\n<meta property=\"og:site_name\" content=\"Inspiratio\" \/>\n<meta property=\"article:publisher\" content=\"https:\/\/www.facebook.com\/inspiratiogiftstudio\/\" \/>\n<meta property=\"article:modified_time\" content=\"2025-02-13T15:12:33+00:00\" \/>\n<meta property=\"og:image\" content=\"https:\/\/inspiratio.ro\/wp-content\/uploads\/2025\/02\/Regenesis1_be339909-610e-4f37-b4a7-b323ac3950dc_1200x.webp\" \/>\n\t<meta property=\"og:image:width\" content=\"1200\" \/>\n\t<meta property=\"og:image:height\" content=\"1470\" \/>\n\t<meta property=\"og:image:type\" content=\"image\/webp\" \/>\n<meta name=\"twitter:card\" content=\"summary_large_image\" \/>\n<meta name=\"twitter:label1\" content=\"Est. reading time\" \/>\n\t<meta name=\"twitter:data1\" content=\"5 minutes\" \/>\n<script type=\"application\/ld+json\" class=\"yoast-schema-graph\">{\"@context\":\"https:\/\/schema.org\",\"@graph\":[{\"@type\":\"WebPage\",\"@id\":\"https:\/\/inspiratio.ro\/produs\/goj-crema-anti-aging-de-noapte-cu-goji-naturevolution-regenesis-cream\/\",\"url\":\"https:\/\/inspiratio.ro\/produs\/goj-crema-anti-aging-de-noapte-cu-goji-naturevolution-regenesis-cream\/\",\"name\":\"GOJ Crem\u0103 anti-aging de noapte cu goji NATUREVOLUTION Regenesis Cream, 50ml - Inspiratio\",\"isPartOf\":{\"@id\":\"https:\/\/inspiratio.ro\/#website\"},\"primaryImageOfPage\":{\"@id\":\"https:\/\/inspiratio.ro\/produs\/goj-crema-anti-aging-de-noapte-cu-goji-naturevolution-regenesis-cream\/#primaryimage\"},\"image\":{\"@id\":\"https:\/\/inspiratio.ro\/produs\/goj-crema-anti-aging-de-noapte-cu-goji-naturevolution-regenesis-cream\/#primaryimage\"},\"thumbnailUrl\":\"https:\/\/inspiratio.ro\/wp-content\/uploads\/2025\/02\/Regenesis1_be339909-610e-4f37-b4a7-b323ac3950dc_1200x.webp\",\"datePublished\":\"2025-02-13T15:12:32+00:00\",\"dateModified\":\"2025-02-13T15:12:33+00:00\",\"description\":\"GOJ Crem\u0103 anti-aging de noapte cu goji NATUREVOLUTION Regenesis Cream, 50ml\",\"breadcrumb\":{\"@id\":\"https:\/\/inspiratio.ro\/produs\/goj-crema-anti-aging-de-noapte-cu-goji-naturevolution-regenesis-cream\/#breadcrumb\"},\"inLanguage\":\"en-US\",\"potentialAction\":[{\"@type\":\"ReadAction\",\"target\":[\"https:\/\/inspiratio.ro\/produs\/goj-crema-anti-aging-de-noapte-cu-goji-naturevolution-regenesis-cream\/\"]}]},{\"@type\":\"ImageObject\",\"inLanguage\":\"en-US\",\"@id\":\"https:\/\/inspiratio.ro\/produs\/goj-crema-anti-aging-de-noapte-cu-goji-naturevolution-regenesis-cream\/#primaryimage\",\"url\":\"https:\/\/inspiratio.ro\/wp-content\/uploads\/2025\/02\/Regenesis1_be339909-610e-4f37-b4a7-b323ac3950dc_1200x.webp\",\"contentUrl\":\"https:\/\/inspiratio.ro\/wp-content\/uploads\/2025\/02\/Regenesis1_be339909-610e-4f37-b4a7-b323ac3950dc_1200x.webp\",\"width\":1200,\"height\":1470},{\"@type\":\"BreadcrumbList\",\"@id\":\"https:\/\/inspiratio.ro\/produs\/goj-crema-anti-aging-de-noapte-cu-goji-naturevolution-regenesis-cream\/#breadcrumb\",\"itemListElement\":[{\"@type\":\"ListItem\",\"position\":1,\"name\":\"Shop\",\"item\":\"https:\/\/inspiratio.ro\/magazin-cadouri\/\"},{\"@type\":\"ListItem\",\"position\":2,\"name\":\"GOJ Crem\u0103 anti-aging de noapte cu goji NATUREVOLUTION Regenesis Cream, 50ml\"}]},{\"@type\":\"WebSite\",\"@id\":\"https:\/\/inspiratio.ro\/#website\",\"url\":\"https:\/\/inspiratio.ro\/\",\"name\":\"Inspiratio\",\"description\":\"Las\u0103-te purtat de inspira\u021bie\",\"publisher\":{\"@id\":\"https:\/\/inspiratio.ro\/#organization\"},\"potentialAction\":[{\"@type\":\"SearchAction\",\"target\":{\"@type\":\"EntryPoint\",\"urlTemplate\":\"https:\/\/inspiratio.ro\/?s={search_term_string}\"},\"query-input\":{\"@type\":\"PropertyValueSpecification\",\"valueRequired\":true,\"valueName\":\"search_term_string\"}}],\"inLanguage\":\"en-US\"},{\"@type\":\"Organization\",\"@id\":\"https:\/\/inspiratio.ro\/#organization\",\"name\":\"Inspiratio\",\"url\":\"https:\/\/inspiratio.ro\/\",\"logo\":{\"@type\":\"ImageObject\",\"inLanguage\":\"en-US\",\"@id\":\"https:\/\/inspiratio.ro\/#\/schema\/logo\/image\/\",\"url\":\"https:\/\/inspiratio.ro\/wp-content\/uploads\/2020\/06\/logo-inspiratio.png\",\"contentUrl\":\"https:\/\/inspiratio.ro\/wp-content\/uploads\/2020\/06\/logo-inspiratio.png\",\"width\":232,\"height\":209,\"caption\":\"Inspiratio\"},\"image\":{\"@id\":\"https:\/\/inspiratio.ro\/#\/schema\/logo\/image\/\"},\"sameAs\":[\"https:\/\/www.facebook.com\/inspiratiogiftstudio\/\",\"https:\/\/www.instagram.com\/inspiratio_giftstudio\/\"]}]}<\/script>\n<!-- \/ Yoast SEO plugin. -->","yoast_head_json":{"title":"GOJ Crem\u0103 anti-aging de noapte cu goji NATUREVOLUTION Regenesis Cream, 50ml - Inspiratio","description":"GOJ Crem\u0103 anti-aging de noapte cu goji NATUREVOLUTION Regenesis Cream, 50ml","robots":{"index":"index","follow":"follow","max-snippet":"max-snippet:-1","max-image-preview":"max-image-preview:large","max-video-preview":"max-video-preview:-1"},"canonical":"https:\/\/inspiratio.ro\/produs\/goj-crema-anti-aging-de-noapte-cu-goji-naturevolution-regenesis-cream\/","og_locale":"en_US","og_type":"article","og_title":"GOJ Crem\u0103 anti-aging de noapte cu goji NATUREVOLUTION Regenesis Cream, 50ml - Inspiratio","og_description":"GOJ Crem\u0103 anti-aging de noapte cu goji NATUREVOLUTION Regenesis Cream, 50ml","og_url":"https:\/\/inspiratio.ro\/produs\/goj-crema-anti-aging-de-noapte-cu-goji-naturevolution-regenesis-cream\/","og_site_name":"Inspiratio","article_publisher":"https:\/\/www.facebook.com\/inspiratiogiftstudio\/","article_modified_time":"2025-02-13T15:12:33+00:00","og_image":[{"width":1200,"height":1470,"url":"https:\/\/inspiratio.ro\/wp-content\/uploads\/2025\/02\/Regenesis1_be339909-610e-4f37-b4a7-b323ac3950dc_1200x.webp","type":"image\/webp"}],"twitter_card":"summary_large_image","twitter_misc":{"Est. reading time":"5 minutes"},"schema":{"@context":"https:\/\/schema.org","@graph":[{"@type":"WebPage","@id":"https:\/\/inspiratio.ro\/produs\/goj-crema-anti-aging-de-noapte-cu-goji-naturevolution-regenesis-cream\/","url":"https:\/\/inspiratio.ro\/produs\/goj-crema-anti-aging-de-noapte-cu-goji-naturevolution-regenesis-cream\/","name":"GOJ Crem\u0103 anti-aging de noapte cu goji NATUREVOLUTION Regenesis Cream, 50ml - Inspiratio","isPartOf":{"@id":"https:\/\/inspiratio.ro\/#website"},"primaryImageOfPage":{"@id":"https:\/\/inspiratio.ro\/produs\/goj-crema-anti-aging-de-noapte-cu-goji-naturevolution-regenesis-cream\/#primaryimage"},"image":{"@id":"https:\/\/inspiratio.ro\/produs\/goj-crema-anti-aging-de-noapte-cu-goji-naturevolution-regenesis-cream\/#primaryimage"},"thumbnailUrl":"https:\/\/inspiratio.ro\/wp-content\/uploads\/2025\/02\/Regenesis1_be339909-610e-4f37-b4a7-b323ac3950dc_1200x.webp","datePublished":"2025-02-13T15:12:32+00:00","dateModified":"2025-02-13T15:12:33+00:00","description":"GOJ Crem\u0103 anti-aging de noapte cu goji NATUREVOLUTION Regenesis Cream, 50ml","breadcrumb":{"@id":"https:\/\/inspiratio.ro\/produs\/goj-crema-anti-aging-de-noapte-cu-goji-naturevolution-regenesis-cream\/#breadcrumb"},"inLanguage":"en-US","potentialAction":[{"@type":"ReadAction","target":["https:\/\/inspiratio.ro\/produs\/goj-crema-anti-aging-de-noapte-cu-goji-naturevolution-regenesis-cream\/"]}]},{"@type":"ImageObject","inLanguage":"en-US","@id":"https:\/\/inspiratio.ro\/produs\/goj-crema-anti-aging-de-noapte-cu-goji-naturevolution-regenesis-cream\/#primaryimage","url":"https:\/\/inspiratio.ro\/wp-content\/uploads\/2025\/02\/Regenesis1_be339909-610e-4f37-b4a7-b323ac3950dc_1200x.webp","contentUrl":"https:\/\/inspiratio.ro\/wp-content\/uploads\/2025\/02\/Regenesis1_be339909-610e-4f37-b4a7-b323ac3950dc_1200x.webp","width":1200,"height":1470},{"@type":"BreadcrumbList","@id":"https:\/\/inspiratio.ro\/produs\/goj-crema-anti-aging-de-noapte-cu-goji-naturevolution-regenesis-cream\/#breadcrumb","itemListElement":[{"@type":"ListItem","position":1,"name":"Shop","item":"https:\/\/inspiratio.ro\/magazin-cadouri\/"},{"@type":"ListItem","position":2,"name":"GOJ Crem\u0103 anti-aging de noapte cu goji NATUREVOLUTION Regenesis Cream, 50ml"}]},{"@type":"WebSite","@id":"https:\/\/inspiratio.ro\/#website","url":"https:\/\/inspiratio.ro\/","name":"Inspiratio","description":"Las\u0103-te purtat de inspira\u021bie","publisher":{"@id":"https:\/\/inspiratio.ro\/#organization"},"potentialAction":[{"@type":"SearchAction","target":{"@type":"EntryPoint","urlTemplate":"https:\/\/inspiratio.ro\/?s={search_term_string}"},"query-input":{"@type":"PropertyValueSpecification","valueRequired":true,"valueName":"search_term_string"}}],"inLanguage":"en-US"},{"@type":"Organization","@id":"https:\/\/inspiratio.ro\/#organization","name":"Inspiratio","url":"https:\/\/inspiratio.ro\/","logo":{"@type":"ImageObject","inLanguage":"en-US","@id":"https:\/\/inspiratio.ro\/#\/schema\/logo\/image\/","url":"https:\/\/inspiratio.ro\/wp-content\/uploads\/2020\/06\/logo-inspiratio.png","contentUrl":"https:\/\/inspiratio.ro\/wp-content\/uploads\/2020\/06\/logo-inspiratio.png","width":232,"height":209,"caption":"Inspiratio"},"image":{"@id":"https:\/\/inspiratio.ro\/#\/schema\/logo\/image\/"},"sameAs":["https:\/\/www.facebook.com\/inspiratiogiftstudio\/","https:\/\/www.instagram.com\/inspiratio_giftstudio\/"]}]}},"brands":[{"id":235,"name":"GOJI:RE","slug":"gojire"}],"_links":{"self":[{"href":"https:\/\/inspiratio.ro\/en\/wp-json\/wp\/v2\/product\/9476","targetHints":{"allow":["GET"]}}],"collection":[{"href":"https:\/\/inspiratio.ro\/en\/wp-json\/wp\/v2\/product"}],"about":[{"href":"https:\/\/inspiratio.ro\/en\/wp-json\/wp\/v2\/types\/product"}],"replies":[{"embeddable":true,"href":"https:\/\/inspiratio.ro\/en\/wp-json\/wp\/v2\/comments?post=9476"}],"wp:featuredmedia":[{"embeddable":true,"href":"https:\/\/inspiratio.ro\/en\/wp-json\/wp\/v2\/media\/9477"}],"wp:attachment":[{"href":"https:\/\/inspiratio.ro\/en\/wp-json\/wp\/v2\/media?parent=9476"}],"wp:term":[{"taxonomy":"pwb-brand","embeddable":true,"href":"https:\/\/inspiratio.ro\/en\/wp-json\/wp\/v2\/pwb-brand?post=9476"},{"taxonomy":"product_brand","embeddable":true,"href":"https:\/\/inspiratio.ro\/en\/wp-json\/wp\/v2\/product_brand?post=9476"},{"taxonomy":"product_cat","embeddable":true,"href":"https:\/\/inspiratio.ro\/en\/wp-json\/wp\/v2\/product_cat?post=9476"},{"taxonomy":"product_tag","embeddable":true,"href":"https:\/\/inspiratio.ro\/en\/wp-json\/wp\/v2\/product_tag?post=9476"}],"curies":[{"name":"wp","href":"https:\/\/api.w.org\/{rel}","templated":true}]}}