{"id":9438,"date":"2025-02-06T16:18:31","date_gmt":"2025-02-06T14:18:31","guid":{"rendered":"https:\/\/inspiratio.ro\/?post_type=product&#038;p=9438"},"modified":"2025-08-01T13:29:39","modified_gmt":"2025-08-01T10:29:39","slug":"mat-parfum-metanoia-50-ml","status":"publish","type":"product","link":"https:\/\/inspiratio.ro\/en\/produs\/mat-parfum-metanoia-50-ml\/","title":{"rendered":"Parfum Metanoia 50 ml"},"content":{"rendered":"<div class=\"ProductMeta__Description\">\n<div class=\"Rte\">\n<h3>Incense &#8211; Amber &#8211; Burnt Leather &#8211; Dried Fruits &#8211; Mossy Wood<\/h3>\n<p>FOR HIM &#8212;-*&#8212;&#8212;&#8212;&#8212;&#8212;&#8211;FOR HER<\/p>\n<p><strong>Metanoia<\/strong>, cu inima sa enigmatic\u0103 de osmanthus, \u00eentruchipeaz\u0103 transformarea. Acest parfum ac\u021bioneaz\u0103 ca o amulet\u0103, ideal pentru cei care caut\u0103 s\u0103 dep\u0103\u0219easc\u0103 obi\u0219nuitul \u0219i s\u0103 \u00eembr\u0103\u021bi\u0219eze extraordinarul.<\/p>\n<p><strong>Osmanthus<\/strong>, revela\u021bia acestei crea\u021bii, este ca o comoar\u0103 c\u0103utat\u0103 \u0219i recent descoperit\u0103. Toate notele graviteaz\u0103 \u00een jurul s\u0103u, \u00eembog\u0103\u021bindu-i aroma floral-fructat\u0103 unic\u0103, ce \u00eembin\u0103 nuan\u021be de caise, piele \u0219i accente subtile asem\u0103n\u0103toare ceaiului. Este un parfum care las\u0103 o impresie puternic\u0103, greu de uitat.<\/p>\n<p>Inima Osmanthus se \u00eemplete\u0219te cu ingrediente la fel de pre\u021bioase:\u00a0<strong>Oud<\/strong>\u00a0\u2013 cu istoria sa bogat\u0103 \u0219i aroma de neegalat, f\u0103c\u00e2ndu-l unul dintre cele mai pre\u021buite materiale din parfumerie. Este adesea denumit \u201eaur lichid\u201d datorit\u0103 rarit\u0103\u021bii \u0219i valorii sale.<\/p>\n<p><strong>Bushman Candle<\/strong>\u00a0\u2013 un ingredient neobi\u0219nuit \u00een parfumerie, dar folosit de mii de ani de triburile din Namibia. Recoltarea se face \u00een s\u0103lb\u0103ticie, aproape exclusiv de femeile din tribul Himba. R\u0103\u0219ina eman\u0103 un parfum deosebit, dulce \u0219i echilibrat, cu note de vanilie \u0219i benzoin\u0103.<\/p>\n<p>Osmanthus, Oud \u0219i Bushman Candle \u2013 trei ingrediente care, c\u00e2nd se unesc, creeaz\u0103 o alchimie irezistibil\u0103. Un parfum dens, care te \u00eenv\u0103luie \u0219i te captiveaz\u0103, cu o prezen\u021b\u0103 greu de ignorat. Fiecare not\u0103 se joac\u0103 subtil cu sim\u021burile, l\u0103s\u00e2nd \u00een urm\u0103 o amprent\u0103 ad\u00e2nc\u0103, care te obsedeaz\u0103 \u00een cel mai fascinant mod. Un miros care te \u00eembie s\u0103-l sim\u021bi din nou \u0219i din nou, p\u00e2n\u0103 devine parte din tine.<\/p>\n<p>Cruelty-free, vegan-friendly, f\u0103r\u0103 conservan\u021bi sintetici ad\u0103uga\u021bi.\u00a0Parfumurile naturale sunt perfec\u021bionate de chimia pielii tale.<\/p>\n<\/div>\n<table width=\"100%\">\n<tbody>\n<tr>\n<td>NOTE DE TOP<\/td>\n<td>Bergamota, Davana<\/td>\n<\/tr>\n<tr>\n<td>NOTE DE MIJLOC<\/td>\n<td>Chiparos, Patchouli, Cedru, Hinoki<\/td>\n<\/tr>\n<tr>\n<td>NOTE DE BAZ\u0102<\/td>\n<td>Osmanthus, Piele, Yerba Mate, Treemoss, Opoponax, Balsam de brad, Oud, Bushman Candle, Cistus<\/td>\n<\/tr>\n<\/tbody>\n<\/table>\n<p><button class=\"Collapsible__Button Heading u-h6\" data-action=\"toggle-collapsible\" aria-expanded=\"true\">INGREDIENTS<\/button><\/p>\n<div class=\"Collapsible__Inner\">\n<div class=\"Collapsible__Content\">\n<div class=\"Rte\">\n<p>Ingredients:\u00a0Alcohol denat., Parfum, Sarcocaulon mossamedense extract, Aquilaria agallocha stem extract.<\/p>\n<p>Contains\u00a0naturally occurring allergens: Limonene, Linalol, Benzyl salicylate, Eugenol, Geraniol, Citral, Benzyl alcohol.<\/p>\n<p>For external use only. Keep out of reach of children. Flammable. Keep away from heat or flame. When using this product keep out of eyes, ears, and mouth. In case of contact with eyes, rinse eyes thoroughly with water. Store between 15-30\u00b0C.<\/p>\n<\/div>\n<\/div>\n<\/div>\n<\/div>\n","protected":false},"excerpt":{"rendered":"<p>Incense &#8211; Amber &#8211; Burnt Leather &#8211; Dried Fruits &#8211; Mossy Wood FOR HIM &#8212;-*&#8212;&#8212;&#8212;&#8212;&#8212;&#8211;FOR HER Metanoia, cu inima sa enigmatic\u0103 de osmanthus, \u00eentruchipeaz\u0103 transformarea. Acest parfum ac\u021bioneaz\u0103 ca o amulet\u0103, ideal pentru cei care caut\u0103 s\u0103 dep\u0103\u0219easc\u0103 obi\u0219nuitul \u0219i s\u0103 \u00eembr\u0103\u021bi\u0219eze extraordinarul. Osmanthus, revela\u021bia acestei crea\u021bii, este ca o comoar\u0103 c\u0103utat\u0103 \u0219i recent descoperit\u0103. [&hellip;]<\/p>\n","protected":false},"featured_media":9439,"comment_status":"closed","ping_status":"closed","template":"","meta":[],"pwb-brand":[211],"product_brand":[262],"product_cat":[77],"product_tag":[],"class_list":{"0":"post-9438","1":"product","2":"type-product","3":"status-publish","4":"has-post-thumbnail","6":"pwb-brand-matca-naturals","7":"product_brand-matca-naturals","8":"product_cat-cosmetice-naturale","10":"first","11":"instock","12":"taxable","13":"shipping-taxable","14":"purchasable","15":"product-type-simple"},"yoast_head":"<!-- This site is optimized with the Yoast SEO plugin v26.9 - https:\/\/yoast.com\/product\/yoast-seo-wordpress\/ -->\n<title>MAT Parfum Metanoia 50 ml - Inspiratio<\/title>\n<meta name=\"description\" content=\"MAT Parfum Metanoia 50 ml\" \/>\n<meta name=\"robots\" content=\"index, follow, max-snippet:-1, max-image-preview:large, max-video-preview:-1\" \/>\n<link rel=\"canonical\" href=\"https:\/\/inspiratio.ro\/produs\/mat-parfum-metanoia-50-ml\/\" \/>\n<meta property=\"og:locale\" content=\"en_US\" \/>\n<meta property=\"og:type\" content=\"article\" \/>\n<meta property=\"og:title\" content=\"MAT Parfum Metanoia 50 ml - Inspiratio\" \/>\n<meta property=\"og:description\" content=\"MAT Parfum Metanoia 50 ml\" \/>\n<meta property=\"og:url\" content=\"https:\/\/inspiratio.ro\/produs\/mat-parfum-metanoia-50-ml\/\" \/>\n<meta property=\"og:site_name\" content=\"Inspiratio\" \/>\n<meta property=\"article:publisher\" content=\"https:\/\/www.facebook.com\/inspiratiogiftstudio\/\" \/>\n<meta property=\"article:modified_time\" content=\"2025-08-01T10:29:39+00:00\" \/>\n<meta property=\"og:image\" content=\"https:\/\/inspiratio.ro\/wp-content\/uploads\/2025\/02\/metanoia-50-2-ml_600x.webp\" \/>\n\t<meta property=\"og:image:width\" content=\"600\" \/>\n\t<meta property=\"og:image:height\" content=\"700\" \/>\n\t<meta property=\"og:image:type\" content=\"image\/webp\" \/>\n<meta name=\"twitter:card\" content=\"summary_large_image\" \/>\n<meta name=\"twitter:label1\" content=\"Est. reading time\" \/>\n\t<meta name=\"twitter:data1\" content=\"3 minutes\" \/>\n<script type=\"application\/ld+json\" class=\"yoast-schema-graph\">{\"@context\":\"https:\/\/schema.org\",\"@graph\":[{\"@type\":\"WebPage\",\"@id\":\"https:\/\/inspiratio.ro\/produs\/mat-parfum-metanoia-50-ml\/\",\"url\":\"https:\/\/inspiratio.ro\/produs\/mat-parfum-metanoia-50-ml\/\",\"name\":\"MAT Parfum Metanoia 50 ml - Inspiratio\",\"isPartOf\":{\"@id\":\"https:\/\/inspiratio.ro\/#website\"},\"primaryImageOfPage\":{\"@id\":\"https:\/\/inspiratio.ro\/produs\/mat-parfum-metanoia-50-ml\/#primaryimage\"},\"image\":{\"@id\":\"https:\/\/inspiratio.ro\/produs\/mat-parfum-metanoia-50-ml\/#primaryimage\"},\"thumbnailUrl\":\"https:\/\/inspiratio.ro\/wp-content\/uploads\/2025\/02\/metanoia-50-2-ml_600x.webp\",\"datePublished\":\"2025-02-06T14:18:31+00:00\",\"dateModified\":\"2025-08-01T10:29:39+00:00\",\"description\":\"MAT Parfum Metanoia 50 ml\",\"breadcrumb\":{\"@id\":\"https:\/\/inspiratio.ro\/produs\/mat-parfum-metanoia-50-ml\/#breadcrumb\"},\"inLanguage\":\"en-US\",\"potentialAction\":[{\"@type\":\"ReadAction\",\"target\":[\"https:\/\/inspiratio.ro\/produs\/mat-parfum-metanoia-50-ml\/\"]}]},{\"@type\":\"ImageObject\",\"inLanguage\":\"en-US\",\"@id\":\"https:\/\/inspiratio.ro\/produs\/mat-parfum-metanoia-50-ml\/#primaryimage\",\"url\":\"https:\/\/inspiratio.ro\/wp-content\/uploads\/2025\/02\/metanoia-50-2-ml_600x.webp\",\"contentUrl\":\"https:\/\/inspiratio.ro\/wp-content\/uploads\/2025\/02\/metanoia-50-2-ml_600x.webp\",\"width\":600,\"height\":700},{\"@type\":\"BreadcrumbList\",\"@id\":\"https:\/\/inspiratio.ro\/produs\/mat-parfum-metanoia-50-ml\/#breadcrumb\",\"itemListElement\":[{\"@type\":\"ListItem\",\"position\":1,\"name\":\"Shop\",\"item\":\"https:\/\/inspiratio.ro\/magazin-cadouri\/\"},{\"@type\":\"ListItem\",\"position\":2,\"name\":\"MAT Parfum Metanoia 50 ml\"}]},{\"@type\":\"WebSite\",\"@id\":\"https:\/\/inspiratio.ro\/#website\",\"url\":\"https:\/\/inspiratio.ro\/\",\"name\":\"Inspiratio\",\"description\":\"Las\u0103-te purtat de inspira\u021bie\",\"publisher\":{\"@id\":\"https:\/\/inspiratio.ro\/#organization\"},\"potentialAction\":[{\"@type\":\"SearchAction\",\"target\":{\"@type\":\"EntryPoint\",\"urlTemplate\":\"https:\/\/inspiratio.ro\/?s={search_term_string}\"},\"query-input\":{\"@type\":\"PropertyValueSpecification\",\"valueRequired\":true,\"valueName\":\"search_term_string\"}}],\"inLanguage\":\"en-US\"},{\"@type\":\"Organization\",\"@id\":\"https:\/\/inspiratio.ro\/#organization\",\"name\":\"Inspiratio\",\"url\":\"https:\/\/inspiratio.ro\/\",\"logo\":{\"@type\":\"ImageObject\",\"inLanguage\":\"en-US\",\"@id\":\"https:\/\/inspiratio.ro\/#\/schema\/logo\/image\/\",\"url\":\"https:\/\/inspiratio.ro\/wp-content\/uploads\/2020\/06\/logo-inspiratio.png\",\"contentUrl\":\"https:\/\/inspiratio.ro\/wp-content\/uploads\/2020\/06\/logo-inspiratio.png\",\"width\":232,\"height\":209,\"caption\":\"Inspiratio\"},\"image\":{\"@id\":\"https:\/\/inspiratio.ro\/#\/schema\/logo\/image\/\"},\"sameAs\":[\"https:\/\/www.facebook.com\/inspiratiogiftstudio\/\",\"https:\/\/www.instagram.com\/inspiratio_giftstudio\/\"]}]}<\/script>\n<!-- \/ Yoast SEO plugin. -->","yoast_head_json":{"title":"MAT Parfum Metanoia 50 ml - Inspiratio","description":"MAT Parfum Metanoia 50 ml","robots":{"index":"index","follow":"follow","max-snippet":"max-snippet:-1","max-image-preview":"max-image-preview:large","max-video-preview":"max-video-preview:-1"},"canonical":"https:\/\/inspiratio.ro\/produs\/mat-parfum-metanoia-50-ml\/","og_locale":"en_US","og_type":"article","og_title":"MAT Parfum Metanoia 50 ml - Inspiratio","og_description":"MAT Parfum Metanoia 50 ml","og_url":"https:\/\/inspiratio.ro\/produs\/mat-parfum-metanoia-50-ml\/","og_site_name":"Inspiratio","article_publisher":"https:\/\/www.facebook.com\/inspiratiogiftstudio\/","article_modified_time":"2025-08-01T10:29:39+00:00","og_image":[{"width":600,"height":700,"url":"https:\/\/inspiratio.ro\/wp-content\/uploads\/2025\/02\/metanoia-50-2-ml_600x.webp","type":"image\/webp"}],"twitter_card":"summary_large_image","twitter_misc":{"Est. reading time":"3 minutes"},"schema":{"@context":"https:\/\/schema.org","@graph":[{"@type":"WebPage","@id":"https:\/\/inspiratio.ro\/produs\/mat-parfum-metanoia-50-ml\/","url":"https:\/\/inspiratio.ro\/produs\/mat-parfum-metanoia-50-ml\/","name":"MAT Parfum Metanoia 50 ml - Inspiratio","isPartOf":{"@id":"https:\/\/inspiratio.ro\/#website"},"primaryImageOfPage":{"@id":"https:\/\/inspiratio.ro\/produs\/mat-parfum-metanoia-50-ml\/#primaryimage"},"image":{"@id":"https:\/\/inspiratio.ro\/produs\/mat-parfum-metanoia-50-ml\/#primaryimage"},"thumbnailUrl":"https:\/\/inspiratio.ro\/wp-content\/uploads\/2025\/02\/metanoia-50-2-ml_600x.webp","datePublished":"2025-02-06T14:18:31+00:00","dateModified":"2025-08-01T10:29:39+00:00","description":"MAT Parfum Metanoia 50 ml","breadcrumb":{"@id":"https:\/\/inspiratio.ro\/produs\/mat-parfum-metanoia-50-ml\/#breadcrumb"},"inLanguage":"en-US","potentialAction":[{"@type":"ReadAction","target":["https:\/\/inspiratio.ro\/produs\/mat-parfum-metanoia-50-ml\/"]}]},{"@type":"ImageObject","inLanguage":"en-US","@id":"https:\/\/inspiratio.ro\/produs\/mat-parfum-metanoia-50-ml\/#primaryimage","url":"https:\/\/inspiratio.ro\/wp-content\/uploads\/2025\/02\/metanoia-50-2-ml_600x.webp","contentUrl":"https:\/\/inspiratio.ro\/wp-content\/uploads\/2025\/02\/metanoia-50-2-ml_600x.webp","width":600,"height":700},{"@type":"BreadcrumbList","@id":"https:\/\/inspiratio.ro\/produs\/mat-parfum-metanoia-50-ml\/#breadcrumb","itemListElement":[{"@type":"ListItem","position":1,"name":"Shop","item":"https:\/\/inspiratio.ro\/magazin-cadouri\/"},{"@type":"ListItem","position":2,"name":"MAT Parfum Metanoia 50 ml"}]},{"@type":"WebSite","@id":"https:\/\/inspiratio.ro\/#website","url":"https:\/\/inspiratio.ro\/","name":"Inspiratio","description":"Las\u0103-te purtat de inspira\u021bie","publisher":{"@id":"https:\/\/inspiratio.ro\/#organization"},"potentialAction":[{"@type":"SearchAction","target":{"@type":"EntryPoint","urlTemplate":"https:\/\/inspiratio.ro\/?s={search_term_string}"},"query-input":{"@type":"PropertyValueSpecification","valueRequired":true,"valueName":"search_term_string"}}],"inLanguage":"en-US"},{"@type":"Organization","@id":"https:\/\/inspiratio.ro\/#organization","name":"Inspiratio","url":"https:\/\/inspiratio.ro\/","logo":{"@type":"ImageObject","inLanguage":"en-US","@id":"https:\/\/inspiratio.ro\/#\/schema\/logo\/image\/","url":"https:\/\/inspiratio.ro\/wp-content\/uploads\/2020\/06\/logo-inspiratio.png","contentUrl":"https:\/\/inspiratio.ro\/wp-content\/uploads\/2020\/06\/logo-inspiratio.png","width":232,"height":209,"caption":"Inspiratio"},"image":{"@id":"https:\/\/inspiratio.ro\/#\/schema\/logo\/image\/"},"sameAs":["https:\/\/www.facebook.com\/inspiratiogiftstudio\/","https:\/\/www.instagram.com\/inspiratio_giftstudio\/"]}]}},"brands":[{"id":211,"name":"MATCA NATURALS","slug":"matca-naturals"}],"_links":{"self":[{"href":"https:\/\/inspiratio.ro\/en\/wp-json\/wp\/v2\/product\/9438","targetHints":{"allow":["GET"]}}],"collection":[{"href":"https:\/\/inspiratio.ro\/en\/wp-json\/wp\/v2\/product"}],"about":[{"href":"https:\/\/inspiratio.ro\/en\/wp-json\/wp\/v2\/types\/product"}],"replies":[{"embeddable":true,"href":"https:\/\/inspiratio.ro\/en\/wp-json\/wp\/v2\/comments?post=9438"}],"wp:featuredmedia":[{"embeddable":true,"href":"https:\/\/inspiratio.ro\/en\/wp-json\/wp\/v2\/media\/9439"}],"wp:attachment":[{"href":"https:\/\/inspiratio.ro\/en\/wp-json\/wp\/v2\/media?parent=9438"}],"wp:term":[{"taxonomy":"pwb-brand","embeddable":true,"href":"https:\/\/inspiratio.ro\/en\/wp-json\/wp\/v2\/pwb-brand?post=9438"},{"taxonomy":"product_brand","embeddable":true,"href":"https:\/\/inspiratio.ro\/en\/wp-json\/wp\/v2\/product_brand?post=9438"},{"taxonomy":"product_cat","embeddable":true,"href":"https:\/\/inspiratio.ro\/en\/wp-json\/wp\/v2\/product_cat?post=9438"},{"taxonomy":"product_tag","embeddable":true,"href":"https:\/\/inspiratio.ro\/en\/wp-json\/wp\/v2\/product_tag?post=9438"}],"curies":[{"name":"wp","href":"https:\/\/api.w.org\/{rel}","templated":true}]}}