{"id":9417,"date":"2025-02-03T17:27:17","date_gmt":"2025-02-03T15:27:17","guid":{"rendered":"https:\/\/inspiratio.ro\/?post_type=product&#038;p=9417"},"modified":"2025-05-28T19:08:55","modified_gmt":"2025-05-28T16:08:55","slug":"kns-cercei-brass-mountain","status":"publish","type":"product","link":"https:\/\/inspiratio.ro\/en\/produs\/kns-cercei-brass-mountain\/","title":{"rendered":"Cercei Brass Mountain"},"content":{"rendered":"<div class=\"wpb-content-wrapper\"><p>Materiale: r\u0103\u0219in\u0103, alam\u0103, stainless steel auriu<br \/>\nDimensiuni: 2.5\u00d73.5 cm<\/p>\n<p>Me\u0219teri\u021bi cu pasiune prin upcycling, din buc\u0103\u021bi r\u0103mase de la produsele Kenosis.<\/p>\n<p>*Textura materialelor poate varia de la o pies\u0103 la alta.<\/p>\n<h3>Descriere<\/h3>\n<p>Cerceii no\u015ftri Upcycled sunt f\u0103cu\u021bi din buc\u0103\u021bile r\u0103mase de la toc\u0103toarele, mesele \u015fi mobilierele me\u015fterite \u00een t\u00e2mpl\u0103ria Kenosis. Sunt buc\u0103\u021bele mici care altfel ar ajunge pe foc. Noi credem c\u0103 exist\u0103 at\u00e2ta frumuse\u021be \u00een aceste buc\u0103\u021bele \u00eenc\u00e2t merit\u0103 salvate.<\/p>\n<p>Fiecare model poart\u0103 numele doamnelor \u015fi fetelor din comunitatea rom\u0103, c\u0103ci al\u0103turi de ele \u0219i pentru ele am \u00eenceput acest departament.<\/p>\n<hr \/>\n<blockquote><p>Cuv\u00e2ntul \u201eKenosis\u201d \u00eenseamn\u0103, \u00eentr-un fel, a renun\u021ba la haina ta, pentru a putea s\u0103-l acoperi pe cel mai putin privilegiat. Am \u00eenceput aceast\u0103 afacere, inspira\u021bi de imperfec\u021biunile dintr-o bucat\u0103 de lemn care, dac\u0103 prime\u0219te pu\u021bin\u0103 aten\u021bie \u0219i \u0219lefuire, poate deveni o bijuterie unic\u0103, cu poveste \u0219i caracter. Ne dorim s\u0103 ascult\u0103m tot mai mult aceste pove\u0219ti spuse, fie a buc\u0103\u021bilor de lemn, fie a oamenilor cu care lucr\u0103m.<\/p><\/blockquote>\n<div class=\"vc_row wpb_row vc_row-fluid\">\n<div class=\"wpb_column vc_column_container vc_col-sm-6\">\n<div class=\"vc_column-inner\">\n<div class=\"wpb_wrapper\">\n<div class=\"wpb_text_column wpb_content_element\">\n<div class=\"wpb_wrapper\"><\/div>\n<\/div>\n<\/div>\n<\/div>\n<\/div>\n<\/div>\n<\/div>","protected":false},"excerpt":{"rendered":"<p>Materiale: r\u0103\u0219in\u0103, alam\u0103, stainless steel auriu Dimensiuni: 2.5\u00d73.5 cm Me\u0219teri\u021bi cu pasiune prin upcycling, din buc\u0103\u021bi r\u0103mase de la produsele Kenosis. *Textura materialelor poate varia de la o pies\u0103 la alta. Descriere Cerceii no\u015ftri Upcycled sunt f\u0103cu\u021bi din buc\u0103\u021bile r\u0103mase de la toc\u0103toarele, mesele \u015fi mobilierele me\u015fterite \u00een t\u00e2mpl\u0103ria Kenosis. Sunt buc\u0103\u021bele mici care altfel [&hellip;]<\/p>\n","protected":false},"featured_media":9418,"comment_status":"closed","ping_status":"closed","template":"","meta":[],"pwb-brand":[234],"product_brand":[],"product_cat":[87,17],"product_tag":[],"class_list":{"0":"post-9417","1":"product","2":"type-product","3":"status-publish","4":"has-post-thumbnail","6":"pwb-brand-kenosis","7":"product_cat-to-wear","8":"product_cat-haine-si-accesorii","10":"first","11":"instock","12":"taxable","13":"shipping-taxable","14":"purchasable","15":"product-type-simple"},"yoast_head":"<!-- This site is optimized with the Yoast SEO plugin v26.9 - https:\/\/yoast.com\/product\/yoast-seo-wordpress\/ -->\n<title>KNS Cercei Brass Mountain - Inspiratio<\/title>\n<meta name=\"description\" content=\"KNS Cercei Brass Mountain\" \/>\n<meta name=\"robots\" content=\"index, follow, max-snippet:-1, max-image-preview:large, max-video-preview:-1\" \/>\n<link rel=\"canonical\" href=\"https:\/\/inspiratio.ro\/produs\/kns-cercei-brass-mountain\/\" \/>\n<meta property=\"og:locale\" content=\"en_US\" \/>\n<meta property=\"og:type\" content=\"article\" \/>\n<meta property=\"og:title\" content=\"KNS Cercei Brass Mountain - Inspiratio\" \/>\n<meta property=\"og:description\" content=\"KNS Cercei Brass Mountain\" \/>\n<meta property=\"og:url\" content=\"https:\/\/inspiratio.ro\/produs\/kns-cercei-brass-mountain\/\" \/>\n<meta property=\"og:site_name\" content=\"Inspiratio\" \/>\n<meta property=\"article:publisher\" content=\"https:\/\/www.facebook.com\/inspiratiogiftstudio\/\" \/>\n<meta property=\"article:modified_time\" content=\"2025-05-28T16:08:55+00:00\" \/>\n<meta property=\"og:image\" content=\"https:\/\/inspiratio.ro\/wp-content\/uploads\/2025\/02\/rasina-si-alama-2.5x3.5-250-lei.jpeg\" \/>\n\t<meta property=\"og:image:width\" content=\"1079\" \/>\n\t<meta property=\"og:image:height\" content=\"973\" \/>\n\t<meta property=\"og:image:type\" content=\"image\/jpeg\" \/>\n<meta name=\"twitter:card\" content=\"summary_large_image\" \/>\n<meta name=\"twitter:label1\" content=\"Est. reading time\" \/>\n\t<meta name=\"twitter:data1\" content=\"2 minutes\" \/>\n<script type=\"application\/ld+json\" class=\"yoast-schema-graph\">{\"@context\":\"https:\/\/schema.org\",\"@graph\":[{\"@type\":\"WebPage\",\"@id\":\"https:\/\/inspiratio.ro\/produs\/kns-cercei-brass-mountain\/\",\"url\":\"https:\/\/inspiratio.ro\/produs\/kns-cercei-brass-mountain\/\",\"name\":\"KNS Cercei Brass Mountain - Inspiratio\",\"isPartOf\":{\"@id\":\"https:\/\/inspiratio.ro\/#website\"},\"primaryImageOfPage\":{\"@id\":\"https:\/\/inspiratio.ro\/produs\/kns-cercei-brass-mountain\/#primaryimage\"},\"image\":{\"@id\":\"https:\/\/inspiratio.ro\/produs\/kns-cercei-brass-mountain\/#primaryimage\"},\"thumbnailUrl\":\"https:\/\/inspiratio.ro\/wp-content\/uploads\/2025\/02\/rasina-si-alama-2.5x3.5-250-lei.jpeg\",\"datePublished\":\"2025-02-03T15:27:17+00:00\",\"dateModified\":\"2025-05-28T16:08:55+00:00\",\"description\":\"KNS Cercei Brass Mountain\",\"breadcrumb\":{\"@id\":\"https:\/\/inspiratio.ro\/produs\/kns-cercei-brass-mountain\/#breadcrumb\"},\"inLanguage\":\"en-US\",\"potentialAction\":[{\"@type\":\"ReadAction\",\"target\":[\"https:\/\/inspiratio.ro\/produs\/kns-cercei-brass-mountain\/\"]}]},{\"@type\":\"ImageObject\",\"inLanguage\":\"en-US\",\"@id\":\"https:\/\/inspiratio.ro\/produs\/kns-cercei-brass-mountain\/#primaryimage\",\"url\":\"https:\/\/inspiratio.ro\/wp-content\/uploads\/2025\/02\/rasina-si-alama-2.5x3.5-250-lei.jpeg\",\"contentUrl\":\"https:\/\/inspiratio.ro\/wp-content\/uploads\/2025\/02\/rasina-si-alama-2.5x3.5-250-lei.jpeg\",\"width\":1079,\"height\":973},{\"@type\":\"BreadcrumbList\",\"@id\":\"https:\/\/inspiratio.ro\/produs\/kns-cercei-brass-mountain\/#breadcrumb\",\"itemListElement\":[{\"@type\":\"ListItem\",\"position\":1,\"name\":\"Shop\",\"item\":\"https:\/\/inspiratio.ro\/magazin-cadouri\/\"},{\"@type\":\"ListItem\",\"position\":2,\"name\":\"KNS Cercei Brass Mountain\"}]},{\"@type\":\"WebSite\",\"@id\":\"https:\/\/inspiratio.ro\/#website\",\"url\":\"https:\/\/inspiratio.ro\/\",\"name\":\"Inspiratio\",\"description\":\"Las\u0103-te purtat de inspira\u021bie\",\"publisher\":{\"@id\":\"https:\/\/inspiratio.ro\/#organization\"},\"potentialAction\":[{\"@type\":\"SearchAction\",\"target\":{\"@type\":\"EntryPoint\",\"urlTemplate\":\"https:\/\/inspiratio.ro\/?s={search_term_string}\"},\"query-input\":{\"@type\":\"PropertyValueSpecification\",\"valueRequired\":true,\"valueName\":\"search_term_string\"}}],\"inLanguage\":\"en-US\"},{\"@type\":\"Organization\",\"@id\":\"https:\/\/inspiratio.ro\/#organization\",\"name\":\"Inspiratio\",\"url\":\"https:\/\/inspiratio.ro\/\",\"logo\":{\"@type\":\"ImageObject\",\"inLanguage\":\"en-US\",\"@id\":\"https:\/\/inspiratio.ro\/#\/schema\/logo\/image\/\",\"url\":\"https:\/\/inspiratio.ro\/wp-content\/uploads\/2020\/06\/logo-inspiratio.png\",\"contentUrl\":\"https:\/\/inspiratio.ro\/wp-content\/uploads\/2020\/06\/logo-inspiratio.png\",\"width\":232,\"height\":209,\"caption\":\"Inspiratio\"},\"image\":{\"@id\":\"https:\/\/inspiratio.ro\/#\/schema\/logo\/image\/\"},\"sameAs\":[\"https:\/\/www.facebook.com\/inspiratiogiftstudio\/\",\"https:\/\/www.instagram.com\/inspiratio_giftstudio\/\"]}]}<\/script>\n<!-- \/ Yoast SEO plugin. -->","yoast_head_json":{"title":"KNS Cercei Brass Mountain - Inspiratio","description":"KNS Cercei Brass Mountain","robots":{"index":"index","follow":"follow","max-snippet":"max-snippet:-1","max-image-preview":"max-image-preview:large","max-video-preview":"max-video-preview:-1"},"canonical":"https:\/\/inspiratio.ro\/produs\/kns-cercei-brass-mountain\/","og_locale":"en_US","og_type":"article","og_title":"KNS Cercei Brass Mountain - Inspiratio","og_description":"KNS Cercei Brass Mountain","og_url":"https:\/\/inspiratio.ro\/produs\/kns-cercei-brass-mountain\/","og_site_name":"Inspiratio","article_publisher":"https:\/\/www.facebook.com\/inspiratiogiftstudio\/","article_modified_time":"2025-05-28T16:08:55+00:00","og_image":[{"width":1079,"height":973,"url":"https:\/\/inspiratio.ro\/wp-content\/uploads\/2025\/02\/rasina-si-alama-2.5x3.5-250-lei.jpeg","type":"image\/jpeg"}],"twitter_card":"summary_large_image","twitter_misc":{"Est. reading time":"2 minutes"},"schema":{"@context":"https:\/\/schema.org","@graph":[{"@type":"WebPage","@id":"https:\/\/inspiratio.ro\/produs\/kns-cercei-brass-mountain\/","url":"https:\/\/inspiratio.ro\/produs\/kns-cercei-brass-mountain\/","name":"KNS Cercei Brass Mountain - Inspiratio","isPartOf":{"@id":"https:\/\/inspiratio.ro\/#website"},"primaryImageOfPage":{"@id":"https:\/\/inspiratio.ro\/produs\/kns-cercei-brass-mountain\/#primaryimage"},"image":{"@id":"https:\/\/inspiratio.ro\/produs\/kns-cercei-brass-mountain\/#primaryimage"},"thumbnailUrl":"https:\/\/inspiratio.ro\/wp-content\/uploads\/2025\/02\/rasina-si-alama-2.5x3.5-250-lei.jpeg","datePublished":"2025-02-03T15:27:17+00:00","dateModified":"2025-05-28T16:08:55+00:00","description":"KNS Cercei Brass Mountain","breadcrumb":{"@id":"https:\/\/inspiratio.ro\/produs\/kns-cercei-brass-mountain\/#breadcrumb"},"inLanguage":"en-US","potentialAction":[{"@type":"ReadAction","target":["https:\/\/inspiratio.ro\/produs\/kns-cercei-brass-mountain\/"]}]},{"@type":"ImageObject","inLanguage":"en-US","@id":"https:\/\/inspiratio.ro\/produs\/kns-cercei-brass-mountain\/#primaryimage","url":"https:\/\/inspiratio.ro\/wp-content\/uploads\/2025\/02\/rasina-si-alama-2.5x3.5-250-lei.jpeg","contentUrl":"https:\/\/inspiratio.ro\/wp-content\/uploads\/2025\/02\/rasina-si-alama-2.5x3.5-250-lei.jpeg","width":1079,"height":973},{"@type":"BreadcrumbList","@id":"https:\/\/inspiratio.ro\/produs\/kns-cercei-brass-mountain\/#breadcrumb","itemListElement":[{"@type":"ListItem","position":1,"name":"Shop","item":"https:\/\/inspiratio.ro\/magazin-cadouri\/"},{"@type":"ListItem","position":2,"name":"KNS Cercei Brass Mountain"}]},{"@type":"WebSite","@id":"https:\/\/inspiratio.ro\/#website","url":"https:\/\/inspiratio.ro\/","name":"Inspiratio","description":"Las\u0103-te purtat de inspira\u021bie","publisher":{"@id":"https:\/\/inspiratio.ro\/#organization"},"potentialAction":[{"@type":"SearchAction","target":{"@type":"EntryPoint","urlTemplate":"https:\/\/inspiratio.ro\/?s={search_term_string}"},"query-input":{"@type":"PropertyValueSpecification","valueRequired":true,"valueName":"search_term_string"}}],"inLanguage":"en-US"},{"@type":"Organization","@id":"https:\/\/inspiratio.ro\/#organization","name":"Inspiratio","url":"https:\/\/inspiratio.ro\/","logo":{"@type":"ImageObject","inLanguage":"en-US","@id":"https:\/\/inspiratio.ro\/#\/schema\/logo\/image\/","url":"https:\/\/inspiratio.ro\/wp-content\/uploads\/2020\/06\/logo-inspiratio.png","contentUrl":"https:\/\/inspiratio.ro\/wp-content\/uploads\/2020\/06\/logo-inspiratio.png","width":232,"height":209,"caption":"Inspiratio"},"image":{"@id":"https:\/\/inspiratio.ro\/#\/schema\/logo\/image\/"},"sameAs":["https:\/\/www.facebook.com\/inspiratiogiftstudio\/","https:\/\/www.instagram.com\/inspiratio_giftstudio\/"]}]}},"brands":[{"id":234,"name":"Kenosis","slug":"kenosis"}],"_links":{"self":[{"href":"https:\/\/inspiratio.ro\/en\/wp-json\/wp\/v2\/product\/9417","targetHints":{"allow":["GET"]}}],"collection":[{"href":"https:\/\/inspiratio.ro\/en\/wp-json\/wp\/v2\/product"}],"about":[{"href":"https:\/\/inspiratio.ro\/en\/wp-json\/wp\/v2\/types\/product"}],"replies":[{"embeddable":true,"href":"https:\/\/inspiratio.ro\/en\/wp-json\/wp\/v2\/comments?post=9417"}],"wp:featuredmedia":[{"embeddable":true,"href":"https:\/\/inspiratio.ro\/en\/wp-json\/wp\/v2\/media\/9418"}],"wp:attachment":[{"href":"https:\/\/inspiratio.ro\/en\/wp-json\/wp\/v2\/media?parent=9417"}],"wp:term":[{"taxonomy":"pwb-brand","embeddable":true,"href":"https:\/\/inspiratio.ro\/en\/wp-json\/wp\/v2\/pwb-brand?post=9417"},{"taxonomy":"product_brand","embeddable":true,"href":"https:\/\/inspiratio.ro\/en\/wp-json\/wp\/v2\/product_brand?post=9417"},{"taxonomy":"product_cat","embeddable":true,"href":"https:\/\/inspiratio.ro\/en\/wp-json\/wp\/v2\/product_cat?post=9417"},{"taxonomy":"product_tag","embeddable":true,"href":"https:\/\/inspiratio.ro\/en\/wp-json\/wp\/v2\/product_tag?post=9417"}],"curies":[{"name":"wp","href":"https:\/\/api.w.org\/{rel}","templated":true}]}}