{"id":9397,"date":"2025-02-03T17:05:07","date_gmt":"2025-02-03T15:05:07","guid":{"rendered":"https:\/\/inspiratio.ro\/?post_type=product&#038;p=9397"},"modified":"2025-07-18T16:28:01","modified_gmt":"2025-07-18T13:28:01","slug":"por-e-carle-omida-mancacioasa-carte-jucarie","status":"publish","type":"product","link":"https:\/\/inspiratio.ro\/en\/produs\/por-e-carle-omida-mancacioasa-carte-jucarie\/","title":{"rendered":"E.Carle \u2013 Omida m\u00e2nc\u0103cioas\u0103, carte-juc\u0103rie"},"content":{"rendered":"<div class=\"product-meta\">\n<div class=\"btArticleShareEtc\">\n<div class=\"btTagsColumn\">\n<div class=\"btTags\">\n<div class=\"product-meta\">\n<div class=\"btArticleShareEtc\">\n<div class=\"btTagsColumn\">\n<div class=\"btTags\">\n<p>ISBN: 9786306505005<\/p>\n<p>Edi\u021bie integral cartonat\u0103<\/p>\n<p>Num\u0103r pagini: 12<\/p>\n<p>Format: 9 X 9 cm<\/p>\n<p>V\u00e2rst\u0103: 0 &#8211; 3 ani<\/p>\n<\/div>\n<\/div>\n<\/div>\n<\/div>\n<\/div>\n<\/div>\n<\/div>\n<\/div>\n<div class=\"bt_bb_wrapper\" data-templates-time=\"\">\n<h2>Descriere<\/h2>\n<div class=\"bt_bb_wrapper\" data-templates-time=\"\">\n<p>Binecunoscuta\u00a0<strong>Omid\u0103 m\u00e2nc\u0103cioas\u0103<\/strong>\u00a0<em>(The Very Hungry Caterpillar)<\/em>\u00a0poate deveni acum \u0219i prietena copiilor foarte mici. Aceast\u0103 carte-juc\u0103rie are dimensiuni reduse pentru a putea fi \u021binut\u0103 \u00een orice m\u00e2nu\u021b\u0103, paginile sunt rezistente, cartonate \u0219i cu col\u021buri rotunjite, iar cu inelul inclus (deta\u0219abil) cartea poate fi u\u0219or prins\u0103 de c\u0103rucior, de p\u0103tu\u021b, de scaunul special de ma\u0219in\u0103 sau de cel pentru mas\u0103.<\/p>\n<p><a class=\"article_inline_link\" href=\"http:\/\/www.carteacopiilor.ro\/catalog\/omida_mancacioasa.html\" target=\"_self\" rel=\"noopener\"><strong>Omida m\u00e2nc\u0103cioas\u0103<\/strong>\u00a0<em>(The Very Hungry Caterpillar)<\/em><\/a>\u00a0este una dintre cele mai de succes c\u0103r\u0163i ilustrate publicate vreodat\u0103, un adev\u0103rat simbol al copil\u0103riei.\u201d (New York Times)<\/p>\n<\/div>\n<\/div>\n","protected":false},"excerpt":{"rendered":"<p>ISBN: 9786306505005 Edi\u021bie integral cartonat\u0103 Num\u0103r pagini: 12 Format: 9 X 9 cm V\u00e2rst\u0103: 0 &#8211; 3 ani Descriere Binecunoscuta\u00a0Omid\u0103 m\u00e2nc\u0103cioas\u0103\u00a0(The Very Hungry Caterpillar)\u00a0poate deveni acum \u0219i prietena copiilor foarte mici. Aceast\u0103 carte-juc\u0103rie are dimensiuni reduse pentru a putea fi \u021binut\u0103 \u00een orice m\u00e2nu\u021b\u0103, paginile sunt rezistente, cartonate \u0219i cu col\u021buri rotunjite, iar cu inelul [&hellip;]<\/p>\n","protected":false},"featured_media":9404,"comment_status":"closed","ping_status":"closed","template":"","meta":[],"pwb-brand":[212],"product_brand":[],"product_cat":[89,88,71],"product_tag":[],"class_list":{"0":"post-9397","1":"product","2":"type-product","3":"status-publish","4":"has-post-thumbnail","6":"pwb-brand-portocala-albastra","7":"product_cat-cadouri-pentru-copii","8":"product_cat-categorie-carte","9":"product_cat-carte","11":"first","12":"instock","13":"taxable","14":"shipping-taxable","15":"purchasable","16":"product-type-simple"},"yoast_head":"<!-- This site is optimized with the Yoast SEO plugin v26.9 - https:\/\/yoast.com\/product\/yoast-seo-wordpress\/ -->\n<title>POR E.Carle \u2013 Omida m\u00e2nc\u0103cioas\u0103, carte-juc\u0103rie - Inspiratio<\/title>\n<meta name=\"description\" content=\"POR E.Carle \u2013 Omida m\u00e2nc\u0103cioas\u0103, carte-juc\u0103rie\" \/>\n<meta name=\"robots\" content=\"index, follow, max-snippet:-1, max-image-preview:large, max-video-preview:-1\" \/>\n<link rel=\"canonical\" href=\"https:\/\/inspiratio.ro\/produs\/por-e-carle-omida-mancacioasa-carte-jucarie\/\" \/>\n<meta property=\"og:locale\" content=\"en_US\" \/>\n<meta property=\"og:type\" content=\"article\" \/>\n<meta property=\"og:title\" content=\"POR E.Carle \u2013 Omida m\u00e2nc\u0103cioas\u0103, carte-juc\u0103rie - Inspiratio\" \/>\n<meta property=\"og:description\" content=\"POR E.Carle \u2013 Omida m\u00e2nc\u0103cioas\u0103, carte-juc\u0103rie\" \/>\n<meta property=\"og:url\" content=\"https:\/\/inspiratio.ro\/produs\/por-e-carle-omida-mancacioasa-carte-jucarie\/\" \/>\n<meta property=\"og:site_name\" content=\"Inspiratio\" \/>\n<meta property=\"article:publisher\" content=\"https:\/\/www.facebook.com\/inspiratiogiftstudio\/\" \/>\n<meta property=\"article:modified_time\" content=\"2025-07-18T13:28:01+00:00\" \/>\n<meta property=\"og:image\" content=\"https:\/\/inspiratio.ro\/wp-content\/uploads\/2025\/02\/Omida-mancaciosa-3-768x580-1.png\" \/>\n\t<meta property=\"og:image:width\" content=\"768\" \/>\n\t<meta property=\"og:image:height\" content=\"580\" \/>\n\t<meta property=\"og:image:type\" content=\"image\/png\" \/>\n<meta name=\"twitter:card\" content=\"summary_large_image\" \/>\n<meta name=\"twitter:label1\" content=\"Est. reading time\" \/>\n\t<meta name=\"twitter:data1\" content=\"1 minute\" \/>\n<script type=\"application\/ld+json\" class=\"yoast-schema-graph\">{\"@context\":\"https:\/\/schema.org\",\"@graph\":[{\"@type\":\"WebPage\",\"@id\":\"https:\/\/inspiratio.ro\/produs\/por-e-carle-omida-mancacioasa-carte-jucarie\/\",\"url\":\"https:\/\/inspiratio.ro\/produs\/por-e-carle-omida-mancacioasa-carte-jucarie\/\",\"name\":\"POR E.Carle \u2013 Omida m\u00e2nc\u0103cioas\u0103, carte-juc\u0103rie - Inspiratio\",\"isPartOf\":{\"@id\":\"https:\/\/inspiratio.ro\/#website\"},\"primaryImageOfPage\":{\"@id\":\"https:\/\/inspiratio.ro\/produs\/por-e-carle-omida-mancacioasa-carte-jucarie\/#primaryimage\"},\"image\":{\"@id\":\"https:\/\/inspiratio.ro\/produs\/por-e-carle-omida-mancacioasa-carte-jucarie\/#primaryimage\"},\"thumbnailUrl\":\"https:\/\/inspiratio.ro\/wp-content\/uploads\/2025\/02\/Omida-mancaciosa-3-768x580-1.png\",\"datePublished\":\"2025-02-03T15:05:07+00:00\",\"dateModified\":\"2025-07-18T13:28:01+00:00\",\"description\":\"POR E.Carle \u2013 Omida m\u00e2nc\u0103cioas\u0103, carte-juc\u0103rie\",\"breadcrumb\":{\"@id\":\"https:\/\/inspiratio.ro\/produs\/por-e-carle-omida-mancacioasa-carte-jucarie\/#breadcrumb\"},\"inLanguage\":\"en-US\",\"potentialAction\":[{\"@type\":\"ReadAction\",\"target\":[\"https:\/\/inspiratio.ro\/produs\/por-e-carle-omida-mancacioasa-carte-jucarie\/\"]}]},{\"@type\":\"ImageObject\",\"inLanguage\":\"en-US\",\"@id\":\"https:\/\/inspiratio.ro\/produs\/por-e-carle-omida-mancacioasa-carte-jucarie\/#primaryimage\",\"url\":\"https:\/\/inspiratio.ro\/wp-content\/uploads\/2025\/02\/Omida-mancaciosa-3-768x580-1.png\",\"contentUrl\":\"https:\/\/inspiratio.ro\/wp-content\/uploads\/2025\/02\/Omida-mancaciosa-3-768x580-1.png\",\"width\":768,\"height\":580},{\"@type\":\"BreadcrumbList\",\"@id\":\"https:\/\/inspiratio.ro\/produs\/por-e-carle-omida-mancacioasa-carte-jucarie\/#breadcrumb\",\"itemListElement\":[{\"@type\":\"ListItem\",\"position\":1,\"name\":\"Shop\",\"item\":\"https:\/\/inspiratio.ro\/magazin-cadouri\/\"},{\"@type\":\"ListItem\",\"position\":2,\"name\":\"POR E.Carle \u2013 Omida m\u00e2nc\u0103cioas\u0103, carte-juc\u0103rie\"}]},{\"@type\":\"WebSite\",\"@id\":\"https:\/\/inspiratio.ro\/#website\",\"url\":\"https:\/\/inspiratio.ro\/\",\"name\":\"Inspiratio\",\"description\":\"Las\u0103-te purtat de inspira\u021bie\",\"publisher\":{\"@id\":\"https:\/\/inspiratio.ro\/#organization\"},\"potentialAction\":[{\"@type\":\"SearchAction\",\"target\":{\"@type\":\"EntryPoint\",\"urlTemplate\":\"https:\/\/inspiratio.ro\/?s={search_term_string}\"},\"query-input\":{\"@type\":\"PropertyValueSpecification\",\"valueRequired\":true,\"valueName\":\"search_term_string\"}}],\"inLanguage\":\"en-US\"},{\"@type\":\"Organization\",\"@id\":\"https:\/\/inspiratio.ro\/#organization\",\"name\":\"Inspiratio\",\"url\":\"https:\/\/inspiratio.ro\/\",\"logo\":{\"@type\":\"ImageObject\",\"inLanguage\":\"en-US\",\"@id\":\"https:\/\/inspiratio.ro\/#\/schema\/logo\/image\/\",\"url\":\"https:\/\/inspiratio.ro\/wp-content\/uploads\/2020\/06\/logo-inspiratio.png\",\"contentUrl\":\"https:\/\/inspiratio.ro\/wp-content\/uploads\/2020\/06\/logo-inspiratio.png\",\"width\":232,\"height\":209,\"caption\":\"Inspiratio\"},\"image\":{\"@id\":\"https:\/\/inspiratio.ro\/#\/schema\/logo\/image\/\"},\"sameAs\":[\"https:\/\/www.facebook.com\/inspiratiogiftstudio\/\",\"https:\/\/www.instagram.com\/inspiratio_giftstudio\/\"]}]}<\/script>\n<!-- \/ Yoast SEO plugin. -->","yoast_head_json":{"title":"POR E.Carle \u2013 Omida m\u00e2nc\u0103cioas\u0103, carte-juc\u0103rie - Inspiratio","description":"POR E.Carle \u2013 Omida m\u00e2nc\u0103cioas\u0103, carte-juc\u0103rie","robots":{"index":"index","follow":"follow","max-snippet":"max-snippet:-1","max-image-preview":"max-image-preview:large","max-video-preview":"max-video-preview:-1"},"canonical":"https:\/\/inspiratio.ro\/produs\/por-e-carle-omida-mancacioasa-carte-jucarie\/","og_locale":"en_US","og_type":"article","og_title":"POR E.Carle \u2013 Omida m\u00e2nc\u0103cioas\u0103, carte-juc\u0103rie - Inspiratio","og_description":"POR E.Carle \u2013 Omida m\u00e2nc\u0103cioas\u0103, carte-juc\u0103rie","og_url":"https:\/\/inspiratio.ro\/produs\/por-e-carle-omida-mancacioasa-carte-jucarie\/","og_site_name":"Inspiratio","article_publisher":"https:\/\/www.facebook.com\/inspiratiogiftstudio\/","article_modified_time":"2025-07-18T13:28:01+00:00","og_image":[{"width":768,"height":580,"url":"https:\/\/inspiratio.ro\/wp-content\/uploads\/2025\/02\/Omida-mancaciosa-3-768x580-1.png","type":"image\/png"}],"twitter_card":"summary_large_image","twitter_misc":{"Est. reading time":"1 minute"},"schema":{"@context":"https:\/\/schema.org","@graph":[{"@type":"WebPage","@id":"https:\/\/inspiratio.ro\/produs\/por-e-carle-omida-mancacioasa-carte-jucarie\/","url":"https:\/\/inspiratio.ro\/produs\/por-e-carle-omida-mancacioasa-carte-jucarie\/","name":"POR E.Carle \u2013 Omida m\u00e2nc\u0103cioas\u0103, carte-juc\u0103rie - Inspiratio","isPartOf":{"@id":"https:\/\/inspiratio.ro\/#website"},"primaryImageOfPage":{"@id":"https:\/\/inspiratio.ro\/produs\/por-e-carle-omida-mancacioasa-carte-jucarie\/#primaryimage"},"image":{"@id":"https:\/\/inspiratio.ro\/produs\/por-e-carle-omida-mancacioasa-carte-jucarie\/#primaryimage"},"thumbnailUrl":"https:\/\/inspiratio.ro\/wp-content\/uploads\/2025\/02\/Omida-mancaciosa-3-768x580-1.png","datePublished":"2025-02-03T15:05:07+00:00","dateModified":"2025-07-18T13:28:01+00:00","description":"POR E.Carle \u2013 Omida m\u00e2nc\u0103cioas\u0103, carte-juc\u0103rie","breadcrumb":{"@id":"https:\/\/inspiratio.ro\/produs\/por-e-carle-omida-mancacioasa-carte-jucarie\/#breadcrumb"},"inLanguage":"en-US","potentialAction":[{"@type":"ReadAction","target":["https:\/\/inspiratio.ro\/produs\/por-e-carle-omida-mancacioasa-carte-jucarie\/"]}]},{"@type":"ImageObject","inLanguage":"en-US","@id":"https:\/\/inspiratio.ro\/produs\/por-e-carle-omida-mancacioasa-carte-jucarie\/#primaryimage","url":"https:\/\/inspiratio.ro\/wp-content\/uploads\/2025\/02\/Omida-mancaciosa-3-768x580-1.png","contentUrl":"https:\/\/inspiratio.ro\/wp-content\/uploads\/2025\/02\/Omida-mancaciosa-3-768x580-1.png","width":768,"height":580},{"@type":"BreadcrumbList","@id":"https:\/\/inspiratio.ro\/produs\/por-e-carle-omida-mancacioasa-carte-jucarie\/#breadcrumb","itemListElement":[{"@type":"ListItem","position":1,"name":"Shop","item":"https:\/\/inspiratio.ro\/magazin-cadouri\/"},{"@type":"ListItem","position":2,"name":"POR E.Carle \u2013 Omida m\u00e2nc\u0103cioas\u0103, carte-juc\u0103rie"}]},{"@type":"WebSite","@id":"https:\/\/inspiratio.ro\/#website","url":"https:\/\/inspiratio.ro\/","name":"Inspiratio","description":"Las\u0103-te purtat de inspira\u021bie","publisher":{"@id":"https:\/\/inspiratio.ro\/#organization"},"potentialAction":[{"@type":"SearchAction","target":{"@type":"EntryPoint","urlTemplate":"https:\/\/inspiratio.ro\/?s={search_term_string}"},"query-input":{"@type":"PropertyValueSpecification","valueRequired":true,"valueName":"search_term_string"}}],"inLanguage":"en-US"},{"@type":"Organization","@id":"https:\/\/inspiratio.ro\/#organization","name":"Inspiratio","url":"https:\/\/inspiratio.ro\/","logo":{"@type":"ImageObject","inLanguage":"en-US","@id":"https:\/\/inspiratio.ro\/#\/schema\/logo\/image\/","url":"https:\/\/inspiratio.ro\/wp-content\/uploads\/2020\/06\/logo-inspiratio.png","contentUrl":"https:\/\/inspiratio.ro\/wp-content\/uploads\/2020\/06\/logo-inspiratio.png","width":232,"height":209,"caption":"Inspiratio"},"image":{"@id":"https:\/\/inspiratio.ro\/#\/schema\/logo\/image\/"},"sameAs":["https:\/\/www.facebook.com\/inspiratiogiftstudio\/","https:\/\/www.instagram.com\/inspiratio_giftstudio\/"]}]}},"brands":[{"id":212,"name":"Portocala Albastr\u0103","slug":"portocala-albastra"}],"_links":{"self":[{"href":"https:\/\/inspiratio.ro\/en\/wp-json\/wp\/v2\/product\/9397","targetHints":{"allow":["GET"]}}],"collection":[{"href":"https:\/\/inspiratio.ro\/en\/wp-json\/wp\/v2\/product"}],"about":[{"href":"https:\/\/inspiratio.ro\/en\/wp-json\/wp\/v2\/types\/product"}],"replies":[{"embeddable":true,"href":"https:\/\/inspiratio.ro\/en\/wp-json\/wp\/v2\/comments?post=9397"}],"wp:featuredmedia":[{"embeddable":true,"href":"https:\/\/inspiratio.ro\/en\/wp-json\/wp\/v2\/media\/9404"}],"wp:attachment":[{"href":"https:\/\/inspiratio.ro\/en\/wp-json\/wp\/v2\/media?parent=9397"}],"wp:term":[{"taxonomy":"pwb-brand","embeddable":true,"href":"https:\/\/inspiratio.ro\/en\/wp-json\/wp\/v2\/pwb-brand?post=9397"},{"taxonomy":"product_brand","embeddable":true,"href":"https:\/\/inspiratio.ro\/en\/wp-json\/wp\/v2\/product_brand?post=9397"},{"taxonomy":"product_cat","embeddable":true,"href":"https:\/\/inspiratio.ro\/en\/wp-json\/wp\/v2\/product_cat?post=9397"},{"taxonomy":"product_tag","embeddable":true,"href":"https:\/\/inspiratio.ro\/en\/wp-json\/wp\/v2\/product_tag?post=9397"}],"curies":[{"name":"wp","href":"https:\/\/api.w.org\/{rel}","templated":true}]}}