{"id":9390,"date":"2025-02-03T16:59:41","date_gmt":"2025-02-03T14:59:41","guid":{"rendered":"https:\/\/inspiratio.ro\/?post_type=product&#038;p=9390"},"modified":"2025-07-18T16:19:21","modified_gmt":"2025-07-18T13:19:21","slug":"por-e-carle-vrei-sa-fii-prietenul-meu","status":"publish","type":"product","link":"https:\/\/inspiratio.ro\/en\/produs\/por-e-carle-vrei-sa-fii-prietenul-meu\/","title":{"rendered":"E.Carle \u2013 Vrei sa fii prietenul meu?"},"content":{"rendered":"<div class=\"product-meta\">\n<div class=\"btArticleShareEtc\">\n<div class=\"btTagsColumn\">\n<div class=\"btTags\">\n<div class=\"product-meta\">\n<div class=\"btArticleShareEtc\">\n<div class=\"btTagsColumn\">\n<div class=\"btTags\">\n<p>ISBN: 9786306505432<\/p>\n<p>Edi\u021bie integral cartonat\u0103<\/p>\n<p>Num\u0103r pagini: 28<\/p>\n<p>Format: 18 X 13 cm<\/p>\n<p>V\u00e2rst\u0103: 0 &#8211; 5 ani<\/p>\n<\/div>\n<\/div>\n<\/div>\n<\/div>\n<\/div>\n<\/div>\n<\/div>\n<\/div>\n<div class=\"bt_bb_wrapper\" data-templates-time=\"\">\n<h2>Descriere<\/h2>\n<div class=\"bt_bb_wrapper\" data-templates-time=\"\">\n<p>\u201eVrei s\u0103 fii prietenul meu?\u201d spune povestea unui \u015foricel simpatic, dar tare singur, care \u00ee\u015fi face curaj \u015fi pleac\u0103 \u00een c\u0103utarea unui prieten. \u00cen drumul s\u0103u, \u015foricelul \u00eent\u00e2lne\u015fte multe animale \u015fi, ne\u0163in\u00e2nd seama de m\u0103rime, de \u00een\u0103l\u0163ime sau de c\u00e2t de ascu\u0163i\u0163i le sunt col\u0163ii, le propune s\u0103 se \u00eemprieteneasc\u0103.<\/p>\n<p>Acestea \u00eel refuz\u0103 din diferite motive, de cele mai multe ori superficiale. Girafa este mult prea \u00eenalt\u0103 pentru el, iar cangurul are deja un pui \u00een marsupiu. \u015eoricelul se love\u015fte \u015fi de indiferen\u0163a leului, de trufia p\u0103unului, de reticen\u0163a calului sau de egoismul crocodilului. Totu\u015fi, \u00een final, norocul pare s\u0103-i sur\u00e2d\u0103: c\u0103l\u0103toria lui \u00ee\u015fi g\u0103se\u015fte finalitatea \u2013 un prieten.<\/p>\n<p align=\"center\"><img loading=\"lazy\" decoding=\"async\" class=\" lazyloaded\" src=\"https:\/\/portocala-albastra.ro\/wp-content\/uploads\/2021\/carti\/eric_carle_prietenul_02.jpg\" alt=\"Vrei s\u0103 fii prietenul meu?\" width=\"650\" height=\"296\" data-src=\"https:\/\/portocala-albastra.ro\/wp-content\/uploads\/2021\/carti\/eric_carle_prietenul_02.jpg\" \/><\/p>\n<p>Cartea este un bun prilej de a-i \u00eenv\u0103\u0163a pe copii s\u0103 deosebeasc\u0103 animalele. Fiecare fil\u0103 din dreapta contureaz\u0103 doar coada animalului, iar c\u00e2nd cel mic va da pagina, va reg\u0103si corpul \u00een \u00eentregime \u015fi va vedea dac\u0103 a ghicit corect. \u00cen plus, cartea subliniaz\u0103 \u015fi diferite aspecte din lumea necuv\u00e2nt\u0103toarelor, deosebit de interesante pentru cei mici: prietenia dintre crocodil \u015fi mica pas\u0103re ce-i cur\u0103\u0163\u0103 din\u0163ii, caracteristica unic\u0103 a cangurului de a-\u015fi purta puiul \u00een marsupiu \u015fi felul \u00een care p\u0103unul \u00ee\u015fi etaleaz\u0103 coada de o frumuse\u0163e rar\u0103. Paginile cartonate \u015fi cu col\u0163uri rotunjite transform\u0103 aceast\u0103 carte \u00eentr-o adev\u0103rat\u0103 juc\u0103rie, atractiv\u0103 \u015fi rezistent\u0103.<\/p>\n<p align=\"center\"><img loading=\"lazy\" decoding=\"async\" class=\" lazyloaded\" src=\"https:\/\/portocala-albastra.ro\/wp-content\/uploads\/2021\/carti\/eric_carle_prietenul_01.jpg\" alt=\"Vrei s\u0103 fii prietenul meu?\" width=\"650\" height=\"314\" data-src=\"https:\/\/portocala-albastra.ro\/wp-content\/uploads\/2021\/carti\/eric_carle_prietenul_01.jpg\" \/><\/p>\n<\/div>\n<\/div>\n","protected":false},"excerpt":{"rendered":"<p>ISBN: 9786306505432 Edi\u021bie integral cartonat\u0103 Num\u0103r pagini: 28 Format: 18 X 13 cm V\u00e2rst\u0103: 0 &#8211; 5 ani Descriere \u201eVrei s\u0103 fii prietenul meu?\u201d spune povestea unui \u015foricel simpatic, dar tare singur, care \u00ee\u015fi face curaj \u015fi pleac\u0103 \u00een c\u0103utarea unui prieten. \u00cen drumul s\u0103u, \u015foricelul \u00eent\u00e2lne\u015fte multe animale \u015fi, ne\u0163in\u00e2nd seama de m\u0103rime, de [&hellip;]<\/p>\n","protected":false},"featured_media":9395,"comment_status":"closed","ping_status":"closed","template":"","meta":[],"pwb-brand":[212],"product_brand":[],"product_cat":[89,88,71],"product_tag":[],"class_list":{"0":"post-9390","1":"product","2":"type-product","3":"status-publish","4":"has-post-thumbnail","6":"pwb-brand-portocala-albastra","7":"product_cat-cadouri-pentru-copii","8":"product_cat-categorie-carte","9":"product_cat-carte","11":"first","12":"instock","13":"taxable","14":"shipping-taxable","15":"purchasable","16":"product-type-simple"},"yoast_head":"<!-- This site is optimized with the Yoast SEO plugin v26.9 - https:\/\/yoast.com\/product\/yoast-seo-wordpress\/ -->\n<title>POR E.Carle \u2013 Vrei sa fii prietenul meu? - Inspiratio<\/title>\n<meta name=\"description\" content=\"POR E.Carle \u2013 Vrei sa fii prietenul meu?\" \/>\n<meta name=\"robots\" content=\"index, follow, max-snippet:-1, max-image-preview:large, max-video-preview:-1\" \/>\n<link rel=\"canonical\" href=\"https:\/\/inspiratio.ro\/produs\/por-e-carle-vrei-sa-fii-prietenul-meu\/\" \/>\n<meta property=\"og:locale\" content=\"en_US\" \/>\n<meta property=\"og:type\" content=\"article\" \/>\n<meta property=\"og:title\" content=\"POR E.Carle \u2013 Vrei sa fii prietenul meu? - Inspiratio\" \/>\n<meta property=\"og:description\" content=\"POR E.Carle \u2013 Vrei sa fii prietenul meu?\" \/>\n<meta property=\"og:url\" content=\"https:\/\/inspiratio.ro\/produs\/por-e-carle-vrei-sa-fii-prietenul-meu\/\" \/>\n<meta property=\"og:site_name\" content=\"Inspiratio\" \/>\n<meta property=\"article:publisher\" content=\"https:\/\/www.facebook.com\/inspiratiogiftstudio\/\" \/>\n<meta property=\"article:modified_time\" content=\"2025-07-18T13:19:21+00:00\" \/>\n<meta property=\"og:image\" content=\"https:\/\/inspiratio.ro\/wp-content\/uploads\/2025\/02\/Vrei-sa-fi-prietenul-meu-768x581-1.png\" \/>\n\t<meta property=\"og:image:width\" content=\"768\" \/>\n\t<meta property=\"og:image:height\" content=\"581\" \/>\n\t<meta property=\"og:image:type\" content=\"image\/png\" \/>\n<meta name=\"twitter:card\" content=\"summary_large_image\" \/>\n<meta name=\"twitter:label1\" content=\"Est. reading time\" \/>\n\t<meta name=\"twitter:data1\" content=\"2 minutes\" \/>\n<script type=\"application\/ld+json\" class=\"yoast-schema-graph\">{\"@context\":\"https:\/\/schema.org\",\"@graph\":[{\"@type\":\"WebPage\",\"@id\":\"https:\/\/inspiratio.ro\/produs\/por-e-carle-vrei-sa-fii-prietenul-meu\/\",\"url\":\"https:\/\/inspiratio.ro\/produs\/por-e-carle-vrei-sa-fii-prietenul-meu\/\",\"name\":\"POR E.Carle \u2013 Vrei sa fii prietenul meu? - Inspiratio\",\"isPartOf\":{\"@id\":\"https:\/\/inspiratio.ro\/#website\"},\"primaryImageOfPage\":{\"@id\":\"https:\/\/inspiratio.ro\/produs\/por-e-carle-vrei-sa-fii-prietenul-meu\/#primaryimage\"},\"image\":{\"@id\":\"https:\/\/inspiratio.ro\/produs\/por-e-carle-vrei-sa-fii-prietenul-meu\/#primaryimage\"},\"thumbnailUrl\":\"https:\/\/inspiratio.ro\/wp-content\/uploads\/2025\/02\/Vrei-sa-fi-prietenul-meu-768x581-1.png\",\"datePublished\":\"2025-02-03T14:59:41+00:00\",\"dateModified\":\"2025-07-18T13:19:21+00:00\",\"description\":\"POR E.Carle \u2013 Vrei sa fii prietenul meu?\",\"breadcrumb\":{\"@id\":\"https:\/\/inspiratio.ro\/produs\/por-e-carle-vrei-sa-fii-prietenul-meu\/#breadcrumb\"},\"inLanguage\":\"en-US\",\"potentialAction\":[{\"@type\":\"ReadAction\",\"target\":[\"https:\/\/inspiratio.ro\/produs\/por-e-carle-vrei-sa-fii-prietenul-meu\/\"]}]},{\"@type\":\"ImageObject\",\"inLanguage\":\"en-US\",\"@id\":\"https:\/\/inspiratio.ro\/produs\/por-e-carle-vrei-sa-fii-prietenul-meu\/#primaryimage\",\"url\":\"https:\/\/inspiratio.ro\/wp-content\/uploads\/2025\/02\/Vrei-sa-fi-prietenul-meu-768x581-1.png\",\"contentUrl\":\"https:\/\/inspiratio.ro\/wp-content\/uploads\/2025\/02\/Vrei-sa-fi-prietenul-meu-768x581-1.png\",\"width\":768,\"height\":581},{\"@type\":\"BreadcrumbList\",\"@id\":\"https:\/\/inspiratio.ro\/produs\/por-e-carle-vrei-sa-fii-prietenul-meu\/#breadcrumb\",\"itemListElement\":[{\"@type\":\"ListItem\",\"position\":1,\"name\":\"Shop\",\"item\":\"https:\/\/inspiratio.ro\/magazin-cadouri\/\"},{\"@type\":\"ListItem\",\"position\":2,\"name\":\"POR E.Carle \u2013 Vrei sa fii prietenul meu?\"}]},{\"@type\":\"WebSite\",\"@id\":\"https:\/\/inspiratio.ro\/#website\",\"url\":\"https:\/\/inspiratio.ro\/\",\"name\":\"Inspiratio\",\"description\":\"Las\u0103-te purtat de inspira\u021bie\",\"publisher\":{\"@id\":\"https:\/\/inspiratio.ro\/#organization\"},\"potentialAction\":[{\"@type\":\"SearchAction\",\"target\":{\"@type\":\"EntryPoint\",\"urlTemplate\":\"https:\/\/inspiratio.ro\/?s={search_term_string}\"},\"query-input\":{\"@type\":\"PropertyValueSpecification\",\"valueRequired\":true,\"valueName\":\"search_term_string\"}}],\"inLanguage\":\"en-US\"},{\"@type\":\"Organization\",\"@id\":\"https:\/\/inspiratio.ro\/#organization\",\"name\":\"Inspiratio\",\"url\":\"https:\/\/inspiratio.ro\/\",\"logo\":{\"@type\":\"ImageObject\",\"inLanguage\":\"en-US\",\"@id\":\"https:\/\/inspiratio.ro\/#\/schema\/logo\/image\/\",\"url\":\"https:\/\/inspiratio.ro\/wp-content\/uploads\/2020\/06\/logo-inspiratio.png\",\"contentUrl\":\"https:\/\/inspiratio.ro\/wp-content\/uploads\/2020\/06\/logo-inspiratio.png\",\"width\":232,\"height\":209,\"caption\":\"Inspiratio\"},\"image\":{\"@id\":\"https:\/\/inspiratio.ro\/#\/schema\/logo\/image\/\"},\"sameAs\":[\"https:\/\/www.facebook.com\/inspiratiogiftstudio\/\",\"https:\/\/www.instagram.com\/inspiratio_giftstudio\/\"]}]}<\/script>\n<!-- \/ Yoast SEO plugin. -->","yoast_head_json":{"title":"POR E.Carle \u2013 Vrei sa fii prietenul meu? - Inspiratio","description":"POR E.Carle \u2013 Vrei sa fii prietenul meu?","robots":{"index":"index","follow":"follow","max-snippet":"max-snippet:-1","max-image-preview":"max-image-preview:large","max-video-preview":"max-video-preview:-1"},"canonical":"https:\/\/inspiratio.ro\/produs\/por-e-carle-vrei-sa-fii-prietenul-meu\/","og_locale":"en_US","og_type":"article","og_title":"POR E.Carle \u2013 Vrei sa fii prietenul meu? - Inspiratio","og_description":"POR E.Carle \u2013 Vrei sa fii prietenul meu?","og_url":"https:\/\/inspiratio.ro\/produs\/por-e-carle-vrei-sa-fii-prietenul-meu\/","og_site_name":"Inspiratio","article_publisher":"https:\/\/www.facebook.com\/inspiratiogiftstudio\/","article_modified_time":"2025-07-18T13:19:21+00:00","og_image":[{"width":768,"height":581,"url":"https:\/\/inspiratio.ro\/wp-content\/uploads\/2025\/02\/Vrei-sa-fi-prietenul-meu-768x581-1.png","type":"image\/png"}],"twitter_card":"summary_large_image","twitter_misc":{"Est. reading time":"2 minutes"},"schema":{"@context":"https:\/\/schema.org","@graph":[{"@type":"WebPage","@id":"https:\/\/inspiratio.ro\/produs\/por-e-carle-vrei-sa-fii-prietenul-meu\/","url":"https:\/\/inspiratio.ro\/produs\/por-e-carle-vrei-sa-fii-prietenul-meu\/","name":"POR E.Carle \u2013 Vrei sa fii prietenul meu? - Inspiratio","isPartOf":{"@id":"https:\/\/inspiratio.ro\/#website"},"primaryImageOfPage":{"@id":"https:\/\/inspiratio.ro\/produs\/por-e-carle-vrei-sa-fii-prietenul-meu\/#primaryimage"},"image":{"@id":"https:\/\/inspiratio.ro\/produs\/por-e-carle-vrei-sa-fii-prietenul-meu\/#primaryimage"},"thumbnailUrl":"https:\/\/inspiratio.ro\/wp-content\/uploads\/2025\/02\/Vrei-sa-fi-prietenul-meu-768x581-1.png","datePublished":"2025-02-03T14:59:41+00:00","dateModified":"2025-07-18T13:19:21+00:00","description":"POR E.Carle \u2013 Vrei sa fii prietenul meu?","breadcrumb":{"@id":"https:\/\/inspiratio.ro\/produs\/por-e-carle-vrei-sa-fii-prietenul-meu\/#breadcrumb"},"inLanguage":"en-US","potentialAction":[{"@type":"ReadAction","target":["https:\/\/inspiratio.ro\/produs\/por-e-carle-vrei-sa-fii-prietenul-meu\/"]}]},{"@type":"ImageObject","inLanguage":"en-US","@id":"https:\/\/inspiratio.ro\/produs\/por-e-carle-vrei-sa-fii-prietenul-meu\/#primaryimage","url":"https:\/\/inspiratio.ro\/wp-content\/uploads\/2025\/02\/Vrei-sa-fi-prietenul-meu-768x581-1.png","contentUrl":"https:\/\/inspiratio.ro\/wp-content\/uploads\/2025\/02\/Vrei-sa-fi-prietenul-meu-768x581-1.png","width":768,"height":581},{"@type":"BreadcrumbList","@id":"https:\/\/inspiratio.ro\/produs\/por-e-carle-vrei-sa-fii-prietenul-meu\/#breadcrumb","itemListElement":[{"@type":"ListItem","position":1,"name":"Shop","item":"https:\/\/inspiratio.ro\/magazin-cadouri\/"},{"@type":"ListItem","position":2,"name":"POR E.Carle \u2013 Vrei sa fii prietenul meu?"}]},{"@type":"WebSite","@id":"https:\/\/inspiratio.ro\/#website","url":"https:\/\/inspiratio.ro\/","name":"Inspiratio","description":"Las\u0103-te purtat de inspira\u021bie","publisher":{"@id":"https:\/\/inspiratio.ro\/#organization"},"potentialAction":[{"@type":"SearchAction","target":{"@type":"EntryPoint","urlTemplate":"https:\/\/inspiratio.ro\/?s={search_term_string}"},"query-input":{"@type":"PropertyValueSpecification","valueRequired":true,"valueName":"search_term_string"}}],"inLanguage":"en-US"},{"@type":"Organization","@id":"https:\/\/inspiratio.ro\/#organization","name":"Inspiratio","url":"https:\/\/inspiratio.ro\/","logo":{"@type":"ImageObject","inLanguage":"en-US","@id":"https:\/\/inspiratio.ro\/#\/schema\/logo\/image\/","url":"https:\/\/inspiratio.ro\/wp-content\/uploads\/2020\/06\/logo-inspiratio.png","contentUrl":"https:\/\/inspiratio.ro\/wp-content\/uploads\/2020\/06\/logo-inspiratio.png","width":232,"height":209,"caption":"Inspiratio"},"image":{"@id":"https:\/\/inspiratio.ro\/#\/schema\/logo\/image\/"},"sameAs":["https:\/\/www.facebook.com\/inspiratiogiftstudio\/","https:\/\/www.instagram.com\/inspiratio_giftstudio\/"]}]}},"brands":[{"id":212,"name":"Portocala Albastr\u0103","slug":"portocala-albastra"}],"_links":{"self":[{"href":"https:\/\/inspiratio.ro\/en\/wp-json\/wp\/v2\/product\/9390","targetHints":{"allow":["GET"]}}],"collection":[{"href":"https:\/\/inspiratio.ro\/en\/wp-json\/wp\/v2\/product"}],"about":[{"href":"https:\/\/inspiratio.ro\/en\/wp-json\/wp\/v2\/types\/product"}],"replies":[{"embeddable":true,"href":"https:\/\/inspiratio.ro\/en\/wp-json\/wp\/v2\/comments?post=9390"}],"wp:featuredmedia":[{"embeddable":true,"href":"https:\/\/inspiratio.ro\/en\/wp-json\/wp\/v2\/media\/9395"}],"wp:attachment":[{"href":"https:\/\/inspiratio.ro\/en\/wp-json\/wp\/v2\/media?parent=9390"}],"wp:term":[{"taxonomy":"pwb-brand","embeddable":true,"href":"https:\/\/inspiratio.ro\/en\/wp-json\/wp\/v2\/pwb-brand?post=9390"},{"taxonomy":"product_brand","embeddable":true,"href":"https:\/\/inspiratio.ro\/en\/wp-json\/wp\/v2\/product_brand?post=9390"},{"taxonomy":"product_cat","embeddable":true,"href":"https:\/\/inspiratio.ro\/en\/wp-json\/wp\/v2\/product_cat?post=9390"},{"taxonomy":"product_tag","embeddable":true,"href":"https:\/\/inspiratio.ro\/en\/wp-json\/wp\/v2\/product_tag?post=9390"}],"curies":[{"name":"wp","href":"https:\/\/api.w.org\/{rel}","templated":true}]}}