{"id":9381,"date":"2025-02-03T16:55:31","date_gmt":"2025-02-03T14:55:31","guid":{"rendered":"https:\/\/inspiratio.ro\/?post_type=product&#038;p=9381"},"modified":"2025-02-03T16:58:52","modified_gmt":"2025-02-03T14:58:52","slug":"por-e-carle-cucu-bau-prin-zapada-pufoasa-cu-omida-mancacioasa","status":"publish","type":"product","link":"https:\/\/inspiratio.ro\/en\/produs\/por-e-carle-cucu-bau-prin-zapada-pufoasa-cu-omida-mancacioasa\/","title":{"rendered":"E. Carle \u2013 Cucu-bau prin z\u0103pada pufoas\u0103 cu omida m\u00e2nc\u0103cioas\u0103"},"content":{"rendered":"<div class=\"product-meta\">\n<div class=\"btArticleShareEtc\">\n<div class=\"btTagsColumn\">\n<div class=\"btTags\">\n<div class=\"product-meta\">\n<div class=\"btArticleShareEtc\">\n<div class=\"btTagsColumn\">\n<div class=\"btTags\">\n<p>ISBN: 9786306505203<\/p>\n<p>Edi\u021bie integral cartonat\u0103<\/p>\n<p>Num\u0103r pagini: 10<\/p>\n<p>Format: 21 X 21 cm<\/p>\n<p>V\u00e2rst\u0103: 0 &#8211; 5 ani<\/p>\n<\/div>\n<\/div>\n<\/div>\n<\/div>\n<\/div>\n<\/div>\n<\/div>\n<\/div>\n<div class=\"bt_bb_wrapper\" data-templates-time=\"\">\n<h2>Descriere<\/h2>\n<div class=\"bt_bb_wrapper\" data-templates-time=\"\">\n<p>Vino s\u0103 descoperim \u00eempreun\u0103 aventura prin z\u0103pad\u0103 a omizii m\u00e2nc\u0103cioase \u0219i s\u0103 ne \u00eenveselim de s\u0103rb\u0103tori cu aceast\u0103 \u00eenc\u00e2nt\u0103toare poveste-ghicitoare \u00een versuri, \u00eenso\u021bit\u0103 de ilustra\u021biile minunate ale lui Eric Carle. Ne ies \u00een cale ur\u0219i polari, pinguini, un om de z\u0103pad\u0103, c\u00e2\u021biva copii care au pornit la colindat, o c\u0103su\u021b\u0103 de turt\u0103 de dulce, un brad \u00eempodobit, ba chiar \u0219i Mo\u0219 Cr\u0103ciun \u00eempreun\u0103 cu renii s\u0103i.<\/p>\n<p>Cartea este cartonat\u0103 integral \u0219i are col\u021burile rotunjite pentru a proteja m\u00e2nu\u021bele curioase. De asemenea, \u00een interiorul c\u0103r\u021bii se g\u0103sesc o mul\u021bime de clapete care pot fi ridicate, precum \u0219i trasee care pot fi urm\u0103rite cu degetul.<\/p>\n<\/div>\n<div class=\"bt_bb_wrapper\" data-templates-time=\"\"><\/div>\n<\/div>\n","protected":false},"excerpt":{"rendered":"<p>ISBN: 9786306505203 Edi\u021bie integral cartonat\u0103 Num\u0103r pagini: 10 Format: 21 X 21 cm V\u00e2rst\u0103: 0 &#8211; 5 ani Descriere Vino s\u0103 descoperim \u00eempreun\u0103 aventura prin z\u0103pad\u0103 a omizii m\u00e2nc\u0103cioase \u0219i s\u0103 ne \u00eenveselim de s\u0103rb\u0103tori cu aceast\u0103 \u00eenc\u00e2nt\u0103toare poveste-ghicitoare \u00een versuri, \u00eenso\u021bit\u0103 de ilustra\u021biile minunate ale lui Eric Carle. Ne ies \u00een cale ur\u0219i polari, [&hellip;]<\/p>\n","protected":false},"featured_media":9382,"comment_status":"closed","ping_status":"closed","template":"","meta":[],"pwb-brand":[212],"product_brand":[],"product_cat":[89,88,71],"product_tag":[],"class_list":{"0":"post-9381","1":"product","2":"type-product","3":"status-publish","4":"has-post-thumbnail","6":"pwb-brand-portocala-albastra","7":"product_cat-cadouri-pentru-copii","8":"product_cat-categorie-carte","9":"product_cat-carte","11":"first","12":"instock","13":"taxable","14":"shipping-taxable","15":"purchasable","16":"product-type-simple"},"yoast_head":"<!-- This site is optimized with the Yoast SEO plugin v26.9 - https:\/\/yoast.com\/product\/yoast-seo-wordpress\/ -->\n<title>POR E. Carle \u2013 Cucu-bau prin z\u0103pada pufoas\u0103 cu omida m\u00e2nc\u0103cioas\u0103 - Inspiratio<\/title>\n<meta name=\"description\" content=\"POR E. Carle \u2013 Cucu-bau prin z\u0103pada pufoas\u0103 cu omida m\u00e2nc\u0103cioas\u0103\" \/>\n<meta name=\"robots\" content=\"index, follow, max-snippet:-1, max-image-preview:large, max-video-preview:-1\" \/>\n<link rel=\"canonical\" href=\"https:\/\/inspiratio.ro\/produs\/por-e-carle-cucu-bau-prin-zapada-pufoasa-cu-omida-mancacioasa\/\" \/>\n<meta property=\"og:locale\" content=\"en_US\" \/>\n<meta property=\"og:type\" content=\"article\" \/>\n<meta property=\"og:title\" content=\"POR E. Carle \u2013 Cucu-bau prin z\u0103pada pufoas\u0103 cu omida m\u00e2nc\u0103cioas\u0103 - Inspiratio\" \/>\n<meta property=\"og:description\" content=\"POR E. Carle \u2013 Cucu-bau prin z\u0103pada pufoas\u0103 cu omida m\u00e2nc\u0103cioas\u0103\" \/>\n<meta property=\"og:url\" content=\"https:\/\/inspiratio.ro\/produs\/por-e-carle-cucu-bau-prin-zapada-pufoasa-cu-omida-mancacioasa\/\" \/>\n<meta property=\"og:site_name\" content=\"Inspiratio\" \/>\n<meta property=\"article:publisher\" content=\"https:\/\/www.facebook.com\/inspiratiogiftstudio\/\" \/>\n<meta property=\"article:modified_time\" content=\"2025-02-03T14:58:52+00:00\" \/>\n<meta property=\"og:image\" content=\"https:\/\/inspiratio.ro\/wp-content\/uploads\/2025\/02\/Cucu-bau-prin-za\u2560apada-pufoasa\u2560a-Coperta-768x753-1.png\" \/>\n\t<meta property=\"og:image:width\" content=\"768\" \/>\n\t<meta property=\"og:image:height\" content=\"753\" \/>\n\t<meta property=\"og:image:type\" content=\"image\/png\" \/>\n<meta name=\"twitter:card\" content=\"summary_large_image\" \/>\n<meta name=\"twitter:label1\" content=\"Est. reading time\" \/>\n\t<meta name=\"twitter:data1\" content=\"1 minute\" \/>\n<script type=\"application\/ld+json\" class=\"yoast-schema-graph\">{\"@context\":\"https:\/\/schema.org\",\"@graph\":[{\"@type\":\"WebPage\",\"@id\":\"https:\/\/inspiratio.ro\/produs\/por-e-carle-cucu-bau-prin-zapada-pufoasa-cu-omida-mancacioasa\/\",\"url\":\"https:\/\/inspiratio.ro\/produs\/por-e-carle-cucu-bau-prin-zapada-pufoasa-cu-omida-mancacioasa\/\",\"name\":\"POR E. Carle \u2013 Cucu-bau prin z\u0103pada pufoas\u0103 cu omida m\u00e2nc\u0103cioas\u0103 - Inspiratio\",\"isPartOf\":{\"@id\":\"https:\/\/inspiratio.ro\/#website\"},\"primaryImageOfPage\":{\"@id\":\"https:\/\/inspiratio.ro\/produs\/por-e-carle-cucu-bau-prin-zapada-pufoasa-cu-omida-mancacioasa\/#primaryimage\"},\"image\":{\"@id\":\"https:\/\/inspiratio.ro\/produs\/por-e-carle-cucu-bau-prin-zapada-pufoasa-cu-omida-mancacioasa\/#primaryimage\"},\"thumbnailUrl\":\"https:\/\/inspiratio.ro\/wp-content\/uploads\/2025\/02\/Cucu-bau-prin-za\u2560apada-pufoasa\u2560a-Coperta-768x753-1.png\",\"datePublished\":\"2025-02-03T14:55:31+00:00\",\"dateModified\":\"2025-02-03T14:58:52+00:00\",\"description\":\"POR E. Carle \u2013 Cucu-bau prin z\u0103pada pufoas\u0103 cu omida m\u00e2nc\u0103cioas\u0103\",\"breadcrumb\":{\"@id\":\"https:\/\/inspiratio.ro\/produs\/por-e-carle-cucu-bau-prin-zapada-pufoasa-cu-omida-mancacioasa\/#breadcrumb\"},\"inLanguage\":\"en-US\",\"potentialAction\":[{\"@type\":\"ReadAction\",\"target\":[\"https:\/\/inspiratio.ro\/produs\/por-e-carle-cucu-bau-prin-zapada-pufoasa-cu-omida-mancacioasa\/\"]}]},{\"@type\":\"ImageObject\",\"inLanguage\":\"en-US\",\"@id\":\"https:\/\/inspiratio.ro\/produs\/por-e-carle-cucu-bau-prin-zapada-pufoasa-cu-omida-mancacioasa\/#primaryimage\",\"url\":\"https:\/\/inspiratio.ro\/wp-content\/uploads\/2025\/02\/Cucu-bau-prin-za\u2560apada-pufoasa\u2560a-Coperta-768x753-1.png\",\"contentUrl\":\"https:\/\/inspiratio.ro\/wp-content\/uploads\/2025\/02\/Cucu-bau-prin-za\u2560apada-pufoasa\u2560a-Coperta-768x753-1.png\",\"width\":768,\"height\":753},{\"@type\":\"BreadcrumbList\",\"@id\":\"https:\/\/inspiratio.ro\/produs\/por-e-carle-cucu-bau-prin-zapada-pufoasa-cu-omida-mancacioasa\/#breadcrumb\",\"itemListElement\":[{\"@type\":\"ListItem\",\"position\":1,\"name\":\"Shop\",\"item\":\"https:\/\/inspiratio.ro\/magazin-cadouri\/\"},{\"@type\":\"ListItem\",\"position\":2,\"name\":\"POR E. Carle \u2013 Cucu-bau prin z\u0103pada pufoas\u0103 cu omida m\u00e2nc\u0103cioas\u0103\"}]},{\"@type\":\"WebSite\",\"@id\":\"https:\/\/inspiratio.ro\/#website\",\"url\":\"https:\/\/inspiratio.ro\/\",\"name\":\"Inspiratio\",\"description\":\"Las\u0103-te purtat de inspira\u021bie\",\"publisher\":{\"@id\":\"https:\/\/inspiratio.ro\/#organization\"},\"potentialAction\":[{\"@type\":\"SearchAction\",\"target\":{\"@type\":\"EntryPoint\",\"urlTemplate\":\"https:\/\/inspiratio.ro\/?s={search_term_string}\"},\"query-input\":{\"@type\":\"PropertyValueSpecification\",\"valueRequired\":true,\"valueName\":\"search_term_string\"}}],\"inLanguage\":\"en-US\"},{\"@type\":\"Organization\",\"@id\":\"https:\/\/inspiratio.ro\/#organization\",\"name\":\"Inspiratio\",\"url\":\"https:\/\/inspiratio.ro\/\",\"logo\":{\"@type\":\"ImageObject\",\"inLanguage\":\"en-US\",\"@id\":\"https:\/\/inspiratio.ro\/#\/schema\/logo\/image\/\",\"url\":\"https:\/\/inspiratio.ro\/wp-content\/uploads\/2020\/06\/logo-inspiratio.png\",\"contentUrl\":\"https:\/\/inspiratio.ro\/wp-content\/uploads\/2020\/06\/logo-inspiratio.png\",\"width\":232,\"height\":209,\"caption\":\"Inspiratio\"},\"image\":{\"@id\":\"https:\/\/inspiratio.ro\/#\/schema\/logo\/image\/\"},\"sameAs\":[\"https:\/\/www.facebook.com\/inspiratiogiftstudio\/\",\"https:\/\/www.instagram.com\/inspiratio_giftstudio\/\"]}]}<\/script>\n<!-- \/ Yoast SEO plugin. -->","yoast_head_json":{"title":"POR E. Carle \u2013 Cucu-bau prin z\u0103pada pufoas\u0103 cu omida m\u00e2nc\u0103cioas\u0103 - Inspiratio","description":"POR E. Carle \u2013 Cucu-bau prin z\u0103pada pufoas\u0103 cu omida m\u00e2nc\u0103cioas\u0103","robots":{"index":"index","follow":"follow","max-snippet":"max-snippet:-1","max-image-preview":"max-image-preview:large","max-video-preview":"max-video-preview:-1"},"canonical":"https:\/\/inspiratio.ro\/produs\/por-e-carle-cucu-bau-prin-zapada-pufoasa-cu-omida-mancacioasa\/","og_locale":"en_US","og_type":"article","og_title":"POR E. Carle \u2013 Cucu-bau prin z\u0103pada pufoas\u0103 cu omida m\u00e2nc\u0103cioas\u0103 - Inspiratio","og_description":"POR E. Carle \u2013 Cucu-bau prin z\u0103pada pufoas\u0103 cu omida m\u00e2nc\u0103cioas\u0103","og_url":"https:\/\/inspiratio.ro\/produs\/por-e-carle-cucu-bau-prin-zapada-pufoasa-cu-omida-mancacioasa\/","og_site_name":"Inspiratio","article_publisher":"https:\/\/www.facebook.com\/inspiratiogiftstudio\/","article_modified_time":"2025-02-03T14:58:52+00:00","og_image":[{"width":768,"height":753,"url":"https:\/\/inspiratio.ro\/wp-content\/uploads\/2025\/02\/Cucu-bau-prin-za\u2560apada-pufoasa\u2560a-Coperta-768x753-1.png","type":"image\/png"}],"twitter_card":"summary_large_image","twitter_misc":{"Est. reading time":"1 minute"},"schema":{"@context":"https:\/\/schema.org","@graph":[{"@type":"WebPage","@id":"https:\/\/inspiratio.ro\/produs\/por-e-carle-cucu-bau-prin-zapada-pufoasa-cu-omida-mancacioasa\/","url":"https:\/\/inspiratio.ro\/produs\/por-e-carle-cucu-bau-prin-zapada-pufoasa-cu-omida-mancacioasa\/","name":"POR E. Carle \u2013 Cucu-bau prin z\u0103pada pufoas\u0103 cu omida m\u00e2nc\u0103cioas\u0103 - Inspiratio","isPartOf":{"@id":"https:\/\/inspiratio.ro\/#website"},"primaryImageOfPage":{"@id":"https:\/\/inspiratio.ro\/produs\/por-e-carle-cucu-bau-prin-zapada-pufoasa-cu-omida-mancacioasa\/#primaryimage"},"image":{"@id":"https:\/\/inspiratio.ro\/produs\/por-e-carle-cucu-bau-prin-zapada-pufoasa-cu-omida-mancacioasa\/#primaryimage"},"thumbnailUrl":"https:\/\/inspiratio.ro\/wp-content\/uploads\/2025\/02\/Cucu-bau-prin-za\u2560apada-pufoasa\u2560a-Coperta-768x753-1.png","datePublished":"2025-02-03T14:55:31+00:00","dateModified":"2025-02-03T14:58:52+00:00","description":"POR E. Carle \u2013 Cucu-bau prin z\u0103pada pufoas\u0103 cu omida m\u00e2nc\u0103cioas\u0103","breadcrumb":{"@id":"https:\/\/inspiratio.ro\/produs\/por-e-carle-cucu-bau-prin-zapada-pufoasa-cu-omida-mancacioasa\/#breadcrumb"},"inLanguage":"en-US","potentialAction":[{"@type":"ReadAction","target":["https:\/\/inspiratio.ro\/produs\/por-e-carle-cucu-bau-prin-zapada-pufoasa-cu-omida-mancacioasa\/"]}]},{"@type":"ImageObject","inLanguage":"en-US","@id":"https:\/\/inspiratio.ro\/produs\/por-e-carle-cucu-bau-prin-zapada-pufoasa-cu-omida-mancacioasa\/#primaryimage","url":"https:\/\/inspiratio.ro\/wp-content\/uploads\/2025\/02\/Cucu-bau-prin-za\u2560apada-pufoasa\u2560a-Coperta-768x753-1.png","contentUrl":"https:\/\/inspiratio.ro\/wp-content\/uploads\/2025\/02\/Cucu-bau-prin-za\u2560apada-pufoasa\u2560a-Coperta-768x753-1.png","width":768,"height":753},{"@type":"BreadcrumbList","@id":"https:\/\/inspiratio.ro\/produs\/por-e-carle-cucu-bau-prin-zapada-pufoasa-cu-omida-mancacioasa\/#breadcrumb","itemListElement":[{"@type":"ListItem","position":1,"name":"Shop","item":"https:\/\/inspiratio.ro\/magazin-cadouri\/"},{"@type":"ListItem","position":2,"name":"POR E. Carle \u2013 Cucu-bau prin z\u0103pada pufoas\u0103 cu omida m\u00e2nc\u0103cioas\u0103"}]},{"@type":"WebSite","@id":"https:\/\/inspiratio.ro\/#website","url":"https:\/\/inspiratio.ro\/","name":"Inspiratio","description":"Las\u0103-te purtat de inspira\u021bie","publisher":{"@id":"https:\/\/inspiratio.ro\/#organization"},"potentialAction":[{"@type":"SearchAction","target":{"@type":"EntryPoint","urlTemplate":"https:\/\/inspiratio.ro\/?s={search_term_string}"},"query-input":{"@type":"PropertyValueSpecification","valueRequired":true,"valueName":"search_term_string"}}],"inLanguage":"en-US"},{"@type":"Organization","@id":"https:\/\/inspiratio.ro\/#organization","name":"Inspiratio","url":"https:\/\/inspiratio.ro\/","logo":{"@type":"ImageObject","inLanguage":"en-US","@id":"https:\/\/inspiratio.ro\/#\/schema\/logo\/image\/","url":"https:\/\/inspiratio.ro\/wp-content\/uploads\/2020\/06\/logo-inspiratio.png","contentUrl":"https:\/\/inspiratio.ro\/wp-content\/uploads\/2020\/06\/logo-inspiratio.png","width":232,"height":209,"caption":"Inspiratio"},"image":{"@id":"https:\/\/inspiratio.ro\/#\/schema\/logo\/image\/"},"sameAs":["https:\/\/www.facebook.com\/inspiratiogiftstudio\/","https:\/\/www.instagram.com\/inspiratio_giftstudio\/"]}]}},"brands":[{"id":212,"name":"Portocala Albastr\u0103","slug":"portocala-albastra"}],"_links":{"self":[{"href":"https:\/\/inspiratio.ro\/en\/wp-json\/wp\/v2\/product\/9381","targetHints":{"allow":["GET"]}}],"collection":[{"href":"https:\/\/inspiratio.ro\/en\/wp-json\/wp\/v2\/product"}],"about":[{"href":"https:\/\/inspiratio.ro\/en\/wp-json\/wp\/v2\/types\/product"}],"replies":[{"embeddable":true,"href":"https:\/\/inspiratio.ro\/en\/wp-json\/wp\/v2\/comments?post=9381"}],"wp:featuredmedia":[{"embeddable":true,"href":"https:\/\/inspiratio.ro\/en\/wp-json\/wp\/v2\/media\/9382"}],"wp:attachment":[{"href":"https:\/\/inspiratio.ro\/en\/wp-json\/wp\/v2\/media?parent=9381"}],"wp:term":[{"taxonomy":"pwb-brand","embeddable":true,"href":"https:\/\/inspiratio.ro\/en\/wp-json\/wp\/v2\/pwb-brand?post=9381"},{"taxonomy":"product_brand","embeddable":true,"href":"https:\/\/inspiratio.ro\/en\/wp-json\/wp\/v2\/product_brand?post=9381"},{"taxonomy":"product_cat","embeddable":true,"href":"https:\/\/inspiratio.ro\/en\/wp-json\/wp\/v2\/product_cat?post=9381"},{"taxonomy":"product_tag","embeddable":true,"href":"https:\/\/inspiratio.ro\/en\/wp-json\/wp\/v2\/product_tag?post=9381"}],"curies":[{"name":"wp","href":"https:\/\/api.w.org\/{rel}","templated":true}]}}