{"id":9372,"date":"2025-02-03T16:48:25","date_gmt":"2025-02-03T14:48:25","guid":{"rendered":"https:\/\/inspiratio.ro\/?post_type=product&#038;p=9372"},"modified":"2025-12-19T10:09:23","modified_gmt":"2025-12-19T08:09:23","slug":"por-carle-e-ninsoarea-din-vis","status":"publish","type":"product","link":"https:\/\/inspiratio.ro\/en\/produs\/por-carle-e-ninsoarea-din-vis\/","title":{"rendered":"Carle E \u2013 Ninsoarea din vis"},"content":{"rendered":"<div class=\"product-meta\">\n<div class=\"btArticleShareEtc\">\n<div class=\"btTagsColumn\">\n<div class=\"btTags\">\n<div class=\"product-meta\">\n<div class=\"btArticleShareEtc\">\n<div class=\"btTagsColumn\">\n<div class=\"btTags\">\n<p>ISBN: 9786306505449<\/p>\n<\/div>\n<\/div>\n<\/div>\n<\/div>\n<div class=\"product_additional_details legals\">\n<div class=\"legal_info\">\n<p>Edi\u021bie integral cartonat\u0103<\/p>\n<p>Num\u0103r pagini: 24<\/p>\n<p>Format: 18 X 18 cm<\/p>\n<p>V\u00e2rst\u0103: 0 &#8211; 5 ani<\/p>\n<\/div>\n<\/div>\n<\/div>\n<\/div>\n<\/div>\n<\/div>\n<div class=\"bt_bb_wrapper\" data-templates-time=\"\">\n<h2>Descriere<\/h2>\n<div class=\"bt_bb_wrapper\" data-templates-time=\"\">\n<p>\u201eNinsoarea din vis\u201d este o carte-juc\u0103rie despre generozitate \u0219i spiritul Cr\u0103ciunului creat\u0103 de Eric Carle \u00een stilul s\u0103u consacrat:<br \/>\no poveste simpl\u00e3 \u0219i tandr\u0103, ilustra\u021bii str\u0103lucitoare realizate prin colaj \u0219i surprize ascunse \u00een paginile decupate special pentru degetele micilor cititori.<\/p>\n<blockquote>\n<p align=\"center\"><em>Cr\u0103ciunul aproape a sosit, dar unde e z\u0103pada care s\u0103 acopere totul<br \/>\ncu p\u0103tura sa alb\u0103 \u0219i moale?<\/em><\/p>\n<\/blockquote>\n<\/div>\n<div class=\"bt_bb_wrapper\" data-templates-time=\"\"><\/div>\n<\/div>\n","protected":false},"excerpt":{"rendered":"<p>ISBN: 9786306505449 Edi\u021bie integral cartonat\u0103 Num\u0103r pagini: 24 Format: 18 X 18 cm V\u00e2rst\u0103: 0 &#8211; 5 ani Descriere \u201eNinsoarea din vis\u201d este o carte-juc\u0103rie despre generozitate \u0219i spiritul Cr\u0103ciunului creat\u0103 de Eric Carle \u00een stilul s\u0103u consacrat: o poveste simpl\u00e3 \u0219i tandr\u0103, ilustra\u021bii str\u0103lucitoare realizate prin colaj \u0219i surprize ascunse \u00een paginile decupate special [&hellip;]<\/p>\n","protected":false},"featured_media":9379,"comment_status":"closed","ping_status":"closed","template":"","meta":[],"pwb-brand":[212],"product_brand":[],"product_cat":[89,88,71],"product_tag":[],"class_list":{"0":"post-9372","1":"product","2":"type-product","3":"status-publish","4":"has-post-thumbnail","6":"pwb-brand-portocala-albastra","7":"product_cat-cadouri-pentru-copii","8":"product_cat-categorie-carte","9":"product_cat-carte","11":"first","12":"instock","13":"taxable","14":"shipping-taxable","15":"purchasable","16":"product-type-simple"},"yoast_head":"<!-- This site is optimized with the Yoast SEO plugin v26.9 - https:\/\/yoast.com\/product\/yoast-seo-wordpress\/ -->\n<title>POR Carle E \u2013 Ninsoarea din vis - Inspiratio<\/title>\n<meta name=\"description\" content=\"POR Carle E \u2013 Ninsoarea din vis\" \/>\n<meta name=\"robots\" content=\"index, follow, max-snippet:-1, max-image-preview:large, max-video-preview:-1\" \/>\n<link rel=\"canonical\" href=\"https:\/\/inspiratio.ro\/produs\/por-carle-e-ninsoarea-din-vis\/\" \/>\n<meta property=\"og:locale\" content=\"en_US\" \/>\n<meta property=\"og:type\" content=\"article\" \/>\n<meta property=\"og:title\" content=\"POR Carle E \u2013 Ninsoarea din vis - Inspiratio\" \/>\n<meta property=\"og:description\" content=\"POR Carle E \u2013 Ninsoarea din vis\" \/>\n<meta property=\"og:url\" content=\"https:\/\/inspiratio.ro\/produs\/por-carle-e-ninsoarea-din-vis\/\" \/>\n<meta property=\"og:site_name\" content=\"Inspiratio\" \/>\n<meta property=\"article:publisher\" content=\"https:\/\/www.facebook.com\/inspiratiogiftstudio\/\" \/>\n<meta property=\"article:modified_time\" content=\"2025-12-19T08:09:23+00:00\" \/>\n<meta property=\"og:image\" content=\"https:\/\/inspiratio.ro\/wp-content\/uploads\/2025\/02\/Ninsoarea-din-vis-768x769-1.jpg\" \/>\n\t<meta property=\"og:image:width\" content=\"768\" \/>\n\t<meta property=\"og:image:height\" content=\"769\" \/>\n\t<meta property=\"og:image:type\" content=\"image\/jpeg\" \/>\n<meta name=\"twitter:card\" content=\"summary_large_image\" \/>\n<meta name=\"twitter:label1\" content=\"Est. reading time\" \/>\n\t<meta name=\"twitter:data1\" content=\"1 minute\" \/>\n<script type=\"application\/ld+json\" class=\"yoast-schema-graph\">{\"@context\":\"https:\/\/schema.org\",\"@graph\":[{\"@type\":\"WebPage\",\"@id\":\"https:\/\/inspiratio.ro\/produs\/por-carle-e-ninsoarea-din-vis\/\",\"url\":\"https:\/\/inspiratio.ro\/produs\/por-carle-e-ninsoarea-din-vis\/\",\"name\":\"POR Carle E \u2013 Ninsoarea din vis - Inspiratio\",\"isPartOf\":{\"@id\":\"https:\/\/inspiratio.ro\/#website\"},\"primaryImageOfPage\":{\"@id\":\"https:\/\/inspiratio.ro\/produs\/por-carle-e-ninsoarea-din-vis\/#primaryimage\"},\"image\":{\"@id\":\"https:\/\/inspiratio.ro\/produs\/por-carle-e-ninsoarea-din-vis\/#primaryimage\"},\"thumbnailUrl\":\"https:\/\/inspiratio.ro\/wp-content\/uploads\/2025\/02\/Ninsoarea-din-vis-768x769-1.jpg\",\"datePublished\":\"2025-02-03T14:48:25+00:00\",\"dateModified\":\"2025-12-19T08:09:23+00:00\",\"description\":\"POR Carle E \u2013 Ninsoarea din vis\",\"breadcrumb\":{\"@id\":\"https:\/\/inspiratio.ro\/produs\/por-carle-e-ninsoarea-din-vis\/#breadcrumb\"},\"inLanguage\":\"en-US\",\"potentialAction\":[{\"@type\":\"ReadAction\",\"target\":[\"https:\/\/inspiratio.ro\/produs\/por-carle-e-ninsoarea-din-vis\/\"]}]},{\"@type\":\"ImageObject\",\"inLanguage\":\"en-US\",\"@id\":\"https:\/\/inspiratio.ro\/produs\/por-carle-e-ninsoarea-din-vis\/#primaryimage\",\"url\":\"https:\/\/inspiratio.ro\/wp-content\/uploads\/2025\/02\/Ninsoarea-din-vis-768x769-1.jpg\",\"contentUrl\":\"https:\/\/inspiratio.ro\/wp-content\/uploads\/2025\/02\/Ninsoarea-din-vis-768x769-1.jpg\",\"width\":768,\"height\":769},{\"@type\":\"BreadcrumbList\",\"@id\":\"https:\/\/inspiratio.ro\/produs\/por-carle-e-ninsoarea-din-vis\/#breadcrumb\",\"itemListElement\":[{\"@type\":\"ListItem\",\"position\":1,\"name\":\"Shop\",\"item\":\"https:\/\/inspiratio.ro\/magazin-cadouri\/\"},{\"@type\":\"ListItem\",\"position\":2,\"name\":\"POR Carle E \u2013 Ninsoarea din vis\"}]},{\"@type\":\"WebSite\",\"@id\":\"https:\/\/inspiratio.ro\/#website\",\"url\":\"https:\/\/inspiratio.ro\/\",\"name\":\"Inspiratio\",\"description\":\"Las\u0103-te purtat de inspira\u021bie\",\"publisher\":{\"@id\":\"https:\/\/inspiratio.ro\/#organization\"},\"potentialAction\":[{\"@type\":\"SearchAction\",\"target\":{\"@type\":\"EntryPoint\",\"urlTemplate\":\"https:\/\/inspiratio.ro\/?s={search_term_string}\"},\"query-input\":{\"@type\":\"PropertyValueSpecification\",\"valueRequired\":true,\"valueName\":\"search_term_string\"}}],\"inLanguage\":\"en-US\"},{\"@type\":\"Organization\",\"@id\":\"https:\/\/inspiratio.ro\/#organization\",\"name\":\"Inspiratio\",\"url\":\"https:\/\/inspiratio.ro\/\",\"logo\":{\"@type\":\"ImageObject\",\"inLanguage\":\"en-US\",\"@id\":\"https:\/\/inspiratio.ro\/#\/schema\/logo\/image\/\",\"url\":\"https:\/\/inspiratio.ro\/wp-content\/uploads\/2020\/06\/logo-inspiratio.png\",\"contentUrl\":\"https:\/\/inspiratio.ro\/wp-content\/uploads\/2020\/06\/logo-inspiratio.png\",\"width\":232,\"height\":209,\"caption\":\"Inspiratio\"},\"image\":{\"@id\":\"https:\/\/inspiratio.ro\/#\/schema\/logo\/image\/\"},\"sameAs\":[\"https:\/\/www.facebook.com\/inspiratiogiftstudio\/\",\"https:\/\/www.instagram.com\/inspiratio_giftstudio\/\"]}]}<\/script>\n<!-- \/ Yoast SEO plugin. -->","yoast_head_json":{"title":"POR Carle E \u2013 Ninsoarea din vis - Inspiratio","description":"POR Carle E \u2013 Ninsoarea din vis","robots":{"index":"index","follow":"follow","max-snippet":"max-snippet:-1","max-image-preview":"max-image-preview:large","max-video-preview":"max-video-preview:-1"},"canonical":"https:\/\/inspiratio.ro\/produs\/por-carle-e-ninsoarea-din-vis\/","og_locale":"en_US","og_type":"article","og_title":"POR Carle E \u2013 Ninsoarea din vis - Inspiratio","og_description":"POR Carle E \u2013 Ninsoarea din vis","og_url":"https:\/\/inspiratio.ro\/produs\/por-carle-e-ninsoarea-din-vis\/","og_site_name":"Inspiratio","article_publisher":"https:\/\/www.facebook.com\/inspiratiogiftstudio\/","article_modified_time":"2025-12-19T08:09:23+00:00","og_image":[{"width":768,"height":769,"url":"https:\/\/inspiratio.ro\/wp-content\/uploads\/2025\/02\/Ninsoarea-din-vis-768x769-1.jpg","type":"image\/jpeg"}],"twitter_card":"summary_large_image","twitter_misc":{"Est. reading time":"1 minute"},"schema":{"@context":"https:\/\/schema.org","@graph":[{"@type":"WebPage","@id":"https:\/\/inspiratio.ro\/produs\/por-carle-e-ninsoarea-din-vis\/","url":"https:\/\/inspiratio.ro\/produs\/por-carle-e-ninsoarea-din-vis\/","name":"POR Carle E \u2013 Ninsoarea din vis - Inspiratio","isPartOf":{"@id":"https:\/\/inspiratio.ro\/#website"},"primaryImageOfPage":{"@id":"https:\/\/inspiratio.ro\/produs\/por-carle-e-ninsoarea-din-vis\/#primaryimage"},"image":{"@id":"https:\/\/inspiratio.ro\/produs\/por-carle-e-ninsoarea-din-vis\/#primaryimage"},"thumbnailUrl":"https:\/\/inspiratio.ro\/wp-content\/uploads\/2025\/02\/Ninsoarea-din-vis-768x769-1.jpg","datePublished":"2025-02-03T14:48:25+00:00","dateModified":"2025-12-19T08:09:23+00:00","description":"POR Carle E \u2013 Ninsoarea din vis","breadcrumb":{"@id":"https:\/\/inspiratio.ro\/produs\/por-carle-e-ninsoarea-din-vis\/#breadcrumb"},"inLanguage":"en-US","potentialAction":[{"@type":"ReadAction","target":["https:\/\/inspiratio.ro\/produs\/por-carle-e-ninsoarea-din-vis\/"]}]},{"@type":"ImageObject","inLanguage":"en-US","@id":"https:\/\/inspiratio.ro\/produs\/por-carle-e-ninsoarea-din-vis\/#primaryimage","url":"https:\/\/inspiratio.ro\/wp-content\/uploads\/2025\/02\/Ninsoarea-din-vis-768x769-1.jpg","contentUrl":"https:\/\/inspiratio.ro\/wp-content\/uploads\/2025\/02\/Ninsoarea-din-vis-768x769-1.jpg","width":768,"height":769},{"@type":"BreadcrumbList","@id":"https:\/\/inspiratio.ro\/produs\/por-carle-e-ninsoarea-din-vis\/#breadcrumb","itemListElement":[{"@type":"ListItem","position":1,"name":"Shop","item":"https:\/\/inspiratio.ro\/magazin-cadouri\/"},{"@type":"ListItem","position":2,"name":"POR Carle E \u2013 Ninsoarea din vis"}]},{"@type":"WebSite","@id":"https:\/\/inspiratio.ro\/#website","url":"https:\/\/inspiratio.ro\/","name":"Inspiratio","description":"Las\u0103-te purtat de inspira\u021bie","publisher":{"@id":"https:\/\/inspiratio.ro\/#organization"},"potentialAction":[{"@type":"SearchAction","target":{"@type":"EntryPoint","urlTemplate":"https:\/\/inspiratio.ro\/?s={search_term_string}"},"query-input":{"@type":"PropertyValueSpecification","valueRequired":true,"valueName":"search_term_string"}}],"inLanguage":"en-US"},{"@type":"Organization","@id":"https:\/\/inspiratio.ro\/#organization","name":"Inspiratio","url":"https:\/\/inspiratio.ro\/","logo":{"@type":"ImageObject","inLanguage":"en-US","@id":"https:\/\/inspiratio.ro\/#\/schema\/logo\/image\/","url":"https:\/\/inspiratio.ro\/wp-content\/uploads\/2020\/06\/logo-inspiratio.png","contentUrl":"https:\/\/inspiratio.ro\/wp-content\/uploads\/2020\/06\/logo-inspiratio.png","width":232,"height":209,"caption":"Inspiratio"},"image":{"@id":"https:\/\/inspiratio.ro\/#\/schema\/logo\/image\/"},"sameAs":["https:\/\/www.facebook.com\/inspiratiogiftstudio\/","https:\/\/www.instagram.com\/inspiratio_giftstudio\/"]}]}},"brands":[{"id":212,"name":"Portocala Albastr\u0103","slug":"portocala-albastra"}],"_links":{"self":[{"href":"https:\/\/inspiratio.ro\/en\/wp-json\/wp\/v2\/product\/9372","targetHints":{"allow":["GET"]}}],"collection":[{"href":"https:\/\/inspiratio.ro\/en\/wp-json\/wp\/v2\/product"}],"about":[{"href":"https:\/\/inspiratio.ro\/en\/wp-json\/wp\/v2\/types\/product"}],"replies":[{"embeddable":true,"href":"https:\/\/inspiratio.ro\/en\/wp-json\/wp\/v2\/comments?post=9372"}],"wp:featuredmedia":[{"embeddable":true,"href":"https:\/\/inspiratio.ro\/en\/wp-json\/wp\/v2\/media\/9379"}],"wp:attachment":[{"href":"https:\/\/inspiratio.ro\/en\/wp-json\/wp\/v2\/media?parent=9372"}],"wp:term":[{"taxonomy":"pwb-brand","embeddable":true,"href":"https:\/\/inspiratio.ro\/en\/wp-json\/wp\/v2\/pwb-brand?post=9372"},{"taxonomy":"product_brand","embeddable":true,"href":"https:\/\/inspiratio.ro\/en\/wp-json\/wp\/v2\/product_brand?post=9372"},{"taxonomy":"product_cat","embeddable":true,"href":"https:\/\/inspiratio.ro\/en\/wp-json\/wp\/v2\/product_cat?post=9372"},{"taxonomy":"product_tag","embeddable":true,"href":"https:\/\/inspiratio.ro\/en\/wp-json\/wp\/v2\/product_tag?post=9372"}],"curies":[{"name":"wp","href":"https:\/\/api.w.org\/{rel}","templated":true}]}}