{"id":9212,"date":"2025-01-12T17:04:48","date_gmt":"2025-01-12T15:04:48","guid":{"rendered":"https:\/\/inspiratio.ro\/?post_type=product&#038;p=9212"},"modified":"2025-05-28T20:12:08","modified_gmt":"2025-05-28T17:12:08","slug":"cot-rasnita-piper","status":"publish","type":"product","link":"https:\/\/inspiratio.ro\/en\/produs\/cot-rasnita-piper\/","title":{"rendered":"R\u00e2\u0219ni\u021b\u0103 piper"},"content":{"rendered":"<h4><em>R\u00e2\u0219ni\u021ba de piper\u00a0<\/em><\/h4>\n<p>Specifica\u021bii:<\/p>\n<ul>\n<li>Dimensiuni: aprox. 31h x 5 x 5 cm<\/li>\n<li>Lemn &#8211; cire\u0219 \u0219i nuc<\/li>\n<li>Sistem de r\u00e2\u0219nire &#8211; o\u021bel inoxidabil<\/li>\n<li>Grad de r\u00e2\u0219nire &#8211; reglabil<\/li>\n<\/ul>\n<h4><strong><em>Constructorii de orgi<\/em><\/strong><\/h4>\n<p>\u00cen inima Transilvaniei, la H\u0103rman, me\u0219te\u0219ugul construirii \u0219i restaur\u0103rii orgilor prinde via\u021b\u0103 datorit\u0103 pasiunii \u0219i dedic\u0103rii unor artizani des\u0103v\u00e2r\u0219i\u021bi. \u00cenfiin\u021bat\u0103 \u00een 2003 de Barbara Dutli \u0219i Ferdinand Stemmer, \u0219coala de constructori de orgi a readus la via\u021b\u0103 sunetul divin al acestor instrumente istorice.<\/p>\n<p>\u0218coala FPPR \u2013 Funda\u021bia pentru pregatire profesionala din Rom\u00e2nia &#8211; prima \u0219coal\u0103 dual\u0103 de meserii din Rom\u00e2nia , ia na\u0219tere din nevoia de restaurare a num\u0103rului mare (1500) de orgi s\u0103se\u0219ti \u0219i maghiare descoperite.<\/p>\n<p>Pana in anul 2022, s-au format un num\u0103r de <strong>cca. 50 de contructori de orgi si t\u00e2mplari<\/strong> care, prin \u00eenfiin\u021barea \u0219colii de Construc\u021bii Orgi T\u00e2mpl\u0103rie (COT),<\/p>\n<p><strong>au restaurat pana in zilele noastre 70 de orgi vechi.<\/strong> S-au construit \u0219i orgi noi precum orga Facult\u0103\u021bii de Muzic\u0103 din Bucure\u0219ti \u0219i c\u00e2teva orgi portabile.<\/p>\n<p>Ast\u0103zi, sub \u00eendrumarea mae\u0219trilor Daniel Popovici \u0219i \u00c1rp\u00e1d Magyar, fo\u0219ti elevi ai \u0219colii, atelierul continu\u0103 s\u0103 creeze nu doar orgi, ci \u0219i obiecte unicat din lemn.<\/p>\n<ul>\n<li>t\u0103vi \u0219i toc\u0103toare din lemn de cire\u0219, nuc<\/li>\n<li>r\u00e2\u0219ni\u021be de piper inspirate din formele tuburilor de org\u0103 echipate cu mecanisme germane de \u00eenalt\u0103 calitate.<\/li>\n<\/ul>\n<p>Obiecte unice, care \u00eembin\u0103 la perfec\u021bie utilitatea cu un design deosebit, aduc\u00e2nd \u00een casele noastre o parte din sufletul \u0219i tradi\u021bia Transilvaniei.<\/p>\n<p>&nbsp;<\/p>\n","protected":false},"excerpt":{"rendered":"<p>R\u00e2\u0219ni\u021ba de piper\u00a0 Specifica\u021bii: Dimensiuni: aprox. 31h x 5 x 5 cm Lemn &#8211; cire\u0219 \u0219i nuc Sistem de r\u00e2\u0219nire &#8211; o\u021bel inoxidabil Grad de r\u00e2\u0219nire &#8211; reglabil Constructorii de orgi \u00cen inima Transilvaniei, la H\u0103rman, me\u0219te\u0219ugul construirii \u0219i restaur\u0103rii orgilor prinde via\u021b\u0103 datorit\u0103 pasiunii \u0219i dedic\u0103rii unor artizani des\u0103v\u00e2r\u0219i\u021bi. \u00cenfiin\u021bat\u0103 \u00een 2003 de Barbara [&hellip;]<\/p>\n","protected":false},"featured_media":9345,"comment_status":"closed","ping_status":"closed","template":"","meta":[],"pwb-brand":[230],"product_brand":[249],"product_cat":[116,49],"product_tag":[231],"class_list":{"0":"post-9212","1":"product","2":"type-product","3":"status-publish","4":"has-post-thumbnail","6":"pwb-brand-constructii-orgi-tamplarie","7":"product_brand-constructii-orgi-tamplarie","8":"product_cat-seturi-cadou","9":"product_cat-home-and-deco","10":"product_tag-constructii-orgi-tamplarie","12":"first","13":"instock","14":"taxable","15":"shipping-taxable","16":"purchasable","17":"product-type-simple"},"yoast_head":"<!-- This site is optimized with the Yoast SEO plugin v26.9 - https:\/\/yoast.com\/product\/yoast-seo-wordpress\/ -->\n<title>COT R\u00e2\u0219ni\u021b\u0103 piper - Inspiratio<\/title>\n<meta name=\"description\" content=\"COT R\u00e2\u0219ni\u021b\u0103 piper\" \/>\n<meta name=\"robots\" content=\"index, follow, max-snippet:-1, max-image-preview:large, max-video-preview:-1\" \/>\n<link rel=\"canonical\" href=\"https:\/\/inspiratio.ro\/produs\/cot-rasnita-piper\/\" \/>\n<meta property=\"og:locale\" content=\"en_US\" \/>\n<meta property=\"og:type\" content=\"article\" \/>\n<meta property=\"og:title\" content=\"COT R\u00e2\u0219ni\u021b\u0103 piper - Inspiratio\" \/>\n<meta property=\"og:description\" content=\"COT R\u00e2\u0219ni\u021b\u0103 piper\" \/>\n<meta property=\"og:url\" content=\"https:\/\/inspiratio.ro\/produs\/cot-rasnita-piper\/\" \/>\n<meta property=\"og:site_name\" content=\"Inspiratio\" \/>\n<meta property=\"article:publisher\" content=\"https:\/\/www.facebook.com\/inspiratiogiftstudio\/\" \/>\n<meta property=\"article:modified_time\" content=\"2025-05-28T17:12:08+00:00\" \/>\n<meta property=\"og:image\" content=\"https:\/\/inspiratio.ro\/wp-content\/uploads\/2025\/01\/Untitled-design.png\" \/>\n\t<meta property=\"og:image:width\" content=\"800\" \/>\n\t<meta property=\"og:image:height\" content=\"800\" \/>\n\t<meta property=\"og:image:type\" content=\"image\/png\" \/>\n<meta name=\"twitter:card\" content=\"summary_large_image\" \/>\n<meta name=\"twitter:label1\" content=\"Est. reading time\" \/>\n\t<meta name=\"twitter:data1\" content=\"2 minutes\" \/>\n<script type=\"application\/ld+json\" class=\"yoast-schema-graph\">{\"@context\":\"https:\/\/schema.org\",\"@graph\":[{\"@type\":\"WebPage\",\"@id\":\"https:\/\/inspiratio.ro\/produs\/cot-rasnita-piper\/\",\"url\":\"https:\/\/inspiratio.ro\/produs\/cot-rasnita-piper\/\",\"name\":\"COT R\u00e2\u0219ni\u021b\u0103 piper - Inspiratio\",\"isPartOf\":{\"@id\":\"https:\/\/inspiratio.ro\/#website\"},\"primaryImageOfPage\":{\"@id\":\"https:\/\/inspiratio.ro\/produs\/cot-rasnita-piper\/#primaryimage\"},\"image\":{\"@id\":\"https:\/\/inspiratio.ro\/produs\/cot-rasnita-piper\/#primaryimage\"},\"thumbnailUrl\":\"https:\/\/inspiratio.ro\/wp-content\/uploads\/2025\/01\/Untitled-design.png\",\"datePublished\":\"2025-01-12T15:04:48+00:00\",\"dateModified\":\"2025-05-28T17:12:08+00:00\",\"description\":\"COT R\u00e2\u0219ni\u021b\u0103 piper\",\"breadcrumb\":{\"@id\":\"https:\/\/inspiratio.ro\/produs\/cot-rasnita-piper\/#breadcrumb\"},\"inLanguage\":\"en-US\",\"potentialAction\":[{\"@type\":\"ReadAction\",\"target\":[\"https:\/\/inspiratio.ro\/produs\/cot-rasnita-piper\/\"]}]},{\"@type\":\"ImageObject\",\"inLanguage\":\"en-US\",\"@id\":\"https:\/\/inspiratio.ro\/produs\/cot-rasnita-piper\/#primaryimage\",\"url\":\"https:\/\/inspiratio.ro\/wp-content\/uploads\/2025\/01\/Untitled-design.png\",\"contentUrl\":\"https:\/\/inspiratio.ro\/wp-content\/uploads\/2025\/01\/Untitled-design.png\",\"width\":800,\"height\":800},{\"@type\":\"BreadcrumbList\",\"@id\":\"https:\/\/inspiratio.ro\/produs\/cot-rasnita-piper\/#breadcrumb\",\"itemListElement\":[{\"@type\":\"ListItem\",\"position\":1,\"name\":\"Shop\",\"item\":\"https:\/\/inspiratio.ro\/magazin-cadouri\/\"},{\"@type\":\"ListItem\",\"position\":2,\"name\":\"COT R\u00e2\u0219ni\u021b\u0103 piper\"}]},{\"@type\":\"WebSite\",\"@id\":\"https:\/\/inspiratio.ro\/#website\",\"url\":\"https:\/\/inspiratio.ro\/\",\"name\":\"Inspiratio\",\"description\":\"Las\u0103-te purtat de inspira\u021bie\",\"publisher\":{\"@id\":\"https:\/\/inspiratio.ro\/#organization\"},\"potentialAction\":[{\"@type\":\"SearchAction\",\"target\":{\"@type\":\"EntryPoint\",\"urlTemplate\":\"https:\/\/inspiratio.ro\/?s={search_term_string}\"},\"query-input\":{\"@type\":\"PropertyValueSpecification\",\"valueRequired\":true,\"valueName\":\"search_term_string\"}}],\"inLanguage\":\"en-US\"},{\"@type\":\"Organization\",\"@id\":\"https:\/\/inspiratio.ro\/#organization\",\"name\":\"Inspiratio\",\"url\":\"https:\/\/inspiratio.ro\/\",\"logo\":{\"@type\":\"ImageObject\",\"inLanguage\":\"en-US\",\"@id\":\"https:\/\/inspiratio.ro\/#\/schema\/logo\/image\/\",\"url\":\"https:\/\/inspiratio.ro\/wp-content\/uploads\/2020\/06\/logo-inspiratio.png\",\"contentUrl\":\"https:\/\/inspiratio.ro\/wp-content\/uploads\/2020\/06\/logo-inspiratio.png\",\"width\":232,\"height\":209,\"caption\":\"Inspiratio\"},\"image\":{\"@id\":\"https:\/\/inspiratio.ro\/#\/schema\/logo\/image\/\"},\"sameAs\":[\"https:\/\/www.facebook.com\/inspiratiogiftstudio\/\",\"https:\/\/www.instagram.com\/inspiratio_giftstudio\/\"]}]}<\/script>\n<!-- \/ Yoast SEO plugin. -->","yoast_head_json":{"title":"COT R\u00e2\u0219ni\u021b\u0103 piper - Inspiratio","description":"COT R\u00e2\u0219ni\u021b\u0103 piper","robots":{"index":"index","follow":"follow","max-snippet":"max-snippet:-1","max-image-preview":"max-image-preview:large","max-video-preview":"max-video-preview:-1"},"canonical":"https:\/\/inspiratio.ro\/produs\/cot-rasnita-piper\/","og_locale":"en_US","og_type":"article","og_title":"COT R\u00e2\u0219ni\u021b\u0103 piper - Inspiratio","og_description":"COT R\u00e2\u0219ni\u021b\u0103 piper","og_url":"https:\/\/inspiratio.ro\/produs\/cot-rasnita-piper\/","og_site_name":"Inspiratio","article_publisher":"https:\/\/www.facebook.com\/inspiratiogiftstudio\/","article_modified_time":"2025-05-28T17:12:08+00:00","og_image":[{"width":800,"height":800,"url":"https:\/\/inspiratio.ro\/wp-content\/uploads\/2025\/01\/Untitled-design.png","type":"image\/png"}],"twitter_card":"summary_large_image","twitter_misc":{"Est. reading time":"2 minutes"},"schema":{"@context":"https:\/\/schema.org","@graph":[{"@type":"WebPage","@id":"https:\/\/inspiratio.ro\/produs\/cot-rasnita-piper\/","url":"https:\/\/inspiratio.ro\/produs\/cot-rasnita-piper\/","name":"COT R\u00e2\u0219ni\u021b\u0103 piper - Inspiratio","isPartOf":{"@id":"https:\/\/inspiratio.ro\/#website"},"primaryImageOfPage":{"@id":"https:\/\/inspiratio.ro\/produs\/cot-rasnita-piper\/#primaryimage"},"image":{"@id":"https:\/\/inspiratio.ro\/produs\/cot-rasnita-piper\/#primaryimage"},"thumbnailUrl":"https:\/\/inspiratio.ro\/wp-content\/uploads\/2025\/01\/Untitled-design.png","datePublished":"2025-01-12T15:04:48+00:00","dateModified":"2025-05-28T17:12:08+00:00","description":"COT R\u00e2\u0219ni\u021b\u0103 piper","breadcrumb":{"@id":"https:\/\/inspiratio.ro\/produs\/cot-rasnita-piper\/#breadcrumb"},"inLanguage":"en-US","potentialAction":[{"@type":"ReadAction","target":["https:\/\/inspiratio.ro\/produs\/cot-rasnita-piper\/"]}]},{"@type":"ImageObject","inLanguage":"en-US","@id":"https:\/\/inspiratio.ro\/produs\/cot-rasnita-piper\/#primaryimage","url":"https:\/\/inspiratio.ro\/wp-content\/uploads\/2025\/01\/Untitled-design.png","contentUrl":"https:\/\/inspiratio.ro\/wp-content\/uploads\/2025\/01\/Untitled-design.png","width":800,"height":800},{"@type":"BreadcrumbList","@id":"https:\/\/inspiratio.ro\/produs\/cot-rasnita-piper\/#breadcrumb","itemListElement":[{"@type":"ListItem","position":1,"name":"Shop","item":"https:\/\/inspiratio.ro\/magazin-cadouri\/"},{"@type":"ListItem","position":2,"name":"COT R\u00e2\u0219ni\u021b\u0103 piper"}]},{"@type":"WebSite","@id":"https:\/\/inspiratio.ro\/#website","url":"https:\/\/inspiratio.ro\/","name":"Inspiratio","description":"Las\u0103-te purtat de inspira\u021bie","publisher":{"@id":"https:\/\/inspiratio.ro\/#organization"},"potentialAction":[{"@type":"SearchAction","target":{"@type":"EntryPoint","urlTemplate":"https:\/\/inspiratio.ro\/?s={search_term_string}"},"query-input":{"@type":"PropertyValueSpecification","valueRequired":true,"valueName":"search_term_string"}}],"inLanguage":"en-US"},{"@type":"Organization","@id":"https:\/\/inspiratio.ro\/#organization","name":"Inspiratio","url":"https:\/\/inspiratio.ro\/","logo":{"@type":"ImageObject","inLanguage":"en-US","@id":"https:\/\/inspiratio.ro\/#\/schema\/logo\/image\/","url":"https:\/\/inspiratio.ro\/wp-content\/uploads\/2020\/06\/logo-inspiratio.png","contentUrl":"https:\/\/inspiratio.ro\/wp-content\/uploads\/2020\/06\/logo-inspiratio.png","width":232,"height":209,"caption":"Inspiratio"},"image":{"@id":"https:\/\/inspiratio.ro\/#\/schema\/logo\/image\/"},"sameAs":["https:\/\/www.facebook.com\/inspiratiogiftstudio\/","https:\/\/www.instagram.com\/inspiratio_giftstudio\/"]}]}},"brands":[{"id":230,"name":"Construc\u021bii Orgi T\u00e2mpl\u0103rie","slug":"constructii-orgi-tamplarie"}],"_links":{"self":[{"href":"https:\/\/inspiratio.ro\/en\/wp-json\/wp\/v2\/product\/9212","targetHints":{"allow":["GET"]}}],"collection":[{"href":"https:\/\/inspiratio.ro\/en\/wp-json\/wp\/v2\/product"}],"about":[{"href":"https:\/\/inspiratio.ro\/en\/wp-json\/wp\/v2\/types\/product"}],"replies":[{"embeddable":true,"href":"https:\/\/inspiratio.ro\/en\/wp-json\/wp\/v2\/comments?post=9212"}],"wp:featuredmedia":[{"embeddable":true,"href":"https:\/\/inspiratio.ro\/en\/wp-json\/wp\/v2\/media\/9345"}],"wp:attachment":[{"href":"https:\/\/inspiratio.ro\/en\/wp-json\/wp\/v2\/media?parent=9212"}],"wp:term":[{"taxonomy":"pwb-brand","embeddable":true,"href":"https:\/\/inspiratio.ro\/en\/wp-json\/wp\/v2\/pwb-brand?post=9212"},{"taxonomy":"product_brand","embeddable":true,"href":"https:\/\/inspiratio.ro\/en\/wp-json\/wp\/v2\/product_brand?post=9212"},{"taxonomy":"product_cat","embeddable":true,"href":"https:\/\/inspiratio.ro\/en\/wp-json\/wp\/v2\/product_cat?post=9212"},{"taxonomy":"product_tag","embeddable":true,"href":"https:\/\/inspiratio.ro\/en\/wp-json\/wp\/v2\/product_tag?post=9212"}],"curies":[{"name":"wp","href":"https:\/\/api.w.org\/{rel}","templated":true}]}}