{"id":9082,"date":"2024-11-19T15:58:28","date_gmt":"2024-11-19T13:58:28","guid":{"rendered":"https:\/\/inspiratio.ro\/?post_type=product&#038;p=9082"},"modified":"2025-05-28T20:49:26","modified_gmt":"2025-05-28T17:49:26","slug":"irn-apa-sarata","status":"publish","type":"product","link":"https:\/\/inspiratio.ro\/en\/produs\/irn-apa-sarata\/","title":{"rendered":"Ap\u0103 s\u0103rat\u0103"},"content":{"rendered":"<p><strong>Titlu: <\/strong><em>Ap<\/em><em>\u0103 s\u0103rat\u0103<\/em><\/p>\n<p><strong>Dimensiune: <\/strong>80&#215;100 cm<\/p>\n<p><strong>Tehnica: <\/strong>Ulei pe p\u00e2nz\u0103<\/p>\n<p><strong>Pre\u021b: <\/strong>2.500,00 RON<\/p>\n","protected":false},"excerpt":{"rendered":"<p>Titlu: Ap\u0103 s\u0103rat\u0103 Dimensiune: 80&#215;100 cm Tehnica: Ulei pe p\u00e2nz\u0103 Pre\u021b: 2.500,00 RON<\/p>\n","protected":false},"featured_media":9068,"comment_status":"closed","ping_status":"closed","template":"","meta":[],"pwb-brand":[61],"product_brand":[254],"product_cat":[86],"product_tag":[225,226],"class_list":{"0":"post-9082","1":"product","2":"type-product","3":"status-publish","4":"has-post-thumbnail","6":"pwb-brand-atelier-irina-neacsu","7":"product_brand-atelier-irina-neacsu","8":"product_cat-arta","9":"product_tag-irina-neacsu","10":"product_tag-lucrari-originale","12":"first","13":"instock","14":"taxable","15":"shipping-taxable","16":"purchasable","17":"product-type-simple"},"yoast_head":"<!-- This site is optimized with the Yoast SEO plugin v26.9 - https:\/\/yoast.com\/product\/yoast-seo-wordpress\/ -->\n<title>IRN Ap\u0103 s\u0103rat\u0103 - Inspiratio<\/title>\n<meta name=\"description\" content=\"IRN Ap\u0103 s\u0103rat\u0103\" \/>\n<meta name=\"robots\" content=\"index, follow, max-snippet:-1, max-image-preview:large, max-video-preview:-1\" \/>\n<link rel=\"canonical\" href=\"https:\/\/inspiratio.ro\/produs\/irn-apa-sarata\/\" \/>\n<meta property=\"og:locale\" content=\"en_US\" \/>\n<meta property=\"og:type\" content=\"article\" \/>\n<meta property=\"og:title\" content=\"IRN Ap\u0103 s\u0103rat\u0103 - Inspiratio\" \/>\n<meta property=\"og:description\" content=\"IRN Ap\u0103 s\u0103rat\u0103\" \/>\n<meta property=\"og:url\" content=\"https:\/\/inspiratio.ro\/produs\/irn-apa-sarata\/\" \/>\n<meta property=\"og:site_name\" content=\"Inspiratio\" \/>\n<meta property=\"article:publisher\" content=\"https:\/\/www.facebook.com\/inspiratiogiftstudio\/\" \/>\n<meta property=\"article:modified_time\" content=\"2025-05-28T17:49:26+00:00\" \/>\n<meta property=\"og:image\" content=\"https:\/\/inspiratio.ro\/wp-content\/uploads\/2024\/11\/IMG_5194.png\" \/>\n\t<meta property=\"og:image:width\" content=\"1080\" \/>\n\t<meta property=\"og:image:height\" content=\"1080\" \/>\n\t<meta property=\"og:image:type\" content=\"image\/png\" \/>\n<meta name=\"twitter:card\" content=\"summary_large_image\" \/>\n<meta name=\"twitter:label1\" content=\"Est. reading time\" \/>\n\t<meta name=\"twitter:data1\" content=\"1 minute\" \/>\n<script type=\"application\/ld+json\" class=\"yoast-schema-graph\">{\"@context\":\"https:\/\/schema.org\",\"@graph\":[{\"@type\":\"WebPage\",\"@id\":\"https:\/\/inspiratio.ro\/produs\/irn-apa-sarata\/\",\"url\":\"https:\/\/inspiratio.ro\/produs\/irn-apa-sarata\/\",\"name\":\"IRN Ap\u0103 s\u0103rat\u0103 - Inspiratio\",\"isPartOf\":{\"@id\":\"https:\/\/inspiratio.ro\/#website\"},\"primaryImageOfPage\":{\"@id\":\"https:\/\/inspiratio.ro\/produs\/irn-apa-sarata\/#primaryimage\"},\"image\":{\"@id\":\"https:\/\/inspiratio.ro\/produs\/irn-apa-sarata\/#primaryimage\"},\"thumbnailUrl\":\"https:\/\/inspiratio.ro\/wp-content\/uploads\/2024\/11\/IMG_5194.png\",\"datePublished\":\"2024-11-19T13:58:28+00:00\",\"dateModified\":\"2025-05-28T17:49:26+00:00\",\"description\":\"IRN Ap\u0103 s\u0103rat\u0103\",\"breadcrumb\":{\"@id\":\"https:\/\/inspiratio.ro\/produs\/irn-apa-sarata\/#breadcrumb\"},\"inLanguage\":\"en-US\",\"potentialAction\":[{\"@type\":\"ReadAction\",\"target\":[\"https:\/\/inspiratio.ro\/produs\/irn-apa-sarata\/\"]}]},{\"@type\":\"ImageObject\",\"inLanguage\":\"en-US\",\"@id\":\"https:\/\/inspiratio.ro\/produs\/irn-apa-sarata\/#primaryimage\",\"url\":\"https:\/\/inspiratio.ro\/wp-content\/uploads\/2024\/11\/IMG_5194.png\",\"contentUrl\":\"https:\/\/inspiratio.ro\/wp-content\/uploads\/2024\/11\/IMG_5194.png\",\"width\":1080,\"height\":1080},{\"@type\":\"BreadcrumbList\",\"@id\":\"https:\/\/inspiratio.ro\/produs\/irn-apa-sarata\/#breadcrumb\",\"itemListElement\":[{\"@type\":\"ListItem\",\"position\":1,\"name\":\"Shop\",\"item\":\"https:\/\/inspiratio.ro\/magazin-cadouri\/\"},{\"@type\":\"ListItem\",\"position\":2,\"name\":\"IRN Ap\u0103 s\u0103rat\u0103\"}]},{\"@type\":\"WebSite\",\"@id\":\"https:\/\/inspiratio.ro\/#website\",\"url\":\"https:\/\/inspiratio.ro\/\",\"name\":\"Inspiratio\",\"description\":\"Las\u0103-te purtat de inspira\u021bie\",\"publisher\":{\"@id\":\"https:\/\/inspiratio.ro\/#organization\"},\"potentialAction\":[{\"@type\":\"SearchAction\",\"target\":{\"@type\":\"EntryPoint\",\"urlTemplate\":\"https:\/\/inspiratio.ro\/?s={search_term_string}\"},\"query-input\":{\"@type\":\"PropertyValueSpecification\",\"valueRequired\":true,\"valueName\":\"search_term_string\"}}],\"inLanguage\":\"en-US\"},{\"@type\":\"Organization\",\"@id\":\"https:\/\/inspiratio.ro\/#organization\",\"name\":\"Inspiratio\",\"url\":\"https:\/\/inspiratio.ro\/\",\"logo\":{\"@type\":\"ImageObject\",\"inLanguage\":\"en-US\",\"@id\":\"https:\/\/inspiratio.ro\/#\/schema\/logo\/image\/\",\"url\":\"https:\/\/inspiratio.ro\/wp-content\/uploads\/2020\/06\/logo-inspiratio.png\",\"contentUrl\":\"https:\/\/inspiratio.ro\/wp-content\/uploads\/2020\/06\/logo-inspiratio.png\",\"width\":232,\"height\":209,\"caption\":\"Inspiratio\"},\"image\":{\"@id\":\"https:\/\/inspiratio.ro\/#\/schema\/logo\/image\/\"},\"sameAs\":[\"https:\/\/www.facebook.com\/inspiratiogiftstudio\/\",\"https:\/\/www.instagram.com\/inspiratio_giftstudio\/\"]}]}<\/script>\n<!-- \/ Yoast SEO plugin. -->","yoast_head_json":{"title":"IRN Ap\u0103 s\u0103rat\u0103 - Inspiratio","description":"IRN Ap\u0103 s\u0103rat\u0103","robots":{"index":"index","follow":"follow","max-snippet":"max-snippet:-1","max-image-preview":"max-image-preview:large","max-video-preview":"max-video-preview:-1"},"canonical":"https:\/\/inspiratio.ro\/produs\/irn-apa-sarata\/","og_locale":"en_US","og_type":"article","og_title":"IRN Ap\u0103 s\u0103rat\u0103 - Inspiratio","og_description":"IRN Ap\u0103 s\u0103rat\u0103","og_url":"https:\/\/inspiratio.ro\/produs\/irn-apa-sarata\/","og_site_name":"Inspiratio","article_publisher":"https:\/\/www.facebook.com\/inspiratiogiftstudio\/","article_modified_time":"2025-05-28T17:49:26+00:00","og_image":[{"width":1080,"height":1080,"url":"https:\/\/inspiratio.ro\/wp-content\/uploads\/2024\/11\/IMG_5194.png","type":"image\/png"}],"twitter_card":"summary_large_image","twitter_misc":{"Est. reading time":"1 minute"},"schema":{"@context":"https:\/\/schema.org","@graph":[{"@type":"WebPage","@id":"https:\/\/inspiratio.ro\/produs\/irn-apa-sarata\/","url":"https:\/\/inspiratio.ro\/produs\/irn-apa-sarata\/","name":"IRN Ap\u0103 s\u0103rat\u0103 - Inspiratio","isPartOf":{"@id":"https:\/\/inspiratio.ro\/#website"},"primaryImageOfPage":{"@id":"https:\/\/inspiratio.ro\/produs\/irn-apa-sarata\/#primaryimage"},"image":{"@id":"https:\/\/inspiratio.ro\/produs\/irn-apa-sarata\/#primaryimage"},"thumbnailUrl":"https:\/\/inspiratio.ro\/wp-content\/uploads\/2024\/11\/IMG_5194.png","datePublished":"2024-11-19T13:58:28+00:00","dateModified":"2025-05-28T17:49:26+00:00","description":"IRN Ap\u0103 s\u0103rat\u0103","breadcrumb":{"@id":"https:\/\/inspiratio.ro\/produs\/irn-apa-sarata\/#breadcrumb"},"inLanguage":"en-US","potentialAction":[{"@type":"ReadAction","target":["https:\/\/inspiratio.ro\/produs\/irn-apa-sarata\/"]}]},{"@type":"ImageObject","inLanguage":"en-US","@id":"https:\/\/inspiratio.ro\/produs\/irn-apa-sarata\/#primaryimage","url":"https:\/\/inspiratio.ro\/wp-content\/uploads\/2024\/11\/IMG_5194.png","contentUrl":"https:\/\/inspiratio.ro\/wp-content\/uploads\/2024\/11\/IMG_5194.png","width":1080,"height":1080},{"@type":"BreadcrumbList","@id":"https:\/\/inspiratio.ro\/produs\/irn-apa-sarata\/#breadcrumb","itemListElement":[{"@type":"ListItem","position":1,"name":"Shop","item":"https:\/\/inspiratio.ro\/magazin-cadouri\/"},{"@type":"ListItem","position":2,"name":"IRN Ap\u0103 s\u0103rat\u0103"}]},{"@type":"WebSite","@id":"https:\/\/inspiratio.ro\/#website","url":"https:\/\/inspiratio.ro\/","name":"Inspiratio","description":"Las\u0103-te purtat de inspira\u021bie","publisher":{"@id":"https:\/\/inspiratio.ro\/#organization"},"potentialAction":[{"@type":"SearchAction","target":{"@type":"EntryPoint","urlTemplate":"https:\/\/inspiratio.ro\/?s={search_term_string}"},"query-input":{"@type":"PropertyValueSpecification","valueRequired":true,"valueName":"search_term_string"}}],"inLanguage":"en-US"},{"@type":"Organization","@id":"https:\/\/inspiratio.ro\/#organization","name":"Inspiratio","url":"https:\/\/inspiratio.ro\/","logo":{"@type":"ImageObject","inLanguage":"en-US","@id":"https:\/\/inspiratio.ro\/#\/schema\/logo\/image\/","url":"https:\/\/inspiratio.ro\/wp-content\/uploads\/2020\/06\/logo-inspiratio.png","contentUrl":"https:\/\/inspiratio.ro\/wp-content\/uploads\/2020\/06\/logo-inspiratio.png","width":232,"height":209,"caption":"Inspiratio"},"image":{"@id":"https:\/\/inspiratio.ro\/#\/schema\/logo\/image\/"},"sameAs":["https:\/\/www.facebook.com\/inspiratiogiftstudio\/","https:\/\/www.instagram.com\/inspiratio_giftstudio\/"]}]}},"brands":[{"id":61,"name":"Atelier Irina Neac\u0219u","slug":"atelier-irina-neacsu"}],"_links":{"self":[{"href":"https:\/\/inspiratio.ro\/en\/wp-json\/wp\/v2\/product\/9082","targetHints":{"allow":["GET"]}}],"collection":[{"href":"https:\/\/inspiratio.ro\/en\/wp-json\/wp\/v2\/product"}],"about":[{"href":"https:\/\/inspiratio.ro\/en\/wp-json\/wp\/v2\/types\/product"}],"replies":[{"embeddable":true,"href":"https:\/\/inspiratio.ro\/en\/wp-json\/wp\/v2\/comments?post=9082"}],"wp:featuredmedia":[{"embeddable":true,"href":"https:\/\/inspiratio.ro\/en\/wp-json\/wp\/v2\/media\/9068"}],"wp:attachment":[{"href":"https:\/\/inspiratio.ro\/en\/wp-json\/wp\/v2\/media?parent=9082"}],"wp:term":[{"taxonomy":"pwb-brand","embeddable":true,"href":"https:\/\/inspiratio.ro\/en\/wp-json\/wp\/v2\/pwb-brand?post=9082"},{"taxonomy":"product_brand","embeddable":true,"href":"https:\/\/inspiratio.ro\/en\/wp-json\/wp\/v2\/product_brand?post=9082"},{"taxonomy":"product_cat","embeddable":true,"href":"https:\/\/inspiratio.ro\/en\/wp-json\/wp\/v2\/product_cat?post=9082"},{"taxonomy":"product_tag","embeddable":true,"href":"https:\/\/inspiratio.ro\/en\/wp-json\/wp\/v2\/product_tag?post=9082"}],"curies":[{"name":"wp","href":"https:\/\/api.w.org\/{rel}","templated":true}]}}