{"id":9009,"date":"2024-11-08T20:15:50","date_gmt":"2024-11-08T18:15:50","guid":{"rendered":"https:\/\/inspiratio.ro\/?post_type=product&#038;p=9009"},"modified":"2025-05-28T19:41:34","modified_gmt":"2025-05-28T16:41:34","slug":"arc-colier-cu-lana-si-portelan","status":"publish","type":"product","link":"https:\/\/inspiratio.ro\/en\/produs\/arc-colier-cu-lana-si-portelan\/","title":{"rendered":"Colier cu l\u00e2n\u0103 \u0219i por\u021belan"},"content":{"rendered":"<h4>Andreia Sabo,<\/h4>\n<p>artista ginga\u0219\u0103, plin\u0103 de bl\u00e2nde\u021be \u0219i candoare, din spatele brand-ului Argilum, ne transmite urm\u0103toarele despre rela\u021bia sa cu ceramica:<\/p>\n<blockquote><p><em>\u201dCeramica am descoperit-o t\u00e2rziu, iar Argilum s-a n\u0103scut \u00eentr-un or\u0103\u0219el cochet de l\u00e2ng\u0103 Cluj-Napoca, \u00eembr\u0103\u021bi\u0219at de dealuri line \u0219i Some\u0219.<\/em><\/p>\n<p><em>\u00cemi place maleabilitatea ceramicii, elasticitatea ei care \u00eemi permite s\u0103 transform o simpl\u0103 bucat\u0103 de lut \u00eentr-o infinitate de forme. Fiecare pies\u0103 creat\u0103 este o expresie a g\u00e2ndurilor, a emo\u021biilor \u0219i a mesajelor pe care vreau s\u0103 le transmit. Provocarea real\u0103 const\u0103 \u00een a g\u0103si acea form\u0103 unic\u0103 care s\u0103 \u00eenchid\u0103 un concept profund, un sentiment subtil sau o poveste, oferind celor care o privesc posibilitatea de a descifra \u0219i interpreta.&#8221;<\/em> \u2665<\/p><\/blockquote>\n<p>&nbsp;<\/p>\n<h4>Colier cu l\u00e2n\u0103 \u0219i por\u021belan<\/h4>\n<p>Este o colaborare a dou\u0103 artiste. Partea de l\u00e2n\u0103 este realizat\u0103 manual din l\u00e2n\u0103 de c\u0103tre Raluca \u021ainc\u0103, iar detaliu din por\u021belan este realizat de Andreia Sabo. Acest detaliu este realizat din por\u021belan pictat cu aur.<\/p>\n<p>Dimensiunile, colierului de l\u00e2n\u0103 cu detaliul din por\u021belan, variaz\u0103 ca lungime, aceasta fiind \u00eentre 44 \u0219i 50 cm.<\/p>\n<hr \/>\n<p>La INSPIRATIO stocurile sunt mereu reduse pentru c\u0103 lucr\u0103m cu artizani \u0219i designeri care manufactureaz\u0103 fiecare produs \u00een parte.<\/p>\n<p>Av\u00e2nd \u00een vedere diversitatea modelelor \u0219i culorilor disponibile \u00een magazin, v\u0103 rug\u0103m s\u0103 ne contacta\u021bi telefonic\/Whatsapp pentru a v\u0103 putea sprijini \u00een alegerea produsului dorit.<\/p>\n","protected":false},"excerpt":{"rendered":"<p>Andreia Sabo, artista ginga\u0219\u0103, plin\u0103 de bl\u00e2nde\u021be \u0219i candoare, din spatele brand-ului Argilum, ne transmite urm\u0103toarele despre rela\u021bia sa cu ceramica: \u201dCeramica am descoperit-o t\u00e2rziu, iar Argilum s-a n\u0103scut \u00eentr-un or\u0103\u0219el cochet de l\u00e2ng\u0103 Cluj-Napoca, \u00eembr\u0103\u021bi\u0219at de dealuri line \u0219i Some\u0219. \u00cemi place maleabilitatea ceramicii, elasticitatea ei care \u00eemi permite s\u0103 transform o simpl\u0103 bucat\u0103 [&hellip;]<\/p>\n","protected":false},"featured_media":9016,"comment_status":"closed","ping_status":"closed","template":"","meta":[],"pwb-brand":[222],"product_brand":[245],"product_cat":[116,87,18],"product_tag":[224,223],"class_list":{"0":"post-9009","1":"product","2":"type-product","3":"status-publish","4":"has-post-thumbnail","6":"pwb-brand-argilum","7":"product_brand-argilum","8":"product_cat-seturi-cadou","9":"product_cat-to-wear","10":"product_cat-bijuterie-contemporana","11":"product_tag-andreia-sabo","12":"product_tag-argilum","14":"first","15":"instock","16":"taxable","17":"shipping-taxable","18":"purchasable","19":"product-type-simple"},"yoast_head":"<!-- This site is optimized with the Yoast SEO plugin v26.9 - https:\/\/yoast.com\/product\/yoast-seo-wordpress\/ -->\n<title>ARC Colier cu l\u00e2n\u0103 \u0219i por\u021belan - Inspiratio<\/title>\n<meta name=\"description\" content=\"ARC Colier cu l\u00e2n\u0103 \u0219i por\u021belan\" \/>\n<meta name=\"robots\" content=\"index, follow, max-snippet:-1, max-image-preview:large, max-video-preview:-1\" \/>\n<link rel=\"canonical\" href=\"https:\/\/inspiratio.ro\/produs\/arc-colier-cu-lana-si-portelan\/\" \/>\n<meta property=\"og:locale\" content=\"en_US\" \/>\n<meta property=\"og:type\" content=\"article\" \/>\n<meta property=\"og:title\" content=\"ARC Colier cu l\u00e2n\u0103 \u0219i por\u021belan - Inspiratio\" \/>\n<meta property=\"og:description\" content=\"ARC Colier cu l\u00e2n\u0103 \u0219i por\u021belan\" \/>\n<meta property=\"og:url\" content=\"https:\/\/inspiratio.ro\/produs\/arc-colier-cu-lana-si-portelan\/\" \/>\n<meta property=\"og:site_name\" content=\"Inspiratio\" \/>\n<meta property=\"article:publisher\" content=\"https:\/\/www.facebook.com\/inspiratiogiftstudio\/\" \/>\n<meta property=\"article:modified_time\" content=\"2025-05-28T16:41:34+00:00\" \/>\n<meta property=\"og:image\" content=\"https:\/\/inspiratio.ro\/wp-content\/uploads\/2024\/11\/369631994_1018320822948517_6651225878488197126_n.jpg\" \/>\n\t<meta property=\"og:image:width\" content=\"1536\" \/>\n\t<meta property=\"og:image:height\" content=\"2048\" \/>\n\t<meta property=\"og:image:type\" content=\"image\/jpeg\" \/>\n<meta name=\"twitter:card\" content=\"summary_large_image\" \/>\n<meta name=\"twitter:label1\" content=\"Est. reading time\" \/>\n\t<meta name=\"twitter:data1\" content=\"1 minute\" \/>\n<script type=\"application\/ld+json\" class=\"yoast-schema-graph\">{\"@context\":\"https:\/\/schema.org\",\"@graph\":[{\"@type\":\"WebPage\",\"@id\":\"https:\/\/inspiratio.ro\/produs\/arc-colier-cu-lana-si-portelan\/\",\"url\":\"https:\/\/inspiratio.ro\/produs\/arc-colier-cu-lana-si-portelan\/\",\"name\":\"ARC Colier cu l\u00e2n\u0103 \u0219i por\u021belan - Inspiratio\",\"isPartOf\":{\"@id\":\"https:\/\/inspiratio.ro\/#website\"},\"primaryImageOfPage\":{\"@id\":\"https:\/\/inspiratio.ro\/produs\/arc-colier-cu-lana-si-portelan\/#primaryimage\"},\"image\":{\"@id\":\"https:\/\/inspiratio.ro\/produs\/arc-colier-cu-lana-si-portelan\/#primaryimage\"},\"thumbnailUrl\":\"https:\/\/inspiratio.ro\/wp-content\/uploads\/2024\/11\/369631994_1018320822948517_6651225878488197126_n.jpg\",\"datePublished\":\"2024-11-08T18:15:50+00:00\",\"dateModified\":\"2025-05-28T16:41:34+00:00\",\"description\":\"ARC Colier cu l\u00e2n\u0103 \u0219i por\u021belan\",\"breadcrumb\":{\"@id\":\"https:\/\/inspiratio.ro\/produs\/arc-colier-cu-lana-si-portelan\/#breadcrumb\"},\"inLanguage\":\"en-US\",\"potentialAction\":[{\"@type\":\"ReadAction\",\"target\":[\"https:\/\/inspiratio.ro\/produs\/arc-colier-cu-lana-si-portelan\/\"]}]},{\"@type\":\"ImageObject\",\"inLanguage\":\"en-US\",\"@id\":\"https:\/\/inspiratio.ro\/produs\/arc-colier-cu-lana-si-portelan\/#primaryimage\",\"url\":\"https:\/\/inspiratio.ro\/wp-content\/uploads\/2024\/11\/369631994_1018320822948517_6651225878488197126_n.jpg\",\"contentUrl\":\"https:\/\/inspiratio.ro\/wp-content\/uploads\/2024\/11\/369631994_1018320822948517_6651225878488197126_n.jpg\",\"width\":1536,\"height\":2048},{\"@type\":\"BreadcrumbList\",\"@id\":\"https:\/\/inspiratio.ro\/produs\/arc-colier-cu-lana-si-portelan\/#breadcrumb\",\"itemListElement\":[{\"@type\":\"ListItem\",\"position\":1,\"name\":\"Shop\",\"item\":\"https:\/\/inspiratio.ro\/magazin-cadouri\/\"},{\"@type\":\"ListItem\",\"position\":2,\"name\":\"ARC Colier cu l\u00e2n\u0103 \u0219i por\u021belan\"}]},{\"@type\":\"WebSite\",\"@id\":\"https:\/\/inspiratio.ro\/#website\",\"url\":\"https:\/\/inspiratio.ro\/\",\"name\":\"Inspiratio\",\"description\":\"Las\u0103-te purtat de inspira\u021bie\",\"publisher\":{\"@id\":\"https:\/\/inspiratio.ro\/#organization\"},\"potentialAction\":[{\"@type\":\"SearchAction\",\"target\":{\"@type\":\"EntryPoint\",\"urlTemplate\":\"https:\/\/inspiratio.ro\/?s={search_term_string}\"},\"query-input\":{\"@type\":\"PropertyValueSpecification\",\"valueRequired\":true,\"valueName\":\"search_term_string\"}}],\"inLanguage\":\"en-US\"},{\"@type\":\"Organization\",\"@id\":\"https:\/\/inspiratio.ro\/#organization\",\"name\":\"Inspiratio\",\"url\":\"https:\/\/inspiratio.ro\/\",\"logo\":{\"@type\":\"ImageObject\",\"inLanguage\":\"en-US\",\"@id\":\"https:\/\/inspiratio.ro\/#\/schema\/logo\/image\/\",\"url\":\"https:\/\/inspiratio.ro\/wp-content\/uploads\/2020\/06\/logo-inspiratio.png\",\"contentUrl\":\"https:\/\/inspiratio.ro\/wp-content\/uploads\/2020\/06\/logo-inspiratio.png\",\"width\":232,\"height\":209,\"caption\":\"Inspiratio\"},\"image\":{\"@id\":\"https:\/\/inspiratio.ro\/#\/schema\/logo\/image\/\"},\"sameAs\":[\"https:\/\/www.facebook.com\/inspiratiogiftstudio\/\",\"https:\/\/www.instagram.com\/inspiratio_giftstudio\/\"]}]}<\/script>\n<!-- \/ Yoast SEO plugin. -->","yoast_head_json":{"title":"ARC Colier cu l\u00e2n\u0103 \u0219i por\u021belan - Inspiratio","description":"ARC Colier cu l\u00e2n\u0103 \u0219i por\u021belan","robots":{"index":"index","follow":"follow","max-snippet":"max-snippet:-1","max-image-preview":"max-image-preview:large","max-video-preview":"max-video-preview:-1"},"canonical":"https:\/\/inspiratio.ro\/produs\/arc-colier-cu-lana-si-portelan\/","og_locale":"en_US","og_type":"article","og_title":"ARC Colier cu l\u00e2n\u0103 \u0219i por\u021belan - Inspiratio","og_description":"ARC Colier cu l\u00e2n\u0103 \u0219i por\u021belan","og_url":"https:\/\/inspiratio.ro\/produs\/arc-colier-cu-lana-si-portelan\/","og_site_name":"Inspiratio","article_publisher":"https:\/\/www.facebook.com\/inspiratiogiftstudio\/","article_modified_time":"2025-05-28T16:41:34+00:00","og_image":[{"width":1536,"height":2048,"url":"https:\/\/inspiratio.ro\/wp-content\/uploads\/2024\/11\/369631994_1018320822948517_6651225878488197126_n.jpg","type":"image\/jpeg"}],"twitter_card":"summary_large_image","twitter_misc":{"Est. reading time":"1 minute"},"schema":{"@context":"https:\/\/schema.org","@graph":[{"@type":"WebPage","@id":"https:\/\/inspiratio.ro\/produs\/arc-colier-cu-lana-si-portelan\/","url":"https:\/\/inspiratio.ro\/produs\/arc-colier-cu-lana-si-portelan\/","name":"ARC Colier cu l\u00e2n\u0103 \u0219i por\u021belan - Inspiratio","isPartOf":{"@id":"https:\/\/inspiratio.ro\/#website"},"primaryImageOfPage":{"@id":"https:\/\/inspiratio.ro\/produs\/arc-colier-cu-lana-si-portelan\/#primaryimage"},"image":{"@id":"https:\/\/inspiratio.ro\/produs\/arc-colier-cu-lana-si-portelan\/#primaryimage"},"thumbnailUrl":"https:\/\/inspiratio.ro\/wp-content\/uploads\/2024\/11\/369631994_1018320822948517_6651225878488197126_n.jpg","datePublished":"2024-11-08T18:15:50+00:00","dateModified":"2025-05-28T16:41:34+00:00","description":"ARC Colier cu l\u00e2n\u0103 \u0219i por\u021belan","breadcrumb":{"@id":"https:\/\/inspiratio.ro\/produs\/arc-colier-cu-lana-si-portelan\/#breadcrumb"},"inLanguage":"en-US","potentialAction":[{"@type":"ReadAction","target":["https:\/\/inspiratio.ro\/produs\/arc-colier-cu-lana-si-portelan\/"]}]},{"@type":"ImageObject","inLanguage":"en-US","@id":"https:\/\/inspiratio.ro\/produs\/arc-colier-cu-lana-si-portelan\/#primaryimage","url":"https:\/\/inspiratio.ro\/wp-content\/uploads\/2024\/11\/369631994_1018320822948517_6651225878488197126_n.jpg","contentUrl":"https:\/\/inspiratio.ro\/wp-content\/uploads\/2024\/11\/369631994_1018320822948517_6651225878488197126_n.jpg","width":1536,"height":2048},{"@type":"BreadcrumbList","@id":"https:\/\/inspiratio.ro\/produs\/arc-colier-cu-lana-si-portelan\/#breadcrumb","itemListElement":[{"@type":"ListItem","position":1,"name":"Shop","item":"https:\/\/inspiratio.ro\/magazin-cadouri\/"},{"@type":"ListItem","position":2,"name":"ARC Colier cu l\u00e2n\u0103 \u0219i por\u021belan"}]},{"@type":"WebSite","@id":"https:\/\/inspiratio.ro\/#website","url":"https:\/\/inspiratio.ro\/","name":"Inspiratio","description":"Las\u0103-te purtat de inspira\u021bie","publisher":{"@id":"https:\/\/inspiratio.ro\/#organization"},"potentialAction":[{"@type":"SearchAction","target":{"@type":"EntryPoint","urlTemplate":"https:\/\/inspiratio.ro\/?s={search_term_string}"},"query-input":{"@type":"PropertyValueSpecification","valueRequired":true,"valueName":"search_term_string"}}],"inLanguage":"en-US"},{"@type":"Organization","@id":"https:\/\/inspiratio.ro\/#organization","name":"Inspiratio","url":"https:\/\/inspiratio.ro\/","logo":{"@type":"ImageObject","inLanguage":"en-US","@id":"https:\/\/inspiratio.ro\/#\/schema\/logo\/image\/","url":"https:\/\/inspiratio.ro\/wp-content\/uploads\/2020\/06\/logo-inspiratio.png","contentUrl":"https:\/\/inspiratio.ro\/wp-content\/uploads\/2020\/06\/logo-inspiratio.png","width":232,"height":209,"caption":"Inspiratio"},"image":{"@id":"https:\/\/inspiratio.ro\/#\/schema\/logo\/image\/"},"sameAs":["https:\/\/www.facebook.com\/inspiratiogiftstudio\/","https:\/\/www.instagram.com\/inspiratio_giftstudio\/"]}]}},"brands":[{"id":222,"name":"Argilum","slug":"argilum"}],"_links":{"self":[{"href":"https:\/\/inspiratio.ro\/en\/wp-json\/wp\/v2\/product\/9009","targetHints":{"allow":["GET"]}}],"collection":[{"href":"https:\/\/inspiratio.ro\/en\/wp-json\/wp\/v2\/product"}],"about":[{"href":"https:\/\/inspiratio.ro\/en\/wp-json\/wp\/v2\/types\/product"}],"replies":[{"embeddable":true,"href":"https:\/\/inspiratio.ro\/en\/wp-json\/wp\/v2\/comments?post=9009"}],"wp:featuredmedia":[{"embeddable":true,"href":"https:\/\/inspiratio.ro\/en\/wp-json\/wp\/v2\/media\/9016"}],"wp:attachment":[{"href":"https:\/\/inspiratio.ro\/en\/wp-json\/wp\/v2\/media?parent=9009"}],"wp:term":[{"taxonomy":"pwb-brand","embeddable":true,"href":"https:\/\/inspiratio.ro\/en\/wp-json\/wp\/v2\/pwb-brand?post=9009"},{"taxonomy":"product_brand","embeddable":true,"href":"https:\/\/inspiratio.ro\/en\/wp-json\/wp\/v2\/product_brand?post=9009"},{"taxonomy":"product_cat","embeddable":true,"href":"https:\/\/inspiratio.ro\/en\/wp-json\/wp\/v2\/product_cat?post=9009"},{"taxonomy":"product_tag","embeddable":true,"href":"https:\/\/inspiratio.ro\/en\/wp-json\/wp\/v2\/product_tag?post=9009"}],"curies":[{"name":"wp","href":"https:\/\/api.w.org\/{rel}","templated":true}]}}