{"id":8914,"date":"2024-09-29T20:01:58","date_gmt":"2024-09-29T17:01:58","guid":{"rendered":"https:\/\/inspiratio.ro\/?post_type=product&#038;p=8914"},"modified":"2025-09-19T18:22:03","modified_gmt":"2025-09-19T15:22:03","slug":"mds-ie-maneca-lunga","status":"publish","type":"product","link":"https:\/\/inspiratio.ro\/en\/produs\/mds-ie-maneca-lunga\/","title":{"rendered":"Ie m\u00e2nec\u0103 lung\u0103"},"content":{"rendered":"<h4>Me\u0219te\u0219ugul dus la nivel de art\u0103<\/h4>\n<p>La fel ca \u00een toate col\u021burile lumii, femeile din spa\u021biul rom\u00e2nesc au cusut \u0219i \u021besut, transfer\u00e2nd me\u0219te\u0219ugurile de la o genera\u021bie c\u0103tre urm\u0103toarea \u0219i astfel ornamentica tradi\u021bional\u0103 a ajuns \u00een zilele noastre. Au f\u0103cut acest lucru ca s\u0103 \u00ee\u0219i acopere corpul cu ve\u0219minte, pentru a \u00eel feri de frig \u0219i soare, dar \u0219i ca s\u0103 transmit\u0103 celor din jur informa\u021bii despre ele. Respectiv, din ce zon\u0103 sunt, ce v\u00e2rst\u0103 au, dac\u0103 sunt fete, femei m\u0103ritate sau v\u0103duve.<\/p>\n<p>Totodat\u0103, \u00eendeletnicirile acestea au constituit \u0219i mijloc de subzisten\u021b\u0103 \u0219i un act artistic, contribuind astfel la mo\u0219tenirea cultural\u0103 a fiec\u0103rei \u021b\u0103ri \u0219i la cea comun\u0103, universal\u0103. Dezvoltarea cus\u0103turilor ornamentale a dus la diferen\u021bierea \u00eentre zone \u0219i la conturarea caracterului na\u021bional propriu. Chiar dac\u0103 societatea modern\u0103 are la dispozi\u021bie mijloace mecanice de realizare a acestor opera\u021bii este foarte important ca me\u0219te\u0219ugurile s\u0103 se perpetueze pentru c\u0103 ele sunt o parte component\u0103 a patrimoniului imaterial al unui neam.<\/p>\n<h4>IA<\/h4>\n<p>Piesa de baz\u0103 a costumului popular femeiesc este c\u0103ma\u015fa, cunoscut\u0103 \u0219i drept ie. Bluza femeiasc\u0103 caracteristic\u0103 portului na\u021bional rom\u00e2nesc are diverse denumiri, func\u021bie de zona de provenien\u021b\u0103. Ea se confec\u021bioneaz\u0103 din p\u00e2nz\u0103 alb\u0103 de bumbac, de in sau de borangic \u0219i este \u00eempodobit\u0103 prin cus\u0103turi decorative la g\u00e2t, la piept \u0219i la m\u00e2neci, de obicei \u00een motive geometrice.<\/p>\n<p>Ii-le din giftshop-ul INSPIRATIO sunt confec\u021bionate din p\u00e2nz\u0103 topit\u0103 clasic\u0103, moale \u0219i delicat\u0103, realizat\u0103 100% din bumbac, cu o textur\u0103 pl\u0103cut\u0103, perfect\u0103 pentru a fi explorat\u0103 \u00een nenum\u0103rate moduri. Acestea ofer\u0103 o transparen\u021b\u0103 moderat\u0103 \u0219i un confort deosebit.<\/p>\n<p>Cus\u0103turile executate manual, cu m\u0103tase vegetal\u0103, \u00een punctele \u201e\u00cen cruci\u201d , \u201eLa fir\u201d \u0219i \u201eBroderie spart\u0103\u201d, confer\u0103 iei delicate\u021be.<\/p>\n<p>Se recomand\u0103 sp\u0103larea manual\u0103 pentru e evita deteriorarea cus\u0103turilor.<\/p>\n<p>Pot fi accesorizate cu fuste sau pantaloni uni \u0219i se pot purta cu sau f\u0103r\u0103 br\u00e2u \u021besut ori cordon din piele. La g\u00e2t au cre\u021b lucrat manual, acesta le d\u0103 lejeritate \u0219i face iile purtabile at\u00e2t str\u00e2nse la g\u00e2t, c\u00e2t \u0219i decoltate.<\/p>\n<p>Motivele \u0219i simbolurile utilizate pentru ornamentarea iilor sunt reprezent\u0103ri solare, fitomorfe, romburi, Calea Ocolit\u0103, Creasta Coco\u0219ului. Tivul este lucrat de m\u00e2n\u0103, \u00een tehnica ajur.<\/p>\n<p><strong>I \u0219i A sunt prima \u0219i ultima liter\u0103 din cuv\u00e2ntul INIMA!<\/strong><\/p>\n<p>&nbsp;<\/p>\n<p>La INSPIRATIO stocurile sunt mereu reduse pentru c\u0103 lucr\u0103m cu artizani \u0219i designeri care manufactureaz\u0103 fiecare produs \u00een parte.<\/p>\n<p>Av\u00e2nd \u00een vedere diversitatea modelelor \u0219i culorilor disponibile \u00een magazin, v\u0103 rug\u0103m s\u0103 ne contacta\u021bi telefonic\/Whatsapp pentru a v\u0103 putea sprijini \u00een alegerea produsului dorit.<\/p>\n","protected":false},"excerpt":{"rendered":"<p>Me\u0219te\u0219ugul dus la nivel de art\u0103 La fel ca \u00een toate col\u021burile lumii, femeile din spa\u021biul rom\u00e2nesc au cusut \u0219i \u021besut, transfer\u00e2nd me\u0219te\u0219ugurile de la o genera\u021bie c\u0103tre urm\u0103toarea \u0219i astfel ornamentica tradi\u021bional\u0103 a ajuns \u00een zilele noastre. Au f\u0103cut acest lucru ca s\u0103 \u00ee\u0219i acopere corpul cu ve\u0219minte, pentru a \u00eel feri de frig [&hellip;]<\/p>\n","protected":false},"featured_media":9472,"comment_status":"closed","ping_status":"closed","template":"","meta":[],"pwb-brand":[],"product_brand":[],"product_cat":[87,17,63],"product_tag":[215],"class_list":{"0":"post-8914","1":"product","2":"type-product","3":"status-publish","4":"has-post-thumbnail","6":"product_cat-to-wear","7":"product_cat-haine-si-accesorii","8":"product_cat-suveniruri-transilvania","9":"product_tag-ie","11":"first","12":"outofstock","13":"taxable","14":"shipping-taxable","15":"purchasable","16":"product-type-simple"},"yoast_head":"<!-- This site is optimized with the Yoast SEO plugin v26.9 - https:\/\/yoast.com\/product\/yoast-seo-wordpress\/ -->\n<title>MDS Ie m\u00e2nec\u0103 lung\u0103 - Inspiratio<\/title>\n<meta name=\"description\" content=\"MDS Ie m\u00e2nec\u0103 lung\u0103\" \/>\n<meta name=\"robots\" content=\"index, follow, max-snippet:-1, max-image-preview:large, max-video-preview:-1\" \/>\n<link rel=\"canonical\" href=\"https:\/\/inspiratio.ro\/produs\/mds-ie-maneca-lunga\/\" \/>\n<meta property=\"og:locale\" content=\"en_US\" \/>\n<meta property=\"og:type\" content=\"article\" \/>\n<meta property=\"og:title\" content=\"MDS Ie m\u00e2nec\u0103 lung\u0103 - Inspiratio\" \/>\n<meta property=\"og:description\" content=\"MDS Ie m\u00e2nec\u0103 lung\u0103\" \/>\n<meta property=\"og:url\" content=\"https:\/\/inspiratio.ro\/produs\/mds-ie-maneca-lunga\/\" \/>\n<meta property=\"og:site_name\" content=\"Inspiratio\" \/>\n<meta property=\"article:publisher\" content=\"https:\/\/www.facebook.com\/inspiratiogiftstudio\/\" \/>\n<meta property=\"article:modified_time\" content=\"2025-09-19T15:22:03+00:00\" \/>\n<meta property=\"og:image\" content=\"https:\/\/inspiratio.ro\/wp-content\/uploads\/2024\/09\/Untitled-design4.jpg\" \/>\n\t<meta property=\"og:image:width\" content=\"800\" \/>\n\t<meta property=\"og:image:height\" content=\"800\" \/>\n\t<meta property=\"og:image:type\" content=\"image\/jpeg\" \/>\n<meta name=\"twitter:card\" content=\"summary_large_image\" \/>\n<meta name=\"twitter:label1\" content=\"Est. reading time\" \/>\n\t<meta name=\"twitter:data1\" content=\"3 minutes\" \/>\n<script type=\"application\/ld+json\" class=\"yoast-schema-graph\">{\"@context\":\"https:\/\/schema.org\",\"@graph\":[{\"@type\":\"WebPage\",\"@id\":\"https:\/\/inspiratio.ro\/produs\/mds-ie-maneca-lunga\/\",\"url\":\"https:\/\/inspiratio.ro\/produs\/mds-ie-maneca-lunga\/\",\"name\":\"MDS Ie m\u00e2nec\u0103 lung\u0103 - Inspiratio\",\"isPartOf\":{\"@id\":\"https:\/\/inspiratio.ro\/#website\"},\"primaryImageOfPage\":{\"@id\":\"https:\/\/inspiratio.ro\/produs\/mds-ie-maneca-lunga\/#primaryimage\"},\"image\":{\"@id\":\"https:\/\/inspiratio.ro\/produs\/mds-ie-maneca-lunga\/#primaryimage\"},\"thumbnailUrl\":\"https:\/\/inspiratio.ro\/wp-content\/uploads\/2024\/09\/Untitled-design4.jpg\",\"datePublished\":\"2024-09-29T17:01:58+00:00\",\"dateModified\":\"2025-09-19T15:22:03+00:00\",\"description\":\"MDS Ie m\u00e2nec\u0103 lung\u0103\",\"breadcrumb\":{\"@id\":\"https:\/\/inspiratio.ro\/produs\/mds-ie-maneca-lunga\/#breadcrumb\"},\"inLanguage\":\"en-US\",\"potentialAction\":[{\"@type\":\"ReadAction\",\"target\":[\"https:\/\/inspiratio.ro\/produs\/mds-ie-maneca-lunga\/\"]}]},{\"@type\":\"ImageObject\",\"inLanguage\":\"en-US\",\"@id\":\"https:\/\/inspiratio.ro\/produs\/mds-ie-maneca-lunga\/#primaryimage\",\"url\":\"https:\/\/inspiratio.ro\/wp-content\/uploads\/2024\/09\/Untitled-design4.jpg\",\"contentUrl\":\"https:\/\/inspiratio.ro\/wp-content\/uploads\/2024\/09\/Untitled-design4.jpg\",\"width\":800,\"height\":800},{\"@type\":\"BreadcrumbList\",\"@id\":\"https:\/\/inspiratio.ro\/produs\/mds-ie-maneca-lunga\/#breadcrumb\",\"itemListElement\":[{\"@type\":\"ListItem\",\"position\":1,\"name\":\"Shop\",\"item\":\"https:\/\/inspiratio.ro\/magazin-cadouri\/\"},{\"@type\":\"ListItem\",\"position\":2,\"name\":\"MDS Ie m\u00e2nec\u0103 lung\u0103\"}]},{\"@type\":\"WebSite\",\"@id\":\"https:\/\/inspiratio.ro\/#website\",\"url\":\"https:\/\/inspiratio.ro\/\",\"name\":\"Inspiratio\",\"description\":\"Las\u0103-te purtat de inspira\u021bie\",\"publisher\":{\"@id\":\"https:\/\/inspiratio.ro\/#organization\"},\"potentialAction\":[{\"@type\":\"SearchAction\",\"target\":{\"@type\":\"EntryPoint\",\"urlTemplate\":\"https:\/\/inspiratio.ro\/?s={search_term_string}\"},\"query-input\":{\"@type\":\"PropertyValueSpecification\",\"valueRequired\":true,\"valueName\":\"search_term_string\"}}],\"inLanguage\":\"en-US\"},{\"@type\":\"Organization\",\"@id\":\"https:\/\/inspiratio.ro\/#organization\",\"name\":\"Inspiratio\",\"url\":\"https:\/\/inspiratio.ro\/\",\"logo\":{\"@type\":\"ImageObject\",\"inLanguage\":\"en-US\",\"@id\":\"https:\/\/inspiratio.ro\/#\/schema\/logo\/image\/\",\"url\":\"https:\/\/inspiratio.ro\/wp-content\/uploads\/2020\/06\/logo-inspiratio.png\",\"contentUrl\":\"https:\/\/inspiratio.ro\/wp-content\/uploads\/2020\/06\/logo-inspiratio.png\",\"width\":232,\"height\":209,\"caption\":\"Inspiratio\"},\"image\":{\"@id\":\"https:\/\/inspiratio.ro\/#\/schema\/logo\/image\/\"},\"sameAs\":[\"https:\/\/www.facebook.com\/inspiratiogiftstudio\/\",\"https:\/\/www.instagram.com\/inspiratio_giftstudio\/\"]}]}<\/script>\n<!-- \/ Yoast SEO plugin. -->","yoast_head_json":{"title":"MDS Ie m\u00e2nec\u0103 lung\u0103 - Inspiratio","description":"MDS Ie m\u00e2nec\u0103 lung\u0103","robots":{"index":"index","follow":"follow","max-snippet":"max-snippet:-1","max-image-preview":"max-image-preview:large","max-video-preview":"max-video-preview:-1"},"canonical":"https:\/\/inspiratio.ro\/produs\/mds-ie-maneca-lunga\/","og_locale":"en_US","og_type":"article","og_title":"MDS Ie m\u00e2nec\u0103 lung\u0103 - Inspiratio","og_description":"MDS Ie m\u00e2nec\u0103 lung\u0103","og_url":"https:\/\/inspiratio.ro\/produs\/mds-ie-maneca-lunga\/","og_site_name":"Inspiratio","article_publisher":"https:\/\/www.facebook.com\/inspiratiogiftstudio\/","article_modified_time":"2025-09-19T15:22:03+00:00","og_image":[{"width":800,"height":800,"url":"https:\/\/inspiratio.ro\/wp-content\/uploads\/2024\/09\/Untitled-design4.jpg","type":"image\/jpeg"}],"twitter_card":"summary_large_image","twitter_misc":{"Est. reading time":"3 minutes"},"schema":{"@context":"https:\/\/schema.org","@graph":[{"@type":"WebPage","@id":"https:\/\/inspiratio.ro\/produs\/mds-ie-maneca-lunga\/","url":"https:\/\/inspiratio.ro\/produs\/mds-ie-maneca-lunga\/","name":"MDS Ie m\u00e2nec\u0103 lung\u0103 - Inspiratio","isPartOf":{"@id":"https:\/\/inspiratio.ro\/#website"},"primaryImageOfPage":{"@id":"https:\/\/inspiratio.ro\/produs\/mds-ie-maneca-lunga\/#primaryimage"},"image":{"@id":"https:\/\/inspiratio.ro\/produs\/mds-ie-maneca-lunga\/#primaryimage"},"thumbnailUrl":"https:\/\/inspiratio.ro\/wp-content\/uploads\/2024\/09\/Untitled-design4.jpg","datePublished":"2024-09-29T17:01:58+00:00","dateModified":"2025-09-19T15:22:03+00:00","description":"MDS Ie m\u00e2nec\u0103 lung\u0103","breadcrumb":{"@id":"https:\/\/inspiratio.ro\/produs\/mds-ie-maneca-lunga\/#breadcrumb"},"inLanguage":"en-US","potentialAction":[{"@type":"ReadAction","target":["https:\/\/inspiratio.ro\/produs\/mds-ie-maneca-lunga\/"]}]},{"@type":"ImageObject","inLanguage":"en-US","@id":"https:\/\/inspiratio.ro\/produs\/mds-ie-maneca-lunga\/#primaryimage","url":"https:\/\/inspiratio.ro\/wp-content\/uploads\/2024\/09\/Untitled-design4.jpg","contentUrl":"https:\/\/inspiratio.ro\/wp-content\/uploads\/2024\/09\/Untitled-design4.jpg","width":800,"height":800},{"@type":"BreadcrumbList","@id":"https:\/\/inspiratio.ro\/produs\/mds-ie-maneca-lunga\/#breadcrumb","itemListElement":[{"@type":"ListItem","position":1,"name":"Shop","item":"https:\/\/inspiratio.ro\/magazin-cadouri\/"},{"@type":"ListItem","position":2,"name":"MDS Ie m\u00e2nec\u0103 lung\u0103"}]},{"@type":"WebSite","@id":"https:\/\/inspiratio.ro\/#website","url":"https:\/\/inspiratio.ro\/","name":"Inspiratio","description":"Las\u0103-te purtat de inspira\u021bie","publisher":{"@id":"https:\/\/inspiratio.ro\/#organization"},"potentialAction":[{"@type":"SearchAction","target":{"@type":"EntryPoint","urlTemplate":"https:\/\/inspiratio.ro\/?s={search_term_string}"},"query-input":{"@type":"PropertyValueSpecification","valueRequired":true,"valueName":"search_term_string"}}],"inLanguage":"en-US"},{"@type":"Organization","@id":"https:\/\/inspiratio.ro\/#organization","name":"Inspiratio","url":"https:\/\/inspiratio.ro\/","logo":{"@type":"ImageObject","inLanguage":"en-US","@id":"https:\/\/inspiratio.ro\/#\/schema\/logo\/image\/","url":"https:\/\/inspiratio.ro\/wp-content\/uploads\/2020\/06\/logo-inspiratio.png","contentUrl":"https:\/\/inspiratio.ro\/wp-content\/uploads\/2020\/06\/logo-inspiratio.png","width":232,"height":209,"caption":"Inspiratio"},"image":{"@id":"https:\/\/inspiratio.ro\/#\/schema\/logo\/image\/"},"sameAs":["https:\/\/www.facebook.com\/inspiratiogiftstudio\/","https:\/\/www.instagram.com\/inspiratio_giftstudio\/"]}]}},"brands":[],"_links":{"self":[{"href":"https:\/\/inspiratio.ro\/en\/wp-json\/wp\/v2\/product\/8914","targetHints":{"allow":["GET"]}}],"collection":[{"href":"https:\/\/inspiratio.ro\/en\/wp-json\/wp\/v2\/product"}],"about":[{"href":"https:\/\/inspiratio.ro\/en\/wp-json\/wp\/v2\/types\/product"}],"replies":[{"embeddable":true,"href":"https:\/\/inspiratio.ro\/en\/wp-json\/wp\/v2\/comments?post=8914"}],"wp:featuredmedia":[{"embeddable":true,"href":"https:\/\/inspiratio.ro\/en\/wp-json\/wp\/v2\/media\/9472"}],"wp:attachment":[{"href":"https:\/\/inspiratio.ro\/en\/wp-json\/wp\/v2\/media?parent=8914"}],"wp:term":[{"taxonomy":"pwb-brand","embeddable":true,"href":"https:\/\/inspiratio.ro\/en\/wp-json\/wp\/v2\/pwb-brand?post=8914"},{"taxonomy":"product_brand","embeddable":true,"href":"https:\/\/inspiratio.ro\/en\/wp-json\/wp\/v2\/product_brand?post=8914"},{"taxonomy":"product_cat","embeddable":true,"href":"https:\/\/inspiratio.ro\/en\/wp-json\/wp\/v2\/product_cat?post=8914"},{"taxonomy":"product_tag","embeddable":true,"href":"https:\/\/inspiratio.ro\/en\/wp-json\/wp\/v2\/product_tag?post=8914"}],"curies":[{"name":"wp","href":"https:\/\/api.w.org\/{rel}","templated":true}]}}