{"id":8855,"date":"2024-08-12T16:13:28","date_gmt":"2024-08-12T13:13:28","guid":{"rendered":"https:\/\/inspiratio.ro\/?post_type=product&#038;p=8855"},"modified":"2025-05-28T19:57:18","modified_gmt":"2025-05-28T16:57:18","slug":"por-junko-shibuya-biroul-de-obiecte-pierdute","status":"publish","type":"product","link":"https:\/\/inspiratio.ro\/en\/produs\/por-junko-shibuya-biroul-de-obiecte-pierdute\/","title":{"rendered":"Junko Shibuya \u2013 Biroul de obiecte pierdute"},"content":{"rendered":"<div class=\"product-meta\">\n<div class=\"btArticleShareEtc\">\n<div class=\"btTagsColumn\">\n<div class=\"btTags\">\n<p>ISBN: 9786306505258<\/p>\n<p>Edi\u021bie cartonat\u0103<\/p>\n<p>Num\u0103r pagini: 44<\/p>\n<p>Format: 18 X 20 cm<\/p>\n<p>V\u00e2rst\u0103: 3 &#8211; 7 ani<\/p>\n<\/div>\n<\/div>\n<\/div>\n<\/div>\n<div class=\"bt_bb_wrapper\" data-templates-time=\"\">\n<h2>Descriere<\/h2>\n<div class=\"bt_bb_wrapper\" data-templates-time=\"\">\n<p>O poveste plin\u0103 de surprize, care invit\u0103 copiii s\u0103 participe la lectur\u0103 \u0219i s\u0103 ghiceasc\u0103 animalele \u201edeghizate\u201d \u00een alte specii. Ce este oare un limax care \u0219i-a pierdut casa? Limax sau melc? Iar o pisic\u0103 f\u0103r\u0103 \u0219al la g\u00e2t este pisic\u0103 sau leu? Descoperim cu mirare c\u0103 nici unul dintre animalele care vin la biroul de obiecte pierdute nu este cine pare a fi. Dar Domnul C\u00e2ine? La final, dup\u0103 o zi de munc\u0103 foarte agitat\u0103, afl\u0103m c\u0103 \u0219i Domnul C\u00e2ine se deghizase perfect \u00een Bunicul, r\u0103mas bolnav acas\u0103. Nu-i a\u0219a c\u0103 nu l-a\u021bi recunoscut?<\/p>\n<p>Cartea a fost publicat\u0103 la Actes Sud Junior \u00een anul 2016 \u0219i a c\u00e2\u0219tigat Prix des Incorruptibles 2018, fiind preferata a nu mai pu\u021bin de 34.000 de pre\u0219colari.<\/p>\n<p>\u201eDomnul C\u00e2ine lucreaz\u0103 la biroul de obiecte pierdute din satul lui.<\/p>\n<p>\u00cen fiecare diminea\u021b\u0103, el adun\u0103 toate obiectele r\u0103t\u0103cite de pe drum, din parc, de pe malul r\u00e2ului sau din p\u0103dure. Dup\u0103 ce ajunge la birou, domnul C\u00e2ine aranjeaz\u0103 toate obiectele g\u0103site pe rafturi \u0219i a\u0219teapt\u0103 ca st\u0103p\u00e2nii lor s\u0103 vin\u0103 dup\u0103 ele.<\/p>\n<p>Prima vizit\u0103 nu se las\u0103 mult a\u0219teptat\u0103.<\/p>\n<p>\u2013 Bun\u0103 ziua, domnule Limax, spune C\u00e2inele. Ce a\u021bi pierdut?<\/p>\n<p>\u2013 Nu sunt limax! Eu mi-am pierdut casa. E r\u0103sucit\u0103 ca o spiral\u0103.<\/p>\n<p>\u2013 Hm\u2026 \u0218tiu! Asta \u00eenseamn\u0103 c\u0103 sunte\u021bi\u2026<\/p>\n<p>\u2013 \u2026 Melcul! Pofti\u021bi casa dumneavoastr\u0103!<\/p>\n<p>\u2013 Mul\u021bumesc, \u00eei r\u0103spunde Melcul.\u201d<\/p>\n<p>\u201eAceast\u0103 poveste este inspirat\u0103 din amintirile copil\u0103riei mele. Copil fiind, eram timid\u0103 \u0219i rezervat\u0103, juc\u00e2ndu-m\u0103 adesea de una singur\u0103. \u00cemi pl\u0103cea s\u0103 observ micile viet\u0103\u021bi din gr\u0103dina mea, s\u0103 studiez enciclopedii despre natur\u0103 \u0219i s\u0103 n\u0103scocesc pove\u0219ti hazlii. \u00cemi imaginam c\u0103 limac\u0219ii se transform\u0103 \u00een melci, pisicile \u00een lei, caprele \u00een oi \u0219i a\u0219a mai departe\u2026\u201d (Junko Shibuya)<\/p>\n<p>Junko Shibuya s-a n\u0103scut \u00een Hyogo, Japonia. De profesie este arhitect\u0103, dar, cu \u00eencepere din anul 1997, s-a dedicat ilustra\u021biei, devenind grafician, autoare \u0219i ilustratoare de c\u0103r\u021bi pentru copii. Locuie\u0219te la Paris din anul 2005.<\/p>\n<\/div>\n<\/div>\n","protected":false},"excerpt":{"rendered":"<p>ISBN: 9786306505258 Edi\u021bie cartonat\u0103 Num\u0103r pagini: 44 Format: 18 X 20 cm V\u00e2rst\u0103: 3 &#8211; 7 ani Descriere O poveste plin\u0103 de surprize, care invit\u0103 copiii s\u0103 participe la lectur\u0103 \u0219i s\u0103 ghiceasc\u0103 animalele \u201edeghizate\u201d \u00een alte specii. Ce este oare un limax care \u0219i-a pierdut casa? Limax sau melc? Iar o pisic\u0103 f\u0103r\u0103 \u0219al [&hellip;]<\/p>\n","protected":false},"featured_media":8864,"comment_status":"closed","ping_status":"closed","template":"","meta":[],"pwb-brand":[212],"product_brand":[244],"product_cat":[89,88,71],"product_tag":[],"class_list":{"0":"post-8855","1":"product","2":"type-product","3":"status-publish","4":"has-post-thumbnail","6":"pwb-brand-portocala-albastra","7":"product_brand-portocala-albastra","8":"product_cat-cadouri-pentru-copii","9":"product_cat-categorie-carte","10":"product_cat-carte","12":"first","13":"outofstock","14":"taxable","15":"shipping-taxable","16":"purchasable","17":"product-type-simple"},"yoast_head":"<!-- This site is optimized with the Yoast SEO plugin v26.9 - https:\/\/yoast.com\/product\/yoast-seo-wordpress\/ -->\n<title>POR Junko Shibuya \u2013 Biroul de obiecte pierdute - Inspiratio<\/title>\n<meta name=\"description\" content=\"POR Junko Shibuya \u2013 Biroul de obiecte pierdute\" \/>\n<meta name=\"robots\" content=\"index, follow, max-snippet:-1, max-image-preview:large, max-video-preview:-1\" \/>\n<link rel=\"canonical\" href=\"https:\/\/inspiratio.ro\/produs\/por-junko-shibuya-biroul-de-obiecte-pierdute\/\" \/>\n<meta property=\"og:locale\" content=\"en_US\" \/>\n<meta property=\"og:type\" content=\"article\" \/>\n<meta property=\"og:title\" content=\"POR Junko Shibuya \u2013 Biroul de obiecte pierdute - Inspiratio\" \/>\n<meta property=\"og:description\" content=\"POR Junko Shibuya \u2013 Biroul de obiecte pierdute\" \/>\n<meta property=\"og:url\" content=\"https:\/\/inspiratio.ro\/produs\/por-junko-shibuya-biroul-de-obiecte-pierdute\/\" \/>\n<meta property=\"og:site_name\" content=\"Inspiratio\" \/>\n<meta property=\"article:publisher\" content=\"https:\/\/www.facebook.com\/inspiratiogiftstudio\/\" \/>\n<meta property=\"article:modified_time\" content=\"2025-05-28T16:57:18+00:00\" \/>\n<meta property=\"og:image\" content=\"https:\/\/inspiratio.ro\/wp-content\/uploads\/2024\/08\/Biroul-de-obiecte-pierdute-Coperta-Aprilie-2023-768x858-1.jpg\" \/>\n\t<meta property=\"og:image:width\" content=\"768\" \/>\n\t<meta property=\"og:image:height\" content=\"858\" \/>\n\t<meta property=\"og:image:type\" content=\"image\/jpeg\" \/>\n<meta name=\"twitter:card\" content=\"summary_large_image\" \/>\n<meta name=\"twitter:label1\" content=\"Est. reading time\" \/>\n\t<meta name=\"twitter:data1\" content=\"2 minutes\" \/>\n<script type=\"application\/ld+json\" class=\"yoast-schema-graph\">{\"@context\":\"https:\/\/schema.org\",\"@graph\":[{\"@type\":\"WebPage\",\"@id\":\"https:\/\/inspiratio.ro\/produs\/por-junko-shibuya-biroul-de-obiecte-pierdute\/\",\"url\":\"https:\/\/inspiratio.ro\/produs\/por-junko-shibuya-biroul-de-obiecte-pierdute\/\",\"name\":\"POR Junko Shibuya \u2013 Biroul de obiecte pierdute - Inspiratio\",\"isPartOf\":{\"@id\":\"https:\/\/inspiratio.ro\/#website\"},\"primaryImageOfPage\":{\"@id\":\"https:\/\/inspiratio.ro\/produs\/por-junko-shibuya-biroul-de-obiecte-pierdute\/#primaryimage\"},\"image\":{\"@id\":\"https:\/\/inspiratio.ro\/produs\/por-junko-shibuya-biroul-de-obiecte-pierdute\/#primaryimage\"},\"thumbnailUrl\":\"https:\/\/inspiratio.ro\/wp-content\/uploads\/2024\/08\/Biroul-de-obiecte-pierdute-Coperta-Aprilie-2023-768x858-1.jpg\",\"datePublished\":\"2024-08-12T13:13:28+00:00\",\"dateModified\":\"2025-05-28T16:57:18+00:00\",\"description\":\"POR Junko Shibuya \u2013 Biroul de obiecte pierdute\",\"breadcrumb\":{\"@id\":\"https:\/\/inspiratio.ro\/produs\/por-junko-shibuya-biroul-de-obiecte-pierdute\/#breadcrumb\"},\"inLanguage\":\"en-US\",\"potentialAction\":[{\"@type\":\"ReadAction\",\"target\":[\"https:\/\/inspiratio.ro\/produs\/por-junko-shibuya-biroul-de-obiecte-pierdute\/\"]}]},{\"@type\":\"ImageObject\",\"inLanguage\":\"en-US\",\"@id\":\"https:\/\/inspiratio.ro\/produs\/por-junko-shibuya-biroul-de-obiecte-pierdute\/#primaryimage\",\"url\":\"https:\/\/inspiratio.ro\/wp-content\/uploads\/2024\/08\/Biroul-de-obiecte-pierdute-Coperta-Aprilie-2023-768x858-1.jpg\",\"contentUrl\":\"https:\/\/inspiratio.ro\/wp-content\/uploads\/2024\/08\/Biroul-de-obiecte-pierdute-Coperta-Aprilie-2023-768x858-1.jpg\",\"width\":768,\"height\":858},{\"@type\":\"BreadcrumbList\",\"@id\":\"https:\/\/inspiratio.ro\/produs\/por-junko-shibuya-biroul-de-obiecte-pierdute\/#breadcrumb\",\"itemListElement\":[{\"@type\":\"ListItem\",\"position\":1,\"name\":\"Shop\",\"item\":\"https:\/\/inspiratio.ro\/magazin-cadouri\/\"},{\"@type\":\"ListItem\",\"position\":2,\"name\":\"POR Junko Shibuya \u2013 Biroul de obiecte pierdute\"}]},{\"@type\":\"WebSite\",\"@id\":\"https:\/\/inspiratio.ro\/#website\",\"url\":\"https:\/\/inspiratio.ro\/\",\"name\":\"Inspiratio\",\"description\":\"Las\u0103-te purtat de inspira\u021bie\",\"publisher\":{\"@id\":\"https:\/\/inspiratio.ro\/#organization\"},\"potentialAction\":[{\"@type\":\"SearchAction\",\"target\":{\"@type\":\"EntryPoint\",\"urlTemplate\":\"https:\/\/inspiratio.ro\/?s={search_term_string}\"},\"query-input\":{\"@type\":\"PropertyValueSpecification\",\"valueRequired\":true,\"valueName\":\"search_term_string\"}}],\"inLanguage\":\"en-US\"},{\"@type\":\"Organization\",\"@id\":\"https:\/\/inspiratio.ro\/#organization\",\"name\":\"Inspiratio\",\"url\":\"https:\/\/inspiratio.ro\/\",\"logo\":{\"@type\":\"ImageObject\",\"inLanguage\":\"en-US\",\"@id\":\"https:\/\/inspiratio.ro\/#\/schema\/logo\/image\/\",\"url\":\"https:\/\/inspiratio.ro\/wp-content\/uploads\/2020\/06\/logo-inspiratio.png\",\"contentUrl\":\"https:\/\/inspiratio.ro\/wp-content\/uploads\/2020\/06\/logo-inspiratio.png\",\"width\":232,\"height\":209,\"caption\":\"Inspiratio\"},\"image\":{\"@id\":\"https:\/\/inspiratio.ro\/#\/schema\/logo\/image\/\"},\"sameAs\":[\"https:\/\/www.facebook.com\/inspiratiogiftstudio\/\",\"https:\/\/www.instagram.com\/inspiratio_giftstudio\/\"]}]}<\/script>\n<!-- \/ Yoast SEO plugin. -->","yoast_head_json":{"title":"POR Junko Shibuya \u2013 Biroul de obiecte pierdute - Inspiratio","description":"POR Junko Shibuya \u2013 Biroul de obiecte pierdute","robots":{"index":"index","follow":"follow","max-snippet":"max-snippet:-1","max-image-preview":"max-image-preview:large","max-video-preview":"max-video-preview:-1"},"canonical":"https:\/\/inspiratio.ro\/produs\/por-junko-shibuya-biroul-de-obiecte-pierdute\/","og_locale":"en_US","og_type":"article","og_title":"POR Junko Shibuya \u2013 Biroul de obiecte pierdute - Inspiratio","og_description":"POR Junko Shibuya \u2013 Biroul de obiecte pierdute","og_url":"https:\/\/inspiratio.ro\/produs\/por-junko-shibuya-biroul-de-obiecte-pierdute\/","og_site_name":"Inspiratio","article_publisher":"https:\/\/www.facebook.com\/inspiratiogiftstudio\/","article_modified_time":"2025-05-28T16:57:18+00:00","og_image":[{"width":768,"height":858,"url":"https:\/\/inspiratio.ro\/wp-content\/uploads\/2024\/08\/Biroul-de-obiecte-pierdute-Coperta-Aprilie-2023-768x858-1.jpg","type":"image\/jpeg"}],"twitter_card":"summary_large_image","twitter_misc":{"Est. reading time":"2 minutes"},"schema":{"@context":"https:\/\/schema.org","@graph":[{"@type":"WebPage","@id":"https:\/\/inspiratio.ro\/produs\/por-junko-shibuya-biroul-de-obiecte-pierdute\/","url":"https:\/\/inspiratio.ro\/produs\/por-junko-shibuya-biroul-de-obiecte-pierdute\/","name":"POR Junko Shibuya \u2013 Biroul de obiecte pierdute - Inspiratio","isPartOf":{"@id":"https:\/\/inspiratio.ro\/#website"},"primaryImageOfPage":{"@id":"https:\/\/inspiratio.ro\/produs\/por-junko-shibuya-biroul-de-obiecte-pierdute\/#primaryimage"},"image":{"@id":"https:\/\/inspiratio.ro\/produs\/por-junko-shibuya-biroul-de-obiecte-pierdute\/#primaryimage"},"thumbnailUrl":"https:\/\/inspiratio.ro\/wp-content\/uploads\/2024\/08\/Biroul-de-obiecte-pierdute-Coperta-Aprilie-2023-768x858-1.jpg","datePublished":"2024-08-12T13:13:28+00:00","dateModified":"2025-05-28T16:57:18+00:00","description":"POR Junko Shibuya \u2013 Biroul de obiecte pierdute","breadcrumb":{"@id":"https:\/\/inspiratio.ro\/produs\/por-junko-shibuya-biroul-de-obiecte-pierdute\/#breadcrumb"},"inLanguage":"en-US","potentialAction":[{"@type":"ReadAction","target":["https:\/\/inspiratio.ro\/produs\/por-junko-shibuya-biroul-de-obiecte-pierdute\/"]}]},{"@type":"ImageObject","inLanguage":"en-US","@id":"https:\/\/inspiratio.ro\/produs\/por-junko-shibuya-biroul-de-obiecte-pierdute\/#primaryimage","url":"https:\/\/inspiratio.ro\/wp-content\/uploads\/2024\/08\/Biroul-de-obiecte-pierdute-Coperta-Aprilie-2023-768x858-1.jpg","contentUrl":"https:\/\/inspiratio.ro\/wp-content\/uploads\/2024\/08\/Biroul-de-obiecte-pierdute-Coperta-Aprilie-2023-768x858-1.jpg","width":768,"height":858},{"@type":"BreadcrumbList","@id":"https:\/\/inspiratio.ro\/produs\/por-junko-shibuya-biroul-de-obiecte-pierdute\/#breadcrumb","itemListElement":[{"@type":"ListItem","position":1,"name":"Shop","item":"https:\/\/inspiratio.ro\/magazin-cadouri\/"},{"@type":"ListItem","position":2,"name":"POR Junko Shibuya \u2013 Biroul de obiecte pierdute"}]},{"@type":"WebSite","@id":"https:\/\/inspiratio.ro\/#website","url":"https:\/\/inspiratio.ro\/","name":"Inspiratio","description":"Las\u0103-te purtat de inspira\u021bie","publisher":{"@id":"https:\/\/inspiratio.ro\/#organization"},"potentialAction":[{"@type":"SearchAction","target":{"@type":"EntryPoint","urlTemplate":"https:\/\/inspiratio.ro\/?s={search_term_string}"},"query-input":{"@type":"PropertyValueSpecification","valueRequired":true,"valueName":"search_term_string"}}],"inLanguage":"en-US"},{"@type":"Organization","@id":"https:\/\/inspiratio.ro\/#organization","name":"Inspiratio","url":"https:\/\/inspiratio.ro\/","logo":{"@type":"ImageObject","inLanguage":"en-US","@id":"https:\/\/inspiratio.ro\/#\/schema\/logo\/image\/","url":"https:\/\/inspiratio.ro\/wp-content\/uploads\/2020\/06\/logo-inspiratio.png","contentUrl":"https:\/\/inspiratio.ro\/wp-content\/uploads\/2020\/06\/logo-inspiratio.png","width":232,"height":209,"caption":"Inspiratio"},"image":{"@id":"https:\/\/inspiratio.ro\/#\/schema\/logo\/image\/"},"sameAs":["https:\/\/www.facebook.com\/inspiratiogiftstudio\/","https:\/\/www.instagram.com\/inspiratio_giftstudio\/"]}]}},"brands":[{"id":212,"name":"Portocala Albastr\u0103","slug":"portocala-albastra"}],"_links":{"self":[{"href":"https:\/\/inspiratio.ro\/en\/wp-json\/wp\/v2\/product\/8855","targetHints":{"allow":["GET"]}}],"collection":[{"href":"https:\/\/inspiratio.ro\/en\/wp-json\/wp\/v2\/product"}],"about":[{"href":"https:\/\/inspiratio.ro\/en\/wp-json\/wp\/v2\/types\/product"}],"replies":[{"embeddable":true,"href":"https:\/\/inspiratio.ro\/en\/wp-json\/wp\/v2\/comments?post=8855"}],"wp:featuredmedia":[{"embeddable":true,"href":"https:\/\/inspiratio.ro\/en\/wp-json\/wp\/v2\/media\/8864"}],"wp:attachment":[{"href":"https:\/\/inspiratio.ro\/en\/wp-json\/wp\/v2\/media?parent=8855"}],"wp:term":[{"taxonomy":"pwb-brand","embeddable":true,"href":"https:\/\/inspiratio.ro\/en\/wp-json\/wp\/v2\/pwb-brand?post=8855"},{"taxonomy":"product_brand","embeddable":true,"href":"https:\/\/inspiratio.ro\/en\/wp-json\/wp\/v2\/product_brand?post=8855"},{"taxonomy":"product_cat","embeddable":true,"href":"https:\/\/inspiratio.ro\/en\/wp-json\/wp\/v2\/product_cat?post=8855"},{"taxonomy":"product_tag","embeddable":true,"href":"https:\/\/inspiratio.ro\/en\/wp-json\/wp\/v2\/product_tag?post=8855"}],"curies":[{"name":"wp","href":"https:\/\/api.w.org\/{rel}","templated":true}]}}