{"id":8842,"date":"2024-08-12T16:02:24","date_gmt":"2024-08-12T13:02:24","guid":{"rendered":"https:\/\/inspiratio.ro\/?post_type=product&#038;p=8842"},"modified":"2025-08-08T17:02:33","modified_gmt":"2025-08-08T14:02:33","slug":"por-m-knudsen-leul-din-biblioteca","status":"publish","type":"product","link":"https:\/\/inspiratio.ro\/en\/produs\/por-m-knudsen-leul-din-biblioteca\/","title":{"rendered":"M. Knudsen &#8211; Leul din bibliotec\u0103"},"content":{"rendered":"<div class=\"product-meta\">\n<div class=\"btArticleShareEtc\">\n<div class=\"btTagsColumn\">\n<div class=\"btTags\">\n<p>ISBN: 9786068996295<\/p>\n<p>Edi\u021bie cartonat\u0103<\/p>\n<p>Num\u0103r pagini: 48<\/p>\n<p>Format: 29 X 25 cm<\/p>\n<p>V\u00e2rst\u0103: 3 &#8211; 7 ani<\/p>\n<\/div>\n<\/div>\n<\/div>\n<\/div>\n<div class=\"bt_bb_wrapper\" data-templates-time=\"\">\n<h2>Descriere<\/h2>\n<div class=\"bt_bb_wrapper\" data-templates-time=\"\">\n<p>E un leu \u00een bibliotec\u0103 \u0219i nimeni nu \u0219tie ce s\u0103 fac\u0103. Exist\u0103 o regul\u0103 despre p\u0103strarea lini\u0219tii \u0219i exist\u0103 o alt\u0103 regul\u0103 despre alergat, care e interzis. Dar nu exist\u0103 nicio regul\u0103 despre lei! \u00cens\u0103 c\u00e2teodat\u0103 exist\u0103 un motiv serios s\u0103 nu respec\u021bi regulile. Chiar \u0219i \u00eentr-o bibliotec\u0103.<\/p>\n<p><em>La \u00eenceput, vizitatorii bibliotecii se cam temeau de leu. Dar \u00een scurt timp s-au obi\u0219nuit cu el acolo. De fapt, p\u0103rea c\u0103 se potrive\u0219te foarte bine \u00een bibliotec\u0103.<\/em><br \/>\n<em>Labele lui mari nu scoteau niciun zgomot pe podeaua bibliotecii. La Ora de Pove\u0219ti, spinarea lui era o pern\u0103 foarte comod\u0103 pentru copii. \u0218i nici g\u00e2nd s\u0103 mai rag\u0103.<\/em><\/p>\n<p><em>\u2014 Ce leu de n\u0103dejde, spuneau to\u021bi \u0219i-l m\u00e2ng\u00e2iau pe coama pufoas\u0103 c\u00e2nd treceau pe l\u00e2ng\u0103 el. Cum ne-om fi descurcat f\u0103r\u0103 el p\u00e2n\u0103 acum?<\/em><\/p>\n<p><em>C\u00e2nd auzea una ca asta, domnul McBee se \u00eencrunta. P\u00e2n\u0103 atunci se descurcaser\u0103 mereu de minune! Nu aveau nevoie de niciun leu. Leii, credea el, nu erau \u00een stare s\u0103 priceap\u0103 un regulament. Locul lor nu era nicidecum \u00eentr-o bibliotec\u0103.<\/em><\/p>\n<\/div>\n<div class=\"bt_bb_wrapper\" data-templates-time=\"\"><\/div>\n<\/div>\n","protected":false},"excerpt":{"rendered":"<p>ISBN: 9786068996295 Edi\u021bie cartonat\u0103 Num\u0103r pagini: 48 Format: 29 X 25 cm V\u00e2rst\u0103: 3 &#8211; 7 ani Descriere E un leu \u00een bibliotec\u0103 \u0219i nimeni nu \u0219tie ce s\u0103 fac\u0103. Exist\u0103 o regul\u0103 despre p\u0103strarea lini\u0219tii \u0219i exist\u0103 o alt\u0103 regul\u0103 despre alergat, care e interzis. Dar nu exist\u0103 nicio regul\u0103 despre lei! \u00cens\u0103 c\u00e2teodat\u0103 [&hellip;]<\/p>\n","protected":false},"featured_media":8853,"comment_status":"closed","ping_status":"closed","template":"","meta":[],"pwb-brand":[212],"product_brand":[244],"product_cat":[89,88,71],"product_tag":[],"class_list":{"0":"post-8842","1":"product","2":"type-product","3":"status-publish","4":"has-post-thumbnail","6":"pwb-brand-portocala-albastra","7":"product_brand-portocala-albastra","8":"product_cat-cadouri-pentru-copii","9":"product_cat-categorie-carte","10":"product_cat-carte","12":"first","13":"instock","14":"taxable","15":"shipping-taxable","16":"purchasable","17":"product-type-simple"},"yoast_head":"<!-- This site is optimized with the Yoast SEO plugin v26.9 - https:\/\/yoast.com\/product\/yoast-seo-wordpress\/ -->\n<title>POR M. Knudsen - Leul din bibliotec\u0103 - Inspiratio<\/title>\n<meta name=\"description\" content=\"POR M. Knudsen - Leul din bibliotec\u0103\" \/>\n<meta name=\"robots\" content=\"index, follow, max-snippet:-1, max-image-preview:large, max-video-preview:-1\" \/>\n<link rel=\"canonical\" href=\"https:\/\/inspiratio.ro\/produs\/por-m-knudsen-leul-din-biblioteca\/\" \/>\n<meta property=\"og:locale\" content=\"en_US\" \/>\n<meta property=\"og:type\" content=\"article\" \/>\n<meta property=\"og:title\" content=\"POR M. Knudsen - Leul din bibliotec\u0103 - Inspiratio\" \/>\n<meta property=\"og:description\" content=\"POR M. Knudsen - Leul din bibliotec\u0103\" \/>\n<meta property=\"og:url\" content=\"https:\/\/inspiratio.ro\/produs\/por-m-knudsen-leul-din-biblioteca\/\" \/>\n<meta property=\"og:site_name\" content=\"Inspiratio\" \/>\n<meta property=\"article:publisher\" content=\"https:\/\/www.facebook.com\/inspiratiogiftstudio\/\" \/>\n<meta property=\"article:modified_time\" content=\"2025-08-08T14:02:33+00:00\" \/>\n<meta property=\"og:image\" content=\"https:\/\/inspiratio.ro\/wp-content\/uploads\/2024\/08\/Leul-din-biblioteca-768x892-1.jpg\" \/>\n\t<meta property=\"og:image:width\" content=\"768\" \/>\n\t<meta property=\"og:image:height\" content=\"892\" \/>\n\t<meta property=\"og:image:type\" content=\"image\/jpeg\" \/>\n<meta name=\"twitter:card\" content=\"summary_large_image\" \/>\n<meta name=\"twitter:label1\" content=\"Est. reading time\" \/>\n\t<meta name=\"twitter:data1\" content=\"2 minutes\" \/>\n<script type=\"application\/ld+json\" class=\"yoast-schema-graph\">{\"@context\":\"https:\/\/schema.org\",\"@graph\":[{\"@type\":\"WebPage\",\"@id\":\"https:\/\/inspiratio.ro\/produs\/por-m-knudsen-leul-din-biblioteca\/\",\"url\":\"https:\/\/inspiratio.ro\/produs\/por-m-knudsen-leul-din-biblioteca\/\",\"name\":\"POR M. Knudsen - Leul din bibliotec\u0103 - Inspiratio\",\"isPartOf\":{\"@id\":\"https:\/\/inspiratio.ro\/#website\"},\"primaryImageOfPage\":{\"@id\":\"https:\/\/inspiratio.ro\/produs\/por-m-knudsen-leul-din-biblioteca\/#primaryimage\"},\"image\":{\"@id\":\"https:\/\/inspiratio.ro\/produs\/por-m-knudsen-leul-din-biblioteca\/#primaryimage\"},\"thumbnailUrl\":\"https:\/\/inspiratio.ro\/wp-content\/uploads\/2024\/08\/Leul-din-biblioteca-768x892-1.jpg\",\"datePublished\":\"2024-08-12T13:02:24+00:00\",\"dateModified\":\"2025-08-08T14:02:33+00:00\",\"description\":\"POR M. Knudsen - Leul din bibliotec\u0103\",\"breadcrumb\":{\"@id\":\"https:\/\/inspiratio.ro\/produs\/por-m-knudsen-leul-din-biblioteca\/#breadcrumb\"},\"inLanguage\":\"en-US\",\"potentialAction\":[{\"@type\":\"ReadAction\",\"target\":[\"https:\/\/inspiratio.ro\/produs\/por-m-knudsen-leul-din-biblioteca\/\"]}]},{\"@type\":\"ImageObject\",\"inLanguage\":\"en-US\",\"@id\":\"https:\/\/inspiratio.ro\/produs\/por-m-knudsen-leul-din-biblioteca\/#primaryimage\",\"url\":\"https:\/\/inspiratio.ro\/wp-content\/uploads\/2024\/08\/Leul-din-biblioteca-768x892-1.jpg\",\"contentUrl\":\"https:\/\/inspiratio.ro\/wp-content\/uploads\/2024\/08\/Leul-din-biblioteca-768x892-1.jpg\",\"width\":768,\"height\":892},{\"@type\":\"BreadcrumbList\",\"@id\":\"https:\/\/inspiratio.ro\/produs\/por-m-knudsen-leul-din-biblioteca\/#breadcrumb\",\"itemListElement\":[{\"@type\":\"ListItem\",\"position\":1,\"name\":\"Shop\",\"item\":\"https:\/\/inspiratio.ro\/magazin-cadouri\/\"},{\"@type\":\"ListItem\",\"position\":2,\"name\":\"POR M. Knudsen &#8211; Leul din bibliotec\u0103\"}]},{\"@type\":\"WebSite\",\"@id\":\"https:\/\/inspiratio.ro\/#website\",\"url\":\"https:\/\/inspiratio.ro\/\",\"name\":\"Inspiratio\",\"description\":\"Las\u0103-te purtat de inspira\u021bie\",\"publisher\":{\"@id\":\"https:\/\/inspiratio.ro\/#organization\"},\"potentialAction\":[{\"@type\":\"SearchAction\",\"target\":{\"@type\":\"EntryPoint\",\"urlTemplate\":\"https:\/\/inspiratio.ro\/?s={search_term_string}\"},\"query-input\":{\"@type\":\"PropertyValueSpecification\",\"valueRequired\":true,\"valueName\":\"search_term_string\"}}],\"inLanguage\":\"en-US\"},{\"@type\":\"Organization\",\"@id\":\"https:\/\/inspiratio.ro\/#organization\",\"name\":\"Inspiratio\",\"url\":\"https:\/\/inspiratio.ro\/\",\"logo\":{\"@type\":\"ImageObject\",\"inLanguage\":\"en-US\",\"@id\":\"https:\/\/inspiratio.ro\/#\/schema\/logo\/image\/\",\"url\":\"https:\/\/inspiratio.ro\/wp-content\/uploads\/2020\/06\/logo-inspiratio.png\",\"contentUrl\":\"https:\/\/inspiratio.ro\/wp-content\/uploads\/2020\/06\/logo-inspiratio.png\",\"width\":232,\"height\":209,\"caption\":\"Inspiratio\"},\"image\":{\"@id\":\"https:\/\/inspiratio.ro\/#\/schema\/logo\/image\/\"},\"sameAs\":[\"https:\/\/www.facebook.com\/inspiratiogiftstudio\/\",\"https:\/\/www.instagram.com\/inspiratio_giftstudio\/\"]}]}<\/script>\n<!-- \/ Yoast SEO plugin. -->","yoast_head_json":{"title":"POR M. Knudsen - Leul din bibliotec\u0103 - Inspiratio","description":"POR M. Knudsen - Leul din bibliotec\u0103","robots":{"index":"index","follow":"follow","max-snippet":"max-snippet:-1","max-image-preview":"max-image-preview:large","max-video-preview":"max-video-preview:-1"},"canonical":"https:\/\/inspiratio.ro\/produs\/por-m-knudsen-leul-din-biblioteca\/","og_locale":"en_US","og_type":"article","og_title":"POR M. Knudsen - Leul din bibliotec\u0103 - Inspiratio","og_description":"POR M. Knudsen - Leul din bibliotec\u0103","og_url":"https:\/\/inspiratio.ro\/produs\/por-m-knudsen-leul-din-biblioteca\/","og_site_name":"Inspiratio","article_publisher":"https:\/\/www.facebook.com\/inspiratiogiftstudio\/","article_modified_time":"2025-08-08T14:02:33+00:00","og_image":[{"width":768,"height":892,"url":"https:\/\/inspiratio.ro\/wp-content\/uploads\/2024\/08\/Leul-din-biblioteca-768x892-1.jpg","type":"image\/jpeg"}],"twitter_card":"summary_large_image","twitter_misc":{"Est. reading time":"2 minutes"},"schema":{"@context":"https:\/\/schema.org","@graph":[{"@type":"WebPage","@id":"https:\/\/inspiratio.ro\/produs\/por-m-knudsen-leul-din-biblioteca\/","url":"https:\/\/inspiratio.ro\/produs\/por-m-knudsen-leul-din-biblioteca\/","name":"POR M. Knudsen - Leul din bibliotec\u0103 - Inspiratio","isPartOf":{"@id":"https:\/\/inspiratio.ro\/#website"},"primaryImageOfPage":{"@id":"https:\/\/inspiratio.ro\/produs\/por-m-knudsen-leul-din-biblioteca\/#primaryimage"},"image":{"@id":"https:\/\/inspiratio.ro\/produs\/por-m-knudsen-leul-din-biblioteca\/#primaryimage"},"thumbnailUrl":"https:\/\/inspiratio.ro\/wp-content\/uploads\/2024\/08\/Leul-din-biblioteca-768x892-1.jpg","datePublished":"2024-08-12T13:02:24+00:00","dateModified":"2025-08-08T14:02:33+00:00","description":"POR M. Knudsen - Leul din bibliotec\u0103","breadcrumb":{"@id":"https:\/\/inspiratio.ro\/produs\/por-m-knudsen-leul-din-biblioteca\/#breadcrumb"},"inLanguage":"en-US","potentialAction":[{"@type":"ReadAction","target":["https:\/\/inspiratio.ro\/produs\/por-m-knudsen-leul-din-biblioteca\/"]}]},{"@type":"ImageObject","inLanguage":"en-US","@id":"https:\/\/inspiratio.ro\/produs\/por-m-knudsen-leul-din-biblioteca\/#primaryimage","url":"https:\/\/inspiratio.ro\/wp-content\/uploads\/2024\/08\/Leul-din-biblioteca-768x892-1.jpg","contentUrl":"https:\/\/inspiratio.ro\/wp-content\/uploads\/2024\/08\/Leul-din-biblioteca-768x892-1.jpg","width":768,"height":892},{"@type":"BreadcrumbList","@id":"https:\/\/inspiratio.ro\/produs\/por-m-knudsen-leul-din-biblioteca\/#breadcrumb","itemListElement":[{"@type":"ListItem","position":1,"name":"Shop","item":"https:\/\/inspiratio.ro\/magazin-cadouri\/"},{"@type":"ListItem","position":2,"name":"POR M. Knudsen &#8211; Leul din bibliotec\u0103"}]},{"@type":"WebSite","@id":"https:\/\/inspiratio.ro\/#website","url":"https:\/\/inspiratio.ro\/","name":"Inspiratio","description":"Las\u0103-te purtat de inspira\u021bie","publisher":{"@id":"https:\/\/inspiratio.ro\/#organization"},"potentialAction":[{"@type":"SearchAction","target":{"@type":"EntryPoint","urlTemplate":"https:\/\/inspiratio.ro\/?s={search_term_string}"},"query-input":{"@type":"PropertyValueSpecification","valueRequired":true,"valueName":"search_term_string"}}],"inLanguage":"en-US"},{"@type":"Organization","@id":"https:\/\/inspiratio.ro\/#organization","name":"Inspiratio","url":"https:\/\/inspiratio.ro\/","logo":{"@type":"ImageObject","inLanguage":"en-US","@id":"https:\/\/inspiratio.ro\/#\/schema\/logo\/image\/","url":"https:\/\/inspiratio.ro\/wp-content\/uploads\/2020\/06\/logo-inspiratio.png","contentUrl":"https:\/\/inspiratio.ro\/wp-content\/uploads\/2020\/06\/logo-inspiratio.png","width":232,"height":209,"caption":"Inspiratio"},"image":{"@id":"https:\/\/inspiratio.ro\/#\/schema\/logo\/image\/"},"sameAs":["https:\/\/www.facebook.com\/inspiratiogiftstudio\/","https:\/\/www.instagram.com\/inspiratio_giftstudio\/"]}]}},"brands":[{"id":212,"name":"Portocala Albastr\u0103","slug":"portocala-albastra"}],"_links":{"self":[{"href":"https:\/\/inspiratio.ro\/en\/wp-json\/wp\/v2\/product\/8842","targetHints":{"allow":["GET"]}}],"collection":[{"href":"https:\/\/inspiratio.ro\/en\/wp-json\/wp\/v2\/product"}],"about":[{"href":"https:\/\/inspiratio.ro\/en\/wp-json\/wp\/v2\/types\/product"}],"replies":[{"embeddable":true,"href":"https:\/\/inspiratio.ro\/en\/wp-json\/wp\/v2\/comments?post=8842"}],"wp:featuredmedia":[{"embeddable":true,"href":"https:\/\/inspiratio.ro\/en\/wp-json\/wp\/v2\/media\/8853"}],"wp:attachment":[{"href":"https:\/\/inspiratio.ro\/en\/wp-json\/wp\/v2\/media?parent=8842"}],"wp:term":[{"taxonomy":"pwb-brand","embeddable":true,"href":"https:\/\/inspiratio.ro\/en\/wp-json\/wp\/v2\/pwb-brand?post=8842"},{"taxonomy":"product_brand","embeddable":true,"href":"https:\/\/inspiratio.ro\/en\/wp-json\/wp\/v2\/product_brand?post=8842"},{"taxonomy":"product_cat","embeddable":true,"href":"https:\/\/inspiratio.ro\/en\/wp-json\/wp\/v2\/product_cat?post=8842"},{"taxonomy":"product_tag","embeddable":true,"href":"https:\/\/inspiratio.ro\/en\/wp-json\/wp\/v2\/product_tag?post=8842"}],"curies":[{"name":"wp","href":"https:\/\/api.w.org\/{rel}","templated":true}]}}