{"id":8835,"date":"2024-08-12T13:43:01","date_gmt":"2024-08-12T10:43:01","guid":{"rendered":"https:\/\/inspiratio.ro\/?post_type=product&#038;p=8835"},"modified":"2025-07-18T16:19:37","modified_gmt":"2025-07-18T13:19:37","slug":"por-gargarita-morocanoasa","status":"publish","type":"product","link":"https:\/\/inspiratio.ro\/en\/produs\/por-gargarita-morocanoasa\/","title":{"rendered":"G\u0103rg\u0103ri\u021ba Moroc\u0103noas\u0103"},"content":{"rendered":"<div class=\"product-meta\">\n<div class=\"btArticleShareEtc\">\n<div class=\"btTagsColumn\">\n<div class=\"btTags\">\n<p>ISBN: 9786306505067<\/p>\n<p>Edi\u021bie integral cartonat\u0103<\/p>\n<p>Num\u0103r pagini: 40<\/p>\n<p>Format: 18 X 18 cm<\/p>\n<p>V\u00e2rst\u0103: 0 &#8211; 5 ani<\/p>\n<\/div>\n<\/div>\n<\/div>\n<\/div>\n<div class=\"bt_bb_wrapper\" data-templates-time=\"\">\n<h2>Descriere<\/h2>\n<div class=\"bt_bb_wrapper\" data-templates-time=\"\">\n<p>G\u0103rg\u0103ri\u021ba moroc\u0103noas\u0103 \u00eenc\u0103 nu \u0219tie s\u0103 spun\u0103 \u201ete rog\u201d sau \u201emul\u021bumesc\u201d, nu \u00eemparte lucrurile cu ceilal\u021bi, este cam l\u0103ud\u0103roas\u0103 \u0219i se crede mai puternic\u0103 dec\u00e2t oricine. Oare e bine s\u0103 se poarte a\u0219a? Aceast\u0103 poveste antrenant\u0103, \u00een care copiii \u00eenva\u021b\u0103 \u0219i despre ceas \u0219i m\u0103surarea timpului sau despre animale de diverse m\u0103rimi \u0219i forme, ne arat\u0103 c\u00e2t de important este modul \u00een care ne purt\u0103m unii cu al\u021bii.<\/p>\n<p align=\"center\"><img loading=\"lazy\" decoding=\"async\" class=\" lazyloaded\" src=\"https:\/\/portocala-albastra.ro\/wp-content\/uploads\/2021\/carti\/eric_carle_gargarita_pag1.jpg\" alt=\"Gargarita morocanoasa\" width=\"650\" height=\"424\" data-src=\"https:\/\/portocala-albastra.ro\/wp-content\/uploads\/2021\/carti\/eric_carle_gargarita_pag1.jpg\" \/><\/p>\n<p>Paginile sunt \u0219tan\u021bate (au forme diferite), cartonate \u015fi au col\u0163uri rotunjite, astfel \u00eenc\u00e2t cartea devine o adev\u0103rat\u0103 juc\u0103rie, atractiv\u0103 \u015fi rezistent\u0103.<\/p>\n<p><img loading=\"lazy\" decoding=\"async\" class=\"lazyloaded alignleft\" src=\"https:\/\/portocala-albastra.ro\/wp-content\/uploads\/2021\/carti\/eric_carle_gargarita_pag2.jpg\" alt=\"Gargarita morocanoasa\" width=\"650\" height=\"424\" data-src=\"https:\/\/portocala-albastra.ro\/wp-content\/uploads\/2021\/carti\/eric_carle_gargarita_pag2.jpg\" \/><\/p>\n<\/div>\n<\/div>\n","protected":false},"excerpt":{"rendered":"<p>ISBN: 9786306505067 Edi\u021bie integral cartonat\u0103 Num\u0103r pagini: 40 Format: 18 X 18 cm V\u00e2rst\u0103: 0 &#8211; 5 ani Descriere G\u0103rg\u0103ri\u021ba moroc\u0103noas\u0103 \u00eenc\u0103 nu \u0219tie s\u0103 spun\u0103 \u201ete rog\u201d sau \u201emul\u021bumesc\u201d, nu \u00eemparte lucrurile cu ceilal\u021bi, este cam l\u0103ud\u0103roas\u0103 \u0219i se crede mai puternic\u0103 dec\u00e2t oricine. Oare e bine s\u0103 se poarte a\u0219a? Aceast\u0103 poveste antrenant\u0103, [&hellip;]<\/p>\n","protected":false},"featured_media":8840,"comment_status":"closed","ping_status":"closed","template":"","meta":[],"pwb-brand":[212],"product_brand":[244],"product_cat":[89,88,71],"product_tag":[],"class_list":{"0":"post-8835","1":"product","2":"type-product","3":"status-publish","4":"has-post-thumbnail","6":"pwb-brand-portocala-albastra","7":"product_brand-portocala-albastra","8":"product_cat-cadouri-pentru-copii","9":"product_cat-categorie-carte","10":"product_cat-carte","12":"first","13":"instock","14":"taxable","15":"shipping-taxable","16":"purchasable","17":"product-type-simple"},"yoast_head":"<!-- This site is optimized with the Yoast SEO plugin v26.9 - https:\/\/yoast.com\/product\/yoast-seo-wordpress\/ -->\n<title>POR G\u0103rg\u0103ri\u021ba Moroc\u0103noas\u0103 - Inspiratio<\/title>\n<meta name=\"description\" content=\"POR G\u0103rg\u0103ri\u021ba Moroc\u0103noas\u0103\" \/>\n<meta name=\"robots\" content=\"index, follow, max-snippet:-1, max-image-preview:large, max-video-preview:-1\" \/>\n<link rel=\"canonical\" href=\"https:\/\/inspiratio.ro\/produs\/por-gargarita-morocanoasa\/\" \/>\n<meta property=\"og:locale\" content=\"en_US\" \/>\n<meta property=\"og:type\" content=\"article\" \/>\n<meta property=\"og:title\" content=\"POR G\u0103rg\u0103ri\u021ba Moroc\u0103noas\u0103 - Inspiratio\" \/>\n<meta property=\"og:description\" content=\"POR G\u0103rg\u0103ri\u021ba Moroc\u0103noas\u0103\" \/>\n<meta property=\"og:url\" content=\"https:\/\/inspiratio.ro\/produs\/por-gargarita-morocanoasa\/\" \/>\n<meta property=\"og:site_name\" content=\"Inspiratio\" \/>\n<meta property=\"article:publisher\" content=\"https:\/\/www.facebook.com\/inspiratiogiftstudio\/\" \/>\n<meta property=\"article:modified_time\" content=\"2025-07-18T13:19:37+00:00\" \/>\n<meta property=\"og:image\" content=\"https:\/\/inspiratio.ro\/wp-content\/uploads\/2024\/08\/Gargarita-morocanoasa-768x774-1.png\" \/>\n\t<meta property=\"og:image:width\" content=\"768\" \/>\n\t<meta property=\"og:image:height\" content=\"774\" \/>\n\t<meta property=\"og:image:type\" content=\"image\/png\" \/>\n<meta name=\"twitter:card\" content=\"summary_large_image\" \/>\n<meta name=\"twitter:label1\" content=\"Est. reading time\" \/>\n\t<meta name=\"twitter:data1\" content=\"2 minutes\" \/>\n<script type=\"application\/ld+json\" class=\"yoast-schema-graph\">{\"@context\":\"https:\/\/schema.org\",\"@graph\":[{\"@type\":\"WebPage\",\"@id\":\"https:\/\/inspiratio.ro\/produs\/por-gargarita-morocanoasa\/\",\"url\":\"https:\/\/inspiratio.ro\/produs\/por-gargarita-morocanoasa\/\",\"name\":\"POR G\u0103rg\u0103ri\u021ba Moroc\u0103noas\u0103 - Inspiratio\",\"isPartOf\":{\"@id\":\"https:\/\/inspiratio.ro\/#website\"},\"primaryImageOfPage\":{\"@id\":\"https:\/\/inspiratio.ro\/produs\/por-gargarita-morocanoasa\/#primaryimage\"},\"image\":{\"@id\":\"https:\/\/inspiratio.ro\/produs\/por-gargarita-morocanoasa\/#primaryimage\"},\"thumbnailUrl\":\"https:\/\/inspiratio.ro\/wp-content\/uploads\/2024\/08\/Gargarita-morocanoasa-768x774-1.png\",\"datePublished\":\"2024-08-12T10:43:01+00:00\",\"dateModified\":\"2025-07-18T13:19:37+00:00\",\"description\":\"POR G\u0103rg\u0103ri\u021ba Moroc\u0103noas\u0103\",\"breadcrumb\":{\"@id\":\"https:\/\/inspiratio.ro\/produs\/por-gargarita-morocanoasa\/#breadcrumb\"},\"inLanguage\":\"en-US\",\"potentialAction\":[{\"@type\":\"ReadAction\",\"target\":[\"https:\/\/inspiratio.ro\/produs\/por-gargarita-morocanoasa\/\"]}]},{\"@type\":\"ImageObject\",\"inLanguage\":\"en-US\",\"@id\":\"https:\/\/inspiratio.ro\/produs\/por-gargarita-morocanoasa\/#primaryimage\",\"url\":\"https:\/\/inspiratio.ro\/wp-content\/uploads\/2024\/08\/Gargarita-morocanoasa-768x774-1.png\",\"contentUrl\":\"https:\/\/inspiratio.ro\/wp-content\/uploads\/2024\/08\/Gargarita-morocanoasa-768x774-1.png\",\"width\":768,\"height\":774},{\"@type\":\"BreadcrumbList\",\"@id\":\"https:\/\/inspiratio.ro\/produs\/por-gargarita-morocanoasa\/#breadcrumb\",\"itemListElement\":[{\"@type\":\"ListItem\",\"position\":1,\"name\":\"Shop\",\"item\":\"https:\/\/inspiratio.ro\/magazin-cadouri\/\"},{\"@type\":\"ListItem\",\"position\":2,\"name\":\"POR G\u0103rg\u0103ri\u021ba Moroc\u0103noas\u0103\"}]},{\"@type\":\"WebSite\",\"@id\":\"https:\/\/inspiratio.ro\/#website\",\"url\":\"https:\/\/inspiratio.ro\/\",\"name\":\"Inspiratio\",\"description\":\"Las\u0103-te purtat de inspira\u021bie\",\"publisher\":{\"@id\":\"https:\/\/inspiratio.ro\/#organization\"},\"potentialAction\":[{\"@type\":\"SearchAction\",\"target\":{\"@type\":\"EntryPoint\",\"urlTemplate\":\"https:\/\/inspiratio.ro\/?s={search_term_string}\"},\"query-input\":{\"@type\":\"PropertyValueSpecification\",\"valueRequired\":true,\"valueName\":\"search_term_string\"}}],\"inLanguage\":\"en-US\"},{\"@type\":\"Organization\",\"@id\":\"https:\/\/inspiratio.ro\/#organization\",\"name\":\"Inspiratio\",\"url\":\"https:\/\/inspiratio.ro\/\",\"logo\":{\"@type\":\"ImageObject\",\"inLanguage\":\"en-US\",\"@id\":\"https:\/\/inspiratio.ro\/#\/schema\/logo\/image\/\",\"url\":\"https:\/\/inspiratio.ro\/wp-content\/uploads\/2020\/06\/logo-inspiratio.png\",\"contentUrl\":\"https:\/\/inspiratio.ro\/wp-content\/uploads\/2020\/06\/logo-inspiratio.png\",\"width\":232,\"height\":209,\"caption\":\"Inspiratio\"},\"image\":{\"@id\":\"https:\/\/inspiratio.ro\/#\/schema\/logo\/image\/\"},\"sameAs\":[\"https:\/\/www.facebook.com\/inspiratiogiftstudio\/\",\"https:\/\/www.instagram.com\/inspiratio_giftstudio\/\"]}]}<\/script>\n<!-- \/ Yoast SEO plugin. -->","yoast_head_json":{"title":"POR G\u0103rg\u0103ri\u021ba Moroc\u0103noas\u0103 - Inspiratio","description":"POR G\u0103rg\u0103ri\u021ba Moroc\u0103noas\u0103","robots":{"index":"index","follow":"follow","max-snippet":"max-snippet:-1","max-image-preview":"max-image-preview:large","max-video-preview":"max-video-preview:-1"},"canonical":"https:\/\/inspiratio.ro\/produs\/por-gargarita-morocanoasa\/","og_locale":"en_US","og_type":"article","og_title":"POR G\u0103rg\u0103ri\u021ba Moroc\u0103noas\u0103 - Inspiratio","og_description":"POR G\u0103rg\u0103ri\u021ba Moroc\u0103noas\u0103","og_url":"https:\/\/inspiratio.ro\/produs\/por-gargarita-morocanoasa\/","og_site_name":"Inspiratio","article_publisher":"https:\/\/www.facebook.com\/inspiratiogiftstudio\/","article_modified_time":"2025-07-18T13:19:37+00:00","og_image":[{"width":768,"height":774,"url":"https:\/\/inspiratio.ro\/wp-content\/uploads\/2024\/08\/Gargarita-morocanoasa-768x774-1.png","type":"image\/png"}],"twitter_card":"summary_large_image","twitter_misc":{"Est. reading time":"2 minutes"},"schema":{"@context":"https:\/\/schema.org","@graph":[{"@type":"WebPage","@id":"https:\/\/inspiratio.ro\/produs\/por-gargarita-morocanoasa\/","url":"https:\/\/inspiratio.ro\/produs\/por-gargarita-morocanoasa\/","name":"POR G\u0103rg\u0103ri\u021ba Moroc\u0103noas\u0103 - Inspiratio","isPartOf":{"@id":"https:\/\/inspiratio.ro\/#website"},"primaryImageOfPage":{"@id":"https:\/\/inspiratio.ro\/produs\/por-gargarita-morocanoasa\/#primaryimage"},"image":{"@id":"https:\/\/inspiratio.ro\/produs\/por-gargarita-morocanoasa\/#primaryimage"},"thumbnailUrl":"https:\/\/inspiratio.ro\/wp-content\/uploads\/2024\/08\/Gargarita-morocanoasa-768x774-1.png","datePublished":"2024-08-12T10:43:01+00:00","dateModified":"2025-07-18T13:19:37+00:00","description":"POR G\u0103rg\u0103ri\u021ba Moroc\u0103noas\u0103","breadcrumb":{"@id":"https:\/\/inspiratio.ro\/produs\/por-gargarita-morocanoasa\/#breadcrumb"},"inLanguage":"en-US","potentialAction":[{"@type":"ReadAction","target":["https:\/\/inspiratio.ro\/produs\/por-gargarita-morocanoasa\/"]}]},{"@type":"ImageObject","inLanguage":"en-US","@id":"https:\/\/inspiratio.ro\/produs\/por-gargarita-morocanoasa\/#primaryimage","url":"https:\/\/inspiratio.ro\/wp-content\/uploads\/2024\/08\/Gargarita-morocanoasa-768x774-1.png","contentUrl":"https:\/\/inspiratio.ro\/wp-content\/uploads\/2024\/08\/Gargarita-morocanoasa-768x774-1.png","width":768,"height":774},{"@type":"BreadcrumbList","@id":"https:\/\/inspiratio.ro\/produs\/por-gargarita-morocanoasa\/#breadcrumb","itemListElement":[{"@type":"ListItem","position":1,"name":"Shop","item":"https:\/\/inspiratio.ro\/magazin-cadouri\/"},{"@type":"ListItem","position":2,"name":"POR G\u0103rg\u0103ri\u021ba Moroc\u0103noas\u0103"}]},{"@type":"WebSite","@id":"https:\/\/inspiratio.ro\/#website","url":"https:\/\/inspiratio.ro\/","name":"Inspiratio","description":"Las\u0103-te purtat de inspira\u021bie","publisher":{"@id":"https:\/\/inspiratio.ro\/#organization"},"potentialAction":[{"@type":"SearchAction","target":{"@type":"EntryPoint","urlTemplate":"https:\/\/inspiratio.ro\/?s={search_term_string}"},"query-input":{"@type":"PropertyValueSpecification","valueRequired":true,"valueName":"search_term_string"}}],"inLanguage":"en-US"},{"@type":"Organization","@id":"https:\/\/inspiratio.ro\/#organization","name":"Inspiratio","url":"https:\/\/inspiratio.ro\/","logo":{"@type":"ImageObject","inLanguage":"en-US","@id":"https:\/\/inspiratio.ro\/#\/schema\/logo\/image\/","url":"https:\/\/inspiratio.ro\/wp-content\/uploads\/2020\/06\/logo-inspiratio.png","contentUrl":"https:\/\/inspiratio.ro\/wp-content\/uploads\/2020\/06\/logo-inspiratio.png","width":232,"height":209,"caption":"Inspiratio"},"image":{"@id":"https:\/\/inspiratio.ro\/#\/schema\/logo\/image\/"},"sameAs":["https:\/\/www.facebook.com\/inspiratiogiftstudio\/","https:\/\/www.instagram.com\/inspiratio_giftstudio\/"]}]}},"brands":[{"id":212,"name":"Portocala Albastr\u0103","slug":"portocala-albastra"}],"_links":{"self":[{"href":"https:\/\/inspiratio.ro\/en\/wp-json\/wp\/v2\/product\/8835","targetHints":{"allow":["GET"]}}],"collection":[{"href":"https:\/\/inspiratio.ro\/en\/wp-json\/wp\/v2\/product"}],"about":[{"href":"https:\/\/inspiratio.ro\/en\/wp-json\/wp\/v2\/types\/product"}],"replies":[{"embeddable":true,"href":"https:\/\/inspiratio.ro\/en\/wp-json\/wp\/v2\/comments?post=8835"}],"wp:featuredmedia":[{"embeddable":true,"href":"https:\/\/inspiratio.ro\/en\/wp-json\/wp\/v2\/media\/8840"}],"wp:attachment":[{"href":"https:\/\/inspiratio.ro\/en\/wp-json\/wp\/v2\/media?parent=8835"}],"wp:term":[{"taxonomy":"pwb-brand","embeddable":true,"href":"https:\/\/inspiratio.ro\/en\/wp-json\/wp\/v2\/pwb-brand?post=8835"},{"taxonomy":"product_brand","embeddable":true,"href":"https:\/\/inspiratio.ro\/en\/wp-json\/wp\/v2\/product_brand?post=8835"},{"taxonomy":"product_cat","embeddable":true,"href":"https:\/\/inspiratio.ro\/en\/wp-json\/wp\/v2\/product_cat?post=8835"},{"taxonomy":"product_tag","embeddable":true,"href":"https:\/\/inspiratio.ro\/en\/wp-json\/wp\/v2\/product_tag?post=8835"}],"curies":[{"name":"wp","href":"https:\/\/api.w.org\/{rel}","templated":true}]}}