{"id":8826,"date":"2024-08-12T13:36:21","date_gmt":"2024-08-12T10:36:21","guid":{"rendered":"https:\/\/inspiratio.ro\/?post_type=product&#038;p=8826"},"modified":"2025-07-18T16:20:06","modified_gmt":"2025-07-18T13:20:06","slug":"por-e-carle-tati-te-rog-adu-mi-luna-de-pe-cer","status":"publish","type":"product","link":"https:\/\/inspiratio.ro\/en\/produs\/por-e-carle-tati-te-rog-adu-mi-luna-de-pe-cer\/","title":{"rendered":"E.Carle \u2013 Tati, te rog, adu-mi luna de pe cer"},"content":{"rendered":"<div class=\"product-meta\">\n<div class=\"btArticleShareEtc\">\n<div class=\"btTagsColumn\">\n<div class=\"btTags\">\n<p>ISBN: 9786306505364<\/p>\n<p>Edi\u021bie integral cartonat\u0103<\/p>\n<p>Num\u0103r pagini: 32<\/p>\n<p>Format: 13 X 18 cm<\/p>\n<p>V\u00e2rst\u0103: 0 &#8211; 5 ani<\/p>\n<\/div>\n<\/div>\n<\/div>\n<\/div>\n<div class=\"bt_bb_wrapper\" data-templates-time=\"\">\n<h2>Descriere<\/h2>\n<div class=\"bt_bb_wrapper\" data-templates-time=\"\">\n<p>Mare, rotund\u0103 \u015fi str\u0103lucitoare \u2014 e nespus de frumoas\u0103 luna pe cerul \u00eenstelat! \u00ce\u0163i vine s\u0103 \u00eentinzi m\u00e2na \u015fi s\u0103 te joci cu ea. Cum, e\u015fti \u00eenc\u0103 prea mic ca s\u0103 ajungi singur la lun\u0103? Atunci, roag\u0103-l pe tat\u0103l t\u0103u s\u0103 te ajute. Va g\u0103si, cu siguran\u0163\u0103, o cale.<\/p>\n<p>Una dintre cele mai frumoase c\u0103r\u0163i de Eric Carle, cu pagini pliate, care se desfac spectaculos \u00een sus, \u00een jos sau \u00een lateral, \u201eTati, te rog, adu-mi luna de pe cer\u201d este o poveste despre imagina\u0163ie \u015fi puterea dragostei p\u0103rin\u021bilor pentru copii.<\/p>\n<p align=\"center\"><img loading=\"lazy\" decoding=\"async\" class=\" lazyloaded\" src=\"https:\/\/portocala-albastra.ro\/wp-content\/uploads\/2021\/carti\/eric_carle_luna_03.jpg\" alt=\"Tati, te rog, adu-mi luna de pe cer\" width=\"375\" height=\"450\" data-src=\"https:\/\/portocala-albastra.ro\/wp-content\/uploads\/2021\/carti\/eric_carle_luna_03.jpg\" \/><\/p>\n<\/div>\n<\/div>\n","protected":false},"excerpt":{"rendered":"<p>ISBN: 9786306505364 Edi\u021bie integral cartonat\u0103 Num\u0103r pagini: 32 Format: 13 X 18 cm V\u00e2rst\u0103: 0 &#8211; 5 ani Descriere Mare, rotund\u0103 \u015fi str\u0103lucitoare \u2014 e nespus de frumoas\u0103 luna pe cerul \u00eenstelat! \u00ce\u0163i vine s\u0103 \u00eentinzi m\u00e2na \u015fi s\u0103 te joci cu ea. Cum, e\u015fti \u00eenc\u0103 prea mic ca s\u0103 ajungi singur la lun\u0103? Atunci, [&hellip;]<\/p>\n","protected":false},"featured_media":8833,"comment_status":"closed","ping_status":"closed","template":"","meta":[],"pwb-brand":[212],"product_brand":[244],"product_cat":[89,88,71],"product_tag":[],"class_list":{"0":"post-8826","1":"product","2":"type-product","3":"status-publish","4":"has-post-thumbnail","6":"pwb-brand-portocala-albastra","7":"product_brand-portocala-albastra","8":"product_cat-cadouri-pentru-copii","9":"product_cat-categorie-carte","10":"product_cat-carte","12":"first","13":"instock","14":"taxable","15":"shipping-taxable","16":"purchasable","17":"product-type-simple"},"yoast_head":"<!-- This site is optimized with the Yoast SEO plugin v26.9 - https:\/\/yoast.com\/product\/yoast-seo-wordpress\/ -->\n<title>POR E.Carle \u2013 Tati, te rog, adu-mi luna de pe cer - Inspiratio<\/title>\n<meta name=\"description\" content=\"POR E.Carle \u2013 Tati, te rog, adu-mi luna de pe cer\" \/>\n<meta name=\"robots\" content=\"index, follow, max-snippet:-1, max-image-preview:large, max-video-preview:-1\" \/>\n<link rel=\"canonical\" href=\"https:\/\/inspiratio.ro\/produs\/por-e-carle-tati-te-rog-adu-mi-luna-de-pe-cer\/\" \/>\n<meta property=\"og:locale\" content=\"en_US\" \/>\n<meta property=\"og:type\" content=\"article\" \/>\n<meta property=\"og:title\" content=\"POR E.Carle \u2013 Tati, te rog, adu-mi luna de pe cer - Inspiratio\" \/>\n<meta property=\"og:description\" content=\"POR E.Carle \u2013 Tati, te rog, adu-mi luna de pe cer\" \/>\n<meta property=\"og:url\" content=\"https:\/\/inspiratio.ro\/produs\/por-e-carle-tati-te-rog-adu-mi-luna-de-pe-cer\/\" \/>\n<meta property=\"og:site_name\" content=\"Inspiratio\" \/>\n<meta property=\"article:publisher\" content=\"https:\/\/www.facebook.com\/inspiratiogiftstudio\/\" \/>\n<meta property=\"article:modified_time\" content=\"2025-07-18T13:20:06+00:00\" \/>\n<meta property=\"og:image\" content=\"https:\/\/inspiratio.ro\/wp-content\/uploads\/2024\/08\/Tati-te-rog-adu-mi-luna-de-pe-cer-768x1022-1.png\" \/>\n\t<meta property=\"og:image:width\" content=\"768\" \/>\n\t<meta property=\"og:image:height\" content=\"1022\" \/>\n\t<meta property=\"og:image:type\" content=\"image\/png\" \/>\n<meta name=\"twitter:card\" content=\"summary_large_image\" \/>\n<meta name=\"twitter:label1\" content=\"Est. reading time\" \/>\n\t<meta name=\"twitter:data1\" content=\"1 minute\" \/>\n<script type=\"application\/ld+json\" class=\"yoast-schema-graph\">{\"@context\":\"https:\/\/schema.org\",\"@graph\":[{\"@type\":\"WebPage\",\"@id\":\"https:\/\/inspiratio.ro\/produs\/por-e-carle-tati-te-rog-adu-mi-luna-de-pe-cer\/\",\"url\":\"https:\/\/inspiratio.ro\/produs\/por-e-carle-tati-te-rog-adu-mi-luna-de-pe-cer\/\",\"name\":\"POR E.Carle \u2013 Tati, te rog, adu-mi luna de pe cer - Inspiratio\",\"isPartOf\":{\"@id\":\"https:\/\/inspiratio.ro\/#website\"},\"primaryImageOfPage\":{\"@id\":\"https:\/\/inspiratio.ro\/produs\/por-e-carle-tati-te-rog-adu-mi-luna-de-pe-cer\/#primaryimage\"},\"image\":{\"@id\":\"https:\/\/inspiratio.ro\/produs\/por-e-carle-tati-te-rog-adu-mi-luna-de-pe-cer\/#primaryimage\"},\"thumbnailUrl\":\"https:\/\/inspiratio.ro\/wp-content\/uploads\/2024\/08\/Tati-te-rog-adu-mi-luna-de-pe-cer-768x1022-1.png\",\"datePublished\":\"2024-08-12T10:36:21+00:00\",\"dateModified\":\"2025-07-18T13:20:06+00:00\",\"description\":\"POR E.Carle \u2013 Tati, te rog, adu-mi luna de pe cer\",\"breadcrumb\":{\"@id\":\"https:\/\/inspiratio.ro\/produs\/por-e-carle-tati-te-rog-adu-mi-luna-de-pe-cer\/#breadcrumb\"},\"inLanguage\":\"en-US\",\"potentialAction\":[{\"@type\":\"ReadAction\",\"target\":[\"https:\/\/inspiratio.ro\/produs\/por-e-carle-tati-te-rog-adu-mi-luna-de-pe-cer\/\"]}]},{\"@type\":\"ImageObject\",\"inLanguage\":\"en-US\",\"@id\":\"https:\/\/inspiratio.ro\/produs\/por-e-carle-tati-te-rog-adu-mi-luna-de-pe-cer\/#primaryimage\",\"url\":\"https:\/\/inspiratio.ro\/wp-content\/uploads\/2024\/08\/Tati-te-rog-adu-mi-luna-de-pe-cer-768x1022-1.png\",\"contentUrl\":\"https:\/\/inspiratio.ro\/wp-content\/uploads\/2024\/08\/Tati-te-rog-adu-mi-luna-de-pe-cer-768x1022-1.png\",\"width\":768,\"height\":1022},{\"@type\":\"BreadcrumbList\",\"@id\":\"https:\/\/inspiratio.ro\/produs\/por-e-carle-tati-te-rog-adu-mi-luna-de-pe-cer\/#breadcrumb\",\"itemListElement\":[{\"@type\":\"ListItem\",\"position\":1,\"name\":\"Shop\",\"item\":\"https:\/\/inspiratio.ro\/magazin-cadouri\/\"},{\"@type\":\"ListItem\",\"position\":2,\"name\":\"POR E.Carle \u2013 Tati, te rog, adu-mi luna de pe cer\"}]},{\"@type\":\"WebSite\",\"@id\":\"https:\/\/inspiratio.ro\/#website\",\"url\":\"https:\/\/inspiratio.ro\/\",\"name\":\"Inspiratio\",\"description\":\"Las\u0103-te purtat de inspira\u021bie\",\"publisher\":{\"@id\":\"https:\/\/inspiratio.ro\/#organization\"},\"potentialAction\":[{\"@type\":\"SearchAction\",\"target\":{\"@type\":\"EntryPoint\",\"urlTemplate\":\"https:\/\/inspiratio.ro\/?s={search_term_string}\"},\"query-input\":{\"@type\":\"PropertyValueSpecification\",\"valueRequired\":true,\"valueName\":\"search_term_string\"}}],\"inLanguage\":\"en-US\"},{\"@type\":\"Organization\",\"@id\":\"https:\/\/inspiratio.ro\/#organization\",\"name\":\"Inspiratio\",\"url\":\"https:\/\/inspiratio.ro\/\",\"logo\":{\"@type\":\"ImageObject\",\"inLanguage\":\"en-US\",\"@id\":\"https:\/\/inspiratio.ro\/#\/schema\/logo\/image\/\",\"url\":\"https:\/\/inspiratio.ro\/wp-content\/uploads\/2020\/06\/logo-inspiratio.png\",\"contentUrl\":\"https:\/\/inspiratio.ro\/wp-content\/uploads\/2020\/06\/logo-inspiratio.png\",\"width\":232,\"height\":209,\"caption\":\"Inspiratio\"},\"image\":{\"@id\":\"https:\/\/inspiratio.ro\/#\/schema\/logo\/image\/\"},\"sameAs\":[\"https:\/\/www.facebook.com\/inspiratiogiftstudio\/\",\"https:\/\/www.instagram.com\/inspiratio_giftstudio\/\"]}]}<\/script>\n<!-- \/ Yoast SEO plugin. -->","yoast_head_json":{"title":"POR E.Carle \u2013 Tati, te rog, adu-mi luna de pe cer - Inspiratio","description":"POR E.Carle \u2013 Tati, te rog, adu-mi luna de pe cer","robots":{"index":"index","follow":"follow","max-snippet":"max-snippet:-1","max-image-preview":"max-image-preview:large","max-video-preview":"max-video-preview:-1"},"canonical":"https:\/\/inspiratio.ro\/produs\/por-e-carle-tati-te-rog-adu-mi-luna-de-pe-cer\/","og_locale":"en_US","og_type":"article","og_title":"POR E.Carle \u2013 Tati, te rog, adu-mi luna de pe cer - Inspiratio","og_description":"POR E.Carle \u2013 Tati, te rog, adu-mi luna de pe cer","og_url":"https:\/\/inspiratio.ro\/produs\/por-e-carle-tati-te-rog-adu-mi-luna-de-pe-cer\/","og_site_name":"Inspiratio","article_publisher":"https:\/\/www.facebook.com\/inspiratiogiftstudio\/","article_modified_time":"2025-07-18T13:20:06+00:00","og_image":[{"width":768,"height":1022,"url":"https:\/\/inspiratio.ro\/wp-content\/uploads\/2024\/08\/Tati-te-rog-adu-mi-luna-de-pe-cer-768x1022-1.png","type":"image\/png"}],"twitter_card":"summary_large_image","twitter_misc":{"Est. reading time":"1 minute"},"schema":{"@context":"https:\/\/schema.org","@graph":[{"@type":"WebPage","@id":"https:\/\/inspiratio.ro\/produs\/por-e-carle-tati-te-rog-adu-mi-luna-de-pe-cer\/","url":"https:\/\/inspiratio.ro\/produs\/por-e-carle-tati-te-rog-adu-mi-luna-de-pe-cer\/","name":"POR E.Carle \u2013 Tati, te rog, adu-mi luna de pe cer - Inspiratio","isPartOf":{"@id":"https:\/\/inspiratio.ro\/#website"},"primaryImageOfPage":{"@id":"https:\/\/inspiratio.ro\/produs\/por-e-carle-tati-te-rog-adu-mi-luna-de-pe-cer\/#primaryimage"},"image":{"@id":"https:\/\/inspiratio.ro\/produs\/por-e-carle-tati-te-rog-adu-mi-luna-de-pe-cer\/#primaryimage"},"thumbnailUrl":"https:\/\/inspiratio.ro\/wp-content\/uploads\/2024\/08\/Tati-te-rog-adu-mi-luna-de-pe-cer-768x1022-1.png","datePublished":"2024-08-12T10:36:21+00:00","dateModified":"2025-07-18T13:20:06+00:00","description":"POR E.Carle \u2013 Tati, te rog, adu-mi luna de pe cer","breadcrumb":{"@id":"https:\/\/inspiratio.ro\/produs\/por-e-carle-tati-te-rog-adu-mi-luna-de-pe-cer\/#breadcrumb"},"inLanguage":"en-US","potentialAction":[{"@type":"ReadAction","target":["https:\/\/inspiratio.ro\/produs\/por-e-carle-tati-te-rog-adu-mi-luna-de-pe-cer\/"]}]},{"@type":"ImageObject","inLanguage":"en-US","@id":"https:\/\/inspiratio.ro\/produs\/por-e-carle-tati-te-rog-adu-mi-luna-de-pe-cer\/#primaryimage","url":"https:\/\/inspiratio.ro\/wp-content\/uploads\/2024\/08\/Tati-te-rog-adu-mi-luna-de-pe-cer-768x1022-1.png","contentUrl":"https:\/\/inspiratio.ro\/wp-content\/uploads\/2024\/08\/Tati-te-rog-adu-mi-luna-de-pe-cer-768x1022-1.png","width":768,"height":1022},{"@type":"BreadcrumbList","@id":"https:\/\/inspiratio.ro\/produs\/por-e-carle-tati-te-rog-adu-mi-luna-de-pe-cer\/#breadcrumb","itemListElement":[{"@type":"ListItem","position":1,"name":"Shop","item":"https:\/\/inspiratio.ro\/magazin-cadouri\/"},{"@type":"ListItem","position":2,"name":"POR E.Carle \u2013 Tati, te rog, adu-mi luna de pe cer"}]},{"@type":"WebSite","@id":"https:\/\/inspiratio.ro\/#website","url":"https:\/\/inspiratio.ro\/","name":"Inspiratio","description":"Las\u0103-te purtat de inspira\u021bie","publisher":{"@id":"https:\/\/inspiratio.ro\/#organization"},"potentialAction":[{"@type":"SearchAction","target":{"@type":"EntryPoint","urlTemplate":"https:\/\/inspiratio.ro\/?s={search_term_string}"},"query-input":{"@type":"PropertyValueSpecification","valueRequired":true,"valueName":"search_term_string"}}],"inLanguage":"en-US"},{"@type":"Organization","@id":"https:\/\/inspiratio.ro\/#organization","name":"Inspiratio","url":"https:\/\/inspiratio.ro\/","logo":{"@type":"ImageObject","inLanguage":"en-US","@id":"https:\/\/inspiratio.ro\/#\/schema\/logo\/image\/","url":"https:\/\/inspiratio.ro\/wp-content\/uploads\/2020\/06\/logo-inspiratio.png","contentUrl":"https:\/\/inspiratio.ro\/wp-content\/uploads\/2020\/06\/logo-inspiratio.png","width":232,"height":209,"caption":"Inspiratio"},"image":{"@id":"https:\/\/inspiratio.ro\/#\/schema\/logo\/image\/"},"sameAs":["https:\/\/www.facebook.com\/inspiratiogiftstudio\/","https:\/\/www.instagram.com\/inspiratio_giftstudio\/"]}]}},"brands":[{"id":212,"name":"Portocala Albastr\u0103","slug":"portocala-albastra"}],"_links":{"self":[{"href":"https:\/\/inspiratio.ro\/en\/wp-json\/wp\/v2\/product\/8826","targetHints":{"allow":["GET"]}}],"collection":[{"href":"https:\/\/inspiratio.ro\/en\/wp-json\/wp\/v2\/product"}],"about":[{"href":"https:\/\/inspiratio.ro\/en\/wp-json\/wp\/v2\/types\/product"}],"replies":[{"embeddable":true,"href":"https:\/\/inspiratio.ro\/en\/wp-json\/wp\/v2\/comments?post=8826"}],"wp:featuredmedia":[{"embeddable":true,"href":"https:\/\/inspiratio.ro\/en\/wp-json\/wp\/v2\/media\/8833"}],"wp:attachment":[{"href":"https:\/\/inspiratio.ro\/en\/wp-json\/wp\/v2\/media?parent=8826"}],"wp:term":[{"taxonomy":"pwb-brand","embeddable":true,"href":"https:\/\/inspiratio.ro\/en\/wp-json\/wp\/v2\/pwb-brand?post=8826"},{"taxonomy":"product_brand","embeddable":true,"href":"https:\/\/inspiratio.ro\/en\/wp-json\/wp\/v2\/product_brand?post=8826"},{"taxonomy":"product_cat","embeddable":true,"href":"https:\/\/inspiratio.ro\/en\/wp-json\/wp\/v2\/product_cat?post=8826"},{"taxonomy":"product_tag","embeddable":true,"href":"https:\/\/inspiratio.ro\/en\/wp-json\/wp\/v2\/product_tag?post=8826"}],"curies":[{"name":"wp","href":"https:\/\/api.w.org\/{rel}","templated":true}]}}