{"id":8822,"date":"2024-08-12T13:10:17","date_gmt":"2024-08-12T10:10:17","guid":{"rendered":"https:\/\/inspiratio.ro\/?post_type=product&#038;p=8822"},"modified":"2025-10-14T16:40:41","modified_gmt":"2025-10-14T13:40:41","slug":"por-e-carle-omida-mancacioasa","status":"publish","type":"product","link":"https:\/\/inspiratio.ro\/en\/produs\/por-e-carle-omida-mancacioasa\/","title":{"rendered":"E.Carle \u2013 Omida m\u00e2nc\u0103cioas\u0103"},"content":{"rendered":"<div class=\"product-meta\">\n<div class=\"btArticleShareEtc\">\n<div class=\"btTagsColumn\">\n<div class=\"btTags\">\n<p>ISBN: 9786306505371<\/p>\n<p>Edi\u021bie integral cartonat\u0103<\/p>\n<p>Num\u0103r pagini: 16<\/p>\n<p>Format: 18 X 13 cm<\/p>\n<p>V\u00e2rst\u0103: 0 &#8211; 5 ani<\/p>\n<\/div>\n<\/div>\n<\/div>\n<\/div>\n<div class=\"bt_bb_wrapper\" data-templates-time=\"\">\n<h2>Descriere<\/h2>\n<div class=\"bt_bb_wrapper\" data-templates-time=\"\">\n<p>O mic\u0103 omid\u0103 iese din ou, foarte \u00eenfometat\u0103, \u015fi porne\u015fte la drum s\u0103 caute de m\u00e2ncare. Luni g\u0103se\u015fte un m\u0103r, mar\u0163i m\u0103n\u00e2nc\u0103 dou\u0103 pere, miercuri trei prune \u015fi a\u015fa mai departe, p\u00e2n\u0103 s\u00e2mb\u0103t\u0103 c\u00e2nd deja o doare burtica de c\u00e2t de mult a m\u00e2ncat. \u00ce\u015fi revine ron\u0163\u0103ind o frunz\u0103 fraged\u0103 \u015fi verde\u2026 Se retrage apoi foarte obosit\u0103 \u00een cocon \u015fi doarme dou\u0103 s\u0103pt\u0103m\u00e2ni. C\u00e2nd se treze\u015fte \u015fi iese din cocon se transform\u0103 \u00eentr-un minunat fluture.<\/p>\n<p>Paginile cartonate, cu decupaje \u015fi cu col\u0163uri rotunjite transform\u0103 aceast\u0103 carte \u00eentr-o adev\u0103rat\u0103 juc\u0103rie, atractiv\u0103 \u015fi rezistent\u0103.<\/p>\n<p>\u201e<strong>Omida m\u00e2nc\u0103cioas\u0103<\/strong>\u00a0<em>(The Very Hungry Caterpillar)<\/em>\u00a0este una dintre cele mai de succes c\u0103r\u0163i ilustrate publicate vreodat\u0103, un adev\u0103rat simbol al copil\u0103riei.\u201d (New York Times)<\/p>\n<p align=\"center\"><img loading=\"lazy\" decoding=\"async\" class=\"alignnone lazyloaded\" src=\"https:\/\/portocala-albastra.ro\/wp-content\/uploads\/2023\/04\/omida-mancacioasa-interior-1.webp\" alt=\"Omida m\u00e2nc\u0103cioas\u0103\" width=\"530\" height=\"291\" data-src=\"https:\/\/portocala-albastra.ro\/wp-content\/uploads\/2023\/04\/omida-mancacioasa-interior-1.webp\" \/><\/p>\n<p>Aceast\u0103 poveste despre o mic\u0103 omid\u0103 care se metamorfozeaz\u0103 \u00eentr-un minunat fluture, dezarmant\u0103 \u00een simplitatea ei, a fost apreciat\u0103 de genera\u0163ii la r\u00e2nd de copii, p\u0103rin\u0163i \u015fi educatori. Este iubit\u0103 pentru mesajul de speran\u0163\u0103, pentru colajele cu minunate combina\u0163ii de culori sau g\u0103urelele ce marcheaz\u0103 drumul omizii \u015fi stimuleaz\u0103 degetele micu\u0163ilor cititori s\u0103 o descopere, \u00eencep\u00e2nd totodat\u0103 \u015fi c\u0103l\u0103toria \u00een extraordinara lume a c\u0103r\u0163ilor.<\/p>\n<p>\u201eAcum 40 de ani, \u00een timp ce experimentam f\u0103c\u00e2nd g\u0103urele cu un perforator \u00een h\u00e2rtie, mi-am imaginat un viermi\u015for care roade pagina \u015fi astfel s-a n\u0103scut ideea c\u0103r\u0163ii. Pentru mine,\u00a0<strong>Omida m\u00e2nc\u0103cioas\u0103\u00a0<\/strong>este o poveste despre speran\u0163\u0103 \u015fi m\u0103 bucur foarte mult c\u0103 este iubit\u0103 \u00een toat\u0103 lumea. Sper ca aceast\u0103 poveste s\u0103 continue s\u0103 \u00eenc\u00e2nte cititori de toate v\u00e2rstele \u015fi-mi doresc ca mesajul ei s\u0103 \u00eencurajeze c\u00e2t mai mul\u0163i copii s\u0103 creasc\u0103 \u015fi s\u0103 se dezvolte \u00een mod pozitiv.\u201d Eric Carle, 2009<\/p>\n<\/div>\n<p align=\"center\">\n<\/div>\n","protected":false},"excerpt":{"rendered":"<p>ISBN: 9786306505371 Edi\u021bie integral cartonat\u0103 Num\u0103r pagini: 16 Format: 18 X 13 cm V\u00e2rst\u0103: 0 &#8211; 5 ani Descriere O mic\u0103 omid\u0103 iese din ou, foarte \u00eenfometat\u0103, \u015fi porne\u015fte la drum s\u0103 caute de m\u00e2ncare. Luni g\u0103se\u015fte un m\u0103r, mar\u0163i m\u0103n\u00e2nc\u0103 dou\u0103 pere, miercuri trei prune \u015fi a\u015fa mai departe, p\u00e2n\u0103 s\u00e2mb\u0103t\u0103 c\u00e2nd deja o [&hellip;]<\/p>\n","protected":false},"featured_media":8824,"comment_status":"closed","ping_status":"closed","template":"","meta":[],"pwb-brand":[212],"product_brand":[244],"product_cat":[89,88,71],"product_tag":[],"class_list":{"0":"post-8822","1":"product","2":"type-product","3":"status-publish","4":"has-post-thumbnail","6":"pwb-brand-portocala-albastra","7":"product_brand-portocala-albastra","8":"product_cat-cadouri-pentru-copii","9":"product_cat-categorie-carte","10":"product_cat-carte","12":"first","13":"instock","14":"taxable","15":"shipping-taxable","16":"purchasable","17":"product-type-simple"},"yoast_head":"<!-- This site is optimized with the Yoast SEO plugin v26.9 - https:\/\/yoast.com\/product\/yoast-seo-wordpress\/ -->\n<title>POR E.Carle \u2013 Omida m\u00e2nc\u0103cioas\u0103 - Inspiratio<\/title>\n<meta name=\"description\" content=\"POR E.Carle \u2013 Omida m\u00e2nc\u0103cioas\u0103\" \/>\n<meta name=\"robots\" content=\"index, follow, max-snippet:-1, max-image-preview:large, max-video-preview:-1\" \/>\n<link rel=\"canonical\" href=\"https:\/\/inspiratio.ro\/produs\/por-e-carle-omida-mancacioasa\/\" \/>\n<meta property=\"og:locale\" content=\"en_US\" \/>\n<meta property=\"og:type\" content=\"article\" \/>\n<meta property=\"og:title\" content=\"POR E.Carle \u2013 Omida m\u00e2nc\u0103cioas\u0103 - Inspiratio\" \/>\n<meta property=\"og:description\" content=\"POR E.Carle \u2013 Omida m\u00e2nc\u0103cioas\u0103\" \/>\n<meta property=\"og:url\" content=\"https:\/\/inspiratio.ro\/produs\/por-e-carle-omida-mancacioasa\/\" \/>\n<meta property=\"og:site_name\" content=\"Inspiratio\" \/>\n<meta property=\"article:publisher\" content=\"https:\/\/www.facebook.com\/inspiratiogiftstudio\/\" \/>\n<meta property=\"article:modified_time\" content=\"2025-10-14T13:40:41+00:00\" \/>\n<meta property=\"og:image\" content=\"https:\/\/inspiratio.ro\/wp-content\/uploads\/2024\/08\/Omida-mancaciosa-768x580-1.png\" \/>\n\t<meta property=\"og:image:width\" content=\"768\" \/>\n\t<meta property=\"og:image:height\" content=\"580\" \/>\n\t<meta property=\"og:image:type\" content=\"image\/png\" \/>\n<meta name=\"twitter:card\" content=\"summary_large_image\" \/>\n<meta name=\"twitter:label1\" content=\"Est. reading time\" \/>\n\t<meta name=\"twitter:data1\" content=\"2 minutes\" \/>\n<script type=\"application\/ld+json\" class=\"yoast-schema-graph\">{\"@context\":\"https:\/\/schema.org\",\"@graph\":[{\"@type\":\"WebPage\",\"@id\":\"https:\/\/inspiratio.ro\/produs\/por-e-carle-omida-mancacioasa\/\",\"url\":\"https:\/\/inspiratio.ro\/produs\/por-e-carle-omida-mancacioasa\/\",\"name\":\"POR E.Carle \u2013 Omida m\u00e2nc\u0103cioas\u0103 - Inspiratio\",\"isPartOf\":{\"@id\":\"https:\/\/inspiratio.ro\/#website\"},\"primaryImageOfPage\":{\"@id\":\"https:\/\/inspiratio.ro\/produs\/por-e-carle-omida-mancacioasa\/#primaryimage\"},\"image\":{\"@id\":\"https:\/\/inspiratio.ro\/produs\/por-e-carle-omida-mancacioasa\/#primaryimage\"},\"thumbnailUrl\":\"https:\/\/inspiratio.ro\/wp-content\/uploads\/2024\/08\/Omida-mancaciosa-768x580-1.png\",\"datePublished\":\"2024-08-12T10:10:17+00:00\",\"dateModified\":\"2025-10-14T13:40:41+00:00\",\"description\":\"POR E.Carle \u2013 Omida m\u00e2nc\u0103cioas\u0103\",\"breadcrumb\":{\"@id\":\"https:\/\/inspiratio.ro\/produs\/por-e-carle-omida-mancacioasa\/#breadcrumb\"},\"inLanguage\":\"en-US\",\"potentialAction\":[{\"@type\":\"ReadAction\",\"target\":[\"https:\/\/inspiratio.ro\/produs\/por-e-carle-omida-mancacioasa\/\"]}]},{\"@type\":\"ImageObject\",\"inLanguage\":\"en-US\",\"@id\":\"https:\/\/inspiratio.ro\/produs\/por-e-carle-omida-mancacioasa\/#primaryimage\",\"url\":\"https:\/\/inspiratio.ro\/wp-content\/uploads\/2024\/08\/Omida-mancaciosa-768x580-1.png\",\"contentUrl\":\"https:\/\/inspiratio.ro\/wp-content\/uploads\/2024\/08\/Omida-mancaciosa-768x580-1.png\",\"width\":768,\"height\":580},{\"@type\":\"BreadcrumbList\",\"@id\":\"https:\/\/inspiratio.ro\/produs\/por-e-carle-omida-mancacioasa\/#breadcrumb\",\"itemListElement\":[{\"@type\":\"ListItem\",\"position\":1,\"name\":\"Shop\",\"item\":\"https:\/\/inspiratio.ro\/magazin-cadouri\/\"},{\"@type\":\"ListItem\",\"position\":2,\"name\":\"POR E.Carle \u2013 Omida m\u00e2nc\u0103cioas\u0103\"}]},{\"@type\":\"WebSite\",\"@id\":\"https:\/\/inspiratio.ro\/#website\",\"url\":\"https:\/\/inspiratio.ro\/\",\"name\":\"Inspiratio\",\"description\":\"Las\u0103-te purtat de inspira\u021bie\",\"publisher\":{\"@id\":\"https:\/\/inspiratio.ro\/#organization\"},\"potentialAction\":[{\"@type\":\"SearchAction\",\"target\":{\"@type\":\"EntryPoint\",\"urlTemplate\":\"https:\/\/inspiratio.ro\/?s={search_term_string}\"},\"query-input\":{\"@type\":\"PropertyValueSpecification\",\"valueRequired\":true,\"valueName\":\"search_term_string\"}}],\"inLanguage\":\"en-US\"},{\"@type\":\"Organization\",\"@id\":\"https:\/\/inspiratio.ro\/#organization\",\"name\":\"Inspiratio\",\"url\":\"https:\/\/inspiratio.ro\/\",\"logo\":{\"@type\":\"ImageObject\",\"inLanguage\":\"en-US\",\"@id\":\"https:\/\/inspiratio.ro\/#\/schema\/logo\/image\/\",\"url\":\"https:\/\/inspiratio.ro\/wp-content\/uploads\/2020\/06\/logo-inspiratio.png\",\"contentUrl\":\"https:\/\/inspiratio.ro\/wp-content\/uploads\/2020\/06\/logo-inspiratio.png\",\"width\":232,\"height\":209,\"caption\":\"Inspiratio\"},\"image\":{\"@id\":\"https:\/\/inspiratio.ro\/#\/schema\/logo\/image\/\"},\"sameAs\":[\"https:\/\/www.facebook.com\/inspiratiogiftstudio\/\",\"https:\/\/www.instagram.com\/inspiratio_giftstudio\/\"]}]}<\/script>\n<!-- \/ Yoast SEO plugin. -->","yoast_head_json":{"title":"POR E.Carle \u2013 Omida m\u00e2nc\u0103cioas\u0103 - Inspiratio","description":"POR E.Carle \u2013 Omida m\u00e2nc\u0103cioas\u0103","robots":{"index":"index","follow":"follow","max-snippet":"max-snippet:-1","max-image-preview":"max-image-preview:large","max-video-preview":"max-video-preview:-1"},"canonical":"https:\/\/inspiratio.ro\/produs\/por-e-carle-omida-mancacioasa\/","og_locale":"en_US","og_type":"article","og_title":"POR E.Carle \u2013 Omida m\u00e2nc\u0103cioas\u0103 - Inspiratio","og_description":"POR E.Carle \u2013 Omida m\u00e2nc\u0103cioas\u0103","og_url":"https:\/\/inspiratio.ro\/produs\/por-e-carle-omida-mancacioasa\/","og_site_name":"Inspiratio","article_publisher":"https:\/\/www.facebook.com\/inspiratiogiftstudio\/","article_modified_time":"2025-10-14T13:40:41+00:00","og_image":[{"width":768,"height":580,"url":"https:\/\/inspiratio.ro\/wp-content\/uploads\/2024\/08\/Omida-mancaciosa-768x580-1.png","type":"image\/png"}],"twitter_card":"summary_large_image","twitter_misc":{"Est. reading time":"2 minutes"},"schema":{"@context":"https:\/\/schema.org","@graph":[{"@type":"WebPage","@id":"https:\/\/inspiratio.ro\/produs\/por-e-carle-omida-mancacioasa\/","url":"https:\/\/inspiratio.ro\/produs\/por-e-carle-omida-mancacioasa\/","name":"POR E.Carle \u2013 Omida m\u00e2nc\u0103cioas\u0103 - Inspiratio","isPartOf":{"@id":"https:\/\/inspiratio.ro\/#website"},"primaryImageOfPage":{"@id":"https:\/\/inspiratio.ro\/produs\/por-e-carle-omida-mancacioasa\/#primaryimage"},"image":{"@id":"https:\/\/inspiratio.ro\/produs\/por-e-carle-omida-mancacioasa\/#primaryimage"},"thumbnailUrl":"https:\/\/inspiratio.ro\/wp-content\/uploads\/2024\/08\/Omida-mancaciosa-768x580-1.png","datePublished":"2024-08-12T10:10:17+00:00","dateModified":"2025-10-14T13:40:41+00:00","description":"POR E.Carle \u2013 Omida m\u00e2nc\u0103cioas\u0103","breadcrumb":{"@id":"https:\/\/inspiratio.ro\/produs\/por-e-carle-omida-mancacioasa\/#breadcrumb"},"inLanguage":"en-US","potentialAction":[{"@type":"ReadAction","target":["https:\/\/inspiratio.ro\/produs\/por-e-carle-omida-mancacioasa\/"]}]},{"@type":"ImageObject","inLanguage":"en-US","@id":"https:\/\/inspiratio.ro\/produs\/por-e-carle-omida-mancacioasa\/#primaryimage","url":"https:\/\/inspiratio.ro\/wp-content\/uploads\/2024\/08\/Omida-mancaciosa-768x580-1.png","contentUrl":"https:\/\/inspiratio.ro\/wp-content\/uploads\/2024\/08\/Omida-mancaciosa-768x580-1.png","width":768,"height":580},{"@type":"BreadcrumbList","@id":"https:\/\/inspiratio.ro\/produs\/por-e-carle-omida-mancacioasa\/#breadcrumb","itemListElement":[{"@type":"ListItem","position":1,"name":"Shop","item":"https:\/\/inspiratio.ro\/magazin-cadouri\/"},{"@type":"ListItem","position":2,"name":"POR E.Carle \u2013 Omida m\u00e2nc\u0103cioas\u0103"}]},{"@type":"WebSite","@id":"https:\/\/inspiratio.ro\/#website","url":"https:\/\/inspiratio.ro\/","name":"Inspiratio","description":"Las\u0103-te purtat de inspira\u021bie","publisher":{"@id":"https:\/\/inspiratio.ro\/#organization"},"potentialAction":[{"@type":"SearchAction","target":{"@type":"EntryPoint","urlTemplate":"https:\/\/inspiratio.ro\/?s={search_term_string}"},"query-input":{"@type":"PropertyValueSpecification","valueRequired":true,"valueName":"search_term_string"}}],"inLanguage":"en-US"},{"@type":"Organization","@id":"https:\/\/inspiratio.ro\/#organization","name":"Inspiratio","url":"https:\/\/inspiratio.ro\/","logo":{"@type":"ImageObject","inLanguage":"en-US","@id":"https:\/\/inspiratio.ro\/#\/schema\/logo\/image\/","url":"https:\/\/inspiratio.ro\/wp-content\/uploads\/2020\/06\/logo-inspiratio.png","contentUrl":"https:\/\/inspiratio.ro\/wp-content\/uploads\/2020\/06\/logo-inspiratio.png","width":232,"height":209,"caption":"Inspiratio"},"image":{"@id":"https:\/\/inspiratio.ro\/#\/schema\/logo\/image\/"},"sameAs":["https:\/\/www.facebook.com\/inspiratiogiftstudio\/","https:\/\/www.instagram.com\/inspiratio_giftstudio\/"]}]}},"brands":[{"id":212,"name":"Portocala Albastr\u0103","slug":"portocala-albastra"}],"_links":{"self":[{"href":"https:\/\/inspiratio.ro\/en\/wp-json\/wp\/v2\/product\/8822","targetHints":{"allow":["GET"]}}],"collection":[{"href":"https:\/\/inspiratio.ro\/en\/wp-json\/wp\/v2\/product"}],"about":[{"href":"https:\/\/inspiratio.ro\/en\/wp-json\/wp\/v2\/types\/product"}],"replies":[{"embeddable":true,"href":"https:\/\/inspiratio.ro\/en\/wp-json\/wp\/v2\/comments?post=8822"}],"wp:featuredmedia":[{"embeddable":true,"href":"https:\/\/inspiratio.ro\/en\/wp-json\/wp\/v2\/media\/8824"}],"wp:attachment":[{"href":"https:\/\/inspiratio.ro\/en\/wp-json\/wp\/v2\/media?parent=8822"}],"wp:term":[{"taxonomy":"pwb-brand","embeddable":true,"href":"https:\/\/inspiratio.ro\/en\/wp-json\/wp\/v2\/pwb-brand?post=8822"},{"taxonomy":"product_brand","embeddable":true,"href":"https:\/\/inspiratio.ro\/en\/wp-json\/wp\/v2\/product_brand?post=8822"},{"taxonomy":"product_cat","embeddable":true,"href":"https:\/\/inspiratio.ro\/en\/wp-json\/wp\/v2\/product_cat?post=8822"},{"taxonomy":"product_tag","embeddable":true,"href":"https:\/\/inspiratio.ro\/en\/wp-json\/wp\/v2\/product_tag?post=8822"}],"curies":[{"name":"wp","href":"https:\/\/api.w.org\/{rel}","templated":true}]}}