{"id":8807,"date":"2024-08-08T16:03:05","date_gmt":"2024-08-08T13:03:05","guid":{"rendered":"https:\/\/inspiratio.ro\/?post_type=product&#038;p=8807"},"modified":"2025-08-08T17:01:57","modified_gmt":"2025-08-08T14:01:57","slug":"por-e-beskow-ghindoc-lina-si-samburel","status":"publish","type":"product","link":"https:\/\/inspiratio.ro\/en\/produs\/por-e-beskow-ghindoc-lina-si-samburel\/","title":{"rendered":"E. Beskow \u2013 Ghindoc, Lina \u0219i S\u00e2mburel"},"content":{"rendered":"<div class=\"product-meta\">\n<div class=\"btArticleShareEtc\">\n<div class=\"btTagsColumn\">\n<div class=\"btTags\">\n<p>ISBN: 9786306505241<\/p>\n<\/div>\n<\/div>\n<\/div>\n<\/div>\n<div class=\"product_additional_details legals\">\n<div class=\"legal_info\">\n<p>Edi\u021bie cartonat\u0103<\/p>\n<p>Num\u0103r pagini: 32<\/p>\n<p>Format: 21 X 26 cm<\/p>\n<p>V\u00e2rst\u0103: 4 &#8211; 8 ani<\/p>\n<\/div>\n<\/div>\n<div class=\"bt_bb_wrapper\" data-templates-time=\"\">\n<h2>Descriere<\/h2>\n<div class=\"bt_bb_wrapper\" data-templates-time=\"\">\n<p>Ghindoc \u0219i S\u00e2mburel, b\u0103ie\u021bii-ghind\u0103 mereu pu\u0219i pe \u0219otii, locuiesc \u00eempreun\u0103 cu familia lor \u00een v\u00e2rful unui stejar. \u00centr-o frumoas\u0103 zi de toamn\u0103, copiii \u00eei promit mamei s\u0103 o ajute cu proviziile de iarn\u0103 \u0219i pornesc s\u0103 caute ghinde prin p\u0103dure. Deodat\u0103 se st\u00e2rne\u0219te un v\u00e2nt puternic, iar cei doi b\u0103ie\u021ba\u0219i se urc\u0103 pe o frunz\u0103 uria\u0219\u0103, fiind astfel purta\u021bi de v\u00e2nt \u00een zbor, departe de cas\u0103, \u00een p\u0103durea necunoscut\u0103. Vor reu\u0219i, oare, s\u0103 se \u00eentoarc\u0103 cu bine \u00eenapoi? Cine va porni \u00een c\u0103utarea lor \u0219i cum \u00eei va a\u0219tepta mama Ghind\u0103 acas\u0103?<\/p>\n<p>O poveste care ne \u021bine cu sufletul la gur\u0103 \u0219i \u00een care descoperim p\u0103durea cum nu ne-am fi \u00eenchipuit-o, cu locuitori inimo\u0219i care se ajut\u0103 la greu, dar \u0219i cu pericole de care trebuie s\u0103 \u0219tii s\u0103 te p\u0103ze\u0219ti, cu m\u0103tu\u0219i-spiridu\u0219i sp\u0103l\u00e2nd de zor b\u0103rbile trolilor, dar \u0219i cu prieteni ne\u00eentrecu\u021bi la reparat lucruri, inventat jocuri \u0219i n\u0103scocit pove\u0219ti. \u0218i, bine\u00een\u021beles, cu o petrecere pe cinste, de la care nu lipsesc alunele coapte la soare \u0219i mustul de m\u0103ce\u0219e, la lumina licuricilor, de bucurie c\u0103 totul se termin\u0103 cu bine.<\/p>\n<\/div>\n<p align=\"center\">\n<\/div>\n","protected":false},"excerpt":{"rendered":"<p>ISBN: 9786306505241 Edi\u021bie cartonat\u0103 Num\u0103r pagini: 32 Format: 21 X 26 cm V\u00e2rst\u0103: 4 &#8211; 8 ani Descriere Ghindoc \u0219i S\u00e2mburel, b\u0103ie\u021bii-ghind\u0103 mereu pu\u0219i pe \u0219otii, locuiesc \u00eempreun\u0103 cu familia lor \u00een v\u00e2rful unui stejar. \u00centr-o frumoas\u0103 zi de toamn\u0103, copiii \u00eei promit mamei s\u0103 o ajute cu proviziile de iarn\u0103 \u0219i pornesc s\u0103 caute [&hellip;]<\/p>\n","protected":false},"featured_media":8808,"comment_status":"closed","ping_status":"closed","template":"","meta":[],"pwb-brand":[212],"product_brand":[244],"product_cat":[89,88,71],"product_tag":[],"class_list":{"0":"post-8807","1":"product","2":"type-product","3":"status-publish","4":"has-post-thumbnail","6":"pwb-brand-portocala-albastra","7":"product_brand-portocala-albastra","8":"product_cat-cadouri-pentru-copii","9":"product_cat-categorie-carte","10":"product_cat-carte","12":"first","13":"instock","14":"taxable","15":"shipping-taxable","16":"purchasable","17":"product-type-simple"},"yoast_head":"<!-- This site is optimized with the Yoast SEO plugin v26.9 - https:\/\/yoast.com\/product\/yoast-seo-wordpress\/ -->\n<title>POR E. Beskow \u2013 Ghindoc, Lina \u0219i S\u00e2mburel - Inspiratio<\/title>\n<meta name=\"description\" content=\"POR E. Beskow \u2013 Ghindoc, Lina \u0219i S\u00e2mburel\" \/>\n<meta name=\"robots\" content=\"index, follow, max-snippet:-1, max-image-preview:large, max-video-preview:-1\" \/>\n<link rel=\"canonical\" href=\"https:\/\/inspiratio.ro\/produs\/por-e-beskow-ghindoc-lina-si-samburel\/\" \/>\n<meta property=\"og:locale\" content=\"en_US\" \/>\n<meta property=\"og:type\" content=\"article\" \/>\n<meta property=\"og:title\" content=\"POR E. Beskow \u2013 Ghindoc, Lina \u0219i S\u00e2mburel - Inspiratio\" \/>\n<meta property=\"og:description\" content=\"POR E. Beskow \u2013 Ghindoc, Lina \u0219i S\u00e2mburel\" \/>\n<meta property=\"og:url\" content=\"https:\/\/inspiratio.ro\/produs\/por-e-beskow-ghindoc-lina-si-samburel\/\" \/>\n<meta property=\"og:site_name\" content=\"Inspiratio\" \/>\n<meta property=\"article:publisher\" content=\"https:\/\/www.facebook.com\/inspiratiogiftstudio\/\" \/>\n<meta property=\"article:modified_time\" content=\"2025-08-08T14:01:57+00:00\" \/>\n<meta property=\"og:image\" content=\"https:\/\/inspiratio.ro\/wp-content\/uploads\/2024\/08\/Coperta-Elsa-Beskow-Gindoc-Lina-s\u2560ai-Sa\u2560emburel-768x962-1.jpeg\" \/>\n\t<meta property=\"og:image:width\" content=\"768\" \/>\n\t<meta property=\"og:image:height\" content=\"962\" \/>\n\t<meta property=\"og:image:type\" content=\"image\/jpeg\" \/>\n<meta name=\"twitter:card\" content=\"summary_large_image\" \/>\n<meta name=\"twitter:label1\" content=\"Est. reading time\" \/>\n\t<meta name=\"twitter:data1\" content=\"2 minutes\" \/>\n<script type=\"application\/ld+json\" class=\"yoast-schema-graph\">{\"@context\":\"https:\/\/schema.org\",\"@graph\":[{\"@type\":\"WebPage\",\"@id\":\"https:\/\/inspiratio.ro\/produs\/por-e-beskow-ghindoc-lina-si-samburel\/\",\"url\":\"https:\/\/inspiratio.ro\/produs\/por-e-beskow-ghindoc-lina-si-samburel\/\",\"name\":\"POR E. Beskow \u2013 Ghindoc, Lina \u0219i S\u00e2mburel - Inspiratio\",\"isPartOf\":{\"@id\":\"https:\/\/inspiratio.ro\/#website\"},\"primaryImageOfPage\":{\"@id\":\"https:\/\/inspiratio.ro\/produs\/por-e-beskow-ghindoc-lina-si-samburel\/#primaryimage\"},\"image\":{\"@id\":\"https:\/\/inspiratio.ro\/produs\/por-e-beskow-ghindoc-lina-si-samburel\/#primaryimage\"},\"thumbnailUrl\":\"https:\/\/inspiratio.ro\/wp-content\/uploads\/2024\/08\/Coperta-Elsa-Beskow-Gindoc-Lina-s\u2560ai-Sa\u2560emburel-768x962-1.jpeg\",\"datePublished\":\"2024-08-08T13:03:05+00:00\",\"dateModified\":\"2025-08-08T14:01:57+00:00\",\"description\":\"POR E. Beskow \u2013 Ghindoc, Lina \u0219i S\u00e2mburel\",\"breadcrumb\":{\"@id\":\"https:\/\/inspiratio.ro\/produs\/por-e-beskow-ghindoc-lina-si-samburel\/#breadcrumb\"},\"inLanguage\":\"en-US\",\"potentialAction\":[{\"@type\":\"ReadAction\",\"target\":[\"https:\/\/inspiratio.ro\/produs\/por-e-beskow-ghindoc-lina-si-samburel\/\"]}]},{\"@type\":\"ImageObject\",\"inLanguage\":\"en-US\",\"@id\":\"https:\/\/inspiratio.ro\/produs\/por-e-beskow-ghindoc-lina-si-samburel\/#primaryimage\",\"url\":\"https:\/\/inspiratio.ro\/wp-content\/uploads\/2024\/08\/Coperta-Elsa-Beskow-Gindoc-Lina-s\u2560ai-Sa\u2560emburel-768x962-1.jpeg\",\"contentUrl\":\"https:\/\/inspiratio.ro\/wp-content\/uploads\/2024\/08\/Coperta-Elsa-Beskow-Gindoc-Lina-s\u2560ai-Sa\u2560emburel-768x962-1.jpeg\",\"width\":768,\"height\":962},{\"@type\":\"BreadcrumbList\",\"@id\":\"https:\/\/inspiratio.ro\/produs\/por-e-beskow-ghindoc-lina-si-samburel\/#breadcrumb\",\"itemListElement\":[{\"@type\":\"ListItem\",\"position\":1,\"name\":\"Shop\",\"item\":\"https:\/\/inspiratio.ro\/magazin-cadouri\/\"},{\"@type\":\"ListItem\",\"position\":2,\"name\":\"POR E. Beskow \u2013 Ghindoc, Lina \u0219i S\u00e2mburel\"}]},{\"@type\":\"WebSite\",\"@id\":\"https:\/\/inspiratio.ro\/#website\",\"url\":\"https:\/\/inspiratio.ro\/\",\"name\":\"Inspiratio\",\"description\":\"Las\u0103-te purtat de inspira\u021bie\",\"publisher\":{\"@id\":\"https:\/\/inspiratio.ro\/#organization\"},\"potentialAction\":[{\"@type\":\"SearchAction\",\"target\":{\"@type\":\"EntryPoint\",\"urlTemplate\":\"https:\/\/inspiratio.ro\/?s={search_term_string}\"},\"query-input\":{\"@type\":\"PropertyValueSpecification\",\"valueRequired\":true,\"valueName\":\"search_term_string\"}}],\"inLanguage\":\"en-US\"},{\"@type\":\"Organization\",\"@id\":\"https:\/\/inspiratio.ro\/#organization\",\"name\":\"Inspiratio\",\"url\":\"https:\/\/inspiratio.ro\/\",\"logo\":{\"@type\":\"ImageObject\",\"inLanguage\":\"en-US\",\"@id\":\"https:\/\/inspiratio.ro\/#\/schema\/logo\/image\/\",\"url\":\"https:\/\/inspiratio.ro\/wp-content\/uploads\/2020\/06\/logo-inspiratio.png\",\"contentUrl\":\"https:\/\/inspiratio.ro\/wp-content\/uploads\/2020\/06\/logo-inspiratio.png\",\"width\":232,\"height\":209,\"caption\":\"Inspiratio\"},\"image\":{\"@id\":\"https:\/\/inspiratio.ro\/#\/schema\/logo\/image\/\"},\"sameAs\":[\"https:\/\/www.facebook.com\/inspiratiogiftstudio\/\",\"https:\/\/www.instagram.com\/inspiratio_giftstudio\/\"]}]}<\/script>\n<!-- \/ Yoast SEO plugin. -->","yoast_head_json":{"title":"POR E. Beskow \u2013 Ghindoc, Lina \u0219i S\u00e2mburel - Inspiratio","description":"POR E. Beskow \u2013 Ghindoc, Lina \u0219i S\u00e2mburel","robots":{"index":"index","follow":"follow","max-snippet":"max-snippet:-1","max-image-preview":"max-image-preview:large","max-video-preview":"max-video-preview:-1"},"canonical":"https:\/\/inspiratio.ro\/produs\/por-e-beskow-ghindoc-lina-si-samburel\/","og_locale":"en_US","og_type":"article","og_title":"POR E. Beskow \u2013 Ghindoc, Lina \u0219i S\u00e2mburel - Inspiratio","og_description":"POR E. Beskow \u2013 Ghindoc, Lina \u0219i S\u00e2mburel","og_url":"https:\/\/inspiratio.ro\/produs\/por-e-beskow-ghindoc-lina-si-samburel\/","og_site_name":"Inspiratio","article_publisher":"https:\/\/www.facebook.com\/inspiratiogiftstudio\/","article_modified_time":"2025-08-08T14:01:57+00:00","og_image":[{"width":768,"height":962,"url":"https:\/\/inspiratio.ro\/wp-content\/uploads\/2024\/08\/Coperta-Elsa-Beskow-Gindoc-Lina-s\u2560ai-Sa\u2560emburel-768x962-1.jpeg","type":"image\/jpeg"}],"twitter_card":"summary_large_image","twitter_misc":{"Est. reading time":"2 minutes"},"schema":{"@context":"https:\/\/schema.org","@graph":[{"@type":"WebPage","@id":"https:\/\/inspiratio.ro\/produs\/por-e-beskow-ghindoc-lina-si-samburel\/","url":"https:\/\/inspiratio.ro\/produs\/por-e-beskow-ghindoc-lina-si-samburel\/","name":"POR E. Beskow \u2013 Ghindoc, Lina \u0219i S\u00e2mburel - Inspiratio","isPartOf":{"@id":"https:\/\/inspiratio.ro\/#website"},"primaryImageOfPage":{"@id":"https:\/\/inspiratio.ro\/produs\/por-e-beskow-ghindoc-lina-si-samburel\/#primaryimage"},"image":{"@id":"https:\/\/inspiratio.ro\/produs\/por-e-beskow-ghindoc-lina-si-samburel\/#primaryimage"},"thumbnailUrl":"https:\/\/inspiratio.ro\/wp-content\/uploads\/2024\/08\/Coperta-Elsa-Beskow-Gindoc-Lina-s\u2560ai-Sa\u2560emburel-768x962-1.jpeg","datePublished":"2024-08-08T13:03:05+00:00","dateModified":"2025-08-08T14:01:57+00:00","description":"POR E. Beskow \u2013 Ghindoc, Lina \u0219i S\u00e2mburel","breadcrumb":{"@id":"https:\/\/inspiratio.ro\/produs\/por-e-beskow-ghindoc-lina-si-samburel\/#breadcrumb"},"inLanguage":"en-US","potentialAction":[{"@type":"ReadAction","target":["https:\/\/inspiratio.ro\/produs\/por-e-beskow-ghindoc-lina-si-samburel\/"]}]},{"@type":"ImageObject","inLanguage":"en-US","@id":"https:\/\/inspiratio.ro\/produs\/por-e-beskow-ghindoc-lina-si-samburel\/#primaryimage","url":"https:\/\/inspiratio.ro\/wp-content\/uploads\/2024\/08\/Coperta-Elsa-Beskow-Gindoc-Lina-s\u2560ai-Sa\u2560emburel-768x962-1.jpeg","contentUrl":"https:\/\/inspiratio.ro\/wp-content\/uploads\/2024\/08\/Coperta-Elsa-Beskow-Gindoc-Lina-s\u2560ai-Sa\u2560emburel-768x962-1.jpeg","width":768,"height":962},{"@type":"BreadcrumbList","@id":"https:\/\/inspiratio.ro\/produs\/por-e-beskow-ghindoc-lina-si-samburel\/#breadcrumb","itemListElement":[{"@type":"ListItem","position":1,"name":"Shop","item":"https:\/\/inspiratio.ro\/magazin-cadouri\/"},{"@type":"ListItem","position":2,"name":"POR E. Beskow \u2013 Ghindoc, Lina \u0219i S\u00e2mburel"}]},{"@type":"WebSite","@id":"https:\/\/inspiratio.ro\/#website","url":"https:\/\/inspiratio.ro\/","name":"Inspiratio","description":"Las\u0103-te purtat de inspira\u021bie","publisher":{"@id":"https:\/\/inspiratio.ro\/#organization"},"potentialAction":[{"@type":"SearchAction","target":{"@type":"EntryPoint","urlTemplate":"https:\/\/inspiratio.ro\/?s={search_term_string}"},"query-input":{"@type":"PropertyValueSpecification","valueRequired":true,"valueName":"search_term_string"}}],"inLanguage":"en-US"},{"@type":"Organization","@id":"https:\/\/inspiratio.ro\/#organization","name":"Inspiratio","url":"https:\/\/inspiratio.ro\/","logo":{"@type":"ImageObject","inLanguage":"en-US","@id":"https:\/\/inspiratio.ro\/#\/schema\/logo\/image\/","url":"https:\/\/inspiratio.ro\/wp-content\/uploads\/2020\/06\/logo-inspiratio.png","contentUrl":"https:\/\/inspiratio.ro\/wp-content\/uploads\/2020\/06\/logo-inspiratio.png","width":232,"height":209,"caption":"Inspiratio"},"image":{"@id":"https:\/\/inspiratio.ro\/#\/schema\/logo\/image\/"},"sameAs":["https:\/\/www.facebook.com\/inspiratiogiftstudio\/","https:\/\/www.instagram.com\/inspiratio_giftstudio\/"]}]}},"brands":[{"id":212,"name":"Portocala Albastr\u0103","slug":"portocala-albastra"}],"_links":{"self":[{"href":"https:\/\/inspiratio.ro\/en\/wp-json\/wp\/v2\/product\/8807","targetHints":{"allow":["GET"]}}],"collection":[{"href":"https:\/\/inspiratio.ro\/en\/wp-json\/wp\/v2\/product"}],"about":[{"href":"https:\/\/inspiratio.ro\/en\/wp-json\/wp\/v2\/types\/product"}],"replies":[{"embeddable":true,"href":"https:\/\/inspiratio.ro\/en\/wp-json\/wp\/v2\/comments?post=8807"}],"wp:featuredmedia":[{"embeddable":true,"href":"https:\/\/inspiratio.ro\/en\/wp-json\/wp\/v2\/media\/8808"}],"wp:attachment":[{"href":"https:\/\/inspiratio.ro\/en\/wp-json\/wp\/v2\/media?parent=8807"}],"wp:term":[{"taxonomy":"pwb-brand","embeddable":true,"href":"https:\/\/inspiratio.ro\/en\/wp-json\/wp\/v2\/pwb-brand?post=8807"},{"taxonomy":"product_brand","embeddable":true,"href":"https:\/\/inspiratio.ro\/en\/wp-json\/wp\/v2\/product_brand?post=8807"},{"taxonomy":"product_cat","embeddable":true,"href":"https:\/\/inspiratio.ro\/en\/wp-json\/wp\/v2\/product_cat?post=8807"},{"taxonomy":"product_tag","embeddable":true,"href":"https:\/\/inspiratio.ro\/en\/wp-json\/wp\/v2\/product_tag?post=8807"}],"curies":[{"name":"wp","href":"https:\/\/api.w.org\/{rel}","templated":true}]}}