{"id":8786,"date":"2024-08-07T16:42:32","date_gmt":"2024-08-07T13:42:32","guid":{"rendered":"https:\/\/inspiratio.ro\/?post_type=product&#038;p=8786"},"modified":"2025-08-01T13:30:15","modified_gmt":"2025-08-01T10:30:15","slug":"mat-rosa-damascena","status":"publish","type":"product","link":"https:\/\/inspiratio.ro\/en\/produs\/mat-rosa-damascena\/","title":{"rendered":"Rosa Damascena"},"content":{"rendered":"<div class=\"ProductMeta__Description\">\n<div class=\"Rte\">\n<h5>PARFUM SOLID 5G<\/h5>\n<p>Un omagiu adus florii omniprezente care ne farmec\u0103 de fiecare dat\u0103 c\u00e2nd o mirosim. Aceast\u0103 floare mistic\u0103 \u0219i str\u0103veche, trandafirul, a fost \u00een centrul lucr\u0103rilor poe\u021bilor, arti\u0219tilor \u0219i parfumierilor deopotriv\u0103. Noi am \u00eencercat s\u0103 surprindem spiritul s\u0103u frumos care simbolizeaz\u0103 frumuse\u021bea, dragostea \u0219i pasiunea.<\/p>\n<p>Acest parfum realizat din cear\u0103 de albine \u0219i uleiuri 100% naturale vine \u00eentr-o form\u0103 solid\u0103 \u0219i \u00eentr-o cutie generoas\u0103. Folose\u0219te-l pe punctele de puls pentru a sim\u021bi mirosul delicat al trandafirilor cule\u0219i diminea\u021ba foarte devreme.\u00a0Pentru a face un miligram de ulei este nevoie de 50.000 de petale de trandafir, echivalentul a 3.5 kg de petale. Din cauza muncii laborioase pentru ob\u021binerea lui, este supranumit si &#8220;aur lichid&#8221;.<\/p>\n<p>Note principale: Trandafir de Damasc, Lemn de Santal, Vanilie, Paciuli<\/p>\n<p>100% NATURAL. F\u0102R\u0102 SUBSTAN\u021aE PETROCHIMICE. F\u0102R\u0102 INGREDIENTE SINTETICE.<\/p>\n<\/div>\n<\/div>\n","protected":false},"excerpt":{"rendered":"<p>PARFUM SOLID 5G Un omagiu adus florii omniprezente care ne farmec\u0103 de fiecare dat\u0103 c\u00e2nd o mirosim. Aceast\u0103 floare mistic\u0103 \u0219i str\u0103veche, trandafirul, a fost \u00een centrul lucr\u0103rilor poe\u021bilor, arti\u0219tilor \u0219i parfumierilor deopotriv\u0103. Noi am \u00eencercat s\u0103 surprindem spiritul s\u0103u frumos care simbolizeaz\u0103 frumuse\u021bea, dragostea \u0219i pasiunea. Acest parfum realizat din cear\u0103 de albine \u0219i [&hellip;]<\/p>\n","protected":false},"featured_media":8789,"comment_status":"closed","ping_status":"closed","template":"","meta":[],"pwb-brand":[211],"product_brand":[262],"product_cat":[77],"product_tag":[],"class_list":{"0":"post-8786","1":"product","2":"type-product","3":"status-publish","4":"has-post-thumbnail","6":"pwb-brand-matca-naturals","7":"product_brand-matca-naturals","8":"product_cat-cosmetice-naturale","10":"first","11":"outofstock","12":"taxable","13":"shipping-taxable","14":"purchasable","15":"product-type-simple"},"yoast_head":"<!-- This site is optimized with the Yoast SEO plugin v26.9 - https:\/\/yoast.com\/product\/yoast-seo-wordpress\/ -->\n<title>MAT Rosa Damascena - Inspiratio<\/title>\n<meta name=\"description\" content=\"MAT Rosa Damascena\" \/>\n<meta name=\"robots\" content=\"index, follow, max-snippet:-1, max-image-preview:large, max-video-preview:-1\" \/>\n<link rel=\"canonical\" href=\"https:\/\/inspiratio.ro\/produs\/mat-rosa-damascena\/\" \/>\n<meta property=\"og:locale\" content=\"en_US\" \/>\n<meta property=\"og:type\" content=\"article\" \/>\n<meta property=\"og:title\" content=\"MAT Rosa Damascena - Inspiratio\" \/>\n<meta property=\"og:description\" content=\"MAT Rosa Damascena\" \/>\n<meta property=\"og:url\" content=\"https:\/\/inspiratio.ro\/produs\/mat-rosa-damascena\/\" \/>\n<meta property=\"og:site_name\" content=\"Inspiratio\" \/>\n<meta property=\"article:publisher\" content=\"https:\/\/www.facebook.com\/inspiratiogiftstudio\/\" \/>\n<meta property=\"article:modified_time\" content=\"2025-08-01T10:30:15+00:00\" \/>\n<meta property=\"og:image\" content=\"https:\/\/inspiratio.ro\/wp-content\/uploads\/2024\/08\/solid-rosa-2_700x.webp\" \/>\n\t<meta property=\"og:image:width\" content=\"700\" \/>\n\t<meta property=\"og:image:height\" content=\"817\" \/>\n\t<meta property=\"og:image:type\" content=\"image\/webp\" \/>\n<meta name=\"twitter:card\" content=\"summary_large_image\" \/>\n<meta name=\"twitter:label1\" content=\"Est. reading time\" \/>\n\t<meta name=\"twitter:data1\" content=\"1 minute\" \/>\n<script type=\"application\/ld+json\" class=\"yoast-schema-graph\">{\"@context\":\"https:\/\/schema.org\",\"@graph\":[{\"@type\":\"WebPage\",\"@id\":\"https:\/\/inspiratio.ro\/produs\/mat-rosa-damascena\/\",\"url\":\"https:\/\/inspiratio.ro\/produs\/mat-rosa-damascena\/\",\"name\":\"MAT Rosa Damascena - Inspiratio\",\"isPartOf\":{\"@id\":\"https:\/\/inspiratio.ro\/#website\"},\"primaryImageOfPage\":{\"@id\":\"https:\/\/inspiratio.ro\/produs\/mat-rosa-damascena\/#primaryimage\"},\"image\":{\"@id\":\"https:\/\/inspiratio.ro\/produs\/mat-rosa-damascena\/#primaryimage\"},\"thumbnailUrl\":\"https:\/\/inspiratio.ro\/wp-content\/uploads\/2024\/08\/solid-rosa-2_700x.webp\",\"datePublished\":\"2024-08-07T13:42:32+00:00\",\"dateModified\":\"2025-08-01T10:30:15+00:00\",\"description\":\"MAT Rosa Damascena\",\"breadcrumb\":{\"@id\":\"https:\/\/inspiratio.ro\/produs\/mat-rosa-damascena\/#breadcrumb\"},\"inLanguage\":\"en-US\",\"potentialAction\":[{\"@type\":\"ReadAction\",\"target\":[\"https:\/\/inspiratio.ro\/produs\/mat-rosa-damascena\/\"]}]},{\"@type\":\"ImageObject\",\"inLanguage\":\"en-US\",\"@id\":\"https:\/\/inspiratio.ro\/produs\/mat-rosa-damascena\/#primaryimage\",\"url\":\"https:\/\/inspiratio.ro\/wp-content\/uploads\/2024\/08\/solid-rosa-2_700x.webp\",\"contentUrl\":\"https:\/\/inspiratio.ro\/wp-content\/uploads\/2024\/08\/solid-rosa-2_700x.webp\",\"width\":700,\"height\":817},{\"@type\":\"BreadcrumbList\",\"@id\":\"https:\/\/inspiratio.ro\/produs\/mat-rosa-damascena\/#breadcrumb\",\"itemListElement\":[{\"@type\":\"ListItem\",\"position\":1,\"name\":\"Shop\",\"item\":\"https:\/\/inspiratio.ro\/magazin-cadouri\/\"},{\"@type\":\"ListItem\",\"position\":2,\"name\":\"MAT Rosa Damascena\"}]},{\"@type\":\"WebSite\",\"@id\":\"https:\/\/inspiratio.ro\/#website\",\"url\":\"https:\/\/inspiratio.ro\/\",\"name\":\"Inspiratio\",\"description\":\"Las\u0103-te purtat de inspira\u021bie\",\"publisher\":{\"@id\":\"https:\/\/inspiratio.ro\/#organization\"},\"potentialAction\":[{\"@type\":\"SearchAction\",\"target\":{\"@type\":\"EntryPoint\",\"urlTemplate\":\"https:\/\/inspiratio.ro\/?s={search_term_string}\"},\"query-input\":{\"@type\":\"PropertyValueSpecification\",\"valueRequired\":true,\"valueName\":\"search_term_string\"}}],\"inLanguage\":\"en-US\"},{\"@type\":\"Organization\",\"@id\":\"https:\/\/inspiratio.ro\/#organization\",\"name\":\"Inspiratio\",\"url\":\"https:\/\/inspiratio.ro\/\",\"logo\":{\"@type\":\"ImageObject\",\"inLanguage\":\"en-US\",\"@id\":\"https:\/\/inspiratio.ro\/#\/schema\/logo\/image\/\",\"url\":\"https:\/\/inspiratio.ro\/wp-content\/uploads\/2020\/06\/logo-inspiratio.png\",\"contentUrl\":\"https:\/\/inspiratio.ro\/wp-content\/uploads\/2020\/06\/logo-inspiratio.png\",\"width\":232,\"height\":209,\"caption\":\"Inspiratio\"},\"image\":{\"@id\":\"https:\/\/inspiratio.ro\/#\/schema\/logo\/image\/\"},\"sameAs\":[\"https:\/\/www.facebook.com\/inspiratiogiftstudio\/\",\"https:\/\/www.instagram.com\/inspiratio_giftstudio\/\"]}]}<\/script>\n<!-- \/ Yoast SEO plugin. -->","yoast_head_json":{"title":"MAT Rosa Damascena - Inspiratio","description":"MAT Rosa Damascena","robots":{"index":"index","follow":"follow","max-snippet":"max-snippet:-1","max-image-preview":"max-image-preview:large","max-video-preview":"max-video-preview:-1"},"canonical":"https:\/\/inspiratio.ro\/produs\/mat-rosa-damascena\/","og_locale":"en_US","og_type":"article","og_title":"MAT Rosa Damascena - Inspiratio","og_description":"MAT Rosa Damascena","og_url":"https:\/\/inspiratio.ro\/produs\/mat-rosa-damascena\/","og_site_name":"Inspiratio","article_publisher":"https:\/\/www.facebook.com\/inspiratiogiftstudio\/","article_modified_time":"2025-08-01T10:30:15+00:00","og_image":[{"width":700,"height":817,"url":"https:\/\/inspiratio.ro\/wp-content\/uploads\/2024\/08\/solid-rosa-2_700x.webp","type":"image\/webp"}],"twitter_card":"summary_large_image","twitter_misc":{"Est. reading time":"1 minute"},"schema":{"@context":"https:\/\/schema.org","@graph":[{"@type":"WebPage","@id":"https:\/\/inspiratio.ro\/produs\/mat-rosa-damascena\/","url":"https:\/\/inspiratio.ro\/produs\/mat-rosa-damascena\/","name":"MAT Rosa Damascena - Inspiratio","isPartOf":{"@id":"https:\/\/inspiratio.ro\/#website"},"primaryImageOfPage":{"@id":"https:\/\/inspiratio.ro\/produs\/mat-rosa-damascena\/#primaryimage"},"image":{"@id":"https:\/\/inspiratio.ro\/produs\/mat-rosa-damascena\/#primaryimage"},"thumbnailUrl":"https:\/\/inspiratio.ro\/wp-content\/uploads\/2024\/08\/solid-rosa-2_700x.webp","datePublished":"2024-08-07T13:42:32+00:00","dateModified":"2025-08-01T10:30:15+00:00","description":"MAT Rosa Damascena","breadcrumb":{"@id":"https:\/\/inspiratio.ro\/produs\/mat-rosa-damascena\/#breadcrumb"},"inLanguage":"en-US","potentialAction":[{"@type":"ReadAction","target":["https:\/\/inspiratio.ro\/produs\/mat-rosa-damascena\/"]}]},{"@type":"ImageObject","inLanguage":"en-US","@id":"https:\/\/inspiratio.ro\/produs\/mat-rosa-damascena\/#primaryimage","url":"https:\/\/inspiratio.ro\/wp-content\/uploads\/2024\/08\/solid-rosa-2_700x.webp","contentUrl":"https:\/\/inspiratio.ro\/wp-content\/uploads\/2024\/08\/solid-rosa-2_700x.webp","width":700,"height":817},{"@type":"BreadcrumbList","@id":"https:\/\/inspiratio.ro\/produs\/mat-rosa-damascena\/#breadcrumb","itemListElement":[{"@type":"ListItem","position":1,"name":"Shop","item":"https:\/\/inspiratio.ro\/magazin-cadouri\/"},{"@type":"ListItem","position":2,"name":"MAT Rosa Damascena"}]},{"@type":"WebSite","@id":"https:\/\/inspiratio.ro\/#website","url":"https:\/\/inspiratio.ro\/","name":"Inspiratio","description":"Las\u0103-te purtat de inspira\u021bie","publisher":{"@id":"https:\/\/inspiratio.ro\/#organization"},"potentialAction":[{"@type":"SearchAction","target":{"@type":"EntryPoint","urlTemplate":"https:\/\/inspiratio.ro\/?s={search_term_string}"},"query-input":{"@type":"PropertyValueSpecification","valueRequired":true,"valueName":"search_term_string"}}],"inLanguage":"en-US"},{"@type":"Organization","@id":"https:\/\/inspiratio.ro\/#organization","name":"Inspiratio","url":"https:\/\/inspiratio.ro\/","logo":{"@type":"ImageObject","inLanguage":"en-US","@id":"https:\/\/inspiratio.ro\/#\/schema\/logo\/image\/","url":"https:\/\/inspiratio.ro\/wp-content\/uploads\/2020\/06\/logo-inspiratio.png","contentUrl":"https:\/\/inspiratio.ro\/wp-content\/uploads\/2020\/06\/logo-inspiratio.png","width":232,"height":209,"caption":"Inspiratio"},"image":{"@id":"https:\/\/inspiratio.ro\/#\/schema\/logo\/image\/"},"sameAs":["https:\/\/www.facebook.com\/inspiratiogiftstudio\/","https:\/\/www.instagram.com\/inspiratio_giftstudio\/"]}]}},"brands":[{"id":211,"name":"MATCA NATURALS","slug":"matca-naturals"}],"_links":{"self":[{"href":"https:\/\/inspiratio.ro\/en\/wp-json\/wp\/v2\/product\/8786","targetHints":{"allow":["GET"]}}],"collection":[{"href":"https:\/\/inspiratio.ro\/en\/wp-json\/wp\/v2\/product"}],"about":[{"href":"https:\/\/inspiratio.ro\/en\/wp-json\/wp\/v2\/types\/product"}],"replies":[{"embeddable":true,"href":"https:\/\/inspiratio.ro\/en\/wp-json\/wp\/v2\/comments?post=8786"}],"wp:featuredmedia":[{"embeddable":true,"href":"https:\/\/inspiratio.ro\/en\/wp-json\/wp\/v2\/media\/8789"}],"wp:attachment":[{"href":"https:\/\/inspiratio.ro\/en\/wp-json\/wp\/v2\/media?parent=8786"}],"wp:term":[{"taxonomy":"pwb-brand","embeddable":true,"href":"https:\/\/inspiratio.ro\/en\/wp-json\/wp\/v2\/pwb-brand?post=8786"},{"taxonomy":"product_brand","embeddable":true,"href":"https:\/\/inspiratio.ro\/en\/wp-json\/wp\/v2\/product_brand?post=8786"},{"taxonomy":"product_cat","embeddable":true,"href":"https:\/\/inspiratio.ro\/en\/wp-json\/wp\/v2\/product_cat?post=8786"},{"taxonomy":"product_tag","embeddable":true,"href":"https:\/\/inspiratio.ro\/en\/wp-json\/wp\/v2\/product_tag?post=8786"}],"curies":[{"name":"wp","href":"https:\/\/api.w.org\/{rel}","templated":true}]}}