{"id":8772,"date":"2024-08-07T16:31:39","date_gmt":"2024-08-07T13:31:39","guid":{"rendered":"https:\/\/inspiratio.ro\/?post_type=product&#038;p=8772"},"modified":"2025-08-01T13:31:07","modified_gmt":"2025-08-01T10:31:07","slug":"mat-parfum-smoked-sunday-30ml","status":"publish","type":"product","link":"https:\/\/inspiratio.ro\/en\/produs\/mat-parfum-smoked-sunday-30ml\/","title":{"rendered":"Parfum Smoked Sunday 30ml"},"content":{"rendered":"<div class=\"ProductMeta__Description\">\n<div class=\"Rte\">\n<h3>GUDRON &amp; FUM\u00a0 &#8211;\u00a0\u00a0FLORAL NARCOTIC\u00a0 &#8211;\u00a0\u00a0LEMNOS<\/h3>\n<p>Unisex<\/p>\n<p>SMOKED SUNDAY ofer\u0103 experien\u021ba naturii s\u0103lbatice \u00een inima junglei urbane: gudron \u0219i fum, foc de tab\u0103r\u0103 \u0219i p\u0103m\u00e2nt umed. Viguros \u0219i tenace, aroma sa profund\u0103 \u0219i afumat\u0103 dezv\u0103luie nuan\u021be florale subtile \u0219i sofisticate, completate de note calde \u0219i dulci, care te \u00eembr\u0103\u021bi\u0219eaz\u0103 \u0219i \u00ee\u021bi \u00eenc\u00e2nt\u0103 sim\u021burile. SMOKED SUNDAY este un parfum unic, unisex \u0219i intrigant, creat pentru cei care caut\u0103 o esen\u021b\u0103 neconven\u021bional\u0103 \u0219i captivant\u0103.<\/p>\n<div>\n<div class=\"TableWrapper\">\n<table width=\"100%\">\n<tbody>\n<tr>\n<td>NOTE DE TOP<\/td>\n<td>Mandarin\u0103 verde<\/td>\n<\/tr>\n<tr>\n<td>NOTE DE MIJLOC<\/td>\n<td>Trandafir, Ylang-Ylang<\/td>\n<\/tr>\n<tr>\n<td>NOTE DE BAZ\u0102<\/td>\n<td>Lemn de santal, Patchouli, Lemn Ars, Lemn de cedru<\/td>\n<\/tr>\n<\/tbody>\n<\/table>\n<\/div>\n<\/div>\n<p>&nbsp;<\/p>\n<p>Cruelty-free, vegan-friendly, 100% natural, f\u0103r\u0103 conservan\u021bi sintetici sau alcool denaturat. Parfumul natural este perfec\u021bionat de chimia pielii tale.<\/p>\n<\/div>\n<\/div>\n","protected":false},"excerpt":{"rendered":"<p>GUDRON &amp; FUM\u00a0 &#8211;\u00a0\u00a0FLORAL NARCOTIC\u00a0 &#8211;\u00a0\u00a0LEMNOS Unisex SMOKED SUNDAY ofer\u0103 experien\u021ba naturii s\u0103lbatice \u00een inima junglei urbane: gudron \u0219i fum, foc de tab\u0103r\u0103 \u0219i p\u0103m\u00e2nt umed. Viguros \u0219i tenace, aroma sa profund\u0103 \u0219i afumat\u0103 dezv\u0103luie nuan\u021be florale subtile \u0219i sofisticate, completate de note calde \u0219i dulci, care te \u00eembr\u0103\u021bi\u0219eaz\u0103 \u0219i \u00ee\u021bi \u00eenc\u00e2nt\u0103 sim\u021burile. SMOKED SUNDAY [&hellip;]<\/p>\n","protected":false},"featured_media":8773,"comment_status":"closed","ping_status":"closed","template":"","meta":[],"pwb-brand":[211],"product_brand":[262],"product_cat":[77],"product_tag":[],"class_list":{"0":"post-8772","1":"product","2":"type-product","3":"status-publish","4":"has-post-thumbnail","6":"pwb-brand-matca-naturals","7":"product_brand-matca-naturals","8":"product_cat-cosmetice-naturale","10":"first","11":"instock","12":"taxable","13":"shipping-taxable","14":"purchasable","15":"product-type-simple"},"yoast_head":"<!-- This site is optimized with the Yoast SEO plugin v26.9 - https:\/\/yoast.com\/product\/yoast-seo-wordpress\/ -->\n<title>MAT Parfum Smoked Sunday 30ml - Inspiratio<\/title>\n<meta name=\"description\" content=\"MAT Parfum Smoked Sunday 30ml\" \/>\n<meta name=\"robots\" content=\"index, follow, max-snippet:-1, max-image-preview:large, max-video-preview:-1\" \/>\n<link rel=\"canonical\" href=\"https:\/\/inspiratio.ro\/produs\/mat-parfum-smoked-sunday-30ml\/\" \/>\n<meta property=\"og:locale\" content=\"en_US\" \/>\n<meta property=\"og:type\" content=\"article\" \/>\n<meta property=\"og:title\" content=\"MAT Parfum Smoked Sunday 30ml - Inspiratio\" \/>\n<meta property=\"og:description\" content=\"MAT Parfum Smoked Sunday 30ml\" \/>\n<meta property=\"og:url\" content=\"https:\/\/inspiratio.ro\/produs\/mat-parfum-smoked-sunday-30ml\/\" \/>\n<meta property=\"og:site_name\" content=\"Inspiratio\" \/>\n<meta property=\"article:publisher\" content=\"https:\/\/www.facebook.com\/inspiratiogiftstudio\/\" \/>\n<meta property=\"article:modified_time\" content=\"2025-08-01T10:31:07+00:00\" \/>\n<meta property=\"og:image\" content=\"https:\/\/inspiratio.ro\/wp-content\/uploads\/2024\/08\/smoked_sunday_matca_naturals_2_700x.webp\" \/>\n\t<meta property=\"og:image:width\" content=\"700\" \/>\n\t<meta property=\"og:image:height\" content=\"817\" \/>\n\t<meta property=\"og:image:type\" content=\"image\/webp\" \/>\n<meta name=\"twitter:card\" content=\"summary_large_image\" \/>\n<meta name=\"twitter:label1\" content=\"Est. reading time\" \/>\n\t<meta name=\"twitter:data1\" content=\"1 minute\" \/>\n<script type=\"application\/ld+json\" class=\"yoast-schema-graph\">{\"@context\":\"https:\/\/schema.org\",\"@graph\":[{\"@type\":\"WebPage\",\"@id\":\"https:\/\/inspiratio.ro\/produs\/mat-parfum-smoked-sunday-30ml\/\",\"url\":\"https:\/\/inspiratio.ro\/produs\/mat-parfum-smoked-sunday-30ml\/\",\"name\":\"MAT Parfum Smoked Sunday 30ml - Inspiratio\",\"isPartOf\":{\"@id\":\"https:\/\/inspiratio.ro\/#website\"},\"primaryImageOfPage\":{\"@id\":\"https:\/\/inspiratio.ro\/produs\/mat-parfum-smoked-sunday-30ml\/#primaryimage\"},\"image\":{\"@id\":\"https:\/\/inspiratio.ro\/produs\/mat-parfum-smoked-sunday-30ml\/#primaryimage\"},\"thumbnailUrl\":\"https:\/\/inspiratio.ro\/wp-content\/uploads\/2024\/08\/smoked_sunday_matca_naturals_2_700x.webp\",\"datePublished\":\"2024-08-07T13:31:39+00:00\",\"dateModified\":\"2025-08-01T10:31:07+00:00\",\"description\":\"MAT Parfum Smoked Sunday 30ml\",\"breadcrumb\":{\"@id\":\"https:\/\/inspiratio.ro\/produs\/mat-parfum-smoked-sunday-30ml\/#breadcrumb\"},\"inLanguage\":\"en-US\",\"potentialAction\":[{\"@type\":\"ReadAction\",\"target\":[\"https:\/\/inspiratio.ro\/produs\/mat-parfum-smoked-sunday-30ml\/\"]}]},{\"@type\":\"ImageObject\",\"inLanguage\":\"en-US\",\"@id\":\"https:\/\/inspiratio.ro\/produs\/mat-parfum-smoked-sunday-30ml\/#primaryimage\",\"url\":\"https:\/\/inspiratio.ro\/wp-content\/uploads\/2024\/08\/smoked_sunday_matca_naturals_2_700x.webp\",\"contentUrl\":\"https:\/\/inspiratio.ro\/wp-content\/uploads\/2024\/08\/smoked_sunday_matca_naturals_2_700x.webp\",\"width\":700,\"height\":817},{\"@type\":\"BreadcrumbList\",\"@id\":\"https:\/\/inspiratio.ro\/produs\/mat-parfum-smoked-sunday-30ml\/#breadcrumb\",\"itemListElement\":[{\"@type\":\"ListItem\",\"position\":1,\"name\":\"Shop\",\"item\":\"https:\/\/inspiratio.ro\/magazin-cadouri\/\"},{\"@type\":\"ListItem\",\"position\":2,\"name\":\"MAT Parfum Smoked Sunday 30ml\"}]},{\"@type\":\"WebSite\",\"@id\":\"https:\/\/inspiratio.ro\/#website\",\"url\":\"https:\/\/inspiratio.ro\/\",\"name\":\"Inspiratio\",\"description\":\"Las\u0103-te purtat de inspira\u021bie\",\"publisher\":{\"@id\":\"https:\/\/inspiratio.ro\/#organization\"},\"potentialAction\":[{\"@type\":\"SearchAction\",\"target\":{\"@type\":\"EntryPoint\",\"urlTemplate\":\"https:\/\/inspiratio.ro\/?s={search_term_string}\"},\"query-input\":{\"@type\":\"PropertyValueSpecification\",\"valueRequired\":true,\"valueName\":\"search_term_string\"}}],\"inLanguage\":\"en-US\"},{\"@type\":\"Organization\",\"@id\":\"https:\/\/inspiratio.ro\/#organization\",\"name\":\"Inspiratio\",\"url\":\"https:\/\/inspiratio.ro\/\",\"logo\":{\"@type\":\"ImageObject\",\"inLanguage\":\"en-US\",\"@id\":\"https:\/\/inspiratio.ro\/#\/schema\/logo\/image\/\",\"url\":\"https:\/\/inspiratio.ro\/wp-content\/uploads\/2020\/06\/logo-inspiratio.png\",\"contentUrl\":\"https:\/\/inspiratio.ro\/wp-content\/uploads\/2020\/06\/logo-inspiratio.png\",\"width\":232,\"height\":209,\"caption\":\"Inspiratio\"},\"image\":{\"@id\":\"https:\/\/inspiratio.ro\/#\/schema\/logo\/image\/\"},\"sameAs\":[\"https:\/\/www.facebook.com\/inspiratiogiftstudio\/\",\"https:\/\/www.instagram.com\/inspiratio_giftstudio\/\"]}]}<\/script>\n<!-- \/ Yoast SEO plugin. -->","yoast_head_json":{"title":"MAT Parfum Smoked Sunday 30ml - Inspiratio","description":"MAT Parfum Smoked Sunday 30ml","robots":{"index":"index","follow":"follow","max-snippet":"max-snippet:-1","max-image-preview":"max-image-preview:large","max-video-preview":"max-video-preview:-1"},"canonical":"https:\/\/inspiratio.ro\/produs\/mat-parfum-smoked-sunday-30ml\/","og_locale":"en_US","og_type":"article","og_title":"MAT Parfum Smoked Sunday 30ml - Inspiratio","og_description":"MAT Parfum Smoked Sunday 30ml","og_url":"https:\/\/inspiratio.ro\/produs\/mat-parfum-smoked-sunday-30ml\/","og_site_name":"Inspiratio","article_publisher":"https:\/\/www.facebook.com\/inspiratiogiftstudio\/","article_modified_time":"2025-08-01T10:31:07+00:00","og_image":[{"width":700,"height":817,"url":"https:\/\/inspiratio.ro\/wp-content\/uploads\/2024\/08\/smoked_sunday_matca_naturals_2_700x.webp","type":"image\/webp"}],"twitter_card":"summary_large_image","twitter_misc":{"Est. reading time":"1 minute"},"schema":{"@context":"https:\/\/schema.org","@graph":[{"@type":"WebPage","@id":"https:\/\/inspiratio.ro\/produs\/mat-parfum-smoked-sunday-30ml\/","url":"https:\/\/inspiratio.ro\/produs\/mat-parfum-smoked-sunday-30ml\/","name":"MAT Parfum Smoked Sunday 30ml - Inspiratio","isPartOf":{"@id":"https:\/\/inspiratio.ro\/#website"},"primaryImageOfPage":{"@id":"https:\/\/inspiratio.ro\/produs\/mat-parfum-smoked-sunday-30ml\/#primaryimage"},"image":{"@id":"https:\/\/inspiratio.ro\/produs\/mat-parfum-smoked-sunday-30ml\/#primaryimage"},"thumbnailUrl":"https:\/\/inspiratio.ro\/wp-content\/uploads\/2024\/08\/smoked_sunday_matca_naturals_2_700x.webp","datePublished":"2024-08-07T13:31:39+00:00","dateModified":"2025-08-01T10:31:07+00:00","description":"MAT Parfum Smoked Sunday 30ml","breadcrumb":{"@id":"https:\/\/inspiratio.ro\/produs\/mat-parfum-smoked-sunday-30ml\/#breadcrumb"},"inLanguage":"en-US","potentialAction":[{"@type":"ReadAction","target":["https:\/\/inspiratio.ro\/produs\/mat-parfum-smoked-sunday-30ml\/"]}]},{"@type":"ImageObject","inLanguage":"en-US","@id":"https:\/\/inspiratio.ro\/produs\/mat-parfum-smoked-sunday-30ml\/#primaryimage","url":"https:\/\/inspiratio.ro\/wp-content\/uploads\/2024\/08\/smoked_sunday_matca_naturals_2_700x.webp","contentUrl":"https:\/\/inspiratio.ro\/wp-content\/uploads\/2024\/08\/smoked_sunday_matca_naturals_2_700x.webp","width":700,"height":817},{"@type":"BreadcrumbList","@id":"https:\/\/inspiratio.ro\/produs\/mat-parfum-smoked-sunday-30ml\/#breadcrumb","itemListElement":[{"@type":"ListItem","position":1,"name":"Shop","item":"https:\/\/inspiratio.ro\/magazin-cadouri\/"},{"@type":"ListItem","position":2,"name":"MAT Parfum Smoked Sunday 30ml"}]},{"@type":"WebSite","@id":"https:\/\/inspiratio.ro\/#website","url":"https:\/\/inspiratio.ro\/","name":"Inspiratio","description":"Las\u0103-te purtat de inspira\u021bie","publisher":{"@id":"https:\/\/inspiratio.ro\/#organization"},"potentialAction":[{"@type":"SearchAction","target":{"@type":"EntryPoint","urlTemplate":"https:\/\/inspiratio.ro\/?s={search_term_string}"},"query-input":{"@type":"PropertyValueSpecification","valueRequired":true,"valueName":"search_term_string"}}],"inLanguage":"en-US"},{"@type":"Organization","@id":"https:\/\/inspiratio.ro\/#organization","name":"Inspiratio","url":"https:\/\/inspiratio.ro\/","logo":{"@type":"ImageObject","inLanguage":"en-US","@id":"https:\/\/inspiratio.ro\/#\/schema\/logo\/image\/","url":"https:\/\/inspiratio.ro\/wp-content\/uploads\/2020\/06\/logo-inspiratio.png","contentUrl":"https:\/\/inspiratio.ro\/wp-content\/uploads\/2020\/06\/logo-inspiratio.png","width":232,"height":209,"caption":"Inspiratio"},"image":{"@id":"https:\/\/inspiratio.ro\/#\/schema\/logo\/image\/"},"sameAs":["https:\/\/www.facebook.com\/inspiratiogiftstudio\/","https:\/\/www.instagram.com\/inspiratio_giftstudio\/"]}]}},"brands":[{"id":211,"name":"MATCA NATURALS","slug":"matca-naturals"}],"_links":{"self":[{"href":"https:\/\/inspiratio.ro\/en\/wp-json\/wp\/v2\/product\/8772","targetHints":{"allow":["GET"]}}],"collection":[{"href":"https:\/\/inspiratio.ro\/en\/wp-json\/wp\/v2\/product"}],"about":[{"href":"https:\/\/inspiratio.ro\/en\/wp-json\/wp\/v2\/types\/product"}],"replies":[{"embeddable":true,"href":"https:\/\/inspiratio.ro\/en\/wp-json\/wp\/v2\/comments?post=8772"}],"wp:featuredmedia":[{"embeddable":true,"href":"https:\/\/inspiratio.ro\/en\/wp-json\/wp\/v2\/media\/8773"}],"wp:attachment":[{"href":"https:\/\/inspiratio.ro\/en\/wp-json\/wp\/v2\/media?parent=8772"}],"wp:term":[{"taxonomy":"pwb-brand","embeddable":true,"href":"https:\/\/inspiratio.ro\/en\/wp-json\/wp\/v2\/pwb-brand?post=8772"},{"taxonomy":"product_brand","embeddable":true,"href":"https:\/\/inspiratio.ro\/en\/wp-json\/wp\/v2\/product_brand?post=8772"},{"taxonomy":"product_cat","embeddable":true,"href":"https:\/\/inspiratio.ro\/en\/wp-json\/wp\/v2\/product_cat?post=8772"},{"taxonomy":"product_tag","embeddable":true,"href":"https:\/\/inspiratio.ro\/en\/wp-json\/wp\/v2\/product_tag?post=8772"}],"curies":[{"name":"wp","href":"https:\/\/api.w.org\/{rel}","templated":true}]}}