{"id":8762,"date":"2024-08-07T16:22:41","date_gmt":"2024-08-07T13:22:41","guid":{"rendered":"https:\/\/inspiratio.ro\/?post_type=product&#038;p=8762"},"modified":"2025-08-01T13:31:25","modified_gmt":"2025-08-01T10:31:25","slug":"mat-parfum-opera-9-30ml","status":"publish","type":"product","link":"https:\/\/inspiratio.ro\/en\/produs\/mat-parfum-opera-9-30ml\/","title":{"rendered":"Parfum Opera 9 30ml"},"content":{"rendered":"<div class=\"ProductMeta__Description\">\n<div class=\"Rte\">\n<h3>CITRIC &#8211; FRUCTAT FLORAL &#8211; AMBR\u0102 &#8211; LEMNOS<\/h3>\n<p>Unisex<\/p>\n<p>Acest parfum easy-going pentru persoane energice \u0219i solare. Se deschide cu note citrice, vibrante, dulci-am\u0103rui care trezesc toate sim\u021burile. Tonuri de cumarin\u0103 \u0219i vanilie se amestec\u0103 cu note subtile de piersic\u0103 \u0219i note florale.<\/p>\n<div class=\"TableWrapper\">\n<table width=\"100%\">\n<tbody>\n<tr>\n<td>NOTE DE TOP<\/td>\n<td>Portocal\u0103 amar\u0103, Mandarin\u0103 ro\u0219ie, Bergamot\u0103<\/td>\n<\/tr>\n<tr>\n<td>NOTE DE MIJLOC<\/td>\n<td>Piersic\u0103, piper roz,\u00a0Petitgrain<\/td>\n<\/tr>\n<tr>\n<td>NOTE DE BAZ\u0102<\/td>\n<td>Tonka, Vanilie,\u00a0Lemn de santal, Musk (vegetal)<\/td>\n<\/tr>\n<\/tbody>\n<\/table>\n<\/div>\n<p>Cruelty-free, vegan-friendly, 100% natural, f\u0103r\u0103 conservan\u021bi sintetici sau alcool denaturat. Parfumurile naturale sunt perfec\u021bionate de chimia pielii tale.<\/p>\n<\/div>\n<\/div>\n","protected":false},"excerpt":{"rendered":"<p>CITRIC &#8211; FRUCTAT FLORAL &#8211; AMBR\u0102 &#8211; LEMNOS Unisex Acest parfum easy-going pentru persoane energice \u0219i solare. Se deschide cu note citrice, vibrante, dulci-am\u0103rui care trezesc toate sim\u021burile. Tonuri de cumarin\u0103 \u0219i vanilie se amestec\u0103 cu note subtile de piersic\u0103 \u0219i note florale. NOTE DE TOP Portocal\u0103 amar\u0103, Mandarin\u0103 ro\u0219ie, Bergamot\u0103 NOTE DE MIJLOC Piersic\u0103, [&hellip;]<\/p>\n","protected":false},"featured_media":8763,"comment_status":"closed","ping_status":"closed","template":"","meta":[],"pwb-brand":[211],"product_brand":[262],"product_cat":[77],"product_tag":[],"class_list":{"0":"post-8762","1":"product","2":"type-product","3":"status-publish","4":"has-post-thumbnail","6":"pwb-brand-matca-naturals","7":"product_brand-matca-naturals","8":"product_cat-cosmetice-naturale","10":"first","11":"outofstock","12":"taxable","13":"shipping-taxable","14":"purchasable","15":"product-type-simple"},"yoast_head":"<!-- This site is optimized with the Yoast SEO plugin v26.9 - https:\/\/yoast.com\/product\/yoast-seo-wordpress\/ -->\n<title>MAT Parfum Opera 9 30ml - Inspiratio<\/title>\n<meta name=\"description\" content=\"MAT Parfum Opera 9 30ml\" \/>\n<meta name=\"robots\" content=\"index, follow, max-snippet:-1, max-image-preview:large, max-video-preview:-1\" \/>\n<link rel=\"canonical\" href=\"https:\/\/inspiratio.ro\/produs\/mat-parfum-opera-9-30ml\/\" \/>\n<meta property=\"og:locale\" content=\"en_US\" \/>\n<meta property=\"og:type\" content=\"article\" \/>\n<meta property=\"og:title\" content=\"MAT Parfum Opera 9 30ml - Inspiratio\" \/>\n<meta property=\"og:description\" content=\"MAT Parfum Opera 9 30ml\" \/>\n<meta property=\"og:url\" content=\"https:\/\/inspiratio.ro\/produs\/mat-parfum-opera-9-30ml\/\" \/>\n<meta property=\"og:site_name\" content=\"Inspiratio\" \/>\n<meta property=\"article:publisher\" content=\"https:\/\/www.facebook.com\/inspiratiogiftstudio\/\" \/>\n<meta property=\"article:modified_time\" content=\"2025-08-01T10:31:25+00:00\" \/>\n<meta property=\"og:image\" content=\"https:\/\/inspiratio.ro\/wp-content\/uploads\/2024\/08\/opera_9_matca_naturals_2_700x.webp\" \/>\n\t<meta property=\"og:image:width\" content=\"700\" \/>\n\t<meta property=\"og:image:height\" content=\"817\" \/>\n\t<meta property=\"og:image:type\" content=\"image\/webp\" \/>\n<meta name=\"twitter:card\" content=\"summary_large_image\" \/>\n<meta name=\"twitter:label1\" content=\"Est. reading time\" \/>\n\t<meta name=\"twitter:data1\" content=\"1 minute\" \/>\n<script type=\"application\/ld+json\" class=\"yoast-schema-graph\">{\"@context\":\"https:\/\/schema.org\",\"@graph\":[{\"@type\":\"WebPage\",\"@id\":\"https:\/\/inspiratio.ro\/produs\/mat-parfum-opera-9-30ml\/\",\"url\":\"https:\/\/inspiratio.ro\/produs\/mat-parfum-opera-9-30ml\/\",\"name\":\"MAT Parfum Opera 9 30ml - Inspiratio\",\"isPartOf\":{\"@id\":\"https:\/\/inspiratio.ro\/#website\"},\"primaryImageOfPage\":{\"@id\":\"https:\/\/inspiratio.ro\/produs\/mat-parfum-opera-9-30ml\/#primaryimage\"},\"image\":{\"@id\":\"https:\/\/inspiratio.ro\/produs\/mat-parfum-opera-9-30ml\/#primaryimage\"},\"thumbnailUrl\":\"https:\/\/inspiratio.ro\/wp-content\/uploads\/2024\/08\/opera_9_matca_naturals_2_700x.webp\",\"datePublished\":\"2024-08-07T13:22:41+00:00\",\"dateModified\":\"2025-08-01T10:31:25+00:00\",\"description\":\"MAT Parfum Opera 9 30ml\",\"breadcrumb\":{\"@id\":\"https:\/\/inspiratio.ro\/produs\/mat-parfum-opera-9-30ml\/#breadcrumb\"},\"inLanguage\":\"en-US\",\"potentialAction\":[{\"@type\":\"ReadAction\",\"target\":[\"https:\/\/inspiratio.ro\/produs\/mat-parfum-opera-9-30ml\/\"]}]},{\"@type\":\"ImageObject\",\"inLanguage\":\"en-US\",\"@id\":\"https:\/\/inspiratio.ro\/produs\/mat-parfum-opera-9-30ml\/#primaryimage\",\"url\":\"https:\/\/inspiratio.ro\/wp-content\/uploads\/2024\/08\/opera_9_matca_naturals_2_700x.webp\",\"contentUrl\":\"https:\/\/inspiratio.ro\/wp-content\/uploads\/2024\/08\/opera_9_matca_naturals_2_700x.webp\",\"width\":700,\"height\":817},{\"@type\":\"BreadcrumbList\",\"@id\":\"https:\/\/inspiratio.ro\/produs\/mat-parfum-opera-9-30ml\/#breadcrumb\",\"itemListElement\":[{\"@type\":\"ListItem\",\"position\":1,\"name\":\"Shop\",\"item\":\"https:\/\/inspiratio.ro\/magazin-cadouri\/\"},{\"@type\":\"ListItem\",\"position\":2,\"name\":\"MAT Parfum Opera 9 30ml\"}]},{\"@type\":\"WebSite\",\"@id\":\"https:\/\/inspiratio.ro\/#website\",\"url\":\"https:\/\/inspiratio.ro\/\",\"name\":\"Inspiratio\",\"description\":\"Las\u0103-te purtat de inspira\u021bie\",\"publisher\":{\"@id\":\"https:\/\/inspiratio.ro\/#organization\"},\"potentialAction\":[{\"@type\":\"SearchAction\",\"target\":{\"@type\":\"EntryPoint\",\"urlTemplate\":\"https:\/\/inspiratio.ro\/?s={search_term_string}\"},\"query-input\":{\"@type\":\"PropertyValueSpecification\",\"valueRequired\":true,\"valueName\":\"search_term_string\"}}],\"inLanguage\":\"en-US\"},{\"@type\":\"Organization\",\"@id\":\"https:\/\/inspiratio.ro\/#organization\",\"name\":\"Inspiratio\",\"url\":\"https:\/\/inspiratio.ro\/\",\"logo\":{\"@type\":\"ImageObject\",\"inLanguage\":\"en-US\",\"@id\":\"https:\/\/inspiratio.ro\/#\/schema\/logo\/image\/\",\"url\":\"https:\/\/inspiratio.ro\/wp-content\/uploads\/2020\/06\/logo-inspiratio.png\",\"contentUrl\":\"https:\/\/inspiratio.ro\/wp-content\/uploads\/2020\/06\/logo-inspiratio.png\",\"width\":232,\"height\":209,\"caption\":\"Inspiratio\"},\"image\":{\"@id\":\"https:\/\/inspiratio.ro\/#\/schema\/logo\/image\/\"},\"sameAs\":[\"https:\/\/www.facebook.com\/inspiratiogiftstudio\/\",\"https:\/\/www.instagram.com\/inspiratio_giftstudio\/\"]}]}<\/script>\n<!-- \/ Yoast SEO plugin. -->","yoast_head_json":{"title":"MAT Parfum Opera 9 30ml - Inspiratio","description":"MAT Parfum Opera 9 30ml","robots":{"index":"index","follow":"follow","max-snippet":"max-snippet:-1","max-image-preview":"max-image-preview:large","max-video-preview":"max-video-preview:-1"},"canonical":"https:\/\/inspiratio.ro\/produs\/mat-parfum-opera-9-30ml\/","og_locale":"en_US","og_type":"article","og_title":"MAT Parfum Opera 9 30ml - Inspiratio","og_description":"MAT Parfum Opera 9 30ml","og_url":"https:\/\/inspiratio.ro\/produs\/mat-parfum-opera-9-30ml\/","og_site_name":"Inspiratio","article_publisher":"https:\/\/www.facebook.com\/inspiratiogiftstudio\/","article_modified_time":"2025-08-01T10:31:25+00:00","og_image":[{"width":700,"height":817,"url":"https:\/\/inspiratio.ro\/wp-content\/uploads\/2024\/08\/opera_9_matca_naturals_2_700x.webp","type":"image\/webp"}],"twitter_card":"summary_large_image","twitter_misc":{"Est. reading time":"1 minute"},"schema":{"@context":"https:\/\/schema.org","@graph":[{"@type":"WebPage","@id":"https:\/\/inspiratio.ro\/produs\/mat-parfum-opera-9-30ml\/","url":"https:\/\/inspiratio.ro\/produs\/mat-parfum-opera-9-30ml\/","name":"MAT Parfum Opera 9 30ml - Inspiratio","isPartOf":{"@id":"https:\/\/inspiratio.ro\/#website"},"primaryImageOfPage":{"@id":"https:\/\/inspiratio.ro\/produs\/mat-parfum-opera-9-30ml\/#primaryimage"},"image":{"@id":"https:\/\/inspiratio.ro\/produs\/mat-parfum-opera-9-30ml\/#primaryimage"},"thumbnailUrl":"https:\/\/inspiratio.ro\/wp-content\/uploads\/2024\/08\/opera_9_matca_naturals_2_700x.webp","datePublished":"2024-08-07T13:22:41+00:00","dateModified":"2025-08-01T10:31:25+00:00","description":"MAT Parfum Opera 9 30ml","breadcrumb":{"@id":"https:\/\/inspiratio.ro\/produs\/mat-parfum-opera-9-30ml\/#breadcrumb"},"inLanguage":"en-US","potentialAction":[{"@type":"ReadAction","target":["https:\/\/inspiratio.ro\/produs\/mat-parfum-opera-9-30ml\/"]}]},{"@type":"ImageObject","inLanguage":"en-US","@id":"https:\/\/inspiratio.ro\/produs\/mat-parfum-opera-9-30ml\/#primaryimage","url":"https:\/\/inspiratio.ro\/wp-content\/uploads\/2024\/08\/opera_9_matca_naturals_2_700x.webp","contentUrl":"https:\/\/inspiratio.ro\/wp-content\/uploads\/2024\/08\/opera_9_matca_naturals_2_700x.webp","width":700,"height":817},{"@type":"BreadcrumbList","@id":"https:\/\/inspiratio.ro\/produs\/mat-parfum-opera-9-30ml\/#breadcrumb","itemListElement":[{"@type":"ListItem","position":1,"name":"Shop","item":"https:\/\/inspiratio.ro\/magazin-cadouri\/"},{"@type":"ListItem","position":2,"name":"MAT Parfum Opera 9 30ml"}]},{"@type":"WebSite","@id":"https:\/\/inspiratio.ro\/#website","url":"https:\/\/inspiratio.ro\/","name":"Inspiratio","description":"Las\u0103-te purtat de inspira\u021bie","publisher":{"@id":"https:\/\/inspiratio.ro\/#organization"},"potentialAction":[{"@type":"SearchAction","target":{"@type":"EntryPoint","urlTemplate":"https:\/\/inspiratio.ro\/?s={search_term_string}"},"query-input":{"@type":"PropertyValueSpecification","valueRequired":true,"valueName":"search_term_string"}}],"inLanguage":"en-US"},{"@type":"Organization","@id":"https:\/\/inspiratio.ro\/#organization","name":"Inspiratio","url":"https:\/\/inspiratio.ro\/","logo":{"@type":"ImageObject","inLanguage":"en-US","@id":"https:\/\/inspiratio.ro\/#\/schema\/logo\/image\/","url":"https:\/\/inspiratio.ro\/wp-content\/uploads\/2020\/06\/logo-inspiratio.png","contentUrl":"https:\/\/inspiratio.ro\/wp-content\/uploads\/2020\/06\/logo-inspiratio.png","width":232,"height":209,"caption":"Inspiratio"},"image":{"@id":"https:\/\/inspiratio.ro\/#\/schema\/logo\/image\/"},"sameAs":["https:\/\/www.facebook.com\/inspiratiogiftstudio\/","https:\/\/www.instagram.com\/inspiratio_giftstudio\/"]}]}},"brands":[{"id":211,"name":"MATCA NATURALS","slug":"matca-naturals"}],"_links":{"self":[{"href":"https:\/\/inspiratio.ro\/en\/wp-json\/wp\/v2\/product\/8762","targetHints":{"allow":["GET"]}}],"collection":[{"href":"https:\/\/inspiratio.ro\/en\/wp-json\/wp\/v2\/product"}],"about":[{"href":"https:\/\/inspiratio.ro\/en\/wp-json\/wp\/v2\/types\/product"}],"replies":[{"embeddable":true,"href":"https:\/\/inspiratio.ro\/en\/wp-json\/wp\/v2\/comments?post=8762"}],"wp:featuredmedia":[{"embeddable":true,"href":"https:\/\/inspiratio.ro\/en\/wp-json\/wp\/v2\/media\/8763"}],"wp:attachment":[{"href":"https:\/\/inspiratio.ro\/en\/wp-json\/wp\/v2\/media?parent=8762"}],"wp:term":[{"taxonomy":"pwb-brand","embeddable":true,"href":"https:\/\/inspiratio.ro\/en\/wp-json\/wp\/v2\/pwb-brand?post=8762"},{"taxonomy":"product_brand","embeddable":true,"href":"https:\/\/inspiratio.ro\/en\/wp-json\/wp\/v2\/product_brand?post=8762"},{"taxonomy":"product_cat","embeddable":true,"href":"https:\/\/inspiratio.ro\/en\/wp-json\/wp\/v2\/product_cat?post=8762"},{"taxonomy":"product_tag","embeddable":true,"href":"https:\/\/inspiratio.ro\/en\/wp-json\/wp\/v2\/product_tag?post=8762"}],"curies":[{"name":"wp","href":"https:\/\/api.w.org\/{rel}","templated":true}]}}