{"id":8742,"date":"2024-08-07T15:59:40","date_gmt":"2024-08-07T12:59:40","guid":{"rendered":"https:\/\/inspiratio.ro\/?post_type=product&#038;p=8742"},"modified":"2025-08-01T13:33:49","modified_gmt":"2025-08-01T10:33:49","slug":"mat-parfum-everwood-30-ml","status":"publish","type":"product","link":"https:\/\/inspiratio.ro\/en\/produs\/mat-parfum-everwood-30-ml\/","title":{"rendered":"Parfum Everwood 30 ml"},"content":{"rendered":"<div class=\"ProductMeta__Description\">\n<div class=\"Rte\">\n<h3>LEMNOS\u00a0&#8211; CONDIMENTE EXOTICE &#8211; MOSC VEGETAL<\/h3>\n<p>Unisex<\/p>\n<p>Dac\u0103 \u00ee\u021bi plac parfumurile lemnoase, acesta este pentru tine! EVERWOOD te transport\u0103 chiar \u00een mijlocul p\u0103durii, \u0219i te conecteaz\u0103 cu toat\u0103 via\u021ba din jur. Con\u021bine lemn de agar autentic care este extras prin metode etice \u0219i durabile.<\/p>\n<div class=\"TableWrapper\">\n<table style=\"width: 100%;\" width=\"100%\">\n<tbody>\n<tr>\n<td style=\"width: 27.2085%;\">NOTE DE TOP<\/td>\n<td style=\"width: 71.2015%;\">Bergamot\u0103, Portocal\u0103 Amar\u0103<\/td>\n<\/tr>\n<tr>\n<td style=\"width: 27.2085%;\">NOTE DE MIJLOC<\/td>\n<td style=\"width: 71.2015%;\">Elemi, Lemn de Ho, Piper roz, Ienup\u0103r<\/td>\n<\/tr>\n<tr>\n<td style=\"width: 27.2085%;\">NOTE DE BAZ\u0102<\/td>\n<td style=\"width: 71.2015%;\">Lemn de Agar, Lemn de Cedru, Lemn de Guaiac, Paciuli, Brad<\/td>\n<\/tr>\n<\/tbody>\n<\/table>\n<\/div>\n<p>Cruelty-free, vegan-friendly, f\u0103r\u0103 conservan\u021bi sintetici ad\u0103ugati. Parfumurile naturale sunt perfec\u021bionate de chimia pielii tale.<\/p>\n<\/div>\n<\/div>\n<div class=\"ProductMeta__Text\"><\/div>\n","protected":false},"excerpt":{"rendered":"<p>LEMNOS\u00a0&#8211; CONDIMENTE EXOTICE &#8211; MOSC VEGETAL Unisex Dac\u0103 \u00ee\u021bi plac parfumurile lemnoase, acesta este pentru tine! EVERWOOD te transport\u0103 chiar \u00een mijlocul p\u0103durii, \u0219i te conecteaz\u0103 cu toat\u0103 via\u021ba din jur. Con\u021bine lemn de agar autentic care este extras prin metode etice \u0219i durabile. NOTE DE TOP Bergamot\u0103, Portocal\u0103 Amar\u0103 NOTE DE MIJLOC Elemi, Lemn [&hellip;]<\/p>\n","protected":false},"featured_media":8743,"comment_status":"closed","ping_status":"closed","template":"","meta":[],"pwb-brand":[211],"product_brand":[262],"product_cat":[77],"product_tag":[],"class_list":{"0":"post-8742","1":"product","2":"type-product","3":"status-publish","4":"has-post-thumbnail","6":"pwb-brand-matca-naturals","7":"product_brand-matca-naturals","8":"product_cat-cosmetice-naturale","10":"first","11":"instock","12":"taxable","13":"shipping-taxable","14":"purchasable","15":"product-type-simple"},"yoast_head":"<!-- This site is optimized with the Yoast SEO plugin v26.9 - https:\/\/yoast.com\/product\/yoast-seo-wordpress\/ -->\n<title>MAT Parfum Everwood 30 ml - Inspiratio<\/title>\n<meta name=\"description\" content=\"MAT Parfum Everwood 30 ml\" \/>\n<meta name=\"robots\" content=\"index, follow, max-snippet:-1, max-image-preview:large, max-video-preview:-1\" \/>\n<link rel=\"canonical\" href=\"https:\/\/inspiratio.ro\/produs\/mat-parfum-everwood-30-ml\/\" \/>\n<meta property=\"og:locale\" content=\"en_US\" \/>\n<meta property=\"og:type\" content=\"article\" \/>\n<meta property=\"og:title\" content=\"MAT Parfum Everwood 30 ml - Inspiratio\" \/>\n<meta property=\"og:description\" content=\"MAT Parfum Everwood 30 ml\" \/>\n<meta property=\"og:url\" content=\"https:\/\/inspiratio.ro\/produs\/mat-parfum-everwood-30-ml\/\" \/>\n<meta property=\"og:site_name\" content=\"Inspiratio\" \/>\n<meta property=\"article:publisher\" content=\"https:\/\/www.facebook.com\/inspiratiogiftstudio\/\" \/>\n<meta property=\"article:modified_time\" content=\"2025-08-01T10:33:49+00:00\" \/>\n<meta property=\"og:image\" content=\"https:\/\/inspiratio.ro\/wp-content\/uploads\/2024\/08\/everwood_matca_naturals_2_700x.webp\" \/>\n\t<meta property=\"og:image:width\" content=\"700\" \/>\n\t<meta property=\"og:image:height\" content=\"817\" \/>\n\t<meta property=\"og:image:type\" content=\"image\/webp\" \/>\n<meta name=\"twitter:card\" content=\"summary_large_image\" \/>\n<meta name=\"twitter:label1\" content=\"Est. reading time\" \/>\n\t<meta name=\"twitter:data1\" content=\"1 minute\" \/>\n<script type=\"application\/ld+json\" class=\"yoast-schema-graph\">{\"@context\":\"https:\/\/schema.org\",\"@graph\":[{\"@type\":\"WebPage\",\"@id\":\"https:\/\/inspiratio.ro\/produs\/mat-parfum-everwood-30-ml\/\",\"url\":\"https:\/\/inspiratio.ro\/produs\/mat-parfum-everwood-30-ml\/\",\"name\":\"MAT Parfum Everwood 30 ml - Inspiratio\",\"isPartOf\":{\"@id\":\"https:\/\/inspiratio.ro\/#website\"},\"primaryImageOfPage\":{\"@id\":\"https:\/\/inspiratio.ro\/produs\/mat-parfum-everwood-30-ml\/#primaryimage\"},\"image\":{\"@id\":\"https:\/\/inspiratio.ro\/produs\/mat-parfum-everwood-30-ml\/#primaryimage\"},\"thumbnailUrl\":\"https:\/\/inspiratio.ro\/wp-content\/uploads\/2024\/08\/everwood_matca_naturals_2_700x.webp\",\"datePublished\":\"2024-08-07T12:59:40+00:00\",\"dateModified\":\"2025-08-01T10:33:49+00:00\",\"description\":\"MAT Parfum Everwood 30 ml\",\"breadcrumb\":{\"@id\":\"https:\/\/inspiratio.ro\/produs\/mat-parfum-everwood-30-ml\/#breadcrumb\"},\"inLanguage\":\"en-US\",\"potentialAction\":[{\"@type\":\"ReadAction\",\"target\":[\"https:\/\/inspiratio.ro\/produs\/mat-parfum-everwood-30-ml\/\"]}]},{\"@type\":\"ImageObject\",\"inLanguage\":\"en-US\",\"@id\":\"https:\/\/inspiratio.ro\/produs\/mat-parfum-everwood-30-ml\/#primaryimage\",\"url\":\"https:\/\/inspiratio.ro\/wp-content\/uploads\/2024\/08\/everwood_matca_naturals_2_700x.webp\",\"contentUrl\":\"https:\/\/inspiratio.ro\/wp-content\/uploads\/2024\/08\/everwood_matca_naturals_2_700x.webp\",\"width\":700,\"height\":817},{\"@type\":\"BreadcrumbList\",\"@id\":\"https:\/\/inspiratio.ro\/produs\/mat-parfum-everwood-30-ml\/#breadcrumb\",\"itemListElement\":[{\"@type\":\"ListItem\",\"position\":1,\"name\":\"Shop\",\"item\":\"https:\/\/inspiratio.ro\/magazin-cadouri\/\"},{\"@type\":\"ListItem\",\"position\":2,\"name\":\"MAT Parfum Everwood 30 ml\"}]},{\"@type\":\"WebSite\",\"@id\":\"https:\/\/inspiratio.ro\/#website\",\"url\":\"https:\/\/inspiratio.ro\/\",\"name\":\"Inspiratio\",\"description\":\"Las\u0103-te purtat de inspira\u021bie\",\"publisher\":{\"@id\":\"https:\/\/inspiratio.ro\/#organization\"},\"potentialAction\":[{\"@type\":\"SearchAction\",\"target\":{\"@type\":\"EntryPoint\",\"urlTemplate\":\"https:\/\/inspiratio.ro\/?s={search_term_string}\"},\"query-input\":{\"@type\":\"PropertyValueSpecification\",\"valueRequired\":true,\"valueName\":\"search_term_string\"}}],\"inLanguage\":\"en-US\"},{\"@type\":\"Organization\",\"@id\":\"https:\/\/inspiratio.ro\/#organization\",\"name\":\"Inspiratio\",\"url\":\"https:\/\/inspiratio.ro\/\",\"logo\":{\"@type\":\"ImageObject\",\"inLanguage\":\"en-US\",\"@id\":\"https:\/\/inspiratio.ro\/#\/schema\/logo\/image\/\",\"url\":\"https:\/\/inspiratio.ro\/wp-content\/uploads\/2020\/06\/logo-inspiratio.png\",\"contentUrl\":\"https:\/\/inspiratio.ro\/wp-content\/uploads\/2020\/06\/logo-inspiratio.png\",\"width\":232,\"height\":209,\"caption\":\"Inspiratio\"},\"image\":{\"@id\":\"https:\/\/inspiratio.ro\/#\/schema\/logo\/image\/\"},\"sameAs\":[\"https:\/\/www.facebook.com\/inspiratiogiftstudio\/\",\"https:\/\/www.instagram.com\/inspiratio_giftstudio\/\"]}]}<\/script>\n<!-- \/ Yoast SEO plugin. -->","yoast_head_json":{"title":"MAT Parfum Everwood 30 ml - Inspiratio","description":"MAT Parfum Everwood 30 ml","robots":{"index":"index","follow":"follow","max-snippet":"max-snippet:-1","max-image-preview":"max-image-preview:large","max-video-preview":"max-video-preview:-1"},"canonical":"https:\/\/inspiratio.ro\/produs\/mat-parfum-everwood-30-ml\/","og_locale":"en_US","og_type":"article","og_title":"MAT Parfum Everwood 30 ml - Inspiratio","og_description":"MAT Parfum Everwood 30 ml","og_url":"https:\/\/inspiratio.ro\/produs\/mat-parfum-everwood-30-ml\/","og_site_name":"Inspiratio","article_publisher":"https:\/\/www.facebook.com\/inspiratiogiftstudio\/","article_modified_time":"2025-08-01T10:33:49+00:00","og_image":[{"width":700,"height":817,"url":"https:\/\/inspiratio.ro\/wp-content\/uploads\/2024\/08\/everwood_matca_naturals_2_700x.webp","type":"image\/webp"}],"twitter_card":"summary_large_image","twitter_misc":{"Est. reading time":"1 minute"},"schema":{"@context":"https:\/\/schema.org","@graph":[{"@type":"WebPage","@id":"https:\/\/inspiratio.ro\/produs\/mat-parfum-everwood-30-ml\/","url":"https:\/\/inspiratio.ro\/produs\/mat-parfum-everwood-30-ml\/","name":"MAT Parfum Everwood 30 ml - Inspiratio","isPartOf":{"@id":"https:\/\/inspiratio.ro\/#website"},"primaryImageOfPage":{"@id":"https:\/\/inspiratio.ro\/produs\/mat-parfum-everwood-30-ml\/#primaryimage"},"image":{"@id":"https:\/\/inspiratio.ro\/produs\/mat-parfum-everwood-30-ml\/#primaryimage"},"thumbnailUrl":"https:\/\/inspiratio.ro\/wp-content\/uploads\/2024\/08\/everwood_matca_naturals_2_700x.webp","datePublished":"2024-08-07T12:59:40+00:00","dateModified":"2025-08-01T10:33:49+00:00","description":"MAT Parfum Everwood 30 ml","breadcrumb":{"@id":"https:\/\/inspiratio.ro\/produs\/mat-parfum-everwood-30-ml\/#breadcrumb"},"inLanguage":"en-US","potentialAction":[{"@type":"ReadAction","target":["https:\/\/inspiratio.ro\/produs\/mat-parfum-everwood-30-ml\/"]}]},{"@type":"ImageObject","inLanguage":"en-US","@id":"https:\/\/inspiratio.ro\/produs\/mat-parfum-everwood-30-ml\/#primaryimage","url":"https:\/\/inspiratio.ro\/wp-content\/uploads\/2024\/08\/everwood_matca_naturals_2_700x.webp","contentUrl":"https:\/\/inspiratio.ro\/wp-content\/uploads\/2024\/08\/everwood_matca_naturals_2_700x.webp","width":700,"height":817},{"@type":"BreadcrumbList","@id":"https:\/\/inspiratio.ro\/produs\/mat-parfum-everwood-30-ml\/#breadcrumb","itemListElement":[{"@type":"ListItem","position":1,"name":"Shop","item":"https:\/\/inspiratio.ro\/magazin-cadouri\/"},{"@type":"ListItem","position":2,"name":"MAT Parfum Everwood 30 ml"}]},{"@type":"WebSite","@id":"https:\/\/inspiratio.ro\/#website","url":"https:\/\/inspiratio.ro\/","name":"Inspiratio","description":"Las\u0103-te purtat de inspira\u021bie","publisher":{"@id":"https:\/\/inspiratio.ro\/#organization"},"potentialAction":[{"@type":"SearchAction","target":{"@type":"EntryPoint","urlTemplate":"https:\/\/inspiratio.ro\/?s={search_term_string}"},"query-input":{"@type":"PropertyValueSpecification","valueRequired":true,"valueName":"search_term_string"}}],"inLanguage":"en-US"},{"@type":"Organization","@id":"https:\/\/inspiratio.ro\/#organization","name":"Inspiratio","url":"https:\/\/inspiratio.ro\/","logo":{"@type":"ImageObject","inLanguage":"en-US","@id":"https:\/\/inspiratio.ro\/#\/schema\/logo\/image\/","url":"https:\/\/inspiratio.ro\/wp-content\/uploads\/2020\/06\/logo-inspiratio.png","contentUrl":"https:\/\/inspiratio.ro\/wp-content\/uploads\/2020\/06\/logo-inspiratio.png","width":232,"height":209,"caption":"Inspiratio"},"image":{"@id":"https:\/\/inspiratio.ro\/#\/schema\/logo\/image\/"},"sameAs":["https:\/\/www.facebook.com\/inspiratiogiftstudio\/","https:\/\/www.instagram.com\/inspiratio_giftstudio\/"]}]}},"brands":[{"id":211,"name":"MATCA NATURALS","slug":"matca-naturals"}],"_links":{"self":[{"href":"https:\/\/inspiratio.ro\/en\/wp-json\/wp\/v2\/product\/8742","targetHints":{"allow":["GET"]}}],"collection":[{"href":"https:\/\/inspiratio.ro\/en\/wp-json\/wp\/v2\/product"}],"about":[{"href":"https:\/\/inspiratio.ro\/en\/wp-json\/wp\/v2\/types\/product"}],"replies":[{"embeddable":true,"href":"https:\/\/inspiratio.ro\/en\/wp-json\/wp\/v2\/comments?post=8742"}],"wp:featuredmedia":[{"embeddable":true,"href":"https:\/\/inspiratio.ro\/en\/wp-json\/wp\/v2\/media\/8743"}],"wp:attachment":[{"href":"https:\/\/inspiratio.ro\/en\/wp-json\/wp\/v2\/media?parent=8742"}],"wp:term":[{"taxonomy":"pwb-brand","embeddable":true,"href":"https:\/\/inspiratio.ro\/en\/wp-json\/wp\/v2\/pwb-brand?post=8742"},{"taxonomy":"product_brand","embeddable":true,"href":"https:\/\/inspiratio.ro\/en\/wp-json\/wp\/v2\/product_brand?post=8742"},{"taxonomy":"product_cat","embeddable":true,"href":"https:\/\/inspiratio.ro\/en\/wp-json\/wp\/v2\/product_cat?post=8742"},{"taxonomy":"product_tag","embeddable":true,"href":"https:\/\/inspiratio.ro\/en\/wp-json\/wp\/v2\/product_tag?post=8742"}],"curies":[{"name":"wp","href":"https:\/\/api.w.org\/{rel}","templated":true}]}}