{"id":8737,"date":"2024-08-07T15:55:10","date_gmt":"2024-08-07T12:55:10","guid":{"rendered":"https:\/\/inspiratio.ro\/?post_type=product&#038;p=8737"},"modified":"2025-08-01T13:33:58","modified_gmt":"2025-08-01T10:33:58","slug":"mat-midnight-honey-50-ml","status":"publish","type":"product","link":"https:\/\/inspiratio.ro\/en\/produs\/mat-midnight-honey-50-ml\/","title":{"rendered":"Midnight Honey 50 ml"},"content":{"rendered":"<h3><span style=\"font-weight: 400;\">ORIENTAL &#8211; AMBR\u0102 &#8211; GURMAND &#8211; PIELE<\/span><\/h3>\n<p><span style=\"font-weight: 400;\">Notele gurmande de miere \u0219i vanilie se \u00eempletesc armonios cu aromele de piele \u0219i lemn u\u0219or afumat, \u00een timp ce flori rare &#8211; mimosa, frangipani \u0219i iasomie &#8211; ies la iveal\u0103 \u00eentr-un acord perfect echilibrat. Acest parfum \u00eentruchipeaz\u0103, senzualitatea \u0219i o not\u0103 de mister.<\/span><\/p>\n<p><span style=\"font-weight: 400;\">Pentru crearea acestui parfum au fost create dou\u0103 acorduri majore, un acord \u201e\u00eentunecat\u201d \u0219i un acord \u201eluminos\u201d\u00a0care au fost al\u0103turate pentru a crea efectul de \u201eclarobscur\u201d, un contrast \u00eendr\u0103zne\u021b ce confer\u0103 mai mult volum \u0219i profunzime parfumului. Notele opuse se \u00eentrep\u0103trund, atrag \u0219i devin ceva nou, transformat.<\/span><\/p>\n<div class=\"TableWrapper\">\n<table width=\"100%\">\n<tbody>\n<tr>\n<td>NOTE DE TOP<\/td>\n<td><span style=\"font-weight: 400;\">Portocal\u0103 amar\u0103, Mandarin\u0103 ro\u0219ie<\/span><\/td>\n<\/tr>\n<tr>\n<td>NOTE DE MIJLOC<\/td>\n<td><span style=\"font-weight: 400;\">Mimoza, Iasomie, Floare de portocal, Caprifoi, Frangipani<\/span><\/td>\n<\/tr>\n<tr>\n<td>NOTE DE BAZ\u0102<\/td>\n<td><span style=\"font-weight: 400;\">Vanilie,\u00a0<\/span><span style=\"font-weight: 400;\">Coac\u0103ze negre, Labdanum, Piele, Imortelle, Benzoin\u0103, Cear\u0103 de albine<\/span><\/td>\n<\/tr>\n<\/tbody>\n<\/table>\n<\/div>\n<p>Cruelty-free, vegan-friendly, 100% natural, f\u0103r\u0103 conservan\u021bi sintetici sau alcool denaturat. Parfumul natural este perfec\u021bionat de chimia pielii tale.<\/p>\n","protected":false},"excerpt":{"rendered":"<p>ORIENTAL &#8211; AMBR\u0102 &#8211; GURMAND &#8211; PIELE Notele gurmande de miere \u0219i vanilie se \u00eempletesc armonios cu aromele de piele \u0219i lemn u\u0219or afumat, \u00een timp ce flori rare &#8211; mimosa, frangipani \u0219i iasomie &#8211; ies la iveal\u0103 \u00eentr-un acord perfect echilibrat. Acest parfum \u00eentruchipeaz\u0103, senzualitatea \u0219i o not\u0103 de mister. Pentru crearea acestui parfum [&hellip;]<\/p>\n","protected":false},"featured_media":8738,"comment_status":"closed","ping_status":"closed","template":"","meta":[],"pwb-brand":[211],"product_brand":[262],"product_cat":[77],"product_tag":[],"class_list":{"0":"post-8737","1":"product","2":"type-product","3":"status-publish","4":"has-post-thumbnail","6":"pwb-brand-matca-naturals","7":"product_brand-matca-naturals","8":"product_cat-cosmetice-naturale","10":"first","11":"instock","12":"taxable","13":"shipping-taxable","14":"purchasable","15":"product-type-simple"},"yoast_head":"<!-- This site is optimized with the Yoast SEO plugin v26.9 - https:\/\/yoast.com\/product\/yoast-seo-wordpress\/ -->\n<title>MAT Midnight Honey 50 ml - Inspiratio<\/title>\n<meta name=\"description\" content=\"MAT Midnight Honey 50 ml\" \/>\n<meta name=\"robots\" content=\"index, follow, max-snippet:-1, max-image-preview:large, max-video-preview:-1\" \/>\n<link rel=\"canonical\" href=\"https:\/\/inspiratio.ro\/produs\/mat-midnight-honey-50-ml\/\" \/>\n<meta property=\"og:locale\" content=\"en_US\" \/>\n<meta property=\"og:type\" content=\"article\" \/>\n<meta property=\"og:title\" content=\"MAT Midnight Honey 50 ml - Inspiratio\" \/>\n<meta property=\"og:description\" content=\"MAT Midnight Honey 50 ml\" \/>\n<meta property=\"og:url\" content=\"https:\/\/inspiratio.ro\/produs\/mat-midnight-honey-50-ml\/\" \/>\n<meta property=\"og:site_name\" content=\"Inspiratio\" \/>\n<meta property=\"article:publisher\" content=\"https:\/\/www.facebook.com\/inspiratiogiftstudio\/\" \/>\n<meta property=\"article:modified_time\" content=\"2025-08-01T10:33:58+00:00\" \/>\n<meta property=\"og:image\" content=\"https:\/\/inspiratio.ro\/wp-content\/uploads\/2024\/08\/midnight-_2_700x.webp\" \/>\n\t<meta property=\"og:image:width\" content=\"700\" \/>\n\t<meta property=\"og:image:height\" content=\"817\" \/>\n\t<meta property=\"og:image:type\" content=\"image\/webp\" \/>\n<meta name=\"twitter:card\" content=\"summary_large_image\" \/>\n<meta name=\"twitter:label1\" content=\"Est. reading time\" \/>\n\t<meta name=\"twitter:data1\" content=\"1 minute\" \/>\n<script type=\"application\/ld+json\" class=\"yoast-schema-graph\">{\"@context\":\"https:\/\/schema.org\",\"@graph\":[{\"@type\":\"WebPage\",\"@id\":\"https:\/\/inspiratio.ro\/produs\/mat-midnight-honey-50-ml\/\",\"url\":\"https:\/\/inspiratio.ro\/produs\/mat-midnight-honey-50-ml\/\",\"name\":\"MAT Midnight Honey 50 ml - Inspiratio\",\"isPartOf\":{\"@id\":\"https:\/\/inspiratio.ro\/#website\"},\"primaryImageOfPage\":{\"@id\":\"https:\/\/inspiratio.ro\/produs\/mat-midnight-honey-50-ml\/#primaryimage\"},\"image\":{\"@id\":\"https:\/\/inspiratio.ro\/produs\/mat-midnight-honey-50-ml\/#primaryimage\"},\"thumbnailUrl\":\"https:\/\/inspiratio.ro\/wp-content\/uploads\/2024\/08\/midnight-_2_700x.webp\",\"datePublished\":\"2024-08-07T12:55:10+00:00\",\"dateModified\":\"2025-08-01T10:33:58+00:00\",\"description\":\"MAT Midnight Honey 50 ml\",\"breadcrumb\":{\"@id\":\"https:\/\/inspiratio.ro\/produs\/mat-midnight-honey-50-ml\/#breadcrumb\"},\"inLanguage\":\"en-US\",\"potentialAction\":[{\"@type\":\"ReadAction\",\"target\":[\"https:\/\/inspiratio.ro\/produs\/mat-midnight-honey-50-ml\/\"]}]},{\"@type\":\"ImageObject\",\"inLanguage\":\"en-US\",\"@id\":\"https:\/\/inspiratio.ro\/produs\/mat-midnight-honey-50-ml\/#primaryimage\",\"url\":\"https:\/\/inspiratio.ro\/wp-content\/uploads\/2024\/08\/midnight-_2_700x.webp\",\"contentUrl\":\"https:\/\/inspiratio.ro\/wp-content\/uploads\/2024\/08\/midnight-_2_700x.webp\",\"width\":700,\"height\":817},{\"@type\":\"BreadcrumbList\",\"@id\":\"https:\/\/inspiratio.ro\/produs\/mat-midnight-honey-50-ml\/#breadcrumb\",\"itemListElement\":[{\"@type\":\"ListItem\",\"position\":1,\"name\":\"Shop\",\"item\":\"https:\/\/inspiratio.ro\/magazin-cadouri\/\"},{\"@type\":\"ListItem\",\"position\":2,\"name\":\"MAT Midnight Honey 50 ml\"}]},{\"@type\":\"WebSite\",\"@id\":\"https:\/\/inspiratio.ro\/#website\",\"url\":\"https:\/\/inspiratio.ro\/\",\"name\":\"Inspiratio\",\"description\":\"Las\u0103-te purtat de inspira\u021bie\",\"publisher\":{\"@id\":\"https:\/\/inspiratio.ro\/#organization\"},\"potentialAction\":[{\"@type\":\"SearchAction\",\"target\":{\"@type\":\"EntryPoint\",\"urlTemplate\":\"https:\/\/inspiratio.ro\/?s={search_term_string}\"},\"query-input\":{\"@type\":\"PropertyValueSpecification\",\"valueRequired\":true,\"valueName\":\"search_term_string\"}}],\"inLanguage\":\"en-US\"},{\"@type\":\"Organization\",\"@id\":\"https:\/\/inspiratio.ro\/#organization\",\"name\":\"Inspiratio\",\"url\":\"https:\/\/inspiratio.ro\/\",\"logo\":{\"@type\":\"ImageObject\",\"inLanguage\":\"en-US\",\"@id\":\"https:\/\/inspiratio.ro\/#\/schema\/logo\/image\/\",\"url\":\"https:\/\/inspiratio.ro\/wp-content\/uploads\/2020\/06\/logo-inspiratio.png\",\"contentUrl\":\"https:\/\/inspiratio.ro\/wp-content\/uploads\/2020\/06\/logo-inspiratio.png\",\"width\":232,\"height\":209,\"caption\":\"Inspiratio\"},\"image\":{\"@id\":\"https:\/\/inspiratio.ro\/#\/schema\/logo\/image\/\"},\"sameAs\":[\"https:\/\/www.facebook.com\/inspiratiogiftstudio\/\",\"https:\/\/www.instagram.com\/inspiratio_giftstudio\/\"]}]}<\/script>\n<!-- \/ Yoast SEO plugin. -->","yoast_head_json":{"title":"MAT Midnight Honey 50 ml - Inspiratio","description":"MAT Midnight Honey 50 ml","robots":{"index":"index","follow":"follow","max-snippet":"max-snippet:-1","max-image-preview":"max-image-preview:large","max-video-preview":"max-video-preview:-1"},"canonical":"https:\/\/inspiratio.ro\/produs\/mat-midnight-honey-50-ml\/","og_locale":"en_US","og_type":"article","og_title":"MAT Midnight Honey 50 ml - Inspiratio","og_description":"MAT Midnight Honey 50 ml","og_url":"https:\/\/inspiratio.ro\/produs\/mat-midnight-honey-50-ml\/","og_site_name":"Inspiratio","article_publisher":"https:\/\/www.facebook.com\/inspiratiogiftstudio\/","article_modified_time":"2025-08-01T10:33:58+00:00","og_image":[{"width":700,"height":817,"url":"https:\/\/inspiratio.ro\/wp-content\/uploads\/2024\/08\/midnight-_2_700x.webp","type":"image\/webp"}],"twitter_card":"summary_large_image","twitter_misc":{"Est. reading time":"1 minute"},"schema":{"@context":"https:\/\/schema.org","@graph":[{"@type":"WebPage","@id":"https:\/\/inspiratio.ro\/produs\/mat-midnight-honey-50-ml\/","url":"https:\/\/inspiratio.ro\/produs\/mat-midnight-honey-50-ml\/","name":"MAT Midnight Honey 50 ml - Inspiratio","isPartOf":{"@id":"https:\/\/inspiratio.ro\/#website"},"primaryImageOfPage":{"@id":"https:\/\/inspiratio.ro\/produs\/mat-midnight-honey-50-ml\/#primaryimage"},"image":{"@id":"https:\/\/inspiratio.ro\/produs\/mat-midnight-honey-50-ml\/#primaryimage"},"thumbnailUrl":"https:\/\/inspiratio.ro\/wp-content\/uploads\/2024\/08\/midnight-_2_700x.webp","datePublished":"2024-08-07T12:55:10+00:00","dateModified":"2025-08-01T10:33:58+00:00","description":"MAT Midnight Honey 50 ml","breadcrumb":{"@id":"https:\/\/inspiratio.ro\/produs\/mat-midnight-honey-50-ml\/#breadcrumb"},"inLanguage":"en-US","potentialAction":[{"@type":"ReadAction","target":["https:\/\/inspiratio.ro\/produs\/mat-midnight-honey-50-ml\/"]}]},{"@type":"ImageObject","inLanguage":"en-US","@id":"https:\/\/inspiratio.ro\/produs\/mat-midnight-honey-50-ml\/#primaryimage","url":"https:\/\/inspiratio.ro\/wp-content\/uploads\/2024\/08\/midnight-_2_700x.webp","contentUrl":"https:\/\/inspiratio.ro\/wp-content\/uploads\/2024\/08\/midnight-_2_700x.webp","width":700,"height":817},{"@type":"BreadcrumbList","@id":"https:\/\/inspiratio.ro\/produs\/mat-midnight-honey-50-ml\/#breadcrumb","itemListElement":[{"@type":"ListItem","position":1,"name":"Shop","item":"https:\/\/inspiratio.ro\/magazin-cadouri\/"},{"@type":"ListItem","position":2,"name":"MAT Midnight Honey 50 ml"}]},{"@type":"WebSite","@id":"https:\/\/inspiratio.ro\/#website","url":"https:\/\/inspiratio.ro\/","name":"Inspiratio","description":"Las\u0103-te purtat de inspira\u021bie","publisher":{"@id":"https:\/\/inspiratio.ro\/#organization"},"potentialAction":[{"@type":"SearchAction","target":{"@type":"EntryPoint","urlTemplate":"https:\/\/inspiratio.ro\/?s={search_term_string}"},"query-input":{"@type":"PropertyValueSpecification","valueRequired":true,"valueName":"search_term_string"}}],"inLanguage":"en-US"},{"@type":"Organization","@id":"https:\/\/inspiratio.ro\/#organization","name":"Inspiratio","url":"https:\/\/inspiratio.ro\/","logo":{"@type":"ImageObject","inLanguage":"en-US","@id":"https:\/\/inspiratio.ro\/#\/schema\/logo\/image\/","url":"https:\/\/inspiratio.ro\/wp-content\/uploads\/2020\/06\/logo-inspiratio.png","contentUrl":"https:\/\/inspiratio.ro\/wp-content\/uploads\/2020\/06\/logo-inspiratio.png","width":232,"height":209,"caption":"Inspiratio"},"image":{"@id":"https:\/\/inspiratio.ro\/#\/schema\/logo\/image\/"},"sameAs":["https:\/\/www.facebook.com\/inspiratiogiftstudio\/","https:\/\/www.instagram.com\/inspiratio_giftstudio\/"]}]}},"brands":[{"id":211,"name":"MATCA NATURALS","slug":"matca-naturals"}],"_links":{"self":[{"href":"https:\/\/inspiratio.ro\/en\/wp-json\/wp\/v2\/product\/8737","targetHints":{"allow":["GET"]}}],"collection":[{"href":"https:\/\/inspiratio.ro\/en\/wp-json\/wp\/v2\/product"}],"about":[{"href":"https:\/\/inspiratio.ro\/en\/wp-json\/wp\/v2\/types\/product"}],"replies":[{"embeddable":true,"href":"https:\/\/inspiratio.ro\/en\/wp-json\/wp\/v2\/comments?post=8737"}],"wp:featuredmedia":[{"embeddable":true,"href":"https:\/\/inspiratio.ro\/en\/wp-json\/wp\/v2\/media\/8738"}],"wp:attachment":[{"href":"https:\/\/inspiratio.ro\/en\/wp-json\/wp\/v2\/media?parent=8737"}],"wp:term":[{"taxonomy":"pwb-brand","embeddable":true,"href":"https:\/\/inspiratio.ro\/en\/wp-json\/wp\/v2\/pwb-brand?post=8737"},{"taxonomy":"product_brand","embeddable":true,"href":"https:\/\/inspiratio.ro\/en\/wp-json\/wp\/v2\/product_brand?post=8737"},{"taxonomy":"product_cat","embeddable":true,"href":"https:\/\/inspiratio.ro\/en\/wp-json\/wp\/v2\/product_cat?post=8737"},{"taxonomy":"product_tag","embeddable":true,"href":"https:\/\/inspiratio.ro\/en\/wp-json\/wp\/v2\/product_tag?post=8737"}],"curies":[{"name":"wp","href":"https:\/\/api.w.org\/{rel}","templated":true}]}}