{"id":8729,"date":"2024-08-07T15:44:10","date_gmt":"2024-08-07T12:44:10","guid":{"rendered":"https:\/\/inspiratio.ro\/?post_type=product&#038;p=8729"},"modified":"2025-08-01T13:34:15","modified_gmt":"2025-08-01T10:34:15","slug":"mat-holy-wood","status":"publish","type":"product","link":"https:\/\/inspiratio.ro\/en\/produs\/mat-holy-wood\/","title":{"rendered":"Parfum solid Holy Wood"},"content":{"rendered":"<h5>PARFUM SOLID 5G<\/h5>\n<p>Acest parfum solid unisex\u00a0a fost creat\u00a0pentru a aduce o stare de pace, concentrare \u0219i calm. Acesta nu este parfumul t\u0103u obi\u0219nuit. \u00cen centrul acestui parfum solid se afl\u0103\u00a0Palo Santo sau Lemnul Sf\u00e2nt, \u00eempreun\u0103 cu lemn de santal \u0219i t\u0103m\u00e2ie. \u00cel po\u021bi folosi \u00een practicile tale de medita\u021bie sau te po\u021bi bucura de el a\u0219a cum este, pe \u00eentreg parcursul zilei.<\/p>\n<p>&nbsp;<\/p>\n<div class=\"TableWrapper\">\n<table width=\"100%\">\n<tbody>\n<tr>\n<td>\u00a0NOTE PRINCIPALE<\/td>\n<td>Palo Santo, Vetiver, Cedru, Santal, T\u0103m\u00e2ie, Neroli<\/td>\n<\/tr>\n<\/tbody>\n<\/table>\n<\/div>\n<p>&nbsp;<\/p>\n<p>Uleiul esen\u021bial de Palo Santo nu seam\u0103n\u0103 cu parfumul ob\u021binut prin arderea lemnului. V\u0103 invit\u0103m s\u0103 descoperi\u021bi parfumul complex al uleiului de Palo Santo.<\/p>\n<p>Acest parfum realizat din cear\u0103 de albine \u0219i uleiuri 100% naturale vine \u00eentr-o form\u0103 solid\u0103 \u0219i \u00eentr-o cutie generoas\u0103. Folose\u0219te-l pe punctele de puls pentru a sim\u021bi mirosul divin al Lemnului Sf\u00e2nt.<\/p>\n<p>100% NATURAL. F\u0102R\u0102 SUBSTAN\u021aE PETROCHIMICE. FARA PARFUMURI SINTETICE.<\/p>\n","protected":false},"excerpt":{"rendered":"<p>PARFUM SOLID 5G Acest parfum solid unisex\u00a0a fost creat\u00a0pentru a aduce o stare de pace, concentrare \u0219i calm. Acesta nu este parfumul t\u0103u obi\u0219nuit. \u00cen centrul acestui parfum solid se afl\u0103\u00a0Palo Santo sau Lemnul Sf\u00e2nt, \u00eempreun\u0103 cu lemn de santal \u0219i t\u0103m\u00e2ie. \u00cel po\u021bi folosi \u00een practicile tale de medita\u021bie sau te po\u021bi bucura de [&hellip;]<\/p>\n","protected":false},"featured_media":8732,"comment_status":"closed","ping_status":"closed","template":"","meta":[],"pwb-brand":[211],"product_brand":[262],"product_cat":[77],"product_tag":[],"class_list":{"0":"post-8729","1":"product","2":"type-product","3":"status-publish","4":"has-post-thumbnail","6":"pwb-brand-matca-naturals","7":"product_brand-matca-naturals","8":"product_cat-cosmetice-naturale","10":"first","11":"instock","12":"taxable","13":"shipping-taxable","14":"purchasable","15":"product-type-simple"},"yoast_head":"<!-- This site is optimized with the Yoast SEO plugin v26.9 - https:\/\/yoast.com\/product\/yoast-seo-wordpress\/ -->\n<title>MAT Parfum solid Holy Wood - Inspiratio<\/title>\n<meta name=\"description\" content=\"MAT Holy Wood\" \/>\n<meta name=\"robots\" content=\"index, follow, max-snippet:-1, max-image-preview:large, max-video-preview:-1\" \/>\n<link rel=\"canonical\" href=\"https:\/\/inspiratio.ro\/produs\/mat-holy-wood\/\" \/>\n<meta property=\"og:locale\" content=\"en_US\" \/>\n<meta property=\"og:type\" content=\"article\" \/>\n<meta property=\"og:title\" content=\"MAT Parfum solid Holy Wood - Inspiratio\" \/>\n<meta property=\"og:description\" content=\"MAT Holy Wood\" \/>\n<meta property=\"og:url\" content=\"https:\/\/inspiratio.ro\/produs\/mat-holy-wood\/\" \/>\n<meta property=\"og:site_name\" content=\"Inspiratio\" \/>\n<meta property=\"article:publisher\" content=\"https:\/\/www.facebook.com\/inspiratiogiftstudio\/\" \/>\n<meta property=\"article:modified_time\" content=\"2025-08-01T10:34:15+00:00\" \/>\n<meta property=\"og:image\" content=\"https:\/\/inspiratio.ro\/wp-content\/uploads\/2024\/08\/solid-holy-2_700x.webp\" \/>\n\t<meta property=\"og:image:width\" content=\"700\" \/>\n\t<meta property=\"og:image:height\" content=\"817\" \/>\n\t<meta property=\"og:image:type\" content=\"image\/webp\" \/>\n<meta name=\"twitter:card\" content=\"summary_large_image\" \/>\n<meta name=\"twitter:label1\" content=\"Est. reading time\" \/>\n\t<meta name=\"twitter:data1\" content=\"1 minute\" \/>\n<script type=\"application\/ld+json\" class=\"yoast-schema-graph\">{\"@context\":\"https:\/\/schema.org\",\"@graph\":[{\"@type\":\"WebPage\",\"@id\":\"https:\/\/inspiratio.ro\/produs\/mat-holy-wood\/\",\"url\":\"https:\/\/inspiratio.ro\/produs\/mat-holy-wood\/\",\"name\":\"MAT Parfum solid Holy Wood - Inspiratio\",\"isPartOf\":{\"@id\":\"https:\/\/inspiratio.ro\/#website\"},\"primaryImageOfPage\":{\"@id\":\"https:\/\/inspiratio.ro\/produs\/mat-holy-wood\/#primaryimage\"},\"image\":{\"@id\":\"https:\/\/inspiratio.ro\/produs\/mat-holy-wood\/#primaryimage\"},\"thumbnailUrl\":\"https:\/\/inspiratio.ro\/wp-content\/uploads\/2024\/08\/solid-holy-2_700x.webp\",\"datePublished\":\"2024-08-07T12:44:10+00:00\",\"dateModified\":\"2025-08-01T10:34:15+00:00\",\"description\":\"MAT Holy Wood\",\"breadcrumb\":{\"@id\":\"https:\/\/inspiratio.ro\/produs\/mat-holy-wood\/#breadcrumb\"},\"inLanguage\":\"en-US\",\"potentialAction\":[{\"@type\":\"ReadAction\",\"target\":[\"https:\/\/inspiratio.ro\/produs\/mat-holy-wood\/\"]}]},{\"@type\":\"ImageObject\",\"inLanguage\":\"en-US\",\"@id\":\"https:\/\/inspiratio.ro\/produs\/mat-holy-wood\/#primaryimage\",\"url\":\"https:\/\/inspiratio.ro\/wp-content\/uploads\/2024\/08\/solid-holy-2_700x.webp\",\"contentUrl\":\"https:\/\/inspiratio.ro\/wp-content\/uploads\/2024\/08\/solid-holy-2_700x.webp\",\"width\":700,\"height\":817},{\"@type\":\"BreadcrumbList\",\"@id\":\"https:\/\/inspiratio.ro\/produs\/mat-holy-wood\/#breadcrumb\",\"itemListElement\":[{\"@type\":\"ListItem\",\"position\":1,\"name\":\"Shop\",\"item\":\"https:\/\/inspiratio.ro\/magazin-cadouri\/\"},{\"@type\":\"ListItem\",\"position\":2,\"name\":\"MAT Parfum solid Holy Wood\"}]},{\"@type\":\"WebSite\",\"@id\":\"https:\/\/inspiratio.ro\/#website\",\"url\":\"https:\/\/inspiratio.ro\/\",\"name\":\"Inspiratio\",\"description\":\"Las\u0103-te purtat de inspira\u021bie\",\"publisher\":{\"@id\":\"https:\/\/inspiratio.ro\/#organization\"},\"potentialAction\":[{\"@type\":\"SearchAction\",\"target\":{\"@type\":\"EntryPoint\",\"urlTemplate\":\"https:\/\/inspiratio.ro\/?s={search_term_string}\"},\"query-input\":{\"@type\":\"PropertyValueSpecification\",\"valueRequired\":true,\"valueName\":\"search_term_string\"}}],\"inLanguage\":\"en-US\"},{\"@type\":\"Organization\",\"@id\":\"https:\/\/inspiratio.ro\/#organization\",\"name\":\"Inspiratio\",\"url\":\"https:\/\/inspiratio.ro\/\",\"logo\":{\"@type\":\"ImageObject\",\"inLanguage\":\"en-US\",\"@id\":\"https:\/\/inspiratio.ro\/#\/schema\/logo\/image\/\",\"url\":\"https:\/\/inspiratio.ro\/wp-content\/uploads\/2020\/06\/logo-inspiratio.png\",\"contentUrl\":\"https:\/\/inspiratio.ro\/wp-content\/uploads\/2020\/06\/logo-inspiratio.png\",\"width\":232,\"height\":209,\"caption\":\"Inspiratio\"},\"image\":{\"@id\":\"https:\/\/inspiratio.ro\/#\/schema\/logo\/image\/\"},\"sameAs\":[\"https:\/\/www.facebook.com\/inspiratiogiftstudio\/\",\"https:\/\/www.instagram.com\/inspiratio_giftstudio\/\"]}]}<\/script>\n<!-- \/ Yoast SEO plugin. -->","yoast_head_json":{"title":"MAT Parfum solid Holy Wood - Inspiratio","description":"MAT Holy Wood","robots":{"index":"index","follow":"follow","max-snippet":"max-snippet:-1","max-image-preview":"max-image-preview:large","max-video-preview":"max-video-preview:-1"},"canonical":"https:\/\/inspiratio.ro\/produs\/mat-holy-wood\/","og_locale":"en_US","og_type":"article","og_title":"MAT Parfum solid Holy Wood - Inspiratio","og_description":"MAT Holy Wood","og_url":"https:\/\/inspiratio.ro\/produs\/mat-holy-wood\/","og_site_name":"Inspiratio","article_publisher":"https:\/\/www.facebook.com\/inspiratiogiftstudio\/","article_modified_time":"2025-08-01T10:34:15+00:00","og_image":[{"width":700,"height":817,"url":"https:\/\/inspiratio.ro\/wp-content\/uploads\/2024\/08\/solid-holy-2_700x.webp","type":"image\/webp"}],"twitter_card":"summary_large_image","twitter_misc":{"Est. reading time":"1 minute"},"schema":{"@context":"https:\/\/schema.org","@graph":[{"@type":"WebPage","@id":"https:\/\/inspiratio.ro\/produs\/mat-holy-wood\/","url":"https:\/\/inspiratio.ro\/produs\/mat-holy-wood\/","name":"MAT Parfum solid Holy Wood - Inspiratio","isPartOf":{"@id":"https:\/\/inspiratio.ro\/#website"},"primaryImageOfPage":{"@id":"https:\/\/inspiratio.ro\/produs\/mat-holy-wood\/#primaryimage"},"image":{"@id":"https:\/\/inspiratio.ro\/produs\/mat-holy-wood\/#primaryimage"},"thumbnailUrl":"https:\/\/inspiratio.ro\/wp-content\/uploads\/2024\/08\/solid-holy-2_700x.webp","datePublished":"2024-08-07T12:44:10+00:00","dateModified":"2025-08-01T10:34:15+00:00","description":"MAT Holy Wood","breadcrumb":{"@id":"https:\/\/inspiratio.ro\/produs\/mat-holy-wood\/#breadcrumb"},"inLanguage":"en-US","potentialAction":[{"@type":"ReadAction","target":["https:\/\/inspiratio.ro\/produs\/mat-holy-wood\/"]}]},{"@type":"ImageObject","inLanguage":"en-US","@id":"https:\/\/inspiratio.ro\/produs\/mat-holy-wood\/#primaryimage","url":"https:\/\/inspiratio.ro\/wp-content\/uploads\/2024\/08\/solid-holy-2_700x.webp","contentUrl":"https:\/\/inspiratio.ro\/wp-content\/uploads\/2024\/08\/solid-holy-2_700x.webp","width":700,"height":817},{"@type":"BreadcrumbList","@id":"https:\/\/inspiratio.ro\/produs\/mat-holy-wood\/#breadcrumb","itemListElement":[{"@type":"ListItem","position":1,"name":"Shop","item":"https:\/\/inspiratio.ro\/magazin-cadouri\/"},{"@type":"ListItem","position":2,"name":"MAT Parfum solid Holy Wood"}]},{"@type":"WebSite","@id":"https:\/\/inspiratio.ro\/#website","url":"https:\/\/inspiratio.ro\/","name":"Inspiratio","description":"Las\u0103-te purtat de inspira\u021bie","publisher":{"@id":"https:\/\/inspiratio.ro\/#organization"},"potentialAction":[{"@type":"SearchAction","target":{"@type":"EntryPoint","urlTemplate":"https:\/\/inspiratio.ro\/?s={search_term_string}"},"query-input":{"@type":"PropertyValueSpecification","valueRequired":true,"valueName":"search_term_string"}}],"inLanguage":"en-US"},{"@type":"Organization","@id":"https:\/\/inspiratio.ro\/#organization","name":"Inspiratio","url":"https:\/\/inspiratio.ro\/","logo":{"@type":"ImageObject","inLanguage":"en-US","@id":"https:\/\/inspiratio.ro\/#\/schema\/logo\/image\/","url":"https:\/\/inspiratio.ro\/wp-content\/uploads\/2020\/06\/logo-inspiratio.png","contentUrl":"https:\/\/inspiratio.ro\/wp-content\/uploads\/2020\/06\/logo-inspiratio.png","width":232,"height":209,"caption":"Inspiratio"},"image":{"@id":"https:\/\/inspiratio.ro\/#\/schema\/logo\/image\/"},"sameAs":["https:\/\/www.facebook.com\/inspiratiogiftstudio\/","https:\/\/www.instagram.com\/inspiratio_giftstudio\/"]}]}},"brands":[{"id":211,"name":"MATCA NATURALS","slug":"matca-naturals"}],"_links":{"self":[{"href":"https:\/\/inspiratio.ro\/en\/wp-json\/wp\/v2\/product\/8729","targetHints":{"allow":["GET"]}}],"collection":[{"href":"https:\/\/inspiratio.ro\/en\/wp-json\/wp\/v2\/product"}],"about":[{"href":"https:\/\/inspiratio.ro\/en\/wp-json\/wp\/v2\/types\/product"}],"replies":[{"embeddable":true,"href":"https:\/\/inspiratio.ro\/en\/wp-json\/wp\/v2\/comments?post=8729"}],"wp:featuredmedia":[{"embeddable":true,"href":"https:\/\/inspiratio.ro\/en\/wp-json\/wp\/v2\/media\/8732"}],"wp:attachment":[{"href":"https:\/\/inspiratio.ro\/en\/wp-json\/wp\/v2\/media?parent=8729"}],"wp:term":[{"taxonomy":"pwb-brand","embeddable":true,"href":"https:\/\/inspiratio.ro\/en\/wp-json\/wp\/v2\/pwb-brand?post=8729"},{"taxonomy":"product_brand","embeddable":true,"href":"https:\/\/inspiratio.ro\/en\/wp-json\/wp\/v2\/product_brand?post=8729"},{"taxonomy":"product_cat","embeddable":true,"href":"https:\/\/inspiratio.ro\/en\/wp-json\/wp\/v2\/product_cat?post=8729"},{"taxonomy":"product_tag","embeddable":true,"href":"https:\/\/inspiratio.ro\/en\/wp-json\/wp\/v2\/product_tag?post=8729"}],"curies":[{"name":"wp","href":"https:\/\/api.w.org\/{rel}","templated":true}]}}