{"id":8723,"date":"2024-08-07T15:42:53","date_gmt":"2024-08-07T12:42:53","guid":{"rendered":"https:\/\/inspiratio.ro\/?post_type=product&#038;p=8723"},"modified":"2025-08-01T13:28:51","modified_gmt":"2025-08-01T10:28:51","slug":"mat-discovery-set-true-nature-collection","status":"publish","type":"product","link":"https:\/\/inspiratio.ro\/en\/produs\/mat-discovery-set-true-nature-collection\/","title":{"rendered":"Discovery Set &#8220;True Nature&#8221; Collection"},"content":{"rendered":"<p>Colec\u021bia TRUE NATURE include primele 7 lans\u0103ri ale brandului MATCA Naturals. Imprevizibile, autentice \u0219i uneori cu o \u00eendr\u0103zneal\u0103 neab\u0103tut\u0103, aceste arome te poart\u0103 cu u\u0219urin\u021b\u0103 \u00een inima naturii, unde o po\u021bi sim\u021bi puls\u00e2nd pe pielea ta. Asemenea frumuse\u021bii \u00een continu\u0103 evolu\u021bie a naturii, aceste parfumuri te vor surprinde prin complexitatea lor pe m\u0103sur\u0103 ce se dezv\u0103luie pe pielea ta.<\/p>\n<p>Acest set de testere include parfumurile din colec\u021bia &#8220;TRUE NATURE&#8221;:<\/p>\n<ul>\n<li>Pianista<\/li>\n<li>Smoked Sunday<\/li>\n<li>Oakmoss Tabac<\/li>\n<li>Lurra<\/li>\n<li>Opera 9<\/li>\n<li>Green Maremoto<\/li>\n<li>Everwood<\/li>\n<\/ul>\n<p>Cel mai bun mod de a testa parfumurile este s\u0103 por\u021bi c\u00e2te un parfum pe parcursul a c\u00e2teva zile \u0219i s\u0103 decizi care dintre acestea \u021bi se potrive\u0219te cel mai bine.<\/p>\n<p>Toate aceste parfumuri sunt cruelty-free, vegan-friendly, 100% naturale, f\u0103r\u0103 conservan\u021bi sintetici sau alcool denaturat.<\/p>\n","protected":false},"excerpt":{"rendered":"<p>Colec\u021bia TRUE NATURE include primele 7 lans\u0103ri ale brandului MATCA Naturals. Imprevizibile, autentice \u0219i uneori cu o \u00eendr\u0103zneal\u0103 neab\u0103tut\u0103, aceste arome te poart\u0103 cu u\u0219urin\u021b\u0103 \u00een inima naturii, unde o po\u021bi sim\u021bi puls\u00e2nd pe pielea ta. Asemenea frumuse\u021bii \u00een continu\u0103 evolu\u021bie a naturii, aceste parfumuri te vor surprinde prin complexitatea lor pe m\u0103sur\u0103 ce se [&hellip;]<\/p>\n","protected":false},"featured_media":8724,"comment_status":"closed","ping_status":"closed","template":"","meta":[],"pwb-brand":[211],"product_brand":[262],"product_cat":[77],"product_tag":[],"class_list":{"0":"post-8723","1":"product","2":"type-product","3":"status-publish","4":"has-post-thumbnail","6":"pwb-brand-matca-naturals","7":"product_brand-matca-naturals","8":"product_cat-cosmetice-naturale","10":"first","11":"instock","12":"taxable","13":"shipping-taxable","14":"purchasable","15":"product-type-simple"},"yoast_head":"<!-- This site is optimized with the Yoast SEO plugin v26.9 - https:\/\/yoast.com\/product\/yoast-seo-wordpress\/ -->\n<title>MAT Discovery Set &quot;True Nature&quot; Collection - Inspiratio<\/title>\n<meta name=\"description\" content=\"MAT Discovery Set &quot;True Nature&quot; Collection\" \/>\n<meta name=\"robots\" content=\"index, follow, max-snippet:-1, max-image-preview:large, max-video-preview:-1\" \/>\n<link rel=\"canonical\" href=\"https:\/\/inspiratio.ro\/produs\/mat-discovery-set-true-nature-collection\/\" \/>\n<meta property=\"og:locale\" content=\"en_US\" \/>\n<meta property=\"og:type\" content=\"article\" \/>\n<meta property=\"og:title\" content=\"MAT Discovery Set &quot;True Nature&quot; Collection - Inspiratio\" \/>\n<meta property=\"og:description\" content=\"MAT Discovery Set &quot;True Nature&quot; Collection\" \/>\n<meta property=\"og:url\" content=\"https:\/\/inspiratio.ro\/produs\/mat-discovery-set-true-nature-collection\/\" \/>\n<meta property=\"og:site_name\" content=\"Inspiratio\" \/>\n<meta property=\"article:publisher\" content=\"https:\/\/www.facebook.com\/inspiratiogiftstudio\/\" \/>\n<meta property=\"article:modified_time\" content=\"2025-08-01T10:28:51+00:00\" \/>\n<meta property=\"og:image\" content=\"https:\/\/inspiratio.ro\/wp-content\/uploads\/2024\/08\/discovery-set_15bd07f1-c9b2-4816-98c9-703bdec0fa0f_700x.webp\" \/>\n\t<meta property=\"og:image:width\" content=\"700\" \/>\n\t<meta property=\"og:image:height\" content=\"817\" \/>\n\t<meta property=\"og:image:type\" content=\"image\/webp\" \/>\n<meta name=\"twitter:card\" content=\"summary_large_image\" \/>\n<meta name=\"twitter:label1\" content=\"Est. reading time\" \/>\n\t<meta name=\"twitter:data1\" content=\"1 minute\" \/>\n<script type=\"application\/ld+json\" class=\"yoast-schema-graph\">{\"@context\":\"https:\/\/schema.org\",\"@graph\":[{\"@type\":\"WebPage\",\"@id\":\"https:\/\/inspiratio.ro\/produs\/mat-discovery-set-true-nature-collection\/\",\"url\":\"https:\/\/inspiratio.ro\/produs\/mat-discovery-set-true-nature-collection\/\",\"name\":\"MAT Discovery Set \\\"True Nature\\\" Collection - Inspiratio\",\"isPartOf\":{\"@id\":\"https:\/\/inspiratio.ro\/#website\"},\"primaryImageOfPage\":{\"@id\":\"https:\/\/inspiratio.ro\/produs\/mat-discovery-set-true-nature-collection\/#primaryimage\"},\"image\":{\"@id\":\"https:\/\/inspiratio.ro\/produs\/mat-discovery-set-true-nature-collection\/#primaryimage\"},\"thumbnailUrl\":\"https:\/\/inspiratio.ro\/wp-content\/uploads\/2024\/08\/discovery-set_15bd07f1-c9b2-4816-98c9-703bdec0fa0f_700x.webp\",\"datePublished\":\"2024-08-07T12:42:53+00:00\",\"dateModified\":\"2025-08-01T10:28:51+00:00\",\"description\":\"MAT Discovery Set \\\"True Nature\\\" Collection\",\"breadcrumb\":{\"@id\":\"https:\/\/inspiratio.ro\/produs\/mat-discovery-set-true-nature-collection\/#breadcrumb\"},\"inLanguage\":\"en-US\",\"potentialAction\":[{\"@type\":\"ReadAction\",\"target\":[\"https:\/\/inspiratio.ro\/produs\/mat-discovery-set-true-nature-collection\/\"]}]},{\"@type\":\"ImageObject\",\"inLanguage\":\"en-US\",\"@id\":\"https:\/\/inspiratio.ro\/produs\/mat-discovery-set-true-nature-collection\/#primaryimage\",\"url\":\"https:\/\/inspiratio.ro\/wp-content\/uploads\/2024\/08\/discovery-set_15bd07f1-c9b2-4816-98c9-703bdec0fa0f_700x.webp\",\"contentUrl\":\"https:\/\/inspiratio.ro\/wp-content\/uploads\/2024\/08\/discovery-set_15bd07f1-c9b2-4816-98c9-703bdec0fa0f_700x.webp\",\"width\":700,\"height\":817},{\"@type\":\"BreadcrumbList\",\"@id\":\"https:\/\/inspiratio.ro\/produs\/mat-discovery-set-true-nature-collection\/#breadcrumb\",\"itemListElement\":[{\"@type\":\"ListItem\",\"position\":1,\"name\":\"Shop\",\"item\":\"https:\/\/inspiratio.ro\/magazin-cadouri\/\"},{\"@type\":\"ListItem\",\"position\":2,\"name\":\"MAT Discovery Set &#8222;True Nature&#8221; Collection\"}]},{\"@type\":\"WebSite\",\"@id\":\"https:\/\/inspiratio.ro\/#website\",\"url\":\"https:\/\/inspiratio.ro\/\",\"name\":\"Inspiratio\",\"description\":\"Las\u0103-te purtat de inspira\u021bie\",\"publisher\":{\"@id\":\"https:\/\/inspiratio.ro\/#organization\"},\"potentialAction\":[{\"@type\":\"SearchAction\",\"target\":{\"@type\":\"EntryPoint\",\"urlTemplate\":\"https:\/\/inspiratio.ro\/?s={search_term_string}\"},\"query-input\":{\"@type\":\"PropertyValueSpecification\",\"valueRequired\":true,\"valueName\":\"search_term_string\"}}],\"inLanguage\":\"en-US\"},{\"@type\":\"Organization\",\"@id\":\"https:\/\/inspiratio.ro\/#organization\",\"name\":\"Inspiratio\",\"url\":\"https:\/\/inspiratio.ro\/\",\"logo\":{\"@type\":\"ImageObject\",\"inLanguage\":\"en-US\",\"@id\":\"https:\/\/inspiratio.ro\/#\/schema\/logo\/image\/\",\"url\":\"https:\/\/inspiratio.ro\/wp-content\/uploads\/2020\/06\/logo-inspiratio.png\",\"contentUrl\":\"https:\/\/inspiratio.ro\/wp-content\/uploads\/2020\/06\/logo-inspiratio.png\",\"width\":232,\"height\":209,\"caption\":\"Inspiratio\"},\"image\":{\"@id\":\"https:\/\/inspiratio.ro\/#\/schema\/logo\/image\/\"},\"sameAs\":[\"https:\/\/www.facebook.com\/inspiratiogiftstudio\/\",\"https:\/\/www.instagram.com\/inspiratio_giftstudio\/\"]}]}<\/script>\n<!-- \/ Yoast SEO plugin. -->","yoast_head_json":{"title":"MAT Discovery Set \"True Nature\" Collection - Inspiratio","description":"MAT Discovery Set \"True Nature\" Collection","robots":{"index":"index","follow":"follow","max-snippet":"max-snippet:-1","max-image-preview":"max-image-preview:large","max-video-preview":"max-video-preview:-1"},"canonical":"https:\/\/inspiratio.ro\/produs\/mat-discovery-set-true-nature-collection\/","og_locale":"en_US","og_type":"article","og_title":"MAT Discovery Set \"True Nature\" Collection - Inspiratio","og_description":"MAT Discovery Set \"True Nature\" Collection","og_url":"https:\/\/inspiratio.ro\/produs\/mat-discovery-set-true-nature-collection\/","og_site_name":"Inspiratio","article_publisher":"https:\/\/www.facebook.com\/inspiratiogiftstudio\/","article_modified_time":"2025-08-01T10:28:51+00:00","og_image":[{"width":700,"height":817,"url":"https:\/\/inspiratio.ro\/wp-content\/uploads\/2024\/08\/discovery-set_15bd07f1-c9b2-4816-98c9-703bdec0fa0f_700x.webp","type":"image\/webp"}],"twitter_card":"summary_large_image","twitter_misc":{"Est. reading time":"1 minute"},"schema":{"@context":"https:\/\/schema.org","@graph":[{"@type":"WebPage","@id":"https:\/\/inspiratio.ro\/produs\/mat-discovery-set-true-nature-collection\/","url":"https:\/\/inspiratio.ro\/produs\/mat-discovery-set-true-nature-collection\/","name":"MAT Discovery Set \"True Nature\" Collection - Inspiratio","isPartOf":{"@id":"https:\/\/inspiratio.ro\/#website"},"primaryImageOfPage":{"@id":"https:\/\/inspiratio.ro\/produs\/mat-discovery-set-true-nature-collection\/#primaryimage"},"image":{"@id":"https:\/\/inspiratio.ro\/produs\/mat-discovery-set-true-nature-collection\/#primaryimage"},"thumbnailUrl":"https:\/\/inspiratio.ro\/wp-content\/uploads\/2024\/08\/discovery-set_15bd07f1-c9b2-4816-98c9-703bdec0fa0f_700x.webp","datePublished":"2024-08-07T12:42:53+00:00","dateModified":"2025-08-01T10:28:51+00:00","description":"MAT Discovery Set \"True Nature\" Collection","breadcrumb":{"@id":"https:\/\/inspiratio.ro\/produs\/mat-discovery-set-true-nature-collection\/#breadcrumb"},"inLanguage":"en-US","potentialAction":[{"@type":"ReadAction","target":["https:\/\/inspiratio.ro\/produs\/mat-discovery-set-true-nature-collection\/"]}]},{"@type":"ImageObject","inLanguage":"en-US","@id":"https:\/\/inspiratio.ro\/produs\/mat-discovery-set-true-nature-collection\/#primaryimage","url":"https:\/\/inspiratio.ro\/wp-content\/uploads\/2024\/08\/discovery-set_15bd07f1-c9b2-4816-98c9-703bdec0fa0f_700x.webp","contentUrl":"https:\/\/inspiratio.ro\/wp-content\/uploads\/2024\/08\/discovery-set_15bd07f1-c9b2-4816-98c9-703bdec0fa0f_700x.webp","width":700,"height":817},{"@type":"BreadcrumbList","@id":"https:\/\/inspiratio.ro\/produs\/mat-discovery-set-true-nature-collection\/#breadcrumb","itemListElement":[{"@type":"ListItem","position":1,"name":"Shop","item":"https:\/\/inspiratio.ro\/magazin-cadouri\/"},{"@type":"ListItem","position":2,"name":"MAT Discovery Set &#8222;True Nature&#8221; Collection"}]},{"@type":"WebSite","@id":"https:\/\/inspiratio.ro\/#website","url":"https:\/\/inspiratio.ro\/","name":"Inspiratio","description":"Las\u0103-te purtat de inspira\u021bie","publisher":{"@id":"https:\/\/inspiratio.ro\/#organization"},"potentialAction":[{"@type":"SearchAction","target":{"@type":"EntryPoint","urlTemplate":"https:\/\/inspiratio.ro\/?s={search_term_string}"},"query-input":{"@type":"PropertyValueSpecification","valueRequired":true,"valueName":"search_term_string"}}],"inLanguage":"en-US"},{"@type":"Organization","@id":"https:\/\/inspiratio.ro\/#organization","name":"Inspiratio","url":"https:\/\/inspiratio.ro\/","logo":{"@type":"ImageObject","inLanguage":"en-US","@id":"https:\/\/inspiratio.ro\/#\/schema\/logo\/image\/","url":"https:\/\/inspiratio.ro\/wp-content\/uploads\/2020\/06\/logo-inspiratio.png","contentUrl":"https:\/\/inspiratio.ro\/wp-content\/uploads\/2020\/06\/logo-inspiratio.png","width":232,"height":209,"caption":"Inspiratio"},"image":{"@id":"https:\/\/inspiratio.ro\/#\/schema\/logo\/image\/"},"sameAs":["https:\/\/www.facebook.com\/inspiratiogiftstudio\/","https:\/\/www.instagram.com\/inspiratio_giftstudio\/"]}]}},"brands":[{"id":211,"name":"MATCA NATURALS","slug":"matca-naturals"}],"_links":{"self":[{"href":"https:\/\/inspiratio.ro\/en\/wp-json\/wp\/v2\/product\/8723","targetHints":{"allow":["GET"]}}],"collection":[{"href":"https:\/\/inspiratio.ro\/en\/wp-json\/wp\/v2\/product"}],"about":[{"href":"https:\/\/inspiratio.ro\/en\/wp-json\/wp\/v2\/types\/product"}],"replies":[{"embeddable":true,"href":"https:\/\/inspiratio.ro\/en\/wp-json\/wp\/v2\/comments?post=8723"}],"wp:featuredmedia":[{"embeddable":true,"href":"https:\/\/inspiratio.ro\/en\/wp-json\/wp\/v2\/media\/8724"}],"wp:attachment":[{"href":"https:\/\/inspiratio.ro\/en\/wp-json\/wp\/v2\/media?parent=8723"}],"wp:term":[{"taxonomy":"pwb-brand","embeddable":true,"href":"https:\/\/inspiratio.ro\/en\/wp-json\/wp\/v2\/pwb-brand?post=8723"},{"taxonomy":"product_brand","embeddable":true,"href":"https:\/\/inspiratio.ro\/en\/wp-json\/wp\/v2\/product_brand?post=8723"},{"taxonomy":"product_cat","embeddable":true,"href":"https:\/\/inspiratio.ro\/en\/wp-json\/wp\/v2\/product_cat?post=8723"},{"taxonomy":"product_tag","embeddable":true,"href":"https:\/\/inspiratio.ro\/en\/wp-json\/wp\/v2\/product_tag?post=8723"}],"curies":[{"name":"wp","href":"https:\/\/api.w.org\/{rel}","templated":true}]}}