{"id":8645,"date":"2024-07-19T12:11:41","date_gmt":"2024-07-19T09:11:41","guid":{"rendered":"https:\/\/inspiratio.ro\/?post_type=product&#038;p=8645"},"modified":"2025-08-13T13:21:06","modified_gmt":"2025-08-13T10:21:06","slug":"lem-toc-ochelari-beige","status":"publish","type":"product","link":"https:\/\/inspiratio.ro\/en\/produs\/lem-toc-ochelari-beige\/","title":{"rendered":"Toc Ochelari Beige"},"content":{"rendered":"<p>Prive\u0219te lumea \u00een stilul t\u0103u cu noul toc de ochelari Lemnia.<\/p>\n<p>Creat din piele fin\u0103, cu un detaliu din lemn natural, tocul pare mai degrab\u0103 un clutch bag sau un portofel elegant dec\u00e2t o cutie pentru ochelari.<\/p>\n<p>Rezistent pe interior, rafinat la exterior. Altfel spus, func\u021bionalul \u00eent\u00e2lne\u0219te designul, a\u0219a c\u0103 noul t\u0103u accesoriu fashion \u00ee\u021bi protejeaz\u0103 ochelarii de soare sau de vedere, dar se potrive\u0219te \u0219i cu outfit-ul t\u0103u.<\/p>\n<p>Realizat manual din piele natural\u0103 \u0219i lemn de stejar.<\/p>\n<p><strong>Alte specifica\u021bii<\/strong><\/p>\n<p>*Dimensiuni: aprox.\u00a016.5 x 7 x\u00a03.5 cm<\/p>\n<p>*Pentru a proteja lentilele, este c\u0103ptu\u0219it \u00een zona acestora cu piele \u00eentoarsa fin\u0103.<\/p>\n<p>*Piele natural\u0103 bovin\u0103.<\/p>\n<p>*Culoare piele: bej.<\/p>\n<p>Fotografii ilustrative.<\/p>\n<hr \/>\n<p>La INSPIRATIO stocurile sunt mereu reduse pentru c\u0103 lucr\u0103m cu artizani \u0219i designeri care manufactureaz\u0103 fiecare produs \u00een parte.<\/p>\n<p>Av\u00e2nd \u00een vedere diversitatea modelelor \u0219i culorilor disponibile \u00een magazin, v\u0103 rug\u0103m s\u0103 ne contacta\u021bi telefonic\/Whatsapp pentru a v\u0103 putea sprijini \u00een alegerea produsului dorit.<\/p>\n","protected":false},"excerpt":{"rendered":"<p>Prive\u0219te lumea \u00een stilul t\u0103u cu noul toc de ochelari Lemnia. Creat din piele fin\u0103, cu un detaliu din lemn natural, tocul pare mai degrab\u0103 un clutch bag sau un portofel elegant dec\u00e2t o cutie pentru ochelari. Rezistent pe interior, rafinat la exterior. Altfel spus, func\u021bionalul \u00eent\u00e2lne\u0219te designul, a\u0219a c\u0103 noul t\u0103u accesoriu fashion \u00ee\u021bi [&hellip;]<\/p>\n","protected":false},"featured_media":8646,"comment_status":"open","ping_status":"closed","template":"","meta":[],"pwb-brand":[188],"product_brand":[259],"product_cat":[87,17],"product_tag":[],"class_list":{"0":"post-8645","1":"product","2":"type-product","3":"status-publish","4":"has-post-thumbnail","6":"pwb-brand-lemnia","7":"product_brand-lemnia","8":"product_cat-to-wear","9":"product_cat-haine-si-accesorii","11":"first","12":"instock","13":"taxable","14":"shipping-taxable","15":"purchasable","16":"product-type-simple"},"yoast_head":"<!-- This site is optimized with the Yoast SEO plugin v26.9 - https:\/\/yoast.com\/product\/yoast-seo-wordpress\/ -->\n<title>LEM Toc Ochelari Beige - Inspiratio<\/title>\n<meta name=\"description\" content=\"LEM Toc Ochelari Beige\" \/>\n<meta name=\"robots\" content=\"index, follow, max-snippet:-1, max-image-preview:large, max-video-preview:-1\" \/>\n<link rel=\"canonical\" href=\"https:\/\/inspiratio.ro\/produs\/lem-toc-ochelari-beige\/\" \/>\n<meta property=\"og:locale\" content=\"en_US\" \/>\n<meta property=\"og:type\" content=\"article\" \/>\n<meta property=\"og:title\" content=\"LEM Toc Ochelari Beige - Inspiratio\" \/>\n<meta property=\"og:description\" content=\"LEM Toc Ochelari Beige\" \/>\n<meta property=\"og:url\" content=\"https:\/\/inspiratio.ro\/produs\/lem-toc-ochelari-beige\/\" \/>\n<meta property=\"og:site_name\" content=\"Inspiratio\" \/>\n<meta property=\"article:publisher\" content=\"https:\/\/www.facebook.com\/inspiratiogiftstudio\/\" \/>\n<meta property=\"article:modified_time\" content=\"2025-08-13T10:21:06+00:00\" \/>\n<meta property=\"og:image\" content=\"https:\/\/inspiratio.ro\/wp-content\/uploads\/2024\/07\/toc-ochelari-beige.jpg\" \/>\n\t<meta property=\"og:image:width\" content=\"800\" \/>\n\t<meta property=\"og:image:height\" content=\"800\" \/>\n\t<meta property=\"og:image:type\" content=\"image\/jpeg\" \/>\n<meta name=\"twitter:card\" content=\"summary_large_image\" \/>\n<meta name=\"twitter:label1\" content=\"Est. reading time\" \/>\n\t<meta name=\"twitter:data1\" content=\"2 minutes\" \/>\n<script type=\"application\/ld+json\" class=\"yoast-schema-graph\">{\"@context\":\"https:\/\/schema.org\",\"@graph\":[{\"@type\":\"WebPage\",\"@id\":\"https:\/\/inspiratio.ro\/produs\/lem-toc-ochelari-beige\/\",\"url\":\"https:\/\/inspiratio.ro\/produs\/lem-toc-ochelari-beige\/\",\"name\":\"LEM Toc Ochelari Beige - Inspiratio\",\"isPartOf\":{\"@id\":\"https:\/\/inspiratio.ro\/#website\"},\"primaryImageOfPage\":{\"@id\":\"https:\/\/inspiratio.ro\/produs\/lem-toc-ochelari-beige\/#primaryimage\"},\"image\":{\"@id\":\"https:\/\/inspiratio.ro\/produs\/lem-toc-ochelari-beige\/#primaryimage\"},\"thumbnailUrl\":\"https:\/\/inspiratio.ro\/wp-content\/uploads\/2024\/07\/toc-ochelari-beige.jpg\",\"datePublished\":\"2024-07-19T09:11:41+00:00\",\"dateModified\":\"2025-08-13T10:21:06+00:00\",\"description\":\"LEM Toc Ochelari Beige\",\"breadcrumb\":{\"@id\":\"https:\/\/inspiratio.ro\/produs\/lem-toc-ochelari-beige\/#breadcrumb\"},\"inLanguage\":\"en-US\",\"potentialAction\":[{\"@type\":\"ReadAction\",\"target\":[\"https:\/\/inspiratio.ro\/produs\/lem-toc-ochelari-beige\/\"]}]},{\"@type\":\"ImageObject\",\"inLanguage\":\"en-US\",\"@id\":\"https:\/\/inspiratio.ro\/produs\/lem-toc-ochelari-beige\/#primaryimage\",\"url\":\"https:\/\/inspiratio.ro\/wp-content\/uploads\/2024\/07\/toc-ochelari-beige.jpg\",\"contentUrl\":\"https:\/\/inspiratio.ro\/wp-content\/uploads\/2024\/07\/toc-ochelari-beige.jpg\",\"width\":800,\"height\":800},{\"@type\":\"BreadcrumbList\",\"@id\":\"https:\/\/inspiratio.ro\/produs\/lem-toc-ochelari-beige\/#breadcrumb\",\"itemListElement\":[{\"@type\":\"ListItem\",\"position\":1,\"name\":\"Shop\",\"item\":\"https:\/\/inspiratio.ro\/magazin-cadouri\/\"},{\"@type\":\"ListItem\",\"position\":2,\"name\":\"LEM Toc Ochelari Beige\"}]},{\"@type\":\"WebSite\",\"@id\":\"https:\/\/inspiratio.ro\/#website\",\"url\":\"https:\/\/inspiratio.ro\/\",\"name\":\"Inspiratio\",\"description\":\"Las\u0103-te purtat de inspira\u021bie\",\"publisher\":{\"@id\":\"https:\/\/inspiratio.ro\/#organization\"},\"potentialAction\":[{\"@type\":\"SearchAction\",\"target\":{\"@type\":\"EntryPoint\",\"urlTemplate\":\"https:\/\/inspiratio.ro\/?s={search_term_string}\"},\"query-input\":{\"@type\":\"PropertyValueSpecification\",\"valueRequired\":true,\"valueName\":\"search_term_string\"}}],\"inLanguage\":\"en-US\"},{\"@type\":\"Organization\",\"@id\":\"https:\/\/inspiratio.ro\/#organization\",\"name\":\"Inspiratio\",\"url\":\"https:\/\/inspiratio.ro\/\",\"logo\":{\"@type\":\"ImageObject\",\"inLanguage\":\"en-US\",\"@id\":\"https:\/\/inspiratio.ro\/#\/schema\/logo\/image\/\",\"url\":\"https:\/\/inspiratio.ro\/wp-content\/uploads\/2020\/06\/logo-inspiratio.png\",\"contentUrl\":\"https:\/\/inspiratio.ro\/wp-content\/uploads\/2020\/06\/logo-inspiratio.png\",\"width\":232,\"height\":209,\"caption\":\"Inspiratio\"},\"image\":{\"@id\":\"https:\/\/inspiratio.ro\/#\/schema\/logo\/image\/\"},\"sameAs\":[\"https:\/\/www.facebook.com\/inspiratiogiftstudio\/\",\"https:\/\/www.instagram.com\/inspiratio_giftstudio\/\"]}]}<\/script>\n<!-- \/ Yoast SEO plugin. -->","yoast_head_json":{"title":"LEM Toc Ochelari Beige - Inspiratio","description":"LEM Toc Ochelari Beige","robots":{"index":"index","follow":"follow","max-snippet":"max-snippet:-1","max-image-preview":"max-image-preview:large","max-video-preview":"max-video-preview:-1"},"canonical":"https:\/\/inspiratio.ro\/produs\/lem-toc-ochelari-beige\/","og_locale":"en_US","og_type":"article","og_title":"LEM Toc Ochelari Beige - Inspiratio","og_description":"LEM Toc Ochelari Beige","og_url":"https:\/\/inspiratio.ro\/produs\/lem-toc-ochelari-beige\/","og_site_name":"Inspiratio","article_publisher":"https:\/\/www.facebook.com\/inspiratiogiftstudio\/","article_modified_time":"2025-08-13T10:21:06+00:00","og_image":[{"width":800,"height":800,"url":"https:\/\/inspiratio.ro\/wp-content\/uploads\/2024\/07\/toc-ochelari-beige.jpg","type":"image\/jpeg"}],"twitter_card":"summary_large_image","twitter_misc":{"Est. reading time":"2 minutes"},"schema":{"@context":"https:\/\/schema.org","@graph":[{"@type":"WebPage","@id":"https:\/\/inspiratio.ro\/produs\/lem-toc-ochelari-beige\/","url":"https:\/\/inspiratio.ro\/produs\/lem-toc-ochelari-beige\/","name":"LEM Toc Ochelari Beige - Inspiratio","isPartOf":{"@id":"https:\/\/inspiratio.ro\/#website"},"primaryImageOfPage":{"@id":"https:\/\/inspiratio.ro\/produs\/lem-toc-ochelari-beige\/#primaryimage"},"image":{"@id":"https:\/\/inspiratio.ro\/produs\/lem-toc-ochelari-beige\/#primaryimage"},"thumbnailUrl":"https:\/\/inspiratio.ro\/wp-content\/uploads\/2024\/07\/toc-ochelari-beige.jpg","datePublished":"2024-07-19T09:11:41+00:00","dateModified":"2025-08-13T10:21:06+00:00","description":"LEM Toc Ochelari Beige","breadcrumb":{"@id":"https:\/\/inspiratio.ro\/produs\/lem-toc-ochelari-beige\/#breadcrumb"},"inLanguage":"en-US","potentialAction":[{"@type":"ReadAction","target":["https:\/\/inspiratio.ro\/produs\/lem-toc-ochelari-beige\/"]}]},{"@type":"ImageObject","inLanguage":"en-US","@id":"https:\/\/inspiratio.ro\/produs\/lem-toc-ochelari-beige\/#primaryimage","url":"https:\/\/inspiratio.ro\/wp-content\/uploads\/2024\/07\/toc-ochelari-beige.jpg","contentUrl":"https:\/\/inspiratio.ro\/wp-content\/uploads\/2024\/07\/toc-ochelari-beige.jpg","width":800,"height":800},{"@type":"BreadcrumbList","@id":"https:\/\/inspiratio.ro\/produs\/lem-toc-ochelari-beige\/#breadcrumb","itemListElement":[{"@type":"ListItem","position":1,"name":"Shop","item":"https:\/\/inspiratio.ro\/magazin-cadouri\/"},{"@type":"ListItem","position":2,"name":"LEM Toc Ochelari Beige"}]},{"@type":"WebSite","@id":"https:\/\/inspiratio.ro\/#website","url":"https:\/\/inspiratio.ro\/","name":"Inspiratio","description":"Las\u0103-te purtat de inspira\u021bie","publisher":{"@id":"https:\/\/inspiratio.ro\/#organization"},"potentialAction":[{"@type":"SearchAction","target":{"@type":"EntryPoint","urlTemplate":"https:\/\/inspiratio.ro\/?s={search_term_string}"},"query-input":{"@type":"PropertyValueSpecification","valueRequired":true,"valueName":"search_term_string"}}],"inLanguage":"en-US"},{"@type":"Organization","@id":"https:\/\/inspiratio.ro\/#organization","name":"Inspiratio","url":"https:\/\/inspiratio.ro\/","logo":{"@type":"ImageObject","inLanguage":"en-US","@id":"https:\/\/inspiratio.ro\/#\/schema\/logo\/image\/","url":"https:\/\/inspiratio.ro\/wp-content\/uploads\/2020\/06\/logo-inspiratio.png","contentUrl":"https:\/\/inspiratio.ro\/wp-content\/uploads\/2020\/06\/logo-inspiratio.png","width":232,"height":209,"caption":"Inspiratio"},"image":{"@id":"https:\/\/inspiratio.ro\/#\/schema\/logo\/image\/"},"sameAs":["https:\/\/www.facebook.com\/inspiratiogiftstudio\/","https:\/\/www.instagram.com\/inspiratio_giftstudio\/"]}]}},"brands":[{"id":188,"name":"Lemnia","slug":"lemnia"}],"_links":{"self":[{"href":"https:\/\/inspiratio.ro\/en\/wp-json\/wp\/v2\/product\/8645","targetHints":{"allow":["GET"]}}],"collection":[{"href":"https:\/\/inspiratio.ro\/en\/wp-json\/wp\/v2\/product"}],"about":[{"href":"https:\/\/inspiratio.ro\/en\/wp-json\/wp\/v2\/types\/product"}],"replies":[{"embeddable":true,"href":"https:\/\/inspiratio.ro\/en\/wp-json\/wp\/v2\/comments?post=8645"}],"wp:featuredmedia":[{"embeddable":true,"href":"https:\/\/inspiratio.ro\/en\/wp-json\/wp\/v2\/media\/8646"}],"wp:attachment":[{"href":"https:\/\/inspiratio.ro\/en\/wp-json\/wp\/v2\/media?parent=8645"}],"wp:term":[{"taxonomy":"pwb-brand","embeddable":true,"href":"https:\/\/inspiratio.ro\/en\/wp-json\/wp\/v2\/pwb-brand?post=8645"},{"taxonomy":"product_brand","embeddable":true,"href":"https:\/\/inspiratio.ro\/en\/wp-json\/wp\/v2\/product_brand?post=8645"},{"taxonomy":"product_cat","embeddable":true,"href":"https:\/\/inspiratio.ro\/en\/wp-json\/wp\/v2\/product_cat?post=8645"},{"taxonomy":"product_tag","embeddable":true,"href":"https:\/\/inspiratio.ro\/en\/wp-json\/wp\/v2\/product_tag?post=8645"}],"curies":[{"name":"wp","href":"https:\/\/api.w.org\/{rel}","templated":true}]}}