{"id":8582,"date":"2024-07-19T11:07:48","date_gmt":"2024-07-19T08:07:48","guid":{"rendered":"https:\/\/inspiratio.ro\/?post_type=product&#038;p=8582"},"modified":"2025-07-18T16:17:40","modified_gmt":"2025-07-18T13:17:40","slug":"lem-geanta-frame-black","status":"publish","type":"product","link":"https:\/\/inspiratio.ro\/en\/produs\/lem-geanta-frame-black\/","title":{"rendered":"Geant\u0103 Frame Black"},"content":{"rendered":"<p>Geanta Lemnia, realizat\u0103 manual din lemn de fag \u0219i piele natural\u0103.<\/p>\n<p>Ai planuri mari, a\u0219a c\u0103 ai nevoie de o geant\u0103 \u00eenc\u0103p\u0103toare.<\/p>\n<p><span class=\"il\">Frame<\/span>\u00a0e tote bag-ul versatil \u0219i rezistent \u00een care \u021bii laptopul, cartea preferat\u0103, sticla de ap\u0103 sau aparatul foto. Creat\u0103 manual din piele natural\u0103 neted\u0103 \u0219i robust\u0103, cu dou\u0103 seturi de m\u00e2nere, unul din piele, cel\u0103lalt din lemn,\u00a0<strong><span class=\"il\">Frame<\/span>\u00a0poate fi purtat\u0103 \u00een dou\u0103 moduri<\/strong>. You&#8217;re ready to take on the city.<\/p>\n<p>Geanta prezint\u0103 un compartiment principal spa\u021bios \u0219i un buzunar lateral pentru telefon \u0219i alte obiecte mici.<\/p>\n<p><strong>Alte specifica\u021bii:<\/strong><\/p>\n<ul>\n<li>Dimensiuni: aprox. 30 x 38.5 x 5.5 cm<\/li>\n<li>Curele de um\u0103r deta\u0219abile, \u0219i reglabile, din piele natural\u0103.<\/li>\n<li>Piele natural\u0103 bovin\u0103.<\/li>\n<li>Culoare piele: difer\u0103 \u00een func\u021bie de stocul disponibil.<\/li>\n<\/ul>\n<p>Fotografii ilustrative.<\/p>\n<p>La INSPIRATIO stocurile sunt mereu reduse pentru c\u0103 lucr\u0103m cu artizani \u0219i designeri care manufactureaz\u0103 fiecare produs \u00een parte.<\/p>\n<p>Av\u00e2nd \u00een vedere diversitatea culorilor disponibile \u00een magazin, v\u0103 rug\u0103m s\u0103 ne contacta\u021bi telefonic\/Whatsapp pentru a v\u0103 putea sprijini \u00een alegerea produsului dorit.<\/p>\n","protected":false},"excerpt":{"rendered":"<p>Geanta Lemnia, realizat\u0103 manual din lemn de fag \u0219i piele natural\u0103. Ai planuri mari, a\u0219a c\u0103 ai nevoie de o geant\u0103 \u00eenc\u0103p\u0103toare. Frame\u00a0e tote bag-ul versatil \u0219i rezistent \u00een care \u021bii laptopul, cartea preferat\u0103, sticla de ap\u0103 sau aparatul foto. Creat\u0103 manual din piele natural\u0103 neted\u0103 \u0219i robust\u0103, cu dou\u0103 seturi de m\u00e2nere, unul din [&hellip;]<\/p>\n","protected":false},"featured_media":8583,"comment_status":"open","ping_status":"closed","template":"","meta":[],"pwb-brand":[188],"product_brand":[259],"product_cat":[87,17],"product_tag":[],"class_list":{"0":"post-8582","1":"product","2":"type-product","3":"status-publish","4":"has-post-thumbnail","6":"pwb-brand-lemnia","7":"product_brand-lemnia","8":"product_cat-to-wear","9":"product_cat-haine-si-accesorii","11":"first","12":"instock","13":"taxable","14":"shipping-taxable","15":"purchasable","16":"product-type-simple"},"yoast_head":"<!-- This site is optimized with the Yoast SEO plugin v26.9 - https:\/\/yoast.com\/product\/yoast-seo-wordpress\/ -->\n<title>LEM Geant\u0103 Frame Black - Inspiratio<\/title>\n<meta name=\"description\" content=\"lemnia geanta frame red\" \/>\n<meta name=\"robots\" content=\"index, follow, max-snippet:-1, max-image-preview:large, max-video-preview:-1\" \/>\n<link rel=\"canonical\" href=\"https:\/\/inspiratio.ro\/produs\/lem-geanta-frame-black\/\" \/>\n<meta property=\"og:locale\" content=\"en_US\" \/>\n<meta property=\"og:type\" content=\"article\" \/>\n<meta property=\"og:title\" content=\"LEM Geant\u0103 Frame Black - Inspiratio\" \/>\n<meta property=\"og:description\" content=\"lemnia geanta frame red\" \/>\n<meta property=\"og:url\" content=\"https:\/\/inspiratio.ro\/produs\/lem-geanta-frame-black\/\" \/>\n<meta property=\"og:site_name\" content=\"Inspiratio\" \/>\n<meta property=\"article:publisher\" content=\"https:\/\/www.facebook.com\/inspiratiogiftstudio\/\" \/>\n<meta property=\"article:modified_time\" content=\"2025-07-18T13:17:40+00:00\" \/>\n<meta property=\"og:image\" content=\"https:\/\/inspiratio.ro\/wp-content\/uploads\/2024\/07\/geanta-frame-black.jpg\" \/>\n\t<meta property=\"og:image:width\" content=\"800\" \/>\n\t<meta property=\"og:image:height\" content=\"800\" \/>\n\t<meta property=\"og:image:type\" content=\"image\/jpeg\" \/>\n<meta name=\"twitter:card\" content=\"summary_large_image\" \/>\n<meta name=\"twitter:label1\" content=\"Est. reading time\" \/>\n\t<meta name=\"twitter:data1\" content=\"2 minutes\" \/>\n<script type=\"application\/ld+json\" class=\"yoast-schema-graph\">{\"@context\":\"https:\/\/schema.org\",\"@graph\":[{\"@type\":\"WebPage\",\"@id\":\"https:\/\/inspiratio.ro\/produs\/lem-geanta-frame-black\/\",\"url\":\"https:\/\/inspiratio.ro\/produs\/lem-geanta-frame-black\/\",\"name\":\"LEM Geant\u0103 Frame Black - Inspiratio\",\"isPartOf\":{\"@id\":\"https:\/\/inspiratio.ro\/#website\"},\"primaryImageOfPage\":{\"@id\":\"https:\/\/inspiratio.ro\/produs\/lem-geanta-frame-black\/#primaryimage\"},\"image\":{\"@id\":\"https:\/\/inspiratio.ro\/produs\/lem-geanta-frame-black\/#primaryimage\"},\"thumbnailUrl\":\"https:\/\/inspiratio.ro\/wp-content\/uploads\/2024\/07\/geanta-frame-black.jpg\",\"datePublished\":\"2024-07-19T08:07:48+00:00\",\"dateModified\":\"2025-07-18T13:17:40+00:00\",\"description\":\"lemnia geanta frame red\",\"breadcrumb\":{\"@id\":\"https:\/\/inspiratio.ro\/produs\/lem-geanta-frame-black\/#breadcrumb\"},\"inLanguage\":\"en-US\",\"potentialAction\":[{\"@type\":\"ReadAction\",\"target\":[\"https:\/\/inspiratio.ro\/produs\/lem-geanta-frame-black\/\"]}]},{\"@type\":\"ImageObject\",\"inLanguage\":\"en-US\",\"@id\":\"https:\/\/inspiratio.ro\/produs\/lem-geanta-frame-black\/#primaryimage\",\"url\":\"https:\/\/inspiratio.ro\/wp-content\/uploads\/2024\/07\/geanta-frame-black.jpg\",\"contentUrl\":\"https:\/\/inspiratio.ro\/wp-content\/uploads\/2024\/07\/geanta-frame-black.jpg\",\"width\":800,\"height\":800},{\"@type\":\"BreadcrumbList\",\"@id\":\"https:\/\/inspiratio.ro\/produs\/lem-geanta-frame-black\/#breadcrumb\",\"itemListElement\":[{\"@type\":\"ListItem\",\"position\":1,\"name\":\"Shop\",\"item\":\"https:\/\/inspiratio.ro\/magazin-cadouri\/\"},{\"@type\":\"ListItem\",\"position\":2,\"name\":\"LEM Geant\u0103 Frame Black\"}]},{\"@type\":\"WebSite\",\"@id\":\"https:\/\/inspiratio.ro\/#website\",\"url\":\"https:\/\/inspiratio.ro\/\",\"name\":\"Inspiratio\",\"description\":\"Las\u0103-te purtat de inspira\u021bie\",\"publisher\":{\"@id\":\"https:\/\/inspiratio.ro\/#organization\"},\"potentialAction\":[{\"@type\":\"SearchAction\",\"target\":{\"@type\":\"EntryPoint\",\"urlTemplate\":\"https:\/\/inspiratio.ro\/?s={search_term_string}\"},\"query-input\":{\"@type\":\"PropertyValueSpecification\",\"valueRequired\":true,\"valueName\":\"search_term_string\"}}],\"inLanguage\":\"en-US\"},{\"@type\":\"Organization\",\"@id\":\"https:\/\/inspiratio.ro\/#organization\",\"name\":\"Inspiratio\",\"url\":\"https:\/\/inspiratio.ro\/\",\"logo\":{\"@type\":\"ImageObject\",\"inLanguage\":\"en-US\",\"@id\":\"https:\/\/inspiratio.ro\/#\/schema\/logo\/image\/\",\"url\":\"https:\/\/inspiratio.ro\/wp-content\/uploads\/2020\/06\/logo-inspiratio.png\",\"contentUrl\":\"https:\/\/inspiratio.ro\/wp-content\/uploads\/2020\/06\/logo-inspiratio.png\",\"width\":232,\"height\":209,\"caption\":\"Inspiratio\"},\"image\":{\"@id\":\"https:\/\/inspiratio.ro\/#\/schema\/logo\/image\/\"},\"sameAs\":[\"https:\/\/www.facebook.com\/inspiratiogiftstudio\/\",\"https:\/\/www.instagram.com\/inspiratio_giftstudio\/\"]}]}<\/script>\n<!-- \/ Yoast SEO plugin. -->","yoast_head_json":{"title":"LEM Geant\u0103 Frame Black - Inspiratio","description":"lemnia geanta frame red","robots":{"index":"index","follow":"follow","max-snippet":"max-snippet:-1","max-image-preview":"max-image-preview:large","max-video-preview":"max-video-preview:-1"},"canonical":"https:\/\/inspiratio.ro\/produs\/lem-geanta-frame-black\/","og_locale":"en_US","og_type":"article","og_title":"LEM Geant\u0103 Frame Black - Inspiratio","og_description":"lemnia geanta frame red","og_url":"https:\/\/inspiratio.ro\/produs\/lem-geanta-frame-black\/","og_site_name":"Inspiratio","article_publisher":"https:\/\/www.facebook.com\/inspiratiogiftstudio\/","article_modified_time":"2025-07-18T13:17:40+00:00","og_image":[{"width":800,"height":800,"url":"https:\/\/inspiratio.ro\/wp-content\/uploads\/2024\/07\/geanta-frame-black.jpg","type":"image\/jpeg"}],"twitter_card":"summary_large_image","twitter_misc":{"Est. reading time":"2 minutes"},"schema":{"@context":"https:\/\/schema.org","@graph":[{"@type":"WebPage","@id":"https:\/\/inspiratio.ro\/produs\/lem-geanta-frame-black\/","url":"https:\/\/inspiratio.ro\/produs\/lem-geanta-frame-black\/","name":"LEM Geant\u0103 Frame Black - Inspiratio","isPartOf":{"@id":"https:\/\/inspiratio.ro\/#website"},"primaryImageOfPage":{"@id":"https:\/\/inspiratio.ro\/produs\/lem-geanta-frame-black\/#primaryimage"},"image":{"@id":"https:\/\/inspiratio.ro\/produs\/lem-geanta-frame-black\/#primaryimage"},"thumbnailUrl":"https:\/\/inspiratio.ro\/wp-content\/uploads\/2024\/07\/geanta-frame-black.jpg","datePublished":"2024-07-19T08:07:48+00:00","dateModified":"2025-07-18T13:17:40+00:00","description":"lemnia geanta frame red","breadcrumb":{"@id":"https:\/\/inspiratio.ro\/produs\/lem-geanta-frame-black\/#breadcrumb"},"inLanguage":"en-US","potentialAction":[{"@type":"ReadAction","target":["https:\/\/inspiratio.ro\/produs\/lem-geanta-frame-black\/"]}]},{"@type":"ImageObject","inLanguage":"en-US","@id":"https:\/\/inspiratio.ro\/produs\/lem-geanta-frame-black\/#primaryimage","url":"https:\/\/inspiratio.ro\/wp-content\/uploads\/2024\/07\/geanta-frame-black.jpg","contentUrl":"https:\/\/inspiratio.ro\/wp-content\/uploads\/2024\/07\/geanta-frame-black.jpg","width":800,"height":800},{"@type":"BreadcrumbList","@id":"https:\/\/inspiratio.ro\/produs\/lem-geanta-frame-black\/#breadcrumb","itemListElement":[{"@type":"ListItem","position":1,"name":"Shop","item":"https:\/\/inspiratio.ro\/magazin-cadouri\/"},{"@type":"ListItem","position":2,"name":"LEM Geant\u0103 Frame Black"}]},{"@type":"WebSite","@id":"https:\/\/inspiratio.ro\/#website","url":"https:\/\/inspiratio.ro\/","name":"Inspiratio","description":"Las\u0103-te purtat de inspira\u021bie","publisher":{"@id":"https:\/\/inspiratio.ro\/#organization"},"potentialAction":[{"@type":"SearchAction","target":{"@type":"EntryPoint","urlTemplate":"https:\/\/inspiratio.ro\/?s={search_term_string}"},"query-input":{"@type":"PropertyValueSpecification","valueRequired":true,"valueName":"search_term_string"}}],"inLanguage":"en-US"},{"@type":"Organization","@id":"https:\/\/inspiratio.ro\/#organization","name":"Inspiratio","url":"https:\/\/inspiratio.ro\/","logo":{"@type":"ImageObject","inLanguage":"en-US","@id":"https:\/\/inspiratio.ro\/#\/schema\/logo\/image\/","url":"https:\/\/inspiratio.ro\/wp-content\/uploads\/2020\/06\/logo-inspiratio.png","contentUrl":"https:\/\/inspiratio.ro\/wp-content\/uploads\/2020\/06\/logo-inspiratio.png","width":232,"height":209,"caption":"Inspiratio"},"image":{"@id":"https:\/\/inspiratio.ro\/#\/schema\/logo\/image\/"},"sameAs":["https:\/\/www.facebook.com\/inspiratiogiftstudio\/","https:\/\/www.instagram.com\/inspiratio_giftstudio\/"]}]}},"brands":[{"id":188,"name":"Lemnia","slug":"lemnia"}],"_links":{"self":[{"href":"https:\/\/inspiratio.ro\/en\/wp-json\/wp\/v2\/product\/8582","targetHints":{"allow":["GET"]}}],"collection":[{"href":"https:\/\/inspiratio.ro\/en\/wp-json\/wp\/v2\/product"}],"about":[{"href":"https:\/\/inspiratio.ro\/en\/wp-json\/wp\/v2\/types\/product"}],"replies":[{"embeddable":true,"href":"https:\/\/inspiratio.ro\/en\/wp-json\/wp\/v2\/comments?post=8582"}],"wp:featuredmedia":[{"embeddable":true,"href":"https:\/\/inspiratio.ro\/en\/wp-json\/wp\/v2\/media\/8583"}],"wp:attachment":[{"href":"https:\/\/inspiratio.ro\/en\/wp-json\/wp\/v2\/media?parent=8582"}],"wp:term":[{"taxonomy":"pwb-brand","embeddable":true,"href":"https:\/\/inspiratio.ro\/en\/wp-json\/wp\/v2\/pwb-brand?post=8582"},{"taxonomy":"product_brand","embeddable":true,"href":"https:\/\/inspiratio.ro\/en\/wp-json\/wp\/v2\/product_brand?post=8582"},{"taxonomy":"product_cat","embeddable":true,"href":"https:\/\/inspiratio.ro\/en\/wp-json\/wp\/v2\/product_cat?post=8582"},{"taxonomy":"product_tag","embeddable":true,"href":"https:\/\/inspiratio.ro\/en\/wp-json\/wp\/v2\/product_tag?post=8582"}],"curies":[{"name":"wp","href":"https:\/\/api.w.org\/{rel}","templated":true}]}}