{"id":8462,"date":"2024-05-13T10:13:46","date_gmt":"2024-05-13T07:13:46","guid":{"rendered":"https:\/\/inspiratio.ro\/?post_type=product&#038;p=8462"},"modified":"2025-07-25T12:53:20","modified_gmt":"2025-07-25T09:53:20","slug":"bne-brosura-die-schwarze-kirche-frank-si-agnes-ziegler","status":"publish","type":"product","link":"https:\/\/inspiratio.ro\/en\/produs\/bne-brosura-die-schwarze-kirche-frank-si-agnes-ziegler\/","title":{"rendered":"Die Schwarze Kirche Brosch\u00fcre von Frank \u0219i Agnes Ziegler"},"content":{"rendered":"<h3>DIE SCHWARZE KIRCHE. INSPIRIERENDE KUNST \u2013 GELEBTER GLAUBE<br \/>\n<em>Ein Kunstf\u00fchrer von Frank-Thomas und \u00c1gnes Ziegler<\/em><\/h3>\n<p>Die Schwarze Kirche ist zu Recht die bekannteste Kirche des Landes. Wer sie besucht, erfreut sich nicht nur an der Kunst der Gotik. Er erlebt auch eine lebendige Gebetsst\u00e4tte, Glaubenszeugnisse aus mehr als 600 Jahren und gleichzeitig Kunstwerke, die von zwei Kontinenten stammen.<\/p>\n<p>Mit Hilfe dieses reich illustrierten Kunstf\u00fchrers tauchen Sie in die ureigene Atmosph\u00e4re Siebenb\u00fcrgens ein. Anhand der Kunstwerke durchschreiten Sie die Welt des Mittelalters, der Fr\u00fchen Neuzeit und der Moderne. Der Text pr\u00e4sentiert sich auf dem neuesten Stand der kunsthistorischen Forschung. Dank des ausklappbaren Lageplans ist die Brosch\u00fcre ein perfekter Begleiter w\u00e4hrend des Spaziergangs durch die Schwarze Kirche. Und mit seinen brillianten Fotografien und seinem modernen Design ist er eine bibliophile Erinnerung\u00a0an Ihren Besuch in Kronstadt.<\/p>\n<p>&nbsp;<\/p>\n<p>Eine Publikation der Evangelischen Kirche A. B. Kronstadt<\/p>\n<p>Autoren: Frank-Thomas Ziegler, \u00c1gnes Ziegler<\/p>\n<p>Honterus-Druckerei, Hermannstadt<\/p>\n<p>23 x 16,5 cm<\/p>\n<p>30 Seiten<\/p>\n<p>35 Illustrationen<\/p>\n<p>ISBN 978-606-008-151-7<\/p>\n","protected":false},"excerpt":{"rendered":"<p>DIE SCHWARZE KIRCHE. INSPIRIERENDE KUNST \u2013 GELEBTER GLAUBE Ein Kunstf\u00fchrer von Frank-Thomas und \u00c1gnes Ziegler Die Schwarze Kirche ist zu Recht die bekannteste Kirche des Landes. Wer sie besucht, erfreut sich nicht nur an der Kunst der Gotik. Er erlebt auch eine lebendige Gebetsst\u00e4tte, Glaubenszeugnisse aus mehr als 600 Jahren und gleichzeitig Kunstwerke, die von [&hellip;]<\/p>\n","protected":false},"featured_media":8456,"comment_status":"closed","ping_status":"closed","template":"","meta":[],"pwb-brand":[81],"product_brand":[],"product_cat":[82,63],"product_tag":[205],"class_list":{"0":"post-8462","1":"product","2":"type-product","3":"status-publish","4":"has-post-thumbnail","6":"pwb-brand-biserica-neagra","7":"product_cat-suveniruri-biserica-neagra","8":"product_cat-suveniruri-transilvania","9":"product_tag-brosura-biserica-neagra","11":"first","12":"instock","13":"taxable","14":"shipping-taxable","15":"purchasable","16":"product-type-simple"},"yoast_head":"<!-- This site is optimized with the Yoast SEO plugin v26.9 - https:\/\/yoast.com\/product\/yoast-seo-wordpress\/ -->\n<title>BNE Die Schwarze Kirche Brosch\u00fcre von Frank \u0219i Agnes Ziegler - Inspiratio<\/title>\n<meta name=\"description\" content=\"BNE Die Schwarze Kirche Brosch\u00fcre von Frank \u0219i Agnes Ziegler\" \/>\n<meta name=\"robots\" content=\"index, follow, max-snippet:-1, max-image-preview:large, max-video-preview:-1\" \/>\n<link rel=\"canonical\" href=\"https:\/\/inspiratio.ro\/produs\/bne-brosura-die-schwarze-kirche-frank-si-agnes-ziegler\/\" \/>\n<meta property=\"og:locale\" content=\"en_US\" \/>\n<meta property=\"og:type\" content=\"article\" \/>\n<meta property=\"og:title\" content=\"BNE Die Schwarze Kirche Brosch\u00fcre von Frank \u0219i Agnes Ziegler - Inspiratio\" \/>\n<meta property=\"og:description\" content=\"BNE Die Schwarze Kirche Brosch\u00fcre von Frank \u0219i Agnes Ziegler\" \/>\n<meta property=\"og:url\" content=\"https:\/\/inspiratio.ro\/produs\/bne-brosura-die-schwarze-kirche-frank-si-agnes-ziegler\/\" \/>\n<meta property=\"og:site_name\" content=\"Inspiratio\" \/>\n<meta property=\"article:publisher\" content=\"https:\/\/www.facebook.com\/inspiratiogiftstudio\/\" \/>\n<meta property=\"article:modified_time\" content=\"2025-07-25T09:53:20+00:00\" \/>\n<meta property=\"og:image\" content=\"https:\/\/inspiratio.ro\/wp-content\/uploads\/2024\/05\/WhatsApp-Image-2024-04-25-at-09.16.49-2.jpeg\" \/>\n\t<meta property=\"og:image:width\" content=\"1600\" \/>\n\t<meta property=\"og:image:height\" content=\"1066\" \/>\n\t<meta property=\"og:image:type\" content=\"image\/jpeg\" \/>\n<meta name=\"twitter:card\" content=\"summary_large_image\" \/>\n<meta name=\"twitter:label1\" content=\"Est. reading time\" \/>\n\t<meta name=\"twitter:data1\" content=\"2 minutes\" \/>\n<script type=\"application\/ld+json\" class=\"yoast-schema-graph\">{\"@context\":\"https:\/\/schema.org\",\"@graph\":[{\"@type\":\"WebPage\",\"@id\":\"https:\/\/inspiratio.ro\/produs\/bne-brosura-die-schwarze-kirche-frank-si-agnes-ziegler\/\",\"url\":\"https:\/\/inspiratio.ro\/produs\/bne-brosura-die-schwarze-kirche-frank-si-agnes-ziegler\/\",\"name\":\"BNE Die Schwarze Kirche Brosch\u00fcre von Frank \u0219i Agnes Ziegler - Inspiratio\",\"isPartOf\":{\"@id\":\"https:\/\/inspiratio.ro\/#website\"},\"primaryImageOfPage\":{\"@id\":\"https:\/\/inspiratio.ro\/produs\/bne-brosura-die-schwarze-kirche-frank-si-agnes-ziegler\/#primaryimage\"},\"image\":{\"@id\":\"https:\/\/inspiratio.ro\/produs\/bne-brosura-die-schwarze-kirche-frank-si-agnes-ziegler\/#primaryimage\"},\"thumbnailUrl\":\"https:\/\/inspiratio.ro\/wp-content\/uploads\/2024\/05\/WhatsApp-Image-2024-04-25-at-09.16.49-2.jpeg\",\"datePublished\":\"2024-05-13T07:13:46+00:00\",\"dateModified\":\"2025-07-25T09:53:20+00:00\",\"description\":\"BNE Die Schwarze Kirche Brosch\u00fcre von Frank \u0219i Agnes Ziegler\",\"breadcrumb\":{\"@id\":\"https:\/\/inspiratio.ro\/produs\/bne-brosura-die-schwarze-kirche-frank-si-agnes-ziegler\/#breadcrumb\"},\"inLanguage\":\"en-US\",\"potentialAction\":[{\"@type\":\"ReadAction\",\"target\":[\"https:\/\/inspiratio.ro\/produs\/bne-brosura-die-schwarze-kirche-frank-si-agnes-ziegler\/\"]}]},{\"@type\":\"ImageObject\",\"inLanguage\":\"en-US\",\"@id\":\"https:\/\/inspiratio.ro\/produs\/bne-brosura-die-schwarze-kirche-frank-si-agnes-ziegler\/#primaryimage\",\"url\":\"https:\/\/inspiratio.ro\/wp-content\/uploads\/2024\/05\/WhatsApp-Image-2024-04-25-at-09.16.49-2.jpeg\",\"contentUrl\":\"https:\/\/inspiratio.ro\/wp-content\/uploads\/2024\/05\/WhatsApp-Image-2024-04-25-at-09.16.49-2.jpeg\",\"width\":1600,\"height\":1066},{\"@type\":\"BreadcrumbList\",\"@id\":\"https:\/\/inspiratio.ro\/produs\/bne-brosura-die-schwarze-kirche-frank-si-agnes-ziegler\/#breadcrumb\",\"itemListElement\":[{\"@type\":\"ListItem\",\"position\":1,\"name\":\"Shop\",\"item\":\"https:\/\/inspiratio.ro\/magazin-cadouri\/\"},{\"@type\":\"ListItem\",\"position\":2,\"name\":\"BNE Die Schwarze Kirche Brosch\u00fcre von Frank \u0219i Agnes Ziegler\"}]},{\"@type\":\"WebSite\",\"@id\":\"https:\/\/inspiratio.ro\/#website\",\"url\":\"https:\/\/inspiratio.ro\/\",\"name\":\"Inspiratio\",\"description\":\"Las\u0103-te purtat de inspira\u021bie\",\"publisher\":{\"@id\":\"https:\/\/inspiratio.ro\/#organization\"},\"potentialAction\":[{\"@type\":\"SearchAction\",\"target\":{\"@type\":\"EntryPoint\",\"urlTemplate\":\"https:\/\/inspiratio.ro\/?s={search_term_string}\"},\"query-input\":{\"@type\":\"PropertyValueSpecification\",\"valueRequired\":true,\"valueName\":\"search_term_string\"}}],\"inLanguage\":\"en-US\"},{\"@type\":\"Organization\",\"@id\":\"https:\/\/inspiratio.ro\/#organization\",\"name\":\"Inspiratio\",\"url\":\"https:\/\/inspiratio.ro\/\",\"logo\":{\"@type\":\"ImageObject\",\"inLanguage\":\"en-US\",\"@id\":\"https:\/\/inspiratio.ro\/#\/schema\/logo\/image\/\",\"url\":\"https:\/\/inspiratio.ro\/wp-content\/uploads\/2020\/06\/logo-inspiratio.png\",\"contentUrl\":\"https:\/\/inspiratio.ro\/wp-content\/uploads\/2020\/06\/logo-inspiratio.png\",\"width\":232,\"height\":209,\"caption\":\"Inspiratio\"},\"image\":{\"@id\":\"https:\/\/inspiratio.ro\/#\/schema\/logo\/image\/\"},\"sameAs\":[\"https:\/\/www.facebook.com\/inspiratiogiftstudio\/\",\"https:\/\/www.instagram.com\/inspiratio_giftstudio\/\"]}]}<\/script>\n<!-- \/ Yoast SEO plugin. -->","yoast_head_json":{"title":"BNE Die Schwarze Kirche Brosch\u00fcre von Frank \u0219i Agnes Ziegler - Inspiratio","description":"BNE Die Schwarze Kirche Brosch\u00fcre von Frank \u0219i Agnes Ziegler","robots":{"index":"index","follow":"follow","max-snippet":"max-snippet:-1","max-image-preview":"max-image-preview:large","max-video-preview":"max-video-preview:-1"},"canonical":"https:\/\/inspiratio.ro\/produs\/bne-brosura-die-schwarze-kirche-frank-si-agnes-ziegler\/","og_locale":"en_US","og_type":"article","og_title":"BNE Die Schwarze Kirche Brosch\u00fcre von Frank \u0219i Agnes Ziegler - Inspiratio","og_description":"BNE Die Schwarze Kirche Brosch\u00fcre von Frank \u0219i Agnes Ziegler","og_url":"https:\/\/inspiratio.ro\/produs\/bne-brosura-die-schwarze-kirche-frank-si-agnes-ziegler\/","og_site_name":"Inspiratio","article_publisher":"https:\/\/www.facebook.com\/inspiratiogiftstudio\/","article_modified_time":"2025-07-25T09:53:20+00:00","og_image":[{"width":1600,"height":1066,"url":"https:\/\/inspiratio.ro\/wp-content\/uploads\/2024\/05\/WhatsApp-Image-2024-04-25-at-09.16.49-2.jpeg","type":"image\/jpeg"}],"twitter_card":"summary_large_image","twitter_misc":{"Est. reading time":"2 minutes"},"schema":{"@context":"https:\/\/schema.org","@graph":[{"@type":"WebPage","@id":"https:\/\/inspiratio.ro\/produs\/bne-brosura-die-schwarze-kirche-frank-si-agnes-ziegler\/","url":"https:\/\/inspiratio.ro\/produs\/bne-brosura-die-schwarze-kirche-frank-si-agnes-ziegler\/","name":"BNE Die Schwarze Kirche Brosch\u00fcre von Frank \u0219i Agnes Ziegler - Inspiratio","isPartOf":{"@id":"https:\/\/inspiratio.ro\/#website"},"primaryImageOfPage":{"@id":"https:\/\/inspiratio.ro\/produs\/bne-brosura-die-schwarze-kirche-frank-si-agnes-ziegler\/#primaryimage"},"image":{"@id":"https:\/\/inspiratio.ro\/produs\/bne-brosura-die-schwarze-kirche-frank-si-agnes-ziegler\/#primaryimage"},"thumbnailUrl":"https:\/\/inspiratio.ro\/wp-content\/uploads\/2024\/05\/WhatsApp-Image-2024-04-25-at-09.16.49-2.jpeg","datePublished":"2024-05-13T07:13:46+00:00","dateModified":"2025-07-25T09:53:20+00:00","description":"BNE Die Schwarze Kirche Brosch\u00fcre von Frank \u0219i Agnes Ziegler","breadcrumb":{"@id":"https:\/\/inspiratio.ro\/produs\/bne-brosura-die-schwarze-kirche-frank-si-agnes-ziegler\/#breadcrumb"},"inLanguage":"en-US","potentialAction":[{"@type":"ReadAction","target":["https:\/\/inspiratio.ro\/produs\/bne-brosura-die-schwarze-kirche-frank-si-agnes-ziegler\/"]}]},{"@type":"ImageObject","inLanguage":"en-US","@id":"https:\/\/inspiratio.ro\/produs\/bne-brosura-die-schwarze-kirche-frank-si-agnes-ziegler\/#primaryimage","url":"https:\/\/inspiratio.ro\/wp-content\/uploads\/2024\/05\/WhatsApp-Image-2024-04-25-at-09.16.49-2.jpeg","contentUrl":"https:\/\/inspiratio.ro\/wp-content\/uploads\/2024\/05\/WhatsApp-Image-2024-04-25-at-09.16.49-2.jpeg","width":1600,"height":1066},{"@type":"BreadcrumbList","@id":"https:\/\/inspiratio.ro\/produs\/bne-brosura-die-schwarze-kirche-frank-si-agnes-ziegler\/#breadcrumb","itemListElement":[{"@type":"ListItem","position":1,"name":"Shop","item":"https:\/\/inspiratio.ro\/magazin-cadouri\/"},{"@type":"ListItem","position":2,"name":"BNE Die Schwarze Kirche Brosch\u00fcre von Frank \u0219i Agnes Ziegler"}]},{"@type":"WebSite","@id":"https:\/\/inspiratio.ro\/#website","url":"https:\/\/inspiratio.ro\/","name":"Inspiratio","description":"Las\u0103-te purtat de inspira\u021bie","publisher":{"@id":"https:\/\/inspiratio.ro\/#organization"},"potentialAction":[{"@type":"SearchAction","target":{"@type":"EntryPoint","urlTemplate":"https:\/\/inspiratio.ro\/?s={search_term_string}"},"query-input":{"@type":"PropertyValueSpecification","valueRequired":true,"valueName":"search_term_string"}}],"inLanguage":"en-US"},{"@type":"Organization","@id":"https:\/\/inspiratio.ro\/#organization","name":"Inspiratio","url":"https:\/\/inspiratio.ro\/","logo":{"@type":"ImageObject","inLanguage":"en-US","@id":"https:\/\/inspiratio.ro\/#\/schema\/logo\/image\/","url":"https:\/\/inspiratio.ro\/wp-content\/uploads\/2020\/06\/logo-inspiratio.png","contentUrl":"https:\/\/inspiratio.ro\/wp-content\/uploads\/2020\/06\/logo-inspiratio.png","width":232,"height":209,"caption":"Inspiratio"},"image":{"@id":"https:\/\/inspiratio.ro\/#\/schema\/logo\/image\/"},"sameAs":["https:\/\/www.facebook.com\/inspiratiogiftstudio\/","https:\/\/www.instagram.com\/inspiratio_giftstudio\/"]}]}},"brands":[{"id":81,"name":"Biserica Neagr\u0103","slug":"biserica-neagra"}],"_links":{"self":[{"href":"https:\/\/inspiratio.ro\/en\/wp-json\/wp\/v2\/product\/8462","targetHints":{"allow":["GET"]}}],"collection":[{"href":"https:\/\/inspiratio.ro\/en\/wp-json\/wp\/v2\/product"}],"about":[{"href":"https:\/\/inspiratio.ro\/en\/wp-json\/wp\/v2\/types\/product"}],"replies":[{"embeddable":true,"href":"https:\/\/inspiratio.ro\/en\/wp-json\/wp\/v2\/comments?post=8462"}],"wp:featuredmedia":[{"embeddable":true,"href":"https:\/\/inspiratio.ro\/en\/wp-json\/wp\/v2\/media\/8456"}],"wp:attachment":[{"href":"https:\/\/inspiratio.ro\/en\/wp-json\/wp\/v2\/media?parent=8462"}],"wp:term":[{"taxonomy":"pwb-brand","embeddable":true,"href":"https:\/\/inspiratio.ro\/en\/wp-json\/wp\/v2\/pwb-brand?post=8462"},{"taxonomy":"product_brand","embeddable":true,"href":"https:\/\/inspiratio.ro\/en\/wp-json\/wp\/v2\/product_brand?post=8462"},{"taxonomy":"product_cat","embeddable":true,"href":"https:\/\/inspiratio.ro\/en\/wp-json\/wp\/v2\/product_cat?post=8462"},{"taxonomy":"product_tag","embeddable":true,"href":"https:\/\/inspiratio.ro\/en\/wp-json\/wp\/v2\/product_tag?post=8462"}],"curies":[{"name":"wp","href":"https:\/\/api.w.org\/{rel}","templated":true}]}}