{"id":8447,"date":"2024-05-13T10:13:22","date_gmt":"2024-05-13T07:13:22","guid":{"rendered":"https:\/\/inspiratio.ro\/?post_type=product&#038;p=8447"},"modified":"2025-07-31T17:49:20","modified_gmt":"2025-07-31T14:49:20","slug":"bne-brosura-biserica-neagra-frank-si-agnes-ziegler","status":"publish","type":"product","link":"https:\/\/inspiratio.ro\/en\/produs\/bne-brosura-biserica-neagra-frank-si-agnes-ziegler\/","title":{"rendered":"Bro\u0219ur\u0103 Biserica Neagr\u0103 &#8211; Frank \u0219i Agnes Ziegler"},"content":{"rendered":"<h3>BISERICA NEAGR\u0102. ART\u0102 CARE INSPIR\u0102 \u2013 CREDIN\u021a\u0102 VIE<br \/>\n<em>Un ghid dedicat artei Bisericii Negre realizat de Frank-Thomas \u0219i \u00c1gnes Ziegler<\/em><\/h3>\n<p>Biserica Neagr\u0103 este, pe bun\u0103 dreptate, cea mai renumit\u0103 biseric\u0103 din \u021bar\u0103. Vizitatorii nu se bucur\u0103 doar de arta gotic\u0103, ci \u0219i de un loc viu de rug\u0103ciune, de m\u0103rturii ale credin\u021bei vechi de peste 600 de ani \u0219i opere de art\u0103 care provin de pe dou\u0103 continente.<br \/>\nCu ajutorul acestui ghid de art\u0103 bogat ilustrat, v\u0103 pute\u021bi cufunda \u00een atmosfera unic\u0103 a Transilvaniei. Operele de art\u0103 v\u0103 vor ghida prin lumea Evului Mediu, a perioadei Moderne Timpurii \u0219i a Epocii Moderne. Textul se bazeaz\u0103 pe cele mai recente cercet\u0103ri \u00een domeniul istoriei artei. Datorit\u0103 h\u0103r\u021bii pliante, bro\u0219ura este \u00eenso\u021bitorul perfect pentru o plimbare prin Biserica Neagr\u0103. Iar cu fotografiile sale str\u0103lucitoare \u0219i designul s\u0103u modern, este o amintire bibliofil\u0103 a vizitei dumneavoastr\u0103 la Bra\u0219ov.<\/p>\n<p>Publica\u021bie realizat\u0103 de Biserica Evanghelic\u0103 C. A. din Rom\u00e2nia \u2013 Parohia Bra\u0219ov<br \/>\nAutori: Frank-Thomas Ziegler, \u00c1gnes Ziegler<br \/>\nEditura Honterus, Sibiu<br \/>\n23 x 16,5 cm<br \/>\n30 pagini<br \/>\n35 ilustra\u021bii<br \/>\nISBN 978-606-008-150-0<\/p>\n","protected":false},"excerpt":{"rendered":"<p>BISERICA NEAGR\u0102. ART\u0102 CARE INSPIR\u0102 \u2013 CREDIN\u021a\u0102 VIE Un ghid dedicat artei Bisericii Negre realizat de Frank-Thomas \u0219i \u00c1gnes Ziegler Biserica Neagr\u0103 este, pe bun\u0103 dreptate, cea mai renumit\u0103 biseric\u0103 din \u021bar\u0103. Vizitatorii nu se bucur\u0103 doar de arta gotic\u0103, ci \u0219i de un loc viu de rug\u0103ciune, de m\u0103rturii ale credin\u021bei vechi de peste [&hellip;]<\/p>\n","protected":false},"featured_media":8460,"comment_status":"closed","ping_status":"closed","template":"","meta":[],"pwb-brand":[81],"product_brand":[],"product_cat":[82,63],"product_tag":[205],"class_list":{"0":"post-8447","1":"product","2":"type-product","3":"status-publish","4":"has-post-thumbnail","6":"pwb-brand-biserica-neagra","7":"product_cat-suveniruri-biserica-neagra","8":"product_cat-suveniruri-transilvania","9":"product_tag-brosura-biserica-neagra","11":"first","12":"instock","13":"taxable","14":"shipping-taxable","15":"purchasable","16":"product-type-simple"},"yoast_head":"<!-- This site is optimized with the Yoast SEO plugin v26.9 - https:\/\/yoast.com\/product\/yoast-seo-wordpress\/ -->\n<title>BNE Bro\u0219ur\u0103 Biserica Neagr\u0103 - Frank \u0219i Agnes Ziegler - Inspiratio<\/title>\n<meta name=\"description\" content=\"BNE Bro\u0219ur\u0103 Biserica Neagr\u0103 - Frank \u0219i Agnes Ziegler\" \/>\n<meta name=\"robots\" content=\"index, follow, max-snippet:-1, max-image-preview:large, max-video-preview:-1\" \/>\n<link rel=\"canonical\" href=\"https:\/\/inspiratio.ro\/produs\/bne-brosura-biserica-neagra-frank-si-agnes-ziegler\/\" \/>\n<meta property=\"og:locale\" content=\"en_US\" \/>\n<meta property=\"og:type\" content=\"article\" \/>\n<meta property=\"og:title\" content=\"BNE Bro\u0219ur\u0103 Biserica Neagr\u0103 - Frank \u0219i Agnes Ziegler - Inspiratio\" \/>\n<meta property=\"og:description\" content=\"BNE Bro\u0219ur\u0103 Biserica Neagr\u0103 - Frank \u0219i Agnes Ziegler\" \/>\n<meta property=\"og:url\" content=\"https:\/\/inspiratio.ro\/produs\/bne-brosura-biserica-neagra-frank-si-agnes-ziegler\/\" \/>\n<meta property=\"og:site_name\" content=\"Inspiratio\" \/>\n<meta property=\"article:publisher\" content=\"https:\/\/www.facebook.com\/inspiratiogiftstudio\/\" \/>\n<meta property=\"article:modified_time\" content=\"2025-07-31T14:49:20+00:00\" \/>\n<meta property=\"og:image\" content=\"https:\/\/inspiratio.ro\/wp-content\/uploads\/2024\/05\/WhatsApp-Image-2024-04-25-at-09.16.49.jpeg\" \/>\n\t<meta property=\"og:image:width\" content=\"1600\" \/>\n\t<meta property=\"og:image:height\" content=\"1066\" \/>\n\t<meta property=\"og:image:type\" content=\"image\/jpeg\" \/>\n<meta name=\"twitter:card\" content=\"summary_large_image\" \/>\n<meta name=\"twitter:label1\" content=\"Est. reading time\" \/>\n\t<meta name=\"twitter:data1\" content=\"2 minutes\" \/>\n<script type=\"application\/ld+json\" class=\"yoast-schema-graph\">{\"@context\":\"https:\/\/schema.org\",\"@graph\":[{\"@type\":\"WebPage\",\"@id\":\"https:\/\/inspiratio.ro\/produs\/bne-brosura-biserica-neagra-frank-si-agnes-ziegler\/\",\"url\":\"https:\/\/inspiratio.ro\/produs\/bne-brosura-biserica-neagra-frank-si-agnes-ziegler\/\",\"name\":\"BNE Bro\u0219ur\u0103 Biserica Neagr\u0103 - Frank \u0219i Agnes Ziegler - Inspiratio\",\"isPartOf\":{\"@id\":\"https:\/\/inspiratio.ro\/#website\"},\"primaryImageOfPage\":{\"@id\":\"https:\/\/inspiratio.ro\/produs\/bne-brosura-biserica-neagra-frank-si-agnes-ziegler\/#primaryimage\"},\"image\":{\"@id\":\"https:\/\/inspiratio.ro\/produs\/bne-brosura-biserica-neagra-frank-si-agnes-ziegler\/#primaryimage\"},\"thumbnailUrl\":\"https:\/\/inspiratio.ro\/wp-content\/uploads\/2024\/05\/WhatsApp-Image-2024-04-25-at-09.16.49.jpeg\",\"datePublished\":\"2024-05-13T07:13:22+00:00\",\"dateModified\":\"2025-07-31T14:49:20+00:00\",\"description\":\"BNE Bro\u0219ur\u0103 Biserica Neagr\u0103 - Frank \u0219i Agnes Ziegler\",\"breadcrumb\":{\"@id\":\"https:\/\/inspiratio.ro\/produs\/bne-brosura-biserica-neagra-frank-si-agnes-ziegler\/#breadcrumb\"},\"inLanguage\":\"en-US\",\"potentialAction\":[{\"@type\":\"ReadAction\",\"target\":[\"https:\/\/inspiratio.ro\/produs\/bne-brosura-biserica-neagra-frank-si-agnes-ziegler\/\"]}]},{\"@type\":\"ImageObject\",\"inLanguage\":\"en-US\",\"@id\":\"https:\/\/inspiratio.ro\/produs\/bne-brosura-biserica-neagra-frank-si-agnes-ziegler\/#primaryimage\",\"url\":\"https:\/\/inspiratio.ro\/wp-content\/uploads\/2024\/05\/WhatsApp-Image-2024-04-25-at-09.16.49.jpeg\",\"contentUrl\":\"https:\/\/inspiratio.ro\/wp-content\/uploads\/2024\/05\/WhatsApp-Image-2024-04-25-at-09.16.49.jpeg\",\"width\":1600,\"height\":1066},{\"@type\":\"BreadcrumbList\",\"@id\":\"https:\/\/inspiratio.ro\/produs\/bne-brosura-biserica-neagra-frank-si-agnes-ziegler\/#breadcrumb\",\"itemListElement\":[{\"@type\":\"ListItem\",\"position\":1,\"name\":\"Shop\",\"item\":\"https:\/\/inspiratio.ro\/magazin-cadouri\/\"},{\"@type\":\"ListItem\",\"position\":2,\"name\":\"BNE Bro\u0219ur\u0103 Biserica Neagr\u0103 &#8211; Frank \u0219i Agnes Ziegler\"}]},{\"@type\":\"WebSite\",\"@id\":\"https:\/\/inspiratio.ro\/#website\",\"url\":\"https:\/\/inspiratio.ro\/\",\"name\":\"Inspiratio\",\"description\":\"Las\u0103-te purtat de inspira\u021bie\",\"publisher\":{\"@id\":\"https:\/\/inspiratio.ro\/#organization\"},\"potentialAction\":[{\"@type\":\"SearchAction\",\"target\":{\"@type\":\"EntryPoint\",\"urlTemplate\":\"https:\/\/inspiratio.ro\/?s={search_term_string}\"},\"query-input\":{\"@type\":\"PropertyValueSpecification\",\"valueRequired\":true,\"valueName\":\"search_term_string\"}}],\"inLanguage\":\"en-US\"},{\"@type\":\"Organization\",\"@id\":\"https:\/\/inspiratio.ro\/#organization\",\"name\":\"Inspiratio\",\"url\":\"https:\/\/inspiratio.ro\/\",\"logo\":{\"@type\":\"ImageObject\",\"inLanguage\":\"en-US\",\"@id\":\"https:\/\/inspiratio.ro\/#\/schema\/logo\/image\/\",\"url\":\"https:\/\/inspiratio.ro\/wp-content\/uploads\/2020\/06\/logo-inspiratio.png\",\"contentUrl\":\"https:\/\/inspiratio.ro\/wp-content\/uploads\/2020\/06\/logo-inspiratio.png\",\"width\":232,\"height\":209,\"caption\":\"Inspiratio\"},\"image\":{\"@id\":\"https:\/\/inspiratio.ro\/#\/schema\/logo\/image\/\"},\"sameAs\":[\"https:\/\/www.facebook.com\/inspiratiogiftstudio\/\",\"https:\/\/www.instagram.com\/inspiratio_giftstudio\/\"]}]}<\/script>\n<!-- \/ Yoast SEO plugin. -->","yoast_head_json":{"title":"BNE Bro\u0219ur\u0103 Biserica Neagr\u0103 - Frank \u0219i Agnes Ziegler - Inspiratio","description":"BNE Bro\u0219ur\u0103 Biserica Neagr\u0103 - Frank \u0219i Agnes Ziegler","robots":{"index":"index","follow":"follow","max-snippet":"max-snippet:-1","max-image-preview":"max-image-preview:large","max-video-preview":"max-video-preview:-1"},"canonical":"https:\/\/inspiratio.ro\/produs\/bne-brosura-biserica-neagra-frank-si-agnes-ziegler\/","og_locale":"en_US","og_type":"article","og_title":"BNE Bro\u0219ur\u0103 Biserica Neagr\u0103 - Frank \u0219i Agnes Ziegler - Inspiratio","og_description":"BNE Bro\u0219ur\u0103 Biserica Neagr\u0103 - Frank \u0219i Agnes Ziegler","og_url":"https:\/\/inspiratio.ro\/produs\/bne-brosura-biserica-neagra-frank-si-agnes-ziegler\/","og_site_name":"Inspiratio","article_publisher":"https:\/\/www.facebook.com\/inspiratiogiftstudio\/","article_modified_time":"2025-07-31T14:49:20+00:00","og_image":[{"width":1600,"height":1066,"url":"https:\/\/inspiratio.ro\/wp-content\/uploads\/2024\/05\/WhatsApp-Image-2024-04-25-at-09.16.49.jpeg","type":"image\/jpeg"}],"twitter_card":"summary_large_image","twitter_misc":{"Est. reading time":"2 minutes"},"schema":{"@context":"https:\/\/schema.org","@graph":[{"@type":"WebPage","@id":"https:\/\/inspiratio.ro\/produs\/bne-brosura-biserica-neagra-frank-si-agnes-ziegler\/","url":"https:\/\/inspiratio.ro\/produs\/bne-brosura-biserica-neagra-frank-si-agnes-ziegler\/","name":"BNE Bro\u0219ur\u0103 Biserica Neagr\u0103 - Frank \u0219i Agnes Ziegler - Inspiratio","isPartOf":{"@id":"https:\/\/inspiratio.ro\/#website"},"primaryImageOfPage":{"@id":"https:\/\/inspiratio.ro\/produs\/bne-brosura-biserica-neagra-frank-si-agnes-ziegler\/#primaryimage"},"image":{"@id":"https:\/\/inspiratio.ro\/produs\/bne-brosura-biserica-neagra-frank-si-agnes-ziegler\/#primaryimage"},"thumbnailUrl":"https:\/\/inspiratio.ro\/wp-content\/uploads\/2024\/05\/WhatsApp-Image-2024-04-25-at-09.16.49.jpeg","datePublished":"2024-05-13T07:13:22+00:00","dateModified":"2025-07-31T14:49:20+00:00","description":"BNE Bro\u0219ur\u0103 Biserica Neagr\u0103 - Frank \u0219i Agnes Ziegler","breadcrumb":{"@id":"https:\/\/inspiratio.ro\/produs\/bne-brosura-biserica-neagra-frank-si-agnes-ziegler\/#breadcrumb"},"inLanguage":"en-US","potentialAction":[{"@type":"ReadAction","target":["https:\/\/inspiratio.ro\/produs\/bne-brosura-biserica-neagra-frank-si-agnes-ziegler\/"]}]},{"@type":"ImageObject","inLanguage":"en-US","@id":"https:\/\/inspiratio.ro\/produs\/bne-brosura-biserica-neagra-frank-si-agnes-ziegler\/#primaryimage","url":"https:\/\/inspiratio.ro\/wp-content\/uploads\/2024\/05\/WhatsApp-Image-2024-04-25-at-09.16.49.jpeg","contentUrl":"https:\/\/inspiratio.ro\/wp-content\/uploads\/2024\/05\/WhatsApp-Image-2024-04-25-at-09.16.49.jpeg","width":1600,"height":1066},{"@type":"BreadcrumbList","@id":"https:\/\/inspiratio.ro\/produs\/bne-brosura-biserica-neagra-frank-si-agnes-ziegler\/#breadcrumb","itemListElement":[{"@type":"ListItem","position":1,"name":"Shop","item":"https:\/\/inspiratio.ro\/magazin-cadouri\/"},{"@type":"ListItem","position":2,"name":"BNE Bro\u0219ur\u0103 Biserica Neagr\u0103 &#8211; Frank \u0219i Agnes Ziegler"}]},{"@type":"WebSite","@id":"https:\/\/inspiratio.ro\/#website","url":"https:\/\/inspiratio.ro\/","name":"Inspiratio","description":"Las\u0103-te purtat de inspira\u021bie","publisher":{"@id":"https:\/\/inspiratio.ro\/#organization"},"potentialAction":[{"@type":"SearchAction","target":{"@type":"EntryPoint","urlTemplate":"https:\/\/inspiratio.ro\/?s={search_term_string}"},"query-input":{"@type":"PropertyValueSpecification","valueRequired":true,"valueName":"search_term_string"}}],"inLanguage":"en-US"},{"@type":"Organization","@id":"https:\/\/inspiratio.ro\/#organization","name":"Inspiratio","url":"https:\/\/inspiratio.ro\/","logo":{"@type":"ImageObject","inLanguage":"en-US","@id":"https:\/\/inspiratio.ro\/#\/schema\/logo\/image\/","url":"https:\/\/inspiratio.ro\/wp-content\/uploads\/2020\/06\/logo-inspiratio.png","contentUrl":"https:\/\/inspiratio.ro\/wp-content\/uploads\/2020\/06\/logo-inspiratio.png","width":232,"height":209,"caption":"Inspiratio"},"image":{"@id":"https:\/\/inspiratio.ro\/#\/schema\/logo\/image\/"},"sameAs":["https:\/\/www.facebook.com\/inspiratiogiftstudio\/","https:\/\/www.instagram.com\/inspiratio_giftstudio\/"]}]}},"brands":[{"id":81,"name":"Biserica Neagr\u0103","slug":"biserica-neagra"}],"_links":{"self":[{"href":"https:\/\/inspiratio.ro\/en\/wp-json\/wp\/v2\/product\/8447","targetHints":{"allow":["GET"]}}],"collection":[{"href":"https:\/\/inspiratio.ro\/en\/wp-json\/wp\/v2\/product"}],"about":[{"href":"https:\/\/inspiratio.ro\/en\/wp-json\/wp\/v2\/types\/product"}],"replies":[{"embeddable":true,"href":"https:\/\/inspiratio.ro\/en\/wp-json\/wp\/v2\/comments?post=8447"}],"wp:featuredmedia":[{"embeddable":true,"href":"https:\/\/inspiratio.ro\/en\/wp-json\/wp\/v2\/media\/8460"}],"wp:attachment":[{"href":"https:\/\/inspiratio.ro\/en\/wp-json\/wp\/v2\/media?parent=8447"}],"wp:term":[{"taxonomy":"pwb-brand","embeddable":true,"href":"https:\/\/inspiratio.ro\/en\/wp-json\/wp\/v2\/pwb-brand?post=8447"},{"taxonomy":"product_brand","embeddable":true,"href":"https:\/\/inspiratio.ro\/en\/wp-json\/wp\/v2\/product_brand?post=8447"},{"taxonomy":"product_cat","embeddable":true,"href":"https:\/\/inspiratio.ro\/en\/wp-json\/wp\/v2\/product_cat?post=8447"},{"taxonomy":"product_tag","embeddable":true,"href":"https:\/\/inspiratio.ro\/en\/wp-json\/wp\/v2\/product_tag?post=8447"}],"curies":[{"name":"wp","href":"https:\/\/api.w.org\/{rel}","templated":true}]}}