{"id":8375,"date":"2023-11-22T23:03:31","date_gmt":"2023-11-22T21:03:31","guid":{"rendered":"https:\/\/inspiratio.ro\/?post_type=product&#038;p=8375"},"modified":"2023-11-22T23:17:23","modified_gmt":"2023-11-22T21:17:23","slug":"chi-caleidoscop-premium-cu-margele-poveste-de-iarna","status":"publish","type":"product","link":"https:\/\/inspiratio.ro\/en\/produs\/chi-caleidoscop-premium-cu-margele-poveste-de-iarna\/","title":{"rendered":"Caleidoscop premium cu m\u0103rgele Poveste de iarn\u0103"},"content":{"rendered":"<div>\n<div dir=\"ltr\">\n<p>Bine ai venit \u00een Caleidoscopil\u0103ria!<\/p>\n<p>Locul \u00een care v\u00e2rsta nu exist\u0103! Locul \u00een care sufletul t\u0103u de copil va spune: Uaaaau!<\/p>\n<p>Aici, din jocul luminii \u015fi al culorilor, al artei \u015fi al \u015fiin\u0163ei, se na\u015fte, \u00een fiecare clip\u0103, magia!<\/p>\n<p>&nbsp;<\/p>\n<p>Copiii sunt fascina\u0163i de caleidoscop! Acesta \u00eei transport\u0103 \u00eentr-o lume minunat\u0103 de imagini colorate \u00een continu\u0103 schimbare.<\/p>\n<p>Privitul prin caleidoscop hr\u0103ne\u0219te imagina\u021bia copiilor, le stimuleaz\u0103 curiozitatea \u0219tiin\u021bific\u0103, le educ\u0103 sensibilitatea artistic\u0103 oferindu-le \u00een acela\u015fi timp clipe de \u00eenc\u00e2ntare pur\u0103, departe de device-urile electronice.<\/p>\n<p>\u00cen ceea ce ne prive\u0219te pe noi ca adul\u021bi, ori de c\u00e2te ori dorim s\u0103 sc\u0103p\u0103m de stresul \u0219i tensiunile vie\u021bii de zi cu zi, c\u00e2teva minute de privit prin caleidoscop ne vor transporta \u00eentr-o dimensiune fascinant\u0103, oferindu-ne spa\u021biul \u0219i energia de care avem nevoie pentru a ne \u00eentoarce revigorate\/\u0163i la sarcinile noastre.<\/p>\n<p>Fiecare imagine creat\u0103 \u00een caleidoscop este unic\u0103 \u0219i irepetabil\u0103! Magie f\u0103r\u0103 sf\u00e2r\u0219it cu fiecare rotire a caleidoscopului!<\/p>\n<p>Un cadou perfect pentru toate v\u00e2rstele!<\/p>\n<p>Dimensiuni: 20 cm x 4,5 cm<\/p>\n<p>Materiale: h\u00e2rtie, carton, oglind\u0103, m\u0103rgele acrilice, plexiglas, banda plut\u0103.<\/p>\n<p>V\u00e2rsta recomandat\u0103: 4+<\/p>\n<p>Beneficiile privirii prin caleidoscop:<\/p>\n<ul>\n<li>hr\u0103ne\u0219te imagina\u021bia<\/li>\n<li>stimuleaz\u0103 creativitatea \u0219i curiozitatea \u0219tiin\u021bific\u0103<\/li>\n<li>educ\u0103 sensibilitatea artistic\u0103<\/li>\n<li>ofer\u0103 o stare de relaxare binevenit\u0103<\/li>\n<\/ul>\n<\/div>\n<p>La INSPIRATIO stocurile sunt mereu reduse pentru c\u0103 lucr\u0103m cu artizani \u0219i designeri care manufactureaz\u0103 fiecare produs \u00een parte.<\/p>\n<\/div>\n<p>Av\u00e2nd \u00een vedere diversitatea modelelor, culorilor \u0219i cea a dimensiunilor disponibile \u00een magazin, v\u0103 rug\u0103m s\u0103 ne contacta\u021bi telefonic\/Whatsapp pentru a v\u0103 putea sprijini \u00een alegerea produsului dorit.<\/p>\n<section class=\"av_textblock_section \">\n<div class=\"avia_textblock \"><\/div>\n<\/section>\n","protected":false},"excerpt":{"rendered":"<p>Bine ai venit \u00een Caleidoscopil\u0103ria! Locul \u00een care v\u00e2rsta nu exist\u0103! Locul \u00een care sufletul t\u0103u de copil va spune: Uaaaau! Aici, din jocul luminii \u015fi al culorilor, al artei \u015fi al \u015fiin\u0163ei, se na\u015fte, \u00een fiecare clip\u0103, magia! &nbsp; Copiii sunt fascina\u0163i de caleidoscop! Acesta \u00eei transport\u0103 \u00eentr-o lume minunat\u0103 de imagini colorate \u00een [&hellip;]<\/p>\n","protected":false},"featured_media":8380,"comment_status":"open","ping_status":"closed","template":"","meta":[],"pwb-brand":[],"product_brand":[],"product_cat":[116,89],"product_tag":[],"class_list":{"0":"post-8375","1":"product","2":"type-product","3":"status-publish","4":"has-post-thumbnail","6":"product_cat-seturi-cadou","7":"product_cat-cadouri-pentru-copii","9":"first","10":"instock","11":"taxable","12":"shipping-taxable","13":"purchasable","14":"product-type-simple"},"yoast_head":"<!-- This site is optimized with the Yoast SEO plugin v26.9 - https:\/\/yoast.com\/product\/yoast-seo-wordpress\/ -->\n<title>csi-geanta-din-canepa-tesuta-manual<\/title>\n<meta name=\"description\" content=\"M\u0103iestria de a reda cu acul pe p\u00e2nz\u0103, toat\u0103 splendoarea c\u00e2mpului \u00eenverzit \u0219i a florilor ce contribuiau la des\u0103v\u00e2r\u0219irea lui.\" \/>\n<meta name=\"robots\" content=\"index, follow, max-snippet:-1, max-image-preview:large, max-video-preview:-1\" \/>\n<link rel=\"canonical\" href=\"https:\/\/inspiratio.ro\/produs\/chi-caleidoscop-premium-cu-margele-poveste-de-iarna\/\" \/>\n<meta property=\"og:locale\" content=\"en_US\" \/>\n<meta property=\"og:type\" content=\"article\" \/>\n<meta property=\"og:title\" content=\"csi-geanta-din-canepa-tesuta-manual\" \/>\n<meta property=\"og:description\" content=\"M\u0103iestria de a reda cu acul pe p\u00e2nz\u0103, toat\u0103 splendoarea c\u00e2mpului \u00eenverzit \u0219i a florilor ce contribuiau la des\u0103v\u00e2r\u0219irea lui.\" \/>\n<meta property=\"og:url\" content=\"https:\/\/inspiratio.ro\/produs\/chi-caleidoscop-premium-cu-margele-poveste-de-iarna\/\" \/>\n<meta property=\"og:site_name\" content=\"Inspiratio\" \/>\n<meta property=\"article:publisher\" content=\"https:\/\/www.facebook.com\/inspiratiogiftstudio\/\" \/>\n<meta property=\"article:modified_time\" content=\"2023-11-22T21:17:23+00:00\" \/>\n<meta property=\"og:image\" content=\"https:\/\/inspiratio.ro\/wp-content\/uploads\/2023\/11\/IMGP0730-1.jpg\" \/>\n\t<meta property=\"og:image:width\" content=\"1048\" \/>\n\t<meta property=\"og:image:height\" content=\"1048\" \/>\n\t<meta property=\"og:image:type\" content=\"image\/jpeg\" \/>\n<meta name=\"twitter:card\" content=\"summary_large_image\" \/>\n<meta name=\"twitter:label1\" content=\"Est. reading time\" \/>\n\t<meta name=\"twitter:data1\" content=\"2 minutes\" \/>\n<script type=\"application\/ld+json\" class=\"yoast-schema-graph\">{\"@context\":\"https:\/\/schema.org\",\"@graph\":[{\"@type\":\"WebPage\",\"@id\":\"https:\/\/inspiratio.ro\/produs\/chi-caleidoscop-premium-cu-margele-poveste-de-iarna\/\",\"url\":\"https:\/\/inspiratio.ro\/produs\/chi-caleidoscop-premium-cu-margele-poveste-de-iarna\/\",\"name\":\"csi-geanta-din-canepa-tesuta-manual\",\"isPartOf\":{\"@id\":\"https:\/\/inspiratio.ro\/#website\"},\"primaryImageOfPage\":{\"@id\":\"https:\/\/inspiratio.ro\/produs\/chi-caleidoscop-premium-cu-margele-poveste-de-iarna\/#primaryimage\"},\"image\":{\"@id\":\"https:\/\/inspiratio.ro\/produs\/chi-caleidoscop-premium-cu-margele-poveste-de-iarna\/#primaryimage\"},\"thumbnailUrl\":\"https:\/\/inspiratio.ro\/wp-content\/uploads\/2023\/11\/IMGP0730-1.jpg\",\"datePublished\":\"2023-11-22T21:03:31+00:00\",\"dateModified\":\"2023-11-22T21:17:23+00:00\",\"description\":\"M\u0103iestria de a reda cu acul pe p\u00e2nz\u0103, toat\u0103 splendoarea c\u00e2mpului \u00eenverzit \u0219i a florilor ce contribuiau la des\u0103v\u00e2r\u0219irea lui.\",\"breadcrumb\":{\"@id\":\"https:\/\/inspiratio.ro\/produs\/chi-caleidoscop-premium-cu-margele-poveste-de-iarna\/#breadcrumb\"},\"inLanguage\":\"en-US\",\"potentialAction\":[{\"@type\":\"ReadAction\",\"target\":[\"https:\/\/inspiratio.ro\/produs\/chi-caleidoscop-premium-cu-margele-poveste-de-iarna\/\"]}]},{\"@type\":\"ImageObject\",\"inLanguage\":\"en-US\",\"@id\":\"https:\/\/inspiratio.ro\/produs\/chi-caleidoscop-premium-cu-margele-poveste-de-iarna\/#primaryimage\",\"url\":\"https:\/\/inspiratio.ro\/wp-content\/uploads\/2023\/11\/IMGP0730-1.jpg\",\"contentUrl\":\"https:\/\/inspiratio.ro\/wp-content\/uploads\/2023\/11\/IMGP0730-1.jpg\",\"width\":1048,\"height\":1048},{\"@type\":\"BreadcrumbList\",\"@id\":\"https:\/\/inspiratio.ro\/produs\/chi-caleidoscop-premium-cu-margele-poveste-de-iarna\/#breadcrumb\",\"itemListElement\":[{\"@type\":\"ListItem\",\"position\":1,\"name\":\"Shop\",\"item\":\"https:\/\/inspiratio.ro\/magazin-cadouri\/\"},{\"@type\":\"ListItem\",\"position\":2,\"name\":\"CHI Caleidoscop premium cu m\u0103rgele Poveste de iarn\u0103\"}]},{\"@type\":\"WebSite\",\"@id\":\"https:\/\/inspiratio.ro\/#website\",\"url\":\"https:\/\/inspiratio.ro\/\",\"name\":\"Inspiratio\",\"description\":\"Las\u0103-te purtat de inspira\u021bie\",\"publisher\":{\"@id\":\"https:\/\/inspiratio.ro\/#organization\"},\"potentialAction\":[{\"@type\":\"SearchAction\",\"target\":{\"@type\":\"EntryPoint\",\"urlTemplate\":\"https:\/\/inspiratio.ro\/?s={search_term_string}\"},\"query-input\":{\"@type\":\"PropertyValueSpecification\",\"valueRequired\":true,\"valueName\":\"search_term_string\"}}],\"inLanguage\":\"en-US\"},{\"@type\":\"Organization\",\"@id\":\"https:\/\/inspiratio.ro\/#organization\",\"name\":\"Inspiratio\",\"url\":\"https:\/\/inspiratio.ro\/\",\"logo\":{\"@type\":\"ImageObject\",\"inLanguage\":\"en-US\",\"@id\":\"https:\/\/inspiratio.ro\/#\/schema\/logo\/image\/\",\"url\":\"https:\/\/inspiratio.ro\/wp-content\/uploads\/2020\/06\/logo-inspiratio.png\",\"contentUrl\":\"https:\/\/inspiratio.ro\/wp-content\/uploads\/2020\/06\/logo-inspiratio.png\",\"width\":232,\"height\":209,\"caption\":\"Inspiratio\"},\"image\":{\"@id\":\"https:\/\/inspiratio.ro\/#\/schema\/logo\/image\/\"},\"sameAs\":[\"https:\/\/www.facebook.com\/inspiratiogiftstudio\/\",\"https:\/\/www.instagram.com\/inspiratio_giftstudio\/\"]}]}<\/script>\n<!-- \/ Yoast SEO plugin. -->","yoast_head_json":{"title":"csi-geanta-din-canepa-tesuta-manual","description":"M\u0103iestria de a reda cu acul pe p\u00e2nz\u0103, toat\u0103 splendoarea c\u00e2mpului \u00eenverzit \u0219i a florilor ce contribuiau la des\u0103v\u00e2r\u0219irea lui.","robots":{"index":"index","follow":"follow","max-snippet":"max-snippet:-1","max-image-preview":"max-image-preview:large","max-video-preview":"max-video-preview:-1"},"canonical":"https:\/\/inspiratio.ro\/produs\/chi-caleidoscop-premium-cu-margele-poveste-de-iarna\/","og_locale":"en_US","og_type":"article","og_title":"csi-geanta-din-canepa-tesuta-manual","og_description":"M\u0103iestria de a reda cu acul pe p\u00e2nz\u0103, toat\u0103 splendoarea c\u00e2mpului \u00eenverzit \u0219i a florilor ce contribuiau la des\u0103v\u00e2r\u0219irea lui.","og_url":"https:\/\/inspiratio.ro\/produs\/chi-caleidoscop-premium-cu-margele-poveste-de-iarna\/","og_site_name":"Inspiratio","article_publisher":"https:\/\/www.facebook.com\/inspiratiogiftstudio\/","article_modified_time":"2023-11-22T21:17:23+00:00","og_image":[{"width":1048,"height":1048,"url":"https:\/\/inspiratio.ro\/wp-content\/uploads\/2023\/11\/IMGP0730-1.jpg","type":"image\/jpeg"}],"twitter_card":"summary_large_image","twitter_misc":{"Est. reading time":"2 minutes"},"schema":{"@context":"https:\/\/schema.org","@graph":[{"@type":"WebPage","@id":"https:\/\/inspiratio.ro\/produs\/chi-caleidoscop-premium-cu-margele-poveste-de-iarna\/","url":"https:\/\/inspiratio.ro\/produs\/chi-caleidoscop-premium-cu-margele-poveste-de-iarna\/","name":"csi-geanta-din-canepa-tesuta-manual","isPartOf":{"@id":"https:\/\/inspiratio.ro\/#website"},"primaryImageOfPage":{"@id":"https:\/\/inspiratio.ro\/produs\/chi-caleidoscop-premium-cu-margele-poveste-de-iarna\/#primaryimage"},"image":{"@id":"https:\/\/inspiratio.ro\/produs\/chi-caleidoscop-premium-cu-margele-poveste-de-iarna\/#primaryimage"},"thumbnailUrl":"https:\/\/inspiratio.ro\/wp-content\/uploads\/2023\/11\/IMGP0730-1.jpg","datePublished":"2023-11-22T21:03:31+00:00","dateModified":"2023-11-22T21:17:23+00:00","description":"M\u0103iestria de a reda cu acul pe p\u00e2nz\u0103, toat\u0103 splendoarea c\u00e2mpului \u00eenverzit \u0219i a florilor ce contribuiau la des\u0103v\u00e2r\u0219irea lui.","breadcrumb":{"@id":"https:\/\/inspiratio.ro\/produs\/chi-caleidoscop-premium-cu-margele-poveste-de-iarna\/#breadcrumb"},"inLanguage":"en-US","potentialAction":[{"@type":"ReadAction","target":["https:\/\/inspiratio.ro\/produs\/chi-caleidoscop-premium-cu-margele-poveste-de-iarna\/"]}]},{"@type":"ImageObject","inLanguage":"en-US","@id":"https:\/\/inspiratio.ro\/produs\/chi-caleidoscop-premium-cu-margele-poveste-de-iarna\/#primaryimage","url":"https:\/\/inspiratio.ro\/wp-content\/uploads\/2023\/11\/IMGP0730-1.jpg","contentUrl":"https:\/\/inspiratio.ro\/wp-content\/uploads\/2023\/11\/IMGP0730-1.jpg","width":1048,"height":1048},{"@type":"BreadcrumbList","@id":"https:\/\/inspiratio.ro\/produs\/chi-caleidoscop-premium-cu-margele-poveste-de-iarna\/#breadcrumb","itemListElement":[{"@type":"ListItem","position":1,"name":"Shop","item":"https:\/\/inspiratio.ro\/magazin-cadouri\/"},{"@type":"ListItem","position":2,"name":"CHI Caleidoscop premium cu m\u0103rgele Poveste de iarn\u0103"}]},{"@type":"WebSite","@id":"https:\/\/inspiratio.ro\/#website","url":"https:\/\/inspiratio.ro\/","name":"Inspiratio","description":"Las\u0103-te purtat de inspira\u021bie","publisher":{"@id":"https:\/\/inspiratio.ro\/#organization"},"potentialAction":[{"@type":"SearchAction","target":{"@type":"EntryPoint","urlTemplate":"https:\/\/inspiratio.ro\/?s={search_term_string}"},"query-input":{"@type":"PropertyValueSpecification","valueRequired":true,"valueName":"search_term_string"}}],"inLanguage":"en-US"},{"@type":"Organization","@id":"https:\/\/inspiratio.ro\/#organization","name":"Inspiratio","url":"https:\/\/inspiratio.ro\/","logo":{"@type":"ImageObject","inLanguage":"en-US","@id":"https:\/\/inspiratio.ro\/#\/schema\/logo\/image\/","url":"https:\/\/inspiratio.ro\/wp-content\/uploads\/2020\/06\/logo-inspiratio.png","contentUrl":"https:\/\/inspiratio.ro\/wp-content\/uploads\/2020\/06\/logo-inspiratio.png","width":232,"height":209,"caption":"Inspiratio"},"image":{"@id":"https:\/\/inspiratio.ro\/#\/schema\/logo\/image\/"},"sameAs":["https:\/\/www.facebook.com\/inspiratiogiftstudio\/","https:\/\/www.instagram.com\/inspiratio_giftstudio\/"]}]}},"brands":[],"_links":{"self":[{"href":"https:\/\/inspiratio.ro\/en\/wp-json\/wp\/v2\/product\/8375","targetHints":{"allow":["GET"]}}],"collection":[{"href":"https:\/\/inspiratio.ro\/en\/wp-json\/wp\/v2\/product"}],"about":[{"href":"https:\/\/inspiratio.ro\/en\/wp-json\/wp\/v2\/types\/product"}],"replies":[{"embeddable":true,"href":"https:\/\/inspiratio.ro\/en\/wp-json\/wp\/v2\/comments?post=8375"}],"wp:featuredmedia":[{"embeddable":true,"href":"https:\/\/inspiratio.ro\/en\/wp-json\/wp\/v2\/media\/8380"}],"wp:attachment":[{"href":"https:\/\/inspiratio.ro\/en\/wp-json\/wp\/v2\/media?parent=8375"}],"wp:term":[{"taxonomy":"pwb-brand","embeddable":true,"href":"https:\/\/inspiratio.ro\/en\/wp-json\/wp\/v2\/pwb-brand?post=8375"},{"taxonomy":"product_brand","embeddable":true,"href":"https:\/\/inspiratio.ro\/en\/wp-json\/wp\/v2\/product_brand?post=8375"},{"taxonomy":"product_cat","embeddable":true,"href":"https:\/\/inspiratio.ro\/en\/wp-json\/wp\/v2\/product_cat?post=8375"},{"taxonomy":"product_tag","embeddable":true,"href":"https:\/\/inspiratio.ro\/en\/wp-json\/wp\/v2\/product_tag?post=8375"}],"curies":[{"name":"wp","href":"https:\/\/api.w.org\/{rel}","templated":true}]}}