{"id":8356,"date":"2023-11-22T22:50:26","date_gmt":"2023-11-22T20:50:26","guid":{"rendered":"https:\/\/inspiratio.ro\/?post_type=product&#038;p=8356"},"modified":"2026-02-19T16:12:21","modified_gmt":"2026-02-19T14:12:21","slug":"csi-bratara-impletita-manual","status":"publish","type":"product","link":"https:\/\/inspiratio.ro\/en\/produs\/csi-bratara-impletita-manual\/","title":{"rendered":"Br\u0103\u021bar\u0103 \u00eempletit\u0103 manual"},"content":{"rendered":"<div>\n<div dir=\"ltr\">Br\u0103\u021bar\u0103, varianta alb \u0219i varianta nature.<\/div>\n<div dir=\"ltr\">Accesoriu contemporan \u00eempletit manual din h\u00e2rtie extrem de rezistent\u0103, acoperit\u0103 cu un strat protector de cear\u0103 ce o face rezistenta la ap\u0103. Dup\u0103 contactul cu apa, l\u0103sa\u021bi-o s\u0103 se usuce pe loc plat, dac\u0103 este posibil.<br clear=\"none\" \/>Br\u0103\u021bara este \u00eempletit\u0103 urm\u00e2nd un model care \u00eei ofer\u0103 flexibilitate astfel \u00eenc\u00e2t sa se potriveasc\u0103 pe orice m\u00e2n\u0103.<\/div>\n<p>Articol realizat manual.<\/p>\n<p>La INSPIRATIO stocurile sunt mereu reduse pentru c\u0103 lucr\u0103m cu artizani \u0219i designeri care manufactureaz\u0103 fiecare produs \u00een parte.<\/p>\n<\/div>\n<p>Av\u00e2nd \u00een vedere diversitatea modelelor, culorilor \u0219i cea a dimensiunilor disponibile \u00een magazin, v\u0103 rug\u0103m s\u0103 ne contacta\u021bi telefonic\/Whatsapp pentru a v\u0103 putea sprijini \u00een alegerea produsului dorit.<\/p>\n<section class=\"av_textblock_section \">\n<div class=\"avia_textblock \"><\/div>\n<\/section>\n<section class=\"av_textblock_section \">\n<div class=\"avia_textblock \">\n<p><strong>Romanian Fairy Tales \u00ae\u00a0\u00a0<span class=\"dia_suggestion w0\" contextmenu=\"true\">\u00eenseamn\u0103<\/span>\u00a0familie<\/strong>.<\/p>\n<p>Suntem\u00a0<span class=\"dia_suggestion w3\" contextmenu=\"true\">dou\u0103<\/span>\u00a0<span class=\"dia_suggestion w4\" contextmenu=\"true\">genera\u021bii<\/span>\u00a0<span class=\"dia_suggestion w5\" contextmenu=\"true\"><span class=\"dia_suggestion w19\" contextmenu=\"true\"><span class=\"dia_suggestion w46\" contextmenu=\"true\"><span class=\"dia_suggestion w105\" contextmenu=\"true\">care<\/span><\/span><\/span><\/span>\u00a0<span class=\"dia_suggestion w6\" contextmenu=\"true\">creeaz\u0103<\/span>\u00a0<span class=\"dia_suggestion w7\" contextmenu=\"true\">\u00een<\/span>\u00a0Transilvania\u00a0<span class=\"dia_suggestion w9\" contextmenu=\"true\">folosind<\/span>\u00a0diverse tehnici\u00a0<span class=\"dia_suggestion w12\" contextmenu=\"true\">\u00eenv\u0103\u021bate<\/span>\u00a0de\u00a0<span class=\"dia_suggestion w14\" contextmenu=\"true\"><span class=\"dia_suggestion w138\" contextmenu=\"true\">la<\/span><\/span>\u00a0<span class=\"dia_suggestion w15\" contextmenu=\"true\">\u00eenainta\u0219ii<\/span>\u00a0<span class=\"dia_suggestion w16\" contextmenu=\"true\">no\u0219tri<\/span>.\u00a0<span class=\"dia_suggestion w17\" contextmenu=\"true\">Dou\u0103<\/span>\u00a0<span class=\"dia_suggestion w18\" contextmenu=\"true\">genera\u021bii<\/span>\u00a0care avem\u00a0<span class=\"dia_suggestion w21\" contextmenu=\"true\">\u00een<\/span>\u00a0comun\u00a0<span class=\"dia_suggestion w23\" contextmenu=\"true\">dorin\u021ba<\/span>\u00a0de a\u00a0<span class=\"dia_suggestion w26\" contextmenu=\"true\">promova<\/span>\u00a0un\u00a0<span class=\"dia_suggestion w28\" contextmenu=\"true\">stil<\/span>\u00a0de\u00a0<span class=\"dia_suggestion w30\" contextmenu=\"true\">via\u021b\u0103<\/span>\u00a0frumos, autentic, aproape de\u00a0<span class=\"dia_suggestion w35\" contextmenu=\"true\">natur\u0103<\/span>.<\/p>\n<p><span class=\"dia_suggestion w52\" contextmenu=\"true\">Realiz\u0103m<\/span>\u00a0totul manual\u00a0<span class=\"dia_suggestion w43\" contextmenu=\"true\">\u0219i<\/span>\u00a0ne\u00a0<span class=\"dia_suggestion w57\" contextmenu=\"true\">inspir\u0103m<\/span>\u00a0<span class=\"dia_suggestion w58\" contextmenu=\"true\"><span class=\"dia_suggestion w78\" contextmenu=\"true\"><span class=\"dia_suggestion w102\" contextmenu=\"true\"><span class=\"dia_suggestion w133\" contextmenu=\"true\"><span class=\"dia_suggestion w149\" contextmenu=\"true\">din<\/span><\/span><\/span><\/span><\/span>\u00a0<span class=\"dia_suggestion w35\" contextmenu=\"true\">natur\u0103<\/span>.\u00a0Fie\u00a0<span class=\"dia_suggestion w61\" contextmenu=\"true\">c\u0103<\/span>\u00a0este\u00a0<span class=\"dia_suggestion w63\" contextmenu=\"true\">vorba<\/span>\u00a0de un semn de carte cusut, un obiect de decor\u00a0<span class=\"dia_suggestion w74\" contextmenu=\"true\">sau<\/span>\u00a0unul vestimentar,\u00a0 elemente\u00a0<span class=\"dia_suggestion w58\" contextmenu=\"true\"><span class=\"dia_suggestion w78\" contextmenu=\"true\"><span class=\"dia_suggestion w102\" contextmenu=\"true\"><span class=\"dia_suggestion w133\" contextmenu=\"true\"><span class=\"dia_suggestion w149\" contextmenu=\"true\">din<\/span><\/span><\/span><\/span><\/span>\u00a0<span class=\"dia_suggestion w35\" contextmenu=\"true\">natur\u0103<\/span>\u00a0<span class=\"dia_suggestion w80\" contextmenu=\"true\">sunt<\/span>\u00a0<span class=\"dia_suggestion w81\" contextmenu=\"true\">prezente<\/span>\u00a0<span class=\"dia_suggestion w82\" contextmenu=\"true\">at\u00e2t<\/span>\u00a0<span class=\"dia_suggestion w7\" contextmenu=\"true\">\u00een<\/span>\u00a0materialele\u00a0<span class=\"dia_suggestion w85\" contextmenu=\"true\">folosite<\/span>\u00a0<span class=\"dia_suggestion w86\" contextmenu=\"true\">c\u00e2t<\/span>\u00a0<span class=\"dia_suggestion w43\" contextmenu=\"true\">\u0219i<\/span>\u00a0<span class=\"dia_suggestion w21\" contextmenu=\"true\">\u00een<\/span>\u00a0ceea ce vrem\u00a0<span class=\"dia_suggestion w92\" contextmenu=\"true\">s\u0103<\/span>\u00a0transmitem\u00a0<span class=\"dia_suggestion w94\" contextmenu=\"true\">prin<\/span>\u00a0<span class=\"dia_suggestion w95\" contextmenu=\"true\">art\u0103<\/span>\u00a0<span class=\"dia_suggestion w96\" contextmenu=\"true\">noastr\u0103<\/span>.<\/p>\n<p><span class=\"dia_suggestion w52\" contextmenu=\"true\">Realiz\u0103m<\/span>\u00a0de 10 ani accesorii atemporale\u00a0<span class=\"dia_suggestion w43\" contextmenu=\"true\">\u0219i<\/span>\u00a0unice\u00a0<span class=\"dia_suggestion w58\" contextmenu=\"true\"><span class=\"dia_suggestion w78\" contextmenu=\"true\"><span class=\"dia_suggestion w102\" contextmenu=\"true\"><span class=\"dia_suggestion w133\" contextmenu=\"true\"><span class=\"dia_suggestion w149\" contextmenu=\"true\">din<\/span><\/span><\/span><\/span><\/span>\u00a0materiale naturale\u00a0<span class=\"dia_suggestion w5\" contextmenu=\"true\"><span class=\"dia_suggestion w19\" contextmenu=\"true\"><span class=\"dia_suggestion w46\" contextmenu=\"true\"><span class=\"dia_suggestion w105\" contextmenu=\"true\">care<\/span><\/span><\/span><\/span>\u00a0aduc bucurie\u00a0\u00een\u00a0<span class=\"dia_suggestion w110\" contextmenu=\"true\">casele<\/span>\u00a0<span class=\"dia_suggestion w55\" contextmenu=\"true\">\u0219i<\/span>\u00a0\u00een vie\u021b<span class=\"dia_suggestion_done w116\" contextmenu=\"true\">ile<\/span>\u00a0noastre precum: lemnul , inul, c\u00e2nepa,\u00a0 rafia,\u00a0<span class=\"dia_suggestion_done w125\" contextmenu=\"true\">celuloza<\/span>,\u00a0<span class=\"dia_suggestion_done w126\" contextmenu=\"true\">ceramica<\/span>.\u00a0<span class=\"dia_suggestion w127\" contextmenu=\"true\">Respect\u0103m<\/span>\u00a0<span class=\"dia_suggestion_done w35\" contextmenu=\"true\">natura<\/span>\u00a0<span class=\"dia_suggestion w43\" contextmenu=\"true\">\u0219i<\/span>\u00a0nu\u00a0<span class=\"dia_suggestion w131\" contextmenu=\"true\">arunc\u0103m<\/span>\u00a0nimic\u00a0<span class=\"dia_suggestion w58\" contextmenu=\"true\"><span class=\"dia_suggestion w78\" contextmenu=\"true\"><span class=\"dia_suggestion w102\" contextmenu=\"true\"><span class=\"dia_suggestion w133\" contextmenu=\"true\"><span class=\"dia_suggestion w149\" contextmenu=\"true\">din<\/span><\/span><\/span><\/span><\/span>\u00a0ceea ce\u00a0<span class=\"dia_suggestion w136\" contextmenu=\"true\">lu\u0103m<\/span>\u00a0de\u00a0<span class=\"dia_suggestion w14\" contextmenu=\"true\"><span class=\"dia_suggestion w138\" contextmenu=\"true\">la<\/span><\/span>\u00a0<span class=\"dia_suggestion w139\" contextmenu=\"true\">ea<\/span>. Astfel, ne\u00a0<span class=\"dia_suggestion w142\" contextmenu=\"true\">realiz\u0103m<\/span>\u00a0propriile etichete, ambalaje\u00a0<span class=\"dia_suggestion w55\" contextmenu=\"true\">\u0219i<\/span>\u00a0chiar produse din orice rest\u00a0<span class=\"dia_suggestion w152\" contextmenu=\"true\">r\u0103mas<\/span>\u00a0de\u00a0<span class=\"dia_suggestion w154\" contextmenu=\"true\">h\u00e2rtie<\/span>, carton, lemn, etc .<\/p>\n<p>Nicoleta-Claudia, Barna, Ecaterina, Judit<\/p>\n<\/div>\n<\/section>\n","protected":false},"excerpt":{"rendered":"<p>Br\u0103\u021bar\u0103, varianta alb \u0219i varianta nature. Accesoriu contemporan \u00eempletit manual din h\u00e2rtie extrem de rezistent\u0103, acoperit\u0103 cu un strat protector de cear\u0103 ce o face rezistenta la ap\u0103. Dup\u0103 contactul cu apa, l\u0103sa\u021bi-o s\u0103 se usuce pe loc plat, dac\u0103 este posibil.Br\u0103\u021bara este \u00eempletit\u0103 urm\u00e2nd un model care \u00eei ofer\u0103 flexibilitate astfel \u00eenc\u00e2t sa se [&hellip;]<\/p>\n","protected":false},"featured_media":8339,"comment_status":"open","ping_status":"closed","template":"","meta":[],"pwb-brand":[137],"product_brand":[267],"product_cat":[87,17],"product_tag":[],"class_list":{"0":"post-8356","1":"product","2":"type-product","3":"status-publish","4":"has-post-thumbnail","6":"pwb-brand-romanian-fairy-tales","7":"product_brand-romanian-fairy-tales","8":"product_cat-to-wear","9":"product_cat-haine-si-accesorii","11":"first","12":"instock","13":"taxable","14":"shipping-taxable","15":"purchasable","16":"product-type-simple"},"yoast_head":"<!-- This site is optimized with the Yoast SEO plugin v26.9 - https:\/\/yoast.com\/product\/yoast-seo-wordpress\/ -->\n<title>csi-geanta-din-canepa-tesuta-manual<\/title>\n<meta name=\"description\" content=\"M\u0103iestria de a reda cu acul pe p\u00e2nz\u0103, toat\u0103 splendoarea c\u00e2mpului \u00eenverzit \u0219i a florilor ce contribuiau la des\u0103v\u00e2r\u0219irea lui.\" \/>\n<meta name=\"robots\" content=\"index, follow, max-snippet:-1, max-image-preview:large, max-video-preview:-1\" \/>\n<link rel=\"canonical\" href=\"https:\/\/inspiratio.ro\/produs\/csi-bratara-impletita-manual\/\" \/>\n<meta property=\"og:locale\" content=\"en_US\" \/>\n<meta property=\"og:type\" content=\"article\" \/>\n<meta property=\"og:title\" content=\"csi-geanta-din-canepa-tesuta-manual\" \/>\n<meta property=\"og:description\" content=\"M\u0103iestria de a reda cu acul pe p\u00e2nz\u0103, toat\u0103 splendoarea c\u00e2mpului \u00eenverzit \u0219i a florilor ce contribuiau la des\u0103v\u00e2r\u0219irea lui.\" \/>\n<meta property=\"og:url\" content=\"https:\/\/inspiratio.ro\/produs\/csi-bratara-impletita-manual\/\" \/>\n<meta property=\"og:site_name\" content=\"Inspiratio\" \/>\n<meta property=\"article:publisher\" content=\"https:\/\/www.facebook.com\/inspiratiogiftstudio\/\" \/>\n<meta property=\"article:modified_time\" content=\"2026-02-19T14:12:21+00:00\" \/>\n<meta property=\"og:image\" content=\"https:\/\/inspiratio.ro\/wp-content\/uploads\/2023\/11\/R_50A6128-683x1024.jpg\" \/>\n\t<meta property=\"og:image:width\" content=\"683\" \/>\n\t<meta property=\"og:image:height\" content=\"1024\" \/>\n\t<meta property=\"og:image:type\" content=\"image\/jpeg\" \/>\n<meta name=\"twitter:card\" content=\"summary_large_image\" \/>\n<meta name=\"twitter:label1\" content=\"Est. reading time\" \/>\n\t<meta name=\"twitter:data1\" content=\"2 minutes\" \/>\n<script type=\"application\/ld+json\" class=\"yoast-schema-graph\">{\"@context\":\"https:\/\/schema.org\",\"@graph\":[{\"@type\":\"WebPage\",\"@id\":\"https:\/\/inspiratio.ro\/produs\/csi-bratara-impletita-manual\/\",\"url\":\"https:\/\/inspiratio.ro\/produs\/csi-bratara-impletita-manual\/\",\"name\":\"csi-geanta-din-canepa-tesuta-manual\",\"isPartOf\":{\"@id\":\"https:\/\/inspiratio.ro\/#website\"},\"primaryImageOfPage\":{\"@id\":\"https:\/\/inspiratio.ro\/produs\/csi-bratara-impletita-manual\/#primaryimage\"},\"image\":{\"@id\":\"https:\/\/inspiratio.ro\/produs\/csi-bratara-impletita-manual\/#primaryimage\"},\"thumbnailUrl\":\"https:\/\/inspiratio.ro\/wp-content\/uploads\/2023\/11\/R_50A6128.jpg\",\"datePublished\":\"2023-11-22T20:50:26+00:00\",\"dateModified\":\"2026-02-19T14:12:21+00:00\",\"description\":\"M\u0103iestria de a reda cu acul pe p\u00e2nz\u0103, toat\u0103 splendoarea c\u00e2mpului \u00eenverzit \u0219i a florilor ce contribuiau la des\u0103v\u00e2r\u0219irea lui.\",\"breadcrumb\":{\"@id\":\"https:\/\/inspiratio.ro\/produs\/csi-bratara-impletita-manual\/#breadcrumb\"},\"inLanguage\":\"en-US\",\"potentialAction\":[{\"@type\":\"ReadAction\",\"target\":[\"https:\/\/inspiratio.ro\/produs\/csi-bratara-impletita-manual\/\"]}]},{\"@type\":\"ImageObject\",\"inLanguage\":\"en-US\",\"@id\":\"https:\/\/inspiratio.ro\/produs\/csi-bratara-impletita-manual\/#primaryimage\",\"url\":\"https:\/\/inspiratio.ro\/wp-content\/uploads\/2023\/11\/R_50A6128.jpg\",\"contentUrl\":\"https:\/\/inspiratio.ro\/wp-content\/uploads\/2023\/11\/R_50A6128.jpg\",\"width\":1676,\"height\":2513},{\"@type\":\"BreadcrumbList\",\"@id\":\"https:\/\/inspiratio.ro\/produs\/csi-bratara-impletita-manual\/#breadcrumb\",\"itemListElement\":[{\"@type\":\"ListItem\",\"position\":1,\"name\":\"Shop\",\"item\":\"https:\/\/inspiratio.ro\/magazin-cadouri\/\"},{\"@type\":\"ListItem\",\"position\":2,\"name\":\"CSI Br\u0103\u021bar\u0103 \u00eempletit\u0103 manual\"}]},{\"@type\":\"WebSite\",\"@id\":\"https:\/\/inspiratio.ro\/#website\",\"url\":\"https:\/\/inspiratio.ro\/\",\"name\":\"Inspiratio\",\"description\":\"Las\u0103-te purtat de inspira\u021bie\",\"publisher\":{\"@id\":\"https:\/\/inspiratio.ro\/#organization\"},\"potentialAction\":[{\"@type\":\"SearchAction\",\"target\":{\"@type\":\"EntryPoint\",\"urlTemplate\":\"https:\/\/inspiratio.ro\/?s={search_term_string}\"},\"query-input\":{\"@type\":\"PropertyValueSpecification\",\"valueRequired\":true,\"valueName\":\"search_term_string\"}}],\"inLanguage\":\"en-US\"},{\"@type\":\"Organization\",\"@id\":\"https:\/\/inspiratio.ro\/#organization\",\"name\":\"Inspiratio\",\"url\":\"https:\/\/inspiratio.ro\/\",\"logo\":{\"@type\":\"ImageObject\",\"inLanguage\":\"en-US\",\"@id\":\"https:\/\/inspiratio.ro\/#\/schema\/logo\/image\/\",\"url\":\"https:\/\/inspiratio.ro\/wp-content\/uploads\/2020\/06\/logo-inspiratio.png\",\"contentUrl\":\"https:\/\/inspiratio.ro\/wp-content\/uploads\/2020\/06\/logo-inspiratio.png\",\"width\":232,\"height\":209,\"caption\":\"Inspiratio\"},\"image\":{\"@id\":\"https:\/\/inspiratio.ro\/#\/schema\/logo\/image\/\"},\"sameAs\":[\"https:\/\/www.facebook.com\/inspiratiogiftstudio\/\",\"https:\/\/www.instagram.com\/inspiratio_giftstudio\/\"]}]}<\/script>\n<!-- \/ Yoast SEO plugin. -->","yoast_head_json":{"title":"csi-geanta-din-canepa-tesuta-manual","description":"M\u0103iestria de a reda cu acul pe p\u00e2nz\u0103, toat\u0103 splendoarea c\u00e2mpului \u00eenverzit \u0219i a florilor ce contribuiau la des\u0103v\u00e2r\u0219irea lui.","robots":{"index":"index","follow":"follow","max-snippet":"max-snippet:-1","max-image-preview":"max-image-preview:large","max-video-preview":"max-video-preview:-1"},"canonical":"https:\/\/inspiratio.ro\/produs\/csi-bratara-impletita-manual\/","og_locale":"en_US","og_type":"article","og_title":"csi-geanta-din-canepa-tesuta-manual","og_description":"M\u0103iestria de a reda cu acul pe p\u00e2nz\u0103, toat\u0103 splendoarea c\u00e2mpului \u00eenverzit \u0219i a florilor ce contribuiau la des\u0103v\u00e2r\u0219irea lui.","og_url":"https:\/\/inspiratio.ro\/produs\/csi-bratara-impletita-manual\/","og_site_name":"Inspiratio","article_publisher":"https:\/\/www.facebook.com\/inspiratiogiftstudio\/","article_modified_time":"2026-02-19T14:12:21+00:00","og_image":[{"width":683,"height":1024,"url":"https:\/\/inspiratio.ro\/wp-content\/uploads\/2023\/11\/R_50A6128-683x1024.jpg","type":"image\/jpeg"}],"twitter_card":"summary_large_image","twitter_misc":{"Est. reading time":"2 minutes"},"schema":{"@context":"https:\/\/schema.org","@graph":[{"@type":"WebPage","@id":"https:\/\/inspiratio.ro\/produs\/csi-bratara-impletita-manual\/","url":"https:\/\/inspiratio.ro\/produs\/csi-bratara-impletita-manual\/","name":"csi-geanta-din-canepa-tesuta-manual","isPartOf":{"@id":"https:\/\/inspiratio.ro\/#website"},"primaryImageOfPage":{"@id":"https:\/\/inspiratio.ro\/produs\/csi-bratara-impletita-manual\/#primaryimage"},"image":{"@id":"https:\/\/inspiratio.ro\/produs\/csi-bratara-impletita-manual\/#primaryimage"},"thumbnailUrl":"https:\/\/inspiratio.ro\/wp-content\/uploads\/2023\/11\/R_50A6128.jpg","datePublished":"2023-11-22T20:50:26+00:00","dateModified":"2026-02-19T14:12:21+00:00","description":"M\u0103iestria de a reda cu acul pe p\u00e2nz\u0103, toat\u0103 splendoarea c\u00e2mpului \u00eenverzit \u0219i a florilor ce contribuiau la des\u0103v\u00e2r\u0219irea lui.","breadcrumb":{"@id":"https:\/\/inspiratio.ro\/produs\/csi-bratara-impletita-manual\/#breadcrumb"},"inLanguage":"en-US","potentialAction":[{"@type":"ReadAction","target":["https:\/\/inspiratio.ro\/produs\/csi-bratara-impletita-manual\/"]}]},{"@type":"ImageObject","inLanguage":"en-US","@id":"https:\/\/inspiratio.ro\/produs\/csi-bratara-impletita-manual\/#primaryimage","url":"https:\/\/inspiratio.ro\/wp-content\/uploads\/2023\/11\/R_50A6128.jpg","contentUrl":"https:\/\/inspiratio.ro\/wp-content\/uploads\/2023\/11\/R_50A6128.jpg","width":1676,"height":2513},{"@type":"BreadcrumbList","@id":"https:\/\/inspiratio.ro\/produs\/csi-bratara-impletita-manual\/#breadcrumb","itemListElement":[{"@type":"ListItem","position":1,"name":"Shop","item":"https:\/\/inspiratio.ro\/magazin-cadouri\/"},{"@type":"ListItem","position":2,"name":"CSI Br\u0103\u021bar\u0103 \u00eempletit\u0103 manual"}]},{"@type":"WebSite","@id":"https:\/\/inspiratio.ro\/#website","url":"https:\/\/inspiratio.ro\/","name":"Inspiratio","description":"Las\u0103-te purtat de inspira\u021bie","publisher":{"@id":"https:\/\/inspiratio.ro\/#organization"},"potentialAction":[{"@type":"SearchAction","target":{"@type":"EntryPoint","urlTemplate":"https:\/\/inspiratio.ro\/?s={search_term_string}"},"query-input":{"@type":"PropertyValueSpecification","valueRequired":true,"valueName":"search_term_string"}}],"inLanguage":"en-US"},{"@type":"Organization","@id":"https:\/\/inspiratio.ro\/#organization","name":"Inspiratio","url":"https:\/\/inspiratio.ro\/","logo":{"@type":"ImageObject","inLanguage":"en-US","@id":"https:\/\/inspiratio.ro\/#\/schema\/logo\/image\/","url":"https:\/\/inspiratio.ro\/wp-content\/uploads\/2020\/06\/logo-inspiratio.png","contentUrl":"https:\/\/inspiratio.ro\/wp-content\/uploads\/2020\/06\/logo-inspiratio.png","width":232,"height":209,"caption":"Inspiratio"},"image":{"@id":"https:\/\/inspiratio.ro\/#\/schema\/logo\/image\/"},"sameAs":["https:\/\/www.facebook.com\/inspiratiogiftstudio\/","https:\/\/www.instagram.com\/inspiratio_giftstudio\/"]}]}},"brands":[{"id":137,"name":"Romanian Fairy Tales","slug":"romanian-fairy-tales"}],"_links":{"self":[{"href":"https:\/\/inspiratio.ro\/en\/wp-json\/wp\/v2\/product\/8356","targetHints":{"allow":["GET"]}}],"collection":[{"href":"https:\/\/inspiratio.ro\/en\/wp-json\/wp\/v2\/product"}],"about":[{"href":"https:\/\/inspiratio.ro\/en\/wp-json\/wp\/v2\/types\/product"}],"replies":[{"embeddable":true,"href":"https:\/\/inspiratio.ro\/en\/wp-json\/wp\/v2\/comments?post=8356"}],"wp:featuredmedia":[{"embeddable":true,"href":"https:\/\/inspiratio.ro\/en\/wp-json\/wp\/v2\/media\/8339"}],"wp:attachment":[{"href":"https:\/\/inspiratio.ro\/en\/wp-json\/wp\/v2\/media?parent=8356"}],"wp:term":[{"taxonomy":"pwb-brand","embeddable":true,"href":"https:\/\/inspiratio.ro\/en\/wp-json\/wp\/v2\/pwb-brand?post=8356"},{"taxonomy":"product_brand","embeddable":true,"href":"https:\/\/inspiratio.ro\/en\/wp-json\/wp\/v2\/product_brand?post=8356"},{"taxonomy":"product_cat","embeddable":true,"href":"https:\/\/inspiratio.ro\/en\/wp-json\/wp\/v2\/product_cat?post=8356"},{"taxonomy":"product_tag","embeddable":true,"href":"https:\/\/inspiratio.ro\/en\/wp-json\/wp\/v2\/product_tag?post=8356"}],"curies":[{"name":"wp","href":"https:\/\/api.w.org\/{rel}","templated":true}]}}