{"id":8308,"date":"2023-11-22T17:21:49","date_gmt":"2023-11-22T15:21:49","guid":{"rendered":"https:\/\/inspiratio.ro\/?post_type=product&#038;p=8308"},"modified":"2023-11-22T17:52:04","modified_gmt":"2023-11-22T15:52:04","slug":"csi-fata-de-perna-din-canepa-tesuta-manual","status":"publish","type":"product","link":"https:\/\/inspiratio.ro\/en\/produs\/csi-fata-de-perna-din-canepa-tesuta-manual\/","title":{"rendered":"Fa\u021b\u0103 de pern\u0103 din c\u00e2nep\u0103 \u021besut\u0103 manual"},"content":{"rendered":"<p>Fa\u021b\u0103 de pern\u0103 R\u0102S\u0102RIT \u0219i\u00a0 fa\u021b\u0103 de pern\u0103 LAVAND\u0102 \u00ceN APUS<\/p>\n<p>Pern\u0103 realizat\u0103 din c\u00e2nep\u0103 texturat\u0103 \u021besut\u0103 manual \u00een Transilvania ce dateaz\u0103 de la \u00eenceputul anilor 1900.<\/p>\n<p>Dimensiuni: 42 cm Lungime \/ 42 cm L\u0103\u021bime.<\/p>\n<div>\n<div>Articol realizat manual. Umplutura nu este inclus\u0103. Spal\u0103-le de m\u00e2n\u0103 \u0219i ai grij\u0103 ca apa s\u0103 nu dep\u0103\u0219easc\u0103 30 de grade.<\/div>\n<div><\/div>\n<\/div>\n<p>La INSPIRATIO stocurile sunt mereu reduse pentru c\u0103 lucr\u0103m cu artizani \u0219i designeri care manufactureaz\u0103 fiecare produs \u00een parte.<\/p>\n<p>Av\u00e2nd \u00een vedere diversitatea modelelor \u0219i culorilor disponibile \u00een magazin, v\u0103 rug\u0103m s\u0103 ne contacta\u021bi telefonic\/Whatsapp pentru a v\u0103 putea sprijini \u00een alegerea produsului dorit.<\/p>\n","protected":false},"excerpt":{"rendered":"<p>Fa\u021b\u0103 de pern\u0103 R\u0102S\u0102RIT \u0219i\u00a0 fa\u021b\u0103 de pern\u0103 LAVAND\u0102 \u00ceN APUS Pern\u0103 realizat\u0103 din c\u00e2nep\u0103 texturat\u0103 \u021besut\u0103 manual \u00een Transilvania ce dateaz\u0103 de la \u00eenceputul anilor 1900. Dimensiuni: 42 cm Lungime \/ 42 cm L\u0103\u021bime. Articol realizat manual. Umplutura nu este inclus\u0103. Spal\u0103-le de m\u00e2n\u0103 \u0219i ai grij\u0103 ca apa s\u0103 nu dep\u0103\u0219easc\u0103 30 de [&hellip;]<\/p>\n","protected":false},"featured_media":8314,"comment_status":"open","ping_status":"closed","template":"","meta":[],"pwb-brand":[137],"product_brand":[],"product_cat":[49],"product_tag":[],"class_list":{"0":"post-8308","1":"product","2":"type-product","3":"status-publish","4":"has-post-thumbnail","6":"pwb-brand-romanian-fairy-tales","7":"product_cat-home-and-deco","9":"first","10":"instock","11":"taxable","12":"shipping-taxable","13":"purchasable","14":"product-type-simple"},"yoast_head":"<!-- This site is optimized with the Yoast SEO plugin v26.9 - https:\/\/yoast.com\/product\/yoast-seo-wordpress\/ -->\n<title>Semn de carte clasic cusut manual cu motive tradi\u021bionale Rom\u00e2ne\u0219ti<\/title>\n<meta name=\"description\" content=\"M\u0103iestria de a reda cu acul pe p\u00e2nz\u0103, toat\u0103 splendoarea c\u00e2mpului \u00eenverzit \u0219i a florilor ce contribuiau la des\u0103v\u00e2r\u0219irea lui.\" \/>\n<meta name=\"robots\" content=\"index, follow, max-snippet:-1, max-image-preview:large, max-video-preview:-1\" \/>\n<link rel=\"canonical\" href=\"https:\/\/inspiratio.ro\/produs\/csi-fata-de-perna-din-canepa-tesuta-manual\/\" \/>\n<meta property=\"og:locale\" content=\"en_US\" \/>\n<meta property=\"og:type\" content=\"article\" \/>\n<meta property=\"og:title\" content=\"Semn de carte clasic cusut manual cu motive tradi\u021bionale Rom\u00e2ne\u0219ti\" \/>\n<meta property=\"og:description\" content=\"M\u0103iestria de a reda cu acul pe p\u00e2nz\u0103, toat\u0103 splendoarea c\u00e2mpului \u00eenverzit \u0219i a florilor ce contribuiau la des\u0103v\u00e2r\u0219irea lui.\" \/>\n<meta property=\"og:url\" content=\"https:\/\/inspiratio.ro\/produs\/csi-fata-de-perna-din-canepa-tesuta-manual\/\" \/>\n<meta property=\"og:site_name\" content=\"Inspiratio\" \/>\n<meta property=\"article:publisher\" content=\"https:\/\/www.facebook.com\/inspiratiogiftstudio\/\" \/>\n<meta property=\"article:modified_time\" content=\"2023-11-22T15:52:04+00:00\" \/>\n<meta property=\"og:image\" content=\"https:\/\/inspiratio.ro\/wp-content\/uploads\/2023\/11\/Perna-canepa.jpg\" \/>\n\t<meta property=\"og:image:width\" content=\"936\" \/>\n\t<meta property=\"og:image:height\" content=\"936\" \/>\n\t<meta property=\"og:image:type\" content=\"image\/jpeg\" \/>\n<meta name=\"twitter:card\" content=\"summary_large_image\" \/>\n<meta name=\"twitter:label1\" content=\"Est. reading time\" \/>\n\t<meta name=\"twitter:data1\" content=\"1 minute\" \/>\n<script type=\"application\/ld+json\" class=\"yoast-schema-graph\">{\"@context\":\"https:\/\/schema.org\",\"@graph\":[{\"@type\":\"WebPage\",\"@id\":\"https:\/\/inspiratio.ro\/produs\/csi-fata-de-perna-din-canepa-tesuta-manual\/\",\"url\":\"https:\/\/inspiratio.ro\/produs\/csi-fata-de-perna-din-canepa-tesuta-manual\/\",\"name\":\"Semn de carte clasic cusut manual cu motive tradi\u021bionale Rom\u00e2ne\u0219ti\",\"isPartOf\":{\"@id\":\"https:\/\/inspiratio.ro\/#website\"},\"primaryImageOfPage\":{\"@id\":\"https:\/\/inspiratio.ro\/produs\/csi-fata-de-perna-din-canepa-tesuta-manual\/#primaryimage\"},\"image\":{\"@id\":\"https:\/\/inspiratio.ro\/produs\/csi-fata-de-perna-din-canepa-tesuta-manual\/#primaryimage\"},\"thumbnailUrl\":\"https:\/\/inspiratio.ro\/wp-content\/uploads\/2023\/11\/Perna-canepa.jpg\",\"datePublished\":\"2023-11-22T15:21:49+00:00\",\"dateModified\":\"2023-11-22T15:52:04+00:00\",\"description\":\"M\u0103iestria de a reda cu acul pe p\u00e2nz\u0103, toat\u0103 splendoarea c\u00e2mpului \u00eenverzit \u0219i a florilor ce contribuiau la des\u0103v\u00e2r\u0219irea lui.\",\"breadcrumb\":{\"@id\":\"https:\/\/inspiratio.ro\/produs\/csi-fata-de-perna-din-canepa-tesuta-manual\/#breadcrumb\"},\"inLanguage\":\"en-US\",\"potentialAction\":[{\"@type\":\"ReadAction\",\"target\":[\"https:\/\/inspiratio.ro\/produs\/csi-fata-de-perna-din-canepa-tesuta-manual\/\"]}]},{\"@type\":\"ImageObject\",\"inLanguage\":\"en-US\",\"@id\":\"https:\/\/inspiratio.ro\/produs\/csi-fata-de-perna-din-canepa-tesuta-manual\/#primaryimage\",\"url\":\"https:\/\/inspiratio.ro\/wp-content\/uploads\/2023\/11\/Perna-canepa.jpg\",\"contentUrl\":\"https:\/\/inspiratio.ro\/wp-content\/uploads\/2023\/11\/Perna-canepa.jpg\",\"width\":936,\"height\":936},{\"@type\":\"BreadcrumbList\",\"@id\":\"https:\/\/inspiratio.ro\/produs\/csi-fata-de-perna-din-canepa-tesuta-manual\/#breadcrumb\",\"itemListElement\":[{\"@type\":\"ListItem\",\"position\":1,\"name\":\"Shop\",\"item\":\"https:\/\/inspiratio.ro\/magazin-cadouri\/\"},{\"@type\":\"ListItem\",\"position\":2,\"name\":\"CSI Fa\u021b\u0103 de pern\u0103 din c\u00e2nep\u0103 \u021besut\u0103 manual\"}]},{\"@type\":\"WebSite\",\"@id\":\"https:\/\/inspiratio.ro\/#website\",\"url\":\"https:\/\/inspiratio.ro\/\",\"name\":\"Inspiratio\",\"description\":\"Las\u0103-te purtat de inspira\u021bie\",\"publisher\":{\"@id\":\"https:\/\/inspiratio.ro\/#organization\"},\"potentialAction\":[{\"@type\":\"SearchAction\",\"target\":{\"@type\":\"EntryPoint\",\"urlTemplate\":\"https:\/\/inspiratio.ro\/?s={search_term_string}\"},\"query-input\":{\"@type\":\"PropertyValueSpecification\",\"valueRequired\":true,\"valueName\":\"search_term_string\"}}],\"inLanguage\":\"en-US\"},{\"@type\":\"Organization\",\"@id\":\"https:\/\/inspiratio.ro\/#organization\",\"name\":\"Inspiratio\",\"url\":\"https:\/\/inspiratio.ro\/\",\"logo\":{\"@type\":\"ImageObject\",\"inLanguage\":\"en-US\",\"@id\":\"https:\/\/inspiratio.ro\/#\/schema\/logo\/image\/\",\"url\":\"https:\/\/inspiratio.ro\/wp-content\/uploads\/2020\/06\/logo-inspiratio.png\",\"contentUrl\":\"https:\/\/inspiratio.ro\/wp-content\/uploads\/2020\/06\/logo-inspiratio.png\",\"width\":232,\"height\":209,\"caption\":\"Inspiratio\"},\"image\":{\"@id\":\"https:\/\/inspiratio.ro\/#\/schema\/logo\/image\/\"},\"sameAs\":[\"https:\/\/www.facebook.com\/inspiratiogiftstudio\/\",\"https:\/\/www.instagram.com\/inspiratio_giftstudio\/\"]}]}<\/script>\n<!-- \/ Yoast SEO plugin. -->","yoast_head_json":{"title":"Semn de carte clasic cusut manual cu motive tradi\u021bionale Rom\u00e2ne\u0219ti","description":"M\u0103iestria de a reda cu acul pe p\u00e2nz\u0103, toat\u0103 splendoarea c\u00e2mpului \u00eenverzit \u0219i a florilor ce contribuiau la des\u0103v\u00e2r\u0219irea lui.","robots":{"index":"index","follow":"follow","max-snippet":"max-snippet:-1","max-image-preview":"max-image-preview:large","max-video-preview":"max-video-preview:-1"},"canonical":"https:\/\/inspiratio.ro\/produs\/csi-fata-de-perna-din-canepa-tesuta-manual\/","og_locale":"en_US","og_type":"article","og_title":"Semn de carte clasic cusut manual cu motive tradi\u021bionale Rom\u00e2ne\u0219ti","og_description":"M\u0103iestria de a reda cu acul pe p\u00e2nz\u0103, toat\u0103 splendoarea c\u00e2mpului \u00eenverzit \u0219i a florilor ce contribuiau la des\u0103v\u00e2r\u0219irea lui.","og_url":"https:\/\/inspiratio.ro\/produs\/csi-fata-de-perna-din-canepa-tesuta-manual\/","og_site_name":"Inspiratio","article_publisher":"https:\/\/www.facebook.com\/inspiratiogiftstudio\/","article_modified_time":"2023-11-22T15:52:04+00:00","og_image":[{"width":936,"height":936,"url":"https:\/\/inspiratio.ro\/wp-content\/uploads\/2023\/11\/Perna-canepa.jpg","type":"image\/jpeg"}],"twitter_card":"summary_large_image","twitter_misc":{"Est. reading time":"1 minute"},"schema":{"@context":"https:\/\/schema.org","@graph":[{"@type":"WebPage","@id":"https:\/\/inspiratio.ro\/produs\/csi-fata-de-perna-din-canepa-tesuta-manual\/","url":"https:\/\/inspiratio.ro\/produs\/csi-fata-de-perna-din-canepa-tesuta-manual\/","name":"Semn de carte clasic cusut manual cu motive tradi\u021bionale Rom\u00e2ne\u0219ti","isPartOf":{"@id":"https:\/\/inspiratio.ro\/#website"},"primaryImageOfPage":{"@id":"https:\/\/inspiratio.ro\/produs\/csi-fata-de-perna-din-canepa-tesuta-manual\/#primaryimage"},"image":{"@id":"https:\/\/inspiratio.ro\/produs\/csi-fata-de-perna-din-canepa-tesuta-manual\/#primaryimage"},"thumbnailUrl":"https:\/\/inspiratio.ro\/wp-content\/uploads\/2023\/11\/Perna-canepa.jpg","datePublished":"2023-11-22T15:21:49+00:00","dateModified":"2023-11-22T15:52:04+00:00","description":"M\u0103iestria de a reda cu acul pe p\u00e2nz\u0103, toat\u0103 splendoarea c\u00e2mpului \u00eenverzit \u0219i a florilor ce contribuiau la des\u0103v\u00e2r\u0219irea lui.","breadcrumb":{"@id":"https:\/\/inspiratio.ro\/produs\/csi-fata-de-perna-din-canepa-tesuta-manual\/#breadcrumb"},"inLanguage":"en-US","potentialAction":[{"@type":"ReadAction","target":["https:\/\/inspiratio.ro\/produs\/csi-fata-de-perna-din-canepa-tesuta-manual\/"]}]},{"@type":"ImageObject","inLanguage":"en-US","@id":"https:\/\/inspiratio.ro\/produs\/csi-fata-de-perna-din-canepa-tesuta-manual\/#primaryimage","url":"https:\/\/inspiratio.ro\/wp-content\/uploads\/2023\/11\/Perna-canepa.jpg","contentUrl":"https:\/\/inspiratio.ro\/wp-content\/uploads\/2023\/11\/Perna-canepa.jpg","width":936,"height":936},{"@type":"BreadcrumbList","@id":"https:\/\/inspiratio.ro\/produs\/csi-fata-de-perna-din-canepa-tesuta-manual\/#breadcrumb","itemListElement":[{"@type":"ListItem","position":1,"name":"Shop","item":"https:\/\/inspiratio.ro\/magazin-cadouri\/"},{"@type":"ListItem","position":2,"name":"CSI Fa\u021b\u0103 de pern\u0103 din c\u00e2nep\u0103 \u021besut\u0103 manual"}]},{"@type":"WebSite","@id":"https:\/\/inspiratio.ro\/#website","url":"https:\/\/inspiratio.ro\/","name":"Inspiratio","description":"Las\u0103-te purtat de inspira\u021bie","publisher":{"@id":"https:\/\/inspiratio.ro\/#organization"},"potentialAction":[{"@type":"SearchAction","target":{"@type":"EntryPoint","urlTemplate":"https:\/\/inspiratio.ro\/?s={search_term_string}"},"query-input":{"@type":"PropertyValueSpecification","valueRequired":true,"valueName":"search_term_string"}}],"inLanguage":"en-US"},{"@type":"Organization","@id":"https:\/\/inspiratio.ro\/#organization","name":"Inspiratio","url":"https:\/\/inspiratio.ro\/","logo":{"@type":"ImageObject","inLanguage":"en-US","@id":"https:\/\/inspiratio.ro\/#\/schema\/logo\/image\/","url":"https:\/\/inspiratio.ro\/wp-content\/uploads\/2020\/06\/logo-inspiratio.png","contentUrl":"https:\/\/inspiratio.ro\/wp-content\/uploads\/2020\/06\/logo-inspiratio.png","width":232,"height":209,"caption":"Inspiratio"},"image":{"@id":"https:\/\/inspiratio.ro\/#\/schema\/logo\/image\/"},"sameAs":["https:\/\/www.facebook.com\/inspiratiogiftstudio\/","https:\/\/www.instagram.com\/inspiratio_giftstudio\/"]}]}},"brands":[{"id":137,"name":"Romanian Fairy Tales","slug":"romanian-fairy-tales"}],"_links":{"self":[{"href":"https:\/\/inspiratio.ro\/en\/wp-json\/wp\/v2\/product\/8308","targetHints":{"allow":["GET"]}}],"collection":[{"href":"https:\/\/inspiratio.ro\/en\/wp-json\/wp\/v2\/product"}],"about":[{"href":"https:\/\/inspiratio.ro\/en\/wp-json\/wp\/v2\/types\/product"}],"replies":[{"embeddable":true,"href":"https:\/\/inspiratio.ro\/en\/wp-json\/wp\/v2\/comments?post=8308"}],"wp:featuredmedia":[{"embeddable":true,"href":"https:\/\/inspiratio.ro\/en\/wp-json\/wp\/v2\/media\/8314"}],"wp:attachment":[{"href":"https:\/\/inspiratio.ro\/en\/wp-json\/wp\/v2\/media?parent=8308"}],"wp:term":[{"taxonomy":"pwb-brand","embeddable":true,"href":"https:\/\/inspiratio.ro\/en\/wp-json\/wp\/v2\/pwb-brand?post=8308"},{"taxonomy":"product_brand","embeddable":true,"href":"https:\/\/inspiratio.ro\/en\/wp-json\/wp\/v2\/product_brand?post=8308"},{"taxonomy":"product_cat","embeddable":true,"href":"https:\/\/inspiratio.ro\/en\/wp-json\/wp\/v2\/product_cat?post=8308"},{"taxonomy":"product_tag","embeddable":true,"href":"https:\/\/inspiratio.ro\/en\/wp-json\/wp\/v2\/product_tag?post=8308"}],"curies":[{"name":"wp","href":"https:\/\/api.w.org\/{rel}","templated":true}]}}