{"id":5593,"date":"2023-06-19T16:33:47","date_gmt":"2023-06-19T13:33:47","guid":{"rendered":"https:\/\/inspiratio.ro\/?post_type=product&#038;p=5593"},"modified":"2026-02-12T13:54:18","modified_gmt":"2026-02-12T11:54:18","slug":"san-ciocolata-cu-cafea-80g","status":"publish","type":"product","link":"https:\/\/inspiratio.ro\/en\/produs\/san-ciocolata-cu-cafea-80g\/","title":{"rendered":"Ciocolat\u0103 cu cafea 80g"},"content":{"rendered":"<p>Ciocolat\u0103 cu lapte, cacao \u0219i gust de caramel.<\/p>\n<p>Manufactura ciocolatei este mai mult dec\u00e2t producerea de produse gustoase. Este o art\u0103 real\u0103 care necesit\u0103 pasiune \u0219i dedicare dincolo de cuno\u0219tin\u021bele exper\u021bilor. \u00cen atelier maestrul \u0219ef creeaz\u0103 cu pasiunea \u0219i \u00eengrijire deosebit\u0103 tablele de ciocolat\u0103 ad\u0103ug\u00e2ndu-le diferite fructe \u0219i plante medicinale.<\/p>\n<p>Produsele sunt f\u0103cute special din ingrediente premium \u0219i naturale. \u00cen plus fa\u021b\u0103 de materia prim\u0103 aroma joac\u0103 de asemenea un rol important aici, \u00een principal, din fructe uscate: afine, coac\u0103ze, c\u0103p\u0219uni, zmeur\u0103, dar \u0219i ceaiuri, menta \u0219i suc de l\u0103m\u00e2ie.<\/p>\n<p>Fiecare ciocolat\u0103 are o poveste separat\u0103, la fel este \u0219i pentru ciocolata cu cafea, manufactur\u0103m cu scopul de a extinde gama de produse, care poate fi limitat\u0103 doar de imagina\u021bie \u0219i creativitate.<\/p>\n<h3>Tablet\u0103 cu lapte: Substant\u0103 de cacao 33,6%, lapte echilibrat, cacao si gust de caramel.<\/h3>\n<h3>Ingrediente<\/h3>\n<p>mas\u0103 de cacao, zah\u0103r, unt de cacao, lapte praf, arom\u0103 natural\u0103 de vanilie, lecitin\u0103 din soia.<\/p>\n<h3>Valori nutri\u0163ionale medii la 100 g produs<\/h3>\n<ul>\n<li>Valoare energetic\u0103: 563Kcal\/2357KJ<\/li>\n<li>Gr\u0103sime: 36,2 g<\/li>\n<li>Din care acizi gra\u015fi satura\u0163i: 21,8 g<\/li>\n<li>Glucide: 50,9 g<\/li>\n<li>Din care proteine: 49,9 g<\/li>\n<li>Proteine: 7 g<\/li>\n<li>Fibre: 2 g<\/li>\n<li>Sare: 0,21 g<\/li>\n<\/ul>\n<p><strong>Condi\u0163ii de depozitare<\/strong> A se pastra la 12 C-20 C in umiditate maxima de 70%.<\/p>\n<p><strong>Alergeni<\/strong> Nu con\u021bine gluten!<\/p>\n<p><strong>Cantitatea net\u0103<\/strong> 80 g<\/p>\n<p>La INSPIRATIO stocurile sunt mereu reduse pentru c\u0103 lucr\u0103m cu artizani \u0219i designeri care manufactureaz\u0103 fiecare produs \u00een parte.<\/p>\n<p>Av\u00e2nd \u00een vedere diversitatea sortimentelor disponibile \u00een magazin, v\u0103 rug\u0103m s\u0103 ne contacta\u021bi telefonic\/Whatsapp pentru a v\u0103 putea sprijini \u00een alegerea produsului dorit.<\/p>\n","protected":false},"excerpt":{"rendered":"<p>Ciocolat\u0103 cu lapte, cacao \u0219i gust de caramel. Manufactura ciocolatei este mai mult dec\u00e2t producerea de produse gustoase. Este o art\u0103 real\u0103 care necesit\u0103 pasiune \u0219i dedicare dincolo de cuno\u0219tin\u021bele exper\u021bilor. \u00cen atelier maestrul \u0219ef creeaz\u0103 cu pasiunea \u0219i \u00eengrijire deosebit\u0103 tablele de ciocolat\u0103 ad\u0103ug\u00e2ndu-le diferite fructe \u0219i plante medicinale. Produsele sunt f\u0103cute special din [&hellip;]<\/p>\n","protected":false},"featured_media":5611,"comment_status":"open","ping_status":"closed","template":"","meta":[],"pwb-brand":[189],"product_brand":[],"product_cat":[117],"product_tag":[],"class_list":{"0":"post-5593","1":"product","2":"type-product","3":"status-publish","4":"has-post-thumbnail","6":"pwb-brand-berri-kezmuves-csokolade","7":"product_cat-specialitati-gourmet","9":"first","10":"instock","11":"taxable","12":"shipping-taxable","13":"purchasable","14":"product-type-simple"},"yoast_head":"<!-- This site is optimized with the Yoast SEO plugin v26.9 - https:\/\/yoast.com\/product\/yoast-seo-wordpress\/ -->\n<title>SAN Ciocolat\u0103 cu cafea 80g - Inspiratio<\/title>\n<meta name=\"robots\" content=\"index, follow, max-snippet:-1, max-image-preview:large, max-video-preview:-1\" \/>\n<link rel=\"canonical\" href=\"https:\/\/inspiratio.ro\/produs\/san-ciocolata-cu-cafea-80g\/\" \/>\n<meta property=\"og:locale\" content=\"en_US\" \/>\n<meta property=\"og:type\" content=\"article\" \/>\n<meta property=\"og:title\" content=\"SAN Ciocolat\u0103 cu cafea 80g - Inspiratio\" \/>\n<meta property=\"og:description\" content=\"Ciocolat\u0103 cu lapte, cacao \u0219i gust de caramel. Manufactura ciocolatei este mai mult dec\u00e2t producerea de produse gustoase. Este o art\u0103 real\u0103 care necesit\u0103 pasiune \u0219i dedicare dincolo de cuno\u0219tin\u021bele exper\u021bilor. \u00cen atelier maestrul \u0219ef creeaz\u0103 cu pasiunea \u0219i \u00eengrijire deosebit\u0103 tablele de ciocolat\u0103 ad\u0103ug\u00e2ndu-le diferite fructe \u0219i plante medicinale. Produsele sunt f\u0103cute special din [&hellip;]\" \/>\n<meta property=\"og:url\" content=\"https:\/\/inspiratio.ro\/produs\/san-ciocolata-cu-cafea-80g\/\" \/>\n<meta property=\"og:site_name\" content=\"Inspiratio\" \/>\n<meta property=\"article:publisher\" content=\"https:\/\/www.facebook.com\/inspiratiogiftstudio\/\" \/>\n<meta property=\"article:modified_time\" content=\"2026-02-12T11:54:18+00:00\" \/>\n<meta property=\"og:image\" content=\"https:\/\/inspiratio.ro\/wp-content\/uploads\/2023\/06\/download-2.jpeg\" \/>\n\t<meta property=\"og:image:width\" content=\"183\" \/>\n\t<meta property=\"og:image:height\" content=\"275\" \/>\n\t<meta property=\"og:image:type\" content=\"image\/jpeg\" \/>\n<meta name=\"twitter:card\" content=\"summary_large_image\" \/>\n<meta name=\"twitter:label1\" content=\"Est. reading time\" \/>\n\t<meta name=\"twitter:data1\" content=\"2 minutes\" \/>\n<script type=\"application\/ld+json\" class=\"yoast-schema-graph\">{\"@context\":\"https:\/\/schema.org\",\"@graph\":[{\"@type\":\"WebPage\",\"@id\":\"https:\/\/inspiratio.ro\/produs\/san-ciocolata-cu-cafea-80g\/\",\"url\":\"https:\/\/inspiratio.ro\/produs\/san-ciocolata-cu-cafea-80g\/\",\"name\":\"SAN Ciocolat\u0103 cu cafea 80g - Inspiratio\",\"isPartOf\":{\"@id\":\"https:\/\/inspiratio.ro\/#website\"},\"primaryImageOfPage\":{\"@id\":\"https:\/\/inspiratio.ro\/produs\/san-ciocolata-cu-cafea-80g\/#primaryimage\"},\"image\":{\"@id\":\"https:\/\/inspiratio.ro\/produs\/san-ciocolata-cu-cafea-80g\/#primaryimage\"},\"thumbnailUrl\":\"https:\/\/inspiratio.ro\/wp-content\/uploads\/2023\/06\/download-2.jpeg\",\"datePublished\":\"2023-06-19T13:33:47+00:00\",\"dateModified\":\"2026-02-12T11:54:18+00:00\",\"breadcrumb\":{\"@id\":\"https:\/\/inspiratio.ro\/produs\/san-ciocolata-cu-cafea-80g\/#breadcrumb\"},\"inLanguage\":\"en-US\",\"potentialAction\":[{\"@type\":\"ReadAction\",\"target\":[\"https:\/\/inspiratio.ro\/produs\/san-ciocolata-cu-cafea-80g\/\"]}]},{\"@type\":\"ImageObject\",\"inLanguage\":\"en-US\",\"@id\":\"https:\/\/inspiratio.ro\/produs\/san-ciocolata-cu-cafea-80g\/#primaryimage\",\"url\":\"https:\/\/inspiratio.ro\/wp-content\/uploads\/2023\/06\/download-2.jpeg\",\"contentUrl\":\"https:\/\/inspiratio.ro\/wp-content\/uploads\/2023\/06\/download-2.jpeg\",\"width\":183,\"height\":275},{\"@type\":\"BreadcrumbList\",\"@id\":\"https:\/\/inspiratio.ro\/produs\/san-ciocolata-cu-cafea-80g\/#breadcrumb\",\"itemListElement\":[{\"@type\":\"ListItem\",\"position\":1,\"name\":\"Shop\",\"item\":\"https:\/\/inspiratio.ro\/magazin-cadouri\/\"},{\"@type\":\"ListItem\",\"position\":2,\"name\":\"SAN Ciocolat\u0103 cu cafea 80g\"}]},{\"@type\":\"WebSite\",\"@id\":\"https:\/\/inspiratio.ro\/#website\",\"url\":\"https:\/\/inspiratio.ro\/\",\"name\":\"Inspiratio\",\"description\":\"Las\u0103-te purtat de inspira\u021bie\",\"publisher\":{\"@id\":\"https:\/\/inspiratio.ro\/#organization\"},\"potentialAction\":[{\"@type\":\"SearchAction\",\"target\":{\"@type\":\"EntryPoint\",\"urlTemplate\":\"https:\/\/inspiratio.ro\/?s={search_term_string}\"},\"query-input\":{\"@type\":\"PropertyValueSpecification\",\"valueRequired\":true,\"valueName\":\"search_term_string\"}}],\"inLanguage\":\"en-US\"},{\"@type\":\"Organization\",\"@id\":\"https:\/\/inspiratio.ro\/#organization\",\"name\":\"Inspiratio\",\"url\":\"https:\/\/inspiratio.ro\/\",\"logo\":{\"@type\":\"ImageObject\",\"inLanguage\":\"en-US\",\"@id\":\"https:\/\/inspiratio.ro\/#\/schema\/logo\/image\/\",\"url\":\"https:\/\/inspiratio.ro\/wp-content\/uploads\/2020\/06\/logo-inspiratio.png\",\"contentUrl\":\"https:\/\/inspiratio.ro\/wp-content\/uploads\/2020\/06\/logo-inspiratio.png\",\"width\":232,\"height\":209,\"caption\":\"Inspiratio\"},\"image\":{\"@id\":\"https:\/\/inspiratio.ro\/#\/schema\/logo\/image\/\"},\"sameAs\":[\"https:\/\/www.facebook.com\/inspiratiogiftstudio\/\",\"https:\/\/www.instagram.com\/inspiratio_giftstudio\/\"]}]}<\/script>\n<!-- \/ Yoast SEO plugin. -->","yoast_head_json":{"title":"SAN Ciocolat\u0103 cu cafea 80g - Inspiratio","robots":{"index":"index","follow":"follow","max-snippet":"max-snippet:-1","max-image-preview":"max-image-preview:large","max-video-preview":"max-video-preview:-1"},"canonical":"https:\/\/inspiratio.ro\/produs\/san-ciocolata-cu-cafea-80g\/","og_locale":"en_US","og_type":"article","og_title":"SAN Ciocolat\u0103 cu cafea 80g - Inspiratio","og_description":"Ciocolat\u0103 cu lapte, cacao \u0219i gust de caramel. Manufactura ciocolatei este mai mult dec\u00e2t producerea de produse gustoase. Este o art\u0103 real\u0103 care necesit\u0103 pasiune \u0219i dedicare dincolo de cuno\u0219tin\u021bele exper\u021bilor. \u00cen atelier maestrul \u0219ef creeaz\u0103 cu pasiunea \u0219i \u00eengrijire deosebit\u0103 tablele de ciocolat\u0103 ad\u0103ug\u00e2ndu-le diferite fructe \u0219i plante medicinale. Produsele sunt f\u0103cute special din [&hellip;]","og_url":"https:\/\/inspiratio.ro\/produs\/san-ciocolata-cu-cafea-80g\/","og_site_name":"Inspiratio","article_publisher":"https:\/\/www.facebook.com\/inspiratiogiftstudio\/","article_modified_time":"2026-02-12T11:54:18+00:00","og_image":[{"width":183,"height":275,"url":"https:\/\/inspiratio.ro\/wp-content\/uploads\/2023\/06\/download-2.jpeg","type":"image\/jpeg"}],"twitter_card":"summary_large_image","twitter_misc":{"Est. reading time":"2 minutes"},"schema":{"@context":"https:\/\/schema.org","@graph":[{"@type":"WebPage","@id":"https:\/\/inspiratio.ro\/produs\/san-ciocolata-cu-cafea-80g\/","url":"https:\/\/inspiratio.ro\/produs\/san-ciocolata-cu-cafea-80g\/","name":"SAN Ciocolat\u0103 cu cafea 80g - Inspiratio","isPartOf":{"@id":"https:\/\/inspiratio.ro\/#website"},"primaryImageOfPage":{"@id":"https:\/\/inspiratio.ro\/produs\/san-ciocolata-cu-cafea-80g\/#primaryimage"},"image":{"@id":"https:\/\/inspiratio.ro\/produs\/san-ciocolata-cu-cafea-80g\/#primaryimage"},"thumbnailUrl":"https:\/\/inspiratio.ro\/wp-content\/uploads\/2023\/06\/download-2.jpeg","datePublished":"2023-06-19T13:33:47+00:00","dateModified":"2026-02-12T11:54:18+00:00","breadcrumb":{"@id":"https:\/\/inspiratio.ro\/produs\/san-ciocolata-cu-cafea-80g\/#breadcrumb"},"inLanguage":"en-US","potentialAction":[{"@type":"ReadAction","target":["https:\/\/inspiratio.ro\/produs\/san-ciocolata-cu-cafea-80g\/"]}]},{"@type":"ImageObject","inLanguage":"en-US","@id":"https:\/\/inspiratio.ro\/produs\/san-ciocolata-cu-cafea-80g\/#primaryimage","url":"https:\/\/inspiratio.ro\/wp-content\/uploads\/2023\/06\/download-2.jpeg","contentUrl":"https:\/\/inspiratio.ro\/wp-content\/uploads\/2023\/06\/download-2.jpeg","width":183,"height":275},{"@type":"BreadcrumbList","@id":"https:\/\/inspiratio.ro\/produs\/san-ciocolata-cu-cafea-80g\/#breadcrumb","itemListElement":[{"@type":"ListItem","position":1,"name":"Shop","item":"https:\/\/inspiratio.ro\/magazin-cadouri\/"},{"@type":"ListItem","position":2,"name":"SAN Ciocolat\u0103 cu cafea 80g"}]},{"@type":"WebSite","@id":"https:\/\/inspiratio.ro\/#website","url":"https:\/\/inspiratio.ro\/","name":"Inspiratio","description":"Las\u0103-te purtat de inspira\u021bie","publisher":{"@id":"https:\/\/inspiratio.ro\/#organization"},"potentialAction":[{"@type":"SearchAction","target":{"@type":"EntryPoint","urlTemplate":"https:\/\/inspiratio.ro\/?s={search_term_string}"},"query-input":{"@type":"PropertyValueSpecification","valueRequired":true,"valueName":"search_term_string"}}],"inLanguage":"en-US"},{"@type":"Organization","@id":"https:\/\/inspiratio.ro\/#organization","name":"Inspiratio","url":"https:\/\/inspiratio.ro\/","logo":{"@type":"ImageObject","inLanguage":"en-US","@id":"https:\/\/inspiratio.ro\/#\/schema\/logo\/image\/","url":"https:\/\/inspiratio.ro\/wp-content\/uploads\/2020\/06\/logo-inspiratio.png","contentUrl":"https:\/\/inspiratio.ro\/wp-content\/uploads\/2020\/06\/logo-inspiratio.png","width":232,"height":209,"caption":"Inspiratio"},"image":{"@id":"https:\/\/inspiratio.ro\/#\/schema\/logo\/image\/"},"sameAs":["https:\/\/www.facebook.com\/inspiratiogiftstudio\/","https:\/\/www.instagram.com\/inspiratio_giftstudio\/"]}]}},"brands":[{"id":189,"name":"Berri K\u00e9zm\u0171ves Csokol\u00e1d\u00e9","slug":"berri-kezmuves-csokolade"}],"_links":{"self":[{"href":"https:\/\/inspiratio.ro\/en\/wp-json\/wp\/v2\/product\/5593","targetHints":{"allow":["GET"]}}],"collection":[{"href":"https:\/\/inspiratio.ro\/en\/wp-json\/wp\/v2\/product"}],"about":[{"href":"https:\/\/inspiratio.ro\/en\/wp-json\/wp\/v2\/types\/product"}],"replies":[{"embeddable":true,"href":"https:\/\/inspiratio.ro\/en\/wp-json\/wp\/v2\/comments?post=5593"}],"wp:featuredmedia":[{"embeddable":true,"href":"https:\/\/inspiratio.ro\/en\/wp-json\/wp\/v2\/media\/5611"}],"wp:attachment":[{"href":"https:\/\/inspiratio.ro\/en\/wp-json\/wp\/v2\/media?parent=5593"}],"wp:term":[{"taxonomy":"pwb-brand","embeddable":true,"href":"https:\/\/inspiratio.ro\/en\/wp-json\/wp\/v2\/pwb-brand?post=5593"},{"taxonomy":"product_brand","embeddable":true,"href":"https:\/\/inspiratio.ro\/en\/wp-json\/wp\/v2\/product_brand?post=5593"},{"taxonomy":"product_cat","embeddable":true,"href":"https:\/\/inspiratio.ro\/en\/wp-json\/wp\/v2\/product_cat?post=5593"},{"taxonomy":"product_tag","embeddable":true,"href":"https:\/\/inspiratio.ro\/en\/wp-json\/wp\/v2\/product_tag?post=5593"}],"curies":[{"name":"wp","href":"https:\/\/api.w.org\/{rel}","templated":true}]}}