{"id":5544,"date":"2023-06-19T10:19:59","date_gmt":"2023-06-19T07:19:59","guid":{"rendered":"https:\/\/inspiratio.ro\/?post_type=product&#038;p=5544"},"modified":"2023-06-19T12:49:18","modified_gmt":"2023-06-19T09:49:18","slug":"cly-colier-aromaterapie","status":"publish","type":"product","link":"https:\/\/inspiratio.ro\/en\/produs\/cly-colier-aromaterapie\/","title":{"rendered":"Colier aromaterapie"},"content":{"rendered":"<p>Clay Play ofer\u0103 dou\u0103 tipuri de coliere, respectiv din lut ro\u0219u \u0219i din lut negru.<\/p>\n<p><strong>Colier lucrat manual din lut ro\u0219u<\/strong>, ars la 950 grade. Colierul este neglazurat put\u00e2nd fi folosit pentru aromoterapie prin picurarea uleiului esen\u021bial.<\/p>\n<p>Dimensiuni aprox 4 -5 cm<\/p>\n<p><strong>Colier lucrat manual din lut negru,<\/strong> ars la 1040 grade. Colierul este glazurat pe o singur\u0103 parte, put\u00e2nd fi folosit \u0219i pentru aromoterapie prin picurarea uleiului esen\u021bial pe partea din spate care este neglazurat\u0103.<\/p>\n<p>Diametru aprox 2 \u2013 2.5 cm<\/p>\n<p>&nbsp;<\/p>\n<div class=\"woocommerce-tabs wc-tabs-wrapper\">\n<div id=\"tab-description\" class=\"woocommerce-Tabs-panel woocommerce-Tabs-panel--description panel entry-content wc-tab\" role=\"tabpanel\" aria-labelledby=\"tab-title-description\">\n<p>Pute\u021bi difuza uleiurile \u00een mod natural \u00een cas\u0103 sau birou, pur \u0219i simplu ad\u0103ug\u00e2nd 1-4 pic\u0103turi de ulei esen\u021bial pe argil\u0103. 5-8 pic\u0103turi v\u0103 vor oferi cele mai bune rezultate.<\/p>\n<p>Pentru prima dat\u0103, va fi nevoie de pu\u021bin mai multe pic\u0103turi, dar cu fiecare utilizare, pute\u021bi reduce num\u0103rul sau pic\u0103turile dup\u0103 preferin\u021ba dvs.<\/p>\n<p>Un cadou perfect pentru tine \u0219i prietenii t\u0103i!<\/p>\n<p>NOT\u0102<\/p>\n<ul>\n<li>Difuzoarele sunt realizate manual, astfel \u00eenc\u00e2t grosimea fiec\u0103rei piese poate varia u\u0219or.<\/li>\n<li>\u021aine\u021bi difuzoarele departe de ap\u0103.<\/li>\n<li>Aroma se va disipa \u00een timp pe m\u0103sur\u0103 ce uleiul esen\u021bial se difuzeaz\u0103 \u00een aer.<\/li>\n<li>O u\u0219oar\u0103 decolorare este normal\u0103 acolo unde se adaug\u0103 ulei esen\u021bial, \u00een func\u021bie de calitatea uleiului. Nu afecteaz\u0103 performan\u021ba.<\/li>\n<li>Nu este nevoie s\u0103 sp\u0103la\u021bi \u00eentre utiliz\u0103ri, pur \u0219i simplu l\u0103sa\u021bi uleiurile s\u0103 se difuzeze. Pute\u021bi \u00eendep\u0103rta praful cu o c\u00e2rp\u0103 uscat\u0103 sau cu un prosop de h\u00e2rtie \u00eenainte de a ad\u0103uga mai multe uleiuri esen\u021biale.<\/li>\n<\/ul>\n<p>La INSPIRATIO stocurile sunt mereu reduse pentru c\u0103 lucr\u0103m cu artizani \u0219i designeri care manufactureaz\u0103 fiecare produs \u00een parte.<\/p>\n<p>Av\u00e2nd \u00een vedere diversitatea modelelor \u0219i culorilor disponibile \u00een magazin, v\u0103 rug\u0103m s\u0103 ne contacta\u021bi telefonic\/Whatsapp pentru a v\u0103 putea sprijini \u00een alegerea produsului dorit.<\/p>\n<\/div>\n<\/div>\n","protected":false},"excerpt":{"rendered":"<p>Clay Play ofer\u0103 dou\u0103 tipuri de coliere, respectiv din lut ro\u0219u \u0219i din lut negru. Colier lucrat manual din lut ro\u0219u, ars la 950 grade. Colierul este neglazurat put\u00e2nd fi folosit pentru aromoterapie prin picurarea uleiului esen\u021bial. Dimensiuni aprox 4 -5 cm Colier lucrat manual din lut negru, ars la 1040 grade. Colierul este glazurat [&hellip;]<\/p>\n","protected":false},"featured_media":5550,"comment_status":"open","ping_status":"closed","template":"","meta":[],"pwb-brand":[187],"product_brand":[],"product_cat":[49,87,18],"product_tag":[],"class_list":{"0":"post-5544","1":"product","2":"type-product","3":"status-publish","4":"has-post-thumbnail","6":"pwb-brand-clay-play","7":"product_cat-home-and-deco","8":"product_cat-to-wear","9":"product_cat-bijuterie-contemporana","11":"first","12":"instock","13":"taxable","14":"shipping-taxable","15":"purchasable","16":"product-type-simple"},"yoast_head":"<!-- This site is optimized with the Yoast SEO plugin v26.9 - https:\/\/yoast.com\/product\/yoast-seo-wordpress\/ -->\n<title>CLY Colier aromaterapie - Inspiratio<\/title>\n<meta name=\"robots\" content=\"index, follow, max-snippet:-1, max-image-preview:large, max-video-preview:-1\" \/>\n<link rel=\"canonical\" href=\"https:\/\/inspiratio.ro\/produs\/cly-colier-aromaterapie\/\" \/>\n<meta property=\"og:locale\" content=\"en_US\" \/>\n<meta property=\"og:type\" content=\"article\" \/>\n<meta property=\"og:title\" content=\"CLY Colier aromaterapie - Inspiratio\" \/>\n<meta property=\"og:description\" content=\"Clay Play ofer\u0103 dou\u0103 tipuri de coliere, respectiv din lut ro\u0219u \u0219i din lut negru. Colier lucrat manual din lut ro\u0219u, ars la 950 grade. Colierul este neglazurat put\u00e2nd fi folosit pentru aromoterapie prin picurarea uleiului esen\u021bial. Dimensiuni aprox 4 -5 cm Colier lucrat manual din lut negru, ars la 1040 grade. Colierul este glazurat [&hellip;]\" \/>\n<meta property=\"og:url\" content=\"https:\/\/inspiratio.ro\/produs\/cly-colier-aromaterapie\/\" \/>\n<meta property=\"og:site_name\" content=\"Inspiratio\" \/>\n<meta property=\"article:publisher\" content=\"https:\/\/www.facebook.com\/inspiratiogiftstudio\/\" \/>\n<meta property=\"article:modified_time\" content=\"2023-06-19T09:49:18+00:00\" \/>\n<meta property=\"og:image\" content=\"https:\/\/inspiratio.ro\/wp-content\/uploads\/2023\/06\/Clay-Play-41-2.jpg\" \/>\n\t<meta property=\"og:image:width\" content=\"2048\" \/>\n\t<meta property=\"og:image:height\" content=\"2048\" \/>\n\t<meta property=\"og:image:type\" content=\"image\/jpeg\" \/>\n<meta name=\"twitter:card\" content=\"summary_large_image\" \/>\n<meta name=\"twitter:label1\" content=\"Est. reading time\" \/>\n\t<meta name=\"twitter:data1\" content=\"2 minutes\" \/>\n<script type=\"application\/ld+json\" class=\"yoast-schema-graph\">{\"@context\":\"https:\/\/schema.org\",\"@graph\":[{\"@type\":\"WebPage\",\"@id\":\"https:\/\/inspiratio.ro\/produs\/cly-colier-aromaterapie\/\",\"url\":\"https:\/\/inspiratio.ro\/produs\/cly-colier-aromaterapie\/\",\"name\":\"CLY Colier aromaterapie - Inspiratio\",\"isPartOf\":{\"@id\":\"https:\/\/inspiratio.ro\/#website\"},\"primaryImageOfPage\":{\"@id\":\"https:\/\/inspiratio.ro\/produs\/cly-colier-aromaterapie\/#primaryimage\"},\"image\":{\"@id\":\"https:\/\/inspiratio.ro\/produs\/cly-colier-aromaterapie\/#primaryimage\"},\"thumbnailUrl\":\"https:\/\/inspiratio.ro\/wp-content\/uploads\/2023\/06\/Clay-Play-41-2.jpg\",\"datePublished\":\"2023-06-19T07:19:59+00:00\",\"dateModified\":\"2023-06-19T09:49:18+00:00\",\"breadcrumb\":{\"@id\":\"https:\/\/inspiratio.ro\/produs\/cly-colier-aromaterapie\/#breadcrumb\"},\"inLanguage\":\"en-US\",\"potentialAction\":[{\"@type\":\"ReadAction\",\"target\":[\"https:\/\/inspiratio.ro\/produs\/cly-colier-aromaterapie\/\"]}]},{\"@type\":\"ImageObject\",\"inLanguage\":\"en-US\",\"@id\":\"https:\/\/inspiratio.ro\/produs\/cly-colier-aromaterapie\/#primaryimage\",\"url\":\"https:\/\/inspiratio.ro\/wp-content\/uploads\/2023\/06\/Clay-Play-41-2.jpg\",\"contentUrl\":\"https:\/\/inspiratio.ro\/wp-content\/uploads\/2023\/06\/Clay-Play-41-2.jpg\",\"width\":2048,\"height\":2048},{\"@type\":\"BreadcrumbList\",\"@id\":\"https:\/\/inspiratio.ro\/produs\/cly-colier-aromaterapie\/#breadcrumb\",\"itemListElement\":[{\"@type\":\"ListItem\",\"position\":1,\"name\":\"Shop\",\"item\":\"https:\/\/inspiratio.ro\/magazin-cadouri\/\"},{\"@type\":\"ListItem\",\"position\":2,\"name\":\"CLY Colier aromaterapie\"}]},{\"@type\":\"WebSite\",\"@id\":\"https:\/\/inspiratio.ro\/#website\",\"url\":\"https:\/\/inspiratio.ro\/\",\"name\":\"Inspiratio\",\"description\":\"Las\u0103-te purtat de inspira\u021bie\",\"publisher\":{\"@id\":\"https:\/\/inspiratio.ro\/#organization\"},\"potentialAction\":[{\"@type\":\"SearchAction\",\"target\":{\"@type\":\"EntryPoint\",\"urlTemplate\":\"https:\/\/inspiratio.ro\/?s={search_term_string}\"},\"query-input\":{\"@type\":\"PropertyValueSpecification\",\"valueRequired\":true,\"valueName\":\"search_term_string\"}}],\"inLanguage\":\"en-US\"},{\"@type\":\"Organization\",\"@id\":\"https:\/\/inspiratio.ro\/#organization\",\"name\":\"Inspiratio\",\"url\":\"https:\/\/inspiratio.ro\/\",\"logo\":{\"@type\":\"ImageObject\",\"inLanguage\":\"en-US\",\"@id\":\"https:\/\/inspiratio.ro\/#\/schema\/logo\/image\/\",\"url\":\"https:\/\/inspiratio.ro\/wp-content\/uploads\/2020\/06\/logo-inspiratio.png\",\"contentUrl\":\"https:\/\/inspiratio.ro\/wp-content\/uploads\/2020\/06\/logo-inspiratio.png\",\"width\":232,\"height\":209,\"caption\":\"Inspiratio\"},\"image\":{\"@id\":\"https:\/\/inspiratio.ro\/#\/schema\/logo\/image\/\"},\"sameAs\":[\"https:\/\/www.facebook.com\/inspiratiogiftstudio\/\",\"https:\/\/www.instagram.com\/inspiratio_giftstudio\/\"]}]}<\/script>\n<!-- \/ Yoast SEO plugin. -->","yoast_head_json":{"title":"CLY Colier aromaterapie - Inspiratio","robots":{"index":"index","follow":"follow","max-snippet":"max-snippet:-1","max-image-preview":"max-image-preview:large","max-video-preview":"max-video-preview:-1"},"canonical":"https:\/\/inspiratio.ro\/produs\/cly-colier-aromaterapie\/","og_locale":"en_US","og_type":"article","og_title":"CLY Colier aromaterapie - Inspiratio","og_description":"Clay Play ofer\u0103 dou\u0103 tipuri de coliere, respectiv din lut ro\u0219u \u0219i din lut negru. Colier lucrat manual din lut ro\u0219u, ars la 950 grade. Colierul este neglazurat put\u00e2nd fi folosit pentru aromoterapie prin picurarea uleiului esen\u021bial. Dimensiuni aprox 4 -5 cm Colier lucrat manual din lut negru, ars la 1040 grade. Colierul este glazurat [&hellip;]","og_url":"https:\/\/inspiratio.ro\/produs\/cly-colier-aromaterapie\/","og_site_name":"Inspiratio","article_publisher":"https:\/\/www.facebook.com\/inspiratiogiftstudio\/","article_modified_time":"2023-06-19T09:49:18+00:00","og_image":[{"width":2048,"height":2048,"url":"https:\/\/inspiratio.ro\/wp-content\/uploads\/2023\/06\/Clay-Play-41-2.jpg","type":"image\/jpeg"}],"twitter_card":"summary_large_image","twitter_misc":{"Est. reading time":"2 minutes"},"schema":{"@context":"https:\/\/schema.org","@graph":[{"@type":"WebPage","@id":"https:\/\/inspiratio.ro\/produs\/cly-colier-aromaterapie\/","url":"https:\/\/inspiratio.ro\/produs\/cly-colier-aromaterapie\/","name":"CLY Colier aromaterapie - Inspiratio","isPartOf":{"@id":"https:\/\/inspiratio.ro\/#website"},"primaryImageOfPage":{"@id":"https:\/\/inspiratio.ro\/produs\/cly-colier-aromaterapie\/#primaryimage"},"image":{"@id":"https:\/\/inspiratio.ro\/produs\/cly-colier-aromaterapie\/#primaryimage"},"thumbnailUrl":"https:\/\/inspiratio.ro\/wp-content\/uploads\/2023\/06\/Clay-Play-41-2.jpg","datePublished":"2023-06-19T07:19:59+00:00","dateModified":"2023-06-19T09:49:18+00:00","breadcrumb":{"@id":"https:\/\/inspiratio.ro\/produs\/cly-colier-aromaterapie\/#breadcrumb"},"inLanguage":"en-US","potentialAction":[{"@type":"ReadAction","target":["https:\/\/inspiratio.ro\/produs\/cly-colier-aromaterapie\/"]}]},{"@type":"ImageObject","inLanguage":"en-US","@id":"https:\/\/inspiratio.ro\/produs\/cly-colier-aromaterapie\/#primaryimage","url":"https:\/\/inspiratio.ro\/wp-content\/uploads\/2023\/06\/Clay-Play-41-2.jpg","contentUrl":"https:\/\/inspiratio.ro\/wp-content\/uploads\/2023\/06\/Clay-Play-41-2.jpg","width":2048,"height":2048},{"@type":"BreadcrumbList","@id":"https:\/\/inspiratio.ro\/produs\/cly-colier-aromaterapie\/#breadcrumb","itemListElement":[{"@type":"ListItem","position":1,"name":"Shop","item":"https:\/\/inspiratio.ro\/magazin-cadouri\/"},{"@type":"ListItem","position":2,"name":"CLY Colier aromaterapie"}]},{"@type":"WebSite","@id":"https:\/\/inspiratio.ro\/#website","url":"https:\/\/inspiratio.ro\/","name":"Inspiratio","description":"Las\u0103-te purtat de inspira\u021bie","publisher":{"@id":"https:\/\/inspiratio.ro\/#organization"},"potentialAction":[{"@type":"SearchAction","target":{"@type":"EntryPoint","urlTemplate":"https:\/\/inspiratio.ro\/?s={search_term_string}"},"query-input":{"@type":"PropertyValueSpecification","valueRequired":true,"valueName":"search_term_string"}}],"inLanguage":"en-US"},{"@type":"Organization","@id":"https:\/\/inspiratio.ro\/#organization","name":"Inspiratio","url":"https:\/\/inspiratio.ro\/","logo":{"@type":"ImageObject","inLanguage":"en-US","@id":"https:\/\/inspiratio.ro\/#\/schema\/logo\/image\/","url":"https:\/\/inspiratio.ro\/wp-content\/uploads\/2020\/06\/logo-inspiratio.png","contentUrl":"https:\/\/inspiratio.ro\/wp-content\/uploads\/2020\/06\/logo-inspiratio.png","width":232,"height":209,"caption":"Inspiratio"},"image":{"@id":"https:\/\/inspiratio.ro\/#\/schema\/logo\/image\/"},"sameAs":["https:\/\/www.facebook.com\/inspiratiogiftstudio\/","https:\/\/www.instagram.com\/inspiratio_giftstudio\/"]}]}},"brands":[{"id":187,"name":"Clay Play","slug":"clay-play"}],"_links":{"self":[{"href":"https:\/\/inspiratio.ro\/en\/wp-json\/wp\/v2\/product\/5544","targetHints":{"allow":["GET"]}}],"collection":[{"href":"https:\/\/inspiratio.ro\/en\/wp-json\/wp\/v2\/product"}],"about":[{"href":"https:\/\/inspiratio.ro\/en\/wp-json\/wp\/v2\/types\/product"}],"replies":[{"embeddable":true,"href":"https:\/\/inspiratio.ro\/en\/wp-json\/wp\/v2\/comments?post=5544"}],"wp:featuredmedia":[{"embeddable":true,"href":"https:\/\/inspiratio.ro\/en\/wp-json\/wp\/v2\/media\/5550"}],"wp:attachment":[{"href":"https:\/\/inspiratio.ro\/en\/wp-json\/wp\/v2\/media?parent=5544"}],"wp:term":[{"taxonomy":"pwb-brand","embeddable":true,"href":"https:\/\/inspiratio.ro\/en\/wp-json\/wp\/v2\/pwb-brand?post=5544"},{"taxonomy":"product_brand","embeddable":true,"href":"https:\/\/inspiratio.ro\/en\/wp-json\/wp\/v2\/product_brand?post=5544"},{"taxonomy":"product_cat","embeddable":true,"href":"https:\/\/inspiratio.ro\/en\/wp-json\/wp\/v2\/product_cat?post=5544"},{"taxonomy":"product_tag","embeddable":true,"href":"https:\/\/inspiratio.ro\/en\/wp-json\/wp\/v2\/product_tag?post=5544"}],"curies":[{"name":"wp","href":"https:\/\/api.w.org\/{rel}","templated":true}]}}