{"id":5486,"date":"2023-05-08T14:00:06","date_gmt":"2023-05-08T11:00:06","guid":{"rendered":"https:\/\/inspiratio.ro\/?post_type=product&#038;p=5486"},"modified":"2024-12-15T14:57:11","modified_gmt":"2024-12-15T12:57:11","slug":"arr-puzzle-gentlemen","status":"publish","type":"product","link":"https:\/\/inspiratio.ro\/en\/produs\/arr-puzzle-gentlemen\/","title":{"rendered":"Puzzle Gentlemen"},"content":{"rendered":"<h3>Despre jocul puzzle<\/h3>\n<p>Rezolvarea problemelor, oricare ar fi natura lor, presupune logic\u0103, concentrare, comunicare, perseveren\u021b\u0103 \u0219i r\u0103bdare.<\/p>\n<p>Aceste abilit\u0103\u021bi (importante \u00een via\u021ba noastr\u0103, ca adul\u021bi dar \u0219i \u00een cea a copiilor) pot fi antrenate pe termen lung prin experian\u021ba acumulat\u0103 sau prin exerci\u021bii cu jocuri tip puzzle.<\/p>\n<p>Puzzle-ul este cel mai educativ joc pe care l-ar putea avea un copil, un cadou inspirat de fiecare dat\u0103, indiferent de v\u00e2rst\u0103!<\/p>\n<p>&nbsp;<\/p>\n<h3><strong>Seria Gentleman Puzzle<\/strong><\/h3>\n<p>At\u00e2t Hipsterul cool, c\u00e2t \u0219i elegantul Dapper pot fi cadourile perfecte pentru oricare dintre colegii de la birou sau pentru prietenii t\u0103i.<\/p>\n<p>Puzzle-ul este format dintr-o \u00een\u0219iruire de cuburi din lemn pe o sfoar\u0103 elastic\u0103.<\/p>\n<p>\u00cen forma ini\u021bial\u0103 reprezint\u0103 un om, Dapper respectiv Hipster, iar provocarea const\u0103 \u00een trasformarea Dapperului\/Hipsterului \u00eentr-un cub \u0219i apoi din nou \u00eenapoi \u00een forma ini\u021bial\u0103.<\/p>\n<p>&nbsp;<\/p>\n<h3>The Dapper\/ The\u00a0Hipster<\/h3>\n<p>1. Provoac\u0103-\u021bi prietenii s\u0103 g\u0103seasc\u0103 metoda de a transforma Dapperul\/Hipsterul \u00eentr-un cub!<\/p>\n<p>Grad dificultate: foarte dificil<\/p>\n<p>2. Transform\u0103 cubul \u00een Dapper\/Hipster!<\/p>\n<p>Grad dificultate: u\u0219or!<\/p>\n<p>&nbsp;<\/p>\n<p>Testeaz\u0103-\u021bi capacitatea de a rezolva probleme, r\u0103bdarea! Dezvolt\u0103-\u021bi imagina\u021bia \u0219i \u00eendem\u00e2narea.<\/p>\n<p>V\u00e2rst\u0103 recomandat\u0103: 4-99 ani<\/p>\n","protected":false},"excerpt":{"rendered":"<p>Despre jocul puzzle Rezolvarea problemelor, oricare ar fi natura lor, presupune logic\u0103, concentrare, comunicare, perseveren\u021b\u0103 \u0219i r\u0103bdare. Aceste abilit\u0103\u021bi (importante \u00een via\u021ba noastr\u0103, ca adul\u021bi dar \u0219i \u00een cea a copiilor) pot fi antrenate pe termen lung prin experian\u021ba acumulat\u0103 sau prin exerci\u021bii cu jocuri tip puzzle. Puzzle-ul este cel mai educativ joc pe care [&hellip;]<\/p>\n","protected":false},"featured_media":5447,"comment_status":"open","ping_status":"closed","template":"","meta":[],"pwb-brand":[185],"product_brand":[],"product_cat":[89,55],"product_tag":[186],"class_list":{"0":"post-5486","1":"product","2":"type-product","3":"status-publish","4":"has-post-thumbnail","6":"pwb-brand-professorpuzzle","7":"product_cat-cadouri-pentru-copii","8":"product_cat-hobby-and-travel","9":"product_tag-joc","11":"first","12":"instock","13":"taxable","14":"shipping-taxable","15":"purchasable","16":"product-type-simple"},"yoast_head":"<!-- This site is optimized with the Yoast SEO plugin v26.9 - https:\/\/yoast.com\/product\/yoast-seo-wordpress\/ -->\n<title>ARR Puzzle Gentlemen - Inspiratio<\/title>\n<meta name=\"description\" content=\"ARR Puzzle Gentlemen\" \/>\n<meta name=\"robots\" content=\"index, follow, max-snippet:-1, max-image-preview:large, max-video-preview:-1\" \/>\n<link rel=\"canonical\" href=\"https:\/\/inspiratio.ro\/produs\/arr-puzzle-gentlemen\/\" \/>\n<meta property=\"og:locale\" content=\"en_US\" \/>\n<meta property=\"og:type\" content=\"article\" \/>\n<meta property=\"og:title\" content=\"ARR Puzzle Gentlemen - Inspiratio\" \/>\n<meta property=\"og:description\" content=\"ARR Puzzle Gentlemen\" \/>\n<meta property=\"og:url\" content=\"https:\/\/inspiratio.ro\/produs\/arr-puzzle-gentlemen\/\" \/>\n<meta property=\"og:site_name\" content=\"Inspiratio\" \/>\n<meta property=\"article:publisher\" content=\"https:\/\/www.facebook.com\/inspiratiogiftstudio\/\" \/>\n<meta property=\"article:modified_time\" content=\"2024-12-15T12:57:11+00:00\" \/>\n<meta property=\"og:image\" content=\"https:\/\/inspiratio.ro\/wp-content\/uploads\/2023\/05\/PP_PuzzleGentlemen_GroupShot_2018-1-660x660-1.jpg\" \/>\n\t<meta property=\"og:image:width\" content=\"660\" \/>\n\t<meta property=\"og:image:height\" content=\"568\" \/>\n\t<meta property=\"og:image:type\" content=\"image\/jpeg\" \/>\n<meta name=\"twitter:card\" content=\"summary_large_image\" \/>\n<meta name=\"twitter:label1\" content=\"Est. reading time\" \/>\n\t<meta name=\"twitter:data1\" content=\"2 minutes\" \/>\n<script type=\"application\/ld+json\" class=\"yoast-schema-graph\">{\"@context\":\"https:\/\/schema.org\",\"@graph\":[{\"@type\":\"WebPage\",\"@id\":\"https:\/\/inspiratio.ro\/produs\/arr-puzzle-gentlemen\/\",\"url\":\"https:\/\/inspiratio.ro\/produs\/arr-puzzle-gentlemen\/\",\"name\":\"ARR Puzzle Gentlemen - Inspiratio\",\"isPartOf\":{\"@id\":\"https:\/\/inspiratio.ro\/#website\"},\"primaryImageOfPage\":{\"@id\":\"https:\/\/inspiratio.ro\/produs\/arr-puzzle-gentlemen\/#primaryimage\"},\"image\":{\"@id\":\"https:\/\/inspiratio.ro\/produs\/arr-puzzle-gentlemen\/#primaryimage\"},\"thumbnailUrl\":\"https:\/\/inspiratio.ro\/wp-content\/uploads\/2023\/05\/PP_PuzzleGentlemen_GroupShot_2018-1-660x660-1.jpg\",\"datePublished\":\"2023-05-08T11:00:06+00:00\",\"dateModified\":\"2024-12-15T12:57:11+00:00\",\"description\":\"ARR Puzzle Gentlemen\",\"breadcrumb\":{\"@id\":\"https:\/\/inspiratio.ro\/produs\/arr-puzzle-gentlemen\/#breadcrumb\"},\"inLanguage\":\"en-US\",\"potentialAction\":[{\"@type\":\"ReadAction\",\"target\":[\"https:\/\/inspiratio.ro\/produs\/arr-puzzle-gentlemen\/\"]}]},{\"@type\":\"ImageObject\",\"inLanguage\":\"en-US\",\"@id\":\"https:\/\/inspiratio.ro\/produs\/arr-puzzle-gentlemen\/#primaryimage\",\"url\":\"https:\/\/inspiratio.ro\/wp-content\/uploads\/2023\/05\/PP_PuzzleGentlemen_GroupShot_2018-1-660x660-1.jpg\",\"contentUrl\":\"https:\/\/inspiratio.ro\/wp-content\/uploads\/2023\/05\/PP_PuzzleGentlemen_GroupShot_2018-1-660x660-1.jpg\",\"width\":660,\"height\":568},{\"@type\":\"BreadcrumbList\",\"@id\":\"https:\/\/inspiratio.ro\/produs\/arr-puzzle-gentlemen\/#breadcrumb\",\"itemListElement\":[{\"@type\":\"ListItem\",\"position\":1,\"name\":\"Shop\",\"item\":\"https:\/\/inspiratio.ro\/magazin-cadouri\/\"},{\"@type\":\"ListItem\",\"position\":2,\"name\":\"ARR Puzzle Gentlemen\"}]},{\"@type\":\"WebSite\",\"@id\":\"https:\/\/inspiratio.ro\/#website\",\"url\":\"https:\/\/inspiratio.ro\/\",\"name\":\"Inspiratio\",\"description\":\"Las\u0103-te purtat de inspira\u021bie\",\"publisher\":{\"@id\":\"https:\/\/inspiratio.ro\/#organization\"},\"potentialAction\":[{\"@type\":\"SearchAction\",\"target\":{\"@type\":\"EntryPoint\",\"urlTemplate\":\"https:\/\/inspiratio.ro\/?s={search_term_string}\"},\"query-input\":{\"@type\":\"PropertyValueSpecification\",\"valueRequired\":true,\"valueName\":\"search_term_string\"}}],\"inLanguage\":\"en-US\"},{\"@type\":\"Organization\",\"@id\":\"https:\/\/inspiratio.ro\/#organization\",\"name\":\"Inspiratio\",\"url\":\"https:\/\/inspiratio.ro\/\",\"logo\":{\"@type\":\"ImageObject\",\"inLanguage\":\"en-US\",\"@id\":\"https:\/\/inspiratio.ro\/#\/schema\/logo\/image\/\",\"url\":\"https:\/\/inspiratio.ro\/wp-content\/uploads\/2020\/06\/logo-inspiratio.png\",\"contentUrl\":\"https:\/\/inspiratio.ro\/wp-content\/uploads\/2020\/06\/logo-inspiratio.png\",\"width\":232,\"height\":209,\"caption\":\"Inspiratio\"},\"image\":{\"@id\":\"https:\/\/inspiratio.ro\/#\/schema\/logo\/image\/\"},\"sameAs\":[\"https:\/\/www.facebook.com\/inspiratiogiftstudio\/\",\"https:\/\/www.instagram.com\/inspiratio_giftstudio\/\"]}]}<\/script>\n<!-- \/ Yoast SEO plugin. -->","yoast_head_json":{"title":"ARR Puzzle Gentlemen - Inspiratio","description":"ARR Puzzle Gentlemen","robots":{"index":"index","follow":"follow","max-snippet":"max-snippet:-1","max-image-preview":"max-image-preview:large","max-video-preview":"max-video-preview:-1"},"canonical":"https:\/\/inspiratio.ro\/produs\/arr-puzzle-gentlemen\/","og_locale":"en_US","og_type":"article","og_title":"ARR Puzzle Gentlemen - Inspiratio","og_description":"ARR Puzzle Gentlemen","og_url":"https:\/\/inspiratio.ro\/produs\/arr-puzzle-gentlemen\/","og_site_name":"Inspiratio","article_publisher":"https:\/\/www.facebook.com\/inspiratiogiftstudio\/","article_modified_time":"2024-12-15T12:57:11+00:00","og_image":[{"width":660,"height":568,"url":"https:\/\/inspiratio.ro\/wp-content\/uploads\/2023\/05\/PP_PuzzleGentlemen_GroupShot_2018-1-660x660-1.jpg","type":"image\/jpeg"}],"twitter_card":"summary_large_image","twitter_misc":{"Est. reading time":"2 minutes"},"schema":{"@context":"https:\/\/schema.org","@graph":[{"@type":"WebPage","@id":"https:\/\/inspiratio.ro\/produs\/arr-puzzle-gentlemen\/","url":"https:\/\/inspiratio.ro\/produs\/arr-puzzle-gentlemen\/","name":"ARR Puzzle Gentlemen - Inspiratio","isPartOf":{"@id":"https:\/\/inspiratio.ro\/#website"},"primaryImageOfPage":{"@id":"https:\/\/inspiratio.ro\/produs\/arr-puzzle-gentlemen\/#primaryimage"},"image":{"@id":"https:\/\/inspiratio.ro\/produs\/arr-puzzle-gentlemen\/#primaryimage"},"thumbnailUrl":"https:\/\/inspiratio.ro\/wp-content\/uploads\/2023\/05\/PP_PuzzleGentlemen_GroupShot_2018-1-660x660-1.jpg","datePublished":"2023-05-08T11:00:06+00:00","dateModified":"2024-12-15T12:57:11+00:00","description":"ARR Puzzle Gentlemen","breadcrumb":{"@id":"https:\/\/inspiratio.ro\/produs\/arr-puzzle-gentlemen\/#breadcrumb"},"inLanguage":"en-US","potentialAction":[{"@type":"ReadAction","target":["https:\/\/inspiratio.ro\/produs\/arr-puzzle-gentlemen\/"]}]},{"@type":"ImageObject","inLanguage":"en-US","@id":"https:\/\/inspiratio.ro\/produs\/arr-puzzle-gentlemen\/#primaryimage","url":"https:\/\/inspiratio.ro\/wp-content\/uploads\/2023\/05\/PP_PuzzleGentlemen_GroupShot_2018-1-660x660-1.jpg","contentUrl":"https:\/\/inspiratio.ro\/wp-content\/uploads\/2023\/05\/PP_PuzzleGentlemen_GroupShot_2018-1-660x660-1.jpg","width":660,"height":568},{"@type":"BreadcrumbList","@id":"https:\/\/inspiratio.ro\/produs\/arr-puzzle-gentlemen\/#breadcrumb","itemListElement":[{"@type":"ListItem","position":1,"name":"Shop","item":"https:\/\/inspiratio.ro\/magazin-cadouri\/"},{"@type":"ListItem","position":2,"name":"ARR Puzzle Gentlemen"}]},{"@type":"WebSite","@id":"https:\/\/inspiratio.ro\/#website","url":"https:\/\/inspiratio.ro\/","name":"Inspiratio","description":"Las\u0103-te purtat de inspira\u021bie","publisher":{"@id":"https:\/\/inspiratio.ro\/#organization"},"potentialAction":[{"@type":"SearchAction","target":{"@type":"EntryPoint","urlTemplate":"https:\/\/inspiratio.ro\/?s={search_term_string}"},"query-input":{"@type":"PropertyValueSpecification","valueRequired":true,"valueName":"search_term_string"}}],"inLanguage":"en-US"},{"@type":"Organization","@id":"https:\/\/inspiratio.ro\/#organization","name":"Inspiratio","url":"https:\/\/inspiratio.ro\/","logo":{"@type":"ImageObject","inLanguage":"en-US","@id":"https:\/\/inspiratio.ro\/#\/schema\/logo\/image\/","url":"https:\/\/inspiratio.ro\/wp-content\/uploads\/2020\/06\/logo-inspiratio.png","contentUrl":"https:\/\/inspiratio.ro\/wp-content\/uploads\/2020\/06\/logo-inspiratio.png","width":232,"height":209,"caption":"Inspiratio"},"image":{"@id":"https:\/\/inspiratio.ro\/#\/schema\/logo\/image\/"},"sameAs":["https:\/\/www.facebook.com\/inspiratiogiftstudio\/","https:\/\/www.instagram.com\/inspiratio_giftstudio\/"]}]}},"brands":[{"id":185,"name":"ProfessorPuzzle","slug":"professorpuzzle"}],"_links":{"self":[{"href":"https:\/\/inspiratio.ro\/en\/wp-json\/wp\/v2\/product\/5486","targetHints":{"allow":["GET"]}}],"collection":[{"href":"https:\/\/inspiratio.ro\/en\/wp-json\/wp\/v2\/product"}],"about":[{"href":"https:\/\/inspiratio.ro\/en\/wp-json\/wp\/v2\/types\/product"}],"replies":[{"embeddable":true,"href":"https:\/\/inspiratio.ro\/en\/wp-json\/wp\/v2\/comments?post=5486"}],"wp:featuredmedia":[{"embeddable":true,"href":"https:\/\/inspiratio.ro\/en\/wp-json\/wp\/v2\/media\/5447"}],"wp:attachment":[{"href":"https:\/\/inspiratio.ro\/en\/wp-json\/wp\/v2\/media?parent=5486"}],"wp:term":[{"taxonomy":"pwb-brand","embeddable":true,"href":"https:\/\/inspiratio.ro\/en\/wp-json\/wp\/v2\/pwb-brand?post=5486"},{"taxonomy":"product_brand","embeddable":true,"href":"https:\/\/inspiratio.ro\/en\/wp-json\/wp\/v2\/product_brand?post=5486"},{"taxonomy":"product_cat","embeddable":true,"href":"https:\/\/inspiratio.ro\/en\/wp-json\/wp\/v2\/product_cat?post=5486"},{"taxonomy":"product_tag","embeddable":true,"href":"https:\/\/inspiratio.ro\/en\/wp-json\/wp\/v2\/product_tag?post=5486"}],"curies":[{"name":"wp","href":"https:\/\/api.w.org\/{rel}","templated":true}]}}