{"id":5476,"date":"2023-05-05T17:51:42","date_gmt":"2023-05-05T14:51:42","guid":{"rendered":"https:\/\/inspiratio.ro\/?post_type=product&#038;p=5476"},"modified":"2024-12-15T15:00:13","modified_gmt":"2024-12-15T13:00:13","slug":"arr-great-minds-set-of-5","status":"publish","type":"product","link":"https:\/\/inspiratio.ro\/en\/produs\/arr-great-minds-set-of-5\/","title":{"rendered":"Great Minds \u2013 Set of 5"},"content":{"rendered":"<h3>Despre jocul puzzle<\/h3>\n<p>Rezolvarea problemelor, oricare ar fi natura lor, presupune logic\u0103, concentrare, comunicare, perseveren\u021b\u0103 \u0219i r\u0103bdare.<\/p>\n<p>Aceste abilit\u0103\u021bi, importante \u00een via\u021ba noastr\u0103, ca adul\u021bi dar \u0219i \u00een cea a copiilor, pot fi antrenate pe termen lung prin exerci\u021bii cu jocuri tip puzzle.<\/p>\n<p>Puzzle-ul mecanic este probabil cel mai educativ joc pe care l-ar putea avea un copil, cel mai bun exerci\u021biu pentru mintea unui adult sau un cadou inspirat de fiecare dat\u0103, indiferent de v\u00e2rst\u0103!<\/p>\n<h3><strong>Seria Great Minds<\/strong><\/h3>\n<p>Include cele mai renumite puzzle-uri din toate timpurile \u0219i creeaz\u0103 o leg\u0103tur\u0103 \u00eentre ele \u0219i cele mai importante personalit\u0103\u021bi istorice.<\/p>\n<p>Pe l\u00e2ng\u0103 jocul tip puzzle pachetul include \u0219i informa\u021bii istorice din via\u021ba Geniului pe care-l reprezint\u0103, ce pot folosi drept indicii \u00een g\u0103sirea solu\u021biei.<\/p>\n<p>&nbsp;<\/p>\n<h3><strong>Great Minds &#8211; Set 5<\/strong><\/h3>\n<p>Con\u021bine 5 din cele mai apreciate puzzle-uri din colec\u021bia Great Minds:<\/p>\n<ul>\n<li>Kepler&#8217;s Star (Steaua lui Kepler)<\/li>\n<li>Faraday&#8217;s Magnetic field (C\u00e2mpul magnetic al lui Faraday)<\/li>\n<li>Franklin&#8217;s Kite (Uliul lui Franklin)<\/li>\n<li>Edison&#8217;s Light Filament (Filamentul luminos al lui Edison)<\/li>\n<li>Stephenson&#8217;s Railway Sleepers (Traversele de cale ferata)<\/li>\n<\/ul>\n<p>Obiectiv: Separ\u0103 toate piesele \u0219i monteaz\u0103-le la loc, \u00een forma ini\u021bial\u0103.<\/p>\n<p>Nivel: mediu-dificil.<br \/>\nDimensiune ambalaj:\u00a015 x 16 x 20.5 cm<br \/>\nV\u00e2rsta recomandat\u0103: 4-99 ani<\/p>\n","protected":false},"excerpt":{"rendered":"<p>Despre jocul puzzle Rezolvarea problemelor, oricare ar fi natura lor, presupune logic\u0103, concentrare, comunicare, perseveren\u021b\u0103 \u0219i r\u0103bdare. Aceste abilit\u0103\u021bi, importante \u00een via\u021ba noastr\u0103, ca adul\u021bi dar \u0219i \u00een cea a copiilor, pot fi antrenate pe termen lung prin exerci\u021bii cu jocuri tip puzzle. Puzzle-ul mecanic este probabil cel mai educativ joc pe care l-ar putea [&hellip;]<\/p>\n","protected":false},"featured_media":5477,"comment_status":"open","ping_status":"closed","template":"","meta":[],"pwb-brand":[185],"product_brand":[],"product_cat":[89,55],"product_tag":[186],"class_list":{"0":"post-5476","1":"product","2":"type-product","3":"status-publish","4":"has-post-thumbnail","6":"pwb-brand-professorpuzzle","7":"product_cat-cadouri-pentru-copii","8":"product_cat-hobby-and-travel","9":"product_tag-joc","11":"first","12":"instock","13":"taxable","14":"shipping-taxable","15":"purchasable","16":"product-type-simple"},"yoast_head":"<!-- This site is optimized with the Yoast SEO plugin v26.9 - https:\/\/yoast.com\/product\/yoast-seo-wordpress\/ -->\n<title>ARR Great Minds \u2013 Set of 5 - Inspiratio<\/title>\n<meta name=\"description\" content=\"ARR Great Minds \u2013 Set of 5\" \/>\n<meta name=\"robots\" content=\"index, follow, max-snippet:-1, max-image-preview:large, max-video-preview:-1\" \/>\n<link rel=\"canonical\" href=\"https:\/\/inspiratio.ro\/produs\/arr-great-minds-set-of-5\/\" \/>\n<meta property=\"og:locale\" content=\"en_US\" \/>\n<meta property=\"og:type\" content=\"article\" \/>\n<meta property=\"og:title\" content=\"ARR Great Minds \u2013 Set of 5 - Inspiratio\" \/>\n<meta property=\"og:description\" content=\"ARR Great Minds \u2013 Set of 5\" \/>\n<meta property=\"og:url\" content=\"https:\/\/inspiratio.ro\/produs\/arr-great-minds-set-of-5\/\" \/>\n<meta property=\"og:site_name\" content=\"Inspiratio\" \/>\n<meta property=\"article:publisher\" content=\"https:\/\/www.facebook.com\/inspiratiogiftstudio\/\" \/>\n<meta property=\"article:modified_time\" content=\"2024-12-15T13:00:13+00:00\" \/>\n<meta property=\"og:image\" content=\"https:\/\/inspiratio.ro\/wp-content\/uploads\/2023\/05\/24-thickbox_default.jpg\" \/>\n\t<meta property=\"og:image:width\" content=\"800\" \/>\n\t<meta property=\"og:image:height\" content=\"800\" \/>\n\t<meta property=\"og:image:type\" content=\"image\/jpeg\" \/>\n<meta name=\"twitter:card\" content=\"summary_large_image\" \/>\n<meta name=\"twitter:label1\" content=\"Est. reading time\" \/>\n\t<meta name=\"twitter:data1\" content=\"2 minutes\" \/>\n<script type=\"application\/ld+json\" class=\"yoast-schema-graph\">{\"@context\":\"https:\/\/schema.org\",\"@graph\":[{\"@type\":\"WebPage\",\"@id\":\"https:\/\/inspiratio.ro\/produs\/arr-great-minds-set-of-5\/\",\"url\":\"https:\/\/inspiratio.ro\/produs\/arr-great-minds-set-of-5\/\",\"name\":\"ARR Great Minds \u2013 Set of 5 - Inspiratio\",\"isPartOf\":{\"@id\":\"https:\/\/inspiratio.ro\/#website\"},\"primaryImageOfPage\":{\"@id\":\"https:\/\/inspiratio.ro\/produs\/arr-great-minds-set-of-5\/#primaryimage\"},\"image\":{\"@id\":\"https:\/\/inspiratio.ro\/produs\/arr-great-minds-set-of-5\/#primaryimage\"},\"thumbnailUrl\":\"https:\/\/inspiratio.ro\/wp-content\/uploads\/2023\/05\/24-thickbox_default.jpg\",\"datePublished\":\"2023-05-05T14:51:42+00:00\",\"dateModified\":\"2024-12-15T13:00:13+00:00\",\"description\":\"ARR Great Minds \u2013 Set of 5\",\"breadcrumb\":{\"@id\":\"https:\/\/inspiratio.ro\/produs\/arr-great-minds-set-of-5\/#breadcrumb\"},\"inLanguage\":\"en-US\",\"potentialAction\":[{\"@type\":\"ReadAction\",\"target\":[\"https:\/\/inspiratio.ro\/produs\/arr-great-minds-set-of-5\/\"]}]},{\"@type\":\"ImageObject\",\"inLanguage\":\"en-US\",\"@id\":\"https:\/\/inspiratio.ro\/produs\/arr-great-minds-set-of-5\/#primaryimage\",\"url\":\"https:\/\/inspiratio.ro\/wp-content\/uploads\/2023\/05\/24-thickbox_default.jpg\",\"contentUrl\":\"https:\/\/inspiratio.ro\/wp-content\/uploads\/2023\/05\/24-thickbox_default.jpg\",\"width\":800,\"height\":800},{\"@type\":\"BreadcrumbList\",\"@id\":\"https:\/\/inspiratio.ro\/produs\/arr-great-minds-set-of-5\/#breadcrumb\",\"itemListElement\":[{\"@type\":\"ListItem\",\"position\":1,\"name\":\"Shop\",\"item\":\"https:\/\/inspiratio.ro\/magazin-cadouri\/\"},{\"@type\":\"ListItem\",\"position\":2,\"name\":\"ARR Great Minds \u2013 Set of 5\"}]},{\"@type\":\"WebSite\",\"@id\":\"https:\/\/inspiratio.ro\/#website\",\"url\":\"https:\/\/inspiratio.ro\/\",\"name\":\"Inspiratio\",\"description\":\"Las\u0103-te purtat de inspira\u021bie\",\"publisher\":{\"@id\":\"https:\/\/inspiratio.ro\/#organization\"},\"potentialAction\":[{\"@type\":\"SearchAction\",\"target\":{\"@type\":\"EntryPoint\",\"urlTemplate\":\"https:\/\/inspiratio.ro\/?s={search_term_string}\"},\"query-input\":{\"@type\":\"PropertyValueSpecification\",\"valueRequired\":true,\"valueName\":\"search_term_string\"}}],\"inLanguage\":\"en-US\"},{\"@type\":\"Organization\",\"@id\":\"https:\/\/inspiratio.ro\/#organization\",\"name\":\"Inspiratio\",\"url\":\"https:\/\/inspiratio.ro\/\",\"logo\":{\"@type\":\"ImageObject\",\"inLanguage\":\"en-US\",\"@id\":\"https:\/\/inspiratio.ro\/#\/schema\/logo\/image\/\",\"url\":\"https:\/\/inspiratio.ro\/wp-content\/uploads\/2020\/06\/logo-inspiratio.png\",\"contentUrl\":\"https:\/\/inspiratio.ro\/wp-content\/uploads\/2020\/06\/logo-inspiratio.png\",\"width\":232,\"height\":209,\"caption\":\"Inspiratio\"},\"image\":{\"@id\":\"https:\/\/inspiratio.ro\/#\/schema\/logo\/image\/\"},\"sameAs\":[\"https:\/\/www.facebook.com\/inspiratiogiftstudio\/\",\"https:\/\/www.instagram.com\/inspiratio_giftstudio\/\"]}]}<\/script>\n<!-- \/ Yoast SEO plugin. -->","yoast_head_json":{"title":"ARR Great Minds \u2013 Set of 5 - Inspiratio","description":"ARR Great Minds \u2013 Set of 5","robots":{"index":"index","follow":"follow","max-snippet":"max-snippet:-1","max-image-preview":"max-image-preview:large","max-video-preview":"max-video-preview:-1"},"canonical":"https:\/\/inspiratio.ro\/produs\/arr-great-minds-set-of-5\/","og_locale":"en_US","og_type":"article","og_title":"ARR Great Minds \u2013 Set of 5 - Inspiratio","og_description":"ARR Great Minds \u2013 Set of 5","og_url":"https:\/\/inspiratio.ro\/produs\/arr-great-minds-set-of-5\/","og_site_name":"Inspiratio","article_publisher":"https:\/\/www.facebook.com\/inspiratiogiftstudio\/","article_modified_time":"2024-12-15T13:00:13+00:00","og_image":[{"width":800,"height":800,"url":"https:\/\/inspiratio.ro\/wp-content\/uploads\/2023\/05\/24-thickbox_default.jpg","type":"image\/jpeg"}],"twitter_card":"summary_large_image","twitter_misc":{"Est. reading time":"2 minutes"},"schema":{"@context":"https:\/\/schema.org","@graph":[{"@type":"WebPage","@id":"https:\/\/inspiratio.ro\/produs\/arr-great-minds-set-of-5\/","url":"https:\/\/inspiratio.ro\/produs\/arr-great-minds-set-of-5\/","name":"ARR Great Minds \u2013 Set of 5 - Inspiratio","isPartOf":{"@id":"https:\/\/inspiratio.ro\/#website"},"primaryImageOfPage":{"@id":"https:\/\/inspiratio.ro\/produs\/arr-great-minds-set-of-5\/#primaryimage"},"image":{"@id":"https:\/\/inspiratio.ro\/produs\/arr-great-minds-set-of-5\/#primaryimage"},"thumbnailUrl":"https:\/\/inspiratio.ro\/wp-content\/uploads\/2023\/05\/24-thickbox_default.jpg","datePublished":"2023-05-05T14:51:42+00:00","dateModified":"2024-12-15T13:00:13+00:00","description":"ARR Great Minds \u2013 Set of 5","breadcrumb":{"@id":"https:\/\/inspiratio.ro\/produs\/arr-great-minds-set-of-5\/#breadcrumb"},"inLanguage":"en-US","potentialAction":[{"@type":"ReadAction","target":["https:\/\/inspiratio.ro\/produs\/arr-great-minds-set-of-5\/"]}]},{"@type":"ImageObject","inLanguage":"en-US","@id":"https:\/\/inspiratio.ro\/produs\/arr-great-minds-set-of-5\/#primaryimage","url":"https:\/\/inspiratio.ro\/wp-content\/uploads\/2023\/05\/24-thickbox_default.jpg","contentUrl":"https:\/\/inspiratio.ro\/wp-content\/uploads\/2023\/05\/24-thickbox_default.jpg","width":800,"height":800},{"@type":"BreadcrumbList","@id":"https:\/\/inspiratio.ro\/produs\/arr-great-minds-set-of-5\/#breadcrumb","itemListElement":[{"@type":"ListItem","position":1,"name":"Shop","item":"https:\/\/inspiratio.ro\/magazin-cadouri\/"},{"@type":"ListItem","position":2,"name":"ARR Great Minds \u2013 Set of 5"}]},{"@type":"WebSite","@id":"https:\/\/inspiratio.ro\/#website","url":"https:\/\/inspiratio.ro\/","name":"Inspiratio","description":"Las\u0103-te purtat de inspira\u021bie","publisher":{"@id":"https:\/\/inspiratio.ro\/#organization"},"potentialAction":[{"@type":"SearchAction","target":{"@type":"EntryPoint","urlTemplate":"https:\/\/inspiratio.ro\/?s={search_term_string}"},"query-input":{"@type":"PropertyValueSpecification","valueRequired":true,"valueName":"search_term_string"}}],"inLanguage":"en-US"},{"@type":"Organization","@id":"https:\/\/inspiratio.ro\/#organization","name":"Inspiratio","url":"https:\/\/inspiratio.ro\/","logo":{"@type":"ImageObject","inLanguage":"en-US","@id":"https:\/\/inspiratio.ro\/#\/schema\/logo\/image\/","url":"https:\/\/inspiratio.ro\/wp-content\/uploads\/2020\/06\/logo-inspiratio.png","contentUrl":"https:\/\/inspiratio.ro\/wp-content\/uploads\/2020\/06\/logo-inspiratio.png","width":232,"height":209,"caption":"Inspiratio"},"image":{"@id":"https:\/\/inspiratio.ro\/#\/schema\/logo\/image\/"},"sameAs":["https:\/\/www.facebook.com\/inspiratiogiftstudio\/","https:\/\/www.instagram.com\/inspiratio_giftstudio\/"]}]}},"brands":[{"id":185,"name":"ProfessorPuzzle","slug":"professorpuzzle"}],"_links":{"self":[{"href":"https:\/\/inspiratio.ro\/en\/wp-json\/wp\/v2\/product\/5476","targetHints":{"allow":["GET"]}}],"collection":[{"href":"https:\/\/inspiratio.ro\/en\/wp-json\/wp\/v2\/product"}],"about":[{"href":"https:\/\/inspiratio.ro\/en\/wp-json\/wp\/v2\/types\/product"}],"replies":[{"embeddable":true,"href":"https:\/\/inspiratio.ro\/en\/wp-json\/wp\/v2\/comments?post=5476"}],"wp:featuredmedia":[{"embeddable":true,"href":"https:\/\/inspiratio.ro\/en\/wp-json\/wp\/v2\/media\/5477"}],"wp:attachment":[{"href":"https:\/\/inspiratio.ro\/en\/wp-json\/wp\/v2\/media?parent=5476"}],"wp:term":[{"taxonomy":"pwb-brand","embeddable":true,"href":"https:\/\/inspiratio.ro\/en\/wp-json\/wp\/v2\/pwb-brand?post=5476"},{"taxonomy":"product_brand","embeddable":true,"href":"https:\/\/inspiratio.ro\/en\/wp-json\/wp\/v2\/product_brand?post=5476"},{"taxonomy":"product_cat","embeddable":true,"href":"https:\/\/inspiratio.ro\/en\/wp-json\/wp\/v2\/product_cat?post=5476"},{"taxonomy":"product_tag","embeddable":true,"href":"https:\/\/inspiratio.ro\/en\/wp-json\/wp\/v2\/product_tag?post=5476"}],"curies":[{"name":"wp","href":"https:\/\/api.w.org\/{rel}","templated":true}]}}