{"id":5470,"date":"2023-05-05T17:36:41","date_gmt":"2023-05-05T14:36:41","guid":{"rendered":"https:\/\/inspiratio.ro\/?post_type=product&#038;p=5470"},"modified":"2024-12-15T15:01:01","modified_gmt":"2024-12-15T13:01:01","slug":"arr-einstein-collection-the-atom-puzzle","status":"publish","type":"product","link":"https:\/\/inspiratio.ro\/en\/produs\/arr-einstein-collection-the-atom-puzzle\/","title":{"rendered":"Einstein Collection \u2013 The Atom Puzzle"},"content":{"rendered":"<h3>Despre jocul puzzle<\/h3>\n<p>Rezolvarea problemelor, oricare ar fi natura lor, presupune logic\u0103, concentrare, comunicare, perseveren\u021b\u0103 \u0219i r\u0103bdare.<\/p>\n<p>Aceste abilit\u0103\u021bi, importante \u00een via\u021ba noastr\u0103, ca adul\u021bi dar \u0219i \u00een cea a copiilor, pot fi antrenate pe termen lung prin exerci\u021bii cu jocuri tip puzzle.<\/p>\n<p>Puzzle-ul mecanic este probabil cel mai educativ joc pe care l-ar putea avea un copil, cel mai bun exerci\u021biu pentru mintea unui adult sau un cadou inspirat de fiecare dat\u0103, indiferent de v\u00e2rst\u0103!<\/p>\n<h3>The Einstein Collection<\/h3>\n<p>Einstein, s-a n\u0103scut \u00een anul 1879 \u00een Germania, fiul lui Hermann (comerciant) \u0219i Pauline Einstein.<\/p>\n<p>A fost autorul Teoriei Relativit\u0103\u021bii \u0219i unul dintre cei mai str\u0103luci\u021bi oameni de stiin\u021b\u0103 ai omenirii. \u00cen 1921 i s-a decernat Premiul Nobel pentru Fizic\u0103.<\/p>\n<p>Einstein sus\u021binea c\u0103 at\u00e2t c\u00e2ntatul la instrumente muzicale, explorarea naturii c\u00e2t \u0219i rezolvarea puzzle-urilor, sunt metode valide pentru dezvoltarea intelectului la fel de valoroase ca studiul manualelor.<\/p>\n<p>Puzzle-urile din seria The Einstein Collection, enigmatice \u0219i complexe, sunt inteligent legate de Alber Einstein prin faimoasele sale teorii \u0219i citate.<\/p>\n<p>&nbsp;<\/p>\n<h3>Einstein&#8217;s\u00a0Atom Puzzle<\/h3>\n<div id=\"gt-res-dir-ctr\" class=\"trans-verified-button-small\" dir=\"ltr\"><span id=\"gt-res-error\"><\/span>Timp de secole, oamenii de \u0219tiin\u021b\u0103 \u0219i filosofii au \u00een\u021beles ce sunt atomii \u0219i care este rolul lor dar nu putea dovedi existen\u021ba lor.<\/div>\n<div class=\"trans-verified-button-small\" dir=\"ltr\">\n<p>Einstein a fost primul care a oferit dovezile conving\u0103toare de care aveau nevoie.<\/p>\n<\/div>\n<div class=\"trans-verified-button-small\" dir=\"ltr\"><strong>Obiectiv:<\/strong><\/div>\n<div class=\"trans-verified-button-small\" dir=\"ltr\">Elimin\u0103 r\u00e2nd pe r\u00e2nd to\u021bi electronii (sferele negre, din lemn) pentru a ajunge la nucleul atomului.<\/div>\n<div class=\"trans-verified-button-small\" dir=\"ltr\">Demonteaz\u0103 nucleul atomului.<\/div>\n<div class=\"trans-verified-button-small\" dir=\"ltr\"><\/div>\n<div class=\"trans-verified-button-small\" dir=\"ltr\">Construie\u0219te la loc atomul, a\u0219a cum era ini\u021bial!<\/div>\n<div class=\"trans-verified-button-small\" dir=\"ltr\"><\/div>\n<div class=\"trans-verified-button-small\" dir=\"ltr\">Pare simplu? Succes ! \ud83d\ude42<\/div>\n<div class=\"trans-verified-button-small\" dir=\"ltr\"><\/div>\n<p><strong>Grad de dificultate: 5<\/strong><\/p>\n<p>* reprezint\u0103 cel mai u\u0219or puzzle din seria Einstein<\/p>\n<p>5* reprezint\u0103 cel mai greu puzzle din aceast\u0103 colec\u021bie.<\/p>\n<p>&nbsp;<\/p>\n<p>V\u00e2rsta recomandat\u0103: 4-99 ani<\/p>\n<p>&nbsp;<\/p>\n<p>Te avertiz\u0103m c\u0103 solu\u021bia NU este inclus\u0103 \u00een pachet. Trebuie s-o descoperi singur!<\/p>\n","protected":false},"excerpt":{"rendered":"<p>Despre jocul puzzle Rezolvarea problemelor, oricare ar fi natura lor, presupune logic\u0103, concentrare, comunicare, perseveren\u021b\u0103 \u0219i r\u0103bdare. Aceste abilit\u0103\u021bi, importante \u00een via\u021ba noastr\u0103, ca adul\u021bi dar \u0219i \u00een cea a copiilor, pot fi antrenate pe termen lung prin exerci\u021bii cu jocuri tip puzzle. Puzzle-ul mecanic este probabil cel mai educativ joc pe care l-ar putea [&hellip;]<\/p>\n","protected":false},"featured_media":5475,"comment_status":"open","ping_status":"closed","template":"","meta":[],"pwb-brand":[185],"product_brand":[],"product_cat":[89,55],"product_tag":[186],"class_list":{"0":"post-5470","1":"product","2":"type-product","3":"status-publish","4":"has-post-thumbnail","6":"pwb-brand-professorpuzzle","7":"product_cat-cadouri-pentru-copii","8":"product_cat-hobby-and-travel","9":"product_tag-joc","11":"first","12":"instock","13":"taxable","14":"shipping-taxable","15":"purchasable","16":"product-type-simple"},"yoast_head":"<!-- This site is optimized with the Yoast SEO plugin v26.9 - https:\/\/yoast.com\/product\/yoast-seo-wordpress\/ -->\n<title>ARR Einstein Collection \u2013 The Atom Puzzle - Inspiratio<\/title>\n<meta name=\"description\" content=\"ARR Einstein Collection \u2013 The Atom Puzzle\" \/>\n<meta name=\"robots\" content=\"index, follow, max-snippet:-1, max-image-preview:large, max-video-preview:-1\" \/>\n<link rel=\"canonical\" href=\"https:\/\/inspiratio.ro\/produs\/arr-einstein-collection-the-atom-puzzle\/\" \/>\n<meta property=\"og:locale\" content=\"en_US\" \/>\n<meta property=\"og:type\" content=\"article\" \/>\n<meta property=\"og:title\" content=\"ARR Einstein Collection \u2013 The Atom Puzzle - Inspiratio\" \/>\n<meta property=\"og:description\" content=\"ARR Einstein Collection \u2013 The Atom Puzzle\" \/>\n<meta property=\"og:url\" content=\"https:\/\/inspiratio.ro\/produs\/arr-einstein-collection-the-atom-puzzle\/\" \/>\n<meta property=\"og:site_name\" content=\"Inspiratio\" \/>\n<meta property=\"article:publisher\" content=\"https:\/\/www.facebook.com\/inspiratiogiftstudio\/\" \/>\n<meta property=\"article:modified_time\" content=\"2024-12-15T13:01:01+00:00\" \/>\n<meta property=\"og:image\" content=\"https:\/\/inspiratio.ro\/wp-content\/uploads\/2023\/05\/1348-large_default.jpg\" \/>\n\t<meta property=\"og:image:width\" content=\"458\" \/>\n\t<meta property=\"og:image:height\" content=\"458\" \/>\n\t<meta property=\"og:image:type\" content=\"image\/jpeg\" \/>\n<meta name=\"twitter:card\" content=\"summary_large_image\" \/>\n<meta name=\"twitter:label1\" content=\"Est. reading time\" \/>\n\t<meta name=\"twitter:data1\" content=\"2 minutes\" \/>\n<script type=\"application\/ld+json\" class=\"yoast-schema-graph\">{\"@context\":\"https:\/\/schema.org\",\"@graph\":[{\"@type\":\"WebPage\",\"@id\":\"https:\/\/inspiratio.ro\/produs\/arr-einstein-collection-the-atom-puzzle\/\",\"url\":\"https:\/\/inspiratio.ro\/produs\/arr-einstein-collection-the-atom-puzzle\/\",\"name\":\"ARR Einstein Collection \u2013 The Atom Puzzle - Inspiratio\",\"isPartOf\":{\"@id\":\"https:\/\/inspiratio.ro\/#website\"},\"primaryImageOfPage\":{\"@id\":\"https:\/\/inspiratio.ro\/produs\/arr-einstein-collection-the-atom-puzzle\/#primaryimage\"},\"image\":{\"@id\":\"https:\/\/inspiratio.ro\/produs\/arr-einstein-collection-the-atom-puzzle\/#primaryimage\"},\"thumbnailUrl\":\"https:\/\/inspiratio.ro\/wp-content\/uploads\/2023\/05\/1348-large_default.jpg\",\"datePublished\":\"2023-05-05T14:36:41+00:00\",\"dateModified\":\"2024-12-15T13:01:01+00:00\",\"description\":\"ARR Einstein Collection \u2013 The Atom Puzzle\",\"breadcrumb\":{\"@id\":\"https:\/\/inspiratio.ro\/produs\/arr-einstein-collection-the-atom-puzzle\/#breadcrumb\"},\"inLanguage\":\"en-US\",\"potentialAction\":[{\"@type\":\"ReadAction\",\"target\":[\"https:\/\/inspiratio.ro\/produs\/arr-einstein-collection-the-atom-puzzle\/\"]}]},{\"@type\":\"ImageObject\",\"inLanguage\":\"en-US\",\"@id\":\"https:\/\/inspiratio.ro\/produs\/arr-einstein-collection-the-atom-puzzle\/#primaryimage\",\"url\":\"https:\/\/inspiratio.ro\/wp-content\/uploads\/2023\/05\/1348-large_default.jpg\",\"contentUrl\":\"https:\/\/inspiratio.ro\/wp-content\/uploads\/2023\/05\/1348-large_default.jpg\",\"width\":458,\"height\":458},{\"@type\":\"BreadcrumbList\",\"@id\":\"https:\/\/inspiratio.ro\/produs\/arr-einstein-collection-the-atom-puzzle\/#breadcrumb\",\"itemListElement\":[{\"@type\":\"ListItem\",\"position\":1,\"name\":\"Shop\",\"item\":\"https:\/\/inspiratio.ro\/magazin-cadouri\/\"},{\"@type\":\"ListItem\",\"position\":2,\"name\":\"ARR Einstein Collection \u2013 The Atom Puzzle\"}]},{\"@type\":\"WebSite\",\"@id\":\"https:\/\/inspiratio.ro\/#website\",\"url\":\"https:\/\/inspiratio.ro\/\",\"name\":\"Inspiratio\",\"description\":\"Las\u0103-te purtat de inspira\u021bie\",\"publisher\":{\"@id\":\"https:\/\/inspiratio.ro\/#organization\"},\"potentialAction\":[{\"@type\":\"SearchAction\",\"target\":{\"@type\":\"EntryPoint\",\"urlTemplate\":\"https:\/\/inspiratio.ro\/?s={search_term_string}\"},\"query-input\":{\"@type\":\"PropertyValueSpecification\",\"valueRequired\":true,\"valueName\":\"search_term_string\"}}],\"inLanguage\":\"en-US\"},{\"@type\":\"Organization\",\"@id\":\"https:\/\/inspiratio.ro\/#organization\",\"name\":\"Inspiratio\",\"url\":\"https:\/\/inspiratio.ro\/\",\"logo\":{\"@type\":\"ImageObject\",\"inLanguage\":\"en-US\",\"@id\":\"https:\/\/inspiratio.ro\/#\/schema\/logo\/image\/\",\"url\":\"https:\/\/inspiratio.ro\/wp-content\/uploads\/2020\/06\/logo-inspiratio.png\",\"contentUrl\":\"https:\/\/inspiratio.ro\/wp-content\/uploads\/2020\/06\/logo-inspiratio.png\",\"width\":232,\"height\":209,\"caption\":\"Inspiratio\"},\"image\":{\"@id\":\"https:\/\/inspiratio.ro\/#\/schema\/logo\/image\/\"},\"sameAs\":[\"https:\/\/www.facebook.com\/inspiratiogiftstudio\/\",\"https:\/\/www.instagram.com\/inspiratio_giftstudio\/\"]}]}<\/script>\n<!-- \/ Yoast SEO plugin. -->","yoast_head_json":{"title":"ARR Einstein Collection \u2013 The Atom Puzzle - Inspiratio","description":"ARR Einstein Collection \u2013 The Atom Puzzle","robots":{"index":"index","follow":"follow","max-snippet":"max-snippet:-1","max-image-preview":"max-image-preview:large","max-video-preview":"max-video-preview:-1"},"canonical":"https:\/\/inspiratio.ro\/produs\/arr-einstein-collection-the-atom-puzzle\/","og_locale":"en_US","og_type":"article","og_title":"ARR Einstein Collection \u2013 The Atom Puzzle - Inspiratio","og_description":"ARR Einstein Collection \u2013 The Atom Puzzle","og_url":"https:\/\/inspiratio.ro\/produs\/arr-einstein-collection-the-atom-puzzle\/","og_site_name":"Inspiratio","article_publisher":"https:\/\/www.facebook.com\/inspiratiogiftstudio\/","article_modified_time":"2024-12-15T13:01:01+00:00","og_image":[{"width":458,"height":458,"url":"https:\/\/inspiratio.ro\/wp-content\/uploads\/2023\/05\/1348-large_default.jpg","type":"image\/jpeg"}],"twitter_card":"summary_large_image","twitter_misc":{"Est. reading time":"2 minutes"},"schema":{"@context":"https:\/\/schema.org","@graph":[{"@type":"WebPage","@id":"https:\/\/inspiratio.ro\/produs\/arr-einstein-collection-the-atom-puzzle\/","url":"https:\/\/inspiratio.ro\/produs\/arr-einstein-collection-the-atom-puzzle\/","name":"ARR Einstein Collection \u2013 The Atom Puzzle - Inspiratio","isPartOf":{"@id":"https:\/\/inspiratio.ro\/#website"},"primaryImageOfPage":{"@id":"https:\/\/inspiratio.ro\/produs\/arr-einstein-collection-the-atom-puzzle\/#primaryimage"},"image":{"@id":"https:\/\/inspiratio.ro\/produs\/arr-einstein-collection-the-atom-puzzle\/#primaryimage"},"thumbnailUrl":"https:\/\/inspiratio.ro\/wp-content\/uploads\/2023\/05\/1348-large_default.jpg","datePublished":"2023-05-05T14:36:41+00:00","dateModified":"2024-12-15T13:01:01+00:00","description":"ARR Einstein Collection \u2013 The Atom Puzzle","breadcrumb":{"@id":"https:\/\/inspiratio.ro\/produs\/arr-einstein-collection-the-atom-puzzle\/#breadcrumb"},"inLanguage":"en-US","potentialAction":[{"@type":"ReadAction","target":["https:\/\/inspiratio.ro\/produs\/arr-einstein-collection-the-atom-puzzle\/"]}]},{"@type":"ImageObject","inLanguage":"en-US","@id":"https:\/\/inspiratio.ro\/produs\/arr-einstein-collection-the-atom-puzzle\/#primaryimage","url":"https:\/\/inspiratio.ro\/wp-content\/uploads\/2023\/05\/1348-large_default.jpg","contentUrl":"https:\/\/inspiratio.ro\/wp-content\/uploads\/2023\/05\/1348-large_default.jpg","width":458,"height":458},{"@type":"BreadcrumbList","@id":"https:\/\/inspiratio.ro\/produs\/arr-einstein-collection-the-atom-puzzle\/#breadcrumb","itemListElement":[{"@type":"ListItem","position":1,"name":"Shop","item":"https:\/\/inspiratio.ro\/magazin-cadouri\/"},{"@type":"ListItem","position":2,"name":"ARR Einstein Collection \u2013 The Atom Puzzle"}]},{"@type":"WebSite","@id":"https:\/\/inspiratio.ro\/#website","url":"https:\/\/inspiratio.ro\/","name":"Inspiratio","description":"Las\u0103-te purtat de inspira\u021bie","publisher":{"@id":"https:\/\/inspiratio.ro\/#organization"},"potentialAction":[{"@type":"SearchAction","target":{"@type":"EntryPoint","urlTemplate":"https:\/\/inspiratio.ro\/?s={search_term_string}"},"query-input":{"@type":"PropertyValueSpecification","valueRequired":true,"valueName":"search_term_string"}}],"inLanguage":"en-US"},{"@type":"Organization","@id":"https:\/\/inspiratio.ro\/#organization","name":"Inspiratio","url":"https:\/\/inspiratio.ro\/","logo":{"@type":"ImageObject","inLanguage":"en-US","@id":"https:\/\/inspiratio.ro\/#\/schema\/logo\/image\/","url":"https:\/\/inspiratio.ro\/wp-content\/uploads\/2020\/06\/logo-inspiratio.png","contentUrl":"https:\/\/inspiratio.ro\/wp-content\/uploads\/2020\/06\/logo-inspiratio.png","width":232,"height":209,"caption":"Inspiratio"},"image":{"@id":"https:\/\/inspiratio.ro\/#\/schema\/logo\/image\/"},"sameAs":["https:\/\/www.facebook.com\/inspiratiogiftstudio\/","https:\/\/www.instagram.com\/inspiratio_giftstudio\/"]}]}},"brands":[{"id":185,"name":"ProfessorPuzzle","slug":"professorpuzzle"}],"_links":{"self":[{"href":"https:\/\/inspiratio.ro\/en\/wp-json\/wp\/v2\/product\/5470","targetHints":{"allow":["GET"]}}],"collection":[{"href":"https:\/\/inspiratio.ro\/en\/wp-json\/wp\/v2\/product"}],"about":[{"href":"https:\/\/inspiratio.ro\/en\/wp-json\/wp\/v2\/types\/product"}],"replies":[{"embeddable":true,"href":"https:\/\/inspiratio.ro\/en\/wp-json\/wp\/v2\/comments?post=5470"}],"wp:featuredmedia":[{"embeddable":true,"href":"https:\/\/inspiratio.ro\/en\/wp-json\/wp\/v2\/media\/5475"}],"wp:attachment":[{"href":"https:\/\/inspiratio.ro\/en\/wp-json\/wp\/v2\/media?parent=5470"}],"wp:term":[{"taxonomy":"pwb-brand","embeddable":true,"href":"https:\/\/inspiratio.ro\/en\/wp-json\/wp\/v2\/pwb-brand?post=5470"},{"taxonomy":"product_brand","embeddable":true,"href":"https:\/\/inspiratio.ro\/en\/wp-json\/wp\/v2\/product_brand?post=5470"},{"taxonomy":"product_cat","embeddable":true,"href":"https:\/\/inspiratio.ro\/en\/wp-json\/wp\/v2\/product_cat?post=5470"},{"taxonomy":"product_tag","embeddable":true,"href":"https:\/\/inspiratio.ro\/en\/wp-json\/wp\/v2\/product_tag?post=5470"}],"curies":[{"name":"wp","href":"https:\/\/api.w.org\/{rel}","templated":true}]}}