{"id":5446,"date":"2023-05-05T17:35:19","date_gmt":"2023-05-05T14:35:19","guid":{"rendered":"https:\/\/inspiratio.ro\/?post_type=product&#038;p=5446"},"modified":"2024-12-15T15:01:44","modified_gmt":"2024-12-15T13:01:44","slug":"arr-einstein-collection-house-riddle","status":"publish","type":"product","link":"https:\/\/inspiratio.ro\/en\/produs\/arr-einstein-collection-house-riddle\/","title":{"rendered":"Einstein Collection &#8211; House Riddle"},"content":{"rendered":"<h3>Despre jocul puzzle<\/h3>\n<p>Rezolvarea problemelor, oricare ar fi natura lor, presupune logic\u0103, concentrare, comunicare, perseveren\u021b\u0103 \u0219i r\u0103bdare.<\/p>\n<p>Aceste abilit\u0103\u021bi, importante \u00een via\u021ba noastr\u0103, ca adul\u021bi dar \u0219i \u00een cea a copiilor, pot fi antrenate pe termen lung prin exerci\u021bii cu jocuri tip puzzle.<\/p>\n<p>Puzzle-ul mecanic este probabil cel mai educativ joc pe care l-ar putea avea un copil, cel mai bun exerci\u021biu pentru mintea unui adult sau un cadou inspirat de fiecare dat\u0103, indiferent de v\u00e2rst\u0103!<\/p>\n<h3>The Einstein Collection<\/h3>\n<p>Einstein, s-a n\u0103scut \u00een anul 1879 \u00een Germania, fiul lui Hermann (comerciant) \u0219i Pauline Einstein.<\/p>\n<p>A fost autorul Teoriei Relativit\u0103\u021bii \u0219i unul dintre cei mai str\u0103luci\u021bi oameni de stiin\u021b\u0103 ai omenirii. \u00cen 1921 i s-a decernat Premiul Nobel pentru Fizic\u0103.<\/p>\n<p>Einstein sus\u021binea c\u0103 at\u00e2t c\u00e2ntatul la instrumente muzicale, explorarea naturii c\u00e2t \u0219i rezolvarea puzzle-urilor, sunt metode valide pentru dezvoltarea intelectului la fel de valoroase ca studiul manualelor.<\/p>\n<p>Puzzle-urile din seria The Einstein Collection, enigmatice \u0219i complexe, sunt inteligent legate de Alber Einstein prin faimoasele sale teorii \u0219i citate.<\/p>\n<p>&nbsp;<\/p>\n<h3>Einstein&#8217;s House Riddle<\/h3>\n<div id=\"gt-res-dir-ctr\" class=\"trans-verified-button-small\" dir=\"ltr\"><span id=\"gt-res-error\"><\/span>House Riddle este un joc distractiv, prin care se stimuleaz\u0103 ra\u021bionamentul deductiv.<\/div>\n<div class=\"trans-verified-button-small\" dir=\"ltr\">Se pare c\u0103 a fost creat chiar de Einstein, recunoscut ca fiind pasionat de puzzle-uri \u0219i jocuri &#8220;brainteaser&#8221;.<\/div>\n<div class=\"trans-verified-button-small\" dir=\"ltr\">Povestea jocului spune c\u0103 98% nu din cei care \u00eencearc\u0103 s\u0103 g\u0103seasc\u0103 solu\u021bia nu reu\u0219esc.<\/div>\n<div class=\"trans-verified-button-small\" dir=\"ltr\">Verific\u0103 dac\u0103 faci parte din cei 2%, geniile care au reu\u0219it s\u0103 rezolve puzzle-ul sau din restul celor care s-au l\u0103sat p\u0103c\u0103li\u021bi de complexitatea acestui joc!<\/div>\n<div class=\"trans-verified-button-small\" dir=\"ltr\"><\/div>\n<p><strong>Obiectiv:<\/strong><\/p>\n<div class=\"trans-verified-button-small\" dir=\"ltr\">Descoper\u0103 \u00een care cas\u0103 se afl\u0103 Pe\u0219tele!<\/div>\n<div class=\"trans-verified-button-small\" dir=\"ltr\">Folose\u0219te cele 15 indicii pentru a a\u0219eza cele 20 de obiecte \u00een fiecare din cele 5 case \u0219i la final vei desoperi casa \u00een care se afl\u0103 pe\u0219tele.<\/div>\n<div class=\"trans-verified-button-small\" dir=\"ltr\"><\/div>\n<div class=\"trans-verified-button-small\" dir=\"ltr\">Pare simplu? Succes ! \ud83d\ude42<\/div>\n<div class=\"trans-verified-button-small\" dir=\"ltr\"><\/div>\n<div class=\"trans-verified-button-small\" dir=\"ltr\">Indicii:<\/div>\n<div class=\"trans-verified-button-small\" dir=\"ltr\">1. Englezul locuie\u0219te \u00eentr-o cas\u0103 vopsit\u0103 \u00een maro \u00eenchis.<\/div>\n<div class=\"trans-verified-button-small\" dir=\"ltr\">2. Suedezul de\u021bine un c\u0103\u021bel.<\/div>\n<div class=\"trans-verified-button-small\" dir=\"ltr\">3. Spaniolul bea ceai.<\/div>\n<div class=\"trans-verified-button-small\" dir=\"ltr\">4. Casa ro\u0219ie este \u00een st\u00e2nga casei nevopsite, din lemn natural.<\/div>\n<div class=\"trans-verified-button-small\" dir=\"ltr\">5. Proprietarul casei ro\u0219ii bea cafea.<\/div>\n<div class=\"trans-verified-button-small\" dir=\"ltr\">6. Cel care c\u00e2nt\u0103 la vioar\u0103 are \u0219i o pas\u0103re.<\/div>\n<div class=\"trans-verified-button-small\" dir=\"ltr\">7. St\u0103p\u00e2nul casei negre, c\u00e2nt\u00e2 la saxofon.<\/div>\n<div class=\"trans-verified-button-small\" dir=\"ltr\">8. Cel care locuie\u0219te \u00een casa din centru, bea lapte.<\/div>\n<div class=\"trans-verified-button-small\" dir=\"ltr\">9. Americanul locuie\u0219te \u00een prima cas\u0103.<\/div>\n<div class=\"trans-verified-button-small\" dir=\"ltr\">10. Cel care c\u00e2nt\u0103 la tobe, locuie\u0219te l\u00e2ng\u0103 cel care are o pisic\u0103.<\/div>\n<div class=\"trans-verified-button-small\" dir=\"ltr\">11. Omul care are un cal, locuie\u0219te l\u00e2ng\u0103 omul care c\u00e2nt\u0103 la saxofon.<\/div>\n<div class=\"trans-verified-button-small\" dir=\"ltr\">12. Omul care c\u00e2nt\u0103 la trompet\u0103, bea bere.<\/div>\n<div class=\"trans-verified-button-small\" dir=\"ltr\">13. Germanul c\u00e2nt\u0103 la pian.<\/div>\n<div class=\"trans-verified-button-small\" dir=\"ltr\">14. Americanul locuie\u0219te l\u00e2ng\u0103 casa alb\u0103.<\/div>\n<div class=\"trans-verified-button-small\" dir=\"ltr\">15. Tobo\u0219arul locuie\u0219te l\u00e2ng\u0103 cel care bea vin.<\/div>\n<div class=\"trans-verified-button-small\" dir=\"ltr\"><\/div>\n<p><strong>Grad de dificultate: ***** Cel mai greu din aceast\u0103 colec\u021bie (5\/5)<\/strong><\/p>\n<p>* reprezint\u0103 cel mai u\u0219or puzzle din seria Einstein<\/p>\n<p>5* reprezint\u0103 cel mai greu puzzle din aceast\u0103 colec\u021bie.<\/p>\n<p>&nbsp;<\/p>\n<p>Dimensiune ambalaj: 3\u00a0x 30 x 15 cm<br \/>\nV\u00e2rsta recomandat\u0103: 4-99 ani<\/p>\n<p>&nbsp;<\/p>\n<p>Te avertiz\u0103m c\u0103 solu\u021bia NU este inclus\u0103 \u00een pachet. Trebuie s-o descoperi singur!<\/p>\n","protected":false},"excerpt":{"rendered":"<p>Despre jocul puzzle Rezolvarea problemelor, oricare ar fi natura lor, presupune logic\u0103, concentrare, comunicare, perseveren\u021b\u0103 \u0219i r\u0103bdare. Aceste abilit\u0103\u021bi, importante \u00een via\u021ba noastr\u0103, ca adul\u021bi dar \u0219i \u00een cea a copiilor, pot fi antrenate pe termen lung prin exerci\u021bii cu jocuri tip puzzle. Puzzle-ul mecanic este probabil cel mai educativ joc pe care l-ar putea [&hellip;]<\/p>\n","protected":false},"featured_media":5465,"comment_status":"open","ping_status":"closed","template":"","meta":[],"pwb-brand":[],"product_brand":[],"product_cat":[89,55],"product_tag":[],"class_list":{"0":"post-5446","1":"product","2":"type-product","3":"status-publish","4":"has-post-thumbnail","6":"product_cat-cadouri-pentru-copii","7":"product_cat-hobby-and-travel","9":"first","10":"outofstock","11":"taxable","12":"shipping-taxable","13":"purchasable","14":"product-type-simple"},"yoast_head":"<!-- This site is optimized with the Yoast SEO plugin v26.9 - https:\/\/yoast.com\/product\/yoast-seo-wordpress\/ -->\n<title>ARR Einstein Collection - House Riddle - Inspiratio<\/title>\n<meta name=\"description\" content=\"ARR Einstein Collection - House Riddle\" \/>\n<meta name=\"robots\" content=\"index, follow, max-snippet:-1, max-image-preview:large, max-video-preview:-1\" \/>\n<link rel=\"canonical\" href=\"https:\/\/inspiratio.ro\/produs\/arr-einstein-collection-house-riddle\/\" \/>\n<meta property=\"og:locale\" content=\"en_US\" \/>\n<meta property=\"og:type\" content=\"article\" \/>\n<meta property=\"og:title\" content=\"ARR Einstein Collection - House Riddle - Inspiratio\" \/>\n<meta property=\"og:description\" content=\"ARR Einstein Collection - House Riddle\" \/>\n<meta property=\"og:url\" content=\"https:\/\/inspiratio.ro\/produs\/arr-einstein-collection-house-riddle\/\" \/>\n<meta property=\"og:site_name\" content=\"Inspiratio\" \/>\n<meta property=\"article:publisher\" content=\"https:\/\/www.facebook.com\/inspiratiogiftstudio\/\" \/>\n<meta property=\"article:modified_time\" content=\"2024-12-15T13:01:44+00:00\" \/>\n<meta property=\"og:image\" content=\"https:\/\/inspiratio.ro\/wp-content\/uploads\/2023\/05\/1107-large_default.jpg\" \/>\n\t<meta property=\"og:image:width\" content=\"458\" \/>\n\t<meta property=\"og:image:height\" content=\"458\" \/>\n\t<meta property=\"og:image:type\" content=\"image\/jpeg\" \/>\n<meta name=\"twitter:card\" content=\"summary_large_image\" \/>\n<meta name=\"twitter:label1\" content=\"Est. reading time\" \/>\n\t<meta name=\"twitter:data1\" content=\"3 minutes\" \/>\n<script type=\"application\/ld+json\" class=\"yoast-schema-graph\">{\"@context\":\"https:\/\/schema.org\",\"@graph\":[{\"@type\":\"WebPage\",\"@id\":\"https:\/\/inspiratio.ro\/produs\/arr-einstein-collection-house-riddle\/\",\"url\":\"https:\/\/inspiratio.ro\/produs\/arr-einstein-collection-house-riddle\/\",\"name\":\"ARR Einstein Collection - House Riddle - Inspiratio\",\"isPartOf\":{\"@id\":\"https:\/\/inspiratio.ro\/#website\"},\"primaryImageOfPage\":{\"@id\":\"https:\/\/inspiratio.ro\/produs\/arr-einstein-collection-house-riddle\/#primaryimage\"},\"image\":{\"@id\":\"https:\/\/inspiratio.ro\/produs\/arr-einstein-collection-house-riddle\/#primaryimage\"},\"thumbnailUrl\":\"https:\/\/inspiratio.ro\/wp-content\/uploads\/2023\/05\/1107-large_default.jpg\",\"datePublished\":\"2023-05-05T14:35:19+00:00\",\"dateModified\":\"2024-12-15T13:01:44+00:00\",\"description\":\"ARR Einstein Collection - House Riddle\",\"breadcrumb\":{\"@id\":\"https:\/\/inspiratio.ro\/produs\/arr-einstein-collection-house-riddle\/#breadcrumb\"},\"inLanguage\":\"en-US\",\"potentialAction\":[{\"@type\":\"ReadAction\",\"target\":[\"https:\/\/inspiratio.ro\/produs\/arr-einstein-collection-house-riddle\/\"]}]},{\"@type\":\"ImageObject\",\"inLanguage\":\"en-US\",\"@id\":\"https:\/\/inspiratio.ro\/produs\/arr-einstein-collection-house-riddle\/#primaryimage\",\"url\":\"https:\/\/inspiratio.ro\/wp-content\/uploads\/2023\/05\/1107-large_default.jpg\",\"contentUrl\":\"https:\/\/inspiratio.ro\/wp-content\/uploads\/2023\/05\/1107-large_default.jpg\",\"width\":458,\"height\":458},{\"@type\":\"BreadcrumbList\",\"@id\":\"https:\/\/inspiratio.ro\/produs\/arr-einstein-collection-house-riddle\/#breadcrumb\",\"itemListElement\":[{\"@type\":\"ListItem\",\"position\":1,\"name\":\"Shop\",\"item\":\"https:\/\/inspiratio.ro\/magazin-cadouri\/\"},{\"@type\":\"ListItem\",\"position\":2,\"name\":\"ARR Einstein Collection &#8211; House Riddle\"}]},{\"@type\":\"WebSite\",\"@id\":\"https:\/\/inspiratio.ro\/#website\",\"url\":\"https:\/\/inspiratio.ro\/\",\"name\":\"Inspiratio\",\"description\":\"Las\u0103-te purtat de inspira\u021bie\",\"publisher\":{\"@id\":\"https:\/\/inspiratio.ro\/#organization\"},\"potentialAction\":[{\"@type\":\"SearchAction\",\"target\":{\"@type\":\"EntryPoint\",\"urlTemplate\":\"https:\/\/inspiratio.ro\/?s={search_term_string}\"},\"query-input\":{\"@type\":\"PropertyValueSpecification\",\"valueRequired\":true,\"valueName\":\"search_term_string\"}}],\"inLanguage\":\"en-US\"},{\"@type\":\"Organization\",\"@id\":\"https:\/\/inspiratio.ro\/#organization\",\"name\":\"Inspiratio\",\"url\":\"https:\/\/inspiratio.ro\/\",\"logo\":{\"@type\":\"ImageObject\",\"inLanguage\":\"en-US\",\"@id\":\"https:\/\/inspiratio.ro\/#\/schema\/logo\/image\/\",\"url\":\"https:\/\/inspiratio.ro\/wp-content\/uploads\/2020\/06\/logo-inspiratio.png\",\"contentUrl\":\"https:\/\/inspiratio.ro\/wp-content\/uploads\/2020\/06\/logo-inspiratio.png\",\"width\":232,\"height\":209,\"caption\":\"Inspiratio\"},\"image\":{\"@id\":\"https:\/\/inspiratio.ro\/#\/schema\/logo\/image\/\"},\"sameAs\":[\"https:\/\/www.facebook.com\/inspiratiogiftstudio\/\",\"https:\/\/www.instagram.com\/inspiratio_giftstudio\/\"]}]}<\/script>\n<!-- \/ Yoast SEO plugin. -->","yoast_head_json":{"title":"ARR Einstein Collection - House Riddle - Inspiratio","description":"ARR Einstein Collection - House Riddle","robots":{"index":"index","follow":"follow","max-snippet":"max-snippet:-1","max-image-preview":"max-image-preview:large","max-video-preview":"max-video-preview:-1"},"canonical":"https:\/\/inspiratio.ro\/produs\/arr-einstein-collection-house-riddle\/","og_locale":"en_US","og_type":"article","og_title":"ARR Einstein Collection - House Riddle - Inspiratio","og_description":"ARR Einstein Collection - House Riddle","og_url":"https:\/\/inspiratio.ro\/produs\/arr-einstein-collection-house-riddle\/","og_site_name":"Inspiratio","article_publisher":"https:\/\/www.facebook.com\/inspiratiogiftstudio\/","article_modified_time":"2024-12-15T13:01:44+00:00","og_image":[{"width":458,"height":458,"url":"https:\/\/inspiratio.ro\/wp-content\/uploads\/2023\/05\/1107-large_default.jpg","type":"image\/jpeg"}],"twitter_card":"summary_large_image","twitter_misc":{"Est. reading time":"3 minutes"},"schema":{"@context":"https:\/\/schema.org","@graph":[{"@type":"WebPage","@id":"https:\/\/inspiratio.ro\/produs\/arr-einstein-collection-house-riddle\/","url":"https:\/\/inspiratio.ro\/produs\/arr-einstein-collection-house-riddle\/","name":"ARR Einstein Collection - House Riddle - Inspiratio","isPartOf":{"@id":"https:\/\/inspiratio.ro\/#website"},"primaryImageOfPage":{"@id":"https:\/\/inspiratio.ro\/produs\/arr-einstein-collection-house-riddle\/#primaryimage"},"image":{"@id":"https:\/\/inspiratio.ro\/produs\/arr-einstein-collection-house-riddle\/#primaryimage"},"thumbnailUrl":"https:\/\/inspiratio.ro\/wp-content\/uploads\/2023\/05\/1107-large_default.jpg","datePublished":"2023-05-05T14:35:19+00:00","dateModified":"2024-12-15T13:01:44+00:00","description":"ARR Einstein Collection - House Riddle","breadcrumb":{"@id":"https:\/\/inspiratio.ro\/produs\/arr-einstein-collection-house-riddle\/#breadcrumb"},"inLanguage":"en-US","potentialAction":[{"@type":"ReadAction","target":["https:\/\/inspiratio.ro\/produs\/arr-einstein-collection-house-riddle\/"]}]},{"@type":"ImageObject","inLanguage":"en-US","@id":"https:\/\/inspiratio.ro\/produs\/arr-einstein-collection-house-riddle\/#primaryimage","url":"https:\/\/inspiratio.ro\/wp-content\/uploads\/2023\/05\/1107-large_default.jpg","contentUrl":"https:\/\/inspiratio.ro\/wp-content\/uploads\/2023\/05\/1107-large_default.jpg","width":458,"height":458},{"@type":"BreadcrumbList","@id":"https:\/\/inspiratio.ro\/produs\/arr-einstein-collection-house-riddle\/#breadcrumb","itemListElement":[{"@type":"ListItem","position":1,"name":"Shop","item":"https:\/\/inspiratio.ro\/magazin-cadouri\/"},{"@type":"ListItem","position":2,"name":"ARR Einstein Collection &#8211; House Riddle"}]},{"@type":"WebSite","@id":"https:\/\/inspiratio.ro\/#website","url":"https:\/\/inspiratio.ro\/","name":"Inspiratio","description":"Las\u0103-te purtat de inspira\u021bie","publisher":{"@id":"https:\/\/inspiratio.ro\/#organization"},"potentialAction":[{"@type":"SearchAction","target":{"@type":"EntryPoint","urlTemplate":"https:\/\/inspiratio.ro\/?s={search_term_string}"},"query-input":{"@type":"PropertyValueSpecification","valueRequired":true,"valueName":"search_term_string"}}],"inLanguage":"en-US"},{"@type":"Organization","@id":"https:\/\/inspiratio.ro\/#organization","name":"Inspiratio","url":"https:\/\/inspiratio.ro\/","logo":{"@type":"ImageObject","inLanguage":"en-US","@id":"https:\/\/inspiratio.ro\/#\/schema\/logo\/image\/","url":"https:\/\/inspiratio.ro\/wp-content\/uploads\/2020\/06\/logo-inspiratio.png","contentUrl":"https:\/\/inspiratio.ro\/wp-content\/uploads\/2020\/06\/logo-inspiratio.png","width":232,"height":209,"caption":"Inspiratio"},"image":{"@id":"https:\/\/inspiratio.ro\/#\/schema\/logo\/image\/"},"sameAs":["https:\/\/www.facebook.com\/inspiratiogiftstudio\/","https:\/\/www.instagram.com\/inspiratio_giftstudio\/"]}]}},"brands":[],"_links":{"self":[{"href":"https:\/\/inspiratio.ro\/en\/wp-json\/wp\/v2\/product\/5446","targetHints":{"allow":["GET"]}}],"collection":[{"href":"https:\/\/inspiratio.ro\/en\/wp-json\/wp\/v2\/product"}],"about":[{"href":"https:\/\/inspiratio.ro\/en\/wp-json\/wp\/v2\/types\/product"}],"replies":[{"embeddable":true,"href":"https:\/\/inspiratio.ro\/en\/wp-json\/wp\/v2\/comments?post=5446"}],"wp:featuredmedia":[{"embeddable":true,"href":"https:\/\/inspiratio.ro\/en\/wp-json\/wp\/v2\/media\/5465"}],"wp:attachment":[{"href":"https:\/\/inspiratio.ro\/en\/wp-json\/wp\/v2\/media?parent=5446"}],"wp:term":[{"taxonomy":"pwb-brand","embeddable":true,"href":"https:\/\/inspiratio.ro\/en\/wp-json\/wp\/v2\/pwb-brand?post=5446"},{"taxonomy":"product_brand","embeddable":true,"href":"https:\/\/inspiratio.ro\/en\/wp-json\/wp\/v2\/product_brand?post=5446"},{"taxonomy":"product_cat","embeddable":true,"href":"https:\/\/inspiratio.ro\/en\/wp-json\/wp\/v2\/product_cat?post=5446"},{"taxonomy":"product_tag","embeddable":true,"href":"https:\/\/inspiratio.ro\/en\/wp-json\/wp\/v2\/product_tag?post=5446"}],"curies":[{"name":"wp","href":"https:\/\/api.w.org\/{rel}","templated":true}]}}